{"id":17058,"date":"2026-01-04T11:15:13","date_gmt":"2026-01-04T09:15:13","guid":{"rendered":"https:\/\/idakorea.ee\/?post_type=product&#038;p=17058"},"modified":"2026-04-11T16:29:56","modified_gmt":"2026-04-11T14:29:56","slug":"bioheal-boh-probioderm-3d-lifting-cream-50ml","status":"publish","type":"product","link":"https:\/\/idakorea.ee\/fi\/product\/bioheal-boh-probioderm-3d-lifting-cream-50ml\/","title":{"rendered":"Probiootteja ja peptidej\u00e4 sis\u00e4lt\u00e4v\u00e4 kohottava voide Bioheal BOH Probioderm 3D kohottava voide, 50ml"},"content":{"rendered":"<p data-start=\"67\" data-end=\"454\"><strong data-start=\"67\" data-end=\"110\">Bioheal BOH Probioderm 3D Lifting Cream<\/strong> on probiootteja ja peptidej\u00e4 sis\u00e4lt\u00e4v\u00e4 kohottava voide, joka vahvistaa solujen v\u00e4list\u00e4 matriisia ja kiinteytt\u00e4\u00e4 ihokudosta, auttaa muotoilemaan kasvojen muotoja ja lis\u00e4\u00e4m\u00e4\u00e4n ihon kiinteytt\u00e4. Auttaa torjumaan ik\u00e4\u00e4ntymisen merkkej\u00e4, silottaa ihojuonteita ja v\u00e4hent\u00e4\u00e4 ryppyjen syvyytt\u00e4. Ravitsee ihoa syv\u00e4lt\u00e4, lievitt\u00e4\u00e4 kuivuutta ja hilseily\u00e4 sek\u00e4 hidastaa ik\u00e4\u00e4ntymisprosessia.<\/p>\n<p data-start=\"456\" data-end=\"705\">Patentoitu <strong data-start=\"470\" data-end=\"497\">Core V-builder\u2122 Complex<\/strong>, joka perustuu proteoglykaaneihin, aktivoi kollageeni- ja elastiinisynteesi\u00e4, lis\u00e4\u00e4 ihon kiinteytt\u00e4 ja elastisuutta. Kiinteytt\u00e4\u00e4 ihoa ja auttaa ehk\u00e4isem\u00e4\u00e4n ihon veltostumista (ptoosia) ja miimisten ryppyjen muodostumista.<\/p>\n<p data-start=\"707\" data-end=\"731\"><strong data-start=\"707\" data-end=\"731\">T\u00e4rkeimm\u00e4t vaikuttavat aineet:<\/strong><\/p>\n<ul data-start=\"732\" data-end=\"2003\">\n<li data-start=\"732\" data-end=\"996\">\n<p data-start=\"734\" data-end=\"996\"><strong data-start=\"734\" data-end=\"749\">14 peptidi\u00e4<\/strong> \u2013 voimakas ik\u00e4\u00e4ntymist\u00e4 ehk\u00e4isev\u00e4 vaikutus: stimuloivat uudistumista, v\u00e4hent\u00e4v\u00e4t ryppyjen syvyytt\u00e4, silottavat ja kiinteytt\u00e4v\u00e4t ihoa. Peptidi, jolla on botoxin kaltainen vaikutus <strong data-start=\"913\" data-end=\"927\">argireline<\/strong> auttaa rentouttamaan kasvolihaksia, ehk\u00e4isten j\u00e4ljittelevien ryppyjen muodostumista.<\/p>\n<\/li>\n<li data-start=\"997\" data-end=\"1249\">\n<p data-start=\"999\" data-end=\"1249\"><strong data-start=\"999\" data-end=\"1014\">Probioderm\u2122<\/strong> \u2013 kolmen laktobasillien entsyymin yhdistelm\u00e4, joka tukee ihon hydrolipiditasapainoa ja vahvistaa paikallista vastustuskyky\u00e4. Aktivoi mikroverenkiertoa ja solujen uusiutumista, tasoittaa ihon s\u00e4vy\u00e4 ja antaa iholle terveen hehkun.<\/p>\n<\/li>\n<li data-start=\"1250\" data-end=\"1375\">\n<p data-start=\"1252\" data-end=\"1375\"><strong data-start=\"1252\" data-end=\"1265\">Adenos<\/strong> \u2013 stimuloi kollageenisynteesi\u00e4, lis\u00e4\u00e4 ihon kimmoisuutta ja tiheytt\u00e4 sek\u00e4 auttaa ehk\u00e4isem\u00e4\u00e4n ryppyjen muodostumista.<\/p>\n<\/li>\n<li data-start=\"1376\" data-end=\"1544\">\n<p data-start=\"1378\" data-end=\"1544\"><strong data-start=\"1378\" data-end=\"1423\">Sheavoi ja niittyvaahna\u00f6ljy<\/strong> \u2013 ravitsee, pehment\u00e4\u00e4 ja edist\u00e4\u00e4 ihon uudistumista, yll\u00e4pit\u00e4\u00e4 sileytt\u00e4 ja suojaa ulkoisilta ymp\u00e4rist\u00f6vaikutuksilta.<\/p>\n<\/li>\n<li data-start=\"1545\" data-end=\"1715\">\n<p data-start=\"1547\" data-end=\"1715\"><strong data-start=\"1547\" data-end=\"1573\">Fruktooligosakkaridit<\/strong> \u2013 auttavat yll\u00e4pit\u00e4m\u00e4\u00e4n tervett\u00e4 ihon mikrobiomia, v\u00e4hent\u00e4v\u00e4t ulkoisten \u00e4rsykkeiden vaikutusta ihoon, ehk\u00e4isev\u00e4t tulehdusta ja pit\u00e4v\u00e4t ihon sile\u00e4n\u00e4.<\/p>\n<\/li>\n<li data-start=\"1716\" data-end=\"1833\">\n<p data-start=\"1718\" data-end=\"1833\"><strong data-start=\"1718\" data-end=\"1730\">Fruktaani<\/strong> \u2013 auttaa s\u00e4ilytt\u00e4m\u00e4\u00e4n kosteutta soluissa ja yll\u00e4pit\u00e4m\u00e4\u00e4n optimaalista nesteytystasoa, sill\u00e4 on tulehdusta est\u00e4v\u00e4 vaikutus.<\/p>\n<\/li>\n<li data-start=\"1834\" data-end=\"2003\">\n<p data-start=\"1836\" data-end=\"2003\"><strong data-start=\"1836\" data-end=\"1847\">Inuliini<\/strong> \u2013 sikurin ja muiden kasvien polysakkaridi, joka toimii prebioottina est\u00e4en haitallisten bakteerien kasvua ja normalisoiden ihon mikrobiomia.<\/p>\n<\/li>\n<\/ul>\n<p data-start=\"2005\" data-end=\"2056\">Sopii kuivalle, normaalille ja sekaiholle.<\/p>\n<p data-start=\"2058\" data-end=\"2184\"><strong data-start=\"2058\" data-end=\"2073\">K\u00e4ytt\u00f6:<\/strong> Puhdistuksen, kasvoveden ja seerumin k\u00e4yt\u00f6n j\u00e4lkeen levit\u00e4 voide kasvoillesi ja levit\u00e4 tasaisesti iholle.<\/p>","protected":false},"excerpt":{"rendered":"<p>Bioheal BOH Probioderm 3D Lifting Cream on probiootteja ja peptidej\u00e4 sis\u00e4lt\u00e4v\u00e4 kohottava voide, joka vahvistaa solujen v\u00e4list\u00e4 matriisia ja kiinteytt\u00e4\u00e4 ihokudosta, auttaa muotoilemaan kasvojen muotoja ja lis\u00e4\u00e4m\u00e4\u00e4n ihon kiinteytt\u00e4. Auttaa torjumaan ik\u00e4\u00e4ntymisen merkkej\u00e4, silottaa ihojuonteita ja v\u00e4hent\u00e4\u00e4 ryppyjen syvyytt\u00e4. Ravitsee ihoa syv\u00e4lt\u00e4, lievitt\u00e4\u00e4 kuivuutta ja hilseily\u00e4 sek\u00e4 hidastaa ik\u00e4\u00e4ntymisprosessia. Patentoitu Core V-ulder\u2122 -kompleksi, joka perustuu proteoglykaaneihin, aktivoi kollageeni- ja elastiinis\u00e4ikeit\u00e4\u2026<\/p>","protected":false},"featured_media":17061,"comment_status":"open","ping_status":"closed","template":"","meta":{"_uf_show_specific_survey":0,"_uf_disable_surveys":false,"_bst_post_transparent":"default","_bst_post_title":"","_bst_post_layout":"default","_bst_post_sidebar_id":"","_bst_post_content_style":"default","_bst_post_vertical_padding":"default","_bst_post_feature":"","_bst_post_feature_position":"","_bst_post_header":false,"_bst_post_footer":false},"pwb-brand":[479],"product_brand":[],"product_cat":[92,96],"product_tag":[1049,1048,734,568],"class_list":{"0":"post-17058","1":"product","2":"type-product","3":"status-publish","4":"has-post-thumbnail","6":"pwb-brand-bioheal-boh","7":"product_cat-nagu","8":"product_cat-naokreemid","9":"product_tag-3d","10":"product_tag-bioheal","11":"product_tag-cream","12":"product_tag-korea","14":"first","15":"instock","16":"sale","17":"shipping-taxable","18":"purchasable","19":"product-type-simple","20":"entry","21":"content-bg","22":"loop-entry"},"supplier_id":null,"supplier_sku":"","barcode":null,"atum_controlled":true,"out_stock_date":null,"out_stock_threshold":null,"inheritable":false,"inbound_stock":0,"stock_on_hold":0,"sold_today":0,"sales_last_days":0,"out_stock_days":0,"lost_sales":0,"has_location":false,"update_date":"2026-04-14T00:05:13","atum_locations":[],"atum_stock_status":"instock","restock_status":false,"low_stock_amount":"","sales_update_date":"2026-04-14T00:05:13","calc_backorders":null,"yoast_head":"<!-- This site is optimized with the Yoast SEO plugin v27.2 - https:\/\/yoast.com\/product\/yoast-seo-wordpress\/ -->\n<title>Bioheal BOH Probioderm 3D Lifting Cream, 50ml - IDA.KOREA<\/title>\n<meta name=\"description\" content=\"Lifting-kreem, mis tugevdab rakkudevahelist maatriksit ja tihendab nahakudesid, aitab vormida n\u00e4okontuuri ning suurendab naha turgorit. - Kiire tarne!\" \/>\n<meta name=\"robots\" content=\"index, follow, max-snippet:-1, max-image-preview:large, max-video-preview:-1\" \/>\n<link rel=\"canonical\" href=\"https:\/\/idakorea.ee\/fi\/product\/bioheal-boh-probioderm-3d-lifting-cream-50ml\/\" \/>\n<meta property=\"og:locale\" content=\"fi_FI\" \/>\n<meta property=\"og:type\" content=\"article\" \/>\n<meta property=\"og:title\" content=\"Bioheal BOH Probioderm 3D Lifting Cream, 50ml - IDA.KOREA\" \/>\n<meta property=\"og:description\" content=\"Lifting-kreem, mis tugevdab rakkudevahelist maatriksit ja tihendab nahakudesid, aitab vormida n\u00e4okontuuri ning suurendab naha turgorit. - Kiire tarne!\" \/>\n<meta property=\"og:url\" content=\"https:\/\/idakorea.ee\/fi\/product\/bioheal-boh-probioderm-3d-lifting-cream-50ml\/\" \/>\n<meta property=\"og:site_name\" content=\"IDA.KOREA\" \/>\n<meta property=\"article:modified_time\" content=\"2026-04-11T14:29:56+00:00\" \/>\n<meta property=\"og:image\" content=\"https:\/\/idakorea.ee\/wp-content\/uploads\/2026\/01\/BIOHEAL-BOH-Probioderm-3D-Lifting-Cream-idakorea-1.jpg\" \/>\n\t<meta property=\"og:image:width\" content=\"1000\" \/>\n\t<meta property=\"og:image:height\" content=\"1000\" \/>\n\t<meta property=\"og:image:type\" content=\"image\/jpeg\" \/>\n<meta name=\"twitter:card\" content=\"summary_large_image\" \/>\n<meta name=\"twitter:label1\" content=\"Arvioitu lukuaika\" \/>\n\t<meta name=\"twitter:data1\" content=\"2 minuuttia\" \/>\n<script type=\"application\/ld+json\" class=\"yoast-schema-graph\">{\"@context\":\"https:\/\/schema.org\",\"@graph\":[{\"@type\":\"WebPage\",\"@id\":\"https:\/\/idakorea.ee\/product\/bioheal-boh-probioderm-3d-lifting-cream-50ml\/\",\"url\":\"https:\/\/idakorea.ee\/product\/bioheal-boh-probioderm-3d-lifting-cream-50ml\/\",\"name\":\"Bioheal BOH Probioderm 3D Lifting Cream, 50ml - IDA.KOREA\",\"isPartOf\":{\"@id\":\"https:\/\/idakorea.ee\/#website\"},\"primaryImageOfPage\":{\"@id\":\"https:\/\/idakorea.ee\/product\/bioheal-boh-probioderm-3d-lifting-cream-50ml\/#primaryimage\"},\"image\":{\"@id\":\"https:\/\/idakorea.ee\/product\/bioheal-boh-probioderm-3d-lifting-cream-50ml\/#primaryimage\"},\"thumbnailUrl\":\"https:\/\/idakorea.ee\/wp-content\/uploads\/2026\/01\/BIOHEAL-BOH-Probioderm-3D-Lifting-Cream-idakorea-1.jpg\",\"datePublished\":\"2026-01-04T09:15:13+00:00\",\"dateModified\":\"2026-04-11T14:29:56+00:00\",\"description\":\"Lifting-kreem, mis tugevdab rakkudevahelist maatriksit ja tihendab nahakudesid, aitab vormida n\u00e4okontuuri ning suurendab naha turgorit. - Kiire tarne!\",\"breadcrumb\":{\"@id\":\"https:\/\/idakorea.ee\/product\/bioheal-boh-probioderm-3d-lifting-cream-50ml\/#breadcrumb\"},\"inLanguage\":\"fi\",\"potentialAction\":[{\"@type\":\"ReadAction\",\"target\":[\"https:\/\/idakorea.ee\/product\/bioheal-boh-probioderm-3d-lifting-cream-50ml\/\"]}]},{\"@type\":\"ImageObject\",\"inLanguage\":\"fi\",\"@id\":\"https:\/\/idakorea.ee\/product\/bioheal-boh-probioderm-3d-lifting-cream-50ml\/#primaryimage\",\"url\":\"https:\/\/idakorea.ee\/wp-content\/uploads\/2026\/01\/BIOHEAL-BOH-Probioderm-3D-Lifting-Cream-idakorea-1.jpg\",\"contentUrl\":\"https:\/\/idakorea.ee\/wp-content\/uploads\/2026\/01\/BIOHEAL-BOH-Probioderm-3D-Lifting-Cream-idakorea-1.jpg\",\"width\":1000,\"height\":1000},{\"@type\":\"BreadcrumbList\",\"@id\":\"https:\/\/idakorea.ee\/product\/bioheal-boh-probioderm-3d-lifting-cream-50ml\/#breadcrumb\",\"itemListElement\":[{\"@type\":\"ListItem\",\"position\":1,\"name\":\"\u0413\u043b\u0430\u0432\u043d\u0430\u044f \u0441\u0442\u0440\u0430\u043d\u0438\u0446\u0430\",\"item\":\"https:\/\/idakorea.ee\/\"},{\"@type\":\"ListItem\",\"position\":2,\"name\":\"Shop\",\"item\":\"https:\/\/idakorea.ee\/shop-2\/\"},{\"@type\":\"ListItem\",\"position\":3,\"name\":\"Lifting-kreem probiootikumide ja peptiididega Bioheal BOH Probioderm 3D Lifting Cream, 50ml\"}]},{\"@type\":\"WebSite\",\"@id\":\"https:\/\/idakorea.ee\/#website\",\"url\":\"https:\/\/idakorea.ee\/\",\"name\":\"IDA.KOREA\",\"description\":\"Korea kosmeetika e-pood\",\"publisher\":{\"@id\":\"https:\/\/idakorea.ee\/#organization\"},\"alternateName\":\"Beauty Shop\",\"potentialAction\":[{\"@type\":\"SearchAction\",\"target\":{\"@type\":\"EntryPoint\",\"urlTemplate\":\"https:\/\/idakorea.ee\/?s={search_term_string}\"},\"query-input\":{\"@type\":\"PropertyValueSpecification\",\"valueRequired\":true,\"valueName\":\"search_term_string\"}}],\"inLanguage\":\"fi\"},{\"@type\":\"Organization\",\"@id\":\"https:\/\/idakorea.ee\/#organization\",\"name\":\"IDA.KOREA\",\"url\":\"https:\/\/idakorea.ee\/\",\"logo\":{\"@type\":\"ImageObject\",\"inLanguage\":\"fi\",\"@id\":\"https:\/\/idakorea.ee\/#\/schema\/logo\/image\/\",\"url\":\"https:\/\/idakorea.ee\/wp-content\/uploads\/2024\/05\/cropped-korea3.png\",\"contentUrl\":\"https:\/\/idakorea.ee\/wp-content\/uploads\/2024\/05\/cropped-korea3.png\",\"width\":688,\"height\":126,\"caption\":\"IDA.KOREA\"},\"image\":{\"@id\":\"https:\/\/idakorea.ee\/#\/schema\/logo\/image\/\"},\"sameAs\":[\"https:\/\/www.instagram.com\/ida.korea\/\"]}]}<\/script>\n<!-- \/ Yoast SEO plugin. -->","yoast_head_json":{"title":"Bioheal BOH Probioderm 3D Lifting Cream, 50ml - IDA.KOREA","description":"Kiinteytt\u00e4v\u00e4 voide, joka vahvistaa solujen v\u00e4list\u00e4 matriisia ja kiinteytt\u00e4\u00e4 ihokudoksia, auttaa muotoilemaan kasvojen muotoja ja lis\u00e4\u00e4 ihon turgoria. - Nopea toimitus!","robots":{"index":"index","follow":"follow","max-snippet":"max-snippet:-1","max-image-preview":"max-image-preview:large","max-video-preview":"max-video-preview:-1"},"canonical":"https:\/\/idakorea.ee\/fi\/product\/bioheal-boh-probioderm-3d-lifting-cream-50ml\/","og_locale":"fi_FI","og_type":"article","og_title":"Bioheal BOH Probioderm 3D Lifting Cream, 50ml - IDA.KOREA","og_description":"Lifting-kreem, mis tugevdab rakkudevahelist maatriksit ja tihendab nahakudesid, aitab vormida n\u00e4okontuuri ning suurendab naha turgorit. - Kiire tarne!","og_url":"https:\/\/idakorea.ee\/fi\/product\/bioheal-boh-probioderm-3d-lifting-cream-50ml\/","og_site_name":"IDA.KOREA","article_modified_time":"2026-04-11T14:29:56+00:00","og_image":[{"width":1000,"height":1000,"url":"https:\/\/idakorea.ee\/wp-content\/uploads\/2026\/01\/BIOHEAL-BOH-Probioderm-3D-Lifting-Cream-idakorea-1.jpg","type":"image\/jpeg"}],"twitter_card":"summary_large_image","twitter_misc":{"Arvioitu lukuaika":"2 minuuttia"},"schema":{"@context":"https:\/\/schema.org","@graph":[{"@type":"WebPage","@id":"https:\/\/idakorea.ee\/product\/bioheal-boh-probioderm-3d-lifting-cream-50ml\/","url":"https:\/\/idakorea.ee\/product\/bioheal-boh-probioderm-3d-lifting-cream-50ml\/","name":"Bioheal BOH Probioderm 3D Lifting Cream, 50ml - IDA.KOREA","isPartOf":{"@id":"https:\/\/idakorea.ee\/#website"},"primaryImageOfPage":{"@id":"https:\/\/idakorea.ee\/product\/bioheal-boh-probioderm-3d-lifting-cream-50ml\/#primaryimage"},"image":{"@id":"https:\/\/idakorea.ee\/product\/bioheal-boh-probioderm-3d-lifting-cream-50ml\/#primaryimage"},"thumbnailUrl":"https:\/\/idakorea.ee\/wp-content\/uploads\/2026\/01\/BIOHEAL-BOH-Probioderm-3D-Lifting-Cream-idakorea-1.jpg","datePublished":"2026-01-04T09:15:13+00:00","dateModified":"2026-04-11T14:29:56+00:00","description":"Kiinteytt\u00e4v\u00e4 voide, joka vahvistaa solujen v\u00e4list\u00e4 matriisia ja kiinteytt\u00e4\u00e4 ihokudoksia, auttaa muotoilemaan kasvojen muotoja ja lis\u00e4\u00e4 ihon turgoria. - Nopea toimitus!","breadcrumb":{"@id":"https:\/\/idakorea.ee\/product\/bioheal-boh-probioderm-3d-lifting-cream-50ml\/#breadcrumb"},"inLanguage":"fi","potentialAction":[{"@type":"ReadAction","target":["https:\/\/idakorea.ee\/product\/bioheal-boh-probioderm-3d-lifting-cream-50ml\/"]}]},{"@type":"ImageObject","inLanguage":"fi","@id":"https:\/\/idakorea.ee\/product\/bioheal-boh-probioderm-3d-lifting-cream-50ml\/#primaryimage","url":"https:\/\/idakorea.ee\/wp-content\/uploads\/2026\/01\/BIOHEAL-BOH-Probioderm-3D-Lifting-Cream-idakorea-1.jpg","contentUrl":"https:\/\/idakorea.ee\/wp-content\/uploads\/2026\/01\/BIOHEAL-BOH-Probioderm-3D-Lifting-Cream-idakorea-1.jpg","width":1000,"height":1000},{"@type":"BreadcrumbList","@id":"https:\/\/idakorea.ee\/product\/bioheal-boh-probioderm-3d-lifting-cream-50ml\/#breadcrumb","itemListElement":[{"@type":"ListItem","position":1,"name":"\u0413\u043b\u0430\u0432\u043d\u0430\u044f \u0441\u0442\u0440\u0430\u043d\u0438\u0446\u0430","item":"https:\/\/idakorea.ee\/"},{"@type":"ListItem","position":2,"name":"Shop","item":"https:\/\/idakorea.ee\/shop-2\/"},{"@type":"ListItem","position":3,"name":"Lifting-kreem probiootikumide ja peptiididega Bioheal BOH Probioderm 3D Lifting Cream, 50ml"}]},{"@type":"WebSite","@id":"https:\/\/idakorea.ee\/#website","url":"https:\/\/idakorea.ee\/","name":"IDA.KOREA","description":"Korean kosmetiikan verkkokauppa","publisher":{"@id":"https:\/\/idakorea.ee\/#organization"},"alternateName":"Beauty Shop","potentialAction":[{"@type":"SearchAction","target":{"@type":"EntryPoint","urlTemplate":"https:\/\/idakorea.ee\/?s={search_term_string}"},"query-input":{"@type":"PropertyValueSpecification","valueRequired":true,"valueName":"search_term_string"}}],"inLanguage":"fi"},{"@type":"Organization","@id":"https:\/\/idakorea.ee\/#organization","name":"IDA.KOREA","url":"https:\/\/idakorea.ee\/","logo":{"@type":"ImageObject","inLanguage":"fi","@id":"https:\/\/idakorea.ee\/#\/schema\/logo\/image\/","url":"https:\/\/idakorea.ee\/wp-content\/uploads\/2024\/05\/cropped-korea3.png","contentUrl":"https:\/\/idakorea.ee\/wp-content\/uploads\/2024\/05\/cropped-korea3.png","width":688,"height":126,"caption":"IDA.KOREA"},"image":{"@id":"https:\/\/idakorea.ee\/#\/schema\/logo\/image\/"},"sameAs":["https:\/\/www.instagram.com\/ida.korea\/"]}]}},"jetpack_sharing_enabled":true,"brands":[{"id":479,"name":"BIOHEAL BOH","slug":"bioheal-boh"}],"_links":{"self":[{"href":"https:\/\/idakorea.ee\/fi\/wp-json\/wp\/v2\/product\/17058","targetHints":{"allow":["GET"]}}],"collection":[{"href":"https:\/\/idakorea.ee\/fi\/wp-json\/wp\/v2\/product"}],"about":[{"href":"https:\/\/idakorea.ee\/fi\/wp-json\/wp\/v2\/types\/product"}],"replies":[{"embeddable":true,"href":"https:\/\/idakorea.ee\/fi\/wp-json\/wp\/v2\/comments?post=17058"}],"version-history":[{"count":1,"href":"https:\/\/idakorea.ee\/fi\/wp-json\/wp\/v2\/product\/17058\/revisions"}],"predecessor-version":[{"id":17062,"href":"https:\/\/idakorea.ee\/fi\/wp-json\/wp\/v2\/product\/17058\/revisions\/17062"}],"wp:featuredmedia":[{"embeddable":true,"href":"https:\/\/idakorea.ee\/fi\/wp-json\/wp\/v2\/media\/17061"}],"wp:attachment":[{"href":"https:\/\/idakorea.ee\/fi\/wp-json\/wp\/v2\/media?parent=17058"}],"wp:term":[{"taxonomy":"pwb-brand","embeddable":true,"href":"https:\/\/idakorea.ee\/fi\/wp-json\/wp\/v2\/pwb-brand?post=17058"},{"taxonomy":"product_brand","embeddable":true,"href":"https:\/\/idakorea.ee\/fi\/wp-json\/wp\/v2\/product_brand?post=17058"},{"taxonomy":"product_cat","embeddable":true,"href":"https:\/\/idakorea.ee\/fi\/wp-json\/wp\/v2\/product_cat?post=17058"},{"taxonomy":"product_tag","embeddable":true,"href":"https:\/\/idakorea.ee\/fi\/wp-json\/wp\/v2\/product_tag?post=17058"}],"curies":[{"name":"wp","href":"https:\/\/api.w.org\/{rel}","templated":true}]}}