{"id":17063,"date":"2026-01-04T11:27:30","date_gmt":"2026-01-04T09:27:30","guid":{"rendered":"https:\/\/idakorea.ee\/?post_type=product&#038;p=17063"},"modified":"2026-04-03T11:03:36","modified_gmt":"2026-04-03T09:03:36","slug":"dr-althea-aqua-marine-watery-cream-50ml","status":"publish","type":"product","link":"https:\/\/idakorea.ee\/fi\/product\/dr-althea-aqua-marine-watery-cream-50ml\/","title":{"rendered":"Kosteuttava voide, jossa on PDRN Dr. Althea Aqua Marine -vesivoidetta, 50ml"},"content":{"rendered":"<p data-start=\"67\" data-end=\"414\"><strong data-start=\"67\" data-end=\"106\">Dr. Althea Aqua Marine Watery Cream<\/strong> on PDRN:\u00e4\u00e4 ja bambua sis\u00e4lt\u00e4v\u00e4 kosteusvoide, joka kosteuttaa ihoa syv\u00e4lt\u00e4, lievitt\u00e4\u00e4 hilseily\u00e4 ja kireytt\u00e4 sek\u00e4 auttaa ehk\u00e4isem\u00e4\u00e4n kuivumista. Sill\u00e4 on rauhoittava vaikutus ja se edist\u00e4\u00e4 tulehduksen paranemista, v\u00e4hent\u00e4\u00e4 punoitusta ja kutinaa. Se normalisoi ihon hydrolipiditasapainoa ja auttaa v\u00e4hent\u00e4m\u00e4\u00e4n turvotusta.<\/p>\n<p data-start=\"416\" data-end=\"595\">Tuotepohja on <strong data-start=\"430\" data-end=\"454\">70% bambuhydrolaatti<\/strong>, joka on runsaasti aminohappoja. Se vahvistaa kapillaarien sein\u00e4mi\u00e4, v\u00e4hent\u00e4\u00e4 verisuoniverkoston n\u00e4kyvyytt\u00e4 ja alentaa kudosten l\u00e4p\u00e4isevyytt\u00e4.<\/p>\n<p data-start=\"597\" data-end=\"678\">Voiteella on kevyt koostumus, se imeytyy nopeasti eik\u00e4 j\u00e4t\u00e4 iholle tahmeaa tunnetta.<\/p>\n<p data-start=\"680\" data-end=\"706\"><strong data-start=\"680\" data-end=\"706\">Muita vaikuttavia aineita:<\/strong><\/p>\n<ul data-start=\"707\" data-end=\"1889\">\n<li data-start=\"707\" data-end=\"975\">\n<p data-start=\"709\" data-end=\"975\"><strong data-start=\"709\" data-end=\"730\">PDRN (natrium-DNA)<\/strong> \u2013 aasialaisen vesinavan uutteesta johdettu polynukleotidi. K\u00e4ynnist\u00e4\u00e4 uusien kollageeni- ja elastiinikuitujen synteesi\u00e4 ja auttaa korjaamaan ennenaikaisen ik\u00e4\u00e4ntymisen, liiallisen UV-s\u00e4teilyn ja ymp\u00e4rist\u00f6tekij\u00f6iden aiheuttamia ihovaurioita.<\/p>\n<\/li>\n<li data-start=\"976\" data-end=\"1148\">\n<p data-start=\"978\" data-end=\"1148\"><strong data-start=\"978\" data-end=\"993\">Guajazuleeni<\/strong> \u2013 saadaan kamomillan kukista; sill\u00e4 on tulehdusta est\u00e4vi\u00e4 vaikutuksia, se v\u00e4hent\u00e4\u00e4 aknen riski\u00e4, tarjoaa antioksidanttisuojaa ja vahvistaa ihon paikallista vastustuskyky\u00e4.<\/p>\n<\/li>\n<li data-start=\"1149\" data-end=\"1300\">\n<p data-start=\"1151\" data-end=\"1300\"><strong data-start=\"1151\" data-end=\"1190\">Pantenoli (B5-vitamiini, 10 000 ppm)<\/strong> \u2013 lievitt\u00e4\u00e4 punoitusta ja kutinaa, vahvistaa hydrolipidisuojaa ja auttaa est\u00e4m\u00e4\u00e4n kosteuden haihtumista.<\/p>\n<\/li>\n<li data-start=\"1301\" data-end=\"1541\">\n<p data-start=\"1303\" data-end=\"1541\"><strong data-start=\"1303\" data-end=\"1347\">13 eri molekyylipainoista hyaluronihappoa<\/strong> \u2013 Suurimolekyylipainoiset muodot palauttavat ihon suojakerroksen, nopeuttavat paranemista ja v\u00e4hent\u00e4v\u00e4t hilseily\u00e4; pienimolekyylipainoiset muodot tunkeutuvat syvemm\u00e4lle ja auttavat ehk\u00e4isem\u00e4\u00e4n kuivumista.<\/p>\n<\/li>\n<li data-start=\"1542\" data-end=\"1688\">\n<p data-start=\"1544\" data-end=\"1688\"><strong data-start=\"1544\" data-end=\"1570\">Sinisen agaaven uute<\/strong> \u2013 vahvistaa ihon suojamuuria, parantaa solujen aineenvaihduntaa, lis\u00e4\u00e4 kimmoisuutta ja auttaa v\u00e4hent\u00e4m\u00e4\u00e4n turvotusta.<\/p>\n<\/li>\n<li data-start=\"1689\" data-end=\"1889\">\n<p data-start=\"1691\" data-end=\"1889\"><strong data-start=\"1691\" data-end=\"1718\">Meriryp\u00e4leuute<\/strong> \u2013 runsaasti vitamiineja, mineraaleja ja aminohappoja; auttaa yll\u00e4pit\u00e4m\u00e4\u00e4n optimaalisia kosteustasoja, kiinteytt\u00e4\u00e4 ja vahvistaa ihoa sek\u00e4 stimuloi kollageenikuitujen synteesi\u00e4.<\/p>\n<\/li>\n<\/ul>\n<p data-start=\"1891\" data-end=\"1921\">Sopii kaikille ihotyypeille.<\/p>\n<p data-start=\"1923\" data-end=\"2049\"><strong data-start=\"1923\" data-end=\"1938\">K\u00e4ytt\u00f6:<\/strong> Puhdistuksen, kasvoveden ja seerumin k\u00e4yt\u00f6n j\u00e4lkeen levit\u00e4 voide kasvoillesi ja levit\u00e4 tasaisesti iholle.<\/p>","protected":false},"excerpt":{"rendered":"<p>Dr. Althea Aqua Marine Watery Cream on kosteuttava voide, joka sis\u00e4lt\u00e4\u00e4 PDRN:\u00e4\u00e4 ja bambua. Se kosteuttaa ihoa syv\u00e4lt\u00e4, lievitt\u00e4\u00e4 hilseily\u00e4 ja kireytt\u00e4 sek\u00e4 auttaa ehk\u00e4isem\u00e4\u00e4n kuivumista. Sill\u00e4 on rauhoittava vaikutus ja se edist\u00e4\u00e4 tulehduksen paranemista, v\u00e4hent\u00e4\u00e4 punoitusta ja kutinaa. Normalisoi ihon hydrolipiditasapainoa ja auttaa v\u00e4hent\u00e4m\u00e4\u00e4n turvotusta. Tuote perustuu 70%-bambuhydrolaattiin, joka on runsas aminohappokoostumus. Se\u2026<\/p>","protected":false},"featured_media":17066,"comment_status":"open","ping_status":"closed","template":"","meta":{"_uf_show_specific_survey":0,"_uf_disable_surveys":false,"_bst_post_transparent":"default","_bst_post_title":"","_bst_post_layout":"default","_bst_post_sidebar_id":"","_bst_post_content_style":"default","_bst_post_vertical_padding":"default","_bst_post_feature":"","_bst_post_feature_position":"","_bst_post_header":false,"_bst_post_footer":false},"pwb-brand":[480],"product_brand":[],"product_cat":[92,96],"product_tag":[734,568,789],"class_list":{"0":"post-17063","1":"product","2":"type-product","3":"status-publish","4":"has-post-thumbnail","6":"pwb-brand-dr-althea","7":"product_cat-nagu","8":"product_cat-naokreemid","9":"product_tag-cream","10":"product_tag-korea","11":"product_tag-pdrn","13":"first","14":"instock","15":"sale","16":"shipping-taxable","17":"purchasable","18":"product-type-simple","19":"entry","20":"content-bg","21":"loop-entry"},"supplier_id":null,"supplier_sku":"","barcode":null,"atum_controlled":true,"out_stock_date":null,"out_stock_threshold":null,"inheritable":false,"inbound_stock":0,"stock_on_hold":0,"sold_today":0,"sales_last_days":1,"out_stock_days":0,"lost_sales":0,"has_location":false,"update_date":"2026-04-14T00:05:11","atum_locations":[],"atum_stock_status":"instock","restock_status":false,"low_stock_amount":"","sales_update_date":"2026-04-14T00:05:11","calc_backorders":null,"yoast_head":"<!-- This site is optimized with the Yoast SEO plugin v27.2 - https:\/\/yoast.com\/product\/yoast-seo-wordpress\/ -->\n<title>Dr. Althea Aqua Marine Watery Cream, 50ml - IDA.KOREA<\/title>\n<meta name=\"description\" content=\"PDRN-i ja bambusega niisutav kreem, mis niisutab nahka s\u00fcgavuti, leevendab ketendust ja pinguloleku tunnet ning aitab ennetada deh\u00fcdratsiooni.\" \/>\n<meta name=\"robots\" content=\"index, follow, max-snippet:-1, max-image-preview:large, max-video-preview:-1\" \/>\n<link rel=\"canonical\" href=\"https:\/\/idakorea.ee\/fi\/product\/dr-althea-aqua-marine-watery-cream-50ml\/\" \/>\n<meta property=\"og:locale\" content=\"fi_FI\" \/>\n<meta property=\"og:type\" content=\"article\" \/>\n<meta property=\"og:title\" content=\"Dr. Althea Aqua Marine Watery Cream, 50ml - IDA.KOREA\" \/>\n<meta property=\"og:description\" content=\"PDRN-i ja bambusega niisutav kreem, mis niisutab nahka s\u00fcgavuti, leevendab ketendust ja pinguloleku tunnet ning aitab ennetada deh\u00fcdratsiooni.\" \/>\n<meta property=\"og:url\" content=\"https:\/\/idakorea.ee\/fi\/product\/dr-althea-aqua-marine-watery-cream-50ml\/\" \/>\n<meta property=\"og:site_name\" content=\"IDA.KOREA\" \/>\n<meta property=\"article:modified_time\" content=\"2026-04-03T09:03:36+00:00\" \/>\n<meta property=\"og:image\" content=\"https:\/\/idakorea.ee\/wp-content\/uploads\/2026\/01\/Dr.AltheaAquaMarineWateryCream-idakorea.webp\" \/>\n\t<meta property=\"og:image:width\" content=\"1200\" \/>\n\t<meta property=\"og:image:height\" content=\"1200\" \/>\n\t<meta property=\"og:image:type\" content=\"image\/webp\" \/>\n<meta name=\"twitter:card\" content=\"summary_large_image\" \/>\n<meta name=\"twitter:label1\" content=\"Arvioitu lukuaika\" \/>\n\t<meta name=\"twitter:data1\" content=\"2 minuuttia\" \/>\n<script type=\"application\/ld+json\" class=\"yoast-schema-graph\">{\"@context\":\"https:\/\/schema.org\",\"@graph\":[{\"@type\":\"WebPage\",\"@id\":\"https:\/\/idakorea.ee\/product\/dr-althea-aqua-marine-watery-cream-50ml\/\",\"url\":\"https:\/\/idakorea.ee\/product\/dr-althea-aqua-marine-watery-cream-50ml\/\",\"name\":\"Dr. Althea Aqua Marine Watery Cream, 50ml - IDA.KOREA\",\"isPartOf\":{\"@id\":\"https:\/\/idakorea.ee\/#website\"},\"primaryImageOfPage\":{\"@id\":\"https:\/\/idakorea.ee\/product\/dr-althea-aqua-marine-watery-cream-50ml\/#primaryimage\"},\"image\":{\"@id\":\"https:\/\/idakorea.ee\/product\/dr-althea-aqua-marine-watery-cream-50ml\/#primaryimage\"},\"thumbnailUrl\":\"https:\/\/idakorea.ee\/wp-content\/uploads\/2026\/01\/Dr.AltheaAquaMarineWateryCream-idakorea.webp\",\"datePublished\":\"2026-01-04T09:27:30+00:00\",\"dateModified\":\"2026-04-03T09:03:36+00:00\",\"description\":\"PDRN-i ja bambusega niisutav kreem, mis niisutab nahka s\u00fcgavuti, leevendab ketendust ja pinguloleku tunnet ning aitab ennetada deh\u00fcdratsiooni.\",\"breadcrumb\":{\"@id\":\"https:\/\/idakorea.ee\/product\/dr-althea-aqua-marine-watery-cream-50ml\/#breadcrumb\"},\"inLanguage\":\"fi\",\"potentialAction\":[{\"@type\":\"ReadAction\",\"target\":[\"https:\/\/idakorea.ee\/product\/dr-althea-aqua-marine-watery-cream-50ml\/\"]}]},{\"@type\":\"ImageObject\",\"inLanguage\":\"fi\",\"@id\":\"https:\/\/idakorea.ee\/product\/dr-althea-aqua-marine-watery-cream-50ml\/#primaryimage\",\"url\":\"https:\/\/idakorea.ee\/wp-content\/uploads\/2026\/01\/Dr.AltheaAquaMarineWateryCream-idakorea.webp\",\"contentUrl\":\"https:\/\/idakorea.ee\/wp-content\/uploads\/2026\/01\/Dr.AltheaAquaMarineWateryCream-idakorea.webp\",\"width\":1200,\"height\":1200},{\"@type\":\"BreadcrumbList\",\"@id\":\"https:\/\/idakorea.ee\/product\/dr-althea-aqua-marine-watery-cream-50ml\/#breadcrumb\",\"itemListElement\":[{\"@type\":\"ListItem\",\"position\":1,\"name\":\"\u0413\u043b\u0430\u0432\u043d\u0430\u044f \u0441\u0442\u0440\u0430\u043d\u0438\u0446\u0430\",\"item\":\"https:\/\/idakorea.ee\/\"},{\"@type\":\"ListItem\",\"position\":2,\"name\":\"Shop\",\"item\":\"https:\/\/idakorea.ee\/shop-2\/\"},{\"@type\":\"ListItem\",\"position\":3,\"name\":\"Niisutav kreem PDRN-ga Dr. Althea Aqua Marine Watery Cream, 50ml\"}]},{\"@type\":\"WebSite\",\"@id\":\"https:\/\/idakorea.ee\/#website\",\"url\":\"https:\/\/idakorea.ee\/\",\"name\":\"IDA.KOREA\",\"description\":\"Korea kosmeetika e-pood\",\"publisher\":{\"@id\":\"https:\/\/idakorea.ee\/#organization\"},\"alternateName\":\"Beauty Shop\",\"potentialAction\":[{\"@type\":\"SearchAction\",\"target\":{\"@type\":\"EntryPoint\",\"urlTemplate\":\"https:\/\/idakorea.ee\/?s={search_term_string}\"},\"query-input\":{\"@type\":\"PropertyValueSpecification\",\"valueRequired\":true,\"valueName\":\"search_term_string\"}}],\"inLanguage\":\"fi\"},{\"@type\":\"Organization\",\"@id\":\"https:\/\/idakorea.ee\/#organization\",\"name\":\"IDA.KOREA\",\"url\":\"https:\/\/idakorea.ee\/\",\"logo\":{\"@type\":\"ImageObject\",\"inLanguage\":\"fi\",\"@id\":\"https:\/\/idakorea.ee\/#\/schema\/logo\/image\/\",\"url\":\"https:\/\/idakorea.ee\/wp-content\/uploads\/2024\/05\/cropped-korea3.png\",\"contentUrl\":\"https:\/\/idakorea.ee\/wp-content\/uploads\/2024\/05\/cropped-korea3.png\",\"width\":688,\"height\":126,\"caption\":\"IDA.KOREA\"},\"image\":{\"@id\":\"https:\/\/idakorea.ee\/#\/schema\/logo\/image\/\"},\"sameAs\":[\"https:\/\/www.instagram.com\/ida.korea\/\"]}]}<\/script>\n<!-- \/ Yoast SEO plugin. -->","yoast_head_json":{"title":"Dr. Althea Aqua Marine -vesivoide, 50ml - IDA.KOREA","description":"PDRN:\u00e4\u00e4 ja bambua sis\u00e4lt\u00e4v\u00e4 kosteusvoide, joka kosteuttaa ihoa syv\u00e4lt\u00e4, lievitt\u00e4\u00e4 hilseily\u00e4 ja kireytt\u00e4 sek\u00e4 auttaa ehk\u00e4isem\u00e4\u00e4n kuivumista.","robots":{"index":"index","follow":"follow","max-snippet":"max-snippet:-1","max-image-preview":"max-image-preview:large","max-video-preview":"max-video-preview:-1"},"canonical":"https:\/\/idakorea.ee\/fi\/product\/dr-althea-aqua-marine-watery-cream-50ml\/","og_locale":"fi_FI","og_type":"article","og_title":"Dr. Althea Aqua Marine Watery Cream, 50ml - IDA.KOREA","og_description":"PDRN-i ja bambusega niisutav kreem, mis niisutab nahka s\u00fcgavuti, leevendab ketendust ja pinguloleku tunnet ning aitab ennetada deh\u00fcdratsiooni.","og_url":"https:\/\/idakorea.ee\/fi\/product\/dr-althea-aqua-marine-watery-cream-50ml\/","og_site_name":"IDA.KOREA","article_modified_time":"2026-04-03T09:03:36+00:00","og_image":[{"width":1200,"height":1200,"url":"https:\/\/idakorea.ee\/wp-content\/uploads\/2026\/01\/Dr.AltheaAquaMarineWateryCream-idakorea.webp","type":"image\/webp"}],"twitter_card":"summary_large_image","twitter_misc":{"Arvioitu lukuaika":"2 minuuttia"},"schema":{"@context":"https:\/\/schema.org","@graph":[{"@type":"WebPage","@id":"https:\/\/idakorea.ee\/product\/dr-althea-aqua-marine-watery-cream-50ml\/","url":"https:\/\/idakorea.ee\/product\/dr-althea-aqua-marine-watery-cream-50ml\/","name":"Dr. Althea Aqua Marine -vesivoide, 50ml - IDA.KOREA","isPartOf":{"@id":"https:\/\/idakorea.ee\/#website"},"primaryImageOfPage":{"@id":"https:\/\/idakorea.ee\/product\/dr-althea-aqua-marine-watery-cream-50ml\/#primaryimage"},"image":{"@id":"https:\/\/idakorea.ee\/product\/dr-althea-aqua-marine-watery-cream-50ml\/#primaryimage"},"thumbnailUrl":"https:\/\/idakorea.ee\/wp-content\/uploads\/2026\/01\/Dr.AltheaAquaMarineWateryCream-idakorea.webp","datePublished":"2026-01-04T09:27:30+00:00","dateModified":"2026-04-03T09:03:36+00:00","description":"PDRN:\u00e4\u00e4 ja bambua sis\u00e4lt\u00e4v\u00e4 kosteusvoide, joka kosteuttaa ihoa syv\u00e4lt\u00e4, lievitt\u00e4\u00e4 hilseily\u00e4 ja kireytt\u00e4 sek\u00e4 auttaa ehk\u00e4isem\u00e4\u00e4n kuivumista.","breadcrumb":{"@id":"https:\/\/idakorea.ee\/product\/dr-althea-aqua-marine-watery-cream-50ml\/#breadcrumb"},"inLanguage":"fi","potentialAction":[{"@type":"ReadAction","target":["https:\/\/idakorea.ee\/product\/dr-althea-aqua-marine-watery-cream-50ml\/"]}]},{"@type":"ImageObject","inLanguage":"fi","@id":"https:\/\/idakorea.ee\/product\/dr-althea-aqua-marine-watery-cream-50ml\/#primaryimage","url":"https:\/\/idakorea.ee\/wp-content\/uploads\/2026\/01\/Dr.AltheaAquaMarineWateryCream-idakorea.webp","contentUrl":"https:\/\/idakorea.ee\/wp-content\/uploads\/2026\/01\/Dr.AltheaAquaMarineWateryCream-idakorea.webp","width":1200,"height":1200},{"@type":"BreadcrumbList","@id":"https:\/\/idakorea.ee\/product\/dr-althea-aqua-marine-watery-cream-50ml\/#breadcrumb","itemListElement":[{"@type":"ListItem","position":1,"name":"\u0413\u043b\u0430\u0432\u043d\u0430\u044f \u0441\u0442\u0440\u0430\u043d\u0438\u0446\u0430","item":"https:\/\/idakorea.ee\/"},{"@type":"ListItem","position":2,"name":"Shop","item":"https:\/\/idakorea.ee\/shop-2\/"},{"@type":"ListItem","position":3,"name":"Niisutav kreem PDRN-ga Dr. Althea Aqua Marine Watery Cream, 50ml"}]},{"@type":"WebSite","@id":"https:\/\/idakorea.ee\/#website","url":"https:\/\/idakorea.ee\/","name":"IDA.KOREA","description":"Korean kosmetiikan verkkokauppa","publisher":{"@id":"https:\/\/idakorea.ee\/#organization"},"alternateName":"Beauty Shop","potentialAction":[{"@type":"SearchAction","target":{"@type":"EntryPoint","urlTemplate":"https:\/\/idakorea.ee\/?s={search_term_string}"},"query-input":{"@type":"PropertyValueSpecification","valueRequired":true,"valueName":"search_term_string"}}],"inLanguage":"fi"},{"@type":"Organization","@id":"https:\/\/idakorea.ee\/#organization","name":"IDA.KOREA","url":"https:\/\/idakorea.ee\/","logo":{"@type":"ImageObject","inLanguage":"fi","@id":"https:\/\/idakorea.ee\/#\/schema\/logo\/image\/","url":"https:\/\/idakorea.ee\/wp-content\/uploads\/2024\/05\/cropped-korea3.png","contentUrl":"https:\/\/idakorea.ee\/wp-content\/uploads\/2024\/05\/cropped-korea3.png","width":688,"height":126,"caption":"IDA.KOREA"},"image":{"@id":"https:\/\/idakorea.ee\/#\/schema\/logo\/image\/"},"sameAs":["https:\/\/www.instagram.com\/ida.korea\/"]}]}},"jetpack_sharing_enabled":true,"brands":[{"id":480,"name":"DR.ALTHEA","slug":"dr-althea"}],"_links":{"self":[{"href":"https:\/\/idakorea.ee\/fi\/wp-json\/wp\/v2\/product\/17063","targetHints":{"allow":["GET"]}}],"collection":[{"href":"https:\/\/idakorea.ee\/fi\/wp-json\/wp\/v2\/product"}],"about":[{"href":"https:\/\/idakorea.ee\/fi\/wp-json\/wp\/v2\/types\/product"}],"replies":[{"embeddable":true,"href":"https:\/\/idakorea.ee\/fi\/wp-json\/wp\/v2\/comments?post=17063"}],"version-history":[{"count":2,"href":"https:\/\/idakorea.ee\/fi\/wp-json\/wp\/v2\/product\/17063\/revisions"}],"predecessor-version":[{"id":17451,"href":"https:\/\/idakorea.ee\/fi\/wp-json\/wp\/v2\/product\/17063\/revisions\/17451"}],"wp:featuredmedia":[{"embeddable":true,"href":"https:\/\/idakorea.ee\/fi\/wp-json\/wp\/v2\/media\/17066"}],"wp:attachment":[{"href":"https:\/\/idakorea.ee\/fi\/wp-json\/wp\/v2\/media?parent=17063"}],"wp:term":[{"taxonomy":"pwb-brand","embeddable":true,"href":"https:\/\/idakorea.ee\/fi\/wp-json\/wp\/v2\/pwb-brand?post=17063"},{"taxonomy":"product_brand","embeddable":true,"href":"https:\/\/idakorea.ee\/fi\/wp-json\/wp\/v2\/product_brand?post=17063"},{"taxonomy":"product_cat","embeddable":true,"href":"https:\/\/idakorea.ee\/fi\/wp-json\/wp\/v2\/product_cat?post=17063"},{"taxonomy":"product_tag","embeddable":true,"href":"https:\/\/idakorea.ee\/fi\/wp-json\/wp\/v2\/product_tag?post=17063"}],"curies":[{"name":"wp","href":"https:\/\/api.w.org\/{rel}","templated":true}]}}