{"id":17086,"date":"2026-01-05T09:56:01","date_gmt":"2026-01-05T07:56:01","guid":{"rendered":"https:\/\/idakorea.ee\/?post_type=product&#038;p=17086"},"modified":"2026-02-04T11:42:11","modified_gmt":"2026-02-04T09:42:11","slug":"medipeel-phyto-ex-pdrn-lifting-shot-drop-gel-cream-50ml","status":"publish","type":"product","link":"https:\/\/idakorea.ee\/fi\/product\/medipeel-phyto-ex-pdrn-lifting-shot-drop-gel-cream-50ml\/","title":{"rendered":"Kapselivoide MediPeel Phyto EX PDRN Lifting Shot Drop -geelivoide, 50ml"},"content":{"rendered":"<p data-start=\"67\" data-end=\"375\"><strong data-start=\"67\" data-end=\"121\">MEDIPEEL Phyto EX PDRN Lifting Shot Drops -geelivoide<\/strong> on peptidej\u00e4, PDRN:\u00e4\u00e4 ja mikroneuloja sis\u00e4lt\u00e4v\u00e4 kapselivoide, joka antaa kohottavan vaikutuksen, tukee ihon kimmoisuutta ja kiinteytt\u00e4 sek\u00e4 auttaa ehk\u00e4isem\u00e4\u00e4n ihon veltostumista (ptoosia). Se ravitsee ja kosteuttaa ihoa syv\u00e4lt\u00e4, pehment\u00e4\u00e4 ja poistaa hilseily\u00e4 palauttaen ihon terveen hehkun.<\/p>\n<p data-start=\"377\" data-end=\"633\">Sis\u00e4lt\u00e4\u00e4 <strong data-start=\"386\" data-end=\"439\">vegaaniset mikroneulat (kalsiumalumiiniborosilikaatti)<\/strong>, jotka tunkeutuvat ihon syvempiin kerroksiin ja aiheuttavat mikrovaurioita, k\u00e4ynnist\u00e4en sarveiskerroksen uusiutumisprosessit. Ne auttavat v\u00e4hent\u00e4m\u00e4\u00e4n ryppyj\u00e4, supistamaan ihohuokosia ja v\u00e4hent\u00e4m\u00e4\u00e4n pigmentaation n\u00e4kyvyytt\u00e4.<\/p>\n<p data-start=\"635\" data-end=\"917\">Voiteella on kevyt geelim\u00e4inen koostumus, jonka kapselit liukenevat iholle levitett\u00e4ess\u00e4 ja varmistavat aktiiviaineiden tehokkaan imeytymisen. T\u00e4m\u00e4n muodon ansiosta voit s\u00e4\u00e4t\u00e4\u00e4 koostumuksen tiheytt\u00e4, mik\u00e4 tekee tuotteesta erityisen sopivan sekaiholle: geeli sopii erinomaisesti T-alueelle, kun taas kapselit on tarkoitettu U-alueelle.<\/p>\n<p data-start=\"919\" data-end=\"943\"><strong data-start=\"919\" data-end=\"943\">T\u00e4rkeimm\u00e4t vaikuttavat aineet:<\/strong><\/p>\n<ul data-start=\"944\" data-end=\"2106\">\n<li data-start=\"944\" data-end=\"1214\">\n<p data-start=\"946\" data-end=\"1214\"><strong data-start=\"946\" data-end=\"967\">PDRN (natrium-DNA)<\/strong> \u2013 lootuksen lehdist\u00e4 johdettu polynukleotidi, joka k\u00e4ynnist\u00e4\u00e4 uusien kollageeni- ja elastiinikuitujen synteesin ja auttaa korjaamaan ennenaikaisen ik\u00e4\u00e4ntymisen, liiallisen UV-s\u00e4teilyn ja aggressiivisten ymp\u00e4rist\u00f6tekij\u00f6iden aiheuttamia ihovaurioita.<\/p>\n<\/li>\n<li data-start=\"1215\" data-end=\"1464\">\n<p data-start=\"1217\" data-end=\"1464\"><strong data-start=\"1217\" data-end=\"1232\">10 peptidi\u00e4<\/strong> \u2013 niill\u00e4 on ik\u00e4\u00e4ntymist\u00e4 ehk\u00e4isevi\u00e4 vaikutuksia: ne nopeuttavat uudistumista, v\u00e4hent\u00e4v\u00e4t ihopoimujen syvyytt\u00e4 ja kiinteytt\u00e4v\u00e4t ihoa. Argireliini, Botox-tyyppisen vaikutuksen omaava peptidi, auttaa rentouttamaan kasvolihaksia ja ehk\u00e4isem\u00e4\u00e4n ilmeryppyjen muodostumista.<\/p>\n<\/li>\n<li data-start=\"1465\" data-end=\"1584\">\n<p data-start=\"1467\" data-end=\"1584\"><strong data-start=\"1467\" data-end=\"1485\">Omenan kantasolut<\/strong> \u2013 stimuloivat kudosten uudistumista, hidastavat ik\u00e4\u00e4ntymisprosesseja ja tasoittavat ihon mikroreliefi\u00e4.<\/p>\n<\/li>\n<li data-start=\"1585\" data-end=\"1740\">\n<p data-start=\"1587\" data-end=\"1740\"><strong data-start=\"1587\" data-end=\"1601\">Glutationi<\/strong> \u2013 on nuorentava, v\u00e4hent\u00e4\u00e4 v\u00e4symyksen merkkej\u00e4 ja tasoittaa ihon s\u00e4vy\u00e4, vaikuttaen ik\u00e4\u00e4n liittyv\u00e4\u00e4n pigmentaatioon ja aknen j\u00e4lkeiseen ihoon.<\/p>\n<\/li>\n<li data-start=\"1741\" data-end=\"1919\">\n<p data-start=\"1743\" data-end=\"1919\"><strong data-start=\"1743\" data-end=\"1755\">Arbutiin<\/strong> \u2013 est\u00e4\u00e4 tyrosinaasin (melaniinin synteesin keskeinen entsyymi) aktiivisuutta, ehk\u00e4isee pisamien ja ik\u00e4l\u00e4iskien muodostumista, ei \u00e4rsyt\u00e4 ihoa ja sopii my\u00f6s herk\u00e4lle iholle.<\/p>\n<\/li>\n<li data-start=\"1920\" data-end=\"2106\">\n<p data-start=\"1922\" data-end=\"2106\"><strong data-start=\"1922\" data-end=\"1964\">C-vitamiini (natriumaskorbyylifosfaatti)<\/strong> stabiilissa muodossa \u2013 kirkastaa hell\u00e4varaisesti, stimuloi kollageenisynteesi\u00e4, tarjoaa antioksidanttisuojaa ja auttaa ehk\u00e4isem\u00e4\u00e4n ensimm\u00e4isi\u00e4 ik\u00e4\u00e4ntymisen merkkej\u00e4.<\/p>\n<\/li>\n<\/ul>\n<p data-start=\"2108\" data-end=\"2138\">Sopii kaikille ihotyypeille.<\/p>\n<p data-start=\"2140\" data-end=\"2383\"><strong data-start=\"2140\" data-end=\"2155\">K\u00e4ytt\u00f6:<\/strong> Levit\u00e4 puhdistuksen, kasvoveden ja seerumin j\u00e4lkeen. Sekoita kapseli ja kirkas geeli ihon tarpeiden mukaan. Kevyemm\u00e4n koostumuksen saat lis\u00e4\u00e4m\u00e4ll\u00e4 enemm\u00e4n geeli\u00e4; kermaisemman koostumuksen saat k\u00e4ytt\u00e4m\u00e4ll\u00e4 kahta kapselia.<\/p>","protected":false},"excerpt":{"rendered":"<p>MEDIPEEL Phyto EX PDRN Lifting Shot Drop Gel Cream on kapselivoide, joka sis\u00e4lt\u00e4\u00e4 peptidej\u00e4, PDRN:\u00e4\u00e4 ja mikroneuloja. Se antaa kohottavan vaikutuksen, tukee ihon kimmoisuutta ja kiinteytt\u00e4 sek\u00e4 auttaa ehk\u00e4isem\u00e4\u00e4n ihon veltostumista (ptoosia). Se ravitsee ja kosteuttaa ihoa syv\u00e4lt\u00e4, pehment\u00e4\u00e4 ja poistaa hilseily\u00e4 palauttaen ihon terveen hehkun. Sis\u00e4lt\u00e4\u00e4 vegaanisia mikroneuloja (kalsiumalumiiniborosilikaattia), jotka tunkeutuvat ihon syvempiin kerroksiin ja aiheuttavat mikrovaurioita, laukaisten sarveiskerroksen\u2026<\/p>","protected":false},"featured_media":17089,"comment_status":"open","ping_status":"closed","template":"","meta":{"_uf_show_specific_survey":0,"_uf_disable_surveys":false,"_bst_post_transparent":"default","_bst_post_title":"","_bst_post_layout":"default","_bst_post_sidebar_id":"","_bst_post_content_style":"default","_bst_post_vertical_padding":"default","_bst_post_feature":"","_bst_post_feature_position":"","_bst_post_header":false,"_bst_post_footer":false},"pwb-brand":[107],"product_brand":[],"product_cat":[92,96],"product_tag":[568,381,789,830,739],"class_list":{"0":"post-17086","1":"product","2":"type-product","3":"status-publish","4":"has-post-thumbnail","6":"pwb-brand-medipeel","7":"product_cat-nagu","8":"product_cat-naokreemid","9":"product_tag-korea","10":"product_tag-medipeel","11":"product_tag-pdrn","12":"product_tag-peptide","13":"product_tag-vegan","15":"first","16":"outofstock","17":"sale","18":"shipping-taxable","19":"purchasable","20":"product-type-simple","21":"entry","22":"content-bg","23":"loop-entry"},"supplier_id":null,"supplier_sku":"","barcode":null,"atum_controlled":true,"out_stock_date":"2026-02-04 11:42:11","out_stock_threshold":null,"inheritable":false,"inbound_stock":0,"stock_on_hold":0,"sold_today":0,"sales_last_days":0,"out_stock_days":68,"lost_sales":561,"has_location":false,"update_date":"2026-04-14T00:05:05","atum_locations":[],"atum_stock_status":"outofstock","restock_status":false,"low_stock_amount":"","sales_update_date":"2026-04-14T00:05:05","calc_backorders":null,"yoast_head":"<!-- This site is optimized with the Yoast SEO plugin v27.2 - https:\/\/yoast.com\/product\/yoast-seo-wordpress\/ -->\n<title>MediPeel Phyto EX PDRN Lifting Shot Drop Gel Cream, 50ml - IDA.KOREA<\/title>\n<meta name=\"description\" content=\"Peptiidide, PDRN-i ja mikrookastega kapselkreem, mis tagab lifting-efekti, toetab naha elastsust ja pinguldatust ning aitab ennetada l\u00f5tvumist. Kiire tarne!\" \/>\n<meta name=\"robots\" content=\"index, follow, max-snippet:-1, max-image-preview:large, max-video-preview:-1\" \/>\n<link rel=\"canonical\" href=\"https:\/\/idakorea.ee\/fi\/product\/medipeel-phyto-ex-pdrn-lifting-shot-drop-gel-cream-50ml\/\" \/>\n<meta property=\"og:locale\" content=\"fi_FI\" \/>\n<meta property=\"og:type\" content=\"article\" \/>\n<meta property=\"og:title\" content=\"MediPeel Phyto EX PDRN Lifting Shot Drop Gel Cream, 50ml - IDA.KOREA\" \/>\n<meta property=\"og:description\" content=\"Peptiidide, PDRN-i ja mikrookastega kapselkreem, mis tagab lifting-efekti, toetab naha elastsust ja pinguldatust ning aitab ennetada l\u00f5tvumist. Kiire tarne!\" \/>\n<meta property=\"og:url\" content=\"https:\/\/idakorea.ee\/fi\/product\/medipeel-phyto-ex-pdrn-lifting-shot-drop-gel-cream-50ml\/\" \/>\n<meta property=\"og:site_name\" content=\"IDA.KOREA\" \/>\n<meta property=\"article:modified_time\" content=\"2026-02-04T09:42:11+00:00\" \/>\n<meta property=\"og:image\" content=\"https:\/\/idakorea.ee\/wp-content\/uploads\/2026\/01\/MEDIPEEL-Phyto-EX-PDRN-Lifting-Shot-Drop-Gel-Cream-idakorea.jpg\" \/>\n\t<meta property=\"og:image:width\" content=\"1000\" \/>\n\t<meta property=\"og:image:height\" content=\"1000\" \/>\n\t<meta property=\"og:image:type\" content=\"image\/jpeg\" \/>\n<meta name=\"twitter:card\" content=\"summary_large_image\" \/>\n<meta name=\"twitter:label1\" content=\"Arvioitu lukuaika\" \/>\n\t<meta name=\"twitter:data1\" content=\"2 minuuttia\" \/>\n<script type=\"application\/ld+json\" class=\"yoast-schema-graph\">{\"@context\":\"https:\/\/schema.org\",\"@graph\":[{\"@type\":\"WebPage\",\"@id\":\"https:\/\/idakorea.ee\/product\/medipeel-phyto-ex-pdrn-lifting-shot-drop-gel-cream-50ml\/\",\"url\":\"https:\/\/idakorea.ee\/product\/medipeel-phyto-ex-pdrn-lifting-shot-drop-gel-cream-50ml\/\",\"name\":\"MediPeel Phyto EX PDRN Lifting Shot Drop Gel Cream, 50ml - IDA.KOREA\",\"isPartOf\":{\"@id\":\"https:\/\/idakorea.ee\/#website\"},\"primaryImageOfPage\":{\"@id\":\"https:\/\/idakorea.ee\/product\/medipeel-phyto-ex-pdrn-lifting-shot-drop-gel-cream-50ml\/#primaryimage\"},\"image\":{\"@id\":\"https:\/\/idakorea.ee\/product\/medipeel-phyto-ex-pdrn-lifting-shot-drop-gel-cream-50ml\/#primaryimage\"},\"thumbnailUrl\":\"https:\/\/idakorea.ee\/wp-content\/uploads\/2026\/01\/MEDIPEEL-Phyto-EX-PDRN-Lifting-Shot-Drop-Gel-Cream-idakorea.jpg\",\"datePublished\":\"2026-01-05T07:56:01+00:00\",\"dateModified\":\"2026-02-04T09:42:11+00:00\",\"description\":\"Peptiidide, PDRN-i ja mikrookastega kapselkreem, mis tagab lifting-efekti, toetab naha elastsust ja pinguldatust ning aitab ennetada l\u00f5tvumist. Kiire tarne!\",\"breadcrumb\":{\"@id\":\"https:\/\/idakorea.ee\/product\/medipeel-phyto-ex-pdrn-lifting-shot-drop-gel-cream-50ml\/#breadcrumb\"},\"inLanguage\":\"fi\",\"potentialAction\":[{\"@type\":\"ReadAction\",\"target\":[\"https:\/\/idakorea.ee\/product\/medipeel-phyto-ex-pdrn-lifting-shot-drop-gel-cream-50ml\/\"]}]},{\"@type\":\"ImageObject\",\"inLanguage\":\"fi\",\"@id\":\"https:\/\/idakorea.ee\/product\/medipeel-phyto-ex-pdrn-lifting-shot-drop-gel-cream-50ml\/#primaryimage\",\"url\":\"https:\/\/idakorea.ee\/wp-content\/uploads\/2026\/01\/MEDIPEEL-Phyto-EX-PDRN-Lifting-Shot-Drop-Gel-Cream-idakorea.jpg\",\"contentUrl\":\"https:\/\/idakorea.ee\/wp-content\/uploads\/2026\/01\/MEDIPEEL-Phyto-EX-PDRN-Lifting-Shot-Drop-Gel-Cream-idakorea.jpg\",\"width\":1000,\"height\":1000},{\"@type\":\"BreadcrumbList\",\"@id\":\"https:\/\/idakorea.ee\/product\/medipeel-phyto-ex-pdrn-lifting-shot-drop-gel-cream-50ml\/#breadcrumb\",\"itemListElement\":[{\"@type\":\"ListItem\",\"position\":1,\"name\":\"\u0413\u043b\u0430\u0432\u043d\u0430\u044f \u0441\u0442\u0440\u0430\u043d\u0438\u0446\u0430\",\"item\":\"https:\/\/idakorea.ee\/\"},{\"@type\":\"ListItem\",\"position\":2,\"name\":\"Shop\",\"item\":\"https:\/\/idakorea.ee\/shop-2\/\"},{\"@type\":\"ListItem\",\"position\":3,\"name\":\"Kapselkreem MediPeel Phyto EX PDRN Lifting Shot Drop Gel Cream, 50ml\"}]},{\"@type\":\"WebSite\",\"@id\":\"https:\/\/idakorea.ee\/#website\",\"url\":\"https:\/\/idakorea.ee\/\",\"name\":\"IDA.KOREA\",\"description\":\"Korea kosmeetika e-pood\",\"publisher\":{\"@id\":\"https:\/\/idakorea.ee\/#organization\"},\"alternateName\":\"Beauty Shop\",\"potentialAction\":[{\"@type\":\"SearchAction\",\"target\":{\"@type\":\"EntryPoint\",\"urlTemplate\":\"https:\/\/idakorea.ee\/?s={search_term_string}\"},\"query-input\":{\"@type\":\"PropertyValueSpecification\",\"valueRequired\":true,\"valueName\":\"search_term_string\"}}],\"inLanguage\":\"fi\"},{\"@type\":\"Organization\",\"@id\":\"https:\/\/idakorea.ee\/#organization\",\"name\":\"IDA.KOREA\",\"url\":\"https:\/\/idakorea.ee\/\",\"logo\":{\"@type\":\"ImageObject\",\"inLanguage\":\"fi\",\"@id\":\"https:\/\/idakorea.ee\/#\/schema\/logo\/image\/\",\"url\":\"https:\/\/idakorea.ee\/wp-content\/uploads\/2024\/05\/cropped-korea3.png\",\"contentUrl\":\"https:\/\/idakorea.ee\/wp-content\/uploads\/2024\/05\/cropped-korea3.png\",\"width\":688,\"height\":126,\"caption\":\"IDA.KOREA\"},\"image\":{\"@id\":\"https:\/\/idakorea.ee\/#\/schema\/logo\/image\/\"},\"sameAs\":[\"https:\/\/www.instagram.com\/ida.korea\/\"]}]}<\/script>\n<!-- \/ Yoast SEO plugin. -->","yoast_head_json":{"title":"MediPeel Phyto EX PDRN Lifting Shot Drop Gel Cream, 50ml - IDA.KOREA","description":"Peptiidide, PDRN-i ja mikrookastega kapselkreem, mis tagab lifting-efekti, toetab naha elastsust ja pinguldatust ning aitab ennetada l\u00f5tvumist. Kiire tarne!","robots":{"index":"index","follow":"follow","max-snippet":"max-snippet:-1","max-image-preview":"max-image-preview:large","max-video-preview":"max-video-preview:-1"},"canonical":"https:\/\/idakorea.ee\/fi\/product\/medipeel-phyto-ex-pdrn-lifting-shot-drop-gel-cream-50ml\/","og_locale":"fi_FI","og_type":"article","og_title":"MediPeel Phyto EX PDRN Lifting Shot Drop Gel Cream, 50ml - IDA.KOREA","og_description":"Peptiidide, PDRN-i ja mikrookastega kapselkreem, mis tagab lifting-efekti, toetab naha elastsust ja pinguldatust ning aitab ennetada l\u00f5tvumist. Kiire tarne!","og_url":"https:\/\/idakorea.ee\/fi\/product\/medipeel-phyto-ex-pdrn-lifting-shot-drop-gel-cream-50ml\/","og_site_name":"IDA.KOREA","article_modified_time":"2026-02-04T09:42:11+00:00","og_image":[{"width":1000,"height":1000,"url":"https:\/\/idakorea.ee\/wp-content\/uploads\/2026\/01\/MEDIPEEL-Phyto-EX-PDRN-Lifting-Shot-Drop-Gel-Cream-idakorea.jpg","type":"image\/jpeg"}],"twitter_card":"summary_large_image","twitter_misc":{"Arvioitu lukuaika":"2 minuuttia"},"schema":{"@context":"https:\/\/schema.org","@graph":[{"@type":"WebPage","@id":"https:\/\/idakorea.ee\/product\/medipeel-phyto-ex-pdrn-lifting-shot-drop-gel-cream-50ml\/","url":"https:\/\/idakorea.ee\/product\/medipeel-phyto-ex-pdrn-lifting-shot-drop-gel-cream-50ml\/","name":"MediPeel Phyto EX PDRN Lifting Shot Drop Gel Cream, 50ml - IDA.KOREA","isPartOf":{"@id":"https:\/\/idakorea.ee\/#website"},"primaryImageOfPage":{"@id":"https:\/\/idakorea.ee\/product\/medipeel-phyto-ex-pdrn-lifting-shot-drop-gel-cream-50ml\/#primaryimage"},"image":{"@id":"https:\/\/idakorea.ee\/product\/medipeel-phyto-ex-pdrn-lifting-shot-drop-gel-cream-50ml\/#primaryimage"},"thumbnailUrl":"https:\/\/idakorea.ee\/wp-content\/uploads\/2026\/01\/MEDIPEEL-Phyto-EX-PDRN-Lifting-Shot-Drop-Gel-Cream-idakorea.jpg","datePublished":"2026-01-05T07:56:01+00:00","dateModified":"2026-02-04T09:42:11+00:00","description":"Peptiidide, PDRN-i ja mikrookastega kapselkreem, mis tagab lifting-efekti, toetab naha elastsust ja pinguldatust ning aitab ennetada l\u00f5tvumist. Kiire tarne!","breadcrumb":{"@id":"https:\/\/idakorea.ee\/product\/medipeel-phyto-ex-pdrn-lifting-shot-drop-gel-cream-50ml\/#breadcrumb"},"inLanguage":"fi","potentialAction":[{"@type":"ReadAction","target":["https:\/\/idakorea.ee\/product\/medipeel-phyto-ex-pdrn-lifting-shot-drop-gel-cream-50ml\/"]}]},{"@type":"ImageObject","inLanguage":"fi","@id":"https:\/\/idakorea.ee\/product\/medipeel-phyto-ex-pdrn-lifting-shot-drop-gel-cream-50ml\/#primaryimage","url":"https:\/\/idakorea.ee\/wp-content\/uploads\/2026\/01\/MEDIPEEL-Phyto-EX-PDRN-Lifting-Shot-Drop-Gel-Cream-idakorea.jpg","contentUrl":"https:\/\/idakorea.ee\/wp-content\/uploads\/2026\/01\/MEDIPEEL-Phyto-EX-PDRN-Lifting-Shot-Drop-Gel-Cream-idakorea.jpg","width":1000,"height":1000},{"@type":"BreadcrumbList","@id":"https:\/\/idakorea.ee\/product\/medipeel-phyto-ex-pdrn-lifting-shot-drop-gel-cream-50ml\/#breadcrumb","itemListElement":[{"@type":"ListItem","position":1,"name":"\u0413\u043b\u0430\u0432\u043d\u0430\u044f \u0441\u0442\u0440\u0430\u043d\u0438\u0446\u0430","item":"https:\/\/idakorea.ee\/"},{"@type":"ListItem","position":2,"name":"Shop","item":"https:\/\/idakorea.ee\/shop-2\/"},{"@type":"ListItem","position":3,"name":"Kapselkreem MediPeel Phyto EX PDRN Lifting Shot Drop Gel Cream, 50ml"}]},{"@type":"WebSite","@id":"https:\/\/idakorea.ee\/#website","url":"https:\/\/idakorea.ee\/","name":"IDA.KOREA","description":"Korean kosmetiikan verkkokauppa","publisher":{"@id":"https:\/\/idakorea.ee\/#organization"},"alternateName":"Beauty Shop","potentialAction":[{"@type":"SearchAction","target":{"@type":"EntryPoint","urlTemplate":"https:\/\/idakorea.ee\/?s={search_term_string}"},"query-input":{"@type":"PropertyValueSpecification","valueRequired":true,"valueName":"search_term_string"}}],"inLanguage":"fi"},{"@type":"Organization","@id":"https:\/\/idakorea.ee\/#organization","name":"IDA.KOREA","url":"https:\/\/idakorea.ee\/","logo":{"@type":"ImageObject","inLanguage":"fi","@id":"https:\/\/idakorea.ee\/#\/schema\/logo\/image\/","url":"https:\/\/idakorea.ee\/wp-content\/uploads\/2024\/05\/cropped-korea3.png","contentUrl":"https:\/\/idakorea.ee\/wp-content\/uploads\/2024\/05\/cropped-korea3.png","width":688,"height":126,"caption":"IDA.KOREA"},"image":{"@id":"https:\/\/idakorea.ee\/#\/schema\/logo\/image\/"},"sameAs":["https:\/\/www.instagram.com\/ida.korea\/"]}]}},"jetpack_sharing_enabled":true,"brands":[{"id":107,"name":"MEDIPEEL+","slug":"medipeel"}],"_links":{"self":[{"href":"https:\/\/idakorea.ee\/fi\/wp-json\/wp\/v2\/product\/17086","targetHints":{"allow":["GET"]}}],"collection":[{"href":"https:\/\/idakorea.ee\/fi\/wp-json\/wp\/v2\/product"}],"about":[{"href":"https:\/\/idakorea.ee\/fi\/wp-json\/wp\/v2\/types\/product"}],"replies":[{"embeddable":true,"href":"https:\/\/idakorea.ee\/fi\/wp-json\/wp\/v2\/comments?post=17086"}],"version-history":[{"count":3,"href":"https:\/\/idakorea.ee\/fi\/wp-json\/wp\/v2\/product\/17086\/revisions"}],"predecessor-version":[{"id":17150,"href":"https:\/\/idakorea.ee\/fi\/wp-json\/wp\/v2\/product\/17086\/revisions\/17150"}],"wp:featuredmedia":[{"embeddable":true,"href":"https:\/\/idakorea.ee\/fi\/wp-json\/wp\/v2\/media\/17089"}],"wp:attachment":[{"href":"https:\/\/idakorea.ee\/fi\/wp-json\/wp\/v2\/media?parent=17086"}],"wp:term":[{"taxonomy":"pwb-brand","embeddable":true,"href":"https:\/\/idakorea.ee\/fi\/wp-json\/wp\/v2\/pwb-brand?post=17086"},{"taxonomy":"product_brand","embeddable":true,"href":"https:\/\/idakorea.ee\/fi\/wp-json\/wp\/v2\/product_brand?post=17086"},{"taxonomy":"product_cat","embeddable":true,"href":"https:\/\/idakorea.ee\/fi\/wp-json\/wp\/v2\/product_cat?post=17086"},{"taxonomy":"product_tag","embeddable":true,"href":"https:\/\/idakorea.ee\/fi\/wp-json\/wp\/v2\/product_tag?post=17086"}],"curies":[{"name":"wp","href":"https:\/\/api.w.org\/{rel}","templated":true}]}}