{"id":17098,"date":"2026-01-05T15:25:47","date_gmt":"2026-01-05T13:25:47","guid":{"rendered":"https:\/\/idakorea.ee\/?post_type=product&#038;p=17098"},"modified":"2026-04-08T11:58:08","modified_gmt":"2026-04-08T09:58:08","slug":"axis-y-lha-peel-fill-pore-balancing-cream-50ml","status":"publish","type":"product","link":"https:\/\/idakorea.ee\/fi\/product\/axis-y-lha-peel-fill-pore-balancing-cream-50ml\/","title":{"rendered":"Hell\u00e4varainen kuoriva kasvovoide Axis-Y LHA Peel &amp; Fill Pore Balancing Cream, 50ml"},"content":{"rendered":"<div class=\"flex flex-col text-sm pb-25\">\n<article class=\"text-token-text-primary w-full focus:outline-none [--shadow-height:45px] has-data-writing-block:pointer-events-none has-data-writing-block:-mt-(--shadow-height) has-data-writing-block:pt-(--shadow-height) [&amp;:has([data-writing-block])&gt;*]:pointer-events-auto scroll-mt-[calc(var(--header-height)+min(200px,max(70px,20svh)))]\" dir=\"auto\" tabindex=\"-1\" data-turn-id=\"request-6935971a-72e8-832f-9f57-3829d2f78767-22\" data-testid=\"conversation-turn-202\" data-scroll-anchor=\"true\" data-turn=\"assistant\">\n<div class=\"text-base my-auto mx-auto pb-10 [--thread-content-margin:--spacing(4)] @w-sm\/main:[--thread-content-margin:--spacing(6)] @w-lg\/main:[--thread-content-margin:--spacing(16)] px-(--thread-content-margin)\">\n<div class=\"[--thread-content-max-width:40rem] @w-lg\/main:[--thread-content-max-width:48rem] mx-auto max-w-(--thread-content-max-width) flex-1 group\/turn-messages focus-visible:outline-hidden relative flex w-full min-w-0 flex-col agent-turn\" tabindex=\"-1\">\n<div class=\"flex max-w-full flex-col grow\">\n<div class=\"min-h-8 text-message relative flex w-full flex-col items-end gap-2 text-start break-words whitespace-normal [.text-message+&amp;]:mt-1\" dir=\"auto\" data-message-author-role=\"assistant\" data-message-id=\"bfd46d8e-7fcf-48b9-9767-388df93acbba\" data-message-model-slug=\"gpt-5-2\">\n<div class=\"flex w-full flex-col gap-1 empty:hidden first:pt-[1px]\">\n<div class=\"markdown prose dark:prose-invert w-full break-words light markdown-new-styling\">\n<p data-start=\"67\" data-end=\"353\"><strong data-start=\"67\" data-end=\"114\">AXIS-Y LHA Peel &amp; Fill Pore Balancing Cream<\/strong> on \u00f5rn kooriv n\u00e4okreem, mis eemaldab delikaatselt surnud naharakud, puhastab poore ja aitab v\u00f5idelda mustpeadega, \u00e4rritust p\u00f5hjustamata. Kreemil on kerge kreem-geeltekstuur sametise l\u00f5pptulemusega ning see ei j\u00e4ta nahale kleepuvat tunnet.<\/p>\n<p data-start=\"355\" data-end=\"557\">Valemi aluseks on <strong data-start=\"373\" data-end=\"418\">LHA (Capryloyl Salicylic Acid, 1 000 ppm)<\/strong> \u2013 salits\u00fc\u00fclhappe derivaat, mis tungib s\u00fcgavale pooridesse, lahustab mustuse, helendab rasun\u00e4\u00e4rmeniite ja aitab ennetada komedoonide teket.<\/p>\n<p data-start=\"559\" data-end=\"583\"><strong data-start=\"559\" data-end=\"583\">Peamised toimeained:<\/strong><\/p>\n<ul data-start=\"584\" data-end=\"1586\">\n<li data-start=\"584\" data-end=\"792\">\n<p data-start=\"586\" data-end=\"792\"><strong data-start=\"586\" data-end=\"604\">Aczero Complex<\/strong> (bergamott, valge paju koor, m\u00e4nd, roheline tee, aasia vesinaba ja kofeiin) \u2013 taimsete ekstraktide kompleks, mis normaliseerib rasu tootmist ja parandab rasusele nahale omast seisundit.<\/p>\n<\/li>\n<li data-start=\"793\" data-end=\"1000\">\n<p data-start=\"795\" data-end=\"1000\"><strong data-start=\"795\" data-end=\"822\">Aasia vesinaba ekstrakt<\/strong> \u2013 omab p\u00f5letikuvastast ja haavu parandavat toimet, aitab taastada naha kaitsebarj\u00e4\u00e4ri, v\u00e4hendab tundlikkust ja turseid, tugevdab veresooni ning aitab ennetada kuperoosa teket.<\/p>\n<\/li>\n<li data-start=\"1001\" data-end=\"1174\">\n<p data-start=\"1003\" data-end=\"1174\"><strong data-start=\"1003\" data-end=\"1029\">Jeeriko roosi ekstrakt<\/strong> \u2013 toidab, niisutab ja taastab nahka s\u00fcgavuti. Omab antioks\u00fcdantset toimet, mis kaitseb rakke kahjustuste eest ja aeglustab vananemisprotsesse.<\/p>\n<\/li>\n<li data-start=\"1175\" data-end=\"1347\">\n<p data-start=\"1177\" data-end=\"1347\"><strong data-start=\"1177\" data-end=\"1204\">Pantenool (vitamiin B5)<\/strong> \u2013 leevendab punetust ja s\u00fcgelust, tugevdab h\u00fcdrolipiidset barj\u00e4\u00e4ri, hoiab \u00e4ra niiskuse aurustumise ja kiirendab kahjustatud naha taastumist.<\/p>\n<\/li>\n<li data-start=\"1348\" data-end=\"1586\">\n<p data-start=\"1350\" data-end=\"1586\"><strong data-start=\"1350\" data-end=\"1377\">Tokoferool (vitamiin E)<\/strong> \u2013 stimuleerib epidermise rakkude uuenemist, parandab naha toonust, v\u00e4hendab deh\u00fcdratsioonist tingitud kortsude ja nahavoltide s\u00fcgavust, s\u00e4ilitab optimaalse niiskustasakaalu, \u00fchtlustab nahatooni ja annab s\u00e4ra.<\/p>\n<\/li>\n<\/ul>\n<p data-start=\"1588\" data-end=\"1653\">Sobib rasusele, kombineeritud, probleemsele ja tundlikule nahale.<\/p>\n<p data-start=\"1655\" data-end=\"1781\"><strong data-start=\"1655\" data-end=\"1670\">Kasutamine:<\/strong> p\u00e4rast naha puhastamist, toniseerimist ja seerumi kasutamist kandke kreem n\u00e4ole ning jaotage \u00fchtlaselt nahale.<\/p>\n<\/div>\n<\/div>\n<\/div>\n<\/div>\n<div class=\"mt-3 w-full empty:hidden\">\n<div class=\"text-center\"><\/div>\n<\/div>\n<\/div>\n<\/div>\n<\/article>\n<\/div>\n<div class=\"pointer-events-none h-px w-px absolute bottom-0\" aria-hidden=\"true\" data-edge=\"true\"><\/div>\n","protected":false},"excerpt":{"rendered":"<p>AXIS-Y LHA Peel &amp; Fill Pore Balancing Cream on hell\u00e4varainen kuoriva kasvovoide, joka poistaa hell\u00e4varaisesti kuolleita ihosoluja, puhdistaa ihohuokosia ja auttaa torjumaan mustap\u00e4it\u00e4 \u00e4rsytt\u00e4m\u00e4tt\u00e4 ihoa. Voiteella on kevyt, geelim\u00e4inen koostumus ja samettinen viimeistely, eik\u00e4 se j\u00e4t\u00e4 tahmeaa tunnetta iholle. Koostumus perustuu LHA:hon (kapryloyylisalisyylihappo, 1 000 ppm) \u2013 salisyylihappojohdannaiseen, joka tunkeutuu syv\u00e4lle ihohuokosiin,\u2026<\/p>","protected":false},"featured_media":17101,"comment_status":"open","ping_status":"closed","template":"","meta":{"_uf_show_specific_survey":0,"_uf_disable_surveys":false,"_bst_post_transparent":"default","_bst_post_title":"","_bst_post_layout":"default","_bst_post_sidebar_id":"","_bst_post_content_style":"default","_bst_post_vertical_padding":"default","_bst_post_feature":"","_bst_post_feature_position":"","_bst_post_header":false,"_bst_post_footer":false},"pwb-brand":[565],"product_brand":[],"product_cat":[92,96],"product_tag":[568,1050,1051,739],"class_list":{"0":"post-17098","1":"product","2":"type-product","3":"status-publish","4":"has-post-thumbnail","6":"pwb-brand-axis-y","7":"product_cat-nagu","8":"product_cat-naokreemid","9":"product_tag-korea","10":"product_tag-lah","11":"product_tag-peel","12":"product_tag-vegan","14":"first","15":"instock","16":"sale","17":"shipping-taxable","18":"purchasable","19":"product-type-simple","20":"entry","21":"content-bg","22":"loop-entry"},"supplier_id":null,"supplier_sku":"","barcode":null,"atum_controlled":true,"out_stock_date":null,"out_stock_threshold":null,"inheritable":false,"inbound_stock":0,"stock_on_hold":0,"sold_today":0,"sales_last_days":1,"out_stock_days":0,"lost_sales":0,"has_location":false,"update_date":"2026-04-14T00:05:13","atum_locations":[],"atum_stock_status":"instock","restock_status":false,"low_stock_amount":"","sales_update_date":"2026-04-14T00:05:13","calc_backorders":null,"yoast_head":"<!-- This site is optimized with the Yoast SEO plugin v27.2 - https:\/\/yoast.com\/product\/yoast-seo-wordpress\/ -->\n<title>Axis-Y LHA Peel &amp; Fill Pore Balancing Cream, 50ml - IDA.KOREA<\/title>\n<meta name=\"description\" content=\"\u00d5rn kooriv n\u00e4okreem, mis eemaldab delikaatselt surnud naharakud, puhastab poore ja aitab v\u00f5idelda mustpeadega, \u00e4rritust p\u00f5hjustamata. - Kiire tarne!\" \/>\n<meta name=\"robots\" content=\"index, follow, max-snippet:-1, max-image-preview:large, max-video-preview:-1\" \/>\n<link rel=\"canonical\" href=\"https:\/\/idakorea.ee\/fi\/product\/axis-y-lha-peel-fill-pore-balancing-cream-50ml\/\" \/>\n<meta property=\"og:locale\" content=\"fi_FI\" \/>\n<meta property=\"og:type\" content=\"article\" \/>\n<meta property=\"og:title\" content=\"Axis-Y LHA Peel &amp; Fill Pore Balancing Cream, 50ml - IDA.KOREA\" \/>\n<meta property=\"og:description\" content=\"\u00d5rn kooriv n\u00e4okreem, mis eemaldab delikaatselt surnud naharakud, puhastab poore ja aitab v\u00f5idelda mustpeadega, \u00e4rritust p\u00f5hjustamata. - Kiire tarne!\" \/>\n<meta property=\"og:url\" content=\"https:\/\/idakorea.ee\/fi\/product\/axis-y-lha-peel-fill-pore-balancing-cream-50ml\/\" \/>\n<meta property=\"og:site_name\" content=\"IDA.KOREA\" \/>\n<meta property=\"article:modified_time\" content=\"2026-04-08T09:58:08+00:00\" \/>\n<meta property=\"og:image\" content=\"https:\/\/idakorea.ee\/wp-content\/uploads\/2026\/01\/AXIS-Y-LHA-Peel-Fill-Pore-Balancing-Cream-idakorea.jpg\" \/>\n\t<meta property=\"og:image:width\" content=\"1000\" \/>\n\t<meta property=\"og:image:height\" content=\"1000\" \/>\n\t<meta property=\"og:image:type\" content=\"image\/jpeg\" \/>\n<meta name=\"twitter:card\" content=\"summary_large_image\" \/>\n<meta name=\"twitter:label1\" content=\"Arvioitu lukuaika\" \/>\n\t<meta name=\"twitter:data1\" content=\"2 minuuttia\" \/>\n<script type=\"application\/ld+json\" class=\"yoast-schema-graph\">{\"@context\":\"https:\/\/schema.org\",\"@graph\":[{\"@type\":\"WebPage\",\"@id\":\"https:\/\/idakorea.ee\/product\/axis-y-lha-peel-fill-pore-balancing-cream-50ml\/\",\"url\":\"https:\/\/idakorea.ee\/product\/axis-y-lha-peel-fill-pore-balancing-cream-50ml\/\",\"name\":\"Axis-Y LHA Peel & Fill Pore Balancing Cream, 50ml - IDA.KOREA\",\"isPartOf\":{\"@id\":\"https:\/\/idakorea.ee\/#website\"},\"primaryImageOfPage\":{\"@id\":\"https:\/\/idakorea.ee\/product\/axis-y-lha-peel-fill-pore-balancing-cream-50ml\/#primaryimage\"},\"image\":{\"@id\":\"https:\/\/idakorea.ee\/product\/axis-y-lha-peel-fill-pore-balancing-cream-50ml\/#primaryimage\"},\"thumbnailUrl\":\"https:\/\/idakorea.ee\/wp-content\/uploads\/2026\/01\/AXIS-Y-LHA-Peel-Fill-Pore-Balancing-Cream-idakorea.jpg\",\"datePublished\":\"2026-01-05T13:25:47+00:00\",\"dateModified\":\"2026-04-08T09:58:08+00:00\",\"description\":\"\u00d5rn kooriv n\u00e4okreem, mis eemaldab delikaatselt surnud naharakud, puhastab poore ja aitab v\u00f5idelda mustpeadega, \u00e4rritust p\u00f5hjustamata. - Kiire tarne!\",\"breadcrumb\":{\"@id\":\"https:\/\/idakorea.ee\/product\/axis-y-lha-peel-fill-pore-balancing-cream-50ml\/#breadcrumb\"},\"inLanguage\":\"fi\",\"potentialAction\":[{\"@type\":\"ReadAction\",\"target\":[\"https:\/\/idakorea.ee\/product\/axis-y-lha-peel-fill-pore-balancing-cream-50ml\/\"]}]},{\"@type\":\"ImageObject\",\"inLanguage\":\"fi\",\"@id\":\"https:\/\/idakorea.ee\/product\/axis-y-lha-peel-fill-pore-balancing-cream-50ml\/#primaryimage\",\"url\":\"https:\/\/idakorea.ee\/wp-content\/uploads\/2026\/01\/AXIS-Y-LHA-Peel-Fill-Pore-Balancing-Cream-idakorea.jpg\",\"contentUrl\":\"https:\/\/idakorea.ee\/wp-content\/uploads\/2026\/01\/AXIS-Y-LHA-Peel-Fill-Pore-Balancing-Cream-idakorea.jpg\",\"width\":1000,\"height\":1000},{\"@type\":\"BreadcrumbList\",\"@id\":\"https:\/\/idakorea.ee\/product\/axis-y-lha-peel-fill-pore-balancing-cream-50ml\/#breadcrumb\",\"itemListElement\":[{\"@type\":\"ListItem\",\"position\":1,\"name\":\"\u0413\u043b\u0430\u0432\u043d\u0430\u044f \u0441\u0442\u0440\u0430\u043d\u0438\u0446\u0430\",\"item\":\"https:\/\/idakorea.ee\/\"},{\"@type\":\"ListItem\",\"position\":2,\"name\":\"Shop\",\"item\":\"https:\/\/idakorea.ee\/shop-2\/\"},{\"@type\":\"ListItem\",\"position\":3,\"name\":\"\u00d5rn kooriv n\u00e4okreem Axis-Y LHA Peel &#038; Fill Pore Balancing Cream, 50ml\"}]},{\"@type\":\"WebSite\",\"@id\":\"https:\/\/idakorea.ee\/#website\",\"url\":\"https:\/\/idakorea.ee\/\",\"name\":\"IDA.KOREA\",\"description\":\"Korea kosmeetika e-pood\",\"publisher\":{\"@id\":\"https:\/\/idakorea.ee\/#organization\"},\"alternateName\":\"Beauty Shop\",\"potentialAction\":[{\"@type\":\"SearchAction\",\"target\":{\"@type\":\"EntryPoint\",\"urlTemplate\":\"https:\/\/idakorea.ee\/?s={search_term_string}\"},\"query-input\":{\"@type\":\"PropertyValueSpecification\",\"valueRequired\":true,\"valueName\":\"search_term_string\"}}],\"inLanguage\":\"fi\"},{\"@type\":\"Organization\",\"@id\":\"https:\/\/idakorea.ee\/#organization\",\"name\":\"IDA.KOREA\",\"url\":\"https:\/\/idakorea.ee\/\",\"logo\":{\"@type\":\"ImageObject\",\"inLanguage\":\"fi\",\"@id\":\"https:\/\/idakorea.ee\/#\/schema\/logo\/image\/\",\"url\":\"https:\/\/idakorea.ee\/wp-content\/uploads\/2024\/05\/cropped-korea3.png\",\"contentUrl\":\"https:\/\/idakorea.ee\/wp-content\/uploads\/2024\/05\/cropped-korea3.png\",\"width\":688,\"height\":126,\"caption\":\"IDA.KOREA\"},\"image\":{\"@id\":\"https:\/\/idakorea.ee\/#\/schema\/logo\/image\/\"},\"sameAs\":[\"https:\/\/www.instagram.com\/ida.korea\/\"]}]}<\/script>\n<!-- \/ Yoast SEO plugin. -->","yoast_head_json":{"title":"Axis-Y LHA Peel &amp; Fill -huokosia tasapainottava voide, 50ml - IDA.KOREA","description":"Hell\u00e4varainen kuoriva kasvovoide, joka poistaa hell\u00e4varaisesti kuolleita ihosoluja, puhdistaa ihohuokoset ja auttaa torjumaan mustap\u00e4it\u00e4 aiheuttamatta \u00e4rsytyst\u00e4. - Nopea toimitus!","robots":{"index":"index","follow":"follow","max-snippet":"max-snippet:-1","max-image-preview":"max-image-preview:large","max-video-preview":"max-video-preview:-1"},"canonical":"https:\/\/idakorea.ee\/fi\/product\/axis-y-lha-peel-fill-pore-balancing-cream-50ml\/","og_locale":"fi_FI","og_type":"article","og_title":"Axis-Y LHA Peel & Fill Pore Balancing Cream, 50ml - IDA.KOREA","og_description":"\u00d5rn kooriv n\u00e4okreem, mis eemaldab delikaatselt surnud naharakud, puhastab poore ja aitab v\u00f5idelda mustpeadega, \u00e4rritust p\u00f5hjustamata. - Kiire tarne!","og_url":"https:\/\/idakorea.ee\/fi\/product\/axis-y-lha-peel-fill-pore-balancing-cream-50ml\/","og_site_name":"IDA.KOREA","article_modified_time":"2026-04-08T09:58:08+00:00","og_image":[{"width":1000,"height":1000,"url":"https:\/\/idakorea.ee\/wp-content\/uploads\/2026\/01\/AXIS-Y-LHA-Peel-Fill-Pore-Balancing-Cream-idakorea.jpg","type":"image\/jpeg"}],"twitter_card":"summary_large_image","twitter_misc":{"Arvioitu lukuaika":"2 minuuttia"},"schema":{"@context":"https:\/\/schema.org","@graph":[{"@type":"WebPage","@id":"https:\/\/idakorea.ee\/product\/axis-y-lha-peel-fill-pore-balancing-cream-50ml\/","url":"https:\/\/idakorea.ee\/product\/axis-y-lha-peel-fill-pore-balancing-cream-50ml\/","name":"Axis-Y LHA Peel &amp; Fill -huokosia tasapainottava voide, 50ml - IDA.KOREA","isPartOf":{"@id":"https:\/\/idakorea.ee\/#website"},"primaryImageOfPage":{"@id":"https:\/\/idakorea.ee\/product\/axis-y-lha-peel-fill-pore-balancing-cream-50ml\/#primaryimage"},"image":{"@id":"https:\/\/idakorea.ee\/product\/axis-y-lha-peel-fill-pore-balancing-cream-50ml\/#primaryimage"},"thumbnailUrl":"https:\/\/idakorea.ee\/wp-content\/uploads\/2026\/01\/AXIS-Y-LHA-Peel-Fill-Pore-Balancing-Cream-idakorea.jpg","datePublished":"2026-01-05T13:25:47+00:00","dateModified":"2026-04-08T09:58:08+00:00","description":"Hell\u00e4varainen kuoriva kasvovoide, joka poistaa hell\u00e4varaisesti kuolleita ihosoluja, puhdistaa ihohuokoset ja auttaa torjumaan mustap\u00e4it\u00e4 aiheuttamatta \u00e4rsytyst\u00e4. - Nopea toimitus!","breadcrumb":{"@id":"https:\/\/idakorea.ee\/product\/axis-y-lha-peel-fill-pore-balancing-cream-50ml\/#breadcrumb"},"inLanguage":"fi","potentialAction":[{"@type":"ReadAction","target":["https:\/\/idakorea.ee\/product\/axis-y-lha-peel-fill-pore-balancing-cream-50ml\/"]}]},{"@type":"ImageObject","inLanguage":"fi","@id":"https:\/\/idakorea.ee\/product\/axis-y-lha-peel-fill-pore-balancing-cream-50ml\/#primaryimage","url":"https:\/\/idakorea.ee\/wp-content\/uploads\/2026\/01\/AXIS-Y-LHA-Peel-Fill-Pore-Balancing-Cream-idakorea.jpg","contentUrl":"https:\/\/idakorea.ee\/wp-content\/uploads\/2026\/01\/AXIS-Y-LHA-Peel-Fill-Pore-Balancing-Cream-idakorea.jpg","width":1000,"height":1000},{"@type":"BreadcrumbList","@id":"https:\/\/idakorea.ee\/product\/axis-y-lha-peel-fill-pore-balancing-cream-50ml\/#breadcrumb","itemListElement":[{"@type":"ListItem","position":1,"name":"\u0413\u043b\u0430\u0432\u043d\u0430\u044f \u0441\u0442\u0440\u0430\u043d\u0438\u0446\u0430","item":"https:\/\/idakorea.ee\/"},{"@type":"ListItem","position":2,"name":"Shop","item":"https:\/\/idakorea.ee\/shop-2\/"},{"@type":"ListItem","position":3,"name":"\u00d5rn kooriv n\u00e4okreem Axis-Y LHA Peel &#038; Fill Pore Balancing Cream, 50ml"}]},{"@type":"WebSite","@id":"https:\/\/idakorea.ee\/#website","url":"https:\/\/idakorea.ee\/","name":"IDA.KOREA","description":"Korean kosmetiikan verkkokauppa","publisher":{"@id":"https:\/\/idakorea.ee\/#organization"},"alternateName":"Beauty Shop","potentialAction":[{"@type":"SearchAction","target":{"@type":"EntryPoint","urlTemplate":"https:\/\/idakorea.ee\/?s={search_term_string}"},"query-input":{"@type":"PropertyValueSpecification","valueRequired":true,"valueName":"search_term_string"}}],"inLanguage":"fi"},{"@type":"Organization","@id":"https:\/\/idakorea.ee\/#organization","name":"IDA.KOREA","url":"https:\/\/idakorea.ee\/","logo":{"@type":"ImageObject","inLanguage":"fi","@id":"https:\/\/idakorea.ee\/#\/schema\/logo\/image\/","url":"https:\/\/idakorea.ee\/wp-content\/uploads\/2024\/05\/cropped-korea3.png","contentUrl":"https:\/\/idakorea.ee\/wp-content\/uploads\/2024\/05\/cropped-korea3.png","width":688,"height":126,"caption":"IDA.KOREA"},"image":{"@id":"https:\/\/idakorea.ee\/#\/schema\/logo\/image\/"},"sameAs":["https:\/\/www.instagram.com\/ida.korea\/"]}]}},"jetpack_sharing_enabled":true,"brands":[{"id":565,"name":"AXIS-Y","slug":"axis-y"}],"_links":{"self":[{"href":"https:\/\/idakorea.ee\/fi\/wp-json\/wp\/v2\/product\/17098","targetHints":{"allow":["GET"]}}],"collection":[{"href":"https:\/\/idakorea.ee\/fi\/wp-json\/wp\/v2\/product"}],"about":[{"href":"https:\/\/idakorea.ee\/fi\/wp-json\/wp\/v2\/types\/product"}],"replies":[{"embeddable":true,"href":"https:\/\/idakorea.ee\/fi\/wp-json\/wp\/v2\/comments?post=17098"}],"version-history":[{"count":2,"href":"https:\/\/idakorea.ee\/fi\/wp-json\/wp\/v2\/product\/17098\/revisions"}],"predecessor-version":[{"id":17103,"href":"https:\/\/idakorea.ee\/fi\/wp-json\/wp\/v2\/product\/17098\/revisions\/17103"}],"wp:featuredmedia":[{"embeddable":true,"href":"https:\/\/idakorea.ee\/fi\/wp-json\/wp\/v2\/media\/17101"}],"wp:attachment":[{"href":"https:\/\/idakorea.ee\/fi\/wp-json\/wp\/v2\/media?parent=17098"}],"wp:term":[{"taxonomy":"pwb-brand","embeddable":true,"href":"https:\/\/idakorea.ee\/fi\/wp-json\/wp\/v2\/pwb-brand?post=17098"},{"taxonomy":"product_brand","embeddable":true,"href":"https:\/\/idakorea.ee\/fi\/wp-json\/wp\/v2\/product_brand?post=17098"},{"taxonomy":"product_cat","embeddable":true,"href":"https:\/\/idakorea.ee\/fi\/wp-json\/wp\/v2\/product_cat?post=17098"},{"taxonomy":"product_tag","embeddable":true,"href":"https:\/\/idakorea.ee\/fi\/wp-json\/wp\/v2\/product_tag?post=17098"}],"curies":[{"name":"wp","href":"https:\/\/api.w.org\/{rel}","templated":true}]}}