{"id":17110,"date":"2026-01-06T09:02:32","date_gmt":"2026-01-06T07:02:32","guid":{"rendered":"https:\/\/idakorea.ee\/?post_type=product&#038;p=17110"},"modified":"2026-01-29T11:28:24","modified_gmt":"2026-01-29T09:28:24","slug":"vt-cosmetics-cica-collagen-all-in-one-3step-mask","status":"publish","type":"product","link":"https:\/\/idakorea.ee\/fi\/product\/vt-cosmetics-cica-collagen-all-in-one-3step-mask\/","title":{"rendered":"VT Cosmetics Cica Collagen All In One 3Step Mask"},"content":{"rendered":"<p data-start=\"67\" data-end=\"294\"><strong data-start=\"67\" data-end=\"119\">VT Cosmetics Cica Collagen All In One 3Step Mask<\/strong> on kolmivaiheinen hoitosetti, joka sis\u00e4lt\u00e4\u00e4 kolme tuotetta kokonaisvaltaiseen ihonhoitoon: seerumin, naamion ja kosteuttavan essenssin, ja jonka avulla voit tutustua sarjan myyntimenestyleihin.<\/p>\n<p data-start=\"296\" data-end=\"462\">Kaikki kollageenisarjan tuotteet tukevat ihon kimmoisuutta ja kiinteytt\u00e4, kosteuttavat tehokkaasti, hidastavat ik\u00e4\u00e4ntymisprosesseja ja tekev\u00e4t ihosta sile\u00e4n ja s\u00e4teilev\u00e4n.<\/p>\n<p data-start=\"464\" data-end=\"495\"><strong data-start=\"464\" data-end=\"495\">Pakkaus koostuu kolmesta vaiheesta:<\/strong><\/p>\n<ul data-start=\"496\" data-end=\"966\">\n<li data-start=\"496\" data-end=\"633\">\n<p data-start=\"498\" data-end=\"633\"><strong data-start=\"498\" data-end=\"522\">Collagen First Serum<\/strong> \u2013 kosteuttaa ja pehment\u00e4\u00e4, palauttaa ihon puhdistuksen j\u00e4lkeen ja valmistelee sen seuraavien tuotteiden k\u00e4ytt\u00f6\u00f6n.<\/p>\n<\/li>\n<li data-start=\"634\" data-end=\"746\">\n<p data-start=\"636\" data-end=\"746\"><strong data-start=\"636\" data-end=\"659\">Collagen Jelly Mask<\/strong> \u2013 palauttaa kosteustasapainon, nopeuttaa paranemista ja rauhoittaa punoitusta ja \u00e4rsytyst\u00e4.<\/p>\n<\/li>\n<li data-start=\"747\" data-end=\"966\">\n<p data-start=\"749\" data-end=\"966\"><strong data-start=\"749\" data-end=\"772\">Cica Collagen Cream<\/strong> \u2013 vahvistaa ihon suojakerrosta, auttaa ehk\u00e4isem\u00e4\u00e4n kuivumista ja hilseily\u00e4 sek\u00e4 palauttaa ihon kimmoisuuden. Lis\u00e4\u00e4 ihon kiinteytt\u00e4 ja elastisuutta, auttaa silottamaan ryppyj\u00e4 ja v\u00e4hent\u00e4m\u00e4\u00e4n ihopoimujen syvyytt\u00e4.<\/p>\n<\/li>\n<\/ul>\n<p data-start=\"968\" data-end=\"992\"><strong data-start=\"968\" data-end=\"992\">T\u00e4rkeimm\u00e4t vaikuttavat aineet:<\/strong><\/p>\n<ul data-start=\"993\" data-end=\"1917\">\n<li data-start=\"993\" data-end=\"1178\">\n<p data-start=\"995\" data-end=\"1178\"><strong data-start=\"995\" data-end=\"1030\">Pienimolekyylipainoinen kollageeni<\/strong> \u2013 pehment\u00e4\u00e4 ihoa, parantaa mikroreliefi\u00e4, tarjoaa pitk\u00e4kestoista kosteutusta ja auttaa silottamaan ryppyj\u00e4. VT Cosmeticsin kollageenin molekyylipaino on 300 Da.<\/p>\n<\/li>\n<li data-start=\"1179\" data-end=\"1372\">\n<p data-start=\"1181\" data-end=\"1372\"><strong data-start=\"1181\" data-end=\"1195\">6 peptidi\u00e4<\/strong> \u2013 vaikuttavat ik\u00e4\u00e4ntymist\u00e4 ehk\u00e4isev\u00e4sti: stimuloivat kollageenin ja elastiinin synteesi\u00e4, nopeuttavat uudistumista, v\u00e4hent\u00e4v\u00e4t ryppyjen syvyytt\u00e4 sek\u00e4 silottavat ja kiinteytt\u00e4v\u00e4t ihoa.<\/p>\n<\/li>\n<li data-start=\"1373\" data-end=\"1518\">\n<p data-start=\"1375\" data-end=\"1518\"><strong data-start=\"1375\" data-end=\"1391\">5 keramidia<\/strong> \u2013 auttavat s\u00e4ilytt\u00e4m\u00e4\u00e4n kosteutta ihossa, lievitt\u00e4v\u00e4t kuivuutta, hilseily\u00e4 ja kireyden tunnetta sek\u00e4 tukevat sile\u00e4n ihon rakenteen yll\u00e4pit\u00e4mist\u00e4.<\/p>\n<\/li>\n<li data-start=\"1519\" data-end=\"1753\">\n<p data-start=\"1521\" data-end=\"1753\"><strong data-start=\"1521\" data-end=\"1536\">Cicahyalon\u2122<\/strong> \u2013 vihre\u00e4n propolis-uutteen, centella-johdannaisten (madekassosidi, madekassosidihappo, asiatikosidi ja aasiahappo) ja hyaluronihapon yhdistelm\u00e4. Lievitt\u00e4\u00e4 \u00e4rsytyst\u00e4 ja punoitusta, kosteuttaa ja tukee ihon kimmoisuutta.<\/p>\n<\/li>\n<li data-start=\"1754\" data-end=\"1917\">\n<p data-start=\"1756\" data-end=\"1917\"><strong data-start=\"1756\" data-end=\"1783\">Pantenoli (B5-vitamiini)<\/strong> \u2013 nopeuttaa mikrovaurioiden paranemista, pehment\u00e4\u00e4 ja rauhoittaa ihoa, v\u00e4hent\u00e4\u00e4 punoitusta ja parantaa epidermiksen suojamuuria.<\/p>\n<\/li>\n<\/ul>\n<p data-start=\"1919\" data-end=\"1949\">Sopii kaikille ihotyypeille.<\/p>\n<p data-start=\"1951\" data-end=\"2190\"><strong data-start=\"1951\" data-end=\"1966\">K\u00e4ytt\u00f6:<\/strong> Puhdistuksen j\u00e4lkeen levit\u00e4 seerumi kasvoillesi, levit\u00e4 tasaisesti ja anna imeyty\u00e4. Aseta sitten naamio kasvoillesi. Poista 10\u201320 minuutin kuluttua ja taputtele j\u00e4ljell\u00e4 oleva seerumi hell\u00e4varaisesti ihoon. Viimeistele hoito voideella.<\/p>","protected":false},"excerpt":{"rendered":"<p>VT Cosmetics Cica Collagen All In One 3Step Mask on kolmivaiheinen hoitosetti, joka sis\u00e4lt\u00e4\u00e4 kolme tuotetta kokonaisvaltaiseen ihonhoitoon: seerumin, naamion ja kosteuttavan essenssin. Se antaa sinun tutustua sarjan bestsellereihin. Kaikki kollageenisarjan tuotteet tukevat ihon kimmoisuutta ja kiinteytt\u00e4, kosteuttavat tehokkaasti, hidastavat ik\u00e4\u00e4ntymisprosessia ja tekev\u00e4t ihosta sile\u00e4n ja s\u00e4teilev\u00e4n. Setti koostuu kolmesta vaiheesta: Collagen First Serum \u2013 kosteuttaa\u2026<\/p>","protected":false},"featured_media":17112,"comment_status":"open","ping_status":"closed","template":"","meta":{"_uf_show_specific_survey":0,"_uf_disable_surveys":false,"_bst_post_transparent":"default","_bst_post_title":"","_bst_post_layout":"default","_bst_post_sidebar_id":"","_bst_post_content_style":"default","_bst_post_vertical_padding":"default","_bst_post_feature":"","_bst_post_feature_position":"","_bst_post_header":false,"_bst_post_footer":false},"pwb-brand":[493],"product_brand":[],"product_cat":[92,98],"product_tag":[545,517,568,614,462],"class_list":{"0":"post-17110","1":"product","2":"type-product","3":"status-publish","4":"has-post-thumbnail","6":"pwb-brand-vt","7":"product_cat-nagu","8":"product_cat-naomaskid","9":"product_tag-cica","10":"product_tag-collagen","11":"product_tag-korea","12":"product_tag-mask","13":"product_tag-vt","15":"first","16":"instock","17":"sale","18":"shipping-taxable","19":"purchasable","20":"product-type-simple","21":"entry","22":"content-bg","23":"loop-entry"},"supplier_id":null,"supplier_sku":"","barcode":null,"atum_controlled":true,"out_stock_date":null,"out_stock_threshold":null,"inheritable":false,"inbound_stock":0,"stock_on_hold":0,"sold_today":0,"sales_last_days":0,"out_stock_days":0,"lost_sales":0,"has_location":false,"update_date":"2026-04-14T00:05:05","atum_locations":[],"atum_stock_status":"instock","restock_status":false,"low_stock_amount":"","sales_update_date":"2026-04-14T00:05:05","calc_backorders":null,"yoast_head":"<!-- This site is optimized with the Yoast SEO plugin v27.2 - https:\/\/yoast.com\/product\/yoast-seo-wordpress\/ -->\n<title>VT Cosmetics Cica Collagen All In One 3Step Mask - IDA.KOREA<\/title>\n<meta name=\"description\" content=\"Kolmeetapiline hoolduskomplekt sisaldab kolme toodet terviklikuks nahahoolduseks: seerumit, maski ja niisutavat essentsi. VT Cosmetics kollageenisari.\" \/>\n<meta name=\"robots\" content=\"index, follow, max-snippet:-1, max-image-preview:large, max-video-preview:-1\" \/>\n<link rel=\"canonical\" href=\"https:\/\/idakorea.ee\/fi\/product\/vt-cosmetics-cica-collagen-all-in-one-3step-mask\/\" \/>\n<meta property=\"og:locale\" content=\"fi_FI\" \/>\n<meta property=\"og:type\" content=\"article\" \/>\n<meta property=\"og:title\" content=\"VT Cosmetics Cica Collagen All In One 3Step Mask - IDA.KOREA\" \/>\n<meta property=\"og:description\" content=\"Kolmeetapiline hoolduskomplekt sisaldab kolme toodet terviklikuks nahahoolduseks: seerumit, maski ja niisutavat essentsi. VT Cosmetics kollageenisari.\" \/>\n<meta property=\"og:url\" content=\"https:\/\/idakorea.ee\/fi\/product\/vt-cosmetics-cica-collagen-all-in-one-3step-mask\/\" \/>\n<meta property=\"og:site_name\" content=\"IDA.KOREA\" \/>\n<meta property=\"article:modified_time\" content=\"2026-01-29T09:28:24+00:00\" \/>\n<meta property=\"og:image\" content=\"https:\/\/idakorea.ee\/wp-content\/uploads\/2026\/01\/VT-Cosmetics-Cica-Collagen-All-In-One-3Step-Mask-idakorea.jpg\" \/>\n\t<meta property=\"og:image:width\" content=\"1000\" \/>\n\t<meta property=\"og:image:height\" content=\"1000\" \/>\n\t<meta property=\"og:image:type\" content=\"image\/jpeg\" \/>\n<meta name=\"twitter:card\" content=\"summary_large_image\" \/>\n<meta name=\"twitter:label1\" content=\"Arvioitu lukuaika\" \/>\n\t<meta name=\"twitter:data1\" content=\"2 minuuttia\" \/>\n<script type=\"application\/ld+json\" class=\"yoast-schema-graph\">{\"@context\":\"https:\/\/schema.org\",\"@graph\":[{\"@type\":\"WebPage\",\"@id\":\"https:\/\/idakorea.ee\/product\/vt-cosmetics-cica-collagen-all-in-one-3step-mask\/\",\"url\":\"https:\/\/idakorea.ee\/product\/vt-cosmetics-cica-collagen-all-in-one-3step-mask\/\",\"name\":\"VT Cosmetics Cica Collagen All In One 3Step Mask - IDA.KOREA\",\"isPartOf\":{\"@id\":\"https:\/\/idakorea.ee\/#website\"},\"primaryImageOfPage\":{\"@id\":\"https:\/\/idakorea.ee\/product\/vt-cosmetics-cica-collagen-all-in-one-3step-mask\/#primaryimage\"},\"image\":{\"@id\":\"https:\/\/idakorea.ee\/product\/vt-cosmetics-cica-collagen-all-in-one-3step-mask\/#primaryimage\"},\"thumbnailUrl\":\"https:\/\/idakorea.ee\/wp-content\/uploads\/2026\/01\/VT-Cosmetics-Cica-Collagen-All-In-One-3Step-Mask-idakorea.jpg\",\"datePublished\":\"2026-01-06T07:02:32+00:00\",\"dateModified\":\"2026-01-29T09:28:24+00:00\",\"description\":\"Kolmeetapiline hoolduskomplekt sisaldab kolme toodet terviklikuks nahahoolduseks: seerumit, maski ja niisutavat essentsi. VT Cosmetics kollageenisari.\",\"breadcrumb\":{\"@id\":\"https:\/\/idakorea.ee\/product\/vt-cosmetics-cica-collagen-all-in-one-3step-mask\/#breadcrumb\"},\"inLanguage\":\"fi\",\"potentialAction\":[{\"@type\":\"ReadAction\",\"target\":[\"https:\/\/idakorea.ee\/product\/vt-cosmetics-cica-collagen-all-in-one-3step-mask\/\"]}]},{\"@type\":\"ImageObject\",\"inLanguage\":\"fi\",\"@id\":\"https:\/\/idakorea.ee\/product\/vt-cosmetics-cica-collagen-all-in-one-3step-mask\/#primaryimage\",\"url\":\"https:\/\/idakorea.ee\/wp-content\/uploads\/2026\/01\/VT-Cosmetics-Cica-Collagen-All-In-One-3Step-Mask-idakorea.jpg\",\"contentUrl\":\"https:\/\/idakorea.ee\/wp-content\/uploads\/2026\/01\/VT-Cosmetics-Cica-Collagen-All-In-One-3Step-Mask-idakorea.jpg\",\"width\":1000,\"height\":1000},{\"@type\":\"BreadcrumbList\",\"@id\":\"https:\/\/idakorea.ee\/product\/vt-cosmetics-cica-collagen-all-in-one-3step-mask\/#breadcrumb\",\"itemListElement\":[{\"@type\":\"ListItem\",\"position\":1,\"name\":\"\u0413\u043b\u0430\u0432\u043d\u0430\u044f \u0441\u0442\u0440\u0430\u043d\u0438\u0446\u0430\",\"item\":\"https:\/\/idakorea.ee\/\"},{\"@type\":\"ListItem\",\"position\":2,\"name\":\"Shop\",\"item\":\"https:\/\/idakorea.ee\/shop-2\/\"},{\"@type\":\"ListItem\",\"position\":3,\"name\":\"Kolmeetapiline hoolduskomplekt VT Cosmetics Cica Collagen All In One 3Step Mask\"}]},{\"@type\":\"WebSite\",\"@id\":\"https:\/\/idakorea.ee\/#website\",\"url\":\"https:\/\/idakorea.ee\/\",\"name\":\"IDA.KOREA\",\"description\":\"Korea kosmeetika e-pood\",\"publisher\":{\"@id\":\"https:\/\/idakorea.ee\/#organization\"},\"alternateName\":\"Beauty Shop\",\"potentialAction\":[{\"@type\":\"SearchAction\",\"target\":{\"@type\":\"EntryPoint\",\"urlTemplate\":\"https:\/\/idakorea.ee\/?s={search_term_string}\"},\"query-input\":{\"@type\":\"PropertyValueSpecification\",\"valueRequired\":true,\"valueName\":\"search_term_string\"}}],\"inLanguage\":\"fi\"},{\"@type\":\"Organization\",\"@id\":\"https:\/\/idakorea.ee\/#organization\",\"name\":\"IDA.KOREA\",\"url\":\"https:\/\/idakorea.ee\/\",\"logo\":{\"@type\":\"ImageObject\",\"inLanguage\":\"fi\",\"@id\":\"https:\/\/idakorea.ee\/#\/schema\/logo\/image\/\",\"url\":\"https:\/\/idakorea.ee\/wp-content\/uploads\/2024\/05\/cropped-korea3.png\",\"contentUrl\":\"https:\/\/idakorea.ee\/wp-content\/uploads\/2024\/05\/cropped-korea3.png\",\"width\":688,\"height\":126,\"caption\":\"IDA.KOREA\"},\"image\":{\"@id\":\"https:\/\/idakorea.ee\/#\/schema\/logo\/image\/\"},\"sameAs\":[\"https:\/\/www.instagram.com\/ida.korea\/\"]}]}<\/script>\n<!-- \/ Yoast SEO plugin. -->","yoast_head_json":{"title":"VT Cosmetics Cica Collagen All In One 3Step Mask - IDA.KOREA","description":"Kolmeetapiline hoolduskomplekt sisaldab kolme toodet terviklikuks nahahoolduseks: seerumit, maski ja niisutavat essentsi. VT Cosmetics kollageenisari.","robots":{"index":"index","follow":"follow","max-snippet":"max-snippet:-1","max-image-preview":"max-image-preview:large","max-video-preview":"max-video-preview:-1"},"canonical":"https:\/\/idakorea.ee\/fi\/product\/vt-cosmetics-cica-collagen-all-in-one-3step-mask\/","og_locale":"fi_FI","og_type":"article","og_title":"VT Cosmetics Cica Collagen All In One 3Step Mask - IDA.KOREA","og_description":"Kolmeetapiline hoolduskomplekt sisaldab kolme toodet terviklikuks nahahoolduseks: seerumit, maski ja niisutavat essentsi. VT Cosmetics kollageenisari.","og_url":"https:\/\/idakorea.ee\/fi\/product\/vt-cosmetics-cica-collagen-all-in-one-3step-mask\/","og_site_name":"IDA.KOREA","article_modified_time":"2026-01-29T09:28:24+00:00","og_image":[{"width":1000,"height":1000,"url":"https:\/\/idakorea.ee\/wp-content\/uploads\/2026\/01\/VT-Cosmetics-Cica-Collagen-All-In-One-3Step-Mask-idakorea.jpg","type":"image\/jpeg"}],"twitter_card":"summary_large_image","twitter_misc":{"Arvioitu lukuaika":"2 minuuttia"},"schema":{"@context":"https:\/\/schema.org","@graph":[{"@type":"WebPage","@id":"https:\/\/idakorea.ee\/product\/vt-cosmetics-cica-collagen-all-in-one-3step-mask\/","url":"https:\/\/idakorea.ee\/product\/vt-cosmetics-cica-collagen-all-in-one-3step-mask\/","name":"VT Cosmetics Cica Collagen All In One 3Step Mask - IDA.KOREA","isPartOf":{"@id":"https:\/\/idakorea.ee\/#website"},"primaryImageOfPage":{"@id":"https:\/\/idakorea.ee\/product\/vt-cosmetics-cica-collagen-all-in-one-3step-mask\/#primaryimage"},"image":{"@id":"https:\/\/idakorea.ee\/product\/vt-cosmetics-cica-collagen-all-in-one-3step-mask\/#primaryimage"},"thumbnailUrl":"https:\/\/idakorea.ee\/wp-content\/uploads\/2026\/01\/VT-Cosmetics-Cica-Collagen-All-In-One-3Step-Mask-idakorea.jpg","datePublished":"2026-01-06T07:02:32+00:00","dateModified":"2026-01-29T09:28:24+00:00","description":"Kolmeetapiline hoolduskomplekt sisaldab kolme toodet terviklikuks nahahoolduseks: seerumit, maski ja niisutavat essentsi. VT Cosmetics kollageenisari.","breadcrumb":{"@id":"https:\/\/idakorea.ee\/product\/vt-cosmetics-cica-collagen-all-in-one-3step-mask\/#breadcrumb"},"inLanguage":"fi","potentialAction":[{"@type":"ReadAction","target":["https:\/\/idakorea.ee\/product\/vt-cosmetics-cica-collagen-all-in-one-3step-mask\/"]}]},{"@type":"ImageObject","inLanguage":"fi","@id":"https:\/\/idakorea.ee\/product\/vt-cosmetics-cica-collagen-all-in-one-3step-mask\/#primaryimage","url":"https:\/\/idakorea.ee\/wp-content\/uploads\/2026\/01\/VT-Cosmetics-Cica-Collagen-All-In-One-3Step-Mask-idakorea.jpg","contentUrl":"https:\/\/idakorea.ee\/wp-content\/uploads\/2026\/01\/VT-Cosmetics-Cica-Collagen-All-In-One-3Step-Mask-idakorea.jpg","width":1000,"height":1000},{"@type":"BreadcrumbList","@id":"https:\/\/idakorea.ee\/product\/vt-cosmetics-cica-collagen-all-in-one-3step-mask\/#breadcrumb","itemListElement":[{"@type":"ListItem","position":1,"name":"\u0413\u043b\u0430\u0432\u043d\u0430\u044f \u0441\u0442\u0440\u0430\u043d\u0438\u0446\u0430","item":"https:\/\/idakorea.ee\/"},{"@type":"ListItem","position":2,"name":"Shop","item":"https:\/\/idakorea.ee\/shop-2\/"},{"@type":"ListItem","position":3,"name":"Kolmeetapiline hoolduskomplekt VT Cosmetics Cica Collagen All In One 3Step Mask"}]},{"@type":"WebSite","@id":"https:\/\/idakorea.ee\/#website","url":"https:\/\/idakorea.ee\/","name":"IDA.KOREA","description":"Korean kosmetiikan verkkokauppa","publisher":{"@id":"https:\/\/idakorea.ee\/#organization"},"alternateName":"Beauty Shop","potentialAction":[{"@type":"SearchAction","target":{"@type":"EntryPoint","urlTemplate":"https:\/\/idakorea.ee\/?s={search_term_string}"},"query-input":{"@type":"PropertyValueSpecification","valueRequired":true,"valueName":"search_term_string"}}],"inLanguage":"fi"},{"@type":"Organization","@id":"https:\/\/idakorea.ee\/#organization","name":"IDA.KOREA","url":"https:\/\/idakorea.ee\/","logo":{"@type":"ImageObject","inLanguage":"fi","@id":"https:\/\/idakorea.ee\/#\/schema\/logo\/image\/","url":"https:\/\/idakorea.ee\/wp-content\/uploads\/2024\/05\/cropped-korea3.png","contentUrl":"https:\/\/idakorea.ee\/wp-content\/uploads\/2024\/05\/cropped-korea3.png","width":688,"height":126,"caption":"IDA.KOREA"},"image":{"@id":"https:\/\/idakorea.ee\/#\/schema\/logo\/image\/"},"sameAs":["https:\/\/www.instagram.com\/ida.korea\/"]}]}},"jetpack_sharing_enabled":true,"brands":[{"id":493,"name":"VT COSMETICS","slug":"vt"}],"_links":{"self":[{"href":"https:\/\/idakorea.ee\/fi\/wp-json\/wp\/v2\/product\/17110","targetHints":{"allow":["GET"]}}],"collection":[{"href":"https:\/\/idakorea.ee\/fi\/wp-json\/wp\/v2\/product"}],"about":[{"href":"https:\/\/idakorea.ee\/fi\/wp-json\/wp\/v2\/types\/product"}],"replies":[{"embeddable":true,"href":"https:\/\/idakorea.ee\/fi\/wp-json\/wp\/v2\/comments?post=17110"}],"version-history":[{"count":1,"href":"https:\/\/idakorea.ee\/fi\/wp-json\/wp\/v2\/product\/17110\/revisions"}],"predecessor-version":[{"id":17113,"href":"https:\/\/idakorea.ee\/fi\/wp-json\/wp\/v2\/product\/17110\/revisions\/17113"}],"wp:featuredmedia":[{"embeddable":true,"href":"https:\/\/idakorea.ee\/fi\/wp-json\/wp\/v2\/media\/17112"}],"wp:attachment":[{"href":"https:\/\/idakorea.ee\/fi\/wp-json\/wp\/v2\/media?parent=17110"}],"wp:term":[{"taxonomy":"pwb-brand","embeddable":true,"href":"https:\/\/idakorea.ee\/fi\/wp-json\/wp\/v2\/pwb-brand?post=17110"},{"taxonomy":"product_brand","embeddable":true,"href":"https:\/\/idakorea.ee\/fi\/wp-json\/wp\/v2\/product_brand?post=17110"},{"taxonomy":"product_cat","embeddable":true,"href":"https:\/\/idakorea.ee\/fi\/wp-json\/wp\/v2\/product_cat?post=17110"},{"taxonomy":"product_tag","embeddable":true,"href":"https:\/\/idakorea.ee\/fi\/wp-json\/wp\/v2\/product_tag?post=17110"}],"curies":[{"name":"wp","href":"https:\/\/api.w.org\/{rel}","templated":true}]}}