{"id":17115,"date":"2026-01-06T13:45:26","date_gmt":"2026-01-06T11:45:26","guid":{"rendered":"https:\/\/idakorea.ee\/?post_type=product&#038;p=17115"},"modified":"2026-01-31T09:47:48","modified_gmt":"2026-01-31T07:47:48","slug":"kang-hwa-silkworm-cordyceps-pad-20tk","status":"publish","type":"product","link":"https:\/\/idakorea.ee\/fi\/product\/kang-hwa-silkworm-cordyceps-pad-20tk\/","title":{"rendered":"Kipul\u00e4\u00e4kelaastari Kang Hwa Silkkitoukan Cordyceps-tyyny, 20 kpl"},"content":{"rendered":"<p data-start=\"58\" data-end=\"507\"><strong data-start=\"58\" data-end=\"93\">Kang Hwa Silkworm Cordyceps Pad<\/strong> on moderni kipua lievitt\u00e4v\u00e4 laastari, joka on kehitetty perinteisen it\u00e4maisen l\u00e4\u00e4ketieteen ja nykyaikaisten teknologioiden pohjalta. Se perustuu ainutlaatuiseen yhdistelm\u00e4\u00e4n cordycepsia ja muita parantavia ainesosia, jotka vaikuttavat synergistisesti vaurioituneilla alueilla ja tarjoavat nopeaa ja pitk\u00e4kestoista helpotusta. Laastari v\u00e4hent\u00e4\u00e4 tehokkaasti tulehdusta, lievitt\u00e4\u00e4 kipua ja auttaa palauttamaan nivelten ja lihasten liikkuvuuden.<\/p>\n<p data-start=\"509\" data-end=\"529\"><strong data-start=\"513\" data-end=\"529\">K\u00e4ytt\u00f6aiheet:<\/strong><\/p>\n<ul data-start=\"530\" data-end=\"838\">\n<li data-start=\"530\" data-end=\"571\">\n<p data-start=\"532\" data-end=\"571\">Reuma, nivelreuma, nivelrikko<\/p>\n<\/li>\n<li data-start=\"572\" data-end=\"586\">\n<p data-start=\"574\" data-end=\"586\">Radikuliitti<\/p>\n<\/li>\n<li data-start=\"587\" data-end=\"601\">\n<p data-start=\"589\" data-end=\"601\">Selk\u00e4kipu<\/p>\n<\/li>\n<li data-start=\"602\" data-end=\"621\">\n<p data-start=\"604\" data-end=\"621\">Raajojen tunnottomuus<\/p>\n<\/li>\n<li data-start=\"622\" data-end=\"651\">\n<p data-start=\"624\" data-end=\"651\">Nyrj\u00e4hdykset ja mustelmat<\/p>\n<\/li>\n<li data-start=\"652\" data-end=\"691\">\n<p data-start=\"654\" data-end=\"691\">J\u00e4\u00e4tynyt olkap\u00e4\u00e4 (adhesiivinen kapsuliiitti)<\/p>\n<\/li>\n<li data-start=\"692\" data-end=\"717\">\n<p data-start=\"694\" data-end=\"717\">Kohdunkaulan spondyloosi<\/p>\n<\/li>\n<li data-start=\"718\" data-end=\"751\">\n<p data-start=\"720\" data-end=\"751\">Tyr\u00e4inen v\u00e4lilevy (lanne)<\/p>\n<\/li>\n<li data-start=\"752\" data-end=\"775\">\n<p data-start=\"754\" data-end=\"775\">Luukasvaimet (luukasvaimet)<\/p>\n<\/li>\n<li data-start=\"776\" data-end=\"838\">\n<p data-start=\"778\" data-end=\"838\">Lateraalinen epikondyliitti (tenniskyyn\u00e4rp\u00e4\u00e4), tendovaginiitti<\/p>\n<\/li>\n<\/ul>\n<p data-start=\"840\" data-end=\"888\"><strong data-start=\"844\" data-end=\"888\">Kang Hwa -silkkitoukan Cordyceps-tyynyn hy\u00f6dyt:<\/strong><\/p>\n<ul data-start=\"889\" data-end=\"1233\">\n<li data-start=\"889\" data-end=\"1005\">\n<p data-start=\"891\" data-end=\"1005\"><strong data-start=\"891\" data-end=\"928\">Nopea ja tehokas kivunlievitys:<\/strong> Komponenttien synergistinen vaikutus auttaa v\u00e4hent\u00e4m\u00e4\u00e4n kipua ja tulehdusta nopeasti.<\/p>\n<\/li>\n<li data-start=\"1006\" data-end=\"1057\">\n<p data-start=\"1008\" data-end=\"1057\"><strong data-start=\"1008\" data-end=\"1030\">Pitk\u00e4aikainen vaikutus:<\/strong> helpotusta jopa 12 tuntia.<\/p>\n<\/li>\n<li data-start=\"1058\" data-end=\"1152\">\n<p data-start=\"1060\" data-end=\"1152\"><strong data-start=\"1060\" data-end=\"1079\">K\u00e4tev\u00e4 k\u00e4ytt\u00e4\u00e4:<\/strong> helppo levitt\u00e4\u00e4 ja poistaa, ei j\u00e4t\u00e4 j\u00e4lki\u00e4 iholle tai vaatteisiin.<\/p>\n<\/li>\n<li data-start=\"1153\" data-end=\"1233\">\n<p data-start=\"1155\" data-end=\"1233\"><strong data-start=\"1155\" data-end=\"1180\">Yleisk\u00e4ytt\u00f6inen:<\/strong> sopii erilaisiin nivel- ja lihaskipuihin.<\/p>\n<\/li>\n<\/ul>\n<p data-start=\"1235\" data-end=\"1443\">Jokainen pakkaus sis\u00e4lt\u00e4\u00e4 20 laastaria, joiden koko on 94 x 130 mm, joten laastaria riitt\u00e4\u00e4 kuuriin tai tarpeen mukaan. K\u00e4tev\u00e4n koon ja muodon ansiosta laastaria voidaan k\u00e4ytt\u00e4\u00e4 eri puolilla kehoa.<\/p>\n<p data-start=\"1445\" data-end=\"1606\">Kang Hwa Pain Relief Cordyceps -laastari on luotettava ja tehokas l\u00e4\u00e4ke nivel- ja lihaskipuihin. Palauta liikkumisen ilo ja t\u00e4ysi el\u00e4m\u00e4!<\/p>","protected":false},"excerpt":{"rendered":"<p>Kang Hwa Silkworm Cordyceps Pad on moderni kipulaastari, joka on kehitetty perinteisen it\u00e4maisen l\u00e4\u00e4ketieteen ja nykyaikaisten teknologioiden pohjalta. Se perustuu ainutlaatuiseen yhdistelm\u00e4\u00e4n cordycepsia ja muita parantavia ainesosia, jotka vaikuttavat synergistisesti vaurioituneilla alueilla ja tarjoavat nopeaa ja pitk\u00e4kestoista helpotusta. Laastari v\u00e4hent\u00e4\u00e4 tehokkaasti tulehdusta, lievitt\u00e4\u00e4 kipua ja auttaa palauttamaan nivelten ja lihasten liikkuvuuden. K\u00e4ytt\u00f6aiheet: Reuma, nivelreuma,\u2026<\/p>","protected":false},"featured_media":17118,"comment_status":"open","ping_status":"closed","template":"","meta":{"_uf_show_specific_survey":0,"_uf_disable_surveys":false,"_bst_post_transparent":"default","_bst_post_title":"","_bst_post_layout":"default","_bst_post_sidebar_id":"","_bst_post_content_style":"default","_bst_post_vertical_padding":"default","_bst_post_feature":"","_bst_post_feature_position":"","_bst_post_header":false,"_bst_post_footer":false},"pwb-brand":[1052],"product_brand":[],"product_cat":[370],"product_tag":[568,737,1053],"class_list":{"0":"post-17115","1":"product","2":"type-product","3":"status-publish","4":"has-post-thumbnail","6":"pwb-brand-kang-hwa","7":"product_cat-toidulisandid","8":"product_tag-korea","9":"product_tag-pad","10":"product_tag-pain","12":"first","13":"outofstock","14":"sale","15":"shipping-taxable","16":"purchasable","17":"product-type-simple","18":"entry","19":"content-bg","20":"loop-entry"},"supplier_id":null,"supplier_sku":"","barcode":null,"atum_controlled":true,"out_stock_date":"2026-01-11 15:39:02","out_stock_threshold":null,"inheritable":false,"inbound_stock":0,"stock_on_hold":0,"sold_today":0,"sales_last_days":0,"out_stock_days":92,"lost_sales":193,"has_location":false,"update_date":"2026-04-14T00:05:05","atum_locations":[],"atum_stock_status":"outofstock","restock_status":false,"low_stock_amount":"","sales_update_date":"2026-04-14T00:05:05","calc_backorders":null,"yoast_head":"<!-- This site is optimized with the Yoast SEO plugin v27.2 - https:\/\/yoast.com\/product\/yoast-seo-wordpress\/ -->\n<title>Kang Hwa Silkworm Cordyceps Pad, 20tk - IDA.KOREA<\/title>\n<meta name=\"description\" content=\"Kaasaegne valuvaigistav plaaster, mis v\u00e4hendab t\u00f5husalt p\u00f5letikku, leevendab valu ning aitab taastada liigeste ja lihaste liikuvust. Made in Korea.\" \/>\n<meta name=\"robots\" content=\"index, follow, max-snippet:-1, max-image-preview:large, max-video-preview:-1\" \/>\n<link rel=\"canonical\" href=\"https:\/\/idakorea.ee\/fi\/product\/kang-hwa-silkworm-cordyceps-pad-20tk\/\" \/>\n<meta property=\"og:locale\" content=\"fi_FI\" \/>\n<meta property=\"og:type\" content=\"article\" \/>\n<meta property=\"og:title\" content=\"Kang Hwa Silkworm Cordyceps Pad, 20tk - IDA.KOREA\" \/>\n<meta property=\"og:description\" content=\"Kaasaegne valuvaigistav plaaster, mis v\u00e4hendab t\u00f5husalt p\u00f5letikku, leevendab valu ning aitab taastada liigeste ja lihaste liikuvust. Made in Korea.\" \/>\n<meta property=\"og:url\" content=\"https:\/\/idakorea.ee\/fi\/product\/kang-hwa-silkworm-cordyceps-pad-20tk\/\" \/>\n<meta property=\"og:site_name\" content=\"IDA.KOREA\" \/>\n<meta property=\"article:modified_time\" content=\"2026-01-31T07:47:48+00:00\" \/>\n<meta property=\"og:image\" content=\"https:\/\/idakorea.ee\/wp-content\/uploads\/2026\/01\/Silkworm-Cordyceps-Pad-idakorea.jpg\" \/>\n\t<meta property=\"og:image:width\" content=\"1202\" \/>\n\t<meta property=\"og:image:height\" content=\"1200\" \/>\n\t<meta property=\"og:image:type\" content=\"image\/jpeg\" \/>\n<meta name=\"twitter:card\" content=\"summary_large_image\" \/>\n<meta name=\"twitter:label1\" content=\"Arvioitu lukuaika\" \/>\n\t<meta name=\"twitter:data1\" content=\"2 minuuttia\" \/>\n<script type=\"application\/ld+json\" class=\"yoast-schema-graph\">{\"@context\":\"https:\/\/schema.org\",\"@graph\":[{\"@type\":\"WebPage\",\"@id\":\"https:\/\/idakorea.ee\/product\/kang-hwa-silkworm-cordyceps-pad-20tk\/\",\"url\":\"https:\/\/idakorea.ee\/product\/kang-hwa-silkworm-cordyceps-pad-20tk\/\",\"name\":\"Kang Hwa Silkworm Cordyceps Pad, 20tk - IDA.KOREA\",\"isPartOf\":{\"@id\":\"https:\/\/idakorea.ee\/#website\"},\"primaryImageOfPage\":{\"@id\":\"https:\/\/idakorea.ee\/product\/kang-hwa-silkworm-cordyceps-pad-20tk\/#primaryimage\"},\"image\":{\"@id\":\"https:\/\/idakorea.ee\/product\/kang-hwa-silkworm-cordyceps-pad-20tk\/#primaryimage\"},\"thumbnailUrl\":\"https:\/\/idakorea.ee\/wp-content\/uploads\/2026\/01\/Silkworm-Cordyceps-Pad-idakorea.jpg\",\"datePublished\":\"2026-01-06T11:45:26+00:00\",\"dateModified\":\"2026-01-31T07:47:48+00:00\",\"description\":\"Kaasaegne valuvaigistav plaaster, mis v\u00e4hendab t\u00f5husalt p\u00f5letikku, leevendab valu ning aitab taastada liigeste ja lihaste liikuvust. Made in Korea.\",\"breadcrumb\":{\"@id\":\"https:\/\/idakorea.ee\/product\/kang-hwa-silkworm-cordyceps-pad-20tk\/#breadcrumb\"},\"inLanguage\":\"fi\",\"potentialAction\":[{\"@type\":\"ReadAction\",\"target\":[\"https:\/\/idakorea.ee\/product\/kang-hwa-silkworm-cordyceps-pad-20tk\/\"]}]},{\"@type\":\"ImageObject\",\"inLanguage\":\"fi\",\"@id\":\"https:\/\/idakorea.ee\/product\/kang-hwa-silkworm-cordyceps-pad-20tk\/#primaryimage\",\"url\":\"https:\/\/idakorea.ee\/wp-content\/uploads\/2026\/01\/Silkworm-Cordyceps-Pad-idakorea.jpg\",\"contentUrl\":\"https:\/\/idakorea.ee\/wp-content\/uploads\/2026\/01\/Silkworm-Cordyceps-Pad-idakorea.jpg\",\"width\":1202,\"height\":1200},{\"@type\":\"BreadcrumbList\",\"@id\":\"https:\/\/idakorea.ee\/product\/kang-hwa-silkworm-cordyceps-pad-20tk\/#breadcrumb\",\"itemListElement\":[{\"@type\":\"ListItem\",\"position\":1,\"name\":\"\u0413\u043b\u0430\u0432\u043d\u0430\u044f \u0441\u0442\u0440\u0430\u043d\u0438\u0446\u0430\",\"item\":\"https:\/\/idakorea.ee\/\"},{\"@type\":\"ListItem\",\"position\":2,\"name\":\"Shop\",\"item\":\"https:\/\/idakorea.ee\/shop-2\/\"},{\"@type\":\"ListItem\",\"position\":3,\"name\":\"Valuvaigistav plaaster Kang Hwa Silkworm Cordyceps Pad, 20tk\"}]},{\"@type\":\"WebSite\",\"@id\":\"https:\/\/idakorea.ee\/#website\",\"url\":\"https:\/\/idakorea.ee\/\",\"name\":\"IDA.KOREA\",\"description\":\"Korea kosmeetika e-pood\",\"publisher\":{\"@id\":\"https:\/\/idakorea.ee\/#organization\"},\"alternateName\":\"Beauty Shop\",\"potentialAction\":[{\"@type\":\"SearchAction\",\"target\":{\"@type\":\"EntryPoint\",\"urlTemplate\":\"https:\/\/idakorea.ee\/?s={search_term_string}\"},\"query-input\":{\"@type\":\"PropertyValueSpecification\",\"valueRequired\":true,\"valueName\":\"search_term_string\"}}],\"inLanguage\":\"fi\"},{\"@type\":\"Organization\",\"@id\":\"https:\/\/idakorea.ee\/#organization\",\"name\":\"IDA.KOREA\",\"url\":\"https:\/\/idakorea.ee\/\",\"logo\":{\"@type\":\"ImageObject\",\"inLanguage\":\"fi\",\"@id\":\"https:\/\/idakorea.ee\/#\/schema\/logo\/image\/\",\"url\":\"https:\/\/idakorea.ee\/wp-content\/uploads\/2024\/05\/cropped-korea3.png\",\"contentUrl\":\"https:\/\/idakorea.ee\/wp-content\/uploads\/2024\/05\/cropped-korea3.png\",\"width\":688,\"height\":126,\"caption\":\"IDA.KOREA\"},\"image\":{\"@id\":\"https:\/\/idakorea.ee\/#\/schema\/logo\/image\/\"},\"sameAs\":[\"https:\/\/www.instagram.com\/ida.korea\/\"]}]}<\/script>\n<!-- \/ Yoast SEO plugin. -->","yoast_head_json":{"title":"Kang Hwa Silkkitoukan Cordyceps-tyyny, 20 kpl - IDA.KOREA","description":"Moderni kipua lievitt\u00e4v\u00e4 laastari, joka tehokkaasti v\u00e4hent\u00e4\u00e4 tulehdusta, lievitt\u00e4\u00e4 kipua ja auttaa palauttamaan nivelten ja lihasten liikkuvuuden. Valmistettu Koreassa.","robots":{"index":"index","follow":"follow","max-snippet":"max-snippet:-1","max-image-preview":"max-image-preview:large","max-video-preview":"max-video-preview:-1"},"canonical":"https:\/\/idakorea.ee\/fi\/product\/kang-hwa-silkworm-cordyceps-pad-20tk\/","og_locale":"fi_FI","og_type":"article","og_title":"Kang Hwa Silkworm Cordyceps Pad, 20tk - IDA.KOREA","og_description":"Kaasaegne valuvaigistav plaaster, mis v\u00e4hendab t\u00f5husalt p\u00f5letikku, leevendab valu ning aitab taastada liigeste ja lihaste liikuvust. Made in Korea.","og_url":"https:\/\/idakorea.ee\/fi\/product\/kang-hwa-silkworm-cordyceps-pad-20tk\/","og_site_name":"IDA.KOREA","article_modified_time":"2026-01-31T07:47:48+00:00","og_image":[{"width":1202,"height":1200,"url":"https:\/\/idakorea.ee\/wp-content\/uploads\/2026\/01\/Silkworm-Cordyceps-Pad-idakorea.jpg","type":"image\/jpeg"}],"twitter_card":"summary_large_image","twitter_misc":{"Arvioitu lukuaika":"2 minuuttia"},"schema":{"@context":"https:\/\/schema.org","@graph":[{"@type":"WebPage","@id":"https:\/\/idakorea.ee\/product\/kang-hwa-silkworm-cordyceps-pad-20tk\/","url":"https:\/\/idakorea.ee\/product\/kang-hwa-silkworm-cordyceps-pad-20tk\/","name":"Kang Hwa Silkkitoukan Cordyceps-tyyny, 20 kpl - IDA.KOREA","isPartOf":{"@id":"https:\/\/idakorea.ee\/#website"},"primaryImageOfPage":{"@id":"https:\/\/idakorea.ee\/product\/kang-hwa-silkworm-cordyceps-pad-20tk\/#primaryimage"},"image":{"@id":"https:\/\/idakorea.ee\/product\/kang-hwa-silkworm-cordyceps-pad-20tk\/#primaryimage"},"thumbnailUrl":"https:\/\/idakorea.ee\/wp-content\/uploads\/2026\/01\/Silkworm-Cordyceps-Pad-idakorea.jpg","datePublished":"2026-01-06T11:45:26+00:00","dateModified":"2026-01-31T07:47:48+00:00","description":"Moderni kipua lievitt\u00e4v\u00e4 laastari, joka tehokkaasti v\u00e4hent\u00e4\u00e4 tulehdusta, lievitt\u00e4\u00e4 kipua ja auttaa palauttamaan nivelten ja lihasten liikkuvuuden. Valmistettu Koreassa.","breadcrumb":{"@id":"https:\/\/idakorea.ee\/product\/kang-hwa-silkworm-cordyceps-pad-20tk\/#breadcrumb"},"inLanguage":"fi","potentialAction":[{"@type":"ReadAction","target":["https:\/\/idakorea.ee\/product\/kang-hwa-silkworm-cordyceps-pad-20tk\/"]}]},{"@type":"ImageObject","inLanguage":"fi","@id":"https:\/\/idakorea.ee\/product\/kang-hwa-silkworm-cordyceps-pad-20tk\/#primaryimage","url":"https:\/\/idakorea.ee\/wp-content\/uploads\/2026\/01\/Silkworm-Cordyceps-Pad-idakorea.jpg","contentUrl":"https:\/\/idakorea.ee\/wp-content\/uploads\/2026\/01\/Silkworm-Cordyceps-Pad-idakorea.jpg","width":1202,"height":1200},{"@type":"BreadcrumbList","@id":"https:\/\/idakorea.ee\/product\/kang-hwa-silkworm-cordyceps-pad-20tk\/#breadcrumb","itemListElement":[{"@type":"ListItem","position":1,"name":"\u0413\u043b\u0430\u0432\u043d\u0430\u044f \u0441\u0442\u0440\u0430\u043d\u0438\u0446\u0430","item":"https:\/\/idakorea.ee\/"},{"@type":"ListItem","position":2,"name":"Shop","item":"https:\/\/idakorea.ee\/shop-2\/"},{"@type":"ListItem","position":3,"name":"Valuvaigistav plaaster Kang Hwa Silkworm Cordyceps Pad, 20tk"}]},{"@type":"WebSite","@id":"https:\/\/idakorea.ee\/#website","url":"https:\/\/idakorea.ee\/","name":"IDA.KOREA","description":"Korean kosmetiikan verkkokauppa","publisher":{"@id":"https:\/\/idakorea.ee\/#organization"},"alternateName":"Beauty Shop","potentialAction":[{"@type":"SearchAction","target":{"@type":"EntryPoint","urlTemplate":"https:\/\/idakorea.ee\/?s={search_term_string}"},"query-input":{"@type":"PropertyValueSpecification","valueRequired":true,"valueName":"search_term_string"}}],"inLanguage":"fi"},{"@type":"Organization","@id":"https:\/\/idakorea.ee\/#organization","name":"IDA.KOREA","url":"https:\/\/idakorea.ee\/","logo":{"@type":"ImageObject","inLanguage":"fi","@id":"https:\/\/idakorea.ee\/#\/schema\/logo\/image\/","url":"https:\/\/idakorea.ee\/wp-content\/uploads\/2024\/05\/cropped-korea3.png","contentUrl":"https:\/\/idakorea.ee\/wp-content\/uploads\/2024\/05\/cropped-korea3.png","width":688,"height":126,"caption":"IDA.KOREA"},"image":{"@id":"https:\/\/idakorea.ee\/#\/schema\/logo\/image\/"},"sameAs":["https:\/\/www.instagram.com\/ida.korea\/"]}]}},"jetpack_sharing_enabled":true,"brands":[{"id":1052,"name":"KANG HWA","slug":"kang-hwa"}],"_links":{"self":[{"href":"https:\/\/idakorea.ee\/fi\/wp-json\/wp\/v2\/product\/17115","targetHints":{"allow":["GET"]}}],"collection":[{"href":"https:\/\/idakorea.ee\/fi\/wp-json\/wp\/v2\/product"}],"about":[{"href":"https:\/\/idakorea.ee\/fi\/wp-json\/wp\/v2\/types\/product"}],"replies":[{"embeddable":true,"href":"https:\/\/idakorea.ee\/fi\/wp-json\/wp\/v2\/comments?post=17115"}],"version-history":[{"count":2,"href":"https:\/\/idakorea.ee\/fi\/wp-json\/wp\/v2\/product\/17115\/revisions"}],"predecessor-version":[{"id":17449,"href":"https:\/\/idakorea.ee\/fi\/wp-json\/wp\/v2\/product\/17115\/revisions\/17449"}],"wp:featuredmedia":[{"embeddable":true,"href":"https:\/\/idakorea.ee\/fi\/wp-json\/wp\/v2\/media\/17118"}],"wp:attachment":[{"href":"https:\/\/idakorea.ee\/fi\/wp-json\/wp\/v2\/media?parent=17115"}],"wp:term":[{"taxonomy":"pwb-brand","embeddable":true,"href":"https:\/\/idakorea.ee\/fi\/wp-json\/wp\/v2\/pwb-brand?post=17115"},{"taxonomy":"product_brand","embeddable":true,"href":"https:\/\/idakorea.ee\/fi\/wp-json\/wp\/v2\/product_brand?post=17115"},{"taxonomy":"product_cat","embeddable":true,"href":"https:\/\/idakorea.ee\/fi\/wp-json\/wp\/v2\/product_cat?post=17115"},{"taxonomy":"product_tag","embeddable":true,"href":"https:\/\/idakorea.ee\/fi\/wp-json\/wp\/v2\/product_tag?post=17115"}],"curies":[{"name":"wp","href":"https:\/\/api.w.org\/{rel}","templated":true}]}}