{"id":17126,"date":"2026-01-07T09:52:16","date_gmt":"2026-01-07T07:52:16","guid":{"rendered":"https:\/\/idakorea.ee\/?post_type=product&#038;p=17126"},"modified":"2026-04-01T11:21:39","modified_gmt":"2026-04-01T09:21:39","slug":"mixsoon-collagen-hydrogel-eye-patch","status":"publish","type":"product","link":"https:\/\/idakorea.ee\/fi\/product\/mixsoon-collagen-hydrogel-eye-patch\/","title":{"rendered":"Nuorentavat hydrogeelisilm\u00e4tyynyt Mixsoon Collagen Hydrogel Eye Patch"},"content":{"rendered":"<p data-start=\"58\" data-end=\"494\"><strong data-start=\"58\" data-end=\"97\">Mixsoon Collagen Hydrogel Eye Patch<\/strong> ovat nuorentavia hydrogeelim\u00e4isi\u00e4 silm\u00e4nymp\u00e4ryslappuja, jotka on erityisesti suunniteltu v\u00e4hent\u00e4m\u00e4\u00e4n ik\u00e4\u00e4ntymisen merkkej\u00e4 ja auttamaan hell\u00e4varaisesti silottamaan ryppyj\u00e4 ja juonteita. Korkealaatuisella kollageenilla ja tehokkailla ainesosilla rikastetut ne tarjoavat syv\u00e4kosteutusta, kiinteytt\u00e4v\u00e4t ja uudistavat ihoa, palauttaen raikkauden ja hehkun silm\u00e4nymp\u00e4rysiholle. Ihanteellinen ratkaisu p\u00e4ivitt\u00e4iseen ik\u00e4\u00e4ntymisen vastaiseen hoitoon.<\/p>\n<p data-start=\"496\" data-end=\"1088\">Pienimolekyylipainoinen kollageeni (300 Da) tunkeutuu helposti ihon syvempiin kerroksiin, kosteuttaa tehokkaasti ja tukee ihon kimmoisuutta. Auttaa v\u00e4hent\u00e4m\u00e4\u00e4n ryppyj\u00e4 ja tekee silm\u00e4nymp\u00e4rysihosta pehme\u00e4n, kiinte\u00e4n ja nuorekkaan. 17 aminohappotyyppi\u00e4 kosteuttaa runsaasti ja parantaa ihon kyky\u00e4 s\u00e4ilytt\u00e4\u00e4 kosteutta, palauttaa tasapainon ja j\u00e4tt\u00e4\u00e4 ihon sile\u00e4ksi, kosteutetuksi ja energiseksi. Peptidit kiinteytt\u00e4v\u00e4t ihoa, vahvistavat sen suojakerrosta ja stimuloivat luonnollista solujen uusiutumista, mik\u00e4 ehk\u00e4isee ik\u00e4\u00e4ntymist\u00e4 ja suojaa ulkoisilta tekij\u00f6ilt\u00e4.<\/p>\n<p data-start=\"1090\" data-end=\"1362\">Lapujen avulla iho silottuu tehokkaasti silm\u00e4nymp\u00e4rysiholla, mik\u00e4 v\u00e4hent\u00e4\u00e4 juonteita ja v\u00e4symyksen merkkej\u00e4 ja antaa nuorekkaamman ja lev\u00e4nneemm\u00e4n ilmeen. Rikas koostumus kosteuttaa syv\u00e4lt\u00e4, parantaa ihon kimmoisuutta ja vahvistaa suojakerrosta, auttaen ehk\u00e4isem\u00e4\u00e4n kuivumista ja \u00e4rsytyst\u00e4.<\/p>\n<p data-start=\"1364\" data-end=\"1669\">Helppo levitt\u00e4\u00e4 ja poistaa \u2013 ihanteellinen kiireiseen el\u00e4m\u00e4ntyyliin. N\u00e4kyvi\u00e4 tuloksia jo ensimm\u00e4isen k\u00e4ytt\u00f6kerran j\u00e4lkeen. Hell\u00e4varainen koostumus ei \u00e4rsyt\u00e4 ihoa ja sopii kaikille ihotyypeille, my\u00f6s herk\u00e4lle iholle. S\u00e4\u00e4nn\u00f6llinen k\u00e4ytt\u00f6 auttaa yll\u00e4pit\u00e4m\u00e4\u00e4n nuorekasta ihoa tehden siit\u00e4 kiinte\u00e4n ja s\u00e4teilev\u00e4n.<\/p>\n<p data-start=\"1671\" data-end=\"1701\">Sopii kaikille ihotyypeille.<\/p>\n<p data-start=\"1703\" data-end=\"1924\"><strong data-start=\"1703\" data-end=\"1718\">K\u00e4ytt\u00f6:<\/strong> Puhdista kasvosi. Poista tyynyt varovasti purkista lastalla ja aseta ne halutulle alueelle. Poista 20\u201330 minuutin kuluttua ja taputtele j\u00e4ljell\u00e4 oleva essenssi hell\u00e4varaisesti ihoon, kunnes se on t\u00e4ysin imeytynyt.<\/p>","protected":false},"excerpt":{"rendered":"<p>Mixsoon Collagen Hydrogel Eye Patch -silm\u00e4nymp\u00e4ryslaastarit ovat nuorentavia hydrogeelisilm\u00e4nymp\u00e4ryslappuja, jotka on erityisesti suunniteltu v\u00e4hent\u00e4m\u00e4\u00e4n ik\u00e4\u00e4ntymisen merkkej\u00e4 ja auttamaan hell\u00e4varaisesti silottamaan ryppyj\u00e4 ja juonteita. Korkealaatuisella kollageenilla ja tehokkailla ainesosilla rikastetut tyynyt tarjoavat syv\u00e4kosteutusta, kiinteytt\u00e4v\u00e4t ja uudistavat ihoa, palauttaen raikkauden ja hehkun silm\u00e4nymp\u00e4rysiholle. Ihanteellinen ratkaisu p\u00e4ivitt\u00e4iseen ik\u00e4\u00e4ntymisen vastaiseen hoitoon. Pienimolekyylipainoinen kollageeni (300 Da) tunkeutuu helposti ihon syvempiin kerroksiin\u2026<\/p>","protected":false},"featured_media":17128,"comment_status":"open","ping_status":"closed","template":"","meta":{"_uf_show_specific_survey":0,"_uf_disable_surveys":false,"_bst_post_transparent":"default","_bst_post_title":"","_bst_post_layout":"default","_bst_post_sidebar_id":"","_bst_post_content_style":"default","_bst_post_vertical_padding":"default","_bst_post_feature":"","_bst_post_feature_position":"","_bst_post_header":false,"_bst_post_footer":false},"pwb-brand":[1000],"product_brand":[],"product_cat":[92,99,385],"product_tag":[517,607,568],"class_list":{"0":"post-17126","1":"product","2":"type-product","3":"status-publish","4":"has-post-thumbnail","6":"pwb-brand-mixsoon","7":"product_cat-nagu","8":"product_cat-silmad-ja-huuled-2","9":"product_cat-silmapadjad","10":"product_tag-collagen","11":"product_tag-eye-patch","12":"product_tag-korea","14":"first","15":"instock","16":"sale","17":"shipping-taxable","18":"purchasable","19":"product-type-simple","20":"entry","21":"content-bg","22":"loop-entry"},"supplier_id":null,"supplier_sku":"","barcode":null,"atum_controlled":true,"out_stock_date":null,"out_stock_threshold":null,"inheritable":false,"inbound_stock":0,"stock_on_hold":0,"sold_today":0,"sales_last_days":1,"out_stock_days":0,"lost_sales":0,"has_location":false,"update_date":"2026-04-14T00:05:10","atum_locations":[],"atum_stock_status":"instock","restock_status":false,"low_stock_amount":"","sales_update_date":"2026-04-14T00:05:10","calc_backorders":null,"yoast_head":"<!-- This site is optimized with the Yoast SEO plugin v27.2 - https:\/\/yoast.com\/product\/yoast-seo-wordpress\/ -->\n<title>Mixsoon Collagen Hydrogel Eye Patch - IDA.KOREA<\/title>\n<meta name=\"description\" content=\"Noorendavad h\u00fcdrogeelsed silmapadjad kollageeniga, mis on spetsiaalselt loodud vananemisilmingute v\u00e4hendamiseks, aidates siluda kortse ja peeneid jooni.\" \/>\n<meta name=\"robots\" content=\"index, follow, max-snippet:-1, max-image-preview:large, max-video-preview:-1\" \/>\n<link rel=\"canonical\" href=\"https:\/\/idakorea.ee\/fi\/product\/mixsoon-collagen-hydrogel-eye-patch\/\" \/>\n<meta property=\"og:locale\" content=\"fi_FI\" \/>\n<meta property=\"og:type\" content=\"article\" \/>\n<meta property=\"og:title\" content=\"Mixsoon Collagen Hydrogel Eye Patch - IDA.KOREA\" \/>\n<meta property=\"og:description\" content=\"Noorendavad h\u00fcdrogeelsed silmapadjad kollageeniga, mis on spetsiaalselt loodud vananemisilmingute v\u00e4hendamiseks, aidates siluda kortse ja peeneid jooni.\" \/>\n<meta property=\"og:url\" content=\"https:\/\/idakorea.ee\/fi\/product\/mixsoon-collagen-hydrogel-eye-patch\/\" \/>\n<meta property=\"og:site_name\" content=\"IDA.KOREA\" \/>\n<meta property=\"article:modified_time\" content=\"2026-04-01T09:21:39+00:00\" \/>\n<meta property=\"og:image\" content=\"https:\/\/idakorea.ee\/wp-content\/uploads\/2026\/01\/MixsoonCollagenHydrogelEyePatch-idakorea.webp\" \/>\n\t<meta property=\"og:image:width\" content=\"1200\" \/>\n\t<meta property=\"og:image:height\" content=\"1200\" \/>\n\t<meta property=\"og:image:type\" content=\"image\/webp\" \/>\n<meta name=\"twitter:card\" content=\"summary_large_image\" \/>\n<meta name=\"twitter:label1\" content=\"Arvioitu lukuaika\" \/>\n\t<meta name=\"twitter:data1\" content=\"2 minuuttia\" \/>\n<script type=\"application\/ld+json\" class=\"yoast-schema-graph\">{\"@context\":\"https:\/\/schema.org\",\"@graph\":[{\"@type\":\"WebPage\",\"@id\":\"https:\/\/idakorea.ee\/product\/mixsoon-collagen-hydrogel-eye-patch\/\",\"url\":\"https:\/\/idakorea.ee\/product\/mixsoon-collagen-hydrogel-eye-patch\/\",\"name\":\"Mixsoon Collagen Hydrogel Eye Patch - IDA.KOREA\",\"isPartOf\":{\"@id\":\"https:\/\/idakorea.ee\/#website\"},\"primaryImageOfPage\":{\"@id\":\"https:\/\/idakorea.ee\/product\/mixsoon-collagen-hydrogel-eye-patch\/#primaryimage\"},\"image\":{\"@id\":\"https:\/\/idakorea.ee\/product\/mixsoon-collagen-hydrogel-eye-patch\/#primaryimage\"},\"thumbnailUrl\":\"https:\/\/idakorea.ee\/wp-content\/uploads\/2026\/01\/MixsoonCollagenHydrogelEyePatch-idakorea.webp\",\"datePublished\":\"2026-01-07T07:52:16+00:00\",\"dateModified\":\"2026-04-01T09:21:39+00:00\",\"description\":\"Noorendavad h\u00fcdrogeelsed silmapadjad kollageeniga, mis on spetsiaalselt loodud vananemisilmingute v\u00e4hendamiseks, aidates siluda kortse ja peeneid jooni.\",\"breadcrumb\":{\"@id\":\"https:\/\/idakorea.ee\/product\/mixsoon-collagen-hydrogel-eye-patch\/#breadcrumb\"},\"inLanguage\":\"fi\",\"potentialAction\":[{\"@type\":\"ReadAction\",\"target\":[\"https:\/\/idakorea.ee\/product\/mixsoon-collagen-hydrogel-eye-patch\/\"]}]},{\"@type\":\"ImageObject\",\"inLanguage\":\"fi\",\"@id\":\"https:\/\/idakorea.ee\/product\/mixsoon-collagen-hydrogel-eye-patch\/#primaryimage\",\"url\":\"https:\/\/idakorea.ee\/wp-content\/uploads\/2026\/01\/MixsoonCollagenHydrogelEyePatch-idakorea.webp\",\"contentUrl\":\"https:\/\/idakorea.ee\/wp-content\/uploads\/2026\/01\/MixsoonCollagenHydrogelEyePatch-idakorea.webp\",\"width\":1200,\"height\":1200},{\"@type\":\"BreadcrumbList\",\"@id\":\"https:\/\/idakorea.ee\/product\/mixsoon-collagen-hydrogel-eye-patch\/#breadcrumb\",\"itemListElement\":[{\"@type\":\"ListItem\",\"position\":1,\"name\":\"\u0413\u043b\u0430\u0432\u043d\u0430\u044f \u0441\u0442\u0440\u0430\u043d\u0438\u0446\u0430\",\"item\":\"https:\/\/idakorea.ee\/\"},{\"@type\":\"ListItem\",\"position\":2,\"name\":\"Shop\",\"item\":\"https:\/\/idakorea.ee\/shop-2\/\"},{\"@type\":\"ListItem\",\"position\":3,\"name\":\"Noorendavad h\u00fcdrogeelsed silmapadjad Mixsoon Collagen Hydrogel Eye Patch\"}]},{\"@type\":\"WebSite\",\"@id\":\"https:\/\/idakorea.ee\/#website\",\"url\":\"https:\/\/idakorea.ee\/\",\"name\":\"IDA.KOREA\",\"description\":\"Korea kosmeetika e-pood\",\"publisher\":{\"@id\":\"https:\/\/idakorea.ee\/#organization\"},\"alternateName\":\"Beauty Shop\",\"potentialAction\":[{\"@type\":\"SearchAction\",\"target\":{\"@type\":\"EntryPoint\",\"urlTemplate\":\"https:\/\/idakorea.ee\/?s={search_term_string}\"},\"query-input\":{\"@type\":\"PropertyValueSpecification\",\"valueRequired\":true,\"valueName\":\"search_term_string\"}}],\"inLanguage\":\"fi\"},{\"@type\":\"Organization\",\"@id\":\"https:\/\/idakorea.ee\/#organization\",\"name\":\"IDA.KOREA\",\"url\":\"https:\/\/idakorea.ee\/\",\"logo\":{\"@type\":\"ImageObject\",\"inLanguage\":\"fi\",\"@id\":\"https:\/\/idakorea.ee\/#\/schema\/logo\/image\/\",\"url\":\"https:\/\/idakorea.ee\/wp-content\/uploads\/2024\/05\/cropped-korea3.png\",\"contentUrl\":\"https:\/\/idakorea.ee\/wp-content\/uploads\/2024\/05\/cropped-korea3.png\",\"width\":688,\"height\":126,\"caption\":\"IDA.KOREA\"},\"image\":{\"@id\":\"https:\/\/idakorea.ee\/#\/schema\/logo\/image\/\"},\"sameAs\":[\"https:\/\/www.instagram.com\/ida.korea\/\"]}]}<\/script>\n<!-- \/ Yoast SEO plugin. -->","yoast_head_json":{"title":"Mixsoon kollageenihydrogeeli silm\u00e4lappu - IDA.KOREA","description":"Nuorentavat hydrogeelim\u00e4iset silm\u00e4nymp\u00e4ryslaput kollageenilla, jotka on erityisesti suunniteltu v\u00e4hent\u00e4m\u00e4\u00e4n ik\u00e4\u00e4ntymisen merkkej\u00e4 tasoittamalla ryppyj\u00e4 ja juonteita.","robots":{"index":"index","follow":"follow","max-snippet":"max-snippet:-1","max-image-preview":"max-image-preview:large","max-video-preview":"max-video-preview:-1"},"canonical":"https:\/\/idakorea.ee\/fi\/product\/mixsoon-collagen-hydrogel-eye-patch\/","og_locale":"fi_FI","og_type":"article","og_title":"Mixsoon Collagen Hydrogel Eye Patch - IDA.KOREA","og_description":"Noorendavad h\u00fcdrogeelsed silmapadjad kollageeniga, mis on spetsiaalselt loodud vananemisilmingute v\u00e4hendamiseks, aidates siluda kortse ja peeneid jooni.","og_url":"https:\/\/idakorea.ee\/fi\/product\/mixsoon-collagen-hydrogel-eye-patch\/","og_site_name":"IDA.KOREA","article_modified_time":"2026-04-01T09:21:39+00:00","og_image":[{"width":1200,"height":1200,"url":"https:\/\/idakorea.ee\/wp-content\/uploads\/2026\/01\/MixsoonCollagenHydrogelEyePatch-idakorea.webp","type":"image\/webp"}],"twitter_card":"summary_large_image","twitter_misc":{"Arvioitu lukuaika":"2 minuuttia"},"schema":{"@context":"https:\/\/schema.org","@graph":[{"@type":"WebPage","@id":"https:\/\/idakorea.ee\/product\/mixsoon-collagen-hydrogel-eye-patch\/","url":"https:\/\/idakorea.ee\/product\/mixsoon-collagen-hydrogel-eye-patch\/","name":"Mixsoon kollageenihydrogeeli silm\u00e4lappu - IDA.KOREA","isPartOf":{"@id":"https:\/\/idakorea.ee\/#website"},"primaryImageOfPage":{"@id":"https:\/\/idakorea.ee\/product\/mixsoon-collagen-hydrogel-eye-patch\/#primaryimage"},"image":{"@id":"https:\/\/idakorea.ee\/product\/mixsoon-collagen-hydrogel-eye-patch\/#primaryimage"},"thumbnailUrl":"https:\/\/idakorea.ee\/wp-content\/uploads\/2026\/01\/MixsoonCollagenHydrogelEyePatch-idakorea.webp","datePublished":"2026-01-07T07:52:16+00:00","dateModified":"2026-04-01T09:21:39+00:00","description":"Nuorentavat hydrogeelim\u00e4iset silm\u00e4nymp\u00e4ryslaput kollageenilla, jotka on erityisesti suunniteltu v\u00e4hent\u00e4m\u00e4\u00e4n ik\u00e4\u00e4ntymisen merkkej\u00e4 tasoittamalla ryppyj\u00e4 ja juonteita.","breadcrumb":{"@id":"https:\/\/idakorea.ee\/product\/mixsoon-collagen-hydrogel-eye-patch\/#breadcrumb"},"inLanguage":"fi","potentialAction":[{"@type":"ReadAction","target":["https:\/\/idakorea.ee\/product\/mixsoon-collagen-hydrogel-eye-patch\/"]}]},{"@type":"ImageObject","inLanguage":"fi","@id":"https:\/\/idakorea.ee\/product\/mixsoon-collagen-hydrogel-eye-patch\/#primaryimage","url":"https:\/\/idakorea.ee\/wp-content\/uploads\/2026\/01\/MixsoonCollagenHydrogelEyePatch-idakorea.webp","contentUrl":"https:\/\/idakorea.ee\/wp-content\/uploads\/2026\/01\/MixsoonCollagenHydrogelEyePatch-idakorea.webp","width":1200,"height":1200},{"@type":"BreadcrumbList","@id":"https:\/\/idakorea.ee\/product\/mixsoon-collagen-hydrogel-eye-patch\/#breadcrumb","itemListElement":[{"@type":"ListItem","position":1,"name":"\u0413\u043b\u0430\u0432\u043d\u0430\u044f \u0441\u0442\u0440\u0430\u043d\u0438\u0446\u0430","item":"https:\/\/idakorea.ee\/"},{"@type":"ListItem","position":2,"name":"Shop","item":"https:\/\/idakorea.ee\/shop-2\/"},{"@type":"ListItem","position":3,"name":"Noorendavad h\u00fcdrogeelsed silmapadjad Mixsoon Collagen Hydrogel Eye Patch"}]},{"@type":"WebSite","@id":"https:\/\/idakorea.ee\/#website","url":"https:\/\/idakorea.ee\/","name":"IDA.KOREA","description":"Korean kosmetiikan verkkokauppa","publisher":{"@id":"https:\/\/idakorea.ee\/#organization"},"alternateName":"Beauty Shop","potentialAction":[{"@type":"SearchAction","target":{"@type":"EntryPoint","urlTemplate":"https:\/\/idakorea.ee\/?s={search_term_string}"},"query-input":{"@type":"PropertyValueSpecification","valueRequired":true,"valueName":"search_term_string"}}],"inLanguage":"fi"},{"@type":"Organization","@id":"https:\/\/idakorea.ee\/#organization","name":"IDA.KOREA","url":"https:\/\/idakorea.ee\/","logo":{"@type":"ImageObject","inLanguage":"fi","@id":"https:\/\/idakorea.ee\/#\/schema\/logo\/image\/","url":"https:\/\/idakorea.ee\/wp-content\/uploads\/2024\/05\/cropped-korea3.png","contentUrl":"https:\/\/idakorea.ee\/wp-content\/uploads\/2024\/05\/cropped-korea3.png","width":688,"height":126,"caption":"IDA.KOREA"},"image":{"@id":"https:\/\/idakorea.ee\/#\/schema\/logo\/image\/"},"sameAs":["https:\/\/www.instagram.com\/ida.korea\/"]}]}},"jetpack_sharing_enabled":true,"brands":[{"id":1000,"name":"MIXSOON","slug":"mixsoon"}],"_links":{"self":[{"href":"https:\/\/idakorea.ee\/fi\/wp-json\/wp\/v2\/product\/17126","targetHints":{"allow":["GET"]}}],"collection":[{"href":"https:\/\/idakorea.ee\/fi\/wp-json\/wp\/v2\/product"}],"about":[{"href":"https:\/\/idakorea.ee\/fi\/wp-json\/wp\/v2\/types\/product"}],"replies":[{"embeddable":true,"href":"https:\/\/idakorea.ee\/fi\/wp-json\/wp\/v2\/comments?post=17126"}],"version-history":[{"count":1,"href":"https:\/\/idakorea.ee\/fi\/wp-json\/wp\/v2\/product\/17126\/revisions"}],"predecessor-version":[{"id":17130,"href":"https:\/\/idakorea.ee\/fi\/wp-json\/wp\/v2\/product\/17126\/revisions\/17130"}],"wp:featuredmedia":[{"embeddable":true,"href":"https:\/\/idakorea.ee\/fi\/wp-json\/wp\/v2\/media\/17128"}],"wp:attachment":[{"href":"https:\/\/idakorea.ee\/fi\/wp-json\/wp\/v2\/media?parent=17126"}],"wp:term":[{"taxonomy":"pwb-brand","embeddable":true,"href":"https:\/\/idakorea.ee\/fi\/wp-json\/wp\/v2\/pwb-brand?post=17126"},{"taxonomy":"product_brand","embeddable":true,"href":"https:\/\/idakorea.ee\/fi\/wp-json\/wp\/v2\/product_brand?post=17126"},{"taxonomy":"product_cat","embeddable":true,"href":"https:\/\/idakorea.ee\/fi\/wp-json\/wp\/v2\/product_cat?post=17126"},{"taxonomy":"product_tag","embeddable":true,"href":"https:\/\/idakorea.ee\/fi\/wp-json\/wp\/v2\/product_tag?post=17126"}],"curies":[{"name":"wp","href":"https:\/\/api.w.org\/{rel}","templated":true}]}}