{"id":17138,"date":"2026-01-08T10:46:39","date_gmt":"2026-01-08T08:46:39","guid":{"rendered":"https:\/\/idakorea.ee\/?post_type=product&#038;p=17138"},"modified":"2026-04-11T16:16:29","modified_gmt":"2026-04-11T14:16:29","slug":"vt-cosmetics-pdrn-capsule-cream-100-50ml","status":"publish","type":"product","link":"https:\/\/idakorea.ee\/fi\/product\/vt-cosmetics-pdrn-capsule-cream-100-50ml\/","title":{"rendered":"VT Cosmetics PDRN Capsule Cream 100, 50ml"},"content":{"rendered":"<p data-start=\"96\" data-end=\"251\"><strong data-start=\"96\" data-end=\"135\">VT Cosmetics PDRN Capsule Cream 100<\/strong> Kapselivoide lis\u00e4\u00e4 ihon kimmoisuutta ja kiinteytt\u00e4, rauhoittaa \u00e4rsytyst\u00e4 ja punoitusta sek\u00e4 stimuloi solujen uusiutumista.<\/p>\n<p data-start=\"253\" data-end=\"434\">Tasoittaa ihon s\u00e4vy\u00e4 ja silottaa ryppyj\u00e4. Hajusteeton, ei tahmaa ja imeytyy nopeasti, j\u00e4tt\u00e4en ihon pehme\u00e4ksi, s\u00e4teilev\u00e4ksi ja vastustuskykyisemmaksi ulkoisille \u00e4rsykkeille.<\/p>\n<p data-start=\"436\" data-end=\"460\"><strong>T\u00e4rkeimm\u00e4t vaikuttavat aineet:<\/strong><\/p>\n<ul>\n<li data-start=\"462\" data-end=\"674\"><strong data-start=\"462\" data-end=\"483\">Phyto PDRN\u00ae Panax<\/strong> \u2014 Ginsengin juuriuutteesta johdettu PDRN (polynukleotidi), joka stimuloi solujen uusiutumista, nopeuttaa uudistumista, auttaa ehk\u00e4isem\u00e4\u00e4n ryppyj\u00e4 ja tukee ihon kimmoisuutta ja tiheytt\u00e4.<\/li>\n<li data-start=\"676\" data-end=\"809\"><strong data-start=\"676\" data-end=\"690\">9 peptidi\u00e4<\/strong> \u2013 ik\u00e4\u00e4ntymist\u00e4 ehk\u00e4isevill\u00e4 vaikutuksilla, stimuloivat uudistumista, v\u00e4hent\u00e4v\u00e4t ryppyjen syvyytt\u00e4, silottavat ja kiinteytt\u00e4v\u00e4t ihoa.<\/li>\n<li data-start=\"811\" data-end=\"943\"><strong data-start=\"811\" data-end=\"838\">10 erilaista hyaluronihappoa<\/strong> \u2013 kosteuttavat ihoa ja muodostavat kosteutta sitovan suojakerroksen, poistaen kuivuuden ja kireyden tunteen.<\/li>\n<li data-start=\"945\" data-end=\"1122\"><strong data-start=\"945\" data-end=\"959\">Keramidit<\/strong> \u2013 palauttaa sarveiskerroksen eheyden, vahvistaa ihon luonnollista suojakerrosta, v\u00e4hent\u00e4\u00e4 herkkyytt\u00e4 ulkoisille \u00e4rsykkeille ja lievitt\u00e4\u00e4 hilseily\u00e4 ja kuivuutta.<\/li>\n<li data-start=\"1124\" data-end=\"1278\"><strong data-start=\"1124\" data-end=\"1151\">Pantenoli (B5-vitamiini)<\/strong> \u2013 rauhoittaa punoitusta ja kutinaa, vahvistaa hydrolipidisuojaa, ehk\u00e4isee kuivuutta ja hilseily\u00e4 sek\u00e4 nopeuttaa paranemisprosesseja.<\/li>\n<li data-start=\"1280\" data-end=\"1424\"><strong data-start=\"1280\" data-end=\"1292\">Skvala<\/strong> \u2013 ravitsee ja pehment\u00e4\u00e4 ihoa, auttaa ehk\u00e4isem\u00e4\u00e4n mikrovaurioita, v\u00e4hent\u00e4\u00e4 \u00e4rsytyst\u00e4 ja hilseily\u00e4 sek\u00e4 palauttaa epidermiksen suojakerroksen.<\/li>\n<\/ul>\n<p data-start=\"1426\" data-end=\"1456\">Sopii kaikille ihotyypeille.<\/p>\n<p data-start=\"1458\" data-end=\"1473\"><strong>K\u00e4ytt\u00f6:<\/strong><\/p>\n<p data-start=\"1474\" data-end=\"1738\">Puhdistuksen, kasvoveden ja seerumin j\u00e4lkeen levit\u00e4 voide kasvoillesi ja levit\u00e4 tasaisesti. Sekoita kapseli ja kirkas geeli ihosi tarpeiden mukaan. Kevyemm\u00e4n koostumuksen saat lis\u00e4\u00e4m\u00e4ll\u00e4 enemm\u00e4n geeli\u00e4 ja kermaisemman koostumuksen saat k\u00e4ytt\u00e4m\u00e4ll\u00e4 kahta kapselia.<\/p>","protected":false},"excerpt":{"rendered":"<p>VT Cosmetics PDRN Capsule Cream 100 kapselin voide lis\u00e4\u00e4 ihon kimmoisuutta ja kiinteytt\u00e4, rauhoittaa \u00e4rsytyst\u00e4 ja punoitusta sek\u00e4 stimuloi solujen uusiutumista. Tasoittaa ihon s\u00e4vy\u00e4 ja silottaa ryppyj\u00e4. Hajusteeton, ei tahmaa ja imeytyy nopeasti tehden ihosta pehme\u00e4n, s\u00e4teilev\u00e4n ja vastustuskykyisemm\u00e4n ulkoisille \u00e4rsykkeille. T\u00e4rkeimm\u00e4t vaikuttavat aineosat: Phyto PDRN\u00ae Panax \u2014 PDRN (polynukleotidi), joka on johdettu ginsengin juuriuutteesta, joka\u2026<\/p>","protected":false},"featured_media":17141,"comment_status":"open","ping_status":"closed","template":"","meta":{"_uf_show_specific_survey":0,"_uf_disable_surveys":false,"_bst_post_transparent":"default","_bst_post_title":"","_bst_post_layout":"default","_bst_post_sidebar_id":"","_bst_post_content_style":"default","_bst_post_vertical_padding":"default","_bst_post_feature":"","_bst_post_feature_position":"","_bst_post_header":false,"_bst_post_footer":false},"pwb-brand":[493],"product_brand":[],"product_cat":[92,96],"product_tag":[568,789,462],"class_list":{"0":"post-17138","1":"product","2":"type-product","3":"status-publish","4":"has-post-thumbnail","6":"pwb-brand-vt","7":"product_cat-nagu","8":"product_cat-naokreemid","9":"product_tag-korea","10":"product_tag-pdrn","11":"product_tag-vt","13":"first","14":"instock","15":"sale","16":"shipping-taxable","17":"purchasable","18":"product-type-simple","19":"entry","20":"content-bg","21":"loop-entry"},"supplier_id":null,"supplier_sku":"","barcode":null,"atum_controlled":true,"out_stock_date":null,"out_stock_threshold":null,"inheritable":false,"inbound_stock":0,"stock_on_hold":0,"sold_today":0,"sales_last_days":4,"out_stock_days":0,"lost_sales":0,"has_location":false,"update_date":"2026-04-14T00:05:13","atum_locations":[],"atum_stock_status":"instock","restock_status":false,"low_stock_amount":"","sales_update_date":"2026-04-14T00:05:13","calc_backorders":null,"yoast_head":"<!-- This site is optimized with the Yoast SEO plugin v27.2 - https:\/\/yoast.com\/product\/yoast-seo-wordpress\/ -->\n<title>VT Cosmetics PDRN Capsule Cream 100, 50ml - IDA.KOREA<\/title>\n<meta name=\"description\" content=\"Kapselkreem \u00fchtlustab nahatooni ja silub kortse. Ei sisalda l\u00f5hnaaineid, ei j\u00e4ta kleepuvat tunnet ning imendub kiiresti, muutes naha pehmeks, s\u00e4ravaks.\" \/>\n<meta name=\"robots\" content=\"index, follow, max-snippet:-1, max-image-preview:large, max-video-preview:-1\" \/>\n<link rel=\"canonical\" href=\"https:\/\/idakorea.ee\/fi\/product\/vt-cosmetics-pdrn-capsule-cream-100-50ml\/\" \/>\n<meta property=\"og:locale\" content=\"fi_FI\" \/>\n<meta property=\"og:type\" content=\"article\" \/>\n<meta property=\"og:title\" content=\"VT Cosmetics PDRN Capsule Cream 100, 50ml - IDA.KOREA\" \/>\n<meta property=\"og:description\" content=\"Kapselkreem \u00fchtlustab nahatooni ja silub kortse. Ei sisalda l\u00f5hnaaineid, ei j\u00e4ta kleepuvat tunnet ning imendub kiiresti, muutes naha pehmeks, s\u00e4ravaks.\" \/>\n<meta property=\"og:url\" content=\"https:\/\/idakorea.ee\/fi\/product\/vt-cosmetics-pdrn-capsule-cream-100-50ml\/\" \/>\n<meta property=\"og:site_name\" content=\"IDA.KOREA\" \/>\n<meta property=\"article:modified_time\" content=\"2026-04-11T14:16:29+00:00\" \/>\n<meta property=\"og:image\" content=\"https:\/\/idakorea.ee\/wp-content\/uploads\/2026\/01\/VTCosmeticsPDRNCapsuleCream100-idakorea.webp\" \/>\n\t<meta property=\"og:image:width\" content=\"1200\" \/>\n\t<meta property=\"og:image:height\" content=\"1200\" \/>\n\t<meta property=\"og:image:type\" content=\"image\/webp\" \/>\n<meta name=\"twitter:card\" content=\"summary_large_image\" \/>\n<meta name=\"twitter:label1\" content=\"Arvioitu lukuaika\" \/>\n\t<meta name=\"twitter:data1\" content=\"2 minuuttia\" \/>\n<script type=\"application\/ld+json\" class=\"yoast-schema-graph\">{\"@context\":\"https:\/\/schema.org\",\"@graph\":[{\"@type\":\"WebPage\",\"@id\":\"https:\/\/idakorea.ee\/product\/vt-cosmetics-pdrn-capsule-cream-100-50ml\/\",\"url\":\"https:\/\/idakorea.ee\/product\/vt-cosmetics-pdrn-capsule-cream-100-50ml\/\",\"name\":\"VT Cosmetics PDRN Capsule Cream 100, 50ml - IDA.KOREA\",\"isPartOf\":{\"@id\":\"https:\/\/idakorea.ee\/#website\"},\"primaryImageOfPage\":{\"@id\":\"https:\/\/idakorea.ee\/product\/vt-cosmetics-pdrn-capsule-cream-100-50ml\/#primaryimage\"},\"image\":{\"@id\":\"https:\/\/idakorea.ee\/product\/vt-cosmetics-pdrn-capsule-cream-100-50ml\/#primaryimage\"},\"thumbnailUrl\":\"https:\/\/idakorea.ee\/wp-content\/uploads\/2026\/01\/VTCosmeticsPDRNCapsuleCream100-idakorea.webp\",\"datePublished\":\"2026-01-08T08:46:39+00:00\",\"dateModified\":\"2026-04-11T14:16:29+00:00\",\"description\":\"Kapselkreem \u00fchtlustab nahatooni ja silub kortse. Ei sisalda l\u00f5hnaaineid, ei j\u00e4ta kleepuvat tunnet ning imendub kiiresti, muutes naha pehmeks, s\u00e4ravaks.\",\"breadcrumb\":{\"@id\":\"https:\/\/idakorea.ee\/product\/vt-cosmetics-pdrn-capsule-cream-100-50ml\/#breadcrumb\"},\"inLanguage\":\"fi\",\"potentialAction\":[{\"@type\":\"ReadAction\",\"target\":[\"https:\/\/idakorea.ee\/product\/vt-cosmetics-pdrn-capsule-cream-100-50ml\/\"]}]},{\"@type\":\"ImageObject\",\"inLanguage\":\"fi\",\"@id\":\"https:\/\/idakorea.ee\/product\/vt-cosmetics-pdrn-capsule-cream-100-50ml\/#primaryimage\",\"url\":\"https:\/\/idakorea.ee\/wp-content\/uploads\/2026\/01\/VTCosmeticsPDRNCapsuleCream100-idakorea.webp\",\"contentUrl\":\"https:\/\/idakorea.ee\/wp-content\/uploads\/2026\/01\/VTCosmeticsPDRNCapsuleCream100-idakorea.webp\",\"width\":1200,\"height\":1200},{\"@type\":\"BreadcrumbList\",\"@id\":\"https:\/\/idakorea.ee\/product\/vt-cosmetics-pdrn-capsule-cream-100-50ml\/#breadcrumb\",\"itemListElement\":[{\"@type\":\"ListItem\",\"position\":1,\"name\":\"\u0413\u043b\u0430\u0432\u043d\u0430\u044f \u0441\u0442\u0440\u0430\u043d\u0438\u0446\u0430\",\"item\":\"https:\/\/idakorea.ee\/\"},{\"@type\":\"ListItem\",\"position\":2,\"name\":\"Shop\",\"item\":\"https:\/\/idakorea.ee\/shop-2\/\"},{\"@type\":\"ListItem\",\"position\":3,\"name\":\"Kapselkreem VT Cosmetics PDRN Capsule Cream 100, 50ml\"}]},{\"@type\":\"WebSite\",\"@id\":\"https:\/\/idakorea.ee\/#website\",\"url\":\"https:\/\/idakorea.ee\/\",\"name\":\"IDA.KOREA\",\"description\":\"Korea kosmeetika e-pood\",\"publisher\":{\"@id\":\"https:\/\/idakorea.ee\/#organization\"},\"alternateName\":\"Beauty Shop\",\"potentialAction\":[{\"@type\":\"SearchAction\",\"target\":{\"@type\":\"EntryPoint\",\"urlTemplate\":\"https:\/\/idakorea.ee\/?s={search_term_string}\"},\"query-input\":{\"@type\":\"PropertyValueSpecification\",\"valueRequired\":true,\"valueName\":\"search_term_string\"}}],\"inLanguage\":\"fi\"},{\"@type\":\"Organization\",\"@id\":\"https:\/\/idakorea.ee\/#organization\",\"name\":\"IDA.KOREA\",\"url\":\"https:\/\/idakorea.ee\/\",\"logo\":{\"@type\":\"ImageObject\",\"inLanguage\":\"fi\",\"@id\":\"https:\/\/idakorea.ee\/#\/schema\/logo\/image\/\",\"url\":\"https:\/\/idakorea.ee\/wp-content\/uploads\/2024\/05\/cropped-korea3.png\",\"contentUrl\":\"https:\/\/idakorea.ee\/wp-content\/uploads\/2024\/05\/cropped-korea3.png\",\"width\":688,\"height\":126,\"caption\":\"IDA.KOREA\"},\"image\":{\"@id\":\"https:\/\/idakorea.ee\/#\/schema\/logo\/image\/\"},\"sameAs\":[\"https:\/\/www.instagram.com\/ida.korea\/\"]}]}<\/script>\n<!-- \/ Yoast SEO plugin. -->","yoast_head_json":{"title":"VT Cosmetics PDRN kapselivoide 100, 50ml - IDA.KOREA","description":"Kapselivoide tasoittaa ihon s\u00e4vy\u00e4 ja silottaa ryppyj\u00e4. Se on hajusteeton, ei j\u00e4t\u00e4 tahmeaa tunnetta ja imeytyy nopeasti tehden ihosta pehme\u00e4n ja s\u00e4teilev\u00e4n.","robots":{"index":"index","follow":"follow","max-snippet":"max-snippet:-1","max-image-preview":"max-image-preview:large","max-video-preview":"max-video-preview:-1"},"canonical":"https:\/\/idakorea.ee\/fi\/product\/vt-cosmetics-pdrn-capsule-cream-100-50ml\/","og_locale":"fi_FI","og_type":"article","og_title":"VT Cosmetics PDRN Capsule Cream 100, 50ml - IDA.KOREA","og_description":"Kapselkreem \u00fchtlustab nahatooni ja silub kortse. Ei sisalda l\u00f5hnaaineid, ei j\u00e4ta kleepuvat tunnet ning imendub kiiresti, muutes naha pehmeks, s\u00e4ravaks.","og_url":"https:\/\/idakorea.ee\/fi\/product\/vt-cosmetics-pdrn-capsule-cream-100-50ml\/","og_site_name":"IDA.KOREA","article_modified_time":"2026-04-11T14:16:29+00:00","og_image":[{"width":1200,"height":1200,"url":"https:\/\/idakorea.ee\/wp-content\/uploads\/2026\/01\/VTCosmeticsPDRNCapsuleCream100-idakorea.webp","type":"image\/webp"}],"twitter_card":"summary_large_image","twitter_misc":{"Arvioitu lukuaika":"2 minuuttia"},"schema":{"@context":"https:\/\/schema.org","@graph":[{"@type":"WebPage","@id":"https:\/\/idakorea.ee\/product\/vt-cosmetics-pdrn-capsule-cream-100-50ml\/","url":"https:\/\/idakorea.ee\/product\/vt-cosmetics-pdrn-capsule-cream-100-50ml\/","name":"VT Cosmetics PDRN kapselivoide 100, 50ml - IDA.KOREA","isPartOf":{"@id":"https:\/\/idakorea.ee\/#website"},"primaryImageOfPage":{"@id":"https:\/\/idakorea.ee\/product\/vt-cosmetics-pdrn-capsule-cream-100-50ml\/#primaryimage"},"image":{"@id":"https:\/\/idakorea.ee\/product\/vt-cosmetics-pdrn-capsule-cream-100-50ml\/#primaryimage"},"thumbnailUrl":"https:\/\/idakorea.ee\/wp-content\/uploads\/2026\/01\/VTCosmeticsPDRNCapsuleCream100-idakorea.webp","datePublished":"2026-01-08T08:46:39+00:00","dateModified":"2026-04-11T14:16:29+00:00","description":"Kapselivoide tasoittaa ihon s\u00e4vy\u00e4 ja silottaa ryppyj\u00e4. Se on hajusteeton, ei j\u00e4t\u00e4 tahmeaa tunnetta ja imeytyy nopeasti tehden ihosta pehme\u00e4n ja s\u00e4teilev\u00e4n.","breadcrumb":{"@id":"https:\/\/idakorea.ee\/product\/vt-cosmetics-pdrn-capsule-cream-100-50ml\/#breadcrumb"},"inLanguage":"fi","potentialAction":[{"@type":"ReadAction","target":["https:\/\/idakorea.ee\/product\/vt-cosmetics-pdrn-capsule-cream-100-50ml\/"]}]},{"@type":"ImageObject","inLanguage":"fi","@id":"https:\/\/idakorea.ee\/product\/vt-cosmetics-pdrn-capsule-cream-100-50ml\/#primaryimage","url":"https:\/\/idakorea.ee\/wp-content\/uploads\/2026\/01\/VTCosmeticsPDRNCapsuleCream100-idakorea.webp","contentUrl":"https:\/\/idakorea.ee\/wp-content\/uploads\/2026\/01\/VTCosmeticsPDRNCapsuleCream100-idakorea.webp","width":1200,"height":1200},{"@type":"BreadcrumbList","@id":"https:\/\/idakorea.ee\/product\/vt-cosmetics-pdrn-capsule-cream-100-50ml\/#breadcrumb","itemListElement":[{"@type":"ListItem","position":1,"name":"\u0413\u043b\u0430\u0432\u043d\u0430\u044f \u0441\u0442\u0440\u0430\u043d\u0438\u0446\u0430","item":"https:\/\/idakorea.ee\/"},{"@type":"ListItem","position":2,"name":"Shop","item":"https:\/\/idakorea.ee\/shop-2\/"},{"@type":"ListItem","position":3,"name":"Kapselkreem VT Cosmetics PDRN Capsule Cream 100, 50ml"}]},{"@type":"WebSite","@id":"https:\/\/idakorea.ee\/#website","url":"https:\/\/idakorea.ee\/","name":"IDA.KOREA","description":"Korean kosmetiikan verkkokauppa","publisher":{"@id":"https:\/\/idakorea.ee\/#organization"},"alternateName":"Beauty Shop","potentialAction":[{"@type":"SearchAction","target":{"@type":"EntryPoint","urlTemplate":"https:\/\/idakorea.ee\/?s={search_term_string}"},"query-input":{"@type":"PropertyValueSpecification","valueRequired":true,"valueName":"search_term_string"}}],"inLanguage":"fi"},{"@type":"Organization","@id":"https:\/\/idakorea.ee\/#organization","name":"IDA.KOREA","url":"https:\/\/idakorea.ee\/","logo":{"@type":"ImageObject","inLanguage":"fi","@id":"https:\/\/idakorea.ee\/#\/schema\/logo\/image\/","url":"https:\/\/idakorea.ee\/wp-content\/uploads\/2024\/05\/cropped-korea3.png","contentUrl":"https:\/\/idakorea.ee\/wp-content\/uploads\/2024\/05\/cropped-korea3.png","width":688,"height":126,"caption":"IDA.KOREA"},"image":{"@id":"https:\/\/idakorea.ee\/#\/schema\/logo\/image\/"},"sameAs":["https:\/\/www.instagram.com\/ida.korea\/"]}]}},"jetpack_sharing_enabled":true,"brands":[{"id":493,"name":"VT COSMETICS","slug":"vt"}],"_links":{"self":[{"href":"https:\/\/idakorea.ee\/fi\/wp-json\/wp\/v2\/product\/17138","targetHints":{"allow":["GET"]}}],"collection":[{"href":"https:\/\/idakorea.ee\/fi\/wp-json\/wp\/v2\/product"}],"about":[{"href":"https:\/\/idakorea.ee\/fi\/wp-json\/wp\/v2\/types\/product"}],"replies":[{"embeddable":true,"href":"https:\/\/idakorea.ee\/fi\/wp-json\/wp\/v2\/comments?post=17138"}],"version-history":[{"count":2,"href":"https:\/\/idakorea.ee\/fi\/wp-json\/wp\/v2\/product\/17138\/revisions"}],"predecessor-version":[{"id":17285,"href":"https:\/\/idakorea.ee\/fi\/wp-json\/wp\/v2\/product\/17138\/revisions\/17285"}],"wp:featuredmedia":[{"embeddable":true,"href":"https:\/\/idakorea.ee\/fi\/wp-json\/wp\/v2\/media\/17141"}],"wp:attachment":[{"href":"https:\/\/idakorea.ee\/fi\/wp-json\/wp\/v2\/media?parent=17138"}],"wp:term":[{"taxonomy":"pwb-brand","embeddable":true,"href":"https:\/\/idakorea.ee\/fi\/wp-json\/wp\/v2\/pwb-brand?post=17138"},{"taxonomy":"product_brand","embeddable":true,"href":"https:\/\/idakorea.ee\/fi\/wp-json\/wp\/v2\/product_brand?post=17138"},{"taxonomy":"product_cat","embeddable":true,"href":"https:\/\/idakorea.ee\/fi\/wp-json\/wp\/v2\/product_cat?post=17138"},{"taxonomy":"product_tag","embeddable":true,"href":"https:\/\/idakorea.ee\/fi\/wp-json\/wp\/v2\/product_tag?post=17138"}],"curies":[{"name":"wp","href":"https:\/\/api.w.org\/{rel}","templated":true}]}}