{"id":17143,"date":"2026-01-08T10:58:31","date_gmt":"2026-01-08T08:58:31","guid":{"rendered":"https:\/\/idakorea.ee\/?post_type=product&#038;p=17143"},"modified":"2026-03-06T14:05:18","modified_gmt":"2026-03-06T12:05:18","slug":"vt-cosmetics-pdrn-grinding-cleansing-balm-50ml","status":"publish","type":"product","link":"https:\/\/idakorea.ee\/fi\/product\/vt-cosmetics-pdrn-grinding-cleansing-balm-50ml\/","title":{"rendered":"Hydrofiilinen puhdistusbalsami VT Cosmetics PDRN Grinding Cleansing Balm, 50ml"},"content":{"rendered":"<p data-start=\"88\" data-end=\"356\"><strong data-start=\"88\" data-end=\"133\">VT Cosmetics PDRN Grinding Cleansing Balm<\/strong> \u2013 Hydrofiilinen puhdistusbalsami, joka sis\u00e4lt\u00e4\u00e4 PDRN:\u00e4\u00e4 ja poistaa tehokkaasti vedenkest\u00e4v\u00e4n meikin, meikkivoiteen ja aurinkosuojat. Se s\u00e4\u00e4telee talirauhasten toimintaa, imee ylim\u00e4\u00e4r\u00e4ist\u00e4 talia, liuottaa mustap\u00e4it\u00e4 ja auttaa ehk\u00e4isem\u00e4\u00e4n komedonien muodostumista.<\/p>\n<p data-start=\"358\" data-end=\"578\">Erityinen hygieniamekanismi mahdollistaa tarvittavan m\u00e4\u00e4r\u00e4n annostelun ilman, ett\u00e4 pakkaukseen p\u00e4\u00e4see ilmaa. Hypoallergeeninen koostumus ilman hajusteita ja eteerisi\u00e4 \u00f6ljyj\u00e4 ei \u00e4rsyt\u00e4 ihoa ja sopii my\u00f6s herk\u00e4lle iholle.<\/p>\n<p data-start=\"580\" data-end=\"803\">Sis\u00e4lt\u00e4\u00e4 <strong data-start=\"589\" data-end=\"610\">Phyto PDRN\u00ae Panax<\/strong> \u2014 Ginsengin juuriuutteesta johdettu PDRN (polynukleotidi), joka stimuloi solujen uusiutumista, nopeuttaa uudistumista, auttaa ehk\u00e4isem\u00e4\u00e4n ryppyj\u00e4 ja tukee ihon kimmoisuutta ja tiheytt\u00e4.<\/p>\n<p data-start=\"805\" data-end=\"842\"><strong>Muita aktiivisia ainesosia:<\/strong><\/p>\n<ul>\n<li data-start=\"844\" data-end=\"999\"><strong data-start=\"844\" data-end=\"878\">LHA (kapryloyylisalisyylihappo)<\/strong> \u2014 Hell\u00e4varainen BHA:n analogi, jonka suurempi molekyyli toimii hell\u00e4varaisemmin. Liuottaa likaa ihohuokosissa ja ehk\u00e4isee mustap\u00e4iden muodostumista.<\/li>\n<li data-start=\"1001\" data-end=\"1134\"><strong>PHA (glukonolaktoni)<\/strong> \u2014 poistaa hell\u00e4varaisesti kuolleita ihosoluja, tasoittaa ihon mikrorakennetta ja auttaa vaalentamaan ik\u00e4l\u00e4iski\u00e4.<\/li>\n<li data-start=\"1136\" data-end=\"1216\"><strong data-start=\"1136\" data-end=\"1149\">Teepuu\u00f6ljy<\/strong> \u2014 on tulehdusta est\u00e4v\u00e4, v\u00e4hent\u00e4\u00e4 punoitusta ja aknen riski\u00e4.<\/li>\n<li data-start=\"1218\" data-end=\"1344\"><strong data-start=\"1218\" data-end=\"1231\">Jojoba\u00f6ljy<\/strong> \u2014 vahvistaa ihon suojakerrosta, kosteuttaa ja ravitsee. Korkea E-vitamiinipitoisuus tarjoaa antioksidanttisia ominaisuuksia.<\/li>\n<li data-start=\"1346\" data-end=\"1441\"><strong data-start=\"1346\" data-end=\"1358\">Skvala<\/strong> \u2014 rauhoittaa ihoa, est\u00e4\u00e4 kosteuden haihtumista ja hidastaa ik\u00e4\u00e4ntymisprosessia.<\/li>\n<li data-start=\"1443\" data-end=\"1599\"><strong data-start=\"1443\" data-end=\"1457\">Keramidit<\/strong> \u2014 palauttaa sarveiskerroksen ja lipidikerroksen eheyden, v\u00e4hent\u00e4\u00e4 herkkyytt\u00e4 ulkoisille \u00e4rsykkeille ja lievitt\u00e4\u00e4 hilseily\u00e4 ja kuivuutta.<\/li>\n<\/ul>\n<p data-start=\"1601\" data-end=\"1631\">Sopii kaikille ihotyypeille.<\/p>\n<p data-start=\"1633\" data-end=\"1648\"><strong>K\u00e4ytt\u00f6:<\/strong><\/p>\n<p data-start=\"1649\" data-end=\"1921\">Ota tarvittava m\u00e4\u00e4r\u00e4 tuotetta kiert\u00e4m\u00e4ll\u00e4 korkkia. Levit\u00e4 balsamia kuivalle iholle ja hiero, kunnes meikki on t\u00e4ysin liuennut. Lis\u00e4\u00e4 sitten hieman vett\u00e4 ja jatka hieromista py\u00f6rivin liikkein. Huuhtele l\u00e4mpim\u00e4ll\u00e4 vedell\u00e4. Jatka lopuksi puhdistusta kasvogeelill\u00e4 tai -vaahdolla.<\/p>","protected":false},"excerpt":{"rendered":"<p>VT Cosmetics PDRN Grinding Cleansing Balm \u2013 hydrofiilinen puhdistusbalsami, joka sis\u00e4lt\u00e4\u00e4 PDRN:\u00e4\u00e4 ja poistaa tehokkaasti vedenkest\u00e4v\u00e4n meikin, meikkivoiteen ja aurinkosuojat. Se s\u00e4\u00e4telee talirauhasten toimintaa, imee ylim\u00e4\u00e4r\u00e4ist\u00e4 talia, liuottaa mustap\u00e4it\u00e4 ja auttaa ehk\u00e4isem\u00e4\u00e4n komedonien muodostumista. Erityinen hygieeninen mekanismi mahdollistaa tarvittavan m\u00e4\u00e4r\u00e4n annostelun ilman, ett\u00e4 pakkaukseen p\u00e4\u00e4see ilmaa. Hypoallergeeninen koostumus ilman hajusteita ja eteerisi\u00e4 \u00f6ljyj\u00e4 ei \u00e4rsyt\u00e4 ihoa ja\u2026<\/p>","protected":false},"featured_media":17146,"comment_status":"open","ping_status":"closed","template":"","meta":{"_uf_show_specific_survey":0,"_uf_disable_surveys":false,"_bst_post_transparent":"default","_bst_post_title":"","_bst_post_layout":"default","_bst_post_sidebar_id":"","_bst_post_content_style":"default","_bst_post_vertical_padding":"default","_bst_post_feature":"","_bst_post_feature_position":"","_bst_post_header":false,"_bst_post_footer":false},"pwb-brand":[493],"product_brand":[],"product_cat":[1029,92,100],"product_tag":[1015,568,789,462],"class_list":{"0":"post-17143","1":"product","2":"type-product","3":"status-publish","4":"has-post-thumbnail","6":"pwb-brand-vt","7":"product_cat-meigieemaldus","8":"product_cat-nagu","9":"product_cat-puhastusvahendid","10":"product_tag-clean","11":"product_tag-korea","12":"product_tag-pdrn","13":"product_tag-vt","15":"first","16":"instock","17":"sale","18":"shipping-taxable","19":"purchasable","20":"product-type-simple","21":"entry","22":"content-bg","23":"loop-entry"},"supplier_id":null,"supplier_sku":"","barcode":null,"atum_controlled":true,"out_stock_date":null,"out_stock_threshold":null,"inheritable":false,"inbound_stock":0,"stock_on_hold":0,"sold_today":0,"sales_last_days":0,"out_stock_days":0,"lost_sales":0,"has_location":false,"update_date":"2026-04-14T00:05:05","atum_locations":[],"atum_stock_status":"instock","restock_status":false,"low_stock_amount":"","sales_update_date":"2026-04-14T00:05:05","calc_backorders":null,"yoast_head":"<!-- This site is optimized with the Yoast SEO plugin v27.2 - https:\/\/yoast.com\/product\/yoast-seo-wordpress\/ -->\n<title>VT Cosmetics PDRN Grinding Cleansing Balm, 50ml - IDA.KOREA<\/title>\n<meta name=\"description\" content=\"PDRN-iga h\u00fcdrofiilne puhastuspalsam, mis eemaldab t\u00f5husalt veekindla meigi, jumestuskreemid ja p\u00e4ikesekaitsevahendid. Reguleerib rasun\u00e4\u00e4rmete t\u00f6\u00f6d.\" \/>\n<meta name=\"robots\" content=\"index, follow, max-snippet:-1, max-image-preview:large, max-video-preview:-1\" \/>\n<link rel=\"canonical\" href=\"https:\/\/idakorea.ee\/fi\/product\/vt-cosmetics-pdrn-grinding-cleansing-balm-50ml\/\" \/>\n<meta property=\"og:locale\" content=\"fi_FI\" \/>\n<meta property=\"og:type\" content=\"article\" \/>\n<meta property=\"og:title\" content=\"VT Cosmetics PDRN Grinding Cleansing Balm, 50ml - IDA.KOREA\" \/>\n<meta property=\"og:description\" content=\"PDRN-iga h\u00fcdrofiilne puhastuspalsam, mis eemaldab t\u00f5husalt veekindla meigi, jumestuskreemid ja p\u00e4ikesekaitsevahendid. Reguleerib rasun\u00e4\u00e4rmete t\u00f6\u00f6d.\" \/>\n<meta property=\"og:url\" content=\"https:\/\/idakorea.ee\/fi\/product\/vt-cosmetics-pdrn-grinding-cleansing-balm-50ml\/\" \/>\n<meta property=\"og:site_name\" content=\"IDA.KOREA\" \/>\n<meta property=\"article:modified_time\" content=\"2026-03-06T12:05:18+00:00\" \/>\n<meta property=\"og:image\" content=\"https:\/\/idakorea.ee\/wp-content\/uploads\/2026\/01\/VT-Cosmetics-PDRN-Grinding-Cleansing-Balm_idakorea.jpg\" \/>\n\t<meta property=\"og:image:width\" content=\"1000\" \/>\n\t<meta property=\"og:image:height\" content=\"1000\" \/>\n\t<meta property=\"og:image:type\" content=\"image\/jpeg\" \/>\n<meta name=\"twitter:card\" content=\"summary_large_image\" \/>\n<meta name=\"twitter:label1\" content=\"Arvioitu lukuaika\" \/>\n\t<meta name=\"twitter:data1\" content=\"2 minuuttia\" \/>\n<script type=\"application\/ld+json\" class=\"yoast-schema-graph\">{\"@context\":\"https:\/\/schema.org\",\"@graph\":[{\"@type\":\"WebPage\",\"@id\":\"https:\/\/idakorea.ee\/product\/vt-cosmetics-pdrn-grinding-cleansing-balm-50ml\/\",\"url\":\"https:\/\/idakorea.ee\/product\/vt-cosmetics-pdrn-grinding-cleansing-balm-50ml\/\",\"name\":\"VT Cosmetics PDRN Grinding Cleansing Balm, 50ml - IDA.KOREA\",\"isPartOf\":{\"@id\":\"https:\/\/idakorea.ee\/#website\"},\"primaryImageOfPage\":{\"@id\":\"https:\/\/idakorea.ee\/product\/vt-cosmetics-pdrn-grinding-cleansing-balm-50ml\/#primaryimage\"},\"image\":{\"@id\":\"https:\/\/idakorea.ee\/product\/vt-cosmetics-pdrn-grinding-cleansing-balm-50ml\/#primaryimage\"},\"thumbnailUrl\":\"https:\/\/idakorea.ee\/wp-content\/uploads\/2026\/01\/VT-Cosmetics-PDRN-Grinding-Cleansing-Balm_idakorea.jpg\",\"datePublished\":\"2026-01-08T08:58:31+00:00\",\"dateModified\":\"2026-03-06T12:05:18+00:00\",\"description\":\"PDRN-iga h\u00fcdrofiilne puhastuspalsam, mis eemaldab t\u00f5husalt veekindla meigi, jumestuskreemid ja p\u00e4ikesekaitsevahendid. Reguleerib rasun\u00e4\u00e4rmete t\u00f6\u00f6d.\",\"breadcrumb\":{\"@id\":\"https:\/\/idakorea.ee\/product\/vt-cosmetics-pdrn-grinding-cleansing-balm-50ml\/#breadcrumb\"},\"inLanguage\":\"fi\",\"potentialAction\":[{\"@type\":\"ReadAction\",\"target\":[\"https:\/\/idakorea.ee\/product\/vt-cosmetics-pdrn-grinding-cleansing-balm-50ml\/\"]}]},{\"@type\":\"ImageObject\",\"inLanguage\":\"fi\",\"@id\":\"https:\/\/idakorea.ee\/product\/vt-cosmetics-pdrn-grinding-cleansing-balm-50ml\/#primaryimage\",\"url\":\"https:\/\/idakorea.ee\/wp-content\/uploads\/2026\/01\/VT-Cosmetics-PDRN-Grinding-Cleansing-Balm_idakorea.jpg\",\"contentUrl\":\"https:\/\/idakorea.ee\/wp-content\/uploads\/2026\/01\/VT-Cosmetics-PDRN-Grinding-Cleansing-Balm_idakorea.jpg\",\"width\":1000,\"height\":1000},{\"@type\":\"BreadcrumbList\",\"@id\":\"https:\/\/idakorea.ee\/product\/vt-cosmetics-pdrn-grinding-cleansing-balm-50ml\/#breadcrumb\",\"itemListElement\":[{\"@type\":\"ListItem\",\"position\":1,\"name\":\"\u0413\u043b\u0430\u0432\u043d\u0430\u044f \u0441\u0442\u0440\u0430\u043d\u0438\u0446\u0430\",\"item\":\"https:\/\/idakorea.ee\/\"},{\"@type\":\"ListItem\",\"position\":2,\"name\":\"Shop\",\"item\":\"https:\/\/idakorea.ee\/shop-2\/\"},{\"@type\":\"ListItem\",\"position\":3,\"name\":\"H\u00fcdrofiilne puhastuspalsam VT Cosmetics PDRN Grinding Cleansing Balm, 50ml\"}]},{\"@type\":\"WebSite\",\"@id\":\"https:\/\/idakorea.ee\/#website\",\"url\":\"https:\/\/idakorea.ee\/\",\"name\":\"IDA.KOREA\",\"description\":\"Korea kosmeetika e-pood\",\"publisher\":{\"@id\":\"https:\/\/idakorea.ee\/#organization\"},\"alternateName\":\"Beauty Shop\",\"potentialAction\":[{\"@type\":\"SearchAction\",\"target\":{\"@type\":\"EntryPoint\",\"urlTemplate\":\"https:\/\/idakorea.ee\/?s={search_term_string}\"},\"query-input\":{\"@type\":\"PropertyValueSpecification\",\"valueRequired\":true,\"valueName\":\"search_term_string\"}}],\"inLanguage\":\"fi\"},{\"@type\":\"Organization\",\"@id\":\"https:\/\/idakorea.ee\/#organization\",\"name\":\"IDA.KOREA\",\"url\":\"https:\/\/idakorea.ee\/\",\"logo\":{\"@type\":\"ImageObject\",\"inLanguage\":\"fi\",\"@id\":\"https:\/\/idakorea.ee\/#\/schema\/logo\/image\/\",\"url\":\"https:\/\/idakorea.ee\/wp-content\/uploads\/2024\/05\/cropped-korea3.png\",\"contentUrl\":\"https:\/\/idakorea.ee\/wp-content\/uploads\/2024\/05\/cropped-korea3.png\",\"width\":688,\"height\":126,\"caption\":\"IDA.KOREA\"},\"image\":{\"@id\":\"https:\/\/idakorea.ee\/#\/schema\/logo\/image\/\"},\"sameAs\":[\"https:\/\/www.instagram.com\/ida.korea\/\"]}]}<\/script>\n<!-- \/ Yoast SEO plugin. -->","yoast_head_json":{"title":"VT Cosmetics PDRN Grinding Cleansing Balm, 50ml - IDA.KOREA","description":"Hydrofiilinen puhdistusbalsami, joka sis\u00e4lt\u00e4\u00e4 PDRN:\u00e4\u00e4 ja poistaa tehokkaasti vedenkest\u00e4v\u00e4n meikin, meikkivoiteen ja aurinkosuojan. Se s\u00e4\u00e4telee talirauhasten toimintaa.","robots":{"index":"index","follow":"follow","max-snippet":"max-snippet:-1","max-image-preview":"max-image-preview:large","max-video-preview":"max-video-preview:-1"},"canonical":"https:\/\/idakorea.ee\/fi\/product\/vt-cosmetics-pdrn-grinding-cleansing-balm-50ml\/","og_locale":"fi_FI","og_type":"article","og_title":"VT Cosmetics PDRN Grinding Cleansing Balm, 50ml - IDA.KOREA","og_description":"PDRN-iga h\u00fcdrofiilne puhastuspalsam, mis eemaldab t\u00f5husalt veekindla meigi, jumestuskreemid ja p\u00e4ikesekaitsevahendid. Reguleerib rasun\u00e4\u00e4rmete t\u00f6\u00f6d.","og_url":"https:\/\/idakorea.ee\/fi\/product\/vt-cosmetics-pdrn-grinding-cleansing-balm-50ml\/","og_site_name":"IDA.KOREA","article_modified_time":"2026-03-06T12:05:18+00:00","og_image":[{"width":1000,"height":1000,"url":"https:\/\/idakorea.ee\/wp-content\/uploads\/2026\/01\/VT-Cosmetics-PDRN-Grinding-Cleansing-Balm_idakorea.jpg","type":"image\/jpeg"}],"twitter_card":"summary_large_image","twitter_misc":{"Arvioitu lukuaika":"2 minuuttia"},"schema":{"@context":"https:\/\/schema.org","@graph":[{"@type":"WebPage","@id":"https:\/\/idakorea.ee\/product\/vt-cosmetics-pdrn-grinding-cleansing-balm-50ml\/","url":"https:\/\/idakorea.ee\/product\/vt-cosmetics-pdrn-grinding-cleansing-balm-50ml\/","name":"VT Cosmetics PDRN Grinding Cleansing Balm, 50ml - IDA.KOREA","isPartOf":{"@id":"https:\/\/idakorea.ee\/#website"},"primaryImageOfPage":{"@id":"https:\/\/idakorea.ee\/product\/vt-cosmetics-pdrn-grinding-cleansing-balm-50ml\/#primaryimage"},"image":{"@id":"https:\/\/idakorea.ee\/product\/vt-cosmetics-pdrn-grinding-cleansing-balm-50ml\/#primaryimage"},"thumbnailUrl":"https:\/\/idakorea.ee\/wp-content\/uploads\/2026\/01\/VT-Cosmetics-PDRN-Grinding-Cleansing-Balm_idakorea.jpg","datePublished":"2026-01-08T08:58:31+00:00","dateModified":"2026-03-06T12:05:18+00:00","description":"Hydrofiilinen puhdistusbalsami, joka sis\u00e4lt\u00e4\u00e4 PDRN:\u00e4\u00e4 ja poistaa tehokkaasti vedenkest\u00e4v\u00e4n meikin, meikkivoiteen ja aurinkosuojan. Se s\u00e4\u00e4telee talirauhasten toimintaa.","breadcrumb":{"@id":"https:\/\/idakorea.ee\/product\/vt-cosmetics-pdrn-grinding-cleansing-balm-50ml\/#breadcrumb"},"inLanguage":"fi","potentialAction":[{"@type":"ReadAction","target":["https:\/\/idakorea.ee\/product\/vt-cosmetics-pdrn-grinding-cleansing-balm-50ml\/"]}]},{"@type":"ImageObject","inLanguage":"fi","@id":"https:\/\/idakorea.ee\/product\/vt-cosmetics-pdrn-grinding-cleansing-balm-50ml\/#primaryimage","url":"https:\/\/idakorea.ee\/wp-content\/uploads\/2026\/01\/VT-Cosmetics-PDRN-Grinding-Cleansing-Balm_idakorea.jpg","contentUrl":"https:\/\/idakorea.ee\/wp-content\/uploads\/2026\/01\/VT-Cosmetics-PDRN-Grinding-Cleansing-Balm_idakorea.jpg","width":1000,"height":1000},{"@type":"BreadcrumbList","@id":"https:\/\/idakorea.ee\/product\/vt-cosmetics-pdrn-grinding-cleansing-balm-50ml\/#breadcrumb","itemListElement":[{"@type":"ListItem","position":1,"name":"\u0413\u043b\u0430\u0432\u043d\u0430\u044f \u0441\u0442\u0440\u0430\u043d\u0438\u0446\u0430","item":"https:\/\/idakorea.ee\/"},{"@type":"ListItem","position":2,"name":"Shop","item":"https:\/\/idakorea.ee\/shop-2\/"},{"@type":"ListItem","position":3,"name":"H\u00fcdrofiilne puhastuspalsam VT Cosmetics PDRN Grinding Cleansing Balm, 50ml"}]},{"@type":"WebSite","@id":"https:\/\/idakorea.ee\/#website","url":"https:\/\/idakorea.ee\/","name":"IDA.KOREA","description":"Korean kosmetiikan verkkokauppa","publisher":{"@id":"https:\/\/idakorea.ee\/#organization"},"alternateName":"Beauty Shop","potentialAction":[{"@type":"SearchAction","target":{"@type":"EntryPoint","urlTemplate":"https:\/\/idakorea.ee\/?s={search_term_string}"},"query-input":{"@type":"PropertyValueSpecification","valueRequired":true,"valueName":"search_term_string"}}],"inLanguage":"fi"},{"@type":"Organization","@id":"https:\/\/idakorea.ee\/#organization","name":"IDA.KOREA","url":"https:\/\/idakorea.ee\/","logo":{"@type":"ImageObject","inLanguage":"fi","@id":"https:\/\/idakorea.ee\/#\/schema\/logo\/image\/","url":"https:\/\/idakorea.ee\/wp-content\/uploads\/2024\/05\/cropped-korea3.png","contentUrl":"https:\/\/idakorea.ee\/wp-content\/uploads\/2024\/05\/cropped-korea3.png","width":688,"height":126,"caption":"IDA.KOREA"},"image":{"@id":"https:\/\/idakorea.ee\/#\/schema\/logo\/image\/"},"sameAs":["https:\/\/www.instagram.com\/ida.korea\/"]}]}},"jetpack_sharing_enabled":true,"brands":[{"id":493,"name":"VT COSMETICS","slug":"vt"}],"_links":{"self":[{"href":"https:\/\/idakorea.ee\/fi\/wp-json\/wp\/v2\/product\/17143","targetHints":{"allow":["GET"]}}],"collection":[{"href":"https:\/\/idakorea.ee\/fi\/wp-json\/wp\/v2\/product"}],"about":[{"href":"https:\/\/idakorea.ee\/fi\/wp-json\/wp\/v2\/types\/product"}],"replies":[{"embeddable":true,"href":"https:\/\/idakorea.ee\/fi\/wp-json\/wp\/v2\/comments?post=17143"}],"version-history":[{"count":3,"href":"https:\/\/idakorea.ee\/fi\/wp-json\/wp\/v2\/product\/17143\/revisions"}],"predecessor-version":[{"id":17448,"href":"https:\/\/idakorea.ee\/fi\/wp-json\/wp\/v2\/product\/17143\/revisions\/17448"}],"wp:featuredmedia":[{"embeddable":true,"href":"https:\/\/idakorea.ee\/fi\/wp-json\/wp\/v2\/media\/17146"}],"wp:attachment":[{"href":"https:\/\/idakorea.ee\/fi\/wp-json\/wp\/v2\/media?parent=17143"}],"wp:term":[{"taxonomy":"pwb-brand","embeddable":true,"href":"https:\/\/idakorea.ee\/fi\/wp-json\/wp\/v2\/pwb-brand?post=17143"},{"taxonomy":"product_brand","embeddable":true,"href":"https:\/\/idakorea.ee\/fi\/wp-json\/wp\/v2\/product_brand?post=17143"},{"taxonomy":"product_cat","embeddable":true,"href":"https:\/\/idakorea.ee\/fi\/wp-json\/wp\/v2\/product_cat?post=17143"},{"taxonomy":"product_tag","embeddable":true,"href":"https:\/\/idakorea.ee\/fi\/wp-json\/wp\/v2\/product_tag?post=17143"}],"curies":[{"name":"wp","href":"https:\/\/api.w.org\/{rel}","templated":true}]}}