{"id":17159,"date":"2026-01-09T09:31:00","date_gmt":"2026-01-09T07:31:00","guid":{"rendered":"https:\/\/idakorea.ee\/?post_type=product&#038;p=17159"},"modified":"2026-04-08T11:38:55","modified_gmt":"2026-04-08T09:38:55","slug":"rejuran-perfect-v-tighter","status":"publish","type":"product","link":"https:\/\/idakorea.ee\/fi\/product\/rejuran-perfect-v-tighter\/","title":{"rendered":"Rejuran Perfect V Tighter -kohottava kangasmaski PDRN:ll\u00e4"},"content":{"rendered":"<p data-start=\"108\" data-end=\"402\"><strong data-start=\"108\" data-end=\"137\">Rejuran Perfect V Tighter<\/strong> PDRN:\u00e4\u00e4 sis\u00e4lt\u00e4v\u00e4 kohottava kangasnaamio tekee ihosta kimmoisan ja t\u00e4ytel\u00e4isen stimuloiden kollageenin ja elastiinin synteesi\u00e4. Kosteuttaa, rauhoittaa ja aktivoi solujen uudistumista. Pehme\u00e4 kangas mukautuu tiiviisti ihoon, kevyt koostumus imeytyy nopeasti eik\u00e4 j\u00e4t\u00e4 tahmeaa tunnetta.<\/p>\n<p data-start=\"404\" data-end=\"920\">Sis\u00e4lt\u00e4\u00e4 <strong data-start=\"413\" data-end=\"428\">c-PDRN 0.2%<\/strong> \u2014 REJURAN-sarjan avainkomponentti, joka tunnetaan vaihtoehtona injektoitavalle nuorentukselle. Se on meriper\u00e4inen pienimolekyylinen DNA-fragmentti, joka on biologisesti yhteensopiva ihmisen ihon kanssa. Se aktivoi palautumisprosesseja ja solujen uusiutumista, lis\u00e4\u00e4 kollageenin tuotantoa ja parantaa ihon tiheytt\u00e4. Tuloksena on voimakas kohottava vaikutus, ihon rakenne tasoittuu ja ryppyj\u00e4 v\u00e4henee. Ihosta tulee kiinte\u00e4mpi, sile\u00e4mpi ja kest\u00e4v\u00e4mpi ulkoisille \u00e4rsykkeille.<\/p>\n<p data-start=\"922\" data-end=\"946\"><strong>T\u00e4rkeimm\u00e4t vaikuttavat aineet:<\/strong><\/p>\n<ul>\n<li data-start=\"948\" data-end=\"1079\"><strong data-start=\"948\" data-end=\"961\">Kollaasit<\/strong> \u2013 auttaa s\u00e4ilytt\u00e4m\u00e4\u00e4n kosteutta, parantaa ihon rakennetta, stimuloi uudistumisprosesseja ja v\u00e4hent\u00e4\u00e4 ryppyjen n\u00e4kyvyytt\u00e4.<\/li>\n<li data-start=\"1081\" data-end=\"1220\"><strong data-start=\"1081\" data-end=\"1094\">Peptidit<\/strong> \u2013 ik\u00e4\u00e4ntymist\u00e4 ehk\u00e4isev\u00e4 vaikutus, stimuloi uudistumista, v\u00e4hent\u00e4\u00e4 ryppyjen syvyytt\u00e4, silottaa ja kiinteytt\u00e4\u00e4 ihoa.<\/li>\n<li data-start=\"1222\" data-end=\"1358\"><strong data-start=\"1222\" data-end=\"1249\">Pantenoli (B5-vitamiini)<\/strong> \u2013 lievitt\u00e4\u00e4 punoitusta ja kutinaa, vahvistaa hydrolipidisuojaa ja nopeuttaa vaurioituneen ihon toipumista.<\/li>\n<li data-start=\"1360\" data-end=\"1479\"><strong data-start=\"1360\" data-end=\"1372\">Skvala<\/strong> \u2013 rauhoittaa, est\u00e4\u00e4 kosteuden haihtumista, suojaa kuivumiselta, ravitsee ja hidastaa ik\u00e4\u00e4ntymisprosesseja.<\/li>\n<li data-start=\"1481\" data-end=\"1641\"><strong data-start=\"1481\" data-end=\"1509\">Valkoisen lumpeen uute<\/strong> \u2013 kosteuttaa ja hoitaa ihoa, parantaa kosteudensitomiskyky\u00e4, tasoittaa ihon s\u00e4vy\u00e4, auttaa v\u00e4hent\u00e4m\u00e4\u00e4n sameutta ja lis\u00e4\u00e4 hehkua.<\/li>\n<\/ul>\n<p data-start=\"1643\" data-end=\"1673\">Sopii kaikille ihotyypeille.<\/p>\n<p data-start=\"1675\" data-end=\"1690\"><strong>K\u00e4ytt\u00f6:<\/strong><\/p>\n<p data-start=\"1691\" data-end=\"1892\">Puhdistuksen, kasvoveden ja seerumin j\u00e4lkeen levit\u00e4 naamio kasvoillesi ja tasoita se. Poista 10\u201320 minuutin kuluttua ja anna j\u00e4ljell\u00e4 olevan aineen imeyty\u00e4. Viimeistele hoito tarvittaessa voiteella.<\/p>","protected":false},"excerpt":{"rendered":"<p>Rejuran Perfect V Tighter Lifting -kangasnaamio PDRN:ll\u00e4 tekee ihosta kimmoisan ja kiinte\u00e4n stimuloiden kollageenin ja elastiinin synteesi\u00e4. Kosteuttaa, rauhoittaa ja aktivoi solujen uudistumista. Pehme\u00e4 kangas istuu tiiviisti ihoon, kevyt koostumus imeytyy nopeasti eik\u00e4 j\u00e4t\u00e4 tahmeaa tunnetta. Sis\u00e4lt\u00e4\u00e4 c-PDRN 0.2%:t\u00e4 \u2014 REJURAN-sarjan avainkomponenttia, joka tunnetaan vaihtoehtona injektoitavalle nuorentukselle. Se on merest\u00e4 per\u00e4isin oleva pienimolekyylinen DNA-fragmentti, joka\u2026<\/p>","protected":false},"featured_media":17161,"comment_status":"open","ping_status":"closed","template":"","meta":{"_uf_show_specific_survey":0,"_uf_disable_surveys":false,"_bst_post_transparent":"default","_bst_post_title":"","_bst_post_layout":"default","_bst_post_sidebar_id":"","_bst_post_content_style":"default","_bst_post_vertical_padding":"default","_bst_post_feature":"","_bst_post_feature_position":"","_bst_post_header":false,"_bst_post_footer":false},"pwb-brand":[108],"product_brand":[],"product_cat":[92,98],"product_tag":[568,614,789],"class_list":{"0":"post-17159","1":"product","2":"type-product","3":"status-publish","4":"has-post-thumbnail","6":"pwb-brand-rejuran","7":"product_cat-nagu","8":"product_cat-naomaskid","9":"product_tag-korea","10":"product_tag-mask","11":"product_tag-pdrn","13":"first","14":"instock","15":"sale","16":"shipping-taxable","17":"purchasable","18":"product-type-simple","19":"entry","20":"content-bg","21":"loop-entry"},"supplier_id":null,"supplier_sku":"","barcode":null,"atum_controlled":true,"out_stock_date":null,"out_stock_threshold":null,"inheritable":false,"inbound_stock":0,"stock_on_hold":0,"sold_today":0,"sales_last_days":3,"out_stock_days":0,"lost_sales":0,"has_location":false,"update_date":"2026-04-14T00:05:05","atum_locations":[],"atum_stock_status":"instock","restock_status":false,"low_stock_amount":"","sales_update_date":"2026-04-14T00:05:05","calc_backorders":null,"yoast_head":"<!-- This site is optimized with the Yoast SEO plugin v27.2 - https:\/\/yoast.com\/product\/yoast-seo-wordpress\/ -->\n<title>Rejuran Perfect V Tighter - IDA.KOREA<\/title>\n<meta name=\"description\" content=\"PDRN-iga lifting-kangasmask muudab naha elastseks ja pringiks, stimuleerides kollageeni ja elastiini s\u00fcnteesi, aktiveerib rakkude regeneratsiooni.\" \/>\n<meta name=\"robots\" content=\"index, follow, max-snippet:-1, max-image-preview:large, max-video-preview:-1\" \/>\n<link rel=\"canonical\" href=\"https:\/\/idakorea.ee\/fi\/product\/rejuran-perfect-v-tighter\/\" \/>\n<meta property=\"og:locale\" content=\"fi_FI\" \/>\n<meta property=\"og:type\" content=\"article\" \/>\n<meta property=\"og:title\" content=\"Rejuran Perfect V Tighter - IDA.KOREA\" \/>\n<meta property=\"og:description\" content=\"PDRN-iga lifting-kangasmask muudab naha elastseks ja pringiks, stimuleerides kollageeni ja elastiini s\u00fcnteesi, aktiveerib rakkude regeneratsiooni.\" \/>\n<meta property=\"og:url\" content=\"https:\/\/idakorea.ee\/fi\/product\/rejuran-perfect-v-tighter\/\" \/>\n<meta property=\"og:site_name\" content=\"IDA.KOREA\" \/>\n<meta property=\"article:modified_time\" content=\"2026-04-08T09:38:55+00:00\" \/>\n<meta property=\"og:image\" content=\"https:\/\/idakorea.ee\/wp-content\/uploads\/2026\/01\/rejuran-perfect-v-tighter-idakorea.jpg\" \/>\n\t<meta property=\"og:image:width\" content=\"600\" \/>\n\t<meta property=\"og:image:height\" content=\"600\" \/>\n\t<meta property=\"og:image:type\" content=\"image\/jpeg\" \/>\n<meta name=\"twitter:card\" content=\"summary_large_image\" \/>\n<meta name=\"twitter:label1\" content=\"Arvioitu lukuaika\" \/>\n\t<meta name=\"twitter:data1\" content=\"2 minuuttia\" \/>\n<script type=\"application\/ld+json\" class=\"yoast-schema-graph\">{\"@context\":\"https:\/\/schema.org\",\"@graph\":[{\"@type\":\"WebPage\",\"@id\":\"https:\/\/idakorea.ee\/product\/rejuran-perfect-v-tighter\/\",\"url\":\"https:\/\/idakorea.ee\/product\/rejuran-perfect-v-tighter\/\",\"name\":\"Rejuran Perfect V Tighter - IDA.KOREA\",\"isPartOf\":{\"@id\":\"https:\/\/idakorea.ee\/#website\"},\"primaryImageOfPage\":{\"@id\":\"https:\/\/idakorea.ee\/product\/rejuran-perfect-v-tighter\/#primaryimage\"},\"image\":{\"@id\":\"https:\/\/idakorea.ee\/product\/rejuran-perfect-v-tighter\/#primaryimage\"},\"thumbnailUrl\":\"https:\/\/idakorea.ee\/wp-content\/uploads\/2026\/01\/rejuran-perfect-v-tighter-idakorea.jpg\",\"datePublished\":\"2026-01-09T07:31:00+00:00\",\"dateModified\":\"2026-04-08T09:38:55+00:00\",\"description\":\"PDRN-iga lifting-kangasmask muudab naha elastseks ja pringiks, stimuleerides kollageeni ja elastiini s\u00fcnteesi, aktiveerib rakkude regeneratsiooni.\",\"breadcrumb\":{\"@id\":\"https:\/\/idakorea.ee\/product\/rejuran-perfect-v-tighter\/#breadcrumb\"},\"inLanguage\":\"fi\",\"potentialAction\":[{\"@type\":\"ReadAction\",\"target\":[\"https:\/\/idakorea.ee\/product\/rejuran-perfect-v-tighter\/\"]}]},{\"@type\":\"ImageObject\",\"inLanguage\":\"fi\",\"@id\":\"https:\/\/idakorea.ee\/product\/rejuran-perfect-v-tighter\/#primaryimage\",\"url\":\"https:\/\/idakorea.ee\/wp-content\/uploads\/2026\/01\/rejuran-perfect-v-tighter-idakorea.jpg\",\"contentUrl\":\"https:\/\/idakorea.ee\/wp-content\/uploads\/2026\/01\/rejuran-perfect-v-tighter-idakorea.jpg\",\"width\":600,\"height\":600},{\"@type\":\"BreadcrumbList\",\"@id\":\"https:\/\/idakorea.ee\/product\/rejuran-perfect-v-tighter\/#breadcrumb\",\"itemListElement\":[{\"@type\":\"ListItem\",\"position\":1,\"name\":\"\u0413\u043b\u0430\u0432\u043d\u0430\u044f \u0441\u0442\u0440\u0430\u043d\u0438\u0446\u0430\",\"item\":\"https:\/\/idakorea.ee\/\"},{\"@type\":\"ListItem\",\"position\":2,\"name\":\"Shop\",\"item\":\"https:\/\/idakorea.ee\/shop-2\/\"},{\"@type\":\"ListItem\",\"position\":3,\"name\":\"PDRN-iga lifting-kangasmask Rejuran Perfect V Tighter\"}]},{\"@type\":\"WebSite\",\"@id\":\"https:\/\/idakorea.ee\/#website\",\"url\":\"https:\/\/idakorea.ee\/\",\"name\":\"IDA.KOREA\",\"description\":\"Korea kosmeetika e-pood\",\"publisher\":{\"@id\":\"https:\/\/idakorea.ee\/#organization\"},\"alternateName\":\"Beauty Shop\",\"potentialAction\":[{\"@type\":\"SearchAction\",\"target\":{\"@type\":\"EntryPoint\",\"urlTemplate\":\"https:\/\/idakorea.ee\/?s={search_term_string}\"},\"query-input\":{\"@type\":\"PropertyValueSpecification\",\"valueRequired\":true,\"valueName\":\"search_term_string\"}}],\"inLanguage\":\"fi\"},{\"@type\":\"Organization\",\"@id\":\"https:\/\/idakorea.ee\/#organization\",\"name\":\"IDA.KOREA\",\"url\":\"https:\/\/idakorea.ee\/\",\"logo\":{\"@type\":\"ImageObject\",\"inLanguage\":\"fi\",\"@id\":\"https:\/\/idakorea.ee\/#\/schema\/logo\/image\/\",\"url\":\"https:\/\/idakorea.ee\/wp-content\/uploads\/2024\/05\/cropped-korea3.png\",\"contentUrl\":\"https:\/\/idakorea.ee\/wp-content\/uploads\/2024\/05\/cropped-korea3.png\",\"width\":688,\"height\":126,\"caption\":\"IDA.KOREA\"},\"image\":{\"@id\":\"https:\/\/idakorea.ee\/#\/schema\/logo\/image\/\"},\"sameAs\":[\"https:\/\/www.instagram.com\/ida.korea\/\"]}]}<\/script>\n<!-- \/ Yoast SEO plugin. -->","yoast_head_json":{"title":"Rejuran Perfect V Tighter - IDA.KOREA","description":"PDRN:\u00e4\u00e4 sis\u00e4lt\u00e4v\u00e4 kohottava kangasnaamio tekee ihosta kimmoisan ja t\u00e4ytel\u00e4isen, stimuloi kollageenin ja elastiinin synteesi\u00e4 ja aktivoi solujen uudistumista.","robots":{"index":"index","follow":"follow","max-snippet":"max-snippet:-1","max-image-preview":"max-image-preview:large","max-video-preview":"max-video-preview:-1"},"canonical":"https:\/\/idakorea.ee\/fi\/product\/rejuran-perfect-v-tighter\/","og_locale":"fi_FI","og_type":"article","og_title":"Rejuran Perfect V Tighter - IDA.KOREA","og_description":"PDRN-iga lifting-kangasmask muudab naha elastseks ja pringiks, stimuleerides kollageeni ja elastiini s\u00fcnteesi, aktiveerib rakkude regeneratsiooni.","og_url":"https:\/\/idakorea.ee\/fi\/product\/rejuran-perfect-v-tighter\/","og_site_name":"IDA.KOREA","article_modified_time":"2026-04-08T09:38:55+00:00","og_image":[{"width":600,"height":600,"url":"https:\/\/idakorea.ee\/wp-content\/uploads\/2026\/01\/rejuran-perfect-v-tighter-idakorea.jpg","type":"image\/jpeg"}],"twitter_card":"summary_large_image","twitter_misc":{"Arvioitu lukuaika":"2 minuuttia"},"schema":{"@context":"https:\/\/schema.org","@graph":[{"@type":"WebPage","@id":"https:\/\/idakorea.ee\/product\/rejuran-perfect-v-tighter\/","url":"https:\/\/idakorea.ee\/product\/rejuran-perfect-v-tighter\/","name":"Rejuran Perfect V Tighter - IDA.KOREA","isPartOf":{"@id":"https:\/\/idakorea.ee\/#website"},"primaryImageOfPage":{"@id":"https:\/\/idakorea.ee\/product\/rejuran-perfect-v-tighter\/#primaryimage"},"image":{"@id":"https:\/\/idakorea.ee\/product\/rejuran-perfect-v-tighter\/#primaryimage"},"thumbnailUrl":"https:\/\/idakorea.ee\/wp-content\/uploads\/2026\/01\/rejuran-perfect-v-tighter-idakorea.jpg","datePublished":"2026-01-09T07:31:00+00:00","dateModified":"2026-04-08T09:38:55+00:00","description":"PDRN:\u00e4\u00e4 sis\u00e4lt\u00e4v\u00e4 kohottava kangasnaamio tekee ihosta kimmoisan ja t\u00e4ytel\u00e4isen, stimuloi kollageenin ja elastiinin synteesi\u00e4 ja aktivoi solujen uudistumista.","breadcrumb":{"@id":"https:\/\/idakorea.ee\/product\/rejuran-perfect-v-tighter\/#breadcrumb"},"inLanguage":"fi","potentialAction":[{"@type":"ReadAction","target":["https:\/\/idakorea.ee\/product\/rejuran-perfect-v-tighter\/"]}]},{"@type":"ImageObject","inLanguage":"fi","@id":"https:\/\/idakorea.ee\/product\/rejuran-perfect-v-tighter\/#primaryimage","url":"https:\/\/idakorea.ee\/wp-content\/uploads\/2026\/01\/rejuran-perfect-v-tighter-idakorea.jpg","contentUrl":"https:\/\/idakorea.ee\/wp-content\/uploads\/2026\/01\/rejuran-perfect-v-tighter-idakorea.jpg","width":600,"height":600},{"@type":"BreadcrumbList","@id":"https:\/\/idakorea.ee\/product\/rejuran-perfect-v-tighter\/#breadcrumb","itemListElement":[{"@type":"ListItem","position":1,"name":"\u0413\u043b\u0430\u0432\u043d\u0430\u044f \u0441\u0442\u0440\u0430\u043d\u0438\u0446\u0430","item":"https:\/\/idakorea.ee\/"},{"@type":"ListItem","position":2,"name":"Shop","item":"https:\/\/idakorea.ee\/shop-2\/"},{"@type":"ListItem","position":3,"name":"PDRN-iga lifting-kangasmask Rejuran Perfect V Tighter"}]},{"@type":"WebSite","@id":"https:\/\/idakorea.ee\/#website","url":"https:\/\/idakorea.ee\/","name":"IDA.KOREA","description":"Korean kosmetiikan verkkokauppa","publisher":{"@id":"https:\/\/idakorea.ee\/#organization"},"alternateName":"Beauty Shop","potentialAction":[{"@type":"SearchAction","target":{"@type":"EntryPoint","urlTemplate":"https:\/\/idakorea.ee\/?s={search_term_string}"},"query-input":{"@type":"PropertyValueSpecification","valueRequired":true,"valueName":"search_term_string"}}],"inLanguage":"fi"},{"@type":"Organization","@id":"https:\/\/idakorea.ee\/#organization","name":"IDA.KOREA","url":"https:\/\/idakorea.ee\/","logo":{"@type":"ImageObject","inLanguage":"fi","@id":"https:\/\/idakorea.ee\/#\/schema\/logo\/image\/","url":"https:\/\/idakorea.ee\/wp-content\/uploads\/2024\/05\/cropped-korea3.png","contentUrl":"https:\/\/idakorea.ee\/wp-content\/uploads\/2024\/05\/cropped-korea3.png","width":688,"height":126,"caption":"IDA.KOREA"},"image":{"@id":"https:\/\/idakorea.ee\/#\/schema\/logo\/image\/"},"sameAs":["https:\/\/www.instagram.com\/ida.korea\/"]}]}},"jetpack_sharing_enabled":true,"brands":[{"id":108,"name":"REJURAN","slug":"rejuran"}],"_links":{"self":[{"href":"https:\/\/idakorea.ee\/fi\/wp-json\/wp\/v2\/product\/17159","targetHints":{"allow":["GET"]}}],"collection":[{"href":"https:\/\/idakorea.ee\/fi\/wp-json\/wp\/v2\/product"}],"about":[{"href":"https:\/\/idakorea.ee\/fi\/wp-json\/wp\/v2\/types\/product"}],"replies":[{"embeddable":true,"href":"https:\/\/idakorea.ee\/fi\/wp-json\/wp\/v2\/comments?post=17159"}],"version-history":[{"count":2,"href":"https:\/\/idakorea.ee\/fi\/wp-json\/wp\/v2\/product\/17159\/revisions"}],"predecessor-version":[{"id":17446,"href":"https:\/\/idakorea.ee\/fi\/wp-json\/wp\/v2\/product\/17159\/revisions\/17446"}],"wp:featuredmedia":[{"embeddable":true,"href":"https:\/\/idakorea.ee\/fi\/wp-json\/wp\/v2\/media\/17161"}],"wp:attachment":[{"href":"https:\/\/idakorea.ee\/fi\/wp-json\/wp\/v2\/media?parent=17159"}],"wp:term":[{"taxonomy":"pwb-brand","embeddable":true,"href":"https:\/\/idakorea.ee\/fi\/wp-json\/wp\/v2\/pwb-brand?post=17159"},{"taxonomy":"product_brand","embeddable":true,"href":"https:\/\/idakorea.ee\/fi\/wp-json\/wp\/v2\/product_brand?post=17159"},{"taxonomy":"product_cat","embeddable":true,"href":"https:\/\/idakorea.ee\/fi\/wp-json\/wp\/v2\/product_cat?post=17159"},{"taxonomy":"product_tag","embeddable":true,"href":"https:\/\/idakorea.ee\/fi\/wp-json\/wp\/v2\/product_tag?post=17159"}],"curies":[{"name":"wp","href":"https:\/\/api.w.org\/{rel}","templated":true}]}}