{"id":1717,"date":"2024-05-31T11:27:13","date_gmt":"2024-05-31T11:27:13","guid":{"rendered":"https:\/\/idakorea.ee\/?post_type=product&#038;p=1717"},"modified":"2026-04-10T19:21:02","modified_gmt":"2026-04-10T17:21:02","slug":"oomask-valge-truhvliga-naha-pinguldamiseks-dalba-white-truffle-sleeping-mask-60ml","status":"publish","type":"product","link":"https:\/\/idakorea.ee\/fi\/product\/oomask-valge-truhvliga-naha-pinguldamiseks-dalba-white-truffle-sleeping-mask-60ml\/","title":{"rendered":"Y\u00f6naamio valkoisella tryffelill\u00e4 kiinteytt\u00e4m\u00e4\u00e4n ihoa d'Alba White Truffle Sleeping Mask, 60ml"},"content":{"rendered":"<p><strong>D&#039;Alba Valkoinen tryffeli -uninaamio<\/strong> Elvytt\u00e4\u00e4, silottaa ja pehment\u00e4\u00e4 ihoa, tasoittaa ihon s\u00e4vy\u00e4 ja j\u00e4tt\u00e4\u00e4 ihon aamulla lev\u00e4nneen ja raikkaan n\u00e4k\u00f6iseksi.<\/p>\n<p>Se poistaa sameuden, palauttaa kosteuden kuivalle iholle ja raikastaa v\u00e4litt\u00f6m\u00e4sti levitettyn\u00e4 j\u00e4tt\u00e4m\u00e4tt\u00e4 tahmeaa tunnetta.<\/p>\n<p>Geelim\u00e4inen koostumus peitt\u00e4\u00e4 ihon hell\u00e4varaisesti, ravitsee ja kosteuttaa sit\u00e4. Lis\u00e4\u00e4 kiinteytt\u00e4 ja elastisuutta, stimuloi kollageenin tuotantoa ja antaa terveen hehkun.<\/p>\n<p>Sis\u00e4lt\u00e4\u00e4 patentoitua Trufferol\u2122-kompleksia \u2013 vaikuttavaa ainesosaa, joka koostuu italialaisesta valkoisesta tryffeliuutteesta ja tokoferolista. Trufferol\u2122 tekee ihosta joustavan, kiinte\u00e4n, s\u00e4vytetyn ja kiinte\u00e4n. Se tasoittaa ihoa, v\u00e4hent\u00e4\u00e4 ryppyjen ja muiden ik\u00e4\u00e4n liittyvien muutosten n\u00e4kymist\u00e4 sek\u00e4 torjuu ennenaikaista ik\u00e4\u00e4ntymist\u00e4.<\/p>\n<p>&nbsp;<\/p>\n<p><strong>Muita vaikuttavia aineita:<\/strong><\/p>\n<p>Vegaaninen kollageeni auttaa ihoa s\u00e4ilytt\u00e4m\u00e4\u00e4n kosteutta, parantaa sen rakennetta, stimuloi uudistumisprosesseja ja taistelee ryppyj\u00e4 vastaan.<\/p>\n<p>Niasiiniamidi (B3-vitamiini) ehk\u00e4isee pigmenttimuutoksia, tasoittaa ihon s\u00e4vy\u00e4, lis\u00e4\u00e4 kollageenisynteesi\u00e4, torjuu T-alueen kiiltoa, normalisoi talirauhasten erityst\u00e4 ja vahvistaa ihon suojakerrosta.<\/p>\n<p>Pantenoli (B5-vitamiini) lievitt\u00e4\u00e4 punoitusta ja kutinaa, vahvistaa hydrolipidisuojaa, est\u00e4\u00e4 kosteuden haihtumista ja edist\u00e4\u00e4 uudistumista.<\/p>\n<p>Urea kosteuttaa, pehment\u00e4\u00e4 karheita alueita, sill\u00e4 on antibakteerinen vaikutus, se lis\u00e4\u00e4 elastisuutta ja tehostaa muiden komponenttien vaikutuksia.<\/p>\n<p>11 kasviproteiinia kyll\u00e4st\u00e4v\u00e4t aminohappoja, kiihdytt\u00e4v\u00e4t solujen uusiutumista, toimivat antioksidanttisesti ja antavat pehmeytt\u00e4 ja samettista sileytt\u00e4.<\/p>\n<p>Keramidit palauttavat suojaavan hydrolipidikerroksen, est\u00e4v\u00e4t kuivumista ja haitallisten aineiden tunkeutumista ihoon ja lis\u00e4\u00e4v\u00e4t kosteustasoa.<\/p>\n<p>Centella asiatica -kompleksi sis\u00e4lt\u00e4\u00e4 centella-uutetta ja nelj\u00e4\u00e4 sen johdannaista: asiatikosidia, madekassosidia, madekassiinihappoa ja aasiahappoa. Se poistaa punoitusta ja \u00e4rsytyst\u00e4, rauhoittaa, edist\u00e4\u00e4 paranemista ja vahvistaa suojakerrosta sek\u00e4 vahvistaa verisuonten sein\u00e4mi\u00e4 est\u00e4en h\u00e4m\u00e4h\u00e4kkisuonten muodostumista.<\/p>\n<p>Kolme erilaista hyaluronihappoa kosteuttavat ja s\u00e4ilytt\u00e4v\u00e4t kosteuden ihossa, yll\u00e4pit\u00e4v\u00e4t sileytt\u00e4 ja kimmoisuutta sek\u00e4 ehk\u00e4isev\u00e4t kuivumista ja hilseily\u00e4.<\/p>\n<p>Sopii kaikille ihotyypeille.<\/p>\n<p><strong>K\u00e4ytt\u00f6:\u00a0<\/strong>Pese, kasvoveden ja seerumin k\u00e4yt\u00f6n j\u00e4lkeen aseta naamio kasvoillesi ja anna vaikuttaa 20\u201330 minuuttia ennen nukkumaanmenoa. \u00c4l\u00e4 huuhtele pois. Aamulla poista j\u00e4\u00e4m\u00e4t paperilla.<\/p>","protected":false},"excerpt":{"rendered":"<p>D'Alba White Truffle Sleeping Mask elvytt\u00e4\u00e4, silottaa ja pehment\u00e4\u00e4 ihoa, tasoittaa ihon s\u00e4vy\u00e4 ja j\u00e4tt\u00e4\u00e4 iholle aamulla virkistyneen ja palautuneen tunteen. Se poistaa sameutta, palauttaa kosteutta kuivalle iholle, virkist\u00e4\u00e4 heti levityksen j\u00e4lkeen j\u00e4tt\u00e4m\u00e4tt\u00e4 tahmeaa tunnetta. Geelim\u00e4inen koostumus ymp\u00e4r\u00f6i hell\u00e4varaisesti, ravitsee ja kosteuttaa. Lis\u00e4\u00e4 kiinteytt\u00e4 ja kimmoisuutta, stimuloi kollageenin tuotantoa, antaa terveen hehkun. Sis\u00e4lt\u00e4\u00e4 patentoitua Trufferol\u2122-kompleksia -...<\/p>","protected":false},"featured_media":12772,"comment_status":"open","ping_status":"closed","template":"","meta":{"_uf_show_specific_survey":0,"_uf_disable_surveys":false,"_bst_post_transparent":"default","_bst_post_title":"","_bst_post_layout":"default","_bst_post_sidebar_id":"","_bst_post_content_style":"default","_bst_post_vertical_padding":"default","_bst_post_feature":"","_bst_post_feature_position":"","_bst_post_header":false,"_bst_post_footer":false},"pwb-brand":[105],"product_brand":[],"product_cat":[92,98],"product_tag":[127,202,736],"class_list":{"0":"post-1717","1":"product","2":"type-product","3":"status-publish","4":"has-post-thumbnail","6":"pwb-brand-dalba","7":"product_cat-nagu","8":"product_cat-naomaskid","9":"product_tag-dalba","10":"product_tag-korea-kosmeetika","11":"product_tag-white-truffle-sleeping-mask","13":"first","14":"instock","15":"sale","16":"shipping-taxable","17":"purchasable","18":"product-type-simple","19":"entry","20":"content-bg","21":"loop-entry"},"supplier_id":null,"supplier_sku":"","barcode":null,"atum_controlled":true,"out_stock_date":null,"out_stock_threshold":null,"inheritable":false,"inbound_stock":0,"stock_on_hold":0,"sold_today":0,"sales_last_days":2,"out_stock_days":0,"lost_sales":0,"has_location":false,"update_date":"2026-04-14T07:31:07","atum_locations":[],"atum_stock_status":"instock","restock_status":false,"low_stock_amount":"","sales_update_date":"2026-04-14T07:31:07","calc_backorders":null,"yoast_head":"<!-- This site is optimized with the Yoast SEO plugin v27.2 - https:\/\/yoast.com\/product\/yoast-seo-wordpress\/ -->\n<title>\u00d6\u00f6mask valge tr\u00fchvliga naha pinguldamiseks d&#039;Alba White Truffle Sleeping Mask, 60ml - IDA.KOREA<\/title>\n<meta name=\"description\" content=\"D&#039;Alba White Truffle Sleeping Mask taaselustab, silub ja pehmendab nahka, \u00fchtlustab nahatooni ning j\u00e4tab naha hommikul puhanud ja v\u00e4rskendatud v\u00e4limuse.\" \/>\n<meta name=\"robots\" content=\"index, follow, max-snippet:-1, max-image-preview:large, max-video-preview:-1\" \/>\n<link rel=\"canonical\" href=\"https:\/\/idakorea.ee\/fi\/product\/oomask-valge-truhvliga-naha-pinguldamiseks-dalba-white-truffle-sleeping-mask-60ml\/\" \/>\n<meta property=\"og:locale\" content=\"fi_FI\" \/>\n<meta property=\"og:type\" content=\"article\" \/>\n<meta property=\"og:title\" content=\"\u00d6\u00f6mask valge tr\u00fchvliga naha pinguldamiseks d&#039;Alba White Truffle Sleeping Mask, 60ml - IDA.KOREA\" \/>\n<meta property=\"og:description\" content=\"D&#039;Alba White Truffle Sleeping Mask taaselustab, silub ja pehmendab nahka, \u00fchtlustab nahatooni ning j\u00e4tab naha hommikul puhanud ja v\u00e4rskendatud v\u00e4limuse.\" \/>\n<meta property=\"og:url\" content=\"https:\/\/idakorea.ee\/fi\/product\/oomask-valge-truhvliga-naha-pinguldamiseks-dalba-white-truffle-sleeping-mask-60ml\/\" \/>\n<meta property=\"og:site_name\" content=\"IDA.KOREA\" \/>\n<meta property=\"article:modified_time\" content=\"2026-04-10T17:21:02+00:00\" \/>\n<meta property=\"og:image\" content=\"https:\/\/idakorea.ee\/wp-content\/uploads\/2024\/05\/egrhbrhb-weregvfbfff.jpg\" \/>\n\t<meta property=\"og:image:width\" content=\"1000\" \/>\n\t<meta property=\"og:image:height\" content=\"1000\" \/>\n\t<meta property=\"og:image:type\" content=\"image\/jpeg\" \/>\n<meta name=\"twitter:card\" content=\"summary_large_image\" \/>\n<meta name=\"twitter:label1\" content=\"Arvioitu lukuaika\" \/>\n\t<meta name=\"twitter:data1\" content=\"2 minuuttia\" \/>\n<script type=\"application\/ld+json\" class=\"yoast-schema-graph\">{\"@context\":\"https:\/\/schema.org\",\"@graph\":[{\"@type\":\"WebPage\",\"@id\":\"https:\/\/idakorea.ee\/product\/oomask-valge-truhvliga-naha-pinguldamiseks-dalba-white-truffle-sleeping-mask-60ml\/\",\"url\":\"https:\/\/idakorea.ee\/product\/oomask-valge-truhvliga-naha-pinguldamiseks-dalba-white-truffle-sleeping-mask-60ml\/\",\"name\":\"\u00d6\u00f6mask valge tr\u00fchvliga naha pinguldamiseks d'Alba White Truffle Sleeping Mask, 60ml - IDA.KOREA\",\"isPartOf\":{\"@id\":\"https:\/\/idakorea.ee\/#website\"},\"primaryImageOfPage\":{\"@id\":\"https:\/\/idakorea.ee\/product\/oomask-valge-truhvliga-naha-pinguldamiseks-dalba-white-truffle-sleeping-mask-60ml\/#primaryimage\"},\"image\":{\"@id\":\"https:\/\/idakorea.ee\/product\/oomask-valge-truhvliga-naha-pinguldamiseks-dalba-white-truffle-sleeping-mask-60ml\/#primaryimage\"},\"thumbnailUrl\":\"https:\/\/idakorea.ee\/wp-content\/uploads\/2024\/05\/egrhbrhb-weregvfbfff.jpg\",\"datePublished\":\"2024-05-31T11:27:13+00:00\",\"dateModified\":\"2026-04-10T17:21:02+00:00\",\"description\":\"D'Alba White Truffle Sleeping Mask taaselustab, silub ja pehmendab nahka, \u00fchtlustab nahatooni ning j\u00e4tab naha hommikul puhanud ja v\u00e4rskendatud v\u00e4limuse.\",\"breadcrumb\":{\"@id\":\"https:\/\/idakorea.ee\/product\/oomask-valge-truhvliga-naha-pinguldamiseks-dalba-white-truffle-sleeping-mask-60ml\/#breadcrumb\"},\"inLanguage\":\"fi\",\"potentialAction\":[{\"@type\":\"ReadAction\",\"target\":[\"https:\/\/idakorea.ee\/product\/oomask-valge-truhvliga-naha-pinguldamiseks-dalba-white-truffle-sleeping-mask-60ml\/\"]}]},{\"@type\":\"ImageObject\",\"inLanguage\":\"fi\",\"@id\":\"https:\/\/idakorea.ee\/product\/oomask-valge-truhvliga-naha-pinguldamiseks-dalba-white-truffle-sleeping-mask-60ml\/#primaryimage\",\"url\":\"https:\/\/idakorea.ee\/wp-content\/uploads\/2024\/05\/egrhbrhb-weregvfbfff.jpg\",\"contentUrl\":\"https:\/\/idakorea.ee\/wp-content\/uploads\/2024\/05\/egrhbrhb-weregvfbfff.jpg\",\"width\":1000,\"height\":1000},{\"@type\":\"BreadcrumbList\",\"@id\":\"https:\/\/idakorea.ee\/product\/oomask-valge-truhvliga-naha-pinguldamiseks-dalba-white-truffle-sleeping-mask-60ml\/#breadcrumb\",\"itemListElement\":[{\"@type\":\"ListItem\",\"position\":1,\"name\":\"\u0413\u043b\u0430\u0432\u043d\u0430\u044f \u0441\u0442\u0440\u0430\u043d\u0438\u0446\u0430\",\"item\":\"https:\/\/idakorea.ee\/\"},{\"@type\":\"ListItem\",\"position\":2,\"name\":\"Shop\",\"item\":\"https:\/\/idakorea.ee\/shop-2\/\"},{\"@type\":\"ListItem\",\"position\":3,\"name\":\"\u00d6\u00f6mask valge tr\u00fchvliga naha pinguldamiseks d&#8217;Alba White Truffle Sleeping Mask, 60ml\"}]},{\"@type\":\"WebSite\",\"@id\":\"https:\/\/idakorea.ee\/#website\",\"url\":\"https:\/\/idakorea.ee\/\",\"name\":\"IDA.KOREA\",\"description\":\"Korea kosmeetika e-pood\",\"publisher\":{\"@id\":\"https:\/\/idakorea.ee\/#organization\"},\"alternateName\":\"Beauty Shop\",\"potentialAction\":[{\"@type\":\"SearchAction\",\"target\":{\"@type\":\"EntryPoint\",\"urlTemplate\":\"https:\/\/idakorea.ee\/?s={search_term_string}\"},\"query-input\":{\"@type\":\"PropertyValueSpecification\",\"valueRequired\":true,\"valueName\":\"search_term_string\"}}],\"inLanguage\":\"fi\"},{\"@type\":\"Organization\",\"@id\":\"https:\/\/idakorea.ee\/#organization\",\"name\":\"IDA.KOREA\",\"url\":\"https:\/\/idakorea.ee\/\",\"logo\":{\"@type\":\"ImageObject\",\"inLanguage\":\"fi\",\"@id\":\"https:\/\/idakorea.ee\/#\/schema\/logo\/image\/\",\"url\":\"https:\/\/idakorea.ee\/wp-content\/uploads\/2024\/05\/cropped-korea3.png\",\"contentUrl\":\"https:\/\/idakorea.ee\/wp-content\/uploads\/2024\/05\/cropped-korea3.png\",\"width\":688,\"height\":126,\"caption\":\"IDA.KOREA\"},\"image\":{\"@id\":\"https:\/\/idakorea.ee\/#\/schema\/logo\/image\/\"},\"sameAs\":[\"https:\/\/www.instagram.com\/ida.korea\/\"]}]}<\/script>\n<!-- \/ Yoast SEO plugin. -->","yoast_head_json":{"title":"White Truffle -y\u00f6naamio ihon kiinteytt\u00e4miseen d&#039;Alba White Truffle -y\u00f6naamio, 60ml - IDA.KOREA","description":"D&#039;Alba White Truffle -y\u00f6naamio elvytt\u00e4\u00e4, silottaa ja pehment\u00e4\u00e4 ihoa, tasoittaa ihon s\u00e4vy\u00e4 ja j\u00e4tt\u00e4\u00e4 ihon aamulla lev\u00e4nneen ja raikkaan n\u00e4k\u00f6iseksi.","robots":{"index":"index","follow":"follow","max-snippet":"max-snippet:-1","max-image-preview":"max-image-preview:large","max-video-preview":"max-video-preview:-1"},"canonical":"https:\/\/idakorea.ee\/fi\/product\/oomask-valge-truhvliga-naha-pinguldamiseks-dalba-white-truffle-sleeping-mask-60ml\/","og_locale":"fi_FI","og_type":"article","og_title":"\u00d6\u00f6mask valge tr\u00fchvliga naha pinguldamiseks d'Alba White Truffle Sleeping Mask, 60ml - IDA.KOREA","og_description":"D'Alba White Truffle Sleeping Mask taaselustab, silub ja pehmendab nahka, \u00fchtlustab nahatooni ning j\u00e4tab naha hommikul puhanud ja v\u00e4rskendatud v\u00e4limuse.","og_url":"https:\/\/idakorea.ee\/fi\/product\/oomask-valge-truhvliga-naha-pinguldamiseks-dalba-white-truffle-sleeping-mask-60ml\/","og_site_name":"IDA.KOREA","article_modified_time":"2026-04-10T17:21:02+00:00","og_image":[{"width":1000,"height":1000,"url":"https:\/\/idakorea.ee\/wp-content\/uploads\/2024\/05\/egrhbrhb-weregvfbfff.jpg","type":"image\/jpeg"}],"twitter_card":"summary_large_image","twitter_misc":{"Arvioitu lukuaika":"2 minuuttia"},"schema":{"@context":"https:\/\/schema.org","@graph":[{"@type":"WebPage","@id":"https:\/\/idakorea.ee\/product\/oomask-valge-truhvliga-naha-pinguldamiseks-dalba-white-truffle-sleeping-mask-60ml\/","url":"https:\/\/idakorea.ee\/product\/oomask-valge-truhvliga-naha-pinguldamiseks-dalba-white-truffle-sleeping-mask-60ml\/","name":"White Truffle -y\u00f6naamio ihon kiinteytt\u00e4miseen d&#039;Alba White Truffle -y\u00f6naamio, 60ml - IDA.KOREA","isPartOf":{"@id":"https:\/\/idakorea.ee\/#website"},"primaryImageOfPage":{"@id":"https:\/\/idakorea.ee\/product\/oomask-valge-truhvliga-naha-pinguldamiseks-dalba-white-truffle-sleeping-mask-60ml\/#primaryimage"},"image":{"@id":"https:\/\/idakorea.ee\/product\/oomask-valge-truhvliga-naha-pinguldamiseks-dalba-white-truffle-sleeping-mask-60ml\/#primaryimage"},"thumbnailUrl":"https:\/\/idakorea.ee\/wp-content\/uploads\/2024\/05\/egrhbrhb-weregvfbfff.jpg","datePublished":"2024-05-31T11:27:13+00:00","dateModified":"2026-04-10T17:21:02+00:00","description":"D&#039;Alba White Truffle -y\u00f6naamio elvytt\u00e4\u00e4, silottaa ja pehment\u00e4\u00e4 ihoa, tasoittaa ihon s\u00e4vy\u00e4 ja j\u00e4tt\u00e4\u00e4 ihon aamulla lev\u00e4nneen ja raikkaan n\u00e4k\u00f6iseksi.","breadcrumb":{"@id":"https:\/\/idakorea.ee\/product\/oomask-valge-truhvliga-naha-pinguldamiseks-dalba-white-truffle-sleeping-mask-60ml\/#breadcrumb"},"inLanguage":"fi","potentialAction":[{"@type":"ReadAction","target":["https:\/\/idakorea.ee\/product\/oomask-valge-truhvliga-naha-pinguldamiseks-dalba-white-truffle-sleeping-mask-60ml\/"]}]},{"@type":"ImageObject","inLanguage":"fi","@id":"https:\/\/idakorea.ee\/product\/oomask-valge-truhvliga-naha-pinguldamiseks-dalba-white-truffle-sleeping-mask-60ml\/#primaryimage","url":"https:\/\/idakorea.ee\/wp-content\/uploads\/2024\/05\/egrhbrhb-weregvfbfff.jpg","contentUrl":"https:\/\/idakorea.ee\/wp-content\/uploads\/2024\/05\/egrhbrhb-weregvfbfff.jpg","width":1000,"height":1000},{"@type":"BreadcrumbList","@id":"https:\/\/idakorea.ee\/product\/oomask-valge-truhvliga-naha-pinguldamiseks-dalba-white-truffle-sleeping-mask-60ml\/#breadcrumb","itemListElement":[{"@type":"ListItem","position":1,"name":"\u0413\u043b\u0430\u0432\u043d\u0430\u044f \u0441\u0442\u0440\u0430\u043d\u0438\u0446\u0430","item":"https:\/\/idakorea.ee\/"},{"@type":"ListItem","position":2,"name":"Shop","item":"https:\/\/idakorea.ee\/shop-2\/"},{"@type":"ListItem","position":3,"name":"\u00d6\u00f6mask valge tr\u00fchvliga naha pinguldamiseks d&#8217;Alba White Truffle Sleeping Mask, 60ml"}]},{"@type":"WebSite","@id":"https:\/\/idakorea.ee\/#website","url":"https:\/\/idakorea.ee\/","name":"IDA.KOREA","description":"Korean kosmetiikan verkkokauppa","publisher":{"@id":"https:\/\/idakorea.ee\/#organization"},"alternateName":"Beauty Shop","potentialAction":[{"@type":"SearchAction","target":{"@type":"EntryPoint","urlTemplate":"https:\/\/idakorea.ee\/?s={search_term_string}"},"query-input":{"@type":"PropertyValueSpecification","valueRequired":true,"valueName":"search_term_string"}}],"inLanguage":"fi"},{"@type":"Organization","@id":"https:\/\/idakorea.ee\/#organization","name":"IDA.KOREA","url":"https:\/\/idakorea.ee\/","logo":{"@type":"ImageObject","inLanguage":"fi","@id":"https:\/\/idakorea.ee\/#\/schema\/logo\/image\/","url":"https:\/\/idakorea.ee\/wp-content\/uploads\/2024\/05\/cropped-korea3.png","contentUrl":"https:\/\/idakorea.ee\/wp-content\/uploads\/2024\/05\/cropped-korea3.png","width":688,"height":126,"caption":"IDA.KOREA"},"image":{"@id":"https:\/\/idakorea.ee\/#\/schema\/logo\/image\/"},"sameAs":["https:\/\/www.instagram.com\/ida.korea\/"]}]}},"jetpack_sharing_enabled":true,"brands":[{"id":105,"name":"d'ALBA","slug":"dalba"}],"_links":{"self":[{"href":"https:\/\/idakorea.ee\/fi\/wp-json\/wp\/v2\/product\/1717","targetHints":{"allow":["GET"]}}],"collection":[{"href":"https:\/\/idakorea.ee\/fi\/wp-json\/wp\/v2\/product"}],"about":[{"href":"https:\/\/idakorea.ee\/fi\/wp-json\/wp\/v2\/types\/product"}],"replies":[{"embeddable":true,"href":"https:\/\/idakorea.ee\/fi\/wp-json\/wp\/v2\/comments?post=1717"}],"version-history":[{"count":3,"href":"https:\/\/idakorea.ee\/fi\/wp-json\/wp\/v2\/product\/1717\/revisions"}],"predecessor-version":[{"id":10278,"href":"https:\/\/idakorea.ee\/fi\/wp-json\/wp\/v2\/product\/1717\/revisions\/10278"}],"wp:featuredmedia":[{"embeddable":true,"href":"https:\/\/idakorea.ee\/fi\/wp-json\/wp\/v2\/media\/12772"}],"wp:attachment":[{"href":"https:\/\/idakorea.ee\/fi\/wp-json\/wp\/v2\/media?parent=1717"}],"wp:term":[{"taxonomy":"pwb-brand","embeddable":true,"href":"https:\/\/idakorea.ee\/fi\/wp-json\/wp\/v2\/pwb-brand?post=1717"},{"taxonomy":"product_brand","embeddable":true,"href":"https:\/\/idakorea.ee\/fi\/wp-json\/wp\/v2\/product_brand?post=1717"},{"taxonomy":"product_cat","embeddable":true,"href":"https:\/\/idakorea.ee\/fi\/wp-json\/wp\/v2\/product_cat?post=1717"},{"taxonomy":"product_tag","embeddable":true,"href":"https:\/\/idakorea.ee\/fi\/wp-json\/wp\/v2\/product_tag?post=1717"}],"curies":[{"name":"wp","href":"https:\/\/api.w.org\/{rel}","templated":true}]}}