{"id":17201,"date":"2026-01-12T10:54:55","date_gmt":"2026-01-12T08:54:55","guid":{"rendered":"https:\/\/idakorea.ee\/?post_type=product&#038;p=17201"},"modified":"2026-04-14T11:26:33","modified_gmt":"2026-04-14T09:26:33","slug":"korean-gold-insam-ginseng-health-patch","status":"publish","type":"product","link":"https:\/\/idakorea.ee\/fi\/product\/korean-gold-insam-ginseng-health-patch\/","title":{"rendered":"Korean Gold Insam Ginseng Health Patch, 25pcs"},"content":{"rendered":"<p data-start=\"140\" data-end=\"639\"><strong data-start=\"140\" data-end=\"182\">Korean Gold Insam Ginseng Health Patch<\/strong> on punaista korealaista ginsengi\u00e4 sis\u00e4lt\u00e4v\u00e4 kipua lievitt\u00e4v\u00e4 laastari, joka on suunniteltu lievitt\u00e4m\u00e4\u00e4n istumaty\u00f6n, fyysisen rasituksen, niveltulehduksen, radikuliitin tai mustelmien aiheuttamia kipuja, turvotusta ja kouristuksia lihaksissa, niveliss\u00e4 ja niskassa. Laastari parantaa verenkiertoa ja aineenvaihduntaa. Sill\u00e4 on hieman l\u00e4mmitt\u00e4v\u00e4 vaikutus.<\/p>\n<p data-start=\"646\" data-end=\"674\"><strong data-start=\"649\" data-end=\"674\">Ket\u00e4 suositellaan?<\/strong><\/p>\n<ul data-start=\"676\" data-end=\"1414\">\n<li data-start=\"676\" data-end=\"788\">\n<p data-start=\"678\" data-end=\"788\"><strong data-start=\"678\" data-end=\"728\">Tuki- ja liikuntaelinsairauksista k\u00e4rsiville:<\/strong> nivelrikon, niveltulehduksen, radikuliitin ja osteokondroosin hoitoon.<\/p>\n<\/li>\n<li data-start=\"789\" data-end=\"954\">\n<p data-start=\"791\" data-end=\"954\"><strong data-start=\"791\" data-end=\"825\">Lihas- ja nivelkipuihin:<\/strong> fyysisen rasituksen tai kroonisten sairauksien aiheuttaman niskan, hartioiden, alasel\u00e4n ja polvien kivun lievitt\u00e4miseen.<\/p>\n<\/li>\n<li data-start=\"955\" data-end=\"1067\">\n<p data-start=\"957\" data-end=\"1067\"><strong data-start=\"957\" data-end=\"974\">Urheilijoille:<\/strong> treenin j\u00e4lkeiseen palautumiseen, ven\u00e4hdysten, traumojen ja lihaskipujen lievitykseen.<\/p>\n<\/li>\n<li data-start=\"1068\" data-end=\"1167\">\n<p data-start=\"1070\" data-end=\"1167\"><strong data-start=\"1070\" data-end=\"1117\">Istumaty\u00f6t\u00e4 tekeville:<\/strong> v\u00e4hent\u00e4m\u00e4\u00e4n raajojen lihasj\u00e4nnityst\u00e4 ja puutumista.<\/p>\n<\/li>\n<li data-start=\"1168\" data-end=\"1275\">\n<p data-start=\"1170\" data-end=\"1275\"><strong data-start=\"1170\" data-end=\"1196\">Ik\u00e4\u00e4ntyneille:<\/strong> parantaa verenkiertoa, v\u00e4hent\u00e4\u00e4 turvotusta ja lis\u00e4t\u00e4 yleist\u00e4 s\u00e4vy\u00e4.<\/p>\n<\/li>\n<li data-start=\"1276\" data-end=\"1414\">\n<p data-start=\"1278\" data-end=\"1414\"><strong data-start=\"1278\" data-end=\"1305\">Kylm\u00e4n oireiden ilmetess\u00e4:<\/strong> hengitystiesairauksien apuna (aseta rintalastan p\u00e4\u00e4lle) tai poskiontelotulehduksen hoitoon (nen\u00e4\u00e4n).<\/p>\n<\/li>\n<\/ul>\n<p data-start=\"1421\" data-end=\"1445\"><strong data-start=\"1424\" data-end=\"1445\">K\u00e4ytt\u00f6alueet<\/strong><\/p>\n<p data-start=\"1447\" data-end=\"1627\">K\u00e4ytet\u00e4\u00e4n nivelten ja selk\u00e4rangan sairauksiin (osteokondroosi, niveltulehdus, nivelrikko, kondropatia jne.).<br data-start=\"1548\" data-end=\"1551\" \/>Edist\u00e4\u00e4 ruston uudistumista, auttaa lihaskipuihin (krampit, traumat jne.).<\/p>\n<ul data-start=\"1629\" data-end=\"1923\">\n<li data-start=\"1629\" data-end=\"1720\">\n<p data-start=\"1631\" data-end=\"1720\">P\u00e4\u00e4ns\u00e4rkyyn, tinnitukseen, muisti- ja kuuloh\u00e4iri\u00f6ihin: aseta kaularangan alueelle.<\/p>\n<\/li>\n<li data-start=\"1721\" data-end=\"1847\">\n<p data-start=\"1723\" data-end=\"1847\">Akuuteissa ja kroonisissa hengitystiesairauksissa: aseta rintalastan alueelle (tulehdusta est\u00e4v\u00e4 ja ysk\u00f6ksi\u00e4 irrottava vaikutus).<\/p>\n<\/li>\n<li data-start=\"1848\" data-end=\"1893\">\n<p data-start=\"1850\" data-end=\"1893\">Poskiontelotulehdukseen: aseta nen\u00e4n p\u00e4\u00e4lle.<\/p>\n<\/li>\n<li data-start=\"1894\" data-end=\"1923\">\n<p data-start=\"1896\" data-end=\"1923\">Voidaan levitt\u00e4\u00e4 suoraan niveliin.<\/p>\n<\/li>\n<\/ul>\n<p data-start=\"1930\" data-end=\"1953\"><strong data-start=\"1933\" data-end=\"1953\">Vasta-aiheet<\/strong><\/p>\n<p data-start=\"1955\" data-end=\"2039\">Ei suositella raskaana oleville ja imett\u00e4ville naisille eik\u00e4 herkk\u00e4ihoisille.<\/p>\n<p data-start=\"2046\" data-end=\"2069\"><strong data-start=\"2049\" data-end=\"2069\">T\u00e4rkeimm\u00e4t edut<\/strong><\/p>\n<ul data-start=\"2071\" data-end=\"2438\">\n<li data-start=\"2071\" data-end=\"2149\">\n<p data-start=\"2073\" data-end=\"2149\"><strong data-start=\"2073\" data-end=\"2089\">Syv\u00e4 vaikutus:<\/strong> Aktiiviset ainesosat imeytyv\u00e4t syv\u00e4lle ihoon varmistaen pitk\u00e4kestoisen vaikutuksen.<\/p>\n<\/li>\n<li data-start=\"2150\" data-end=\"2220\">\n<p data-start=\"2152\" data-end=\"2220\"><strong data-start=\"2152\" data-end=\"2164\">Ainesosat:<\/strong> Sis\u00e4lt\u00e4\u00e4 luonnollista korealaista punaista ginseng-uutetta.<\/p>\n<\/li>\n<li data-start=\"2221\" data-end=\"2303\">\n<p data-start=\"2223\" data-end=\"2303\"><strong data-start=\"2223\" data-end=\"2241\">Yleismaailmallisuus:<\/strong> sopii erilaisiin kipuihin (nivelet, lihakset, selk\u00e4).<\/p>\n<\/li>\n<li data-start=\"2304\" data-end=\"2374\">\n<p data-start=\"2306\" data-end=\"2374\"><strong data-start=\"2306\" data-end=\"2323\">Luonnollisuus:<\/strong> ei ole l\u00e4\u00e4ke, vaan se perustuu luonnollisiin ainesosiin.<\/p>\n<\/li>\n<li data-start=\"2375\" data-end=\"2438\">\n<p data-start=\"2377\" data-end=\"2438\"><strong data-start=\"2377\" data-end=\"2397\">L\u00e4mmitt\u00e4v\u00e4 vaikutus:<\/strong> ongelma-alueen huomattava l\u00e4mpeneminen.<\/p>\n<\/li>\n<\/ul>\n<p data-start=\"2445\" data-end=\"2457\"><strong data-start=\"2448\" data-end=\"2457\">Vaikutus<\/strong><\/p>\n<ul data-start=\"2459\" data-end=\"2797\">\n<li data-start=\"2459\" data-end=\"2559\">\n<p data-start=\"2461\" data-end=\"2559\">Kipul\u00e4\u00e4ke \u2013 lievitt\u00e4\u00e4 niveltulehduksen, nivelrikon, iskiaksen, mustelmien ja nyrj\u00e4hdysten aiheuttamaa kipua<\/p>\n<\/li>\n<li data-start=\"2609\" data-end=\"2687\">\n<p data-start=\"2611\" data-end=\"2687\">Parantaa verenkiertoa \u2013 normalisoi veren- ja imunesteen kiertoa, v\u00e4hent\u00e4\u00e4 turvotusta<\/p>\n<\/li>\n<li data-start=\"2688\" data-end=\"2740\">\n<p data-start=\"2690\" data-end=\"2740\">Lihasrelaksantti \u2013 lievitt\u00e4\u00e4 j\u00e4nnityst\u00e4 ja kouristuksia<\/p>\n<\/li>\n<li data-start=\"2741\" data-end=\"2797\">\n<p data-start=\"2743\" data-end=\"2797\">Yleisvahvistus \u2013 lis\u00e4\u00e4 kiinteytt\u00e4 ja kiihdytt\u00e4\u00e4 aineenvaihduntaa<\/p>\n<\/li>\n<\/ul>\n<p data-start=\"2799\" data-end=\"2907\">Ei sis\u00e4ll\u00e4 l\u00e4\u00e4kevalmisteita \u2013 vain luonnollisia ainesosia: eukalyptusuutetta, rohtoja, punaista ginsengi\u00e4.<\/p>\n<p data-start=\"2938\" data-end=\"3081\">Laastari on levym\u00e4inen, ja sen toiselle puolelle on levitetty korealaista punaista ginseng-uutetta. Vaikutus alkaa heti iholle levitt\u00e4misen j\u00e4lkeen.<\/p>\n<p data-start=\"3083\" data-end=\"3127\">25 kpl pakkauksessa.<br data-start=\"3098\" data-end=\"3101\" \/>Koko: 90 mm \u00d7 130 mm<\/p>\n<p data-start=\"3134\" data-end=\"3154\"><strong data-start=\"3137\" data-end=\"3154\">K\u00e4ytt\u00e4j\u00e4n k\u00e4sikirja<\/strong><\/p>\n<p data-start=\"3156\" data-end=\"3342\">Kiinnit\u00e4 laastari suoraan ongelma-alueelle ja anna sen vaikuttaa v\u00e4hint\u00e4\u00e4n 12 tuntia.<br data-start=\"3239\" data-end=\"3242\" \/>Parhaan tehon saavuttamiseksi k\u00e4yt\u00e4 2\u20133 p\u00e4iv\u00e4\u00e4 per\u00e4kk\u00e4in, pid\u00e4 sitten 1 p\u00e4iv\u00e4n tauko ja toista.<\/p>\n<p data-start=\"3344\" data-end=\"3371\"><strong data-start=\"3344\" data-end=\"3371\">Ei l\u00e4\u00e4kevalmiste.<\/strong><\/p>","protected":false},"excerpt":{"rendered":"<p>Korean Gold Insam Ginseng Health Patch on kipua lievitt\u00e4v\u00e4 laastari, joka sis\u00e4lt\u00e4\u00e4 punaista korealaista ginsengi\u00e4. Se on suunniteltu lievitt\u00e4m\u00e4\u00e4n istumaty\u00f6n, fyysisen rasituksen, niveltulehduksen, radikuliitin tai mustelmien aiheuttamia kipuja, turvotusta ja kouristuksia lihaksissa, niveliss\u00e4 ja niskassa. Laastari parantaa verenkiertoa ja aineenvaihduntaa. Vaikuttaa hieman l\u00e4mmitt\u00e4v\u00e4sti. Kenelle sit\u00e4 suositellaan? Tuki- ja liikuntaelimist\u00f6n sairauksista k\u00e4rsiville: nivelrikko, niveltulehdus, radikuliitti ja osteokondroosi\u2026<\/p>","protected":false},"featured_media":17203,"comment_status":"open","ping_status":"closed","template":"","meta":{"_uf_show_specific_survey":0,"_uf_disable_surveys":false,"_bst_post_transparent":"default","_bst_post_title":"","_bst_post_layout":"default","_bst_post_sidebar_id":"","_bst_post_content_style":"default","_bst_post_vertical_padding":"default","_bst_post_feature":"","_bst_post_feature_position":"","_bst_post_header":false,"_bst_post_footer":false},"pwb-brand":[1052],"product_brand":[],"product_cat":[370],"product_tag":[1054,1055,568,860,1062,1061,1060],"class_list":{"0":"post-17201","1":"product","2":"type-product","3":"status-publish","4":"has-post-thumbnail","6":"pwb-brand-kang-hwa","7":"product_cat-toidulisandid","8":"product_tag-ginseng","9":"product_tag-health","10":"product_tag-korea","11":"product_tag-patch","12":"product_tag-1062","13":"product_tag-1061","14":"product_tag-1060","16":"first","17":"instock","18":"sale","19":"shipping-taxable","20":"purchasable","21":"product-type-simple","22":"entry","23":"content-bg","24":"loop-entry"},"supplier_id":null,"supplier_sku":"","barcode":null,"atum_controlled":true,"out_stock_date":null,"out_stock_threshold":null,"inheritable":false,"inbound_stock":0,"stock_on_hold":0,"sold_today":0,"sales_last_days":20,"out_stock_days":0,"lost_sales":0,"has_location":false,"update_date":"2026-04-14T09:26:35","atum_locations":[],"atum_stock_status":"instock","restock_status":true,"low_stock_amount":"","sales_update_date":"2026-04-14T09:24:39","calc_backorders":null,"yoast_head":"<!-- This site is optimized with the Yoast SEO plugin v27.2 - https:\/\/yoast.com\/product\/yoast-seo-wordpress\/ -->\n<title>Korean Gold Insam Ginseng Health Patch - IDA.KOREA<\/title>\n<meta name=\"description\" content=\"Valuvaigistav plaaster punase Korea \u017een\u0161enniga, mis on m\u00f5eldud lihaste, liigeste ja kaela valu, tursete ja spasmide leevendamiseks.\" \/>\n<meta name=\"robots\" content=\"index, follow, max-snippet:-1, max-image-preview:large, max-video-preview:-1\" \/>\n<link rel=\"canonical\" href=\"https:\/\/idakorea.ee\/fi\/product\/korean-gold-insam-ginseng-health-patch\/\" \/>\n<meta property=\"og:locale\" content=\"fi_FI\" \/>\n<meta property=\"og:type\" content=\"article\" \/>\n<meta property=\"og:title\" content=\"Korean Gold Insam Ginseng Health Patch - IDA.KOREA\" \/>\n<meta property=\"og:description\" content=\"Valuvaigistav plaaster punase Korea \u017een\u0161enniga, mis on m\u00f5eldud lihaste, liigeste ja kaela valu, tursete ja spasmide leevendamiseks.\" \/>\n<meta property=\"og:url\" content=\"https:\/\/idakorea.ee\/fi\/product\/korean-gold-insam-ginseng-health-patch\/\" \/>\n<meta property=\"og:site_name\" content=\"IDA.KOREA\" \/>\n<meta property=\"article:modified_time\" content=\"2026-04-14T09:26:33+00:00\" \/>\n<meta property=\"og:image\" content=\"https:\/\/idakorea.ee\/wp-content\/uploads\/2026\/01\/goldinsam-1-idakorea.png\" \/>\n\t<meta property=\"og:image:width\" content=\"1000\" \/>\n\t<meta property=\"og:image:height\" content=\"1000\" \/>\n\t<meta property=\"og:image:type\" content=\"image\/png\" \/>\n<meta name=\"twitter:card\" content=\"summary_large_image\" \/>\n<meta name=\"twitter:label1\" content=\"Arvioitu lukuaika\" \/>\n\t<meta name=\"twitter:data1\" content=\"2 minuuttia\" \/>\n<script type=\"application\/ld+json\" class=\"yoast-schema-graph\">{\"@context\":\"https:\/\/schema.org\",\"@graph\":[{\"@type\":\"WebPage\",\"@id\":\"https:\/\/idakorea.ee\/product\/korean-gold-insam-ginseng-health-patch\/\",\"url\":\"https:\/\/idakorea.ee\/product\/korean-gold-insam-ginseng-health-patch\/\",\"name\":\"Korean Gold Insam Ginseng Health Patch - IDA.KOREA\",\"isPartOf\":{\"@id\":\"https:\/\/idakorea.ee\/#website\"},\"primaryImageOfPage\":{\"@id\":\"https:\/\/idakorea.ee\/product\/korean-gold-insam-ginseng-health-patch\/#primaryimage\"},\"image\":{\"@id\":\"https:\/\/idakorea.ee\/product\/korean-gold-insam-ginseng-health-patch\/#primaryimage\"},\"thumbnailUrl\":\"https:\/\/idakorea.ee\/wp-content\/uploads\/2026\/01\/goldinsam-1-idakorea.png\",\"datePublished\":\"2026-01-12T08:54:55+00:00\",\"dateModified\":\"2026-04-14T09:26:33+00:00\",\"description\":\"Valuvaigistav plaaster punase Korea \u017een\u0161enniga, mis on m\u00f5eldud lihaste, liigeste ja kaela valu, tursete ja spasmide leevendamiseks.\",\"breadcrumb\":{\"@id\":\"https:\/\/idakorea.ee\/product\/korean-gold-insam-ginseng-health-patch\/#breadcrumb\"},\"inLanguage\":\"fi\",\"potentialAction\":[{\"@type\":\"ReadAction\",\"target\":[\"https:\/\/idakorea.ee\/product\/korean-gold-insam-ginseng-health-patch\/\"]}]},{\"@type\":\"ImageObject\",\"inLanguage\":\"fi\",\"@id\":\"https:\/\/idakorea.ee\/product\/korean-gold-insam-ginseng-health-patch\/#primaryimage\",\"url\":\"https:\/\/idakorea.ee\/wp-content\/uploads\/2026\/01\/goldinsam-1-idakorea.png\",\"contentUrl\":\"https:\/\/idakorea.ee\/wp-content\/uploads\/2026\/01\/goldinsam-1-idakorea.png\",\"width\":1000,\"height\":1000},{\"@type\":\"BreadcrumbList\",\"@id\":\"https:\/\/idakorea.ee\/product\/korean-gold-insam-ginseng-health-patch\/#breadcrumb\",\"itemListElement\":[{\"@type\":\"ListItem\",\"position\":1,\"name\":\"\u0413\u043b\u0430\u0432\u043d\u0430\u044f \u0441\u0442\u0440\u0430\u043d\u0438\u0446\u0430\",\"item\":\"https:\/\/idakorea.ee\/\"},{\"@type\":\"ListItem\",\"position\":2,\"name\":\"Shop\",\"item\":\"https:\/\/idakorea.ee\/shop-2\/\"},{\"@type\":\"ListItem\",\"position\":3,\"name\":\"Valuvaigistav plaaster Korean Gold Insam Ginseng Health Patch, 25tk\"}]},{\"@type\":\"WebSite\",\"@id\":\"https:\/\/idakorea.ee\/#website\",\"url\":\"https:\/\/idakorea.ee\/\",\"name\":\"IDA.KOREA\",\"description\":\"Korea kosmeetika e-pood\",\"publisher\":{\"@id\":\"https:\/\/idakorea.ee\/#organization\"},\"alternateName\":\"Beauty Shop\",\"potentialAction\":[{\"@type\":\"SearchAction\",\"target\":{\"@type\":\"EntryPoint\",\"urlTemplate\":\"https:\/\/idakorea.ee\/?s={search_term_string}\"},\"query-input\":{\"@type\":\"PropertyValueSpecification\",\"valueRequired\":true,\"valueName\":\"search_term_string\"}}],\"inLanguage\":\"fi\"},{\"@type\":\"Organization\",\"@id\":\"https:\/\/idakorea.ee\/#organization\",\"name\":\"IDA.KOREA\",\"url\":\"https:\/\/idakorea.ee\/\",\"logo\":{\"@type\":\"ImageObject\",\"inLanguage\":\"fi\",\"@id\":\"https:\/\/idakorea.ee\/#\/schema\/logo\/image\/\",\"url\":\"https:\/\/idakorea.ee\/wp-content\/uploads\/2024\/05\/cropped-korea3.png\",\"contentUrl\":\"https:\/\/idakorea.ee\/wp-content\/uploads\/2024\/05\/cropped-korea3.png\",\"width\":688,\"height\":126,\"caption\":\"IDA.KOREA\"},\"image\":{\"@id\":\"https:\/\/idakorea.ee\/#\/schema\/logo\/image\/\"},\"sameAs\":[\"https:\/\/www.instagram.com\/ida.korea\/\"]}]}<\/script>\n<!-- \/ Yoast SEO plugin. -->","yoast_head_json":{"title":"Korean Gold Insam Ginseng Health Patch - IDA.KOREA","description":"Valuvaigistav plaaster punase Korea \u017een\u0161enniga, mis on m\u00f5eldud lihaste, liigeste ja kaela valu, tursete ja spasmide leevendamiseks.","robots":{"index":"index","follow":"follow","max-snippet":"max-snippet:-1","max-image-preview":"max-image-preview:large","max-video-preview":"max-video-preview:-1"},"canonical":"https:\/\/idakorea.ee\/fi\/product\/korean-gold-insam-ginseng-health-patch\/","og_locale":"fi_FI","og_type":"article","og_title":"Korean Gold Insam Ginseng Health Patch - IDA.KOREA","og_description":"Valuvaigistav plaaster punase Korea \u017een\u0161enniga, mis on m\u00f5eldud lihaste, liigeste ja kaela valu, tursete ja spasmide leevendamiseks.","og_url":"https:\/\/idakorea.ee\/fi\/product\/korean-gold-insam-ginseng-health-patch\/","og_site_name":"IDA.KOREA","article_modified_time":"2026-04-14T09:26:33+00:00","og_image":[{"width":1000,"height":1000,"url":"https:\/\/idakorea.ee\/wp-content\/uploads\/2026\/01\/goldinsam-1-idakorea.png","type":"image\/png"}],"twitter_card":"summary_large_image","twitter_misc":{"Arvioitu lukuaika":"2 minuuttia"},"schema":{"@context":"https:\/\/schema.org","@graph":[{"@type":"WebPage","@id":"https:\/\/idakorea.ee\/product\/korean-gold-insam-ginseng-health-patch\/","url":"https:\/\/idakorea.ee\/product\/korean-gold-insam-ginseng-health-patch\/","name":"Korean Gold Insam Ginseng Health Patch - IDA.KOREA","isPartOf":{"@id":"https:\/\/idakorea.ee\/#website"},"primaryImageOfPage":{"@id":"https:\/\/idakorea.ee\/product\/korean-gold-insam-ginseng-health-patch\/#primaryimage"},"image":{"@id":"https:\/\/idakorea.ee\/product\/korean-gold-insam-ginseng-health-patch\/#primaryimage"},"thumbnailUrl":"https:\/\/idakorea.ee\/wp-content\/uploads\/2026\/01\/goldinsam-1-idakorea.png","datePublished":"2026-01-12T08:54:55+00:00","dateModified":"2026-04-14T09:26:33+00:00","description":"Valuvaigistav plaaster punase Korea \u017een\u0161enniga, mis on m\u00f5eldud lihaste, liigeste ja kaela valu, tursete ja spasmide leevendamiseks.","breadcrumb":{"@id":"https:\/\/idakorea.ee\/product\/korean-gold-insam-ginseng-health-patch\/#breadcrumb"},"inLanguage":"fi","potentialAction":[{"@type":"ReadAction","target":["https:\/\/idakorea.ee\/product\/korean-gold-insam-ginseng-health-patch\/"]}]},{"@type":"ImageObject","inLanguage":"fi","@id":"https:\/\/idakorea.ee\/product\/korean-gold-insam-ginseng-health-patch\/#primaryimage","url":"https:\/\/idakorea.ee\/wp-content\/uploads\/2026\/01\/goldinsam-1-idakorea.png","contentUrl":"https:\/\/idakorea.ee\/wp-content\/uploads\/2026\/01\/goldinsam-1-idakorea.png","width":1000,"height":1000},{"@type":"BreadcrumbList","@id":"https:\/\/idakorea.ee\/product\/korean-gold-insam-ginseng-health-patch\/#breadcrumb","itemListElement":[{"@type":"ListItem","position":1,"name":"\u0413\u043b\u0430\u0432\u043d\u0430\u044f \u0441\u0442\u0440\u0430\u043d\u0438\u0446\u0430","item":"https:\/\/idakorea.ee\/"},{"@type":"ListItem","position":2,"name":"Shop","item":"https:\/\/idakorea.ee\/shop-2\/"},{"@type":"ListItem","position":3,"name":"Valuvaigistav plaaster Korean Gold Insam Ginseng Health Patch, 25tk"}]},{"@type":"WebSite","@id":"https:\/\/idakorea.ee\/#website","url":"https:\/\/idakorea.ee\/","name":"IDA.KOREA","description":"Korean kosmetiikan verkkokauppa","publisher":{"@id":"https:\/\/idakorea.ee\/#organization"},"alternateName":"Beauty Shop","potentialAction":[{"@type":"SearchAction","target":{"@type":"EntryPoint","urlTemplate":"https:\/\/idakorea.ee\/?s={search_term_string}"},"query-input":{"@type":"PropertyValueSpecification","valueRequired":true,"valueName":"search_term_string"}}],"inLanguage":"fi"},{"@type":"Organization","@id":"https:\/\/idakorea.ee\/#organization","name":"IDA.KOREA","url":"https:\/\/idakorea.ee\/","logo":{"@type":"ImageObject","inLanguage":"fi","@id":"https:\/\/idakorea.ee\/#\/schema\/logo\/image\/","url":"https:\/\/idakorea.ee\/wp-content\/uploads\/2024\/05\/cropped-korea3.png","contentUrl":"https:\/\/idakorea.ee\/wp-content\/uploads\/2024\/05\/cropped-korea3.png","width":688,"height":126,"caption":"IDA.KOREA"},"image":{"@id":"https:\/\/idakorea.ee\/#\/schema\/logo\/image\/"},"sameAs":["https:\/\/www.instagram.com\/ida.korea\/"]}]}},"jetpack_sharing_enabled":true,"brands":[{"id":1052,"name":"KANG HWA","slug":"kang-hwa"}],"_links":{"self":[{"href":"https:\/\/idakorea.ee\/fi\/wp-json\/wp\/v2\/product\/17201","targetHints":{"allow":["GET"]}}],"collection":[{"href":"https:\/\/idakorea.ee\/fi\/wp-json\/wp\/v2\/product"}],"about":[{"href":"https:\/\/idakorea.ee\/fi\/wp-json\/wp\/v2\/types\/product"}],"replies":[{"embeddable":true,"href":"https:\/\/idakorea.ee\/fi\/wp-json\/wp\/v2\/comments?post=17201"}],"version-history":[{"count":3,"href":"https:\/\/idakorea.ee\/fi\/wp-json\/wp\/v2\/product\/17201\/revisions"}],"predecessor-version":[{"id":17206,"href":"https:\/\/idakorea.ee\/fi\/wp-json\/wp\/v2\/product\/17201\/revisions\/17206"}],"wp:featuredmedia":[{"embeddable":true,"href":"https:\/\/idakorea.ee\/fi\/wp-json\/wp\/v2\/media\/17203"}],"wp:attachment":[{"href":"https:\/\/idakorea.ee\/fi\/wp-json\/wp\/v2\/media?parent=17201"}],"wp:term":[{"taxonomy":"pwb-brand","embeddable":true,"href":"https:\/\/idakorea.ee\/fi\/wp-json\/wp\/v2\/pwb-brand?post=17201"},{"taxonomy":"product_brand","embeddable":true,"href":"https:\/\/idakorea.ee\/fi\/wp-json\/wp\/v2\/product_brand?post=17201"},{"taxonomy":"product_cat","embeddable":true,"href":"https:\/\/idakorea.ee\/fi\/wp-json\/wp\/v2\/product_cat?post=17201"},{"taxonomy":"product_tag","embeddable":true,"href":"https:\/\/idakorea.ee\/fi\/wp-json\/wp\/v2\/product_tag?post=17201"}],"curies":[{"name":"wp","href":"https:\/\/api.w.org\/{rel}","templated":true}]}}