{"id":17212,"date":"2026-01-13T11:04:19","date_gmt":"2026-01-13T09:04:19","guid":{"rendered":"https:\/\/idakorea.ee\/?post_type=product&#038;p=17212"},"modified":"2026-04-03T14:23:27","modified_gmt":"2026-04-03T12:23:27","slug":"by-wishtrend-mandelic-acid-gentle-exfoliating-toner-150ml","status":"publish","type":"product","link":"https:\/\/idakorea.ee\/fi\/product\/by-wishtrend-mandelic-acid-gentle-exfoliating-toner-150ml\/","title":{"rendered":"By Wishtrend Mandelic Acid Gentle Exfoliating Toner, 150ml"},"content":{"rendered":"<p data-start=\"90\" data-end=\"361\"><strong data-start=\"90\" data-end=\"145\">By Wishtrend Mandelic Acid Gentle Exfoliating Toner<\/strong> on hell\u00e4varainen kuoriva kasvovesi, joka sis\u00e4lt\u00e4\u00e4 mantelihappoa ja silottaa ja pehment\u00e4\u00e4 karheaa ihoa. Stimuloi solujen uusiutumista, tasoittaa ihon s\u00e4vy\u00e4 ja auttaa torjumaan sameaa ihoa. Edist\u00e4\u00e4 tulehduksen paranemista ja v\u00e4hent\u00e4\u00e4 aknen riski\u00e4.<\/p>\n<p data-start=\"363\" data-end=\"560\">Tuotteen t\u00e4rkein vaikuttava aine on <strong data-start=\"400\" data-end=\"423\">5% AHA (mantelihappo)<\/strong>, joka poistaa kuolleita ihosoluja, k\u00e4ynnist\u00e4\u00e4 ihon uudistumisen ja tasoittaa mikroreliefi\u00e4 sek\u00e4 auttaa v\u00e4hent\u00e4m\u00e4\u00e4n ik\u00e4l\u00e4iskien n\u00e4kyvyytt\u00e4.<\/p>\n<p data-start=\"562\" data-end=\"599\"><strong>Muita aktiivisia ainesosia:<\/strong><\/p>\n<ul data-start=\"600\" data-end=\"1205\">\n<li data-start=\"600\" data-end=\"724\">\n<p data-start=\"602\" data-end=\"724\"><strong data-start=\"602\" data-end=\"629\">Pantenoli (B5-vitamiini)<\/strong> \u2013 lievitt\u00e4\u00e4 punoitusta, vahvistaa hydrolipidisuojaa ja nopeuttaa vaurioituneen ihon toipumista.<\/p>\n<\/li>\n<li data-start=\"725\" data-end=\"821\">\n<p data-start=\"727\" data-end=\"821\"><strong data-start=\"727\" data-end=\"743\">Beetaglukaani<\/strong> \u2013 sill\u00e4 on tulehdusta est\u00e4vi\u00e4 vaikutuksia, se kosteuttaa ja suojaa vapailta radikaaleilta.<\/p>\n<\/li>\n<li data-start=\"822\" data-end=\"950\">\n<p data-start=\"824\" data-end=\"950\"><strong data-start=\"824\" data-end=\"850\">Lakritsinjuuriuute<\/strong> \u2013 v\u00e4hent\u00e4\u00e4 \u00e4rsytyst\u00e4 ja punoitusta, vaalentaa tulehduksen j\u00e4lkeist\u00e4 pigmenttimuutosta ja tasoittaa ihon s\u00e4vy\u00e4.<\/p>\n<\/li>\n<li data-start=\"951\" data-end=\"1040\">\n<p data-start=\"953\" data-end=\"1040\"><strong data-start=\"953\" data-end=\"979\">Makean mantelin uute<\/strong> \u2013 edist\u00e4\u00e4 paranemista, tukee ihon kimmoisuutta ja sileytt\u00e4.<\/p>\n<\/li>\n<li data-start=\"1041\" data-end=\"1205\">\n<p data-start=\"1043\" data-end=\"1205\"><strong data-start=\"1043\" data-end=\"1090\">Aasian vesinavan (Centella asiatica) uute<\/strong> \u2013 rauhoittaa punoitusta, auttaa palauttamaan ihon suojakerroksen, vahvistaa kapillaarien sein\u00e4mi\u00e4 ja auttaa ehk\u00e4isem\u00e4\u00e4n couperosaa.<\/p>\n<\/li>\n<\/ul>\n<p data-start=\"1207\" data-end=\"1237\">Sopii kaikille ihotyypeille.<\/p>\n<p data-start=\"1239\" data-end=\"1259\"><strong>K\u00e4ytt\u00f6ohjeet:<\/strong><\/p>\n<p data-start=\"1260\" data-end=\"1504\">Levit\u00e4 kasvovett\u00e4 aiemmin puhdistetulle kasvoille k\u00e4sin tai vanulapulla. Levit\u00e4 sen j\u00e4lkeen seerumia tai voidetta.<br data-start=\"1363\" data-end=\"1366\" \/>Voidaan k\u00e4ytt\u00e4\u00e4 my\u00f6s paikallisena naamiona: aseta kasvoveteen kastettu vanulappu iholle 5\u201310 minuutiksi, poista sitten ja anna tuotteen imeyty\u00e4.<\/p>","protected":false},"excerpt":{"rendered":"<p>Wishtrendin Mandelic Acid Gentle Exfoliating Toner on hell\u00e4varainen kuoriva kasvovesi, joka sis\u00e4lt\u00e4\u00e4 mantelihappoa ja silottaa ja pehment\u00e4\u00e4 karheaa ihoa. Se stimuloi solujen uusiutumista, tasoittaa ihon s\u00e4vy\u00e4 ja auttaa torjumaan sameaa ihoa. Edist\u00e4\u00e4 tulehduksen paranemista ja v\u00e4hent\u00e4\u00e4 aknen riski\u00e4. Tuotteen p\u00e4\u00e4asiallinen vaikuttava aine on 5% AHA (mantelihappo), joka poistaa kuolleita ihosoluja, k\u00e4ynnist\u00e4\u00e4 ihon uudistumisen ja tasoittaa mikroreliefi\u00e4 sek\u00e4 auttaa\u2026<\/p>","protected":false},"featured_media":17215,"comment_status":"open","ping_status":"closed","template":"","meta":{"_uf_show_specific_survey":0,"_uf_disable_surveys":false,"_bst_post_transparent":"default","_bst_post_title":"","_bst_post_layout":"default","_bst_post_sidebar_id":"","_bst_post_content_style":"default","_bst_post_vertical_padding":"default","_bst_post_feature":"","_bst_post_feature_position":"","_bst_post_header":false,"_bst_post_footer":false},"pwb-brand":[968],"product_brand":[],"product_cat":[92,158],"product_tag":[1056,568,1057,855],"class_list":{"0":"post-17212","1":"product","2":"type-product","3":"status-publish","4":"has-post-thumbnail","6":"pwb-brand-by-wishtrend","7":"product_cat-nagu","8":"product_cat-toonik","9":"product_tag-acid","10":"product_tag-korea","11":"product_tag-mandelic","12":"product_tag-toner","14":"first","15":"instock","16":"shipping-taxable","17":"purchasable","18":"product-type-simple","19":"entry","20":"content-bg","21":"loop-entry"},"supplier_id":null,"supplier_sku":"","barcode":null,"atum_controlled":true,"out_stock_date":null,"out_stock_threshold":null,"inheritable":false,"inbound_stock":0,"stock_on_hold":0,"sold_today":0,"sales_last_days":0,"out_stock_days":0,"lost_sales":0,"has_location":false,"update_date":"2026-04-24T00:09:10","atum_locations":[],"atum_stock_status":"instock","restock_status":false,"low_stock_amount":"","sales_update_date":"2026-04-24T00:09:10","calc_backorders":null,"yoast_head":"<!-- This site is optimized with the Yoast SEO plugin v27.2 - https:\/\/yoast.com\/product\/yoast-seo-wordpress\/ -->\n<title>By Wishtrend Mandelic Acid Gentle Exfoliating Toner, 150ml - IDA.KOREA<\/title>\n<meta name=\"description\" content=\"Kooriv toonik mandelhappega, mis silub ja pehmendab karedat nahka. Stimuleerib rakkude uuenemist, \u00fchtlustab nahatooni ja aitab v\u00f5idelda tuhmi jumega.\" \/>\n<meta name=\"robots\" content=\"index, follow, max-snippet:-1, max-image-preview:large, max-video-preview:-1\" \/>\n<link rel=\"canonical\" href=\"https:\/\/idakorea.ee\/fi\/product\/by-wishtrend-mandelic-acid-gentle-exfoliating-toner-150ml\/\" \/>\n<meta property=\"og:locale\" content=\"fi_FI\" \/>\n<meta property=\"og:type\" content=\"article\" \/>\n<meta property=\"og:title\" content=\"By Wishtrend Mandelic Acid Gentle Exfoliating Toner, 150ml - IDA.KOREA\" \/>\n<meta property=\"og:description\" content=\"Kooriv toonik mandelhappega, mis silub ja pehmendab karedat nahka. Stimuleerib rakkude uuenemist, \u00fchtlustab nahatooni ja aitab v\u00f5idelda tuhmi jumega.\" \/>\n<meta property=\"og:url\" content=\"https:\/\/idakorea.ee\/fi\/product\/by-wishtrend-mandelic-acid-gentle-exfoliating-toner-150ml\/\" \/>\n<meta property=\"og:site_name\" content=\"IDA.KOREA\" \/>\n<meta property=\"article:modified_time\" content=\"2026-04-03T12:23:27+00:00\" \/>\n<meta property=\"og:image\" content=\"https:\/\/idakorea.ee\/wp-content\/uploads\/2026\/01\/By-Wishtrend-Mandelic-Acid-Gentle-Exfoliating-Toner-idakorea.jpg\" \/>\n\t<meta property=\"og:image:width\" content=\"1000\" \/>\n\t<meta property=\"og:image:height\" content=\"1000\" \/>\n\t<meta property=\"og:image:type\" content=\"image\/jpeg\" \/>\n<meta name=\"twitter:card\" content=\"summary_large_image\" \/>\n<meta name=\"twitter:label1\" content=\"Arvioitu lukuaika\" \/>\n\t<meta name=\"twitter:data1\" content=\"2 minuuttia\" \/>\n<script type=\"application\/ld+json\" class=\"yoast-schema-graph\">{\"@context\":\"https:\/\/schema.org\",\"@graph\":[{\"@type\":\"WebPage\",\"@id\":\"https:\/\/idakorea.ee\/product\/by-wishtrend-mandelic-acid-gentle-exfoliating-toner-150ml\/\",\"url\":\"https:\/\/idakorea.ee\/product\/by-wishtrend-mandelic-acid-gentle-exfoliating-toner-150ml\/\",\"name\":\"By Wishtrend Mandelic Acid Gentle Exfoliating Toner, 150ml - IDA.KOREA\",\"isPartOf\":{\"@id\":\"https:\/\/idakorea.ee\/#website\"},\"primaryImageOfPage\":{\"@id\":\"https:\/\/idakorea.ee\/product\/by-wishtrend-mandelic-acid-gentle-exfoliating-toner-150ml\/#primaryimage\"},\"image\":{\"@id\":\"https:\/\/idakorea.ee\/product\/by-wishtrend-mandelic-acid-gentle-exfoliating-toner-150ml\/#primaryimage\"},\"thumbnailUrl\":\"https:\/\/idakorea.ee\/wp-content\/uploads\/2026\/01\/By-Wishtrend-Mandelic-Acid-Gentle-Exfoliating-Toner-idakorea.jpg\",\"datePublished\":\"2026-01-13T09:04:19+00:00\",\"dateModified\":\"2026-04-03T12:23:27+00:00\",\"description\":\"Kooriv toonik mandelhappega, mis silub ja pehmendab karedat nahka. Stimuleerib rakkude uuenemist, \u00fchtlustab nahatooni ja aitab v\u00f5idelda tuhmi jumega.\",\"breadcrumb\":{\"@id\":\"https:\/\/idakorea.ee\/product\/by-wishtrend-mandelic-acid-gentle-exfoliating-toner-150ml\/#breadcrumb\"},\"inLanguage\":\"fi\",\"potentialAction\":[{\"@type\":\"ReadAction\",\"target\":[\"https:\/\/idakorea.ee\/product\/by-wishtrend-mandelic-acid-gentle-exfoliating-toner-150ml\/\"]}]},{\"@type\":\"ImageObject\",\"inLanguage\":\"fi\",\"@id\":\"https:\/\/idakorea.ee\/product\/by-wishtrend-mandelic-acid-gentle-exfoliating-toner-150ml\/#primaryimage\",\"url\":\"https:\/\/idakorea.ee\/wp-content\/uploads\/2026\/01\/By-Wishtrend-Mandelic-Acid-Gentle-Exfoliating-Toner-idakorea.jpg\",\"contentUrl\":\"https:\/\/idakorea.ee\/wp-content\/uploads\/2026\/01\/By-Wishtrend-Mandelic-Acid-Gentle-Exfoliating-Toner-idakorea.jpg\",\"width\":1000,\"height\":1000},{\"@type\":\"BreadcrumbList\",\"@id\":\"https:\/\/idakorea.ee\/product\/by-wishtrend-mandelic-acid-gentle-exfoliating-toner-150ml\/#breadcrumb\",\"itemListElement\":[{\"@type\":\"ListItem\",\"position\":1,\"name\":\"\u0413\u043b\u0430\u0432\u043d\u0430\u044f \u0441\u0442\u0440\u0430\u043d\u0438\u0446\u0430\",\"item\":\"https:\/\/idakorea.ee\/\"},{\"@type\":\"ListItem\",\"position\":2,\"name\":\"Shop\",\"item\":\"https:\/\/idakorea.ee\/shop-2\/\"},{\"@type\":\"ListItem\",\"position\":3,\"name\":\"Kooriv toonik mandelhappega By Wishtrend Mandelic Acid Gentle Exfoliating Toner, 150ml\"}]},{\"@type\":\"WebSite\",\"@id\":\"https:\/\/idakorea.ee\/#website\",\"url\":\"https:\/\/idakorea.ee\/\",\"name\":\"IDA.KOREA\",\"description\":\"Korea kosmeetika e-pood\",\"publisher\":{\"@id\":\"https:\/\/idakorea.ee\/#organization\"},\"alternateName\":\"Beauty Shop\",\"potentialAction\":[{\"@type\":\"SearchAction\",\"target\":{\"@type\":\"EntryPoint\",\"urlTemplate\":\"https:\/\/idakorea.ee\/?s={search_term_string}\"},\"query-input\":{\"@type\":\"PropertyValueSpecification\",\"valueRequired\":true,\"valueName\":\"search_term_string\"}}],\"inLanguage\":\"fi\"},{\"@type\":\"Organization\",\"@id\":\"https:\/\/idakorea.ee\/#organization\",\"name\":\"IDA.KOREA\",\"url\":\"https:\/\/idakorea.ee\/\",\"logo\":{\"@type\":\"ImageObject\",\"inLanguage\":\"fi\",\"@id\":\"https:\/\/idakorea.ee\/#\/schema\/logo\/image\/\",\"url\":\"https:\/\/idakorea.ee\/wp-content\/uploads\/2024\/05\/cropped-korea3.png\",\"contentUrl\":\"https:\/\/idakorea.ee\/wp-content\/uploads\/2024\/05\/cropped-korea3.png\",\"width\":688,\"height\":126,\"caption\":\"IDA.KOREA\"},\"image\":{\"@id\":\"https:\/\/idakorea.ee\/#\/schema\/logo\/image\/\"},\"sameAs\":[\"https:\/\/www.instagram.com\/ida.korea\/\"]}]}<\/script>\n<!-- \/ Yoast SEO plugin. -->","yoast_head_json":{"title":"Wishtrend Mandelic Acid Gentle Exfoliating Toner, 150ml - IDA.KOREA","description":"Kuoriva kasvovesi mantelihapolla, joka tasoittaa ja pehment\u00e4\u00e4 karheaa ihoa. Stimuloi solujen uusiutumista, tasoittaa ihon s\u00e4vy\u00e4 ja auttaa torjumaan sameaa ihoa.","robots":{"index":"index","follow":"follow","max-snippet":"max-snippet:-1","max-image-preview":"max-image-preview:large","max-video-preview":"max-video-preview:-1"},"canonical":"https:\/\/idakorea.ee\/fi\/product\/by-wishtrend-mandelic-acid-gentle-exfoliating-toner-150ml\/","og_locale":"fi_FI","og_type":"article","og_title":"By Wishtrend Mandelic Acid Gentle Exfoliating Toner, 150ml - IDA.KOREA","og_description":"Kooriv toonik mandelhappega, mis silub ja pehmendab karedat nahka. Stimuleerib rakkude uuenemist, \u00fchtlustab nahatooni ja aitab v\u00f5idelda tuhmi jumega.","og_url":"https:\/\/idakorea.ee\/fi\/product\/by-wishtrend-mandelic-acid-gentle-exfoliating-toner-150ml\/","og_site_name":"IDA.KOREA","article_modified_time":"2026-04-03T12:23:27+00:00","og_image":[{"width":1000,"height":1000,"url":"https:\/\/idakorea.ee\/wp-content\/uploads\/2026\/01\/By-Wishtrend-Mandelic-Acid-Gentle-Exfoliating-Toner-idakorea.jpg","type":"image\/jpeg"}],"twitter_card":"summary_large_image","twitter_misc":{"Arvioitu lukuaika":"2 minuuttia"},"schema":{"@context":"https:\/\/schema.org","@graph":[{"@type":"WebPage","@id":"https:\/\/idakorea.ee\/product\/by-wishtrend-mandelic-acid-gentle-exfoliating-toner-150ml\/","url":"https:\/\/idakorea.ee\/product\/by-wishtrend-mandelic-acid-gentle-exfoliating-toner-150ml\/","name":"Wishtrend Mandelic Acid Gentle Exfoliating Toner, 150ml - IDA.KOREA","isPartOf":{"@id":"https:\/\/idakorea.ee\/#website"},"primaryImageOfPage":{"@id":"https:\/\/idakorea.ee\/product\/by-wishtrend-mandelic-acid-gentle-exfoliating-toner-150ml\/#primaryimage"},"image":{"@id":"https:\/\/idakorea.ee\/product\/by-wishtrend-mandelic-acid-gentle-exfoliating-toner-150ml\/#primaryimage"},"thumbnailUrl":"https:\/\/idakorea.ee\/wp-content\/uploads\/2026\/01\/By-Wishtrend-Mandelic-Acid-Gentle-Exfoliating-Toner-idakorea.jpg","datePublished":"2026-01-13T09:04:19+00:00","dateModified":"2026-04-03T12:23:27+00:00","description":"Kuoriva kasvovesi mantelihapolla, joka tasoittaa ja pehment\u00e4\u00e4 karheaa ihoa. Stimuloi solujen uusiutumista, tasoittaa ihon s\u00e4vy\u00e4 ja auttaa torjumaan sameaa ihoa.","breadcrumb":{"@id":"https:\/\/idakorea.ee\/product\/by-wishtrend-mandelic-acid-gentle-exfoliating-toner-150ml\/#breadcrumb"},"inLanguage":"fi","potentialAction":[{"@type":"ReadAction","target":["https:\/\/idakorea.ee\/product\/by-wishtrend-mandelic-acid-gentle-exfoliating-toner-150ml\/"]}]},{"@type":"ImageObject","inLanguage":"fi","@id":"https:\/\/idakorea.ee\/product\/by-wishtrend-mandelic-acid-gentle-exfoliating-toner-150ml\/#primaryimage","url":"https:\/\/idakorea.ee\/wp-content\/uploads\/2026\/01\/By-Wishtrend-Mandelic-Acid-Gentle-Exfoliating-Toner-idakorea.jpg","contentUrl":"https:\/\/idakorea.ee\/wp-content\/uploads\/2026\/01\/By-Wishtrend-Mandelic-Acid-Gentle-Exfoliating-Toner-idakorea.jpg","width":1000,"height":1000},{"@type":"BreadcrumbList","@id":"https:\/\/idakorea.ee\/product\/by-wishtrend-mandelic-acid-gentle-exfoliating-toner-150ml\/#breadcrumb","itemListElement":[{"@type":"ListItem","position":1,"name":"\u0413\u043b\u0430\u0432\u043d\u0430\u044f \u0441\u0442\u0440\u0430\u043d\u0438\u0446\u0430","item":"https:\/\/idakorea.ee\/"},{"@type":"ListItem","position":2,"name":"Shop","item":"https:\/\/idakorea.ee\/shop-2\/"},{"@type":"ListItem","position":3,"name":"Kooriv toonik mandelhappega By Wishtrend Mandelic Acid Gentle Exfoliating Toner, 150ml"}]},{"@type":"WebSite","@id":"https:\/\/idakorea.ee\/#website","url":"https:\/\/idakorea.ee\/","name":"IDA.KOREA","description":"Korean kosmetiikan verkkokauppa","publisher":{"@id":"https:\/\/idakorea.ee\/#organization"},"alternateName":"Beauty Shop","potentialAction":[{"@type":"SearchAction","target":{"@type":"EntryPoint","urlTemplate":"https:\/\/idakorea.ee\/?s={search_term_string}"},"query-input":{"@type":"PropertyValueSpecification","valueRequired":true,"valueName":"search_term_string"}}],"inLanguage":"fi"},{"@type":"Organization","@id":"https:\/\/idakorea.ee\/#organization","name":"IDA.KOREA","url":"https:\/\/idakorea.ee\/","logo":{"@type":"ImageObject","inLanguage":"fi","@id":"https:\/\/idakorea.ee\/#\/schema\/logo\/image\/","url":"https:\/\/idakorea.ee\/wp-content\/uploads\/2024\/05\/cropped-korea3.png","contentUrl":"https:\/\/idakorea.ee\/wp-content\/uploads\/2024\/05\/cropped-korea3.png","width":688,"height":126,"caption":"IDA.KOREA"},"image":{"@id":"https:\/\/idakorea.ee\/#\/schema\/logo\/image\/"},"sameAs":["https:\/\/www.instagram.com\/ida.korea\/"]}]}},"jetpack_sharing_enabled":true,"brands":[{"id":968,"name":"BY WISHTREND","slug":"by-wishtrend"}],"_links":{"self":[{"href":"https:\/\/idakorea.ee\/fi\/wp-json\/wp\/v2\/product\/17212","targetHints":{"allow":["GET"]}}],"collection":[{"href":"https:\/\/idakorea.ee\/fi\/wp-json\/wp\/v2\/product"}],"about":[{"href":"https:\/\/idakorea.ee\/fi\/wp-json\/wp\/v2\/types\/product"}],"replies":[{"embeddable":true,"href":"https:\/\/idakorea.ee\/fi\/wp-json\/wp\/v2\/comments?post=17212"}],"version-history":[{"count":2,"href":"https:\/\/idakorea.ee\/fi\/wp-json\/wp\/v2\/product\/17212\/revisions"}],"predecessor-version":[{"id":17445,"href":"https:\/\/idakorea.ee\/fi\/wp-json\/wp\/v2\/product\/17212\/revisions\/17445"}],"wp:featuredmedia":[{"embeddable":true,"href":"https:\/\/idakorea.ee\/fi\/wp-json\/wp\/v2\/media\/17215"}],"wp:attachment":[{"href":"https:\/\/idakorea.ee\/fi\/wp-json\/wp\/v2\/media?parent=17212"}],"wp:term":[{"taxonomy":"pwb-brand","embeddable":true,"href":"https:\/\/idakorea.ee\/fi\/wp-json\/wp\/v2\/pwb-brand?post=17212"},{"taxonomy":"product_brand","embeddable":true,"href":"https:\/\/idakorea.ee\/fi\/wp-json\/wp\/v2\/product_brand?post=17212"},{"taxonomy":"product_cat","embeddable":true,"href":"https:\/\/idakorea.ee\/fi\/wp-json\/wp\/v2\/product_cat?post=17212"},{"taxonomy":"product_tag","embeddable":true,"href":"https:\/\/idakorea.ee\/fi\/wp-json\/wp\/v2\/product_tag?post=17212"}],"curies":[{"name":"wp","href":"https:\/\/api.w.org\/{rel}","templated":true}]}}