{"id":17217,"date":"2026-01-13T12:34:13","date_gmt":"2026-01-13T10:34:13","guid":{"rendered":"https:\/\/idakorea.ee\/?post_type=product&#038;p=17217"},"modified":"2026-03-02T14:08:30","modified_gmt":"2026-03-02T12:08:30","slug":"by-wishtrend-green-tea-ceramide-barrier-cream-50g","status":"publish","type":"product","link":"https:\/\/idakorea.ee\/fi\/product\/by-wishtrend-green-tea-ceramide-barrier-cream-50g\/","title":{"rendered":"By Wishtrend Green Tea &amp; Ceramide Barrier Cream, 50g"},"content":{"rendered":"<p data-start=\"146\" data-end=\"260\"><strong data-start=\"146\" data-end=\"197\">By Wishtrend Green Tea &amp; Ceramide Barrier Cream<\/strong> on suunniteltu suojaamaan ja palauttamaan \u00e4rsytykselle alttiita ihoalueita.<\/p>\n<p data-start=\"262\" data-end=\"547\">Kosteuttaa, rauhoittaa punoitusta ja v\u00e4hent\u00e4\u00e4 ihon herkkyytt\u00e4. Vahvistaa ihon suojakerrosta, ehk\u00e4isee kosteuden menetyst\u00e4, kuivumista ja hilseily\u00e4.<br data-start=\"394\" data-end=\"397\" \/>Pehment\u00e4\u00e4 karheita alueita, nopeuttaa paranemista ja auttaa normalisoimaan talin erityst\u00e4. Suojaa ihoa tuulelta, l\u00e4mp\u00f6tilan vaihteluilta ja kuivalta ilmalta.<\/p>\n<p data-start=\"554\" data-end=\"591\"><strong data-start=\"557\" data-end=\"591\">T\u00e4rkeimm\u00e4t vaikuttavat aineosat<\/strong><\/p>\n<ul>\n<li data-start=\"593\" data-end=\"856\"><strong data-start=\"593\" data-end=\"621\">Kasvipohjainen PDRN (natrium-DNA)<\/strong> \u2013 vihre\u00e4n teen uutteesta johdettu polynukleotidi. Stimuloi uudistumista, lis\u00e4\u00e4 kudostiheytt\u00e4 ja vahvistaa ihon suojatoimintoja. Rauhoittaa \u00e4rtynytt\u00e4 ihoa, edist\u00e4\u00e4 mikrovaurioiden paranemista ja v\u00e4hent\u00e4\u00e4 aknen riski\u00e4.<\/li>\n<li data-start=\"858\" data-end=\"1112\"><strong data-start=\"858\" data-end=\"893\">EGCG (Epigallocatechin Gallate)<\/strong> \u2013 vihre\u00e4n teen lehdist\u00e4 l\u00f6ytyv\u00e4 flavonoidi. Vahvojen antioksidanttisten ominaisuuksiensa ansiosta se neutraloi vapaita radikaaleja ja auttaa ehk\u00e4isem\u00e4\u00e4n oksidatiivista stressi\u00e4. Tukee hydrolipidisuojaa ja v\u00e4hent\u00e4\u00e4 \u00e4rsytyksen ja punoituksen merkkej\u00e4.<\/li>\n<li data-start=\"1114\" data-end=\"1422\"><strong data-start=\"1114\" data-end=\"1165\">5 erilaista keramidia (Ceramidi NP, NG, NS, AS, AP)<\/strong> \u2013 tukevat ihon sarveiskerroksen eheytt\u00e4, vahvistavat ihon luonnollista suojakerrosta ja v\u00e4hent\u00e4v\u00e4t ihon herkkyytt\u00e4 ulkoisille tekij\u00f6ille (l\u00e4mp\u00f6tilan muutokset, kuiva ilma, tuuli). Keramidit on kapseloitu liposomeihin, jotka auttavat niit\u00e4 kulkeutumaan syvemm\u00e4lle ihoon.<\/li>\n<li data-start=\"1424\" data-end=\"1585\"><strong data-start=\"1424\" data-end=\"1451\">Pantenoli (B5-vitamiini)<\/strong> \u2013 nopeuttaa mikrovaurioiden paranemista, pehment\u00e4\u00e4 ja rauhoittaa ihoa, v\u00e4hent\u00e4\u00e4 punoitusta ja parantaa epidermiksen suojamuuria.<\/li>\n<li data-start=\"1587\" data-end=\"1846\"><strong data-start=\"1587\" data-end=\"1637\">10 erilaista hyaluronihappoa, joilla on eri molekyylipainot<\/strong> \u2013 Suurimolekyylipainoiset muodot palauttavat hydrolipidikalvon, nopeuttavat paranemista ja v\u00e4hent\u00e4v\u00e4t hilseily\u00e4; pienimolekyylipainoiset muodot tunkeutuvat syvemm\u00e4lle ihoon ja est\u00e4v\u00e4t kosteuden haihtumista solutasolla.<\/li>\n<li data-start=\"1848\" data-end=\"1964\"><strong data-start=\"1848\" data-end=\"1879\">Niasiiniamidi (B3-vitamiini)<\/strong> \u2013 hidastaa melaniinin kulkeutumista ihoon ja auttaa ehk\u00e4isem\u00e4\u00e4n ik\u00e4l\u00e4iskien muodostumista.<\/li>\n<li data-start=\"1966\" data-end=\"2105\"><strong data-start=\"1966\" data-end=\"2013\">Aasian vesinavan (Centella asiatica) uute<\/strong> \u2013 sill\u00e4 on tulehdusta est\u00e4vi\u00e4 ja uudistavia vaikutuksia, se v\u00e4hent\u00e4\u00e4 herkkyytt\u00e4 ja vahvistaa verisuonten sein\u00e4mi\u00e4.<\/li>\n<li data-start=\"2107\" data-end=\"2254\"><strong data-start=\"2107\" data-end=\"2118\">Ektoiin<\/strong> \u2013 orgaaninen aminohappo, joka suojaa ihoa ymp\u00e4rist\u00f6n vaikutuksilta, ehk\u00e4isee tulehdusta, rauhoittaa, pehment\u00e4\u00e4 ja v\u00e4hent\u00e4\u00e4 punoitusta.<\/li>\n<li data-start=\"2256\" data-end=\"2386\"><strong data-start=\"2256\" data-end=\"2268\">Skvala<\/strong> \u2013 est\u00e4\u00e4 kosteuden haihtumista, tukee ihon paranemista, ehk\u00e4isee mikrovaurioita ja v\u00e4hent\u00e4\u00e4 kutinaa ja hilseily\u00e4.<\/li>\n<\/ul>\n<p data-start=\"2407\" data-end=\"2457\">Sopii sekaiholle, kuivalle ja herk\u00e4lle iholle.<\/p>\n<p data-start=\"2464\" data-end=\"2486\"><strong data-start=\"2467\" data-end=\"2486\">K\u00e4ytt\u00f6:<\/strong><\/p>\n<p data-start=\"2487\" data-end=\"2584\">Kun olet puhdistanut ihosi kasvovedell\u00e4 ja seerumilla, levit\u00e4 voide kasvoillesi ja levit\u00e4 tasaisesti.<\/p>","protected":false},"excerpt":{"rendered":"<p>Wishtrendin vihre\u00e4n teen ja keramidin suojavoide on suunniteltu suojaamaan ja palauttamaan \u00e4rtyneelle iholle. Kosteuttaa, rauhoittaa punoitusta ja v\u00e4hent\u00e4\u00e4 ihon herkkyytt\u00e4. Vahvistaa ihon suojakerrosta, ehk\u00e4isee kosteuden haihtumista, kuivumista ja hilseily\u00e4. Pehment\u00e4\u00e4 karheita alueita, nopeuttaa paranemista ja auttaa normalisoimaan talin erityst\u00e4. Suojaa ihoa tuulelta, l\u00e4mp\u00f6tilan vaihteluilta ja kuivalta ilmalta. T\u00e4rkeimm\u00e4t vaikuttavat aineosat: Yrttiper\u00e4inen PDRN (natrium-DNA)\u2026<\/p>","protected":false},"featured_media":17221,"comment_status":"open","ping_status":"closed","template":"","meta":{"_uf_show_specific_survey":0,"_uf_disable_surveys":false,"_bst_post_transparent":"default","_bst_post_title":"","_bst_post_layout":"default","_bst_post_sidebar_id":"","_bst_post_content_style":"default","_bst_post_vertical_padding":"default","_bst_post_feature":"","_bst_post_feature_position":"","_bst_post_header":false,"_bst_post_footer":false},"pwb-brand":[968],"product_brand":[],"product_cat":[92,96],"product_tag":[929,734,568,750],"class_list":{"0":"post-17217","1":"product","2":"type-product","3":"status-publish","4":"has-post-thumbnail","6":"pwb-brand-by-wishtrend","7":"product_cat-nagu","8":"product_cat-naokreemid","9":"product_tag-barrier","10":"product_tag-cream","11":"product_tag-korea","12":"product_tag-tundlik","14":"first","15":"instock","16":"shipping-taxable","17":"purchasable","18":"product-type-simple","19":"entry","20":"content-bg","21":"loop-entry"},"supplier_id":null,"supplier_sku":"","barcode":null,"atum_controlled":true,"out_stock_date":null,"out_stock_threshold":null,"inheritable":false,"inbound_stock":0,"stock_on_hold":0,"sold_today":0,"sales_last_days":0,"out_stock_days":0,"lost_sales":0,"has_location":false,"update_date":"2026-04-24T00:09:05","atum_locations":[],"atum_stock_status":"instock","restock_status":false,"low_stock_amount":"","sales_update_date":"2026-04-24T00:09:05","calc_backorders":null,"yoast_head":"<!-- This site is optimized with the Yoast SEO plugin v27.2 - https:\/\/yoast.com\/product\/yoast-seo-wordpress\/ -->\n<title>By Wishtrend Green Tea &amp; Ceramide Barrier Cream, 50g - IDA.KOREA<\/title>\n<meta name=\"description\" content=\"Kreem niisutab, rahustab punetust ja v\u00e4hendab naha tundlikkust. Tugevdab naha kaitsebarj\u00e4\u00e4ri, hoiab \u00e4ra niiskusekao, kuivuse ja ketenduse.\" \/>\n<meta name=\"robots\" content=\"index, follow, max-snippet:-1, max-image-preview:large, max-video-preview:-1\" \/>\n<link rel=\"canonical\" href=\"https:\/\/idakorea.ee\/fi\/product\/by-wishtrend-green-tea-ceramide-barrier-cream-50g\/\" \/>\n<meta property=\"og:locale\" content=\"fi_FI\" \/>\n<meta property=\"og:type\" content=\"article\" \/>\n<meta property=\"og:title\" content=\"By Wishtrend Green Tea &amp; Ceramide Barrier Cream, 50g - IDA.KOREA\" \/>\n<meta property=\"og:description\" content=\"Kreem niisutab, rahustab punetust ja v\u00e4hendab naha tundlikkust. Tugevdab naha kaitsebarj\u00e4\u00e4ri, hoiab \u00e4ra niiskusekao, kuivuse ja ketenduse.\" \/>\n<meta property=\"og:url\" content=\"https:\/\/idakorea.ee\/fi\/product\/by-wishtrend-green-tea-ceramide-barrier-cream-50g\/\" \/>\n<meta property=\"og:site_name\" content=\"IDA.KOREA\" \/>\n<meta property=\"article:modified_time\" content=\"2026-03-02T12:08:30+00:00\" \/>\n<meta property=\"og:image\" content=\"https:\/\/idakorea.ee\/wp-content\/uploads\/2026\/01\/By-Wishtrend-Green-Tea-Ceramide-Barrier-Cream-idakorea.jpg\" \/>\n\t<meta property=\"og:image:width\" content=\"1000\" \/>\n\t<meta property=\"og:image:height\" content=\"1000\" \/>\n\t<meta property=\"og:image:type\" content=\"image\/jpeg\" \/>\n<meta name=\"twitter:card\" content=\"summary_large_image\" \/>\n<meta name=\"twitter:label1\" content=\"Arvioitu lukuaika\" \/>\n\t<meta name=\"twitter:data1\" content=\"2 minuuttia\" \/>\n<script type=\"application\/ld+json\" class=\"yoast-schema-graph\">{\"@context\":\"https:\/\/schema.org\",\"@graph\":[{\"@type\":\"WebPage\",\"@id\":\"https:\/\/idakorea.ee\/product\/by-wishtrend-green-tea-ceramide-barrier-cream-50g\/\",\"url\":\"https:\/\/idakorea.ee\/product\/by-wishtrend-green-tea-ceramide-barrier-cream-50g\/\",\"name\":\"By Wishtrend Green Tea & Ceramide Barrier Cream, 50g - IDA.KOREA\",\"isPartOf\":{\"@id\":\"https:\/\/idakorea.ee\/#website\"},\"primaryImageOfPage\":{\"@id\":\"https:\/\/idakorea.ee\/product\/by-wishtrend-green-tea-ceramide-barrier-cream-50g\/#primaryimage\"},\"image\":{\"@id\":\"https:\/\/idakorea.ee\/product\/by-wishtrend-green-tea-ceramide-barrier-cream-50g\/#primaryimage\"},\"thumbnailUrl\":\"https:\/\/idakorea.ee\/wp-content\/uploads\/2026\/01\/By-Wishtrend-Green-Tea-Ceramide-Barrier-Cream-idakorea.jpg\",\"datePublished\":\"2026-01-13T10:34:13+00:00\",\"dateModified\":\"2026-03-02T12:08:30+00:00\",\"description\":\"Kreem niisutab, rahustab punetust ja v\u00e4hendab naha tundlikkust. Tugevdab naha kaitsebarj\u00e4\u00e4ri, hoiab \u00e4ra niiskusekao, kuivuse ja ketenduse.\",\"breadcrumb\":{\"@id\":\"https:\/\/idakorea.ee\/product\/by-wishtrend-green-tea-ceramide-barrier-cream-50g\/#breadcrumb\"},\"inLanguage\":\"fi\",\"potentialAction\":[{\"@type\":\"ReadAction\",\"target\":[\"https:\/\/idakorea.ee\/product\/by-wishtrend-green-tea-ceramide-barrier-cream-50g\/\"]}]},{\"@type\":\"ImageObject\",\"inLanguage\":\"fi\",\"@id\":\"https:\/\/idakorea.ee\/product\/by-wishtrend-green-tea-ceramide-barrier-cream-50g\/#primaryimage\",\"url\":\"https:\/\/idakorea.ee\/wp-content\/uploads\/2026\/01\/By-Wishtrend-Green-Tea-Ceramide-Barrier-Cream-idakorea.jpg\",\"contentUrl\":\"https:\/\/idakorea.ee\/wp-content\/uploads\/2026\/01\/By-Wishtrend-Green-Tea-Ceramide-Barrier-Cream-idakorea.jpg\",\"width\":1000,\"height\":1000},{\"@type\":\"BreadcrumbList\",\"@id\":\"https:\/\/idakorea.ee\/product\/by-wishtrend-green-tea-ceramide-barrier-cream-50g\/#breadcrumb\",\"itemListElement\":[{\"@type\":\"ListItem\",\"position\":1,\"name\":\"\u0413\u043b\u0430\u0432\u043d\u0430\u044f \u0441\u0442\u0440\u0430\u043d\u0438\u0446\u0430\",\"item\":\"https:\/\/idakorea.ee\/\"},{\"@type\":\"ListItem\",\"position\":2,\"name\":\"Shop\",\"item\":\"https:\/\/idakorea.ee\/shop-2\/\"},{\"@type\":\"ListItem\",\"position\":3,\"name\":\"Taastav kreem rohelise tee ja keramiididega By Wishtrend Green Tea &#038; Ceramide Barrier Cream, 50g\"}]},{\"@type\":\"WebSite\",\"@id\":\"https:\/\/idakorea.ee\/#website\",\"url\":\"https:\/\/idakorea.ee\/\",\"name\":\"IDA.KOREA\",\"description\":\"Korea kosmeetika e-pood\",\"publisher\":{\"@id\":\"https:\/\/idakorea.ee\/#organization\"},\"alternateName\":\"Beauty Shop\",\"potentialAction\":[{\"@type\":\"SearchAction\",\"target\":{\"@type\":\"EntryPoint\",\"urlTemplate\":\"https:\/\/idakorea.ee\/?s={search_term_string}\"},\"query-input\":{\"@type\":\"PropertyValueSpecification\",\"valueRequired\":true,\"valueName\":\"search_term_string\"}}],\"inLanguage\":\"fi\"},{\"@type\":\"Organization\",\"@id\":\"https:\/\/idakorea.ee\/#organization\",\"name\":\"IDA.KOREA\",\"url\":\"https:\/\/idakorea.ee\/\",\"logo\":{\"@type\":\"ImageObject\",\"inLanguage\":\"fi\",\"@id\":\"https:\/\/idakorea.ee\/#\/schema\/logo\/image\/\",\"url\":\"https:\/\/idakorea.ee\/wp-content\/uploads\/2024\/05\/cropped-korea3.png\",\"contentUrl\":\"https:\/\/idakorea.ee\/wp-content\/uploads\/2024\/05\/cropped-korea3.png\",\"width\":688,\"height\":126,\"caption\":\"IDA.KOREA\"},\"image\":{\"@id\":\"https:\/\/idakorea.ee\/#\/schema\/logo\/image\/\"},\"sameAs\":[\"https:\/\/www.instagram.com\/ida.korea\/\"]}]}<\/script>\n<!-- \/ Yoast SEO plugin. -->","yoast_head_json":{"title":"Wishtrendin vihre\u00e4 tee ja keramidisuojavoide, 50g - IDA.KOREA","description":"Voide kosteuttaa, rauhoittaa punoitusta ja v\u00e4hent\u00e4\u00e4 ihon herkkyytt\u00e4. Vahvistaa ihon suojakerrosta, ehk\u00e4isee kosteuden menetyst\u00e4, kuivumista ja hilseily\u00e4.","robots":{"index":"index","follow":"follow","max-snippet":"max-snippet:-1","max-image-preview":"max-image-preview:large","max-video-preview":"max-video-preview:-1"},"canonical":"https:\/\/idakorea.ee\/fi\/product\/by-wishtrend-green-tea-ceramide-barrier-cream-50g\/","og_locale":"fi_FI","og_type":"article","og_title":"By Wishtrend Green Tea & Ceramide Barrier Cream, 50g - IDA.KOREA","og_description":"Kreem niisutab, rahustab punetust ja v\u00e4hendab naha tundlikkust. Tugevdab naha kaitsebarj\u00e4\u00e4ri, hoiab \u00e4ra niiskusekao, kuivuse ja ketenduse.","og_url":"https:\/\/idakorea.ee\/fi\/product\/by-wishtrend-green-tea-ceramide-barrier-cream-50g\/","og_site_name":"IDA.KOREA","article_modified_time":"2026-03-02T12:08:30+00:00","og_image":[{"width":1000,"height":1000,"url":"https:\/\/idakorea.ee\/wp-content\/uploads\/2026\/01\/By-Wishtrend-Green-Tea-Ceramide-Barrier-Cream-idakorea.jpg","type":"image\/jpeg"}],"twitter_card":"summary_large_image","twitter_misc":{"Arvioitu lukuaika":"2 minuuttia"},"schema":{"@context":"https:\/\/schema.org","@graph":[{"@type":"WebPage","@id":"https:\/\/idakorea.ee\/product\/by-wishtrend-green-tea-ceramide-barrier-cream-50g\/","url":"https:\/\/idakorea.ee\/product\/by-wishtrend-green-tea-ceramide-barrier-cream-50g\/","name":"Wishtrendin vihre\u00e4 tee ja keramidisuojavoide, 50g - IDA.KOREA","isPartOf":{"@id":"https:\/\/idakorea.ee\/#website"},"primaryImageOfPage":{"@id":"https:\/\/idakorea.ee\/product\/by-wishtrend-green-tea-ceramide-barrier-cream-50g\/#primaryimage"},"image":{"@id":"https:\/\/idakorea.ee\/product\/by-wishtrend-green-tea-ceramide-barrier-cream-50g\/#primaryimage"},"thumbnailUrl":"https:\/\/idakorea.ee\/wp-content\/uploads\/2026\/01\/By-Wishtrend-Green-Tea-Ceramide-Barrier-Cream-idakorea.jpg","datePublished":"2026-01-13T10:34:13+00:00","dateModified":"2026-03-02T12:08:30+00:00","description":"Voide kosteuttaa, rauhoittaa punoitusta ja v\u00e4hent\u00e4\u00e4 ihon herkkyytt\u00e4. Vahvistaa ihon suojakerrosta, ehk\u00e4isee kosteuden menetyst\u00e4, kuivumista ja hilseily\u00e4.","breadcrumb":{"@id":"https:\/\/idakorea.ee\/product\/by-wishtrend-green-tea-ceramide-barrier-cream-50g\/#breadcrumb"},"inLanguage":"fi","potentialAction":[{"@type":"ReadAction","target":["https:\/\/idakorea.ee\/product\/by-wishtrend-green-tea-ceramide-barrier-cream-50g\/"]}]},{"@type":"ImageObject","inLanguage":"fi","@id":"https:\/\/idakorea.ee\/product\/by-wishtrend-green-tea-ceramide-barrier-cream-50g\/#primaryimage","url":"https:\/\/idakorea.ee\/wp-content\/uploads\/2026\/01\/By-Wishtrend-Green-Tea-Ceramide-Barrier-Cream-idakorea.jpg","contentUrl":"https:\/\/idakorea.ee\/wp-content\/uploads\/2026\/01\/By-Wishtrend-Green-Tea-Ceramide-Barrier-Cream-idakorea.jpg","width":1000,"height":1000},{"@type":"BreadcrumbList","@id":"https:\/\/idakorea.ee\/product\/by-wishtrend-green-tea-ceramide-barrier-cream-50g\/#breadcrumb","itemListElement":[{"@type":"ListItem","position":1,"name":"\u0413\u043b\u0430\u0432\u043d\u0430\u044f \u0441\u0442\u0440\u0430\u043d\u0438\u0446\u0430","item":"https:\/\/idakorea.ee\/"},{"@type":"ListItem","position":2,"name":"Shop","item":"https:\/\/idakorea.ee\/shop-2\/"},{"@type":"ListItem","position":3,"name":"Taastav kreem rohelise tee ja keramiididega By Wishtrend Green Tea &#038; Ceramide Barrier Cream, 50g"}]},{"@type":"WebSite","@id":"https:\/\/idakorea.ee\/#website","url":"https:\/\/idakorea.ee\/","name":"IDA.KOREA","description":"Korean kosmetiikan verkkokauppa","publisher":{"@id":"https:\/\/idakorea.ee\/#organization"},"alternateName":"Beauty Shop","potentialAction":[{"@type":"SearchAction","target":{"@type":"EntryPoint","urlTemplate":"https:\/\/idakorea.ee\/?s={search_term_string}"},"query-input":{"@type":"PropertyValueSpecification","valueRequired":true,"valueName":"search_term_string"}}],"inLanguage":"fi"},{"@type":"Organization","@id":"https:\/\/idakorea.ee\/#organization","name":"IDA.KOREA","url":"https:\/\/idakorea.ee\/","logo":{"@type":"ImageObject","inLanguage":"fi","@id":"https:\/\/idakorea.ee\/#\/schema\/logo\/image\/","url":"https:\/\/idakorea.ee\/wp-content\/uploads\/2024\/05\/cropped-korea3.png","contentUrl":"https:\/\/idakorea.ee\/wp-content\/uploads\/2024\/05\/cropped-korea3.png","width":688,"height":126,"caption":"IDA.KOREA"},"image":{"@id":"https:\/\/idakorea.ee\/#\/schema\/logo\/image\/"},"sameAs":["https:\/\/www.instagram.com\/ida.korea\/"]}]}},"jetpack_sharing_enabled":true,"brands":[{"id":968,"name":"BY WISHTREND","slug":"by-wishtrend"}],"_links":{"self":[{"href":"https:\/\/idakorea.ee\/fi\/wp-json\/wp\/v2\/product\/17217","targetHints":{"allow":["GET"]}}],"collection":[{"href":"https:\/\/idakorea.ee\/fi\/wp-json\/wp\/v2\/product"}],"about":[{"href":"https:\/\/idakorea.ee\/fi\/wp-json\/wp\/v2\/types\/product"}],"replies":[{"embeddable":true,"href":"https:\/\/idakorea.ee\/fi\/wp-json\/wp\/v2\/comments?post=17217"}],"version-history":[{"count":3,"href":"https:\/\/idakorea.ee\/fi\/wp-json\/wp\/v2\/product\/17217\/revisions"}],"predecessor-version":[{"id":17225,"href":"https:\/\/idakorea.ee\/fi\/wp-json\/wp\/v2\/product\/17217\/revisions\/17225"}],"wp:featuredmedia":[{"embeddable":true,"href":"https:\/\/idakorea.ee\/fi\/wp-json\/wp\/v2\/media\/17221"}],"wp:attachment":[{"href":"https:\/\/idakorea.ee\/fi\/wp-json\/wp\/v2\/media?parent=17217"}],"wp:term":[{"taxonomy":"pwb-brand","embeddable":true,"href":"https:\/\/idakorea.ee\/fi\/wp-json\/wp\/v2\/pwb-brand?post=17217"},{"taxonomy":"product_brand","embeddable":true,"href":"https:\/\/idakorea.ee\/fi\/wp-json\/wp\/v2\/product_brand?post=17217"},{"taxonomy":"product_cat","embeddable":true,"href":"https:\/\/idakorea.ee\/fi\/wp-json\/wp\/v2\/product_cat?post=17217"},{"taxonomy":"product_tag","embeddable":true,"href":"https:\/\/idakorea.ee\/fi\/wp-json\/wp\/v2\/product_tag?post=17217"}],"curies":[{"name":"wp","href":"https:\/\/api.w.org\/{rel}","templated":true}]}}