{"id":1729,"date":"2024-05-31T11:47:44","date_gmt":"2024-05-31T11:47:44","guid":{"rendered":"https:\/\/idakorea.ee\/?post_type=product&#038;p=1729"},"modified":"2026-04-13T17:06:51","modified_gmt":"2026-04-13T15:06:51","slug":"peptiidne-paikesekaitsepulk-medi-peel-peptide-9-bio-sun-stick-pro-spf50-pa-19g","status":"publish","type":"product","link":"https:\/\/idakorea.ee\/fi\/product\/peptiidne-paikesekaitsepulk-medi-peel-peptide-9-bio-sun-stick-pro-spf50-pa-19g\/","title":{"rendered":"Medi-Peel Peptide Peptide 9 Bio Sun Stick PRO SPF50+ PA++++, 19g."},"content":{"rendered":"<p><strong>Medi-Peel Peptide 9 Bio Sun Stick PRO SPF 50+ PA++++\u00a0<\/strong>on kaksinkertainen vaikutus: suojaa UV-s\u00e4teilylt\u00e4 ja ehk\u00e4isee ik\u00e4\u00e4ntymisprosesseja, lis\u00e4\u00e4 ihon kiinteytt\u00e4 ja elastisuutta, pehment\u00e4\u00e4 ja silottaa.<\/p>\n<p>Tuote sopii erinomaisesti aurinkosuojakerroksen uudistamiseen p\u00e4iv\u00e4n aikana ja UV-s\u00e4teilylt\u00e4 suojaamiseen kaupungissa: puikko ehk\u00e4isee pigmenttimuutoksia ja auringonpolttamia, suojaa valoik\u00e4\u00e4ntymiselt\u00e4 eik\u00e4 j\u00e4t\u00e4 valkoisia j\u00e4lki\u00e4 uuden sukupolven kemiallisten valostabiilien suodattimien ansiosta:<\/p>\n<p>Uvinul A Plus (dietyyliaminohydroksibentsoyyliheksyylibentsoaatti) suojaa UVA-s\u00e4teilt\u00e4.<\/p>\n<p>Tinosorb S (bis-etyyliheksyylioksifenoli-metoksifenyylitriatsiini) on laajakirjoinen suodatin, joka suojaa UVA- ja UVB-s\u00e4teilylt\u00e4.<\/p>\n<p>Tuotteella on miellytt\u00e4v\u00e4n viilent\u00e4v\u00e4 vaikutus levitett\u00e4ess\u00e4, j\u00e4tt\u00e4en samettisen pinnan ilman rasvaista kalvoa. K\u00e4tev\u00e4n puikon muodon ansiosta tuotetta voidaan levitt\u00e4\u00e4 my\u00f6s vaikeasti tavoitettaville alueille, kuten nen\u00e4lle.<\/p>\n<p>Sis\u00e4lt\u00e4\u00e4 9 peptidin kompleksin, mukaan lukien botuliinia muistuttavan peptidi-lihasrelaksantti Argireline ja kuparipeptidi. Peptideill\u00e4 on monimutkainen nuorentava vaikutus: ne lis\u00e4\u00e4v\u00e4t kollageenin tuotantoa ja est\u00e4v\u00e4t sen tuhoutumista, edist\u00e4v\u00e4t kasvolihasten rentoutumista ja nopeuttavat uudistumista, mik\u00e4 v\u00e4hent\u00e4\u00e4 ryppyjen syvyytt\u00e4 ja tekee ihosta tihe\u00e4n ja kiinte\u00e4n.<\/p>\n<p>&nbsp;<\/p>\n<p><strong>Muita vaikuttavia aineita:<\/strong><\/p>\n<ul>\n<li>Nelj\u00e4 kollageenityyppi\u00e4 kosteuttaa tehokkaasti, auttaa ihoa s\u00e4ilytt\u00e4m\u00e4\u00e4n kosteuden, parantaa sen rakennetta, stimuloi uudistumisprosesseja ja taistelee ryppyj\u00e4 vastaan.<\/li>\n<li>Rauhoittava viilennysvoide \u2013 patentoitu kasviuutteiden yhdistelm\u00e4, joka sis\u00e4lt\u00e4\u00e4 aloe veraa, merilev\u00e4\u00e4, dioscoreaa, daavidink\u00f6ysi\u00e4 ja mant\u0161urianviolettia. Imee l\u00e4mp\u00f6\u00e4, alentaa ihon l\u00e4mp\u00f6tilaa ja ehk\u00e4isee l\u00e4mp\u00f6ik\u00e4\u00e4ntymist\u00e4.<\/li>\n<li>Ektoiini \u2013 orgaaninen aminohappo, suojaa tehokkaasti ulkoisilta tekij\u00f6ilt\u00e4 ja UV-s\u00e4teilylt\u00e4, desinfioi. S\u00e4\u00e4telee melaniinin tuotantoa ja auttaa vaalentamaan pigmenttimuutoksia.<\/li>\n<li>Niasiiniamidi (B3-vitamiini) lis\u00e4\u00e4 keramidien synteesi\u00e4, poistaa kuivuutta, kireyden tunnetta ja hilseily\u00e4. Hidastaa melaniinin tunkeutumista ihoon, est\u00e4\u00e4 ik\u00e4l\u00e4iskien muodostumista. V\u00e4hent\u00e4\u00e4 ihon herkkyytt\u00e4 ulkoisille \u00e4rsykkeille, edist\u00e4\u00e4 kollageenin tuotantoa ja tiheytt\u00e4.<\/li>\n<li>Kahdeksan erilaista hyaluronihappoa tunkeutuu epidermiksen syvempiin kerroksiin, kosteuttaa aktiivisesti ja yll\u00e4pit\u00e4\u00e4 optimaalista kosteustasoa. Muodostaa suojaavan kerroksen, joka est\u00e4\u00e4 kosteuden haihtumisen.<\/li>\n<li>Koentsyymi Q10:ll\u00e4 on nuorentava ja antioksidanttinen vaikutus, se auttaa silottamaan ryppyj\u00e4, kiihdytt\u00e4\u00e4 solujen uudistumista ja kollageenisynteesi\u00e4. Stimuloi sidekudoksen kasvua ja suojaa soluja tuhoutumiselta.<\/li>\n<\/ul>\n<p>Sopii normaalille, sekaiholle ja kuivalle iholle.<\/p>\n<p><strong>K\u00e4ytt\u00f6:\u00a0<\/strong>Kierr\u00e4 puikkoa auki noin 5 mm ja levit\u00e4 se tasaisesti kasvoille, kaulalle ja muille paljaille ihoalueille. Suositellaan suojakerroksen uudistamiseen.<\/p>","protected":false},"excerpt":{"rendered":"<p>Medi-Peel Peptide 9 Bio Sun Stick PRO SPF 50+ PA++++ on kaksitoiminen: se suojaa UV-s\u00e4teilt\u00e4 ja ehk\u00e4isee ik\u00e4\u00e4ntymisprosessia, lis\u00e4\u00e4 ihon kiinteytt\u00e4 ja kimmoisuutta, pehment\u00e4\u00e4 ja silottaa. Tuote on ihanteellinen aurinkosuojan uusimiseen p\u00e4iv\u00e4ll\u00e4 ja UV-s\u00e4teilt\u00e4 suojaamiseen kaupungissa: tikku ehk\u00e4isee pigmentaatiota ja auringonpolttamia, suojaa valovanhenemiselta, ei j\u00e4t\u00e4 valkoisia j\u00e4lki\u00e4 uuden sukupolven kemiallisen...<\/p>","protected":false},"featured_media":1730,"comment_status":"open","ping_status":"closed","template":"","meta":{"_uf_show_specific_survey":0,"_uf_disable_surveys":false,"_bst_post_transparent":"default","_bst_post_title":"","_bst_post_layout":"default","_bst_post_sidebar_id":"","_bst_post_content_style":"default","_bst_post_vertical_padding":"default","_bst_post_feature":"","_bst_post_feature_position":"","_bst_post_header":false,"_bst_post_footer":false},"pwb-brand":[107],"product_brand":[],"product_cat":[92,101],"product_tag":[381,872],"class_list":{"0":"post-1729","1":"product","2":"type-product","3":"status-publish","4":"has-post-thumbnail","6":"pwb-brand-medipeel","7":"product_cat-nagu","8":"product_cat-paikesekaitse","9":"product_tag-medipeel","10":"product_tag-sun-stick","12":"first","13":"outofstock","14":"sale","15":"shipping-taxable","16":"purchasable","17":"product-type-simple","18":"entry","19":"content-bg","20":"loop-entry"},"supplier_id":null,"supplier_sku":"","barcode":null,"atum_controlled":true,"out_stock_date":"2026-04-13 17:06:51","out_stock_threshold":null,"inheritable":false,"inbound_stock":0,"stock_on_hold":0,"sold_today":0,"sales_last_days":1,"out_stock_days":0,"lost_sales":0,"has_location":false,"update_date":"2026-04-14T13:16:58","atum_locations":[],"atum_stock_status":"outofstock","restock_status":false,"low_stock_amount":"","sales_update_date":"2026-04-14T13:16:58","calc_backorders":null,"yoast_head":"<!-- This site is optimized with the Yoast SEO plugin v27.2 - https:\/\/yoast.com\/product\/yoast-seo-wordpress\/ -->\n<title>Peptiidne p\u00e4ikesekaitsepulk Medi-Peel Peptide 9 Bio Sun Stick PRO SPF50+ PA++++, 19g - IDA.KOREA<\/title>\n<meta name=\"description\" content=\"Medi-Peel Peptide 9 Bio Sun Stick PRO SPF50 on topelt toimega: kaitseb UV-kiirguse eest ja ennetab vananemisprotsessi, suurendab naha pinguldatust ja elastsust.\" \/>\n<meta name=\"robots\" content=\"index, follow, max-snippet:-1, max-image-preview:large, max-video-preview:-1\" \/>\n<link rel=\"canonical\" href=\"https:\/\/idakorea.ee\/fi\/product\/peptiidne-paikesekaitsepulk-medi-peel-peptide-9-bio-sun-stick-pro-spf50-pa-19g\/\" \/>\n<meta property=\"og:locale\" content=\"fi_FI\" \/>\n<meta property=\"og:type\" content=\"article\" \/>\n<meta property=\"og:title\" content=\"Peptiidne p\u00e4ikesekaitsepulk Medi-Peel Peptide 9 Bio Sun Stick PRO SPF50+ PA++++, 19g - IDA.KOREA\" \/>\n<meta property=\"og:description\" content=\"Medi-Peel Peptide 9 Bio Sun Stick PRO SPF50 on topelt toimega: kaitseb UV-kiirguse eest ja ennetab vananemisprotsessi, suurendab naha pinguldatust ja elastsust.\" \/>\n<meta property=\"og:url\" content=\"https:\/\/idakorea.ee\/fi\/product\/peptiidne-paikesekaitsepulk-medi-peel-peptide-9-bio-sun-stick-pro-spf50-pa-19g\/\" \/>\n<meta property=\"og:site_name\" content=\"IDA.KOREA\" \/>\n<meta property=\"article:modified_time\" content=\"2026-04-13T15:06:51+00:00\" \/>\n<meta property=\"og:image\" content=\"https:\/\/idakorea.ee\/wp-content\/uploads\/2024\/05\/Medi_Peel_-Peptide-9-Bio-Sun-Stick-PRO-SPF-50_-PA_.jpg\" \/>\n\t<meta property=\"og:image:width\" content=\"1000\" \/>\n\t<meta property=\"og:image:height\" content=\"1000\" \/>\n\t<meta property=\"og:image:type\" content=\"image\/jpeg\" \/>\n<meta name=\"twitter:card\" content=\"summary_large_image\" \/>\n<meta name=\"twitter:label1\" content=\"Arvioitu lukuaika\" \/>\n\t<meta name=\"twitter:data1\" content=\"2 minuuttia\" \/>\n<script type=\"application\/ld+json\" class=\"yoast-schema-graph\">{\"@context\":\"https:\/\/schema.org\",\"@graph\":[{\"@type\":\"WebPage\",\"@id\":\"https:\/\/idakorea.ee\/product\/peptiidne-paikesekaitsepulk-medi-peel-peptide-9-bio-sun-stick-pro-spf50-pa-19g\/\",\"url\":\"https:\/\/idakorea.ee\/product\/peptiidne-paikesekaitsepulk-medi-peel-peptide-9-bio-sun-stick-pro-spf50-pa-19g\/\",\"name\":\"Peptiidne p\u00e4ikesekaitsepulk Medi-Peel Peptide 9 Bio Sun Stick PRO SPF50+ PA++++, 19g - IDA.KOREA\",\"isPartOf\":{\"@id\":\"https:\/\/idakorea.ee\/#website\"},\"primaryImageOfPage\":{\"@id\":\"https:\/\/idakorea.ee\/product\/peptiidne-paikesekaitsepulk-medi-peel-peptide-9-bio-sun-stick-pro-spf50-pa-19g\/#primaryimage\"},\"image\":{\"@id\":\"https:\/\/idakorea.ee\/product\/peptiidne-paikesekaitsepulk-medi-peel-peptide-9-bio-sun-stick-pro-spf50-pa-19g\/#primaryimage\"},\"thumbnailUrl\":\"https:\/\/idakorea.ee\/wp-content\/uploads\/2024\/05\/Medi_Peel_-Peptide-9-Bio-Sun-Stick-PRO-SPF-50_-PA_.jpg\",\"datePublished\":\"2024-05-31T11:47:44+00:00\",\"dateModified\":\"2026-04-13T15:06:51+00:00\",\"description\":\"Medi-Peel Peptide 9 Bio Sun Stick PRO SPF50 on topelt toimega: kaitseb UV-kiirguse eest ja ennetab vananemisprotsessi, suurendab naha pinguldatust ja elastsust.\",\"breadcrumb\":{\"@id\":\"https:\/\/idakorea.ee\/product\/peptiidne-paikesekaitsepulk-medi-peel-peptide-9-bio-sun-stick-pro-spf50-pa-19g\/#breadcrumb\"},\"inLanguage\":\"fi\",\"potentialAction\":[{\"@type\":\"ReadAction\",\"target\":[\"https:\/\/idakorea.ee\/product\/peptiidne-paikesekaitsepulk-medi-peel-peptide-9-bio-sun-stick-pro-spf50-pa-19g\/\"]}]},{\"@type\":\"ImageObject\",\"inLanguage\":\"fi\",\"@id\":\"https:\/\/idakorea.ee\/product\/peptiidne-paikesekaitsepulk-medi-peel-peptide-9-bio-sun-stick-pro-spf50-pa-19g\/#primaryimage\",\"url\":\"https:\/\/idakorea.ee\/wp-content\/uploads\/2024\/05\/Medi_Peel_-Peptide-9-Bio-Sun-Stick-PRO-SPF-50_-PA_.jpg\",\"contentUrl\":\"https:\/\/idakorea.ee\/wp-content\/uploads\/2024\/05\/Medi_Peel_-Peptide-9-Bio-Sun-Stick-PRO-SPF-50_-PA_.jpg\",\"width\":1000,\"height\":1000},{\"@type\":\"BreadcrumbList\",\"@id\":\"https:\/\/idakorea.ee\/product\/peptiidne-paikesekaitsepulk-medi-peel-peptide-9-bio-sun-stick-pro-spf50-pa-19g\/#breadcrumb\",\"itemListElement\":[{\"@type\":\"ListItem\",\"position\":1,\"name\":\"\u0413\u043b\u0430\u0432\u043d\u0430\u044f \u0441\u0442\u0440\u0430\u043d\u0438\u0446\u0430\",\"item\":\"https:\/\/idakorea.ee\/\"},{\"@type\":\"ListItem\",\"position\":2,\"name\":\"Shop\",\"item\":\"https:\/\/idakorea.ee\/shop-2\/\"},{\"@type\":\"ListItem\",\"position\":3,\"name\":\"Peptiidne p\u00e4ikesekaitsepulk Medi-Peel Peptide 9 Bio Sun Stick PRO SPF50+ PA++++, 19g\"}]},{\"@type\":\"WebSite\",\"@id\":\"https:\/\/idakorea.ee\/#website\",\"url\":\"https:\/\/idakorea.ee\/\",\"name\":\"IDA.KOREA\",\"description\":\"Korea kosmeetika e-pood\",\"publisher\":{\"@id\":\"https:\/\/idakorea.ee\/#organization\"},\"alternateName\":\"Beauty Shop\",\"potentialAction\":[{\"@type\":\"SearchAction\",\"target\":{\"@type\":\"EntryPoint\",\"urlTemplate\":\"https:\/\/idakorea.ee\/?s={search_term_string}\"},\"query-input\":{\"@type\":\"PropertyValueSpecification\",\"valueRequired\":true,\"valueName\":\"search_term_string\"}}],\"inLanguage\":\"fi\"},{\"@type\":\"Organization\",\"@id\":\"https:\/\/idakorea.ee\/#organization\",\"name\":\"IDA.KOREA\",\"url\":\"https:\/\/idakorea.ee\/\",\"logo\":{\"@type\":\"ImageObject\",\"inLanguage\":\"fi\",\"@id\":\"https:\/\/idakorea.ee\/#\/schema\/logo\/image\/\",\"url\":\"https:\/\/idakorea.ee\/wp-content\/uploads\/2024\/05\/cropped-korea3.png\",\"contentUrl\":\"https:\/\/idakorea.ee\/wp-content\/uploads\/2024\/05\/cropped-korea3.png\",\"width\":688,\"height\":126,\"caption\":\"IDA.KOREA\"},\"image\":{\"@id\":\"https:\/\/idakorea.ee\/#\/schema\/logo\/image\/\"},\"sameAs\":[\"https:\/\/www.instagram.com\/ida.korea\/\"]}]}<\/script>\n<!-- \/ Yoast SEO plugin. -->","yoast_head_json":{"title":"Peptidiaurinkovoidepuikko Medi-Peel Peptide 9 Bio Sun Stick PRO SPF50+ PA++++, 19g - It\u00e4-Korea","description":"Medi-Peel Peptide 9 Bio Sun Stick PRO SPF50 -aurinkosuojalla on kaksinkertainen vaikutus: se suojaa UV-s\u00e4teilylt\u00e4 ja ehk\u00e4isee ik\u00e4\u00e4ntymisprosesseja, lis\u00e4ten ihon kiinteytt\u00e4 ja elastisuutta.","robots":{"index":"index","follow":"follow","max-snippet":"max-snippet:-1","max-image-preview":"max-image-preview:large","max-video-preview":"max-video-preview:-1"},"canonical":"https:\/\/idakorea.ee\/fi\/product\/peptiidne-paikesekaitsepulk-medi-peel-peptide-9-bio-sun-stick-pro-spf50-pa-19g\/","og_locale":"fi_FI","og_type":"article","og_title":"Peptiidne p\u00e4ikesekaitsepulk Medi-Peel Peptide 9 Bio Sun Stick PRO SPF50+ PA++++, 19g - IDA.KOREA","og_description":"Medi-Peel Peptide 9 Bio Sun Stick PRO SPF50 on topelt toimega: kaitseb UV-kiirguse eest ja ennetab vananemisprotsessi, suurendab naha pinguldatust ja elastsust.","og_url":"https:\/\/idakorea.ee\/fi\/product\/peptiidne-paikesekaitsepulk-medi-peel-peptide-9-bio-sun-stick-pro-spf50-pa-19g\/","og_site_name":"IDA.KOREA","article_modified_time":"2026-04-13T15:06:51+00:00","og_image":[{"width":1000,"height":1000,"url":"https:\/\/idakorea.ee\/wp-content\/uploads\/2024\/05\/Medi_Peel_-Peptide-9-Bio-Sun-Stick-PRO-SPF-50_-PA_.jpg","type":"image\/jpeg"}],"twitter_card":"summary_large_image","twitter_misc":{"Arvioitu lukuaika":"2 minuuttia"},"schema":{"@context":"https:\/\/schema.org","@graph":[{"@type":"WebPage","@id":"https:\/\/idakorea.ee\/product\/peptiidne-paikesekaitsepulk-medi-peel-peptide-9-bio-sun-stick-pro-spf50-pa-19g\/","url":"https:\/\/idakorea.ee\/product\/peptiidne-paikesekaitsepulk-medi-peel-peptide-9-bio-sun-stick-pro-spf50-pa-19g\/","name":"Peptidiaurinkovoidepuikko Medi-Peel Peptide 9 Bio Sun Stick PRO SPF50+ PA++++, 19g - It\u00e4-Korea","isPartOf":{"@id":"https:\/\/idakorea.ee\/#website"},"primaryImageOfPage":{"@id":"https:\/\/idakorea.ee\/product\/peptiidne-paikesekaitsepulk-medi-peel-peptide-9-bio-sun-stick-pro-spf50-pa-19g\/#primaryimage"},"image":{"@id":"https:\/\/idakorea.ee\/product\/peptiidne-paikesekaitsepulk-medi-peel-peptide-9-bio-sun-stick-pro-spf50-pa-19g\/#primaryimage"},"thumbnailUrl":"https:\/\/idakorea.ee\/wp-content\/uploads\/2024\/05\/Medi_Peel_-Peptide-9-Bio-Sun-Stick-PRO-SPF-50_-PA_.jpg","datePublished":"2024-05-31T11:47:44+00:00","dateModified":"2026-04-13T15:06:51+00:00","description":"Medi-Peel Peptide 9 Bio Sun Stick PRO SPF50 -aurinkosuojalla on kaksinkertainen vaikutus: se suojaa UV-s\u00e4teilylt\u00e4 ja ehk\u00e4isee ik\u00e4\u00e4ntymisprosesseja, lis\u00e4ten ihon kiinteytt\u00e4 ja elastisuutta.","breadcrumb":{"@id":"https:\/\/idakorea.ee\/product\/peptiidne-paikesekaitsepulk-medi-peel-peptide-9-bio-sun-stick-pro-spf50-pa-19g\/#breadcrumb"},"inLanguage":"fi","potentialAction":[{"@type":"ReadAction","target":["https:\/\/idakorea.ee\/product\/peptiidne-paikesekaitsepulk-medi-peel-peptide-9-bio-sun-stick-pro-spf50-pa-19g\/"]}]},{"@type":"ImageObject","inLanguage":"fi","@id":"https:\/\/idakorea.ee\/product\/peptiidne-paikesekaitsepulk-medi-peel-peptide-9-bio-sun-stick-pro-spf50-pa-19g\/#primaryimage","url":"https:\/\/idakorea.ee\/wp-content\/uploads\/2024\/05\/Medi_Peel_-Peptide-9-Bio-Sun-Stick-PRO-SPF-50_-PA_.jpg","contentUrl":"https:\/\/idakorea.ee\/wp-content\/uploads\/2024\/05\/Medi_Peel_-Peptide-9-Bio-Sun-Stick-PRO-SPF-50_-PA_.jpg","width":1000,"height":1000},{"@type":"BreadcrumbList","@id":"https:\/\/idakorea.ee\/product\/peptiidne-paikesekaitsepulk-medi-peel-peptide-9-bio-sun-stick-pro-spf50-pa-19g\/#breadcrumb","itemListElement":[{"@type":"ListItem","position":1,"name":"\u0413\u043b\u0430\u0432\u043d\u0430\u044f \u0441\u0442\u0440\u0430\u043d\u0438\u0446\u0430","item":"https:\/\/idakorea.ee\/"},{"@type":"ListItem","position":2,"name":"Shop","item":"https:\/\/idakorea.ee\/shop-2\/"},{"@type":"ListItem","position":3,"name":"Peptiidne p\u00e4ikesekaitsepulk Medi-Peel Peptide 9 Bio Sun Stick PRO SPF50+ PA++++, 19g"}]},{"@type":"WebSite","@id":"https:\/\/idakorea.ee\/#website","url":"https:\/\/idakorea.ee\/","name":"IDA.KOREA","description":"Korean kosmetiikan verkkokauppa","publisher":{"@id":"https:\/\/idakorea.ee\/#organization"},"alternateName":"Beauty Shop","potentialAction":[{"@type":"SearchAction","target":{"@type":"EntryPoint","urlTemplate":"https:\/\/idakorea.ee\/?s={search_term_string}"},"query-input":{"@type":"PropertyValueSpecification","valueRequired":true,"valueName":"search_term_string"}}],"inLanguage":"fi"},{"@type":"Organization","@id":"https:\/\/idakorea.ee\/#organization","name":"IDA.KOREA","url":"https:\/\/idakorea.ee\/","logo":{"@type":"ImageObject","inLanguage":"fi","@id":"https:\/\/idakorea.ee\/#\/schema\/logo\/image\/","url":"https:\/\/idakorea.ee\/wp-content\/uploads\/2024\/05\/cropped-korea3.png","contentUrl":"https:\/\/idakorea.ee\/wp-content\/uploads\/2024\/05\/cropped-korea3.png","width":688,"height":126,"caption":"IDA.KOREA"},"image":{"@id":"https:\/\/idakorea.ee\/#\/schema\/logo\/image\/"},"sameAs":["https:\/\/www.instagram.com\/ida.korea\/"]}]}},"jetpack_sharing_enabled":true,"brands":[{"id":107,"name":"MEDIPEEL+","slug":"medipeel"}],"_links":{"self":[{"href":"https:\/\/idakorea.ee\/fi\/wp-json\/wp\/v2\/product\/1729","targetHints":{"allow":["GET"]}}],"collection":[{"href":"https:\/\/idakorea.ee\/fi\/wp-json\/wp\/v2\/product"}],"about":[{"href":"https:\/\/idakorea.ee\/fi\/wp-json\/wp\/v2\/types\/product"}],"replies":[{"embeddable":true,"href":"https:\/\/idakorea.ee\/fi\/wp-json\/wp\/v2\/comments?post=1729"}],"version-history":[{"count":2,"href":"https:\/\/idakorea.ee\/fi\/wp-json\/wp\/v2\/product\/1729\/revisions"}],"predecessor-version":[{"id":14217,"href":"https:\/\/idakorea.ee\/fi\/wp-json\/wp\/v2\/product\/1729\/revisions\/14217"}],"wp:featuredmedia":[{"embeddable":true,"href":"https:\/\/idakorea.ee\/fi\/wp-json\/wp\/v2\/media\/1730"}],"wp:attachment":[{"href":"https:\/\/idakorea.ee\/fi\/wp-json\/wp\/v2\/media?parent=1729"}],"wp:term":[{"taxonomy":"pwb-brand","embeddable":true,"href":"https:\/\/idakorea.ee\/fi\/wp-json\/wp\/v2\/pwb-brand?post=1729"},{"taxonomy":"product_brand","embeddable":true,"href":"https:\/\/idakorea.ee\/fi\/wp-json\/wp\/v2\/product_brand?post=1729"},{"taxonomy":"product_cat","embeddable":true,"href":"https:\/\/idakorea.ee\/fi\/wp-json\/wp\/v2\/product_cat?post=1729"},{"taxonomy":"product_tag","embeddable":true,"href":"https:\/\/idakorea.ee\/fi\/wp-json\/wp\/v2\/product_tag?post=1729"}],"curies":[{"name":"wp","href":"https:\/\/api.w.org\/{rel}","templated":true}]}}