{"id":17335,"date":"2026-01-21T09:37:03","date_gmt":"2026-01-21T07:37:03","guid":{"rendered":"https:\/\/idakorea.ee\/?post_type=product&#038;p=17335"},"modified":"2026-01-29T11:12:41","modified_gmt":"2026-01-29T09:12:41","slug":"manyo-bifida-biome-ampoule-toner-210ml","status":"publish","type":"product","link":"https:\/\/idakorea.ee\/fi\/product\/manyo-bifida-biome-ampoule-toner-210ml\/","title":{"rendered":"Palauttava kasvovesi bifidobakteereilla Manyo Bifida Biome Ampoule Toner, 210ml"},"content":{"rendered":"<p data-start=\"54\" data-end=\"313\"><strong data-start=\"54\" data-end=\"90\">Manyo Bifida Biome Ampoule Toner<\/strong> on bifidobakteerilysaattia sis\u00e4lt\u00e4v\u00e4 ihoa kosteuttava ja ravitseva kasvovesi, joka vahvistaa lipidikerrosta ja suojaavia toimintoja sek\u00e4 tukee ihon mikrobiomin tasapainoa. Auttaa poistamaan sameutta, lievitt\u00e4m\u00e4\u00e4n kuivuutta ja hilseily\u00e4.<\/p>\n<p data-start=\"315\" data-end=\"481\">Kasvovesi kuorii hell\u00e4varaisesti, tasoittaa ihon mikroreliefi\u00e4 ja pehment\u00e4\u00e4 sit\u00e4. Se stimuloi kollageenisynteesi\u00e4, parantaa ihon kimmoisuutta ja v\u00e4hent\u00e4\u00e4 ryppyj\u00e4 ja ilmejuonteita.<\/p>\n<p data-start=\"483\" data-end=\"712\">Tuote sis\u00e4lt\u00e4\u00e4 bifidobakteerilysaattia (1 000 ppm), joka vahvistaa ihon luonnollista puolustuskyky\u00e4 ja lipidikerrosta, auttaa v\u00e4hent\u00e4m\u00e4\u00e4n tulehdusprosesseja. Aktivoi mikroverenkiertoa ja solujen aineenvaihduntaa sek\u00e4 palauttaa ihon hehkun.<\/p>\n<p data-start=\"714\" data-end=\"751\"><strong data-start=\"714\" data-end=\"751\">Muita aktiivisia ainesosia:<\/strong><\/p>\n<ul>\n<li data-start=\"753\" data-end=\"999\"><strong data-start=\"753\" data-end=\"808\">Aquaxyl (ksylitiumglukosidi, anhydroksilitoli, ksylitoli)<\/strong> \u2013 glukoosi-ksylitolikompleksi, joka kosteuttaa ja palauttaa ihoa, est\u00e4\u00e4 transdermaalista vedenhukkaa, poistaa kuivumista, v\u00e4hent\u00e4\u00e4 hilseily\u00e4 ja tekee ihosta sile\u00e4n ja pehme\u00e4n.<\/li>\n<li data-start=\"1001\" data-end=\"1258\"><strong data-start=\"1001\" data-end=\"1051\">Nelj\u00e4 erityyppist\u00e4 hyaluronihappoa, joilla on eri molekyylipainot:<\/strong> Suurimolekyylipainoinen hyaluronihappo palauttaa ihon suojakerroksen, nopeuttaa uudistumista ja v\u00e4hent\u00e4\u00e4 hilseily\u00e4. Pienimolekyylipainoinen hyaluronihappo tunkeutuu syvemm\u00e4lle ja auttaa s\u00e4ilytt\u00e4m\u00e4\u00e4n kosteutta solutasolla.<\/li>\n<li data-start=\"1260\" data-end=\"1360\"><strong data-start=\"1260\" data-end=\"1284\">PHA (laktobionihappo)<\/strong> Kuorii hell\u00e4varaisesti, tasoittaa ihon rakennetta ja auttaa vaalentamaan pigmenttil\u00e4iski\u00e4.<\/li>\n<li data-start=\"1362\" data-end=\"1487\"><strong data-start=\"1362\" data-end=\"1391\">Valkopajun kuoriuute<\/strong> Kuorii hell\u00e4varaisesti, silottaa ihon pintaa, sill\u00e4 on antibakteerisia vaikutuksia ja se auttaa v\u00e4hent\u00e4m\u00e4\u00e4n aknea.<\/li>\n<li data-start=\"1489\" data-end=\"1637\"><strong>Hydrolysoidut glykosaminoglykaanit<\/strong> \u2013 ihon luonnollisen suojakerroksen ainesosia, jotka auttavat korjaamaan vaurioita, v\u00e4hent\u00e4m\u00e4\u00e4n kuivuutta ja \u00e4rsytyst\u00e4.<\/li>\n<\/ul>\n<p data-start=\"1639\" data-end=\"1690\">Sopii kuivalle, normaalille ja sekaiholle.<\/p>\n<p data-start=\"1692\" data-end=\"1967\"><strong data-start=\"1692\" data-end=\"1707\">K\u00e4ytt\u00f6:<\/strong> Levit\u00e4 kasvovett\u00e4 aiemmin puhdistetulle iholle k\u00e4mmenill\u00e4 tai vanulapulla. Jatka sitten seerumin tai voiteen levitt\u00e4mist\u00e4. Voidaan k\u00e4ytt\u00e4\u00e4 my\u00f6s paikallisena naamiona: aseta kasvoveteen kastettu vanulappu iholle 5\u201310 minuutiksi, poista sitten ja anna j\u00e4\u00e4mien imeyty\u00e4.<\/p>","protected":false},"excerpt":{"rendered":"<p>Manyo Bifida Biome Ampoule Toner on palauttava kasvovesi, joka sis\u00e4lt\u00e4\u00e4 bifidobakteerilysaattia. Se kosteuttaa ja ravitsee ihoa, vahvistaa lipidikerrosta ja suojatoimintoja sek\u00e4 tukee ihon mikrobiomin tasapainoa. Auttaa poistamaan sameutta, lievitt\u00e4m\u00e4\u00e4n kuivuutta ja hilseily\u00e4. Kasvovesi kuorii hell\u00e4varaisesti, tasoittaa ihon mikroreliefi\u00e4 ja pehment\u00e4\u00e4 ihoa. Stimuloi kollageenisynteesi\u00e4, parantaa ihon kimmoisuutta ja v\u00e4hent\u00e4\u00e4 ryppyj\u00e4 ja ilmejuonteita. Tuote sis\u00e4lt\u00e4\u00e4 bifidobakteerilysaattia\u2026<\/p>","protected":false},"featured_media":17337,"comment_status":"open","ping_status":"closed","template":"","meta":{"_uf_show_specific_survey":0,"_uf_disable_surveys":false,"_bst_post_transparent":"default","_bst_post_title":"","_bst_post_layout":"default","_bst_post_sidebar_id":"","_bst_post_content_style":"default","_bst_post_vertical_padding":"default","_bst_post_feature":"","_bst_post_feature_position":"","_bst_post_header":false,"_bst_post_footer":false},"pwb-brand":[448],"product_brand":[],"product_cat":[92,158],"product_tag":[568,216,450,855,1059],"class_list":{"0":"post-17335","1":"product","2":"type-product","3":"status-publish","4":"has-post-thumbnail","6":"pwb-brand-manyo","7":"product_cat-nagu","8":"product_cat-toonik","9":"product_tag-korea","10":"product_tag-kuiv-nahk","11":"product_tag-manyo","12":"product_tag-toner","13":"product_tag-tonik","15":"first","16":"instock","17":"shipping-taxable","18":"purchasable","19":"product-type-simple","20":"entry","21":"content-bg","22":"loop-entry"},"supplier_id":null,"supplier_sku":"","barcode":null,"atum_controlled":true,"out_stock_date":null,"out_stock_threshold":null,"inheritable":false,"inbound_stock":0,"stock_on_hold":0,"sold_today":0,"sales_last_days":0,"out_stock_days":0,"lost_sales":0,"has_location":false,"update_date":"2026-04-24T00:09:05","atum_locations":[],"atum_stock_status":"instock","restock_status":false,"low_stock_amount":"","sales_update_date":"2026-04-24T00:09:05","calc_backorders":null,"yoast_head":"<!-- This site is optimized with the Yoast SEO plugin v27.2 - https:\/\/yoast.com\/product\/yoast-seo-wordpress\/ -->\n<title>Manyo Bifida Biome Ampoule Toner, 210ml - IDA.KOREA<\/title>\n<meta name=\"description\" content=\"Taastav toonik bifidobakterite l\u00fcsaadiga, mis niisutab ja toidab nahka, tugevdab lipiidbarj\u00e4\u00e4ri ja kaitsefunktsioone ning toetab naha mikrobioomi tasakaalu.\" \/>\n<meta name=\"robots\" content=\"index, follow, max-snippet:-1, max-image-preview:large, max-video-preview:-1\" \/>\n<link rel=\"canonical\" href=\"https:\/\/idakorea.ee\/fi\/product\/manyo-bifida-biome-ampoule-toner-210ml\/\" \/>\n<meta property=\"og:locale\" content=\"fi_FI\" \/>\n<meta property=\"og:type\" content=\"article\" \/>\n<meta property=\"og:title\" content=\"Manyo Bifida Biome Ampoule Toner, 210ml - IDA.KOREA\" \/>\n<meta property=\"og:description\" content=\"Taastav toonik bifidobakterite l\u00fcsaadiga, mis niisutab ja toidab nahka, tugevdab lipiidbarj\u00e4\u00e4ri ja kaitsefunktsioone ning toetab naha mikrobioomi tasakaalu.\" \/>\n<meta property=\"og:url\" content=\"https:\/\/idakorea.ee\/fi\/product\/manyo-bifida-biome-ampoule-toner-210ml\/\" \/>\n<meta property=\"og:site_name\" content=\"IDA.KOREA\" \/>\n<meta property=\"article:modified_time\" content=\"2026-01-29T09:12:41+00:00\" \/>\n<meta property=\"og:image\" content=\"https:\/\/idakorea.ee\/wp-content\/uploads\/2026\/01\/Manyo-Bifida-Biome-Ampoule-Toner-idakorea.jpg\" \/>\n\t<meta property=\"og:image:width\" content=\"1000\" \/>\n\t<meta property=\"og:image:height\" content=\"1000\" \/>\n\t<meta property=\"og:image:type\" content=\"image\/jpeg\" \/>\n<meta name=\"twitter:card\" content=\"summary_large_image\" \/>\n<meta name=\"twitter:label1\" content=\"Arvioitu lukuaika\" \/>\n\t<meta name=\"twitter:data1\" content=\"2 minuuttia\" \/>\n<script type=\"application\/ld+json\" class=\"yoast-schema-graph\">{\"@context\":\"https:\/\/schema.org\",\"@graph\":[{\"@type\":\"WebPage\",\"@id\":\"https:\/\/idakorea.ee\/product\/manyo-bifida-biome-ampoule-toner-210ml\/\",\"url\":\"https:\/\/idakorea.ee\/product\/manyo-bifida-biome-ampoule-toner-210ml\/\",\"name\":\"Manyo Bifida Biome Ampoule Toner, 210ml - IDA.KOREA\",\"isPartOf\":{\"@id\":\"https:\/\/idakorea.ee\/#website\"},\"primaryImageOfPage\":{\"@id\":\"https:\/\/idakorea.ee\/product\/manyo-bifida-biome-ampoule-toner-210ml\/#primaryimage\"},\"image\":{\"@id\":\"https:\/\/idakorea.ee\/product\/manyo-bifida-biome-ampoule-toner-210ml\/#primaryimage\"},\"thumbnailUrl\":\"https:\/\/idakorea.ee\/wp-content\/uploads\/2026\/01\/Manyo-Bifida-Biome-Ampoule-Toner-idakorea.jpg\",\"datePublished\":\"2026-01-21T07:37:03+00:00\",\"dateModified\":\"2026-01-29T09:12:41+00:00\",\"description\":\"Taastav toonik bifidobakterite l\u00fcsaadiga, mis niisutab ja toidab nahka, tugevdab lipiidbarj\u00e4\u00e4ri ja kaitsefunktsioone ning toetab naha mikrobioomi tasakaalu.\",\"breadcrumb\":{\"@id\":\"https:\/\/idakorea.ee\/product\/manyo-bifida-biome-ampoule-toner-210ml\/#breadcrumb\"},\"inLanguage\":\"fi\",\"potentialAction\":[{\"@type\":\"ReadAction\",\"target\":[\"https:\/\/idakorea.ee\/product\/manyo-bifida-biome-ampoule-toner-210ml\/\"]}]},{\"@type\":\"ImageObject\",\"inLanguage\":\"fi\",\"@id\":\"https:\/\/idakorea.ee\/product\/manyo-bifida-biome-ampoule-toner-210ml\/#primaryimage\",\"url\":\"https:\/\/idakorea.ee\/wp-content\/uploads\/2026\/01\/Manyo-Bifida-Biome-Ampoule-Toner-idakorea.jpg\",\"contentUrl\":\"https:\/\/idakorea.ee\/wp-content\/uploads\/2026\/01\/Manyo-Bifida-Biome-Ampoule-Toner-idakorea.jpg\",\"width\":1000,\"height\":1000},{\"@type\":\"BreadcrumbList\",\"@id\":\"https:\/\/idakorea.ee\/product\/manyo-bifida-biome-ampoule-toner-210ml\/#breadcrumb\",\"itemListElement\":[{\"@type\":\"ListItem\",\"position\":1,\"name\":\"\u0413\u043b\u0430\u0432\u043d\u0430\u044f \u0441\u0442\u0440\u0430\u043d\u0438\u0446\u0430\",\"item\":\"https:\/\/idakorea.ee\/\"},{\"@type\":\"ListItem\",\"position\":2,\"name\":\"Shop\",\"item\":\"https:\/\/idakorea.ee\/shop-2\/\"},{\"@type\":\"ListItem\",\"position\":3,\"name\":\"Taastav toonik bifidobakteritega Manyo Bifida Biome Ampoule Toner, 210ml\"}]},{\"@type\":\"WebSite\",\"@id\":\"https:\/\/idakorea.ee\/#website\",\"url\":\"https:\/\/idakorea.ee\/\",\"name\":\"IDA.KOREA\",\"description\":\"Korea kosmeetika e-pood\",\"publisher\":{\"@id\":\"https:\/\/idakorea.ee\/#organization\"},\"alternateName\":\"Beauty Shop\",\"potentialAction\":[{\"@type\":\"SearchAction\",\"target\":{\"@type\":\"EntryPoint\",\"urlTemplate\":\"https:\/\/idakorea.ee\/?s={search_term_string}\"},\"query-input\":{\"@type\":\"PropertyValueSpecification\",\"valueRequired\":true,\"valueName\":\"search_term_string\"}}],\"inLanguage\":\"fi\"},{\"@type\":\"Organization\",\"@id\":\"https:\/\/idakorea.ee\/#organization\",\"name\":\"IDA.KOREA\",\"url\":\"https:\/\/idakorea.ee\/\",\"logo\":{\"@type\":\"ImageObject\",\"inLanguage\":\"fi\",\"@id\":\"https:\/\/idakorea.ee\/#\/schema\/logo\/image\/\",\"url\":\"https:\/\/idakorea.ee\/wp-content\/uploads\/2024\/05\/cropped-korea3.png\",\"contentUrl\":\"https:\/\/idakorea.ee\/wp-content\/uploads\/2024\/05\/cropped-korea3.png\",\"width\":688,\"height\":126,\"caption\":\"IDA.KOREA\"},\"image\":{\"@id\":\"https:\/\/idakorea.ee\/#\/schema\/logo\/image\/\"},\"sameAs\":[\"https:\/\/www.instagram.com\/ida.korea\/\"]}]}<\/script>\n<!-- \/ Yoast SEO plugin. -->","yoast_head_json":{"title":"Manyo Bifida Biome -ampullivesi, 210ml - IDA.KOREA","description":"Palauttava kasvovesi, joka sis\u00e4lt\u00e4\u00e4 bifidobakteerilysaattia, kosteuttaa ja ravitsee ihoa, vahvistaa lipidikerrosta ja suojaavia toimintoja sek\u00e4 tukee ihon mikrobiomin tasapainoa.","robots":{"index":"index","follow":"follow","max-snippet":"max-snippet:-1","max-image-preview":"max-image-preview:large","max-video-preview":"max-video-preview:-1"},"canonical":"https:\/\/idakorea.ee\/fi\/product\/manyo-bifida-biome-ampoule-toner-210ml\/","og_locale":"fi_FI","og_type":"article","og_title":"Manyo Bifida Biome Ampoule Toner, 210ml - IDA.KOREA","og_description":"Taastav toonik bifidobakterite l\u00fcsaadiga, mis niisutab ja toidab nahka, tugevdab lipiidbarj\u00e4\u00e4ri ja kaitsefunktsioone ning toetab naha mikrobioomi tasakaalu.","og_url":"https:\/\/idakorea.ee\/fi\/product\/manyo-bifida-biome-ampoule-toner-210ml\/","og_site_name":"IDA.KOREA","article_modified_time":"2026-01-29T09:12:41+00:00","og_image":[{"width":1000,"height":1000,"url":"https:\/\/idakorea.ee\/wp-content\/uploads\/2026\/01\/Manyo-Bifida-Biome-Ampoule-Toner-idakorea.jpg","type":"image\/jpeg"}],"twitter_card":"summary_large_image","twitter_misc":{"Arvioitu lukuaika":"2 minuuttia"},"schema":{"@context":"https:\/\/schema.org","@graph":[{"@type":"WebPage","@id":"https:\/\/idakorea.ee\/product\/manyo-bifida-biome-ampoule-toner-210ml\/","url":"https:\/\/idakorea.ee\/product\/manyo-bifida-biome-ampoule-toner-210ml\/","name":"Manyo Bifida Biome -ampullivesi, 210ml - IDA.KOREA","isPartOf":{"@id":"https:\/\/idakorea.ee\/#website"},"primaryImageOfPage":{"@id":"https:\/\/idakorea.ee\/product\/manyo-bifida-biome-ampoule-toner-210ml\/#primaryimage"},"image":{"@id":"https:\/\/idakorea.ee\/product\/manyo-bifida-biome-ampoule-toner-210ml\/#primaryimage"},"thumbnailUrl":"https:\/\/idakorea.ee\/wp-content\/uploads\/2026\/01\/Manyo-Bifida-Biome-Ampoule-Toner-idakorea.jpg","datePublished":"2026-01-21T07:37:03+00:00","dateModified":"2026-01-29T09:12:41+00:00","description":"Palauttava kasvovesi, joka sis\u00e4lt\u00e4\u00e4 bifidobakteerilysaattia, kosteuttaa ja ravitsee ihoa, vahvistaa lipidikerrosta ja suojaavia toimintoja sek\u00e4 tukee ihon mikrobiomin tasapainoa.","breadcrumb":{"@id":"https:\/\/idakorea.ee\/product\/manyo-bifida-biome-ampoule-toner-210ml\/#breadcrumb"},"inLanguage":"fi","potentialAction":[{"@type":"ReadAction","target":["https:\/\/idakorea.ee\/product\/manyo-bifida-biome-ampoule-toner-210ml\/"]}]},{"@type":"ImageObject","inLanguage":"fi","@id":"https:\/\/idakorea.ee\/product\/manyo-bifida-biome-ampoule-toner-210ml\/#primaryimage","url":"https:\/\/idakorea.ee\/wp-content\/uploads\/2026\/01\/Manyo-Bifida-Biome-Ampoule-Toner-idakorea.jpg","contentUrl":"https:\/\/idakorea.ee\/wp-content\/uploads\/2026\/01\/Manyo-Bifida-Biome-Ampoule-Toner-idakorea.jpg","width":1000,"height":1000},{"@type":"BreadcrumbList","@id":"https:\/\/idakorea.ee\/product\/manyo-bifida-biome-ampoule-toner-210ml\/#breadcrumb","itemListElement":[{"@type":"ListItem","position":1,"name":"\u0413\u043b\u0430\u0432\u043d\u0430\u044f \u0441\u0442\u0440\u0430\u043d\u0438\u0446\u0430","item":"https:\/\/idakorea.ee\/"},{"@type":"ListItem","position":2,"name":"Shop","item":"https:\/\/idakorea.ee\/shop-2\/"},{"@type":"ListItem","position":3,"name":"Taastav toonik bifidobakteritega Manyo Bifida Biome Ampoule Toner, 210ml"}]},{"@type":"WebSite","@id":"https:\/\/idakorea.ee\/#website","url":"https:\/\/idakorea.ee\/","name":"IDA.KOREA","description":"Korean kosmetiikan verkkokauppa","publisher":{"@id":"https:\/\/idakorea.ee\/#organization"},"alternateName":"Beauty Shop","potentialAction":[{"@type":"SearchAction","target":{"@type":"EntryPoint","urlTemplate":"https:\/\/idakorea.ee\/?s={search_term_string}"},"query-input":{"@type":"PropertyValueSpecification","valueRequired":true,"valueName":"search_term_string"}}],"inLanguage":"fi"},{"@type":"Organization","@id":"https:\/\/idakorea.ee\/#organization","name":"IDA.KOREA","url":"https:\/\/idakorea.ee\/","logo":{"@type":"ImageObject","inLanguage":"fi","@id":"https:\/\/idakorea.ee\/#\/schema\/logo\/image\/","url":"https:\/\/idakorea.ee\/wp-content\/uploads\/2024\/05\/cropped-korea3.png","contentUrl":"https:\/\/idakorea.ee\/wp-content\/uploads\/2024\/05\/cropped-korea3.png","width":688,"height":126,"caption":"IDA.KOREA"},"image":{"@id":"https:\/\/idakorea.ee\/#\/schema\/logo\/image\/"},"sameAs":["https:\/\/www.instagram.com\/ida.korea\/"]}]}},"jetpack_sharing_enabled":true,"brands":[{"id":448,"name":"MANYO","slug":"manyo"}],"_links":{"self":[{"href":"https:\/\/idakorea.ee\/fi\/wp-json\/wp\/v2\/product\/17335","targetHints":{"allow":["GET"]}}],"collection":[{"href":"https:\/\/idakorea.ee\/fi\/wp-json\/wp\/v2\/product"}],"about":[{"href":"https:\/\/idakorea.ee\/fi\/wp-json\/wp\/v2\/types\/product"}],"replies":[{"embeddable":true,"href":"https:\/\/idakorea.ee\/fi\/wp-json\/wp\/v2\/comments?post=17335"}],"version-history":[{"count":1,"href":"https:\/\/idakorea.ee\/fi\/wp-json\/wp\/v2\/product\/17335\/revisions"}],"predecessor-version":[{"id":17338,"href":"https:\/\/idakorea.ee\/fi\/wp-json\/wp\/v2\/product\/17335\/revisions\/17338"}],"wp:featuredmedia":[{"embeddable":true,"href":"https:\/\/idakorea.ee\/fi\/wp-json\/wp\/v2\/media\/17337"}],"wp:attachment":[{"href":"https:\/\/idakorea.ee\/fi\/wp-json\/wp\/v2\/media?parent=17335"}],"wp:term":[{"taxonomy":"pwb-brand","embeddable":true,"href":"https:\/\/idakorea.ee\/fi\/wp-json\/wp\/v2\/pwb-brand?post=17335"},{"taxonomy":"product_brand","embeddable":true,"href":"https:\/\/idakorea.ee\/fi\/wp-json\/wp\/v2\/product_brand?post=17335"},{"taxonomy":"product_cat","embeddable":true,"href":"https:\/\/idakorea.ee\/fi\/wp-json\/wp\/v2\/product_cat?post=17335"},{"taxonomy":"product_tag","embeddable":true,"href":"https:\/\/idakorea.ee\/fi\/wp-json\/wp\/v2\/product_tag?post=17335"}],"curies":[{"name":"wp","href":"https:\/\/api.w.org\/{rel}","templated":true}]}}