{"id":17368,"date":"2026-01-23T17:59:01","date_gmt":"2026-01-23T15:59:01","guid":{"rendered":"https:\/\/idakorea.ee\/?post_type=product&#038;p=17368"},"modified":"2026-03-08T09:06:19","modified_gmt":"2026-03-08T07:06:19","slug":"anua-peach-77-niacin-enriched-cream-50ml","status":"publish","type":"product","link":"https:\/\/idakorea.ee\/fi\/product\/anua-peach-77-niacin-enriched-cream-50ml\/","title":{"rendered":"Anua Peach 77 Niacin Enriched Cream, 50ml"},"content":{"rendered":"<p><strong>Anua Peach 77 Niacin Enriched Cream<\/strong> on kiinteytt\u00e4v\u00e4 voide, joka sis\u00e4lt\u00e4\u00e4 niasiiniamidia ja tasoittaa ihon mikroreliefi\u00e4, pehment\u00e4\u00e4 karheaa ihoa, poistaa sameutta ja palauttaa terveen ja luonnollisen hehkun. Se s\u00e4\u00e4telee talirauhasten toimintaa, auttaa v\u00e4hent\u00e4m\u00e4\u00e4n ihohuokosten n\u00e4kyvyytt\u00e4 ja yll\u00e4pit\u00e4\u00e4 ihon sileytt\u00e4 ja kimmoisuutta.<\/p>\n<p>Tuote perustuu patentoituun kompleksiin <strong>Peachnia Plus<\/strong> (Persikkauute 77%, Lactobacillus-fermenttisuodate, 1,2-heksaandioli) vahvoilla antioksidanttisilla ominaisuuksilla. Se auttaa torjumaan oksidatiivista stressi\u00e4, hidastaa ik\u00e4\u00e4ntymisprosessia, parantaa ihon s\u00e4vy\u00e4 ja kimmoisuutta sek\u00e4 auttaa ehk\u00e4isem\u00e4\u00e4n ihon veltostumista (ptoosia).<\/p>\n<p>Voiteella on elastinen, vanukasmainen koostumus, se imeytyy nopeasti eik\u00e4 j\u00e4t\u00e4 iholle tahmeaa tunnetta tai rasvaista kiiltoa. Voiteessa on mustan teen ja persikan tuoksu.<\/p>\n<p><strong>T\u00e4rkeimm\u00e4t vaikuttavat aineet:<\/strong><\/p>\n<p><strong>Bifidobakteerien lysaatti<\/strong> normalisoi hydrolipiditasapainoa, auttaa v\u00e4hent\u00e4m\u00e4\u00e4n tulehdusprosesseja ja vahvistaa paikallista ihon immuunij\u00e4rjestelm\u00e4\u00e4.<br \/>\n<strong>Galaktomyces<\/strong> \u2013 vahva antioksidantti, jolla on nuorentava vaikutus. Suojaa valon aiheuttamalta ik\u00e4\u00e4ntymiselt\u00e4, hidastaa melaniinin synteesi\u00e4 epidermiksess\u00e4, nopeuttaa solujen uusiutumista ja vahvistaa ihon suojakerrosta.<br \/>\n<strong>Kasviproteiinit<\/strong> kosteuttaa syv\u00e4lt\u00e4, ehk\u00e4isee kuivuutta ja kireyden tunnetta, rikastuttaa ihoa ravinteilla ja vahvistaa sen suojatoimintoja.<br \/>\n<strong>Kollaasit<\/strong> auttaa s\u00e4ilytt\u00e4m\u00e4\u00e4n kosteutta, tasoittaa ihon rakennetta, stimuloi uudistumisprosesseja ja v\u00e4hent\u00e4\u00e4 ryppyjen n\u00e4kyvyytt\u00e4.<br \/>\n<strong>Niasiiniamidi (B3-vitamiini)<\/strong> Hidastaa melaniinin kulkeutumista ihoon, mik\u00e4 auttaa ehk\u00e4isem\u00e4\u00e4n ik\u00e4l\u00e4iskien muodostumista. S\u00e4\u00e4telee talin erityst\u00e4, v\u00e4hent\u00e4\u00e4 rasvaista kiiltoa ja supistaa ihohuokosia.<\/p>\n<p>Sopii kaikille ihotyypeille.<\/p>\n<p><strong>K\u00e4ytt\u00f6:<\/strong><\/p>\n<p>Kun olet puhdistanut ihosi kasvovedell\u00e4 ja seerumilla, levit\u00e4 voide kasvoillesi ja levit\u00e4 tasaisesti.<\/p>\n<p>&nbsp;<\/p>","protected":false},"excerpt":{"rendered":"<p>Anua Peach 77 Niacin Enriched Cream on kiinteytt\u00e4v\u00e4 voide, joka sis\u00e4lt\u00e4\u00e4 niasiinamidia ja tasoittaa ihon mikroreliefi\u00e4, pehment\u00e4\u00e4 karheaa ihoa, poistaa sameutta ja palauttaa terveen ja luonnollisen hehkun. Se s\u00e4\u00e4telee talirauhasten toimintaa, auttaa v\u00e4hent\u00e4m\u00e4\u00e4n ihohuokosten n\u00e4kyvyytt\u00e4 ja yll\u00e4pit\u00e4m\u00e4\u00e4n ihon sileytt\u00e4 ja kimmoisuutta. Tuote perustuu patentoituun Peachnia Plus -kompleksiin (persikkauute 77%, Lactobacillus Ferment Filtrate, 1,2-heksaandioli), jolla on\u2026<\/p>","protected":false},"featured_media":17371,"comment_status":"open","ping_status":"closed","template":"","meta":{"_uf_show_specific_survey":0,"_uf_disable_surveys":false,"_bst_post_transparent":"default","_bst_post_title":"","_bst_post_layout":"default","_bst_post_sidebar_id":"","_bst_post_content_style":"default","_bst_post_vertical_padding":"default","_bst_post_feature":"","_bst_post_feature_position":"","_bst_post_header":false,"_bst_post_footer":false},"pwb-brand":[104],"product_brand":[],"product_cat":[92,96],"product_tag":[1067,568,1063,1064,1066,1065],"class_list":{"0":"post-17368","1":"product","2":"type-product","3":"status-publish","4":"has-post-thumbnail","6":"pwb-brand-anua","7":"product_cat-nagu","8":"product_cat-naokreemid","9":"product_tag-anti-age-kreem","10":"product_tag-korea","11":"product_tag-naokreem","12":"product_tag-niisutav-kreem","13":"product_tag-sara-andev-kreem","14":"product_tag-tugevdav-kreem","16":"first","17":"instock","18":"purchasable","19":"product-type-simple","20":"entry","21":"content-bg","22":"loop-entry"},"supplier_id":null,"supplier_sku":"","barcode":null,"atum_controlled":true,"out_stock_date":null,"out_stock_threshold":null,"inheritable":false,"inbound_stock":0,"stock_on_hold":0,"sold_today":0,"sales_last_days":0,"out_stock_days":0,"lost_sales":0,"has_location":false,"update_date":"2026-04-24T00:09:08","atum_locations":[],"atum_stock_status":"instock","restock_status":false,"low_stock_amount":"","sales_update_date":"2026-04-24T00:09:08","calc_backorders":null,"yoast_head":"<!-- This site is optimized with the Yoast SEO plugin v27.2 - https:\/\/yoast.com\/product\/yoast-seo-wordpress\/ -->\n<title>Anua Peach 77 Niacin Enriched Cream, 50ml - IDA.KOREA<\/title>\n<meta name=\"description\" content=\"Tugevdav kreem, mis \u00fchtlustab naha mikroreljeefi ja pehmendab karedat nahka, k\u00f5rvaldab tuhmuse ning taastab terve ja loomuliku s\u00e4ra. Made in Korea.\" \/>\n<meta name=\"robots\" content=\"index, follow, max-snippet:-1, max-image-preview:large, max-video-preview:-1\" \/>\n<link rel=\"canonical\" href=\"https:\/\/idakorea.ee\/fi\/product\/anua-peach-77-niacin-enriched-cream-50ml\/\" \/>\n<meta property=\"og:locale\" content=\"fi_FI\" \/>\n<meta property=\"og:type\" content=\"article\" \/>\n<meta property=\"og:title\" content=\"Anua Peach 77 Niacin Enriched Cream, 50ml - IDA.KOREA\" \/>\n<meta property=\"og:description\" content=\"Tugevdav kreem, mis \u00fchtlustab naha mikroreljeefi ja pehmendab karedat nahka, k\u00f5rvaldab tuhmuse ning taastab terve ja loomuliku s\u00e4ra. Made in Korea.\" \/>\n<meta property=\"og:url\" content=\"https:\/\/idakorea.ee\/fi\/product\/anua-peach-77-niacin-enriched-cream-50ml\/\" \/>\n<meta property=\"og:site_name\" content=\"IDA.KOREA\" \/>\n<meta property=\"article:modified_time\" content=\"2026-03-08T07:06:19+00:00\" \/>\n<meta property=\"og:image\" content=\"https:\/\/idakorea.ee\/wp-content\/uploads\/2026\/01\/Anua-Peach-77-Niacin-Enriched-Cream-idakorea.jpg\" \/>\n\t<meta property=\"og:image:width\" content=\"1000\" \/>\n\t<meta property=\"og:image:height\" content=\"1000\" \/>\n\t<meta property=\"og:image:type\" content=\"image\/jpeg\" \/>\n<meta name=\"twitter:card\" content=\"summary_large_image\" \/>\n<meta name=\"twitter:label1\" content=\"Arvioitu lukuaika\" \/>\n\t<meta name=\"twitter:data1\" content=\"2 minuuttia\" \/>\n<script type=\"application\/ld+json\" class=\"yoast-schema-graph\">{\"@context\":\"https:\/\/schema.org\",\"@graph\":[{\"@type\":\"WebPage\",\"@id\":\"https:\/\/idakorea.ee\/product\/anua-peach-77-niacin-enriched-cream-50ml\/\",\"url\":\"https:\/\/idakorea.ee\/product\/anua-peach-77-niacin-enriched-cream-50ml\/\",\"name\":\"Anua Peach 77 Niacin Enriched Cream, 50ml - IDA.KOREA\",\"isPartOf\":{\"@id\":\"https:\/\/idakorea.ee\/#website\"},\"primaryImageOfPage\":{\"@id\":\"https:\/\/idakorea.ee\/product\/anua-peach-77-niacin-enriched-cream-50ml\/#primaryimage\"},\"image\":{\"@id\":\"https:\/\/idakorea.ee\/product\/anua-peach-77-niacin-enriched-cream-50ml\/#primaryimage\"},\"thumbnailUrl\":\"https:\/\/idakorea.ee\/wp-content\/uploads\/2026\/01\/Anua-Peach-77-Niacin-Enriched-Cream-idakorea.jpg\",\"datePublished\":\"2026-01-23T15:59:01+00:00\",\"dateModified\":\"2026-03-08T07:06:19+00:00\",\"description\":\"Tugevdav kreem, mis \u00fchtlustab naha mikroreljeefi ja pehmendab karedat nahka, k\u00f5rvaldab tuhmuse ning taastab terve ja loomuliku s\u00e4ra. Made in Korea.\",\"breadcrumb\":{\"@id\":\"https:\/\/idakorea.ee\/product\/anua-peach-77-niacin-enriched-cream-50ml\/#breadcrumb\"},\"inLanguage\":\"fi\",\"potentialAction\":[{\"@type\":\"ReadAction\",\"target\":[\"https:\/\/idakorea.ee\/product\/anua-peach-77-niacin-enriched-cream-50ml\/\"]}]},{\"@type\":\"ImageObject\",\"inLanguage\":\"fi\",\"@id\":\"https:\/\/idakorea.ee\/product\/anua-peach-77-niacin-enriched-cream-50ml\/#primaryimage\",\"url\":\"https:\/\/idakorea.ee\/wp-content\/uploads\/2026\/01\/Anua-Peach-77-Niacin-Enriched-Cream-idakorea.jpg\",\"contentUrl\":\"https:\/\/idakorea.ee\/wp-content\/uploads\/2026\/01\/Anua-Peach-77-Niacin-Enriched-Cream-idakorea.jpg\",\"width\":1000,\"height\":1000},{\"@type\":\"BreadcrumbList\",\"@id\":\"https:\/\/idakorea.ee\/product\/anua-peach-77-niacin-enriched-cream-50ml\/#breadcrumb\",\"itemListElement\":[{\"@type\":\"ListItem\",\"position\":1,\"name\":\"\u0413\u043b\u0430\u0432\u043d\u0430\u044f \u0441\u0442\u0440\u0430\u043d\u0438\u0446\u0430\",\"item\":\"https:\/\/idakorea.ee\/\"},{\"@type\":\"ListItem\",\"position\":2,\"name\":\"Shop\",\"item\":\"https:\/\/idakorea.ee\/shop-2\/\"},{\"@type\":\"ListItem\",\"position\":3,\"name\":\"Tugevdav kreem Anua Peach 77 Niacin Enriched Cream, 50ml\"}]},{\"@type\":\"WebSite\",\"@id\":\"https:\/\/idakorea.ee\/#website\",\"url\":\"https:\/\/idakorea.ee\/\",\"name\":\"IDA.KOREA\",\"description\":\"Korea kosmeetika e-pood\",\"publisher\":{\"@id\":\"https:\/\/idakorea.ee\/#organization\"},\"alternateName\":\"Beauty Shop\",\"potentialAction\":[{\"@type\":\"SearchAction\",\"target\":{\"@type\":\"EntryPoint\",\"urlTemplate\":\"https:\/\/idakorea.ee\/?s={search_term_string}\"},\"query-input\":{\"@type\":\"PropertyValueSpecification\",\"valueRequired\":true,\"valueName\":\"search_term_string\"}}],\"inLanguage\":\"fi\"},{\"@type\":\"Organization\",\"@id\":\"https:\/\/idakorea.ee\/#organization\",\"name\":\"IDA.KOREA\",\"url\":\"https:\/\/idakorea.ee\/\",\"logo\":{\"@type\":\"ImageObject\",\"inLanguage\":\"fi\",\"@id\":\"https:\/\/idakorea.ee\/#\/schema\/logo\/image\/\",\"url\":\"https:\/\/idakorea.ee\/wp-content\/uploads\/2024\/05\/cropped-korea3.png\",\"contentUrl\":\"https:\/\/idakorea.ee\/wp-content\/uploads\/2024\/05\/cropped-korea3.png\",\"width\":688,\"height\":126,\"caption\":\"IDA.KOREA\"},\"image\":{\"@id\":\"https:\/\/idakorea.ee\/#\/schema\/logo\/image\/\"},\"sameAs\":[\"https:\/\/www.instagram.com\/ida.korea\/\"]}]}<\/script>\n<!-- \/ Yoast SEO plugin. -->","yoast_head_json":{"title":"Anua Peach 77 Niasiinilla Rikastettu Voide, 50ml - IDA.KOREA","description":"Kiinteytt\u00e4v\u00e4 voide, joka tasoittaa ihon mikroreliefi\u00e4 ja pehment\u00e4\u00e4 karheaa ihoa, poistaa sameutta ja palauttaa terveen ja luonnollisen hehkun. Valmistettu Koreassa.","robots":{"index":"index","follow":"follow","max-snippet":"max-snippet:-1","max-image-preview":"max-image-preview:large","max-video-preview":"max-video-preview:-1"},"canonical":"https:\/\/idakorea.ee\/fi\/product\/anua-peach-77-niacin-enriched-cream-50ml\/","og_locale":"fi_FI","og_type":"article","og_title":"Anua Peach 77 Niacin Enriched Cream, 50ml - IDA.KOREA","og_description":"Tugevdav kreem, mis \u00fchtlustab naha mikroreljeefi ja pehmendab karedat nahka, k\u00f5rvaldab tuhmuse ning taastab terve ja loomuliku s\u00e4ra. Made in Korea.","og_url":"https:\/\/idakorea.ee\/fi\/product\/anua-peach-77-niacin-enriched-cream-50ml\/","og_site_name":"IDA.KOREA","article_modified_time":"2026-03-08T07:06:19+00:00","og_image":[{"width":1000,"height":1000,"url":"https:\/\/idakorea.ee\/wp-content\/uploads\/2026\/01\/Anua-Peach-77-Niacin-Enriched-Cream-idakorea.jpg","type":"image\/jpeg"}],"twitter_card":"summary_large_image","twitter_misc":{"Arvioitu lukuaika":"2 minuuttia"},"schema":{"@context":"https:\/\/schema.org","@graph":[{"@type":"WebPage","@id":"https:\/\/idakorea.ee\/product\/anua-peach-77-niacin-enriched-cream-50ml\/","url":"https:\/\/idakorea.ee\/product\/anua-peach-77-niacin-enriched-cream-50ml\/","name":"Anua Peach 77 Niasiinilla Rikastettu Voide, 50ml - IDA.KOREA","isPartOf":{"@id":"https:\/\/idakorea.ee\/#website"},"primaryImageOfPage":{"@id":"https:\/\/idakorea.ee\/product\/anua-peach-77-niacin-enriched-cream-50ml\/#primaryimage"},"image":{"@id":"https:\/\/idakorea.ee\/product\/anua-peach-77-niacin-enriched-cream-50ml\/#primaryimage"},"thumbnailUrl":"https:\/\/idakorea.ee\/wp-content\/uploads\/2026\/01\/Anua-Peach-77-Niacin-Enriched-Cream-idakorea.jpg","datePublished":"2026-01-23T15:59:01+00:00","dateModified":"2026-03-08T07:06:19+00:00","description":"Kiinteytt\u00e4v\u00e4 voide, joka tasoittaa ihon mikroreliefi\u00e4 ja pehment\u00e4\u00e4 karheaa ihoa, poistaa sameutta ja palauttaa terveen ja luonnollisen hehkun. Valmistettu Koreassa.","breadcrumb":{"@id":"https:\/\/idakorea.ee\/product\/anua-peach-77-niacin-enriched-cream-50ml\/#breadcrumb"},"inLanguage":"fi","potentialAction":[{"@type":"ReadAction","target":["https:\/\/idakorea.ee\/product\/anua-peach-77-niacin-enriched-cream-50ml\/"]}]},{"@type":"ImageObject","inLanguage":"fi","@id":"https:\/\/idakorea.ee\/product\/anua-peach-77-niacin-enriched-cream-50ml\/#primaryimage","url":"https:\/\/idakorea.ee\/wp-content\/uploads\/2026\/01\/Anua-Peach-77-Niacin-Enriched-Cream-idakorea.jpg","contentUrl":"https:\/\/idakorea.ee\/wp-content\/uploads\/2026\/01\/Anua-Peach-77-Niacin-Enriched-Cream-idakorea.jpg","width":1000,"height":1000},{"@type":"BreadcrumbList","@id":"https:\/\/idakorea.ee\/product\/anua-peach-77-niacin-enriched-cream-50ml\/#breadcrumb","itemListElement":[{"@type":"ListItem","position":1,"name":"\u0413\u043b\u0430\u0432\u043d\u0430\u044f \u0441\u0442\u0440\u0430\u043d\u0438\u0446\u0430","item":"https:\/\/idakorea.ee\/"},{"@type":"ListItem","position":2,"name":"Shop","item":"https:\/\/idakorea.ee\/shop-2\/"},{"@type":"ListItem","position":3,"name":"Tugevdav kreem Anua Peach 77 Niacin Enriched Cream, 50ml"}]},{"@type":"WebSite","@id":"https:\/\/idakorea.ee\/#website","url":"https:\/\/idakorea.ee\/","name":"IDA.KOREA","description":"Korean kosmetiikan verkkokauppa","publisher":{"@id":"https:\/\/idakorea.ee\/#organization"},"alternateName":"Beauty Shop","potentialAction":[{"@type":"SearchAction","target":{"@type":"EntryPoint","urlTemplate":"https:\/\/idakorea.ee\/?s={search_term_string}"},"query-input":{"@type":"PropertyValueSpecification","valueRequired":true,"valueName":"search_term_string"}}],"inLanguage":"fi"},{"@type":"Organization","@id":"https:\/\/idakorea.ee\/#organization","name":"IDA.KOREA","url":"https:\/\/idakorea.ee\/","logo":{"@type":"ImageObject","inLanguage":"fi","@id":"https:\/\/idakorea.ee\/#\/schema\/logo\/image\/","url":"https:\/\/idakorea.ee\/wp-content\/uploads\/2024\/05\/cropped-korea3.png","contentUrl":"https:\/\/idakorea.ee\/wp-content\/uploads\/2024\/05\/cropped-korea3.png","width":688,"height":126,"caption":"IDA.KOREA"},"image":{"@id":"https:\/\/idakorea.ee\/#\/schema\/logo\/image\/"},"sameAs":["https:\/\/www.instagram.com\/ida.korea\/"]}]}},"jetpack_sharing_enabled":true,"brands":[{"id":104,"name":"ANUA","slug":"anua"}],"_links":{"self":[{"href":"https:\/\/idakorea.ee\/fi\/wp-json\/wp\/v2\/product\/17368","targetHints":{"allow":["GET"]}}],"collection":[{"href":"https:\/\/idakorea.ee\/fi\/wp-json\/wp\/v2\/product"}],"about":[{"href":"https:\/\/idakorea.ee\/fi\/wp-json\/wp\/v2\/types\/product"}],"replies":[{"embeddable":true,"href":"https:\/\/idakorea.ee\/fi\/wp-json\/wp\/v2\/comments?post=17368"}],"version-history":[{"count":2,"href":"https:\/\/idakorea.ee\/fi\/wp-json\/wp\/v2\/product\/17368\/revisions"}],"predecessor-version":[{"id":17375,"href":"https:\/\/idakorea.ee\/fi\/wp-json\/wp\/v2\/product\/17368\/revisions\/17375"}],"wp:featuredmedia":[{"embeddable":true,"href":"https:\/\/idakorea.ee\/fi\/wp-json\/wp\/v2\/media\/17371"}],"wp:attachment":[{"href":"https:\/\/idakorea.ee\/fi\/wp-json\/wp\/v2\/media?parent=17368"}],"wp:term":[{"taxonomy":"pwb-brand","embeddable":true,"href":"https:\/\/idakorea.ee\/fi\/wp-json\/wp\/v2\/pwb-brand?post=17368"},{"taxonomy":"product_brand","embeddable":true,"href":"https:\/\/idakorea.ee\/fi\/wp-json\/wp\/v2\/product_brand?post=17368"},{"taxonomy":"product_cat","embeddable":true,"href":"https:\/\/idakorea.ee\/fi\/wp-json\/wp\/v2\/product_cat?post=17368"},{"taxonomy":"product_tag","embeddable":true,"href":"https:\/\/idakorea.ee\/fi\/wp-json\/wp\/v2\/product_tag?post=17368"}],"curies":[{"name":"wp","href":"https:\/\/api.w.org\/{rel}","templated":true}]}}