{"id":17386,"date":"2026-01-25T17:46:23","date_gmt":"2026-01-25T15:46:23","guid":{"rendered":"https:\/\/idakorea.ee\/?post_type=product&#038;p=17386"},"modified":"2026-03-07T14:55:12","modified_gmt":"2026-03-07T12:55:12","slug":"mixsoon-bean-cleansing-oil-195ml","status":"publish","type":"product","link":"https:\/\/idakorea.ee\/fi\/product\/mixsoon-bean-cleansing-oil-195ml\/","title":{"rendered":"Ravitseva hydrofiilinen puhdistus\u00f6ljy Mixsoon Bean Cleansing Oil, 195ml"},"content":{"rendered":"<p data-start=\"54\" data-end=\"447\"><strong data-start=\"54\" data-end=\"84\">Mixsoon Bean Cleansing Oil<\/strong> on ravitseva, hydrofiilinen puhdistus\u00f6ljy, joka sis\u00e4lt\u00e4\u00e4 soijapapuja ja tunkeutuu syv\u00e4lle ihohuokosiin ja poistaa tehokkaasti kaikki lianj\u00e4\u00e4m\u00e4t, mukaan lukien vedenkest\u00e4v\u00e4n meikin, meikkivoiteet ja aurinkosuojat. Se puhdistaa ihon hell\u00e4varaisesti ja j\u00e4tt\u00e4\u00e4 sen ravituksi ja kosteutetuksi my\u00f6s pesun j\u00e4lkeen. Se auttaa vahvistamaan ihon suojakerrosta ja suojaa aggressiivisilta ymp\u00e4rist\u00f6vaikutuksilta.<\/p>\n<p data-start=\"449\" data-end=\"671\">Ravitsee ihoa, auttaa parantamaan sen tiheytt\u00e4 ja kimmoisuutta, vahvistaa kapillaarien sein\u00e4mi\u00e4 ja v\u00e4hent\u00e4\u00e4 kuivien hienojen ryppyjen n\u00e4kymist\u00e4. Lievitt\u00e4\u00e4 kuivuutta ja kireytt\u00e4, kuorii hell\u00e4varaisesti ja pehment\u00e4\u00e4 karheita alueita.<\/p>\n<p data-start=\"673\" data-end=\"726\">\u00d6ljyll\u00e4 on kevyt, vetinen koostumus, joka raikastaa ihoa.<\/p>\n<p data-start=\"728\" data-end=\"763\"><strong>T\u00e4rkeimm\u00e4t vaikuttavat aineet:<\/strong><\/p>\n<ul>\n<li data-start=\"764\" data-end=\"1077\"><strong data-start=\"764\" data-end=\"803\">Fermentoidut soijapavut (50 000 ppm)<\/strong> runsaasti antioksidantteja, vitamiineja ja proteiineja. Ravitsee ja pehment\u00e4\u00e4 ihoa, tukee sen kimmoisuutta ja sill\u00e4 on tulehdusta ja antioksidantteja est\u00e4vi\u00e4 vaikutuksia. Se on ravitseva ik\u00e4\u00e4ntymist\u00e4 ehk\u00e4isev\u00e4 aine, joka on t\u00e4ynn\u00e4 vitamiineja, antioksidantteja ja proteiineja.<\/li>\n<li data-start=\"1079\" data-end=\"1309\"><strong data-start=\"1079\" data-end=\"1110\">Fermentoitu ohrauute<\/strong> Sis\u00e4lt\u00e4\u00e4 runsaasti B-vitamiineja, antioksidantteja, kasviper\u00e4isi\u00e4 aminohappoja ja hivenaineita. Auttaa torjumaan vapaita radikaaleja, hidastaa oksidatiivisia prosesseja ja tukee nuorekasta ihoa.<\/li>\n<li data-start=\"1311\" data-end=\"1563\"><strong data-start=\"1311\" data-end=\"1349\">Fermentoitu granaattiomenauute<\/strong> on vahva antioksidanttinen vaikutus, aktivoi kollageenin ja elastiinin synteesi\u00e4 epidermiksen soluissa. Auttaa v\u00e4hent\u00e4m\u00e4\u00e4n ihon veltostumista, parantaa kimmoisuutta ja kiinteytt\u00e4 sek\u00e4 rikastuttaa ihoa ravitsevilla ainesosilla.<\/li>\n<li data-start=\"1565\" data-end=\"1808\"><strong data-start=\"1565\" data-end=\"1604\">Fermentoitu korealainen p\u00e4\u00e4ryn\u00e4uute<\/strong> Rikastuttaa ihoa vitamiini- ja aminohappokompleksilla, hidastaa oksidatiivisia prosesseja. Parantaa palautumista ja uudistumista, tukee mikroverenkiertoa ja tekee ihosta pehme\u00e4n ja sile\u00e4n.<\/li>\n<li data-start=\"1810\" data-end=\"1970\"><strong data-start=\"1810\" data-end=\"1837\">Tokoferoli (E-vitamiini)<\/strong> suojaa ihoa ulkoisen ymp\u00e4rist\u00f6n haitallisilta vaikutuksilta, est\u00e4\u00e4 lipidien hapettumista ja rikastuttaa ihoa intensiivisesti vitamiineilla.<\/li>\n<li data-start=\"1972\" data-end=\"2143\"><strong data-start=\"1972\" data-end=\"1985\">Jojoba\u00f6ljy<\/strong> Muodostaa ihon pinnalle suojaavan kerroksen, kosteuttaa ja ravitsee syv\u00e4sti. Korkea E-vitamiinipitoisuus antaa sille uudistavan, tulehdusta ehk\u00e4isev\u00e4n ja antioksidanttisen vaikutuksen.<\/li>\n<\/ul>\n<p data-start=\"2145\" data-end=\"2196\">Sopii kuivalle, normaalille ja sekaiholle.<\/p>\n<p data-start=\"2198\" data-end=\"2213\"><strong>K\u00e4ytt\u00f6:<\/strong><\/p>\n<p data-start=\"2214\" data-end=\"2384\">Levit\u00e4 muutama tippa puhdistus\u00f6ljy\u00e4 kuivalle iholle ja hiero kevyesti. Lis\u00e4\u00e4 hieman vett\u00e4 ja jatka hieromista, kunnes \u00f6ljy muuttuu maitomaiseksi emulsioksi. Huuhtele l\u00e4mpim\u00e4ll\u00e4 vedell\u00e4.<\/p>","protected":false},"excerpt":{"rendered":"<p>Mixsoon Bean Cleansing Oil on ravitseva, hydrofiilinen puhdistus\u00f6ljy, joka sis\u00e4lt\u00e4\u00e4 soijapapuja ja tunkeutuu syv\u00e4lle ihohuokosiin ja poistaa tehokkaasti kaikki lianj\u00e4\u00e4m\u00e4t, mukaan lukien vedenkest\u00e4v\u00e4n meikin, meikkivoiteet ja aurinkosuojat. Puhdistaa ihon hell\u00e4varaisesti ja j\u00e4tt\u00e4\u00e4 sen ravituksi ja kosteutetuksi my\u00f6s pesun j\u00e4lkeen. Auttaa vahvistamaan ihon suojakerrosta ja suojaa aggressiivisilta ymp\u00e4rist\u00f6vaikutuksilta. Ravitsee ihoa parantaen sen tiheytt\u00e4 ja kimmoisuutta, vahvistaa\u2026<\/p>","protected":false},"featured_media":17387,"comment_status":"open","ping_status":"closed","template":"","meta":{"_uf_show_specific_survey":0,"_uf_disable_surveys":false,"_bst_post_transparent":"default","_bst_post_title":"","_bst_post_layout":"default","_bst_post_sidebar_id":"","_bst_post_content_style":"default","_bst_post_vertical_padding":"default","_bst_post_feature":"","_bst_post_feature_position":"","_bst_post_header":false,"_bst_post_footer":false},"pwb-brand":[1000],"product_brand":[],"product_cat":[92,452,100],"product_tag":[1071,1073,1072,1070],"class_list":{"0":"post-17386","1":"product","2":"type-product","3":"status-publish","4":"has-post-thumbnail","6":"pwb-brand-mixsoon","7":"product_cat-nagu","8":"product_cat-naopuhastusgeelid","9":"product_cat-puhastusvahendid","10":"product_tag-hudrofiilne-oli","11":"product_tag-meigieemaldaja","12":"product_tag-naopuhastus","13":"product_tag-puhastusoli","15":"first","16":"instock","17":"sale","18":"purchasable","19":"product-type-simple","20":"entry","21":"content-bg","22":"loop-entry"},"supplier_id":null,"supplier_sku":"","barcode":null,"atum_controlled":true,"out_stock_date":null,"out_stock_threshold":null,"inheritable":false,"inbound_stock":0,"stock_on_hold":0,"sold_today":0,"sales_last_days":0,"out_stock_days":0,"lost_sales":0,"has_location":false,"update_date":"2026-04-14T00:05:08","atum_locations":[],"atum_stock_status":"instock","restock_status":false,"low_stock_amount":"","sales_update_date":"2026-04-14T00:05:08","calc_backorders":null,"yoast_head":"<!-- This site is optimized with the Yoast SEO plugin v27.2 - https:\/\/yoast.com\/product\/yoast-seo-wordpress\/ -->\n<title>Mixsoon Bean Cleansing Oil, 195ml - IDA.KOREA<\/title>\n<meta name=\"description\" content=\"H\u00fcdrofiilne puhastus\u00f5li sojaubadega, mis tungib s\u00fcgavale pooridesse ja eemaldab mustusej\u00e4\u00e4gid, veekindla meigi, jumestuskreemid ja p\u00e4ikesekaitsevahendid\" \/>\n<meta name=\"robots\" content=\"index, follow, max-snippet:-1, max-image-preview:large, max-video-preview:-1\" \/>\n<link rel=\"canonical\" href=\"https:\/\/idakorea.ee\/fi\/product\/mixsoon-bean-cleansing-oil-195ml\/\" \/>\n<meta property=\"og:locale\" content=\"fi_FI\" \/>\n<meta property=\"og:type\" content=\"article\" \/>\n<meta property=\"og:title\" content=\"Mixsoon Bean Cleansing Oil, 195ml - IDA.KOREA\" \/>\n<meta property=\"og:description\" content=\"H\u00fcdrofiilne puhastus\u00f5li sojaubadega, mis tungib s\u00fcgavale pooridesse ja eemaldab mustusej\u00e4\u00e4gid, veekindla meigi, jumestuskreemid ja p\u00e4ikesekaitsevahendid\" \/>\n<meta property=\"og:url\" content=\"https:\/\/idakorea.ee\/fi\/product\/mixsoon-bean-cleansing-oil-195ml\/\" \/>\n<meta property=\"og:site_name\" content=\"IDA.KOREA\" \/>\n<meta property=\"article:modified_time\" content=\"2026-03-07T12:55:12+00:00\" \/>\n<meta property=\"og:image\" content=\"https:\/\/idakorea.ee\/wp-content\/uploads\/2026\/01\/mixsoon_bean_cleansing_oil_195ml_idakorea.webp\" \/>\n\t<meta property=\"og:image:width\" content=\"640\" \/>\n\t<meta property=\"og:image:height\" content=\"640\" \/>\n\t<meta property=\"og:image:type\" content=\"image\/webp\" \/>\n<meta name=\"twitter:card\" content=\"summary_large_image\" \/>\n<meta name=\"twitter:label1\" content=\"Arvioitu lukuaika\" \/>\n\t<meta name=\"twitter:data1\" content=\"2 minuuttia\" \/>\n<script type=\"application\/ld+json\" class=\"yoast-schema-graph\">{\"@context\":\"https:\/\/schema.org\",\"@graph\":[{\"@type\":\"WebPage\",\"@id\":\"https:\/\/idakorea.ee\/product\/mixsoon-bean-cleansing-oil-195ml\/\",\"url\":\"https:\/\/idakorea.ee\/product\/mixsoon-bean-cleansing-oil-195ml\/\",\"name\":\"Mixsoon Bean Cleansing Oil, 195ml - IDA.KOREA\",\"isPartOf\":{\"@id\":\"https:\/\/idakorea.ee\/#website\"},\"primaryImageOfPage\":{\"@id\":\"https:\/\/idakorea.ee\/product\/mixsoon-bean-cleansing-oil-195ml\/#primaryimage\"},\"image\":{\"@id\":\"https:\/\/idakorea.ee\/product\/mixsoon-bean-cleansing-oil-195ml\/#primaryimage\"},\"thumbnailUrl\":\"https:\/\/idakorea.ee\/wp-content\/uploads\/2026\/01\/mixsoon_bean_cleansing_oil_195ml_idakorea.webp\",\"datePublished\":\"2026-01-25T15:46:23+00:00\",\"dateModified\":\"2026-03-07T12:55:12+00:00\",\"description\":\"H\u00fcdrofiilne puhastus\u00f5li sojaubadega, mis tungib s\u00fcgavale pooridesse ja eemaldab mustusej\u00e4\u00e4gid, veekindla meigi, jumestuskreemid ja p\u00e4ikesekaitsevahendid\",\"breadcrumb\":{\"@id\":\"https:\/\/idakorea.ee\/product\/mixsoon-bean-cleansing-oil-195ml\/#breadcrumb\"},\"inLanguage\":\"fi\",\"potentialAction\":[{\"@type\":\"ReadAction\",\"target\":[\"https:\/\/idakorea.ee\/product\/mixsoon-bean-cleansing-oil-195ml\/\"]}]},{\"@type\":\"ImageObject\",\"inLanguage\":\"fi\",\"@id\":\"https:\/\/idakorea.ee\/product\/mixsoon-bean-cleansing-oil-195ml\/#primaryimage\",\"url\":\"https:\/\/idakorea.ee\/wp-content\/uploads\/2026\/01\/mixsoon_bean_cleansing_oil_195ml_idakorea.webp\",\"contentUrl\":\"https:\/\/idakorea.ee\/wp-content\/uploads\/2026\/01\/mixsoon_bean_cleansing_oil_195ml_idakorea.webp\",\"width\":640,\"height\":640},{\"@type\":\"BreadcrumbList\",\"@id\":\"https:\/\/idakorea.ee\/product\/mixsoon-bean-cleansing-oil-195ml\/#breadcrumb\",\"itemListElement\":[{\"@type\":\"ListItem\",\"position\":1,\"name\":\"\u0413\u043b\u0430\u0432\u043d\u0430\u044f \u0441\u0442\u0440\u0430\u043d\u0438\u0446\u0430\",\"item\":\"https:\/\/idakorea.ee\/\"},{\"@type\":\"ListItem\",\"position\":2,\"name\":\"Shop\",\"item\":\"https:\/\/idakorea.ee\/shop-2\/\"},{\"@type\":\"ListItem\",\"position\":3,\"name\":\"Toitev h\u00fcdrofiilne puhastus\u00f5li Mixsoon Bean Cleansing Oil, 195ml\"}]},{\"@type\":\"WebSite\",\"@id\":\"https:\/\/idakorea.ee\/#website\",\"url\":\"https:\/\/idakorea.ee\/\",\"name\":\"IDA.KOREA\",\"description\":\"Korea kosmeetika e-pood\",\"publisher\":{\"@id\":\"https:\/\/idakorea.ee\/#organization\"},\"alternateName\":\"Beauty Shop\",\"potentialAction\":[{\"@type\":\"SearchAction\",\"target\":{\"@type\":\"EntryPoint\",\"urlTemplate\":\"https:\/\/idakorea.ee\/?s={search_term_string}\"},\"query-input\":{\"@type\":\"PropertyValueSpecification\",\"valueRequired\":true,\"valueName\":\"search_term_string\"}}],\"inLanguage\":\"fi\"},{\"@type\":\"Organization\",\"@id\":\"https:\/\/idakorea.ee\/#organization\",\"name\":\"IDA.KOREA\",\"url\":\"https:\/\/idakorea.ee\/\",\"logo\":{\"@type\":\"ImageObject\",\"inLanguage\":\"fi\",\"@id\":\"https:\/\/idakorea.ee\/#\/schema\/logo\/image\/\",\"url\":\"https:\/\/idakorea.ee\/wp-content\/uploads\/2024\/05\/cropped-korea3.png\",\"contentUrl\":\"https:\/\/idakorea.ee\/wp-content\/uploads\/2024\/05\/cropped-korea3.png\",\"width\":688,\"height\":126,\"caption\":\"IDA.KOREA\"},\"image\":{\"@id\":\"https:\/\/idakorea.ee\/#\/schema\/logo\/image\/\"},\"sameAs\":[\"https:\/\/www.instagram.com\/ida.korea\/\"]}]}<\/script>\n<!-- \/ Yoast SEO plugin. -->","yoast_head_json":{"title":"Mixsoon Bean -puhdistus\u00f6ljy, 195ml - IDA.KOREA","description":"Hydrofiilinen puhdistus\u00f6ljy, joka sis\u00e4lt\u00e4\u00e4 soijapapuja ja tunkeutuu syv\u00e4lle ihohuokosiin ja poistaa lian, vedenkest\u00e4v\u00e4n meikin, meikkivoiteen ja aurinkosuojan.","robots":{"index":"index","follow":"follow","max-snippet":"max-snippet:-1","max-image-preview":"max-image-preview:large","max-video-preview":"max-video-preview:-1"},"canonical":"https:\/\/idakorea.ee\/fi\/product\/mixsoon-bean-cleansing-oil-195ml\/","og_locale":"fi_FI","og_type":"article","og_title":"Mixsoon Bean Cleansing Oil, 195ml - IDA.KOREA","og_description":"H\u00fcdrofiilne puhastus\u00f5li sojaubadega, mis tungib s\u00fcgavale pooridesse ja eemaldab mustusej\u00e4\u00e4gid, veekindla meigi, jumestuskreemid ja p\u00e4ikesekaitsevahendid","og_url":"https:\/\/idakorea.ee\/fi\/product\/mixsoon-bean-cleansing-oil-195ml\/","og_site_name":"IDA.KOREA","article_modified_time":"2026-03-07T12:55:12+00:00","og_image":[{"width":640,"height":640,"url":"https:\/\/idakorea.ee\/wp-content\/uploads\/2026\/01\/mixsoon_bean_cleansing_oil_195ml_idakorea.webp","type":"image\/webp"}],"twitter_card":"summary_large_image","twitter_misc":{"Arvioitu lukuaika":"2 minuuttia"},"schema":{"@context":"https:\/\/schema.org","@graph":[{"@type":"WebPage","@id":"https:\/\/idakorea.ee\/product\/mixsoon-bean-cleansing-oil-195ml\/","url":"https:\/\/idakorea.ee\/product\/mixsoon-bean-cleansing-oil-195ml\/","name":"Mixsoon Bean -puhdistus\u00f6ljy, 195ml - IDA.KOREA","isPartOf":{"@id":"https:\/\/idakorea.ee\/#website"},"primaryImageOfPage":{"@id":"https:\/\/idakorea.ee\/product\/mixsoon-bean-cleansing-oil-195ml\/#primaryimage"},"image":{"@id":"https:\/\/idakorea.ee\/product\/mixsoon-bean-cleansing-oil-195ml\/#primaryimage"},"thumbnailUrl":"https:\/\/idakorea.ee\/wp-content\/uploads\/2026\/01\/mixsoon_bean_cleansing_oil_195ml_idakorea.webp","datePublished":"2026-01-25T15:46:23+00:00","dateModified":"2026-03-07T12:55:12+00:00","description":"Hydrofiilinen puhdistus\u00f6ljy, joka sis\u00e4lt\u00e4\u00e4 soijapapuja ja tunkeutuu syv\u00e4lle ihohuokosiin ja poistaa lian, vedenkest\u00e4v\u00e4n meikin, meikkivoiteen ja aurinkosuojan.","breadcrumb":{"@id":"https:\/\/idakorea.ee\/product\/mixsoon-bean-cleansing-oil-195ml\/#breadcrumb"},"inLanguage":"fi","potentialAction":[{"@type":"ReadAction","target":["https:\/\/idakorea.ee\/product\/mixsoon-bean-cleansing-oil-195ml\/"]}]},{"@type":"ImageObject","inLanguage":"fi","@id":"https:\/\/idakorea.ee\/product\/mixsoon-bean-cleansing-oil-195ml\/#primaryimage","url":"https:\/\/idakorea.ee\/wp-content\/uploads\/2026\/01\/mixsoon_bean_cleansing_oil_195ml_idakorea.webp","contentUrl":"https:\/\/idakorea.ee\/wp-content\/uploads\/2026\/01\/mixsoon_bean_cleansing_oil_195ml_idakorea.webp","width":640,"height":640},{"@type":"BreadcrumbList","@id":"https:\/\/idakorea.ee\/product\/mixsoon-bean-cleansing-oil-195ml\/#breadcrumb","itemListElement":[{"@type":"ListItem","position":1,"name":"\u0413\u043b\u0430\u0432\u043d\u0430\u044f \u0441\u0442\u0440\u0430\u043d\u0438\u0446\u0430","item":"https:\/\/idakorea.ee\/"},{"@type":"ListItem","position":2,"name":"Shop","item":"https:\/\/idakorea.ee\/shop-2\/"},{"@type":"ListItem","position":3,"name":"Toitev h\u00fcdrofiilne puhastus\u00f5li Mixsoon Bean Cleansing Oil, 195ml"}]},{"@type":"WebSite","@id":"https:\/\/idakorea.ee\/#website","url":"https:\/\/idakorea.ee\/","name":"IDA.KOREA","description":"Korean kosmetiikan verkkokauppa","publisher":{"@id":"https:\/\/idakorea.ee\/#organization"},"alternateName":"Beauty Shop","potentialAction":[{"@type":"SearchAction","target":{"@type":"EntryPoint","urlTemplate":"https:\/\/idakorea.ee\/?s={search_term_string}"},"query-input":{"@type":"PropertyValueSpecification","valueRequired":true,"valueName":"search_term_string"}}],"inLanguage":"fi"},{"@type":"Organization","@id":"https:\/\/idakorea.ee\/#organization","name":"IDA.KOREA","url":"https:\/\/idakorea.ee\/","logo":{"@type":"ImageObject","inLanguage":"fi","@id":"https:\/\/idakorea.ee\/#\/schema\/logo\/image\/","url":"https:\/\/idakorea.ee\/wp-content\/uploads\/2024\/05\/cropped-korea3.png","contentUrl":"https:\/\/idakorea.ee\/wp-content\/uploads\/2024\/05\/cropped-korea3.png","width":688,"height":126,"caption":"IDA.KOREA"},"image":{"@id":"https:\/\/idakorea.ee\/#\/schema\/logo\/image\/"},"sameAs":["https:\/\/www.instagram.com\/ida.korea\/"]}]}},"jetpack_sharing_enabled":true,"brands":[{"id":1000,"name":"MIXSOON","slug":"mixsoon"}],"_links":{"self":[{"href":"https:\/\/idakorea.ee\/fi\/wp-json\/wp\/v2\/product\/17386","targetHints":{"allow":["GET"]}}],"collection":[{"href":"https:\/\/idakorea.ee\/fi\/wp-json\/wp\/v2\/product"}],"about":[{"href":"https:\/\/idakorea.ee\/fi\/wp-json\/wp\/v2\/types\/product"}],"replies":[{"embeddable":true,"href":"https:\/\/idakorea.ee\/fi\/wp-json\/wp\/v2\/comments?post=17386"}],"version-history":[{"count":2,"href":"https:\/\/idakorea.ee\/fi\/wp-json\/wp\/v2\/product\/17386\/revisions"}],"predecessor-version":[{"id":17441,"href":"https:\/\/idakorea.ee\/fi\/wp-json\/wp\/v2\/product\/17386\/revisions\/17441"}],"wp:featuredmedia":[{"embeddable":true,"href":"https:\/\/idakorea.ee\/fi\/wp-json\/wp\/v2\/media\/17387"}],"wp:attachment":[{"href":"https:\/\/idakorea.ee\/fi\/wp-json\/wp\/v2\/media?parent=17386"}],"wp:term":[{"taxonomy":"pwb-brand","embeddable":true,"href":"https:\/\/idakorea.ee\/fi\/wp-json\/wp\/v2\/pwb-brand?post=17386"},{"taxonomy":"product_brand","embeddable":true,"href":"https:\/\/idakorea.ee\/fi\/wp-json\/wp\/v2\/product_brand?post=17386"},{"taxonomy":"product_cat","embeddable":true,"href":"https:\/\/idakorea.ee\/fi\/wp-json\/wp\/v2\/product_cat?post=17386"},{"taxonomy":"product_tag","embeddable":true,"href":"https:\/\/idakorea.ee\/fi\/wp-json\/wp\/v2\/product_tag?post=17386"}],"curies":[{"name":"wp","href":"https:\/\/api.w.org\/{rel}","templated":true}]}}