{"id":17395,"date":"2026-01-26T13:21:30","date_gmt":"2026-01-26T11:21:30","guid":{"rendered":"https:\/\/idakorea.ee\/?post_type=product&#038;p=17395"},"modified":"2026-04-06T08:33:05","modified_gmt":"2026-04-06T06:33:05","slug":"the-history-of-whoo-gongjinhyang-intensive-nutritive-eye-cream","status":"publish","type":"product","link":"https:\/\/idakorea.ee\/fi\/product\/the-history-of-whoo-gongjinhyang-intensive-nutritive-eye-cream\/","title":{"rendered":"Ylellinen ravitseva silm\u00e4nymp\u00e4rysvoide The History of Whoo Gongjinhyang Intensive Nutritive Eye Cream"},"content":{"rendered":"<p data-start=\"54\" data-end=\"204\"><strong data-start=\"54\" data-end=\"107\">THE HISTORY OF WHOO Intensive Nutritive Eye Cream<\/strong> on ylellinen ravitseva silm\u00e4nymp\u00e4rysvoide, joka tarjoaa kokonaisvaltaista hoitoa herk\u00e4lle silm\u00e4nymp\u00e4rysiholle.<\/p>\n<p data-start=\"206\" data-end=\"795\"><strong data-start=\"206\" data-end=\"219\">Ravitsemus:<\/strong> Voide sis\u00e4lt\u00e4\u00e4 luonnollisten ainesosien kompleksin, joka ravitsee silm\u00e4nymp\u00e4rysihoa tehden siit\u00e4 kiinte\u00e4mm\u00e4n ja joustavamman.<br data-start=\"355\" data-end=\"358\" \/><strong data-start=\"358\" data-end=\"374\">Kastelu:<\/strong> Voide kosteuttaa ihoa tehokkaasti, lievitt\u00e4en kuivuutta ja hilseily\u00e4.<br data-start=\"444\" data-end=\"447\" \/><strong data-start=\"447\" data-end=\"469\">Ryppyjen silottaminen:<\/strong> Voide tasoittaa hienoja ryppyj\u00e4 ja ilmejuonteita tehden silmist\u00e4 nuorekkaamman ja s\u00e4teilev\u00e4mm\u00e4n n\u00e4k\u00f6iset.<br data-start=\"556\" data-end=\"559\" \/><strong data-start=\"559\" data-end=\"604\">Tummien silm\u00e4nalusten vaalentaminen:<\/strong> Voide auttaa v\u00e4hent\u00e4m\u00e4\u00e4n tummia silm\u00e4nalusia ja tasoittamaan ihon s\u00e4vy\u00e4.<br data-start=\"672\" data-end=\"675\" \/><strong data-start=\"675\" data-end=\"706\">Suojakerroksen vahvistaminen:<\/strong> Voide vahvistaa ihon suojakerrosta, mik\u00e4 tekee siit\u00e4 vastustuskykyisemm\u00e4n ulkoisille \u00e4rsykkeille.<\/p>\n<p data-start=\"797\" data-end=\"822\"><strong>T\u00e4rkeimm\u00e4t ainesosat:<\/strong><\/p>\n<p data-start=\"824\" data-end=\"1215\"><strong data-start=\"824\" data-end=\"847\">Hirvensarviuute<\/strong> \u2013 sill\u00e4 on nuorentavia, antioksidanttisia ja tulehdusta ehk\u00e4isevi\u00e4 vaikutuksia.<br data-start=\"910\" data-end=\"913\" \/><strong data-start=\"913\" data-end=\"934\">Ginseng-uute<\/strong> \u2013 sill\u00e4 on nuorentavia, antioksidanttisia ja tulehdusta ehk\u00e4isevi\u00e4 vaikutuksia.<br data-start=\"997\" data-end=\"1000\" \/><strong data-start=\"1000\" data-end=\"1026\">P\u00e4\u00e4skysenpes\u00e4uute<\/strong> \u2013 ravitseva, kosteuttava ja ik\u00e4\u00e4ntymist\u00e4 ehk\u00e4isev\u00e4 vaikutus.<br data-start=\"1072\" data-end=\"1075\" \/><strong data-start=\"1075\" data-end=\"1113\">Kuninkaallinen hyytel\u00f6<\/strong> \u2013 ravitseva, kosteuttava ja uudistava vaikutus.<br data-start=\"1150\" data-end=\"1153\" \/><strong data-start=\"1153\" data-end=\"1161\">Kulta<\/strong> \u2013 antioksidanttinen, tulehdusta ehk\u00e4isev\u00e4 ja uudistava vaikutus.<\/p>\n<p data-start=\"1217\" data-end=\"1232\"><strong>K\u00e4ytt\u00f6:<\/strong><\/p>\n<p data-start=\"1233\" data-end=\"1430\">Levit\u00e4 pieni m\u00e4\u00e4r\u00e4 voidetta puhdistetulle ja kasvovedelle silm\u00e4nymp\u00e4rysiholle. Levit\u00e4 hell\u00e4varaisesti taputtelevin liikkein. Anna voiteen imeyty\u00e4. Parhaan tuloksen saavuttamiseksi k\u00e4yt\u00e4 aamuin illoin.<\/p>","protected":false},"excerpt":{"rendered":"<p>WHOON HISTORIA Intensive Nutritive Eye Creamin historia on ylellinen ravitseva silm\u00e4nymp\u00e4rysvoide, joka tarjoaa kokonaisvaltaista hoitoa herk\u00e4lle silm\u00e4nymp\u00e4rysiholle. Ravitsemus: voide sis\u00e4lt\u00e4\u00e4 luonnollisten ainesosien kompleksin, joka ravitsee silm\u00e4nymp\u00e4rysihoa tehden siit\u00e4 kiinte\u00e4mm\u00e4n ja joustavamman. Kosteutus: voide kosteuttaa ihoa tehokkaasti lievitt\u00e4en kuivuutta ja hilseily\u00e4. Ryppyjen silottaminen: voide silottaa hienoja ryppyj\u00e4 ja ilmejuonteita, jolloin silm\u00e4t n\u00e4ytt\u00e4v\u00e4t nuorekkaammilta ja s\u00e4teilev\u00e4mmilt\u00e4. Tummat silm\u00e4naluset\u2026<\/p>","protected":false},"featured_media":17398,"comment_status":"open","ping_status":"closed","template":"","meta":{"_uf_show_specific_survey":0,"_uf_disable_surveys":false,"_bst_post_transparent":"default","_bst_post_title":"","_bst_post_layout":"default","_bst_post_sidebar_id":"","_bst_post_content_style":"default","_bst_post_vertical_padding":"default","_bst_post_feature":"","_bst_post_feature_position":"","_bst_post_header":false,"_bst_post_footer":false},"pwb-brand":[494],"product_brand":[],"product_cat":[92,99,201],"product_tag":[568,1077,1074,1075,1076],"class_list":{"0":"post-17395","1":"product","2":"type-product","3":"status-publish","4":"has-post-thumbnail","6":"pwb-brand-the-history-of-whoo","7":"product_cat-nagu","8":"product_cat-silmad-ja-huuled-2","9":"product_cat-silmakreem","10":"product_tag-korea","11":"product_tag-luksuslik-silmakreem","12":"product_tag-silmade-kreem","13":"product_tag-silmaumbruskreem","14":"product_tag-toitev-silmakreem","16":"first","17":"instock","18":"sale","19":"shipping-taxable","20":"purchasable","21":"product-type-variable","22":"has-default-attributes","23":"entry","24":"content-bg","25":"loop-entry"},"supplier_id":null,"supplier_sku":"","barcode":null,"atum_controlled":true,"out_stock_date":null,"out_stock_threshold":null,"inheritable":true,"inbound_stock":0,"stock_on_hold":0,"sold_today":0,"sales_last_days":5,"out_stock_days":0,"lost_sales":0,"has_location":false,"update_date":"2026-04-14T00:05:12","atum_locations":[],"atum_stock_status":"instock","restock_status":false,"low_stock_amount":"","sales_update_date":"2026-04-14T00:05:12","calc_backorders":null,"yoast_head":"<!-- This site is optimized with the Yoast SEO plugin v27.2 - https:\/\/yoast.com\/product\/yoast-seo-wordpress\/ -->\n<title>The History of Whoo Gongjinhyang Intensive Nutritive Eye Cream - IDA.KOREA<\/title>\n<meta name=\"description\" content=\"THE HISTORY OF WHOO Intensive Nutritive Eye Cream on luksuslik toitev silma\u00fcmbruskreem, mis pakub terviklikku hooldust \u00f5rnale silma\u00fcmbruse nahale.\" \/>\n<meta name=\"robots\" content=\"index, follow, max-snippet:-1, max-image-preview:large, max-video-preview:-1\" \/>\n<link rel=\"canonical\" href=\"https:\/\/idakorea.ee\/fi\/product\/the-history-of-whoo-gongjinhyang-intensive-nutritive-eye-cream\/\" \/>\n<meta property=\"og:locale\" content=\"fi_FI\" \/>\n<meta property=\"og:type\" content=\"article\" \/>\n<meta property=\"og:title\" content=\"The History of Whoo Gongjinhyang Intensive Nutritive Eye Cream - IDA.KOREA\" \/>\n<meta property=\"og:description\" content=\"THE HISTORY OF WHOO Intensive Nutritive Eye Cream on luksuslik toitev silma\u00fcmbruskreem, mis pakub terviklikku hooldust \u00f5rnale silma\u00fcmbruse nahale.\" \/>\n<meta property=\"og:url\" content=\"https:\/\/idakorea.ee\/fi\/product\/the-history-of-whoo-gongjinhyang-intensive-nutritive-eye-cream\/\" \/>\n<meta property=\"og:site_name\" content=\"IDA.KOREA\" \/>\n<meta property=\"article:modified_time\" content=\"2026-04-06T06:33:05+00:00\" \/>\n<meta property=\"og:image\" content=\"https:\/\/idakorea.ee\/wp-content\/uploads\/2026\/01\/Gongjinhyang-Intensive-Nutritive-eye-cream-idakorea.webp\" \/>\n\t<meta property=\"og:image:width\" content=\"1000\" \/>\n\t<meta property=\"og:image:height\" content=\"1000\" \/>\n\t<meta property=\"og:image:type\" content=\"image\/webp\" \/>\n<meta name=\"twitter:card\" content=\"summary_large_image\" \/>\n<meta name=\"twitter:label1\" content=\"Arvioitu lukuaika\" \/>\n\t<meta name=\"twitter:data1\" content=\"1 minuutti\" \/>\n<script type=\"application\/ld+json\" class=\"yoast-schema-graph\">{\"@context\":\"https:\/\/schema.org\",\"@graph\":[{\"@type\":\"WebPage\",\"@id\":\"https:\/\/idakorea.ee\/product\/the-history-of-whoo-gongjinhyang-intensive-nutritive-eye-cream\/\",\"url\":\"https:\/\/idakorea.ee\/product\/the-history-of-whoo-gongjinhyang-intensive-nutritive-eye-cream\/\",\"name\":\"The History of Whoo Gongjinhyang Intensive Nutritive Eye Cream - IDA.KOREA\",\"isPartOf\":{\"@id\":\"https:\/\/idakorea.ee\/#website\"},\"primaryImageOfPage\":{\"@id\":\"https:\/\/idakorea.ee\/product\/the-history-of-whoo-gongjinhyang-intensive-nutritive-eye-cream\/#primaryimage\"},\"image\":{\"@id\":\"https:\/\/idakorea.ee\/product\/the-history-of-whoo-gongjinhyang-intensive-nutritive-eye-cream\/#primaryimage\"},\"thumbnailUrl\":\"https:\/\/idakorea.ee\/wp-content\/uploads\/2026\/01\/Gongjinhyang-Intensive-Nutritive-eye-cream-idakorea.webp\",\"datePublished\":\"2026-01-26T11:21:30+00:00\",\"dateModified\":\"2026-04-06T06:33:05+00:00\",\"description\":\"THE HISTORY OF WHOO Intensive Nutritive Eye Cream on luksuslik toitev silma\u00fcmbruskreem, mis pakub terviklikku hooldust \u00f5rnale silma\u00fcmbruse nahale.\",\"breadcrumb\":{\"@id\":\"https:\/\/idakorea.ee\/product\/the-history-of-whoo-gongjinhyang-intensive-nutritive-eye-cream\/#breadcrumb\"},\"inLanguage\":\"fi\",\"potentialAction\":[{\"@type\":\"ReadAction\",\"target\":[\"https:\/\/idakorea.ee\/product\/the-history-of-whoo-gongjinhyang-intensive-nutritive-eye-cream\/\"]}]},{\"@type\":\"ImageObject\",\"inLanguage\":\"fi\",\"@id\":\"https:\/\/idakorea.ee\/product\/the-history-of-whoo-gongjinhyang-intensive-nutritive-eye-cream\/#primaryimage\",\"url\":\"https:\/\/idakorea.ee\/wp-content\/uploads\/2026\/01\/Gongjinhyang-Intensive-Nutritive-eye-cream-idakorea.webp\",\"contentUrl\":\"https:\/\/idakorea.ee\/wp-content\/uploads\/2026\/01\/Gongjinhyang-Intensive-Nutritive-eye-cream-idakorea.webp\",\"width\":1000,\"height\":1000},{\"@type\":\"BreadcrumbList\",\"@id\":\"https:\/\/idakorea.ee\/product\/the-history-of-whoo-gongjinhyang-intensive-nutritive-eye-cream\/#breadcrumb\",\"itemListElement\":[{\"@type\":\"ListItem\",\"position\":1,\"name\":\"\u0413\u043b\u0430\u0432\u043d\u0430\u044f \u0441\u0442\u0440\u0430\u043d\u0438\u0446\u0430\",\"item\":\"https:\/\/idakorea.ee\/\"},{\"@type\":\"ListItem\",\"position\":2,\"name\":\"Shop\",\"item\":\"https:\/\/idakorea.ee\/shop-2\/\"},{\"@type\":\"ListItem\",\"position\":3,\"name\":\"Luksuslik toitev silma\u00fcmbruskreem The History of Whoo Gongjinhyang Intensive Nutritive Eye Cream\"}]},{\"@type\":\"WebSite\",\"@id\":\"https:\/\/idakorea.ee\/#website\",\"url\":\"https:\/\/idakorea.ee\/\",\"name\":\"IDA.KOREA\",\"description\":\"Korea kosmeetika e-pood\",\"publisher\":{\"@id\":\"https:\/\/idakorea.ee\/#organization\"},\"alternateName\":\"Beauty Shop\",\"potentialAction\":[{\"@type\":\"SearchAction\",\"target\":{\"@type\":\"EntryPoint\",\"urlTemplate\":\"https:\/\/idakorea.ee\/?s={search_term_string}\"},\"query-input\":{\"@type\":\"PropertyValueSpecification\",\"valueRequired\":true,\"valueName\":\"search_term_string\"}}],\"inLanguage\":\"fi\"},{\"@type\":\"Organization\",\"@id\":\"https:\/\/idakorea.ee\/#organization\",\"name\":\"IDA.KOREA\",\"url\":\"https:\/\/idakorea.ee\/\",\"logo\":{\"@type\":\"ImageObject\",\"inLanguage\":\"fi\",\"@id\":\"https:\/\/idakorea.ee\/#\/schema\/logo\/image\/\",\"url\":\"https:\/\/idakorea.ee\/wp-content\/uploads\/2024\/05\/cropped-korea3.png\",\"contentUrl\":\"https:\/\/idakorea.ee\/wp-content\/uploads\/2024\/05\/cropped-korea3.png\",\"width\":688,\"height\":126,\"caption\":\"IDA.KOREA\"},\"image\":{\"@id\":\"https:\/\/idakorea.ee\/#\/schema\/logo\/image\/\"},\"sameAs\":[\"https:\/\/www.instagram.com\/ida.korea\/\"]}]}<\/script>\n<!-- \/ Yoast SEO plugin. -->","yoast_head_json":{"title":"Whoo Gongjinhyang Intensive Nutritive Eye Creamin historia - IDA.KOREA","description":"WHOON HISTORIA Intensive Nutritive Eye Cream on ylellinen ravitseva silm\u00e4nymp\u00e4rysvoide, joka tarjoaa kokonaisvaltaista hoitoa herk\u00e4lle silm\u00e4nymp\u00e4rysiholle.","robots":{"index":"index","follow":"follow","max-snippet":"max-snippet:-1","max-image-preview":"max-image-preview:large","max-video-preview":"max-video-preview:-1"},"canonical":"https:\/\/idakorea.ee\/fi\/product\/the-history-of-whoo-gongjinhyang-intensive-nutritive-eye-cream\/","og_locale":"fi_FI","og_type":"article","og_title":"The History of Whoo Gongjinhyang Intensive Nutritive Eye Cream - IDA.KOREA","og_description":"THE HISTORY OF WHOO Intensive Nutritive Eye Cream on luksuslik toitev silma\u00fcmbruskreem, mis pakub terviklikku hooldust \u00f5rnale silma\u00fcmbruse nahale.","og_url":"https:\/\/idakorea.ee\/fi\/product\/the-history-of-whoo-gongjinhyang-intensive-nutritive-eye-cream\/","og_site_name":"IDA.KOREA","article_modified_time":"2026-04-06T06:33:05+00:00","og_image":[{"width":1000,"height":1000,"url":"https:\/\/idakorea.ee\/wp-content\/uploads\/2026\/01\/Gongjinhyang-Intensive-Nutritive-eye-cream-idakorea.webp","type":"image\/webp"}],"twitter_card":"summary_large_image","twitter_misc":{"Arvioitu lukuaika":"1 minuutti"},"schema":{"@context":"https:\/\/schema.org","@graph":[{"@type":"WebPage","@id":"https:\/\/idakorea.ee\/product\/the-history-of-whoo-gongjinhyang-intensive-nutritive-eye-cream\/","url":"https:\/\/idakorea.ee\/product\/the-history-of-whoo-gongjinhyang-intensive-nutritive-eye-cream\/","name":"Whoo Gongjinhyang Intensive Nutritive Eye Creamin historia - IDA.KOREA","isPartOf":{"@id":"https:\/\/idakorea.ee\/#website"},"primaryImageOfPage":{"@id":"https:\/\/idakorea.ee\/product\/the-history-of-whoo-gongjinhyang-intensive-nutritive-eye-cream\/#primaryimage"},"image":{"@id":"https:\/\/idakorea.ee\/product\/the-history-of-whoo-gongjinhyang-intensive-nutritive-eye-cream\/#primaryimage"},"thumbnailUrl":"https:\/\/idakorea.ee\/wp-content\/uploads\/2026\/01\/Gongjinhyang-Intensive-Nutritive-eye-cream-idakorea.webp","datePublished":"2026-01-26T11:21:30+00:00","dateModified":"2026-04-06T06:33:05+00:00","description":"WHOON HISTORIA Intensive Nutritive Eye Cream on ylellinen ravitseva silm\u00e4nymp\u00e4rysvoide, joka tarjoaa kokonaisvaltaista hoitoa herk\u00e4lle silm\u00e4nymp\u00e4rysiholle.","breadcrumb":{"@id":"https:\/\/idakorea.ee\/product\/the-history-of-whoo-gongjinhyang-intensive-nutritive-eye-cream\/#breadcrumb"},"inLanguage":"fi","potentialAction":[{"@type":"ReadAction","target":["https:\/\/idakorea.ee\/product\/the-history-of-whoo-gongjinhyang-intensive-nutritive-eye-cream\/"]}]},{"@type":"ImageObject","inLanguage":"fi","@id":"https:\/\/idakorea.ee\/product\/the-history-of-whoo-gongjinhyang-intensive-nutritive-eye-cream\/#primaryimage","url":"https:\/\/idakorea.ee\/wp-content\/uploads\/2026\/01\/Gongjinhyang-Intensive-Nutritive-eye-cream-idakorea.webp","contentUrl":"https:\/\/idakorea.ee\/wp-content\/uploads\/2026\/01\/Gongjinhyang-Intensive-Nutritive-eye-cream-idakorea.webp","width":1000,"height":1000},{"@type":"BreadcrumbList","@id":"https:\/\/idakorea.ee\/product\/the-history-of-whoo-gongjinhyang-intensive-nutritive-eye-cream\/#breadcrumb","itemListElement":[{"@type":"ListItem","position":1,"name":"\u0413\u043b\u0430\u0432\u043d\u0430\u044f \u0441\u0442\u0440\u0430\u043d\u0438\u0446\u0430","item":"https:\/\/idakorea.ee\/"},{"@type":"ListItem","position":2,"name":"Shop","item":"https:\/\/idakorea.ee\/shop-2\/"},{"@type":"ListItem","position":3,"name":"Luksuslik toitev silma\u00fcmbruskreem The History of Whoo Gongjinhyang Intensive Nutritive Eye Cream"}]},{"@type":"WebSite","@id":"https:\/\/idakorea.ee\/#website","url":"https:\/\/idakorea.ee\/","name":"IDA.KOREA","description":"Korean kosmetiikan verkkokauppa","publisher":{"@id":"https:\/\/idakorea.ee\/#organization"},"alternateName":"Beauty Shop","potentialAction":[{"@type":"SearchAction","target":{"@type":"EntryPoint","urlTemplate":"https:\/\/idakorea.ee\/?s={search_term_string}"},"query-input":{"@type":"PropertyValueSpecification","valueRequired":true,"valueName":"search_term_string"}}],"inLanguage":"fi"},{"@type":"Organization","@id":"https:\/\/idakorea.ee\/#organization","name":"IDA.KOREA","url":"https:\/\/idakorea.ee\/","logo":{"@type":"ImageObject","inLanguage":"fi","@id":"https:\/\/idakorea.ee\/#\/schema\/logo\/image\/","url":"https:\/\/idakorea.ee\/wp-content\/uploads\/2024\/05\/cropped-korea3.png","contentUrl":"https:\/\/idakorea.ee\/wp-content\/uploads\/2024\/05\/cropped-korea3.png","width":688,"height":126,"caption":"IDA.KOREA"},"image":{"@id":"https:\/\/idakorea.ee\/#\/schema\/logo\/image\/"},"sameAs":["https:\/\/www.instagram.com\/ida.korea\/"]}]}},"jetpack_sharing_enabled":true,"brands":[{"id":494,"name":"WHOON HISTORIA","slug":"the-history-of-whoo"}],"_links":{"self":[{"href":"https:\/\/idakorea.ee\/fi\/wp-json\/wp\/v2\/product\/17395","targetHints":{"allow":["GET"]}}],"collection":[{"href":"https:\/\/idakorea.ee\/fi\/wp-json\/wp\/v2\/product"}],"about":[{"href":"https:\/\/idakorea.ee\/fi\/wp-json\/wp\/v2\/types\/product"}],"replies":[{"embeddable":true,"href":"https:\/\/idakorea.ee\/fi\/wp-json\/wp\/v2\/comments?post=17395"}],"version-history":[{"count":1,"href":"https:\/\/idakorea.ee\/fi\/wp-json\/wp\/v2\/product\/17395\/revisions"}],"predecessor-version":[{"id":17401,"href":"https:\/\/idakorea.ee\/fi\/wp-json\/wp\/v2\/product\/17395\/revisions\/17401"}],"wp:featuredmedia":[{"embeddable":true,"href":"https:\/\/idakorea.ee\/fi\/wp-json\/wp\/v2\/media\/17398"}],"wp:attachment":[{"href":"https:\/\/idakorea.ee\/fi\/wp-json\/wp\/v2\/media?parent=17395"}],"wp:term":[{"taxonomy":"pwb-brand","embeddable":true,"href":"https:\/\/idakorea.ee\/fi\/wp-json\/wp\/v2\/pwb-brand?post=17395"},{"taxonomy":"product_brand","embeddable":true,"href":"https:\/\/idakorea.ee\/fi\/wp-json\/wp\/v2\/product_brand?post=17395"},{"taxonomy":"product_cat","embeddable":true,"href":"https:\/\/idakorea.ee\/fi\/wp-json\/wp\/v2\/product_cat?post=17395"},{"taxonomy":"product_tag","embeddable":true,"href":"https:\/\/idakorea.ee\/fi\/wp-json\/wp\/v2\/product_tag?post=17395"}],"curies":[{"name":"wp","href":"https:\/\/api.w.org\/{rel}","templated":true}]}}