{"id":17403,"date":"2026-01-26T14:52:34","date_gmt":"2026-01-26T12:52:34","guid":{"rendered":"https:\/\/idakorea.ee\/?post_type=product&#038;p=17403"},"modified":"2026-04-09T14:43:18","modified_gmt":"2026-04-09T12:43:18","slug":"the-history-of-whoo-gongjinhyang-intensive-nutritive-cream","status":"publish","type":"product","link":"https:\/\/idakorea.ee\/fi\/product\/the-history-of-whoo-gongjinhyang-intensive-nutritive-cream\/","title":{"rendered":"Ravitseva ik\u00e4\u00e4ntymist\u00e4 ehk\u00e4isev\u00e4 kasvovoide The History of Whoo Gongjinhyang Intensive Nutritive Cream"},"content":{"rendered":"<p data-start=\"54\" data-end=\"364\"><strong data-start=\"54\" data-end=\"103\">THE HISTORY OF WHOO Intensive Nutritive Cream<\/strong> on ravitseva ik\u00e4\u00e4ntymist\u00e4 ehk\u00e4isev\u00e4 kasvovoide, joka sis\u00e4lt\u00e4\u00e4 tehokkaita nuorentavia ainesosia ja varmistaa ihon intensiivisen uudistumisen. Voide toimii aktiivisesti ryppyj\u00e4 vastaan, auttaa v\u00e4hent\u00e4m\u00e4\u00e4n kaikkia ik\u00e4\u00e4ntymisen merkkej\u00e4 ja poistaa kuivuutta, hilseily\u00e4 ja ihon ennenaikaista nuutumista.<\/p>\n<p data-start=\"366\" data-end=\"572\">Koostumus ei sis\u00e4ll\u00e4 s\u00e4il\u00f6nt\u00e4aineita, synteettisi\u00e4 hoitoaineiden korvikkeita, v\u00e4riaineita tai hajusteita. Se perustuu l\u00e4\u00e4kekasveihin, joita on perinteisesti k\u00e4ytetty keisarillisen perheen kosmetiikassa.<\/p>\n<p data-start=\"574\" data-end=\"725\">Erityisesti suositellaan syksyll\u00e4 ja talvella, kun iho menett\u00e4\u00e4 kosteutta, k\u00e4rsii vitamiinien puutteesta ja altistuu l\u00e4mp\u00f6tilan vaihteluille ja tuulelle.<\/p>\n<p data-start=\"732\" data-end=\"757\"><strong>T\u00e4rkeimm\u00e4t ainesosat:<\/strong><\/p>\n<ul>\n<li data-start=\"759\" data-end=\"1060\"><strong data-start=\"759\" data-end=\"775\">Acanthopanax<\/strong> \u2013 kasviper\u00e4inen immunostimulantti. Auttaa lis\u00e4\u00e4m\u00e4\u00e4n ihon vastustuskyky\u00e4, edist\u00e4\u00e4 toipumista vaurioiden ja aggressiivisten ymp\u00e4rist\u00f6tekij\u00f6iden vaikutuksista. Korkea tanniini-, rasva\u00f6ljy- ja happopitoisuus sek\u00e4 alkaloidit auttavat parantamaan solujen elinkyky\u00e4 ja stressinsietokyky\u00e4.<\/li>\n<li data-start=\"1062\" data-end=\"1448\"><strong data-start=\"1062\" data-end=\"1085\">Hirvensarviuute<\/strong> \u2013 runsaasti kollageenia, 18 aminohappoa, vitamiineja, hivenaineita, glutamiinihappoa, typpiyhdisteit\u00e4, lipidej\u00e4, proliinia, glysiini\u00e4 ja entsyymej\u00e4. Vaikuttaa voimakkaasti nuorentavasti ja stimuloivasti, lis\u00e4\u00e4 ihon elinvoimaa ja s\u00e4vy\u00e4, vahvistaa turgoria. Auttaa ihoa sopeutumaan ep\u00e4suotuisiin olosuhteisiin, v\u00e4hent\u00e4\u00e4 tulehdusta ja edist\u00e4\u00e4 haavaumien paranemista.<\/li>\n<li data-start=\"1450\" data-end=\"1676\"><strong data-start=\"1450\" data-end=\"1480\">Angelican juuri (Angelica)<\/strong> \u2013 nuorentaa ja parantaa ihon yleiskuntoa.<\/li>\n<li data-start=\"1450\" data-end=\"1676\"><strong data-start=\"1530\" data-end=\"1554\">Korealainen punainen ginseng<\/strong> tunnetaan kosmetiikassa tehokkaana ik\u00e4\u00e4ntymist\u00e4 ehk\u00e4isev\u00e4n\u00e4 ainesosana, joka auttaa torjumaan ihon veltostumista ja ryppyj\u00e4.<\/li>\n<\/ul>\n<p data-start=\"1683\" data-end=\"1718\"><strong>K\u00e4ytt\u00f6 (valmistajan suositusten mukaisesti):<\/strong><\/p>\n<ol data-start=\"1720\" data-end=\"1878\">\n<li data-start=\"1720\" data-end=\"1765\">\n<p data-start=\"1723\" data-end=\"1765\">Levit\u00e4 tarvittava m\u00e4\u00e4r\u00e4 voidetta k\u00e4mmeniisi.<\/p>\n<\/li>\n<li data-start=\"1766\" data-end=\"1811\">\n<p data-start=\"1769\" data-end=\"1811\">L\u00e4mmit\u00e4 sit\u00e4 k\u00e4sien v\u00e4liss\u00e4 muutaman minuutin ajan.<\/p>\n<\/li>\n<li data-start=\"1812\" data-end=\"1878\">\n<p data-start=\"1815\" data-end=\"1878\">Levit\u00e4 kasvoille hell\u00e4varaisesti taputtelevin (ei hankaavin) liikkein.<\/p>\n<\/li>\n<\/ol>\n<p data-start=\"1880\" data-end=\"2119\">Koska voide on valmistettu rohdoskasveista, valmistaja suosittelee sen k\u00e4ytt\u00f6\u00e4 my\u00f6s aromaterapiassa. L\u00e4mmit\u00e4 voidetta k\u00e4mmeniss\u00e4si ja hengit\u00e4 kasvien luonnollista tuoksua \u2013 t\u00e4m\u00e4 auttaa saamaan maksimaalisen hy\u00f6dyn sek\u00e4 kasvojen iholle ett\u00e4 koko vartalolle.<\/p>","protected":false},"excerpt":{"rendered":"<p>WHOO Intensive Nutritive Creamin historia on ravitseva ik\u00e4\u00e4ntymist\u00e4 ehk\u00e4isev\u00e4 kasvovoide, joka sis\u00e4lt\u00e4\u00e4 tehokkaita nuorentavia ainesosia ja varmistaa ihon intensiivisen uudistumisen. Voide toimii aktiivisesti ryppyj\u00e4 vastaan, auttaa v\u00e4hent\u00e4m\u00e4\u00e4n kaikkia ik\u00e4\u00e4ntymisen merkkej\u00e4 ja poistaa kuivuutta, hilseily\u00e4 ja ihon ennenaikaista kuihtumista. Koostumus ei sis\u00e4ll\u00e4 s\u00e4il\u00f6nt\u00e4aineita, synteettisi\u00e4 hoitoaineiden korvikkeita, v\u00e4riaineita tai hajusteita. Se perustuu perinteisesti k\u00e4ytettyihin l\u00e4\u00e4kekasveihin\u2026<\/p>","protected":false},"featured_media":17409,"comment_status":"open","ping_status":"closed","template":"","meta":{"_uf_show_specific_survey":0,"_uf_disable_surveys":false,"_bst_post_transparent":"default","_bst_post_title":"","_bst_post_layout":"default","_bst_post_sidebar_id":"","_bst_post_content_style":"default","_bst_post_vertical_padding":"default","_bst_post_feature":"","_bst_post_feature_position":"","_bst_post_header":false,"_bst_post_footer":false},"pwb-brand":[494],"product_brand":[],"product_cat":[92,96],"product_tag":[568,1079,1078],"class_list":{"0":"post-17403","1":"product","2":"type-product","3":"status-publish","4":"has-post-thumbnail","6":"pwb-brand-the-history-of-whoo","7":"product_cat-nagu","8":"product_cat-naokreemid","9":"product_tag-korea","10":"product_tag-naha-elastsus","11":"product_tag-vananemisvastane-hooldus-kortsude-vahendamine-naha-noorendamine","13":"first","14":"instock","15":"sale","16":"shipping-taxable","17":"purchasable","18":"product-type-variable","19":"has-default-attributes","20":"entry","21":"content-bg","22":"loop-entry"},"supplier_id":null,"supplier_sku":"","barcode":null,"atum_controlled":true,"out_stock_date":null,"out_stock_threshold":null,"inheritable":true,"inbound_stock":0,"stock_on_hold":0,"sold_today":0,"sales_last_days":10,"out_stock_days":0,"lost_sales":0,"has_location":false,"update_date":"2026-04-14T00:05:13","atum_locations":[],"atum_stock_status":"instock","restock_status":false,"low_stock_amount":"","sales_update_date":"2026-04-14T00:05:13","calc_backorders":null,"yoast_head":"<!-- This site is optimized with the Yoast SEO plugin v27.2 - https:\/\/yoast.com\/product\/yoast-seo-wordpress\/ -->\n<title>The History of Whoo Gongjinhyang Intensive Nutritive Cream - IDA.KOREA<\/title>\n<meta name=\"description\" content=\"Kreem toimib aktiivselt kortsude vastu, aitab v\u00e4hendada k\u00f5iki vananemism\u00e4rke ning k\u00f5rvaldab kuivuse, ketenduse ja enneaegse naha n\u00e4rbumise.\" \/>\n<meta name=\"robots\" content=\"index, follow, max-snippet:-1, max-image-preview:large, max-video-preview:-1\" \/>\n<link rel=\"canonical\" href=\"https:\/\/idakorea.ee\/fi\/product\/the-history-of-whoo-gongjinhyang-intensive-nutritive-cream\/\" \/>\n<meta property=\"og:locale\" content=\"fi_FI\" \/>\n<meta property=\"og:type\" content=\"article\" \/>\n<meta property=\"og:title\" content=\"The History of Whoo Gongjinhyang Intensive Nutritive Cream - IDA.KOREA\" \/>\n<meta property=\"og:description\" content=\"Kreem toimib aktiivselt kortsude vastu, aitab v\u00e4hendada k\u00f5iki vananemism\u00e4rke ning k\u00f5rvaldab kuivuse, ketenduse ja enneaegse naha n\u00e4rbumise.\" \/>\n<meta property=\"og:url\" content=\"https:\/\/idakorea.ee\/fi\/product\/the-history-of-whoo-gongjinhyang-intensive-nutritive-cream\/\" \/>\n<meta property=\"og:site_name\" content=\"IDA.KOREA\" \/>\n<meta property=\"article:modified_time\" content=\"2026-04-09T12:43:18+00:00\" \/>\n<meta property=\"og:image\" content=\"https:\/\/idakorea.ee\/wp-content\/uploads\/2026\/01\/thewhoocream-idakorea.jpg\" \/>\n\t<meta property=\"og:image:width\" content=\"700\" \/>\n\t<meta property=\"og:image:height\" content=\"702\" \/>\n\t<meta property=\"og:image:type\" content=\"image\/jpeg\" \/>\n<meta name=\"twitter:card\" content=\"summary_large_image\" \/>\n<meta name=\"twitter:label1\" content=\"Arvioitu lukuaika\" \/>\n\t<meta name=\"twitter:data1\" content=\"2 minuuttia\" \/>\n<script type=\"application\/ld+json\" class=\"yoast-schema-graph\">{\"@context\":\"https:\/\/schema.org\",\"@graph\":[{\"@type\":\"WebPage\",\"@id\":\"https:\/\/idakorea.ee\/product\/the-history-of-whoo-gongjinhyang-intensive-nutritive-cream\/\",\"url\":\"https:\/\/idakorea.ee\/product\/the-history-of-whoo-gongjinhyang-intensive-nutritive-cream\/\",\"name\":\"The History of Whoo Gongjinhyang Intensive Nutritive Cream - IDA.KOREA\",\"isPartOf\":{\"@id\":\"https:\/\/idakorea.ee\/#website\"},\"primaryImageOfPage\":{\"@id\":\"https:\/\/idakorea.ee\/product\/the-history-of-whoo-gongjinhyang-intensive-nutritive-cream\/#primaryimage\"},\"image\":{\"@id\":\"https:\/\/idakorea.ee\/product\/the-history-of-whoo-gongjinhyang-intensive-nutritive-cream\/#primaryimage\"},\"thumbnailUrl\":\"https:\/\/idakorea.ee\/wp-content\/uploads\/2026\/01\/thewhoocream-idakorea.jpg\",\"datePublished\":\"2026-01-26T12:52:34+00:00\",\"dateModified\":\"2026-04-09T12:43:18+00:00\",\"description\":\"Kreem toimib aktiivselt kortsude vastu, aitab v\u00e4hendada k\u00f5iki vananemism\u00e4rke ning k\u00f5rvaldab kuivuse, ketenduse ja enneaegse naha n\u00e4rbumise.\",\"breadcrumb\":{\"@id\":\"https:\/\/idakorea.ee\/product\/the-history-of-whoo-gongjinhyang-intensive-nutritive-cream\/#breadcrumb\"},\"inLanguage\":\"fi\",\"potentialAction\":[{\"@type\":\"ReadAction\",\"target\":[\"https:\/\/idakorea.ee\/product\/the-history-of-whoo-gongjinhyang-intensive-nutritive-cream\/\"]}]},{\"@type\":\"ImageObject\",\"inLanguage\":\"fi\",\"@id\":\"https:\/\/idakorea.ee\/product\/the-history-of-whoo-gongjinhyang-intensive-nutritive-cream\/#primaryimage\",\"url\":\"https:\/\/idakorea.ee\/wp-content\/uploads\/2026\/01\/thewhoocream-idakorea.jpg\",\"contentUrl\":\"https:\/\/idakorea.ee\/wp-content\/uploads\/2026\/01\/thewhoocream-idakorea.jpg\",\"width\":700,\"height\":702},{\"@type\":\"BreadcrumbList\",\"@id\":\"https:\/\/idakorea.ee\/product\/the-history-of-whoo-gongjinhyang-intensive-nutritive-cream\/#breadcrumb\",\"itemListElement\":[{\"@type\":\"ListItem\",\"position\":1,\"name\":\"\u0413\u043b\u0430\u0432\u043d\u0430\u044f \u0441\u0442\u0440\u0430\u043d\u0438\u0446\u0430\",\"item\":\"https:\/\/idakorea.ee\/\"},{\"@type\":\"ListItem\",\"position\":2,\"name\":\"Shop\",\"item\":\"https:\/\/idakorea.ee\/shop-2\/\"},{\"@type\":\"ListItem\",\"position\":3,\"name\":\"Toitev vananemisvastane n\u00e4okreem The History of Whoo Gongjinhyang Intensive Nutritive Cream\"}]},{\"@type\":\"WebSite\",\"@id\":\"https:\/\/idakorea.ee\/#website\",\"url\":\"https:\/\/idakorea.ee\/\",\"name\":\"IDA.KOREA\",\"description\":\"Korea kosmeetika e-pood\",\"publisher\":{\"@id\":\"https:\/\/idakorea.ee\/#organization\"},\"alternateName\":\"Beauty Shop\",\"potentialAction\":[{\"@type\":\"SearchAction\",\"target\":{\"@type\":\"EntryPoint\",\"urlTemplate\":\"https:\/\/idakorea.ee\/?s={search_term_string}\"},\"query-input\":{\"@type\":\"PropertyValueSpecification\",\"valueRequired\":true,\"valueName\":\"search_term_string\"}}],\"inLanguage\":\"fi\"},{\"@type\":\"Organization\",\"@id\":\"https:\/\/idakorea.ee\/#organization\",\"name\":\"IDA.KOREA\",\"url\":\"https:\/\/idakorea.ee\/\",\"logo\":{\"@type\":\"ImageObject\",\"inLanguage\":\"fi\",\"@id\":\"https:\/\/idakorea.ee\/#\/schema\/logo\/image\/\",\"url\":\"https:\/\/idakorea.ee\/wp-content\/uploads\/2024\/05\/cropped-korea3.png\",\"contentUrl\":\"https:\/\/idakorea.ee\/wp-content\/uploads\/2024\/05\/cropped-korea3.png\",\"width\":688,\"height\":126,\"caption\":\"IDA.KOREA\"},\"image\":{\"@id\":\"https:\/\/idakorea.ee\/#\/schema\/logo\/image\/\"},\"sameAs\":[\"https:\/\/www.instagram.com\/ida.korea\/\"]}]}<\/script>\n<!-- \/ Yoast SEO plugin. -->","yoast_head_json":{"title":"Whoo Gongjinhyang Intensive Nutritive Creamin historia - IDA.KOREA","description":"Voide toimii aktiivisesti ryppyj\u00e4 vastaan, auttaa v\u00e4hent\u00e4m\u00e4\u00e4n kaikkia ik\u00e4\u00e4ntymisen merkkej\u00e4 ja poistaa kuivuutta, hilseily\u00e4 ja ihon ennenaikaista nuutumista.","robots":{"index":"index","follow":"follow","max-snippet":"max-snippet:-1","max-image-preview":"max-image-preview:large","max-video-preview":"max-video-preview:-1"},"canonical":"https:\/\/idakorea.ee\/fi\/product\/the-history-of-whoo-gongjinhyang-intensive-nutritive-cream\/","og_locale":"fi_FI","og_type":"article","og_title":"The History of Whoo Gongjinhyang Intensive Nutritive Cream - IDA.KOREA","og_description":"Kreem toimib aktiivselt kortsude vastu, aitab v\u00e4hendada k\u00f5iki vananemism\u00e4rke ning k\u00f5rvaldab kuivuse, ketenduse ja enneaegse naha n\u00e4rbumise.","og_url":"https:\/\/idakorea.ee\/fi\/product\/the-history-of-whoo-gongjinhyang-intensive-nutritive-cream\/","og_site_name":"IDA.KOREA","article_modified_time":"2026-04-09T12:43:18+00:00","og_image":[{"width":700,"height":702,"url":"https:\/\/idakorea.ee\/wp-content\/uploads\/2026\/01\/thewhoocream-idakorea.jpg","type":"image\/jpeg"}],"twitter_card":"summary_large_image","twitter_misc":{"Arvioitu lukuaika":"2 minuuttia"},"schema":{"@context":"https:\/\/schema.org","@graph":[{"@type":"WebPage","@id":"https:\/\/idakorea.ee\/product\/the-history-of-whoo-gongjinhyang-intensive-nutritive-cream\/","url":"https:\/\/idakorea.ee\/product\/the-history-of-whoo-gongjinhyang-intensive-nutritive-cream\/","name":"Whoo Gongjinhyang Intensive Nutritive Creamin historia - IDA.KOREA","isPartOf":{"@id":"https:\/\/idakorea.ee\/#website"},"primaryImageOfPage":{"@id":"https:\/\/idakorea.ee\/product\/the-history-of-whoo-gongjinhyang-intensive-nutritive-cream\/#primaryimage"},"image":{"@id":"https:\/\/idakorea.ee\/product\/the-history-of-whoo-gongjinhyang-intensive-nutritive-cream\/#primaryimage"},"thumbnailUrl":"https:\/\/idakorea.ee\/wp-content\/uploads\/2026\/01\/thewhoocream-idakorea.jpg","datePublished":"2026-01-26T12:52:34+00:00","dateModified":"2026-04-09T12:43:18+00:00","description":"Voide toimii aktiivisesti ryppyj\u00e4 vastaan, auttaa v\u00e4hent\u00e4m\u00e4\u00e4n kaikkia ik\u00e4\u00e4ntymisen merkkej\u00e4 ja poistaa kuivuutta, hilseily\u00e4 ja ihon ennenaikaista nuutumista.","breadcrumb":{"@id":"https:\/\/idakorea.ee\/product\/the-history-of-whoo-gongjinhyang-intensive-nutritive-cream\/#breadcrumb"},"inLanguage":"fi","potentialAction":[{"@type":"ReadAction","target":["https:\/\/idakorea.ee\/product\/the-history-of-whoo-gongjinhyang-intensive-nutritive-cream\/"]}]},{"@type":"ImageObject","inLanguage":"fi","@id":"https:\/\/idakorea.ee\/product\/the-history-of-whoo-gongjinhyang-intensive-nutritive-cream\/#primaryimage","url":"https:\/\/idakorea.ee\/wp-content\/uploads\/2026\/01\/thewhoocream-idakorea.jpg","contentUrl":"https:\/\/idakorea.ee\/wp-content\/uploads\/2026\/01\/thewhoocream-idakorea.jpg","width":700,"height":702},{"@type":"BreadcrumbList","@id":"https:\/\/idakorea.ee\/product\/the-history-of-whoo-gongjinhyang-intensive-nutritive-cream\/#breadcrumb","itemListElement":[{"@type":"ListItem","position":1,"name":"\u0413\u043b\u0430\u0432\u043d\u0430\u044f \u0441\u0442\u0440\u0430\u043d\u0438\u0446\u0430","item":"https:\/\/idakorea.ee\/"},{"@type":"ListItem","position":2,"name":"Shop","item":"https:\/\/idakorea.ee\/shop-2\/"},{"@type":"ListItem","position":3,"name":"Toitev vananemisvastane n\u00e4okreem The History of Whoo Gongjinhyang Intensive Nutritive Cream"}]},{"@type":"WebSite","@id":"https:\/\/idakorea.ee\/#website","url":"https:\/\/idakorea.ee\/","name":"IDA.KOREA","description":"Korean kosmetiikan verkkokauppa","publisher":{"@id":"https:\/\/idakorea.ee\/#organization"},"alternateName":"Beauty Shop","potentialAction":[{"@type":"SearchAction","target":{"@type":"EntryPoint","urlTemplate":"https:\/\/idakorea.ee\/?s={search_term_string}"},"query-input":{"@type":"PropertyValueSpecification","valueRequired":true,"valueName":"search_term_string"}}],"inLanguage":"fi"},{"@type":"Organization","@id":"https:\/\/idakorea.ee\/#organization","name":"IDA.KOREA","url":"https:\/\/idakorea.ee\/","logo":{"@type":"ImageObject","inLanguage":"fi","@id":"https:\/\/idakorea.ee\/#\/schema\/logo\/image\/","url":"https:\/\/idakorea.ee\/wp-content\/uploads\/2024\/05\/cropped-korea3.png","contentUrl":"https:\/\/idakorea.ee\/wp-content\/uploads\/2024\/05\/cropped-korea3.png","width":688,"height":126,"caption":"IDA.KOREA"},"image":{"@id":"https:\/\/idakorea.ee\/#\/schema\/logo\/image\/"},"sameAs":["https:\/\/www.instagram.com\/ida.korea\/"]}]}},"jetpack_sharing_enabled":true,"brands":[{"id":494,"name":"WHOON HISTORIA","slug":"the-history-of-whoo"}],"_links":{"self":[{"href":"https:\/\/idakorea.ee\/fi\/wp-json\/wp\/v2\/product\/17403","targetHints":{"allow":["GET"]}}],"collection":[{"href":"https:\/\/idakorea.ee\/fi\/wp-json\/wp\/v2\/product"}],"about":[{"href":"https:\/\/idakorea.ee\/fi\/wp-json\/wp\/v2\/types\/product"}],"replies":[{"embeddable":true,"href":"https:\/\/idakorea.ee\/fi\/wp-json\/wp\/v2\/comments?post=17403"}],"version-history":[{"count":1,"href":"https:\/\/idakorea.ee\/fi\/wp-json\/wp\/v2\/product\/17403\/revisions"}],"predecessor-version":[{"id":17408,"href":"https:\/\/idakorea.ee\/fi\/wp-json\/wp\/v2\/product\/17403\/revisions\/17408"}],"wp:featuredmedia":[{"embeddable":true,"href":"https:\/\/idakorea.ee\/fi\/wp-json\/wp\/v2\/media\/17409"}],"wp:attachment":[{"href":"https:\/\/idakorea.ee\/fi\/wp-json\/wp\/v2\/media?parent=17403"}],"wp:term":[{"taxonomy":"pwb-brand","embeddable":true,"href":"https:\/\/idakorea.ee\/fi\/wp-json\/wp\/v2\/pwb-brand?post=17403"},{"taxonomy":"product_brand","embeddable":true,"href":"https:\/\/idakorea.ee\/fi\/wp-json\/wp\/v2\/product_brand?post=17403"},{"taxonomy":"product_cat","embeddable":true,"href":"https:\/\/idakorea.ee\/fi\/wp-json\/wp\/v2\/product_cat?post=17403"},{"taxonomy":"product_tag","embeddable":true,"href":"https:\/\/idakorea.ee\/fi\/wp-json\/wp\/v2\/product_tag?post=17403"}],"curies":[{"name":"wp","href":"https:\/\/api.w.org\/{rel}","templated":true}]}}