{"id":1745,"date":"2024-05-31T12:08:16","date_gmt":"2024-05-31T12:08:16","guid":{"rendered":"https:\/\/idakorea.ee\/?post_type=product&#038;p=1745"},"modified":"2026-04-03T14:35:29","modified_gmt":"2026-04-03T12:35:29","slug":"medi-peel-peptide-9-volume-lifting-all-in-one-essence-pro","status":"publish","type":"product","link":"https:\/\/idakorea.ee\/fi\/product\/medi-peel-peptide-9-volume-lifting-all-in-one-essence-pro\/","title":{"rendered":"Hapettavat esanssit, joissa on peptidej\u00e4 Medi-Peel Peptide 9 Volume Lifting All In One Essence Pro, 100 ml."},"content":{"rendered":"<p><strong>Medi-Peel Peptide 9 Volume Lifting All In One Essence Pro <\/strong>\u00a0on tarkoitettu iholle, jolla on selvi\u00e4 ik\u00e4\u00e4n liittyvi\u00e4 muutoksia, kuten ryppyj\u00e4, veltostumista, halkeamia ja t\u00e4ytel\u00e4ist\u00e4 kasvonpiirrett\u00e4.<\/p>\n<p>Tehokkaat patentoidut aktiiviset ainesosat toimivat synergisesti elvytt\u00e4vien ainesosien kanssa kiinteytt\u00e4en ja kiinteytt\u00e4en ihoa, tasoittaen hienoja juonteita ja v\u00e4hent\u00e4en staattisten ryppyjen syvyytt\u00e4.<\/p>\n<p>Tuote t\u00e4ytt\u00e4\u00e4 ep\u00e4tasaiset mikroreliefit ja palauttaa ihon luonnollisen t\u00e4ytel\u00e4isyyden, kiinteyden ja volyymin.<\/p>\n<p>Stimuloi kollageenikuitujen synteesi\u00e4 ja lis\u00e4\u00e4 ihon kimmoisuutta. Auttaa yll\u00e4pit\u00e4m\u00e4\u00e4n kasvojen \u00e4\u00e4riviivojen selkeytt\u00e4 ja soikeutta.<\/p>\n<p>Voiteen s\u00e4\u00e4nn\u00f6llinen k\u00e4ytt\u00f6 j\u00e4tt\u00e4\u00e4 ihon sile\u00e4ksi, ravituksi, kiinte\u00e4ksi ja s\u00e4teilev\u00e4ksi.<\/p>\n<p>Medi-Peel Peptide 9 Volume Lifting All In One Essence Pro sis\u00e4lt\u00e4\u00e4 peptidikompleksia, polymetyylihappoa, volufiliinia, useita patentoituja ainesosia, luonnollisia uutteita, laktobasillentsyymi\u00e4, hydrolysoitua kollageenia ja elastiinia.<\/p>\n<p>Tuote sis\u00e4lt\u00e4\u00e4 tehokkaan peptidikompleksin, joka sis\u00e4lt\u00e4\u00e4 sek\u00e4 signalointi- ett\u00e4 lihasrelaksanttipeptidej\u00e4:<\/p>\n<p>Syn-Ake ja Argireline rentouttavat kasvolihaksia, silottavat kasvojuonteita ja est\u00e4v\u00e4t uusien muodostumista;<\/p>\n<ul>\n<li>Nonapeptidi-1 ehk\u00e4isee ik\u00e4\u00e4n liittyvien vaurioiden muodostumista ja tasoittaa ihon s\u00e4vy\u00e4;<\/li>\n<li>Kuparitripeptidi stimuloi ihon uudistumista ja parantaa ihon kimmoisuutta;<\/li>\n<li>Tripeptidi-1 torjuu valoik\u00e4\u00e4ntymist\u00e4 ja est\u00e4\u00e4 kollageenikuitujen hajoamista;<\/li>\n<li>Heksapeptidi-9 ja heksapeptidi-11 aktivoivat omaa kollageenisynteesi\u00e4, mik\u00e4 v\u00e4hent\u00e4\u00e4 ryppyjen pinta-alaa ja syvyytt\u00e4;<\/li>\n<li>Palmitoyylipentapeptidi-4 parantaa ihon rakennetta ja on yht\u00e4 tehokas kuin retinoli, turvallinen eik\u00e4 \u00e4rsyt\u00e4 ihoa.<\/li>\n<\/ul>\n<p><strong>Medi-Peel Peptide 9 Volume Lifting All In One Essence Pro\u00a0<\/strong>Siin\u00e4 on kevyt kukkaistuoksu ja ep\u00e4tavallinen koostumus. Tuotteen kermainen koostumus muuttuu hapesta k\u00e4sin pieniksi kupliksi, jotka parantavat mikroverenkiertoa, hapettavat ihoa ja lis\u00e4\u00e4v\u00e4t ihon l\u00e4p\u00e4isevyytt\u00e4.<\/p>\n<p>T\u00e4m\u00e4 hoitoaine sopii p\u00e4ivitt\u00e4iseen hoitoon aamuin ja\/tai illoin. Se voi korvata yhden tai useamman hoitovaiheen tai sit\u00e4 voidaan k\u00e4ytt\u00e4\u00e4 kokonaisvaltaisena hoitotuotteena.<\/p>\n<p>Suosittelemme Medi-Peel Peptide 9 Volume Lifting All In One Essence Pro -tuotetta:<\/p>\n<ul>\n<li>Kuivalle, kuivuuteen taipuvaiselle, normaalille tai sekaiholle;<\/li>\n<li>Aktiiviseen kiinteytykseen ja ik\u00e4\u00e4ntymisen merkkien vastaiseen hoitoon.<\/li>\n<\/ul>\n<p>&nbsp;<\/p>\n<p><strong>K\u00e4ytt\u00f6:\u00a0<\/strong>Levit\u00e4 emulsiona puhdistetulle iholle tai kasvoveden j\u00e4lkeen. Anna vaikuttaa hetken ja hiero sitten hell\u00e4varaisesti.<\/p>","protected":false},"excerpt":{"rendered":"<p>Medi-Peel Peptide 9 Volume Lifting All In One Essence Pro on suunniteltu iholle, jolla on voimakkaita ik\u00e4\u00e4n liittyvi\u00e4 muutoksia, kuten ryppyj\u00e4, veltostumista, rikkonaisuutta ja veltostunutta kasvojen ihoa. Tehokkaat patentoidut aktiiviaineet synergisoivat elvytt\u00e4vien ainesosien kanssa kiinteytt\u00e4\u00e4kseen ja kirist\u00e4kseen ihoa, tasoittaakseen ilmejuonteita ja v\u00e4hent\u00e4\u00e4kseen staattisten ryppyjen syvyytt\u00e4. Tuote t\u00e4ytt\u00e4\u00e4 ep\u00e4tasaisen mikro-reliefin ja palauttaa ihon luonnollisen t\u00e4ytel\u00e4isyyden, kiinteyden...<\/p>","protected":false},"featured_media":1748,"comment_status":"open","ping_status":"closed","template":"","meta":{"_uf_show_specific_survey":0,"_uf_disable_surveys":false,"_bst_post_transparent":"default","_bst_post_title":"","_bst_post_layout":"default","_bst_post_sidebar_id":"","_bst_post_content_style":"default","_bst_post_vertical_padding":"default","_bst_post_feature":"","_bst_post_feature_position":"","_bst_post_header":false,"_bst_post_footer":false},"pwb-brand":[107],"product_brand":[],"product_cat":[92,97],"product_tag":[381],"class_list":{"0":"post-1745","1":"product","2":"type-product","3":"status-publish","4":"has-post-thumbnail","6":"pwb-brand-medipeel","7":"product_cat-nagu","8":"product_cat-naoseerumid-ja-olid","9":"product_tag-medipeel","11":"first","12":"instock","13":"sale","14":"shipping-taxable","15":"purchasable","16":"product-type-simple","17":"entry","18":"content-bg","19":"loop-entry"},"supplier_id":null,"supplier_sku":"","barcode":null,"atum_controlled":true,"out_stock_date":null,"out_stock_threshold":null,"inheritable":false,"inbound_stock":0,"stock_on_hold":0,"sold_today":0,"sales_last_days":0,"out_stock_days":0,"lost_sales":0,"has_location":false,"update_date":"2026-04-14T00:05:10","atum_locations":[],"atum_stock_status":"instock","restock_status":false,"low_stock_amount":"","sales_update_date":"2026-04-14T00:05:10","calc_backorders":null,"yoast_head":"<!-- This site is optimized with the Yoast SEO plugin v27.2 - https:\/\/yoast.com\/product\/yoast-seo-wordpress\/ -->\n<title>Medi-Peel Peptide 9 Volume Lifting All In One Essence Pro<\/title>\n<meta name=\"description\" content=\"Medi-Peel Peptide 9 Volume Lifting All In One Essence Pro t\u00e4idab eba\u00fchtlast mikrorelissi ja taastab naha loomuliku t\u00e4idluse, pinguldatuse ja vol\u00fc\u00fcmi.\" \/>\n<meta name=\"robots\" content=\"index, follow, max-snippet:-1, max-image-preview:large, max-video-preview:-1\" \/>\n<link rel=\"canonical\" href=\"https:\/\/idakorea.ee\/fi\/product\/medi-peel-peptide-9-volume-lifting-all-in-one-essence-pro\/\" \/>\n<meta property=\"og:locale\" content=\"fi_FI\" \/>\n<meta property=\"og:type\" content=\"article\" \/>\n<meta property=\"og:title\" content=\"Medi-Peel Peptide 9 Volume Lifting All In One Essence Pro\" \/>\n<meta property=\"og:description\" content=\"Medi-Peel Peptide 9 Volume Lifting All In One Essence Pro t\u00e4idab eba\u00fchtlast mikrorelissi ja taastab naha loomuliku t\u00e4idluse, pinguldatuse ja vol\u00fc\u00fcmi.\" \/>\n<meta property=\"og:url\" content=\"https:\/\/idakorea.ee\/fi\/product\/medi-peel-peptide-9-volume-lifting-all-in-one-essence-pro\/\" \/>\n<meta property=\"og:site_name\" content=\"IDA.KOREA\" \/>\n<meta property=\"article:modified_time\" content=\"2026-04-03T12:35:29+00:00\" \/>\n<meta property=\"og:image\" content=\"https:\/\/idakorea.ee\/wp-content\/uploads\/2024\/05\/hollyshop-_-2024_02_10T161544.140-_1_.jpg\" \/>\n\t<meta property=\"og:image:width\" content=\"1000\" \/>\n\t<meta property=\"og:image:height\" content=\"1000\" \/>\n\t<meta property=\"og:image:type\" content=\"image\/jpeg\" \/>\n<meta name=\"twitter:card\" content=\"summary_large_image\" \/>\n<meta name=\"twitter:label1\" content=\"Arvioitu lukuaika\" \/>\n\t<meta name=\"twitter:data1\" content=\"2 minuuttia\" \/>\n<script type=\"application\/ld+json\" class=\"yoast-schema-graph\">{\"@context\":\"https:\/\/schema.org\",\"@graph\":[{\"@type\":\"WebPage\",\"@id\":\"https:\/\/idakorea.ee\/product\/medi-peel-peptide-9-volume-lifting-all-in-one-essence-pro\/\",\"url\":\"https:\/\/idakorea.ee\/product\/medi-peel-peptide-9-volume-lifting-all-in-one-essence-pro\/\",\"name\":\"Medi-Peel Peptide 9 Volume Lifting All In One Essence Pro\",\"isPartOf\":{\"@id\":\"https:\/\/idakorea.ee\/#website\"},\"primaryImageOfPage\":{\"@id\":\"https:\/\/idakorea.ee\/product\/medi-peel-peptide-9-volume-lifting-all-in-one-essence-pro\/#primaryimage\"},\"image\":{\"@id\":\"https:\/\/idakorea.ee\/product\/medi-peel-peptide-9-volume-lifting-all-in-one-essence-pro\/#primaryimage\"},\"thumbnailUrl\":\"https:\/\/idakorea.ee\/wp-content\/uploads\/2024\/05\/hollyshop-_-2024_02_10T161544.140-_1_.jpg\",\"datePublished\":\"2024-05-31T12:08:16+00:00\",\"dateModified\":\"2026-04-03T12:35:29+00:00\",\"description\":\"Medi-Peel Peptide 9 Volume Lifting All In One Essence Pro t\u00e4idab eba\u00fchtlast mikrorelissi ja taastab naha loomuliku t\u00e4idluse, pinguldatuse ja vol\u00fc\u00fcmi.\",\"breadcrumb\":{\"@id\":\"https:\/\/idakorea.ee\/product\/medi-peel-peptide-9-volume-lifting-all-in-one-essence-pro\/#breadcrumb\"},\"inLanguage\":\"fi\",\"potentialAction\":[{\"@type\":\"ReadAction\",\"target\":[\"https:\/\/idakorea.ee\/product\/medi-peel-peptide-9-volume-lifting-all-in-one-essence-pro\/\"]}]},{\"@type\":\"ImageObject\",\"inLanguage\":\"fi\",\"@id\":\"https:\/\/idakorea.ee\/product\/medi-peel-peptide-9-volume-lifting-all-in-one-essence-pro\/#primaryimage\",\"url\":\"https:\/\/idakorea.ee\/wp-content\/uploads\/2024\/05\/hollyshop-_-2024_02_10T161544.140-_1_.jpg\",\"contentUrl\":\"https:\/\/idakorea.ee\/wp-content\/uploads\/2024\/05\/hollyshop-_-2024_02_10T161544.140-_1_.jpg\",\"width\":1000,\"height\":1000},{\"@type\":\"BreadcrumbList\",\"@id\":\"https:\/\/idakorea.ee\/product\/medi-peel-peptide-9-volume-lifting-all-in-one-essence-pro\/#breadcrumb\",\"itemListElement\":[{\"@type\":\"ListItem\",\"position\":1,\"name\":\"\u0413\u043b\u0430\u0432\u043d\u0430\u044f \u0441\u0442\u0440\u0430\u043d\u0438\u0446\u0430\",\"item\":\"https:\/\/idakorea.ee\/\"},{\"@type\":\"ListItem\",\"position\":2,\"name\":\"Shop\",\"item\":\"https:\/\/idakorea.ee\/shop-2\/\"},{\"@type\":\"ListItem\",\"position\":3,\"name\":\"Hapnikku essents peptiididega Medi-Peel Peptide 9 Volume Lifting All In One Essence Pro, 100 ml\"}]},{\"@type\":\"WebSite\",\"@id\":\"https:\/\/idakorea.ee\/#website\",\"url\":\"https:\/\/idakorea.ee\/\",\"name\":\"IDA.KOREA\",\"description\":\"Korea kosmeetika e-pood\",\"publisher\":{\"@id\":\"https:\/\/idakorea.ee\/#organization\"},\"alternateName\":\"Beauty Shop\",\"potentialAction\":[{\"@type\":\"SearchAction\",\"target\":{\"@type\":\"EntryPoint\",\"urlTemplate\":\"https:\/\/idakorea.ee\/?s={search_term_string}\"},\"query-input\":{\"@type\":\"PropertyValueSpecification\",\"valueRequired\":true,\"valueName\":\"search_term_string\"}}],\"inLanguage\":\"fi\"},{\"@type\":\"Organization\",\"@id\":\"https:\/\/idakorea.ee\/#organization\",\"name\":\"IDA.KOREA\",\"url\":\"https:\/\/idakorea.ee\/\",\"logo\":{\"@type\":\"ImageObject\",\"inLanguage\":\"fi\",\"@id\":\"https:\/\/idakorea.ee\/#\/schema\/logo\/image\/\",\"url\":\"https:\/\/idakorea.ee\/wp-content\/uploads\/2024\/05\/cropped-korea3.png\",\"contentUrl\":\"https:\/\/idakorea.ee\/wp-content\/uploads\/2024\/05\/cropped-korea3.png\",\"width\":688,\"height\":126,\"caption\":\"IDA.KOREA\"},\"image\":{\"@id\":\"https:\/\/idakorea.ee\/#\/schema\/logo\/image\/\"},\"sameAs\":[\"https:\/\/www.instagram.com\/ida.korea\/\"]}]}<\/script>\n<!-- \/ Yoast SEO plugin. -->","yoast_head_json":{"title":"Medi-Peel Peptide 9 Volume Lifting All In One Essence Pro","description":"Medi-Peel Peptide 9 Volume Lifting All In One Essence Pro t\u00e4ytt\u00e4\u00e4 ep\u00e4tasaiset mikroreliefit ja palauttaa ihon luonnollisen t\u00e4ytel\u00e4isyyden, kiinteyden ja volyymin.","robots":{"index":"index","follow":"follow","max-snippet":"max-snippet:-1","max-image-preview":"max-image-preview:large","max-video-preview":"max-video-preview:-1"},"canonical":"https:\/\/idakorea.ee\/fi\/product\/medi-peel-peptide-9-volume-lifting-all-in-one-essence-pro\/","og_locale":"fi_FI","og_type":"article","og_title":"Medi-Peel Peptide 9 Volume Lifting All In One Essence Pro","og_description":"Medi-Peel Peptide 9 Volume Lifting All In One Essence Pro t\u00e4idab eba\u00fchtlast mikrorelissi ja taastab naha loomuliku t\u00e4idluse, pinguldatuse ja vol\u00fc\u00fcmi.","og_url":"https:\/\/idakorea.ee\/fi\/product\/medi-peel-peptide-9-volume-lifting-all-in-one-essence-pro\/","og_site_name":"IDA.KOREA","article_modified_time":"2026-04-03T12:35:29+00:00","og_image":[{"width":1000,"height":1000,"url":"https:\/\/idakorea.ee\/wp-content\/uploads\/2024\/05\/hollyshop-_-2024_02_10T161544.140-_1_.jpg","type":"image\/jpeg"}],"twitter_card":"summary_large_image","twitter_misc":{"Arvioitu lukuaika":"2 minuuttia"},"schema":{"@context":"https:\/\/schema.org","@graph":[{"@type":"WebPage","@id":"https:\/\/idakorea.ee\/product\/medi-peel-peptide-9-volume-lifting-all-in-one-essence-pro\/","url":"https:\/\/idakorea.ee\/product\/medi-peel-peptide-9-volume-lifting-all-in-one-essence-pro\/","name":"Medi-Peel Peptide 9 Volume Lifting All In One Essence Pro","isPartOf":{"@id":"https:\/\/idakorea.ee\/#website"},"primaryImageOfPage":{"@id":"https:\/\/idakorea.ee\/product\/medi-peel-peptide-9-volume-lifting-all-in-one-essence-pro\/#primaryimage"},"image":{"@id":"https:\/\/idakorea.ee\/product\/medi-peel-peptide-9-volume-lifting-all-in-one-essence-pro\/#primaryimage"},"thumbnailUrl":"https:\/\/idakorea.ee\/wp-content\/uploads\/2024\/05\/hollyshop-_-2024_02_10T161544.140-_1_.jpg","datePublished":"2024-05-31T12:08:16+00:00","dateModified":"2026-04-03T12:35:29+00:00","description":"Medi-Peel Peptide 9 Volume Lifting All In One Essence Pro t\u00e4ytt\u00e4\u00e4 ep\u00e4tasaiset mikroreliefit ja palauttaa ihon luonnollisen t\u00e4ytel\u00e4isyyden, kiinteyden ja volyymin.","breadcrumb":{"@id":"https:\/\/idakorea.ee\/product\/medi-peel-peptide-9-volume-lifting-all-in-one-essence-pro\/#breadcrumb"},"inLanguage":"fi","potentialAction":[{"@type":"ReadAction","target":["https:\/\/idakorea.ee\/product\/medi-peel-peptide-9-volume-lifting-all-in-one-essence-pro\/"]}]},{"@type":"ImageObject","inLanguage":"fi","@id":"https:\/\/idakorea.ee\/product\/medi-peel-peptide-9-volume-lifting-all-in-one-essence-pro\/#primaryimage","url":"https:\/\/idakorea.ee\/wp-content\/uploads\/2024\/05\/hollyshop-_-2024_02_10T161544.140-_1_.jpg","contentUrl":"https:\/\/idakorea.ee\/wp-content\/uploads\/2024\/05\/hollyshop-_-2024_02_10T161544.140-_1_.jpg","width":1000,"height":1000},{"@type":"BreadcrumbList","@id":"https:\/\/idakorea.ee\/product\/medi-peel-peptide-9-volume-lifting-all-in-one-essence-pro\/#breadcrumb","itemListElement":[{"@type":"ListItem","position":1,"name":"\u0413\u043b\u0430\u0432\u043d\u0430\u044f \u0441\u0442\u0440\u0430\u043d\u0438\u0446\u0430","item":"https:\/\/idakorea.ee\/"},{"@type":"ListItem","position":2,"name":"Shop","item":"https:\/\/idakorea.ee\/shop-2\/"},{"@type":"ListItem","position":3,"name":"Hapnikku essents peptiididega Medi-Peel Peptide 9 Volume Lifting All In One Essence Pro, 100 ml"}]},{"@type":"WebSite","@id":"https:\/\/idakorea.ee\/#website","url":"https:\/\/idakorea.ee\/","name":"IDA.KOREA","description":"Korean kosmetiikan verkkokauppa","publisher":{"@id":"https:\/\/idakorea.ee\/#organization"},"alternateName":"Beauty Shop","potentialAction":[{"@type":"SearchAction","target":{"@type":"EntryPoint","urlTemplate":"https:\/\/idakorea.ee\/?s={search_term_string}"},"query-input":{"@type":"PropertyValueSpecification","valueRequired":true,"valueName":"search_term_string"}}],"inLanguage":"fi"},{"@type":"Organization","@id":"https:\/\/idakorea.ee\/#organization","name":"IDA.KOREA","url":"https:\/\/idakorea.ee\/","logo":{"@type":"ImageObject","inLanguage":"fi","@id":"https:\/\/idakorea.ee\/#\/schema\/logo\/image\/","url":"https:\/\/idakorea.ee\/wp-content\/uploads\/2024\/05\/cropped-korea3.png","contentUrl":"https:\/\/idakorea.ee\/wp-content\/uploads\/2024\/05\/cropped-korea3.png","width":688,"height":126,"caption":"IDA.KOREA"},"image":{"@id":"https:\/\/idakorea.ee\/#\/schema\/logo\/image\/"},"sameAs":["https:\/\/www.instagram.com\/ida.korea\/"]}]}},"jetpack_sharing_enabled":true,"brands":[{"id":107,"name":"MEDIPEEL+","slug":"medipeel"}],"_links":{"self":[{"href":"https:\/\/idakorea.ee\/fi\/wp-json\/wp\/v2\/product\/1745","targetHints":{"allow":["GET"]}}],"collection":[{"href":"https:\/\/idakorea.ee\/fi\/wp-json\/wp\/v2\/product"}],"about":[{"href":"https:\/\/idakorea.ee\/fi\/wp-json\/wp\/v2\/types\/product"}],"replies":[{"embeddable":true,"href":"https:\/\/idakorea.ee\/fi\/wp-json\/wp\/v2\/comments?post=1745"}],"version-history":[{"count":3,"href":"https:\/\/idakorea.ee\/fi\/wp-json\/wp\/v2\/product\/1745\/revisions"}],"predecessor-version":[{"id":14295,"href":"https:\/\/idakorea.ee\/fi\/wp-json\/wp\/v2\/product\/1745\/revisions\/14295"}],"wp:featuredmedia":[{"embeddable":true,"href":"https:\/\/idakorea.ee\/fi\/wp-json\/wp\/v2\/media\/1748"}],"wp:attachment":[{"href":"https:\/\/idakorea.ee\/fi\/wp-json\/wp\/v2\/media?parent=1745"}],"wp:term":[{"taxonomy":"pwb-brand","embeddable":true,"href":"https:\/\/idakorea.ee\/fi\/wp-json\/wp\/v2\/pwb-brand?post=1745"},{"taxonomy":"product_brand","embeddable":true,"href":"https:\/\/idakorea.ee\/fi\/wp-json\/wp\/v2\/product_brand?post=1745"},{"taxonomy":"product_cat","embeddable":true,"href":"https:\/\/idakorea.ee\/fi\/wp-json\/wp\/v2\/product_cat?post=1745"},{"taxonomy":"product_tag","embeddable":true,"href":"https:\/\/idakorea.ee\/fi\/wp-json\/wp\/v2\/product_tag?post=1745"}],"curies":[{"name":"wp","href":"https:\/\/api.w.org\/{rel}","templated":true}]}}