{"id":1760,"date":"2024-05-31T12:21:30","date_gmt":"2024-05-31T12:21:30","guid":{"rendered":"https:\/\/idakorea.ee\/?post_type=product&#038;p=1760"},"modified":"2026-03-20T13:00:22","modified_gmt":"2026-03-20T11:00:22","slug":"medi-peel-peptide-9-volume-bio-tox-pro-ampoule","status":"publish","type":"product","link":"https:\/\/idakorea.ee\/fi\/product\/medi-peel-peptide-9-volume-bio-tox-pro-ampoule\/","title":{"rendered":"Ik\u00e4\u00e4ntymist\u00e4 ehk\u00e4isev\u00e4 seerumi Medi-Peel Peptide 9 Volume Bio Tox Pro Ampoule, 100ml"},"content":{"rendered":"<p><strong>Medi-Peel Peptide 9 Volume Bio Tox Ampoule Pro<\/strong> on nuorentavan ampulliseerumin vahvistettu versio, joka sis\u00e4lt\u00e4\u00e4 suuremman pitoisuuden aktiivisia ainesosia, mink\u00e4 ansiosta se toimii nopeammin ja tehokkaammin.<\/p>\n<p>Tuote v\u00e4hent\u00e4\u00e4 ryppyjen syvyytt\u00e4, palauttaa ihon kimmoisuuden ja tiheyden, antaa iholle kimmoisuutta ja tasaista hehkua, suojaa oksidatiiviselta stressilt\u00e4. Antaa terveen hehkun ja tasaisen s\u00e4vyn, poistaa sameutta ja kiinteytt\u00e4\u00e4 t\u00e4ydellisesti.<\/p>\n<p>Poistaa kuivuutta ja hilseily\u00e4, kosteuttaa syv\u00e4sti, vahvistaa ihon luonnollista suojakerrosta. S\u00e4ilytt\u00e4\u00e4 kosteuden soluissa, ehk\u00e4isee kuivumista, lievitt\u00e4\u00e4 \u00e4rsytyst\u00e4 ja rauhoittaa ihoa. Geelim\u00e4inen koostumus.<\/p>\n<p>Sis\u00e4lt\u00e4\u00e4 9 peptidin kompleksin, mukaan lukien signaalipeptidej\u00e4, lihasrelaksantteja ja peptidej\u00e4, joilla on tulehdusta est\u00e4vi\u00e4 ja kirkastavia vaikutuksia. Peptidit k\u00e4ynnist\u00e4v\u00e4t kollageenin ja hyaluronihapon tuotannon, est\u00e4v\u00e4t kollageenikuitujen hajoamista ja vahvistavat soluv\u00e4liainetta. T\u00e4m\u00e4n ansiosta peptidikompleksi v\u00e4hent\u00e4\u00e4 ryppyjen ja juonteiden syvyytt\u00e4, v\u00e4hent\u00e4\u00e4 ik\u00e4\u00e4ntymisen ja valoik\u00e4\u00e4ntymisen merkkej\u00e4 sek\u00e4 saa ihon n\u00e4ytt\u00e4m\u00e4\u00e4n nuoremmalta.<\/p>\n<p>Volufiliini (Anemarrhena Asphodeloides -juuriuute) lis\u00e4\u00e4 ihon volyymia ja tiheytt\u00e4, silottaa ryppyverkostoa ja tasoittaa ihon n\u00e4kyvyytt\u00e4 tarjoten lipofillingin kaltaisen vaikutuksen.<\/p>\n<p><strong>Muita vaikuttavia aineita:<\/strong><\/p>\n<ul>\n<li><strong>Astaksantiini<\/strong> \u2014 voimakas antioksidantti, jota kutsutaan t\u00e4rkeimm\u00e4ksi \u201dnuoruuden antioksidantiksi\u201d. Astaksantiini vaikuttaa aktiivisesti kaikissa epidermiksen kerroksissa, suojaa UV-s\u00e4teilyn aiheuttamilta vaurioilta, v\u00e4hent\u00e4\u00e4 ryppyj\u00e4 ja vaalentaa ik\u00e4l\u00e4iski\u00e4.<\/li>\n<li><strong>Ektoiin<\/strong> \u2014 orgaaninen aminohappo, joka suojaa tehokkaasti ulkoisilta tekij\u00f6ilt\u00e4 ja UV-s\u00e4teilylt\u00e4, sill\u00e4 on tulehdusta est\u00e4v\u00e4 vaikutus. Rauhoittaa ja pehment\u00e4\u00e4 ihoa, v\u00e4hent\u00e4\u00e4 punoitusta.<\/li>\n<li><strong>Hydrolysoitu kollageeni<\/strong> Kosteuttaa tehokkaasti, auttaa ihoa s\u00e4ilytt\u00e4m\u00e4\u00e4n kosteuden, parantaa sen rakennetta, stimuloi uudistumisprosesseja ja taistelee ryppyj\u00e4 vastaan.<\/li>\n<li><strong>MultiEx BSASM\u00ae Plus<\/strong> \u2014 patentoitu yrttiyhdistelm\u00e4, joka sis\u00e4lt\u00e4\u00e4 rosmariinia, kamomillaa, kameliaa, centellaa, lakritsia, tattaria ja Baikalin maarianohdaketta. Tukahduttaa tulehdusprosessia, sill\u00e4 on antiseptinen vaikutus ja se ehk\u00e4isee bakteerien lis\u00e4\u00e4ntymist\u00e4. T\u00e4ydellinen ruusufinnin, laajentuneiden ihohuokosten ja ep\u00e4tasaisen ihonv\u00e4rin kanssa kamppailevalle iholle.<\/li>\n<li><strong>9 erilaista hyaluronihappoa<\/strong> Tunkeutuu epidermiksen syviin kerroksiin, kosteuttaa aktiivisesti ja yll\u00e4pit\u00e4\u00e4 optimaalista kosteustasoa. Muodostaa suojaavan kerroksen, joka est\u00e4\u00e4 kosteuden haihtumisen.<\/li>\n<li><strong>Niasiiniamidi (B3-vitamiini)<\/strong> tasoittaa ihon s\u00e4vy\u00e4, parantaa ihonv\u00e4ri\u00e4, stimuloi kollageenin tuotantoa, kirkastaa, hidastaa melaniinin kulkeutumista ihoon ja vahvistaa hydrolipidikerrosta.<\/li>\n<li><strong>Hydrolysoidut glykosaminoglykaanit<\/strong> \u2014 mukopolysakkaridit, ihon luonnollisen suojakerroksen osat. Ne korjaavat vaurioita, torjuvat kuivuutta ja \u00e4rsytyst\u00e4.<\/li>\n<\/ul>\n<p>Sopii normaalille, sekaiholle ja kuivalle iholle.<\/p>\n<p><strong>K\u00e4ytt\u00f6opas:<\/strong> Pesun ja kasvoveden j\u00e4lkeen levit\u00e4 ampulli kasvoillesi ja levit\u00e4 tasaisesti iholle.<\/p>","protected":false},"excerpt":{"rendered":"<p>Medi-Peel Peptide 9 Volume Bio Tox Ampoule Pro on parannettu versio nuorentavasta ampullista, joka sis\u00e4lt\u00e4\u00e4 korkeamman pitoisuuden aktiivisia ainesosia, mink\u00e4 ansiosta se toimii nopeammin ja tehokkaammin. Tuote v\u00e4hent\u00e4\u00e4 ryppyjen syvyytt\u00e4, palauttaa ihon kimmoisuuden ja tiheyden, antaa iholle kimmoisuutta ja sile\u00e4\u00e4 rakennetta, suojaa hapettumisstressilt\u00e4. Antaa terveen hehkun ja tasaisen s\u00e4vyn, poistaa sameutta ja kiinteytt\u00e4\u00e4 ihoa.....<\/p>","protected":false},"featured_media":1761,"comment_status":"open","ping_status":"closed","template":"","meta":{"_uf_show_specific_survey":0,"_uf_disable_surveys":false,"_bst_post_transparent":"default","_bst_post_title":"","_bst_post_layout":"default","_bst_post_sidebar_id":"","_bst_post_content_style":"default","_bst_post_vertical_padding":"default","_bst_post_feature":"","_bst_post_feature_position":"","_bst_post_header":false,"_bst_post_footer":false},"pwb-brand":[107],"product_brand":[],"product_cat":[92,97],"product_tag":[895,249,381],"class_list":{"0":"post-1760","1":"product","2":"type-product","3":"status-publish","4":"has-post-thumbnail","6":"pwb-brand-medipeel","7":"product_cat-nagu","8":"product_cat-naoseerumid-ja-olid","9":"product_tag-ampoule","10":"product_tag-medi-peel","11":"product_tag-medipeel","13":"first","14":"instock","15":"sale","16":"shipping-taxable","17":"purchasable","18":"product-type-simple","19":"entry","20":"content-bg","21":"loop-entry"},"supplier_id":null,"supplier_sku":"","barcode":null,"atum_controlled":true,"out_stock_date":null,"out_stock_threshold":null,"inheritable":false,"inbound_stock":0,"stock_on_hold":0,"sold_today":0,"sales_last_days":1,"out_stock_days":0,"lost_sales":0,"has_location":false,"update_date":"2026-04-14T00:05:09","atum_locations":[],"atum_stock_status":"instock","restock_status":false,"low_stock_amount":"","sales_update_date":"2026-04-14T00:05:09","calc_backorders":null,"yoast_head":"<!-- This site is optimized with the Yoast SEO plugin v27.2 - https:\/\/yoast.com\/product\/yoast-seo-wordpress\/ -->\n<title>Medi-Peel Peptide 9 Volume Bio Tox Pro Ampoule - IDA.KOREA<\/title>\n<meta name=\"description\" content=\"Toode v\u00e4hendab kortsude s\u00fcgavust, taastab naha elastsuse ja tiheduse, annab nahale elastsuse ja sileda reljeefi, kaitseb oks\u00fcdatiivse stressi eest.\" \/>\n<meta name=\"robots\" content=\"index, follow, max-snippet:-1, max-image-preview:large, max-video-preview:-1\" \/>\n<link rel=\"canonical\" href=\"https:\/\/idakorea.ee\/fi\/product\/medi-peel-peptide-9-volume-bio-tox-pro-ampoule\/\" \/>\n<meta property=\"og:locale\" content=\"fi_FI\" \/>\n<meta property=\"og:type\" content=\"article\" \/>\n<meta property=\"og:title\" content=\"Medi-Peel Peptide 9 Volume Bio Tox Pro Ampoule - IDA.KOREA\" \/>\n<meta property=\"og:description\" content=\"Toode v\u00e4hendab kortsude s\u00fcgavust, taastab naha elastsuse ja tiheduse, annab nahale elastsuse ja sileda reljeefi, kaitseb oks\u00fcdatiivse stressi eest.\" \/>\n<meta property=\"og:url\" content=\"https:\/\/idakorea.ee\/fi\/product\/medi-peel-peptide-9-volume-bio-tox-pro-ampoule\/\" \/>\n<meta property=\"og:site_name\" content=\"IDA.KOREA\" \/>\n<meta property=\"article:modified_time\" content=\"2026-03-20T11:00:22+00:00\" \/>\n<meta property=\"og:image\" content=\"https:\/\/idakorea.ee\/wp-content\/uploads\/2024\/05\/Medi_Peel-Peptide-9-Volume-Bio-Tox-Ampoule-Pro.jpg\" \/>\n\t<meta property=\"og:image:width\" content=\"1000\" \/>\n\t<meta property=\"og:image:height\" content=\"1000\" \/>\n\t<meta property=\"og:image:type\" content=\"image\/jpeg\" \/>\n<meta name=\"twitter:card\" content=\"summary_large_image\" \/>\n<meta name=\"twitter:label1\" content=\"Arvioitu lukuaika\" \/>\n\t<meta name=\"twitter:data1\" content=\"2 minuuttia\" \/>\n<script type=\"application\/ld+json\" class=\"yoast-schema-graph\">{\"@context\":\"https:\/\/schema.org\",\"@graph\":[{\"@type\":\"WebPage\",\"@id\":\"https:\/\/idakorea.ee\/product\/medi-peel-peptide-9-volume-bio-tox-pro-ampoule\/\",\"url\":\"https:\/\/idakorea.ee\/product\/medi-peel-peptide-9-volume-bio-tox-pro-ampoule\/\",\"name\":\"Medi-Peel Peptide 9 Volume Bio Tox Pro Ampoule - IDA.KOREA\",\"isPartOf\":{\"@id\":\"https:\/\/idakorea.ee\/#website\"},\"primaryImageOfPage\":{\"@id\":\"https:\/\/idakorea.ee\/product\/medi-peel-peptide-9-volume-bio-tox-pro-ampoule\/#primaryimage\"},\"image\":{\"@id\":\"https:\/\/idakorea.ee\/product\/medi-peel-peptide-9-volume-bio-tox-pro-ampoule\/#primaryimage\"},\"thumbnailUrl\":\"https:\/\/idakorea.ee\/wp-content\/uploads\/2024\/05\/Medi_Peel-Peptide-9-Volume-Bio-Tox-Ampoule-Pro.jpg\",\"datePublished\":\"2024-05-31T12:21:30+00:00\",\"dateModified\":\"2026-03-20T11:00:22+00:00\",\"description\":\"Toode v\u00e4hendab kortsude s\u00fcgavust, taastab naha elastsuse ja tiheduse, annab nahale elastsuse ja sileda reljeefi, kaitseb oks\u00fcdatiivse stressi eest.\",\"breadcrumb\":{\"@id\":\"https:\/\/idakorea.ee\/product\/medi-peel-peptide-9-volume-bio-tox-pro-ampoule\/#breadcrumb\"},\"inLanguage\":\"fi\",\"potentialAction\":[{\"@type\":\"ReadAction\",\"target\":[\"https:\/\/idakorea.ee\/product\/medi-peel-peptide-9-volume-bio-tox-pro-ampoule\/\"]}]},{\"@type\":\"ImageObject\",\"inLanguage\":\"fi\",\"@id\":\"https:\/\/idakorea.ee\/product\/medi-peel-peptide-9-volume-bio-tox-pro-ampoule\/#primaryimage\",\"url\":\"https:\/\/idakorea.ee\/wp-content\/uploads\/2024\/05\/Medi_Peel-Peptide-9-Volume-Bio-Tox-Ampoule-Pro.jpg\",\"contentUrl\":\"https:\/\/idakorea.ee\/wp-content\/uploads\/2024\/05\/Medi_Peel-Peptide-9-Volume-Bio-Tox-Ampoule-Pro.jpg\",\"width\":1000,\"height\":1000},{\"@type\":\"BreadcrumbList\",\"@id\":\"https:\/\/idakorea.ee\/product\/medi-peel-peptide-9-volume-bio-tox-pro-ampoule\/#breadcrumb\",\"itemListElement\":[{\"@type\":\"ListItem\",\"position\":1,\"name\":\"\u0413\u043b\u0430\u0432\u043d\u0430\u044f \u0441\u0442\u0440\u0430\u043d\u0438\u0446\u0430\",\"item\":\"https:\/\/idakorea.ee\/\"},{\"@type\":\"ListItem\",\"position\":2,\"name\":\"Shop\",\"item\":\"https:\/\/idakorea.ee\/shop-2\/\"},{\"@type\":\"ListItem\",\"position\":3,\"name\":\"Vananemisvastane seerum Medi-Peel Peptide 9 Volume Bio Tox Pro Ampoule, 100ml\"}]},{\"@type\":\"WebSite\",\"@id\":\"https:\/\/idakorea.ee\/#website\",\"url\":\"https:\/\/idakorea.ee\/\",\"name\":\"IDA.KOREA\",\"description\":\"Korea kosmeetika e-pood\",\"publisher\":{\"@id\":\"https:\/\/idakorea.ee\/#organization\"},\"alternateName\":\"Beauty Shop\",\"potentialAction\":[{\"@type\":\"SearchAction\",\"target\":{\"@type\":\"EntryPoint\",\"urlTemplate\":\"https:\/\/idakorea.ee\/?s={search_term_string}\"},\"query-input\":{\"@type\":\"PropertyValueSpecification\",\"valueRequired\":true,\"valueName\":\"search_term_string\"}}],\"inLanguage\":\"fi\"},{\"@type\":\"Organization\",\"@id\":\"https:\/\/idakorea.ee\/#organization\",\"name\":\"IDA.KOREA\",\"url\":\"https:\/\/idakorea.ee\/\",\"logo\":{\"@type\":\"ImageObject\",\"inLanguage\":\"fi\",\"@id\":\"https:\/\/idakorea.ee\/#\/schema\/logo\/image\/\",\"url\":\"https:\/\/idakorea.ee\/wp-content\/uploads\/2024\/05\/cropped-korea3.png\",\"contentUrl\":\"https:\/\/idakorea.ee\/wp-content\/uploads\/2024\/05\/cropped-korea3.png\",\"width\":688,\"height\":126,\"caption\":\"IDA.KOREA\"},\"image\":{\"@id\":\"https:\/\/idakorea.ee\/#\/schema\/logo\/image\/\"},\"sameAs\":[\"https:\/\/www.instagram.com\/ida.korea\/\"]}]}<\/script>\n<!-- \/ Yoast SEO plugin. -->","yoast_head_json":{"title":"Medi-Peel Peptide 9 Volume Bio Tox Pro -ampulli - IDA.KOREA","description":"Tuote v\u00e4hent\u00e4\u00e4 ryppyjen syvyytt\u00e4, palauttaa ihon kimmoisuuden ja tiheyden, antaa iholle kimmoisuutta ja sile\u00e4\u00e4 tunnetta sek\u00e4 suojaa oksidatiiviselta stressilt\u00e4.","robots":{"index":"index","follow":"follow","max-snippet":"max-snippet:-1","max-image-preview":"max-image-preview:large","max-video-preview":"max-video-preview:-1"},"canonical":"https:\/\/idakorea.ee\/fi\/product\/medi-peel-peptide-9-volume-bio-tox-pro-ampoule\/","og_locale":"fi_FI","og_type":"article","og_title":"Medi-Peel Peptide 9 Volume Bio Tox Pro Ampoule - IDA.KOREA","og_description":"Toode v\u00e4hendab kortsude s\u00fcgavust, taastab naha elastsuse ja tiheduse, annab nahale elastsuse ja sileda reljeefi, kaitseb oks\u00fcdatiivse stressi eest.","og_url":"https:\/\/idakorea.ee\/fi\/product\/medi-peel-peptide-9-volume-bio-tox-pro-ampoule\/","og_site_name":"IDA.KOREA","article_modified_time":"2026-03-20T11:00:22+00:00","og_image":[{"width":1000,"height":1000,"url":"https:\/\/idakorea.ee\/wp-content\/uploads\/2024\/05\/Medi_Peel-Peptide-9-Volume-Bio-Tox-Ampoule-Pro.jpg","type":"image\/jpeg"}],"twitter_card":"summary_large_image","twitter_misc":{"Arvioitu lukuaika":"2 minuuttia"},"schema":{"@context":"https:\/\/schema.org","@graph":[{"@type":"WebPage","@id":"https:\/\/idakorea.ee\/product\/medi-peel-peptide-9-volume-bio-tox-pro-ampoule\/","url":"https:\/\/idakorea.ee\/product\/medi-peel-peptide-9-volume-bio-tox-pro-ampoule\/","name":"Medi-Peel Peptide 9 Volume Bio Tox Pro -ampulli - IDA.KOREA","isPartOf":{"@id":"https:\/\/idakorea.ee\/#website"},"primaryImageOfPage":{"@id":"https:\/\/idakorea.ee\/product\/medi-peel-peptide-9-volume-bio-tox-pro-ampoule\/#primaryimage"},"image":{"@id":"https:\/\/idakorea.ee\/product\/medi-peel-peptide-9-volume-bio-tox-pro-ampoule\/#primaryimage"},"thumbnailUrl":"https:\/\/idakorea.ee\/wp-content\/uploads\/2024\/05\/Medi_Peel-Peptide-9-Volume-Bio-Tox-Ampoule-Pro.jpg","datePublished":"2024-05-31T12:21:30+00:00","dateModified":"2026-03-20T11:00:22+00:00","description":"Tuote v\u00e4hent\u00e4\u00e4 ryppyjen syvyytt\u00e4, palauttaa ihon kimmoisuuden ja tiheyden, antaa iholle kimmoisuutta ja sile\u00e4\u00e4 tunnetta sek\u00e4 suojaa oksidatiiviselta stressilt\u00e4.","breadcrumb":{"@id":"https:\/\/idakorea.ee\/product\/medi-peel-peptide-9-volume-bio-tox-pro-ampoule\/#breadcrumb"},"inLanguage":"fi","potentialAction":[{"@type":"ReadAction","target":["https:\/\/idakorea.ee\/product\/medi-peel-peptide-9-volume-bio-tox-pro-ampoule\/"]}]},{"@type":"ImageObject","inLanguage":"fi","@id":"https:\/\/idakorea.ee\/product\/medi-peel-peptide-9-volume-bio-tox-pro-ampoule\/#primaryimage","url":"https:\/\/idakorea.ee\/wp-content\/uploads\/2024\/05\/Medi_Peel-Peptide-9-Volume-Bio-Tox-Ampoule-Pro.jpg","contentUrl":"https:\/\/idakorea.ee\/wp-content\/uploads\/2024\/05\/Medi_Peel-Peptide-9-Volume-Bio-Tox-Ampoule-Pro.jpg","width":1000,"height":1000},{"@type":"BreadcrumbList","@id":"https:\/\/idakorea.ee\/product\/medi-peel-peptide-9-volume-bio-tox-pro-ampoule\/#breadcrumb","itemListElement":[{"@type":"ListItem","position":1,"name":"\u0413\u043b\u0430\u0432\u043d\u0430\u044f \u0441\u0442\u0440\u0430\u043d\u0438\u0446\u0430","item":"https:\/\/idakorea.ee\/"},{"@type":"ListItem","position":2,"name":"Shop","item":"https:\/\/idakorea.ee\/shop-2\/"},{"@type":"ListItem","position":3,"name":"Vananemisvastane seerum Medi-Peel Peptide 9 Volume Bio Tox Pro Ampoule, 100ml"}]},{"@type":"WebSite","@id":"https:\/\/idakorea.ee\/#website","url":"https:\/\/idakorea.ee\/","name":"IDA.KOREA","description":"Korean kosmetiikan verkkokauppa","publisher":{"@id":"https:\/\/idakorea.ee\/#organization"},"alternateName":"Beauty Shop","potentialAction":[{"@type":"SearchAction","target":{"@type":"EntryPoint","urlTemplate":"https:\/\/idakorea.ee\/?s={search_term_string}"},"query-input":{"@type":"PropertyValueSpecification","valueRequired":true,"valueName":"search_term_string"}}],"inLanguage":"fi"},{"@type":"Organization","@id":"https:\/\/idakorea.ee\/#organization","name":"IDA.KOREA","url":"https:\/\/idakorea.ee\/","logo":{"@type":"ImageObject","inLanguage":"fi","@id":"https:\/\/idakorea.ee\/#\/schema\/logo\/image\/","url":"https:\/\/idakorea.ee\/wp-content\/uploads\/2024\/05\/cropped-korea3.png","contentUrl":"https:\/\/idakorea.ee\/wp-content\/uploads\/2024\/05\/cropped-korea3.png","width":688,"height":126,"caption":"IDA.KOREA"},"image":{"@id":"https:\/\/idakorea.ee\/#\/schema\/logo\/image\/"},"sameAs":["https:\/\/www.instagram.com\/ida.korea\/"]}]}},"jetpack_sharing_enabled":true,"brands":[{"id":107,"name":"MEDIPEEL+","slug":"medipeel"}],"_links":{"self":[{"href":"https:\/\/idakorea.ee\/fi\/wp-json\/wp\/v2\/product\/1760","targetHints":{"allow":["GET"]}}],"collection":[{"href":"https:\/\/idakorea.ee\/fi\/wp-json\/wp\/v2\/product"}],"about":[{"href":"https:\/\/idakorea.ee\/fi\/wp-json\/wp\/v2\/types\/product"}],"replies":[{"embeddable":true,"href":"https:\/\/idakorea.ee\/fi\/wp-json\/wp\/v2\/comments?post=1760"}],"version-history":[{"count":4,"href":"https:\/\/idakorea.ee\/fi\/wp-json\/wp\/v2\/product\/1760\/revisions"}],"predecessor-version":[{"id":17302,"href":"https:\/\/idakorea.ee\/fi\/wp-json\/wp\/v2\/product\/1760\/revisions\/17302"}],"wp:featuredmedia":[{"embeddable":true,"href":"https:\/\/idakorea.ee\/fi\/wp-json\/wp\/v2\/media\/1761"}],"wp:attachment":[{"href":"https:\/\/idakorea.ee\/fi\/wp-json\/wp\/v2\/media?parent=1760"}],"wp:term":[{"taxonomy":"pwb-brand","embeddable":true,"href":"https:\/\/idakorea.ee\/fi\/wp-json\/wp\/v2\/pwb-brand?post=1760"},{"taxonomy":"product_brand","embeddable":true,"href":"https:\/\/idakorea.ee\/fi\/wp-json\/wp\/v2\/product_brand?post=1760"},{"taxonomy":"product_cat","embeddable":true,"href":"https:\/\/idakorea.ee\/fi\/wp-json\/wp\/v2\/product_cat?post=1760"},{"taxonomy":"product_tag","embeddable":true,"href":"https:\/\/idakorea.ee\/fi\/wp-json\/wp\/v2\/product_tag?post=1760"}],"curies":[{"name":"wp","href":"https:\/\/api.w.org\/{rel}","templated":true}]}}