{"id":17601,"date":"2026-02-05T13:56:02","date_gmt":"2026-02-05T11:56:02","guid":{"rendered":"https:\/\/idakorea.ee\/?post_type=product&#038;p=17601"},"modified":"2026-04-13T06:29:43","modified_gmt":"2026-04-13T04:29:43","slug":"numbuzin-no-9-nad-collagen-under-eye-patches-1tk","status":"publish","type":"product","link":"https:\/\/idakorea.ee\/fi\/product\/numbuzin-no-9-nad-collagen-under-eye-patches-1tk\/","title":{"rendered":"Kiinteytt\u00e4v\u00e4t silm\u00e4naluset numbuzin No.9 NAD+ kollageenilla t\u00e4ytetyt silm\u00e4naluset, 1 kpl"},"content":{"rendered":"<p data-start=\"63\" data-end=\"331\">Silm\u00e4n kohottavat laastarit<strong data-start=\"63\" data-end=\"149\"> numbuzin No.9 NAD+ Collagen Under Eye Patches<\/strong> Lis\u00e4\u00e4 silm\u00e4nymp\u00e4rysihon kimmoisuutta, auttaa silottamaan ryppyj\u00e4 ja juonteita ja ehk\u00e4isee niiden muodostumista. V\u00e4hent\u00e4\u00e4 turvotusta ja kirkastaa tummia silm\u00e4nalusia.<\/p>\n<p data-start=\"333\" data-end=\"708\">Tuotteen p\u00e4\u00e4asiallinen vaikuttava aine on 50 peptidi\u00e4, mukaan lukien argireliini, EGF, kuparitripeptidi, Syn-Coll ja Matrixyl\u00ae3000. Ne tarjoavat voimakkaan ik\u00e4\u00e4ntymist\u00e4 ehk\u00e4isev\u00e4n vaikutuksen: ne stimuloivat kollageenisynteesi\u00e4 ja est\u00e4v\u00e4t sen hajoamista, parantavat solujen aineenvaihduntaa. Ne rentouttavat kasvolihaksia, mik\u00e4 auttaa ehk\u00e4isem\u00e4\u00e4n j\u00e4ljittelevien ryppyjen muodostumista ja v\u00e4hent\u00e4m\u00e4\u00e4n olemassa olevia ryppyj\u00e4.<\/p>\n<p data-start=\"710\" data-end=\"807\">Laastareita voidaan k\u00e4ytt\u00e4\u00e4 my\u00f6s nen\u00e4n ja suun poimuissa, kulmakarvojen v\u00e4liss\u00e4, otsassa ja kaulassa.<\/p>\n<p data-start=\"809\" data-end=\"834\"><strong>Lis\u00e4aktiiviset ainesosat<\/strong><\/p>\n<p data-start=\"835\" data-end=\"1840\"><strong data-start=\"835\" data-end=\"878\">NAD+ (nikotiiniamidi-adeniinidinukleotidi)<\/strong> \u2013 koentsyymi, joka suojaa solujen mitokondrioita, parantaa ihon kimmoisuutta ja v\u00e4hent\u00e4\u00e4 ryppyjen syvyytt\u00e4 aktivoimalla solujen aineenvaihduntaa edist\u00e4vi\u00e4 sirtuiiniproteiineja.<br data-start=\"1041\" data-end=\"1044\" \/><strong data-start=\"1044\" data-end=\"1055\">Kofeiini<\/strong> auttaa v\u00e4hent\u00e4m\u00e4\u00e4n turvotusta, parantaa mikroverenkiertoa, nopeuttaa palautumisprosesseja ja toimii vahvana antioksidanttina.<br data-start=\"1176\" data-end=\"1179\" \/><strong data-start=\"1179\" data-end=\"1210\">Niasiiniamidi (B3-vitamiini)<\/strong> hidastaa melaniinin siirtymist\u00e4 ihoon, ehk\u00e4isee pigmentaatiota, v\u00e4hent\u00e4\u00e4 ihon herkkyytt\u00e4 ja tukee ihon s\u00e4vy\u00e4.<br data-start=\"1336\" data-end=\"1339\" \/><strong data-start=\"1339\" data-end=\"1352\">Kollaasit<\/strong> auttaa s\u00e4ilytt\u00e4m\u00e4\u00e4n kosteutta, tasoittaa ihon rakennetta, edist\u00e4\u00e4 uudistumista ja v\u00e4hent\u00e4\u00e4 ryppyjen n\u00e4kymist\u00e4.<br data-start=\"1457\" data-end=\"1460\" \/><strong data-start=\"1460\" data-end=\"1490\">C-vitamiini (askorbiinihappo)<\/strong> Stimuloi kollageenin tuotantoa, vaalentaa pigmenttil\u00e4iski\u00e4 ja tarjoaa antioksidanttisuojan, mik\u00e4 auttaa ehk\u00e4isem\u00e4\u00e4n ryppyj\u00e4.<br data-start=\"1613\" data-end=\"1616\" \/><strong data-start=\"1616\" data-end=\"1642\">3 erilaista hyaluronihappoa<\/strong> eri molekyylipainoilla: suuri molekyylipaino kosteuttaa ja palauttaa ihon suojakerroksen ja v\u00e4hent\u00e4\u00e4 hilseily\u00e4, pieni molekyylipaino tunkeutuu syvemm\u00e4lle ja auttaa est\u00e4m\u00e4\u00e4n kosteuden haihtumista solutasolla.<\/p>\n<p data-start=\"1842\" data-end=\"1872\">Sopii kaikille ihotyypeille.<\/p>\n<p data-start=\"1874\" data-end=\"1888\"><strong>K\u00e4ytt\u00f6<\/strong><\/p>\n<p data-start=\"1889\" data-end=\"2036\">Aseta laastarit silmien alle, poista ne 20\u201330 minuutin kuluttua ja anna aineen imeyty\u00e4. Voidaan k\u00e4ytt\u00e4\u00e4 iltahoitona tai j\u00e4tt\u00e4\u00e4 vaikuttamaan y\u00f6n yli.<\/p>","protected":false},"excerpt":{"rendered":"<p>Numbuzin No.9 NAD+ kollageenilla t\u00e4ytetyt silm\u00e4naluset kohottavalla vaikutuksella lis\u00e4\u00e4v\u00e4t silm\u00e4nymp\u00e4rysihon kimmoisuutta, auttavat silottamaan ryppyj\u00e4 ja juonteita sek\u00e4 ehk\u00e4isem\u00e4\u00e4n niiden muodostumista. V\u00e4hent\u00e4v\u00e4t turvotusta ja kirkastavat tummia silm\u00e4nalusia. Tuotteen p\u00e4\u00e4asiallinen vaikuttava aine on 50 peptidi\u00e4, mukaan lukien argireliini, EGF, kuparitripeptidi, Syn-Coll ja Matrixyl\u00ae3000. Ne tarjoavat voimakkaan ik\u00e4\u00e4ntymist\u00e4 ehk\u00e4isev\u00e4n vaikutuksen: stimuloivat kollageenisynteesi\u00e4\u2026<\/p>","protected":false},"featured_media":17602,"comment_status":"open","ping_status":"closed","template":"","meta":{"_uf_show_specific_survey":0,"_uf_disable_surveys":false,"_bst_post_transparent":"default","_bst_post_title":"","_bst_post_layout":"default","_bst_post_sidebar_id":"","_bst_post_content_style":"default","_bst_post_vertical_padding":"default","_bst_post_feature":"","_bst_post_feature_position":"","_bst_post_header":false,"_bst_post_footer":false},"pwb-brand":[815],"product_brand":[],"product_cat":[99,385],"product_tag":[1032,568,1109,816],"class_list":{"0":"post-17601","1":"product","2":"type-product","3":"status-publish","4":"has-post-thumbnail","6":"pwb-brand-numbuzin","7":"product_cat-silmad-ja-huuled-2","8":"product_cat-silmapadjad","9":"product_tag-eye","10":"product_tag-korea","11":"product_tag-nad","12":"product_tag-numbuzin","14":"first","15":"instock","16":"sale","17":"shipping-taxable","18":"purchasable","19":"product-type-simple","20":"entry","21":"content-bg","22":"loop-entry"},"supplier_id":null,"supplier_sku":"","barcode":null,"atum_controlled":true,"out_stock_date":null,"out_stock_threshold":null,"inheritable":false,"inbound_stock":0,"stock_on_hold":0,"sold_today":0,"sales_last_days":13,"out_stock_days":0,"lost_sales":0,"has_location":false,"update_date":"2026-04-14T12:39:52","atum_locations":[],"atum_stock_status":"instock","restock_status":false,"low_stock_amount":"","sales_update_date":"2026-04-14T12:39:52","calc_backorders":null,"yoast_head":"<!-- This site is optimized with the Yoast SEO plugin v27.2 - https:\/\/yoast.com\/product\/yoast-seo-wordpress\/ -->\n<title>No.9 NAD+ Collagen Under Eye Patches, 1tk - IDA.KOREA<\/title>\n<meta name=\"description\" content=\"T\u00f5stva toimega silmaalused plaastrid suurendavad naha elastsust silma\u00fcmbruses, aitavad siluda kortsukesi ja murdejooni ning ennetavad nende teket.\" \/>\n<meta name=\"robots\" content=\"index, follow, max-snippet:-1, max-image-preview:large, max-video-preview:-1\" \/>\n<link rel=\"canonical\" href=\"https:\/\/idakorea.ee\/fi\/product\/numbuzin-no-9-nad-collagen-under-eye-patches-1tk\/\" \/>\n<meta property=\"og:locale\" content=\"fi_FI\" \/>\n<meta property=\"og:type\" content=\"article\" \/>\n<meta property=\"og:title\" content=\"No.9 NAD+ Collagen Under Eye Patches, 1tk - IDA.KOREA\" \/>\n<meta property=\"og:description\" content=\"T\u00f5stva toimega silmaalused plaastrid suurendavad naha elastsust silma\u00fcmbruses, aitavad siluda kortsukesi ja murdejooni ning ennetavad nende teket.\" \/>\n<meta property=\"og:url\" content=\"https:\/\/idakorea.ee\/fi\/product\/numbuzin-no-9-nad-collagen-under-eye-patches-1tk\/\" \/>\n<meta property=\"og:site_name\" content=\"IDA.KOREA\" \/>\n<meta property=\"article:modified_time\" content=\"2026-04-13T04:29:43+00:00\" \/>\n<meta property=\"og:image\" content=\"https:\/\/idakorea.ee\/wp-content\/uploads\/2026\/02\/Numbuzin_No._9_NAD_Collagen_Under_Eye_Patches_idakorea.webp\" \/>\n\t<meta property=\"og:image:width\" content=\"500\" \/>\n\t<meta property=\"og:image:height\" content=\"500\" \/>\n\t<meta property=\"og:image:type\" content=\"image\/webp\" \/>\n<meta name=\"twitter:card\" content=\"summary_large_image\" \/>\n<meta name=\"twitter:label1\" content=\"Arvioitu lukuaika\" \/>\n\t<meta name=\"twitter:data1\" content=\"2 minuuttia\" \/>\n<script type=\"application\/ld+json\" class=\"yoast-schema-graph\">{\"@context\":\"https:\/\/schema.org\",\"@graph\":[{\"@type\":\"WebPage\",\"@id\":\"https:\/\/idakorea.ee\/product\/numbuzin-no-9-nad-collagen-under-eye-patches-1tk\/\",\"url\":\"https:\/\/idakorea.ee\/product\/numbuzin-no-9-nad-collagen-under-eye-patches-1tk\/\",\"name\":\"No.9 NAD+ Collagen Under Eye Patches, 1tk - IDA.KOREA\",\"isPartOf\":{\"@id\":\"https:\/\/idakorea.ee\/#website\"},\"primaryImageOfPage\":{\"@id\":\"https:\/\/idakorea.ee\/product\/numbuzin-no-9-nad-collagen-under-eye-patches-1tk\/#primaryimage\"},\"image\":{\"@id\":\"https:\/\/idakorea.ee\/product\/numbuzin-no-9-nad-collagen-under-eye-patches-1tk\/#primaryimage\"},\"thumbnailUrl\":\"https:\/\/idakorea.ee\/wp-content\/uploads\/2026\/02\/Numbuzin_No._9_NAD_Collagen_Under_Eye_Patches_idakorea.webp\",\"datePublished\":\"2026-02-05T11:56:02+00:00\",\"dateModified\":\"2026-04-13T04:29:43+00:00\",\"description\":\"T\u00f5stva toimega silmaalused plaastrid suurendavad naha elastsust silma\u00fcmbruses, aitavad siluda kortsukesi ja murdejooni ning ennetavad nende teket.\",\"breadcrumb\":{\"@id\":\"https:\/\/idakorea.ee\/product\/numbuzin-no-9-nad-collagen-under-eye-patches-1tk\/#breadcrumb\"},\"inLanguage\":\"fi\",\"potentialAction\":[{\"@type\":\"ReadAction\",\"target\":[\"https:\/\/idakorea.ee\/product\/numbuzin-no-9-nad-collagen-under-eye-patches-1tk\/\"]}]},{\"@type\":\"ImageObject\",\"inLanguage\":\"fi\",\"@id\":\"https:\/\/idakorea.ee\/product\/numbuzin-no-9-nad-collagen-under-eye-patches-1tk\/#primaryimage\",\"url\":\"https:\/\/idakorea.ee\/wp-content\/uploads\/2026\/02\/Numbuzin_No._9_NAD_Collagen_Under_Eye_Patches_idakorea.webp\",\"contentUrl\":\"https:\/\/idakorea.ee\/wp-content\/uploads\/2026\/02\/Numbuzin_No._9_NAD_Collagen_Under_Eye_Patches_idakorea.webp\",\"width\":500,\"height\":500},{\"@type\":\"BreadcrumbList\",\"@id\":\"https:\/\/idakorea.ee\/product\/numbuzin-no-9-nad-collagen-under-eye-patches-1tk\/#breadcrumb\",\"itemListElement\":[{\"@type\":\"ListItem\",\"position\":1,\"name\":\"\u0413\u043b\u0430\u0432\u043d\u0430\u044f \u0441\u0442\u0440\u0430\u043d\u0438\u0446\u0430\",\"item\":\"https:\/\/idakorea.ee\/\"},{\"@type\":\"ListItem\",\"position\":2,\"name\":\"Shop\",\"item\":\"https:\/\/idakorea.ee\/shop-2\/\"},{\"@type\":\"ListItem\",\"position\":3,\"name\":\"T\u00f5stva toimega silmaalused plaastrid numbuzin No.9 NAD+ Collagen Under Eye Patches, 1tk\"}]},{\"@type\":\"WebSite\",\"@id\":\"https:\/\/idakorea.ee\/#website\",\"url\":\"https:\/\/idakorea.ee\/\",\"name\":\"IDA.KOREA\",\"description\":\"Korea kosmeetika e-pood\",\"publisher\":{\"@id\":\"https:\/\/idakorea.ee\/#organization\"},\"alternateName\":\"Beauty Shop\",\"potentialAction\":[{\"@type\":\"SearchAction\",\"target\":{\"@type\":\"EntryPoint\",\"urlTemplate\":\"https:\/\/idakorea.ee\/?s={search_term_string}\"},\"query-input\":{\"@type\":\"PropertyValueSpecification\",\"valueRequired\":true,\"valueName\":\"search_term_string\"}}],\"inLanguage\":\"fi\"},{\"@type\":\"Organization\",\"@id\":\"https:\/\/idakorea.ee\/#organization\",\"name\":\"IDA.KOREA\",\"url\":\"https:\/\/idakorea.ee\/\",\"logo\":{\"@type\":\"ImageObject\",\"inLanguage\":\"fi\",\"@id\":\"https:\/\/idakorea.ee\/#\/schema\/logo\/image\/\",\"url\":\"https:\/\/idakorea.ee\/wp-content\/uploads\/2024\/05\/cropped-korea3.png\",\"contentUrl\":\"https:\/\/idakorea.ee\/wp-content\/uploads\/2024\/05\/cropped-korea3.png\",\"width\":688,\"height\":126,\"caption\":\"IDA.KOREA\"},\"image\":{\"@id\":\"https:\/\/idakorea.ee\/#\/schema\/logo\/image\/\"},\"sameAs\":[\"https:\/\/www.instagram.com\/ida.korea\/\"]}]}<\/script>\n<!-- \/ Yoast SEO plugin. -->","yoast_head_json":{"title":"No.9 NAD+ Collagen Under Eye Patches, 1tk - IDA.KOREA","description":"T\u00f5stva toimega silmaalused plaastrid suurendavad naha elastsust silma\u00fcmbruses, aitavad siluda kortsukesi ja murdejooni ning ennetavad nende teket.","robots":{"index":"index","follow":"follow","max-snippet":"max-snippet:-1","max-image-preview":"max-image-preview:large","max-video-preview":"max-video-preview:-1"},"canonical":"https:\/\/idakorea.ee\/fi\/product\/numbuzin-no-9-nad-collagen-under-eye-patches-1tk\/","og_locale":"fi_FI","og_type":"article","og_title":"No.9 NAD+ Collagen Under Eye Patches, 1tk - IDA.KOREA","og_description":"T\u00f5stva toimega silmaalused plaastrid suurendavad naha elastsust silma\u00fcmbruses, aitavad siluda kortsukesi ja murdejooni ning ennetavad nende teket.","og_url":"https:\/\/idakorea.ee\/fi\/product\/numbuzin-no-9-nad-collagen-under-eye-patches-1tk\/","og_site_name":"IDA.KOREA","article_modified_time":"2026-04-13T04:29:43+00:00","og_image":[{"width":500,"height":500,"url":"https:\/\/idakorea.ee\/wp-content\/uploads\/2026\/02\/Numbuzin_No._9_NAD_Collagen_Under_Eye_Patches_idakorea.webp","type":"image\/webp"}],"twitter_card":"summary_large_image","twitter_misc":{"Arvioitu lukuaika":"2 minuuttia"},"schema":{"@context":"https:\/\/schema.org","@graph":[{"@type":"WebPage","@id":"https:\/\/idakorea.ee\/product\/numbuzin-no-9-nad-collagen-under-eye-patches-1tk\/","url":"https:\/\/idakorea.ee\/product\/numbuzin-no-9-nad-collagen-under-eye-patches-1tk\/","name":"No.9 NAD+ Collagen Under Eye Patches, 1tk - IDA.KOREA","isPartOf":{"@id":"https:\/\/idakorea.ee\/#website"},"primaryImageOfPage":{"@id":"https:\/\/idakorea.ee\/product\/numbuzin-no-9-nad-collagen-under-eye-patches-1tk\/#primaryimage"},"image":{"@id":"https:\/\/idakorea.ee\/product\/numbuzin-no-9-nad-collagen-under-eye-patches-1tk\/#primaryimage"},"thumbnailUrl":"https:\/\/idakorea.ee\/wp-content\/uploads\/2026\/02\/Numbuzin_No._9_NAD_Collagen_Under_Eye_Patches_idakorea.webp","datePublished":"2026-02-05T11:56:02+00:00","dateModified":"2026-04-13T04:29:43+00:00","description":"T\u00f5stva toimega silmaalused plaastrid suurendavad naha elastsust silma\u00fcmbruses, aitavad siluda kortsukesi ja murdejooni ning ennetavad nende teket.","breadcrumb":{"@id":"https:\/\/idakorea.ee\/product\/numbuzin-no-9-nad-collagen-under-eye-patches-1tk\/#breadcrumb"},"inLanguage":"fi","potentialAction":[{"@type":"ReadAction","target":["https:\/\/idakorea.ee\/product\/numbuzin-no-9-nad-collagen-under-eye-patches-1tk\/"]}]},{"@type":"ImageObject","inLanguage":"fi","@id":"https:\/\/idakorea.ee\/product\/numbuzin-no-9-nad-collagen-under-eye-patches-1tk\/#primaryimage","url":"https:\/\/idakorea.ee\/wp-content\/uploads\/2026\/02\/Numbuzin_No._9_NAD_Collagen_Under_Eye_Patches_idakorea.webp","contentUrl":"https:\/\/idakorea.ee\/wp-content\/uploads\/2026\/02\/Numbuzin_No._9_NAD_Collagen_Under_Eye_Patches_idakorea.webp","width":500,"height":500},{"@type":"BreadcrumbList","@id":"https:\/\/idakorea.ee\/product\/numbuzin-no-9-nad-collagen-under-eye-patches-1tk\/#breadcrumb","itemListElement":[{"@type":"ListItem","position":1,"name":"\u0413\u043b\u0430\u0432\u043d\u0430\u044f \u0441\u0442\u0440\u0430\u043d\u0438\u0446\u0430","item":"https:\/\/idakorea.ee\/"},{"@type":"ListItem","position":2,"name":"Shop","item":"https:\/\/idakorea.ee\/shop-2\/"},{"@type":"ListItem","position":3,"name":"T\u00f5stva toimega silmaalused plaastrid numbuzin No.9 NAD+ Collagen Under Eye Patches, 1tk"}]},{"@type":"WebSite","@id":"https:\/\/idakorea.ee\/#website","url":"https:\/\/idakorea.ee\/","name":"IDA.KOREA","description":"Korean kosmetiikan verkkokauppa","publisher":{"@id":"https:\/\/idakorea.ee\/#organization"},"alternateName":"Beauty Shop","potentialAction":[{"@type":"SearchAction","target":{"@type":"EntryPoint","urlTemplate":"https:\/\/idakorea.ee\/?s={search_term_string}"},"query-input":{"@type":"PropertyValueSpecification","valueRequired":true,"valueName":"search_term_string"}}],"inLanguage":"fi"},{"@type":"Organization","@id":"https:\/\/idakorea.ee\/#organization","name":"IDA.KOREA","url":"https:\/\/idakorea.ee\/","logo":{"@type":"ImageObject","inLanguage":"fi","@id":"https:\/\/idakorea.ee\/#\/schema\/logo\/image\/","url":"https:\/\/idakorea.ee\/wp-content\/uploads\/2024\/05\/cropped-korea3.png","contentUrl":"https:\/\/idakorea.ee\/wp-content\/uploads\/2024\/05\/cropped-korea3.png","width":688,"height":126,"caption":"IDA.KOREA"},"image":{"@id":"https:\/\/idakorea.ee\/#\/schema\/logo\/image\/"},"sameAs":["https:\/\/www.instagram.com\/ida.korea\/"]}]}},"jetpack_sharing_enabled":true,"brands":[{"id":815,"name":"NUMBUZIN","slug":"numbuzin"}],"_links":{"self":[{"href":"https:\/\/idakorea.ee\/fi\/wp-json\/wp\/v2\/product\/17601","targetHints":{"allow":["GET"]}}],"collection":[{"href":"https:\/\/idakorea.ee\/fi\/wp-json\/wp\/v2\/product"}],"about":[{"href":"https:\/\/idakorea.ee\/fi\/wp-json\/wp\/v2\/types\/product"}],"replies":[{"embeddable":true,"href":"https:\/\/idakorea.ee\/fi\/wp-json\/wp\/v2\/comments?post=17601"}],"version-history":[{"count":1,"href":"https:\/\/idakorea.ee\/fi\/wp-json\/wp\/v2\/product\/17601\/revisions"}],"predecessor-version":[{"id":17605,"href":"https:\/\/idakorea.ee\/fi\/wp-json\/wp\/v2\/product\/17601\/revisions\/17605"}],"wp:featuredmedia":[{"embeddable":true,"href":"https:\/\/idakorea.ee\/fi\/wp-json\/wp\/v2\/media\/17602"}],"wp:attachment":[{"href":"https:\/\/idakorea.ee\/fi\/wp-json\/wp\/v2\/media?parent=17601"}],"wp:term":[{"taxonomy":"pwb-brand","embeddable":true,"href":"https:\/\/idakorea.ee\/fi\/wp-json\/wp\/v2\/pwb-brand?post=17601"},{"taxonomy":"product_brand","embeddable":true,"href":"https:\/\/idakorea.ee\/fi\/wp-json\/wp\/v2\/product_brand?post=17601"},{"taxonomy":"product_cat","embeddable":true,"href":"https:\/\/idakorea.ee\/fi\/wp-json\/wp\/v2\/product_cat?post=17601"},{"taxonomy":"product_tag","embeddable":true,"href":"https:\/\/idakorea.ee\/fi\/wp-json\/wp\/v2\/product_tag?post=17601"}],"curies":[{"name":"wp","href":"https:\/\/api.w.org\/{rel}","templated":true}]}}