{"id":17623,"date":"2026-02-06T11:04:10","date_gmt":"2026-02-06T09:04:10","guid":{"rendered":"https:\/\/idakorea.ee\/?post_type=product&#038;p=17623"},"modified":"2026-03-06T15:19:53","modified_gmt":"2026-03-06T13:19:53","slug":"anua-pdrn-100-hyaluronic-acid-glow-pad-60tk","status":"publish","type":"product","link":"https:\/\/idakorea.ee\/fi\/product\/anua-pdrn-100-hyaluronic-acid-glow-pad-60tk\/","title":{"rendered":"Anua PDRN 100 Hyaluronic Acid Glow Pad, 60pcs"},"content":{"rendered":"<p data-start=\"63\" data-end=\"400\">Kosteuttavat tyynyt<strong data-start=\"63\" data-end=\"160\"> <span class=\"hover:entity-accent entity-underline inline cursor-pointer align-baseline\"><span class=\"whitespace-normal\">Anua<\/span><\/span> PDRN 100 Hyaluronic Acid Glow Pad<\/strong> Tarjoaa syv\u00e4\u00e4 ja pitk\u00e4kestoista kosteutusta palauttaen ihon luonnolliset kosteusvarastot epidermiksen soluissa. Aktiivisten ainesosien kompleksi stimuloi hyaluronihapon, kollageenin ja elastiinin synteesi\u00e4 parantaen ihon kimmoisuutta ja kiinteytt\u00e4.<\/p>\n<p data-start=\"402\" data-end=\"594\">Lapujen aktiiviaineiden tulehdusta est\u00e4v\u00e4n vaikutuksen ansiosta ne auttavat tasoittamaan ihon s\u00e4vy\u00e4, v\u00e4hent\u00e4m\u00e4\u00e4n sameutta ja punoitusta. S\u00e4\u00e4nn\u00f6llisesti k\u00e4ytettyn\u00e4 ne v\u00e4hent\u00e4v\u00e4t ihon herkkyytt\u00e4 ja reagointikyky\u00e4.<\/p>\n<p data-start=\"596\" data-end=\"619\"><strong>T\u00e4rkeimm\u00e4t vaikuttavat aineosat<\/strong><\/p>\n<ul>\n<li data-start=\"621\" data-end=\"942\"><strong data-start=\"621\" data-end=\"642\">PDRN (natrium-DNA)<\/strong> \u2013 lohikalojen DNA:sta per\u00e4isin olevia pienimolekyylipainoisia polynukleotideja. K\u00e4ynnist\u00e4v\u00e4t epidermiksen uudistumisprosesseja sek\u00e4 kollageeni- ja elastiinikuitujen synteesi\u00e4, mik\u00e4 auttaa korjaamaan ennenaikaisen ik\u00e4\u00e4ntymisen, liiallisen auringonvalon ja muiden ymp\u00e4rist\u00f6tekij\u00f6iden aiheuttamia ihovaurioita.<\/li>\n<li data-start=\"944\" data-end=\"1189\"><strong data-start=\"944\" data-end=\"984\">Hyaluronihappoa eri molekyylipainoilla<\/strong> \u2013 Suurimolekyylipainoiset tuotteet palauttavat ihon suojakerroksen, nopeuttavat paranemista ja v\u00e4hent\u00e4v\u00e4t hilseily\u00e4. Pienimolekyyliset tuotteet imeytyv\u00e4t syvemm\u00e4lle ja auttavat est\u00e4m\u00e4\u00e4n kosteuden haihtumista solutasolla.<\/li>\n<li data-start=\"1191\" data-end=\"1409\"><strong data-start=\"1191\" data-end=\"1257\">Kasvutekij\u00e4t (oligopeptidi-1, oligopeptidi-2, oligopeptidi-3)<\/strong> \u2013 stimuloivat solujen toimintaa ja nopeuttavat uudistumista, v\u00e4hent\u00e4en ryppyjen n\u00e4kyvyytt\u00e4, parantaen ihon kimmoisuutta ja varmistaen optimaalisen kosteutuksen.<\/li>\n<li data-start=\"1411\" data-end=\"1566\"><strong data-start=\"1411\" data-end=\"1437\">Kakadu-luumuuute<\/strong> \u2013 runsas C-vitamiinipitoisuus, vahvoja antioksidanttisia ominaisuuksia. Suojaa ihoa UV-s\u00e4teilylt\u00e4 ja aggressiivisilta ymp\u00e4rist\u00f6vaikutuksilta.<\/li>\n<li data-start=\"1568\" data-end=\"1645\"><strong data-start=\"1568\" data-end=\"1589\">Lev\u00e4uute<\/strong> \u2013 antioksidanttisilla, tulehdusta ehk\u00e4isevill\u00e4 ja rauhoittavilla vaikutuksilla.<\/li>\n<li data-start=\"1647\" data-end=\"1773\"><strong data-start=\"1647\" data-end=\"1676\">Japanintataruute<\/strong> \u2013 sill\u00e4 on tulehdusta est\u00e4v\u00e4 vaikutus, se tukee ihon immuunij\u00e4rjestelm\u00e4\u00e4 ja varmistaa syv\u00e4n kosteutuksen epidermiksen kerroksissa.<\/li>\n<\/ul>\n<p data-start=\"1775\" data-end=\"1826\">Sopii normaalille, kuivalle ja sekaiholle.<\/p>\n<p data-start=\"1828\" data-end=\"1842\"><strong>K\u00e4ytt\u00f6<\/strong><\/p>\n<p data-start=\"1843\" data-end=\"2016\">Puhdistuksen j\u00e4lkeen pyyhi iho hell\u00e4varaisesti vanulla. Voidaan k\u00e4ytt\u00e4\u00e4 my\u00f6s paikallisena naamiona: aseta vanu iholle 5\u201310 minuutiksi, poista ja anna j\u00e4ljell\u00e4 olevan essenssin imeyty\u00e4.<\/p>","protected":false},"excerpt":{"rendered":"<p>Anua PDRN 100 Hyaluronic Acid Glow Pad -kosteuttavat tyynyt tarjoavat syv\u00e4vaikutteista ja pitk\u00e4kestoista kosteutusta palauttaen ihon luonnolliset kosteusvarastot epidermiksen soluissa. Aktiivisten ainesosien kompleksi stimuloi hyaluronihapon, kollageenin ja elastiinin synteesi\u00e4 parantaen ihon kimmoisuutta ja kiinteytt\u00e4. Tyynyt auttavat tasoittamaan ihon s\u00e4vy\u00e4, v\u00e4hent\u00e4m\u00e4\u00e4n sameutta ja punoitusta aktiivisten ainesosien tulehdusta est\u00e4v\u00e4n vaikutuksen ansiosta. S\u00e4\u00e4nn\u00f6llisesti k\u00e4ytettyn\u00e4 ne v\u00e4hent\u00e4v\u00e4t ihon herkkyytt\u00e4 ja reaktiivisuutta. T\u00e4rkeimm\u00e4t\u2026<\/p>","protected":false},"featured_media":17626,"comment_status":"open","ping_status":"closed","template":"","meta":{"_uf_show_specific_survey":0,"_uf_disable_surveys":false,"_bst_post_transparent":"default","_bst_post_title":"","_bst_post_layout":"default","_bst_post_sidebar_id":"","_bst_post_content_style":"default","_bst_post_vertical_padding":"default","_bst_post_feature":"","_bst_post_feature_position":"","_bst_post_header":false,"_bst_post_footer":false},"pwb-brand":[104],"product_brand":[],"product_cat":[92,158],"product_tag":[102,567,568,789,855],"class_list":{"0":"post-17623","1":"product","2":"type-product","3":"status-publish","4":"has-post-thumbnail","6":"pwb-brand-anua","7":"product_cat-nagu","8":"product_cat-toonik","9":"product_tag-anua","10":"product_tag-glow","11":"product_tag-korea","12":"product_tag-pdrn","13":"product_tag-toner","15":"first","16":"instock","17":"shipping-taxable","18":"purchasable","19":"product-type-simple","20":"entry","21":"content-bg","22":"loop-entry"},"supplier_id":null,"supplier_sku":"","barcode":null,"atum_controlled":true,"out_stock_date":null,"out_stock_threshold":null,"inheritable":false,"inbound_stock":0,"stock_on_hold":0,"sold_today":0,"sales_last_days":0,"out_stock_days":0,"lost_sales":0,"has_location":false,"update_date":"2026-04-24T00:09:08","atum_locations":[],"atum_stock_status":"instock","restock_status":false,"low_stock_amount":"","sales_update_date":"2026-04-24T00:09:08","calc_backorders":null,"yoast_head":"<!-- This site is optimized with the Yoast SEO plugin v27.2 - https:\/\/yoast.com\/product\/yoast-seo-wordpress\/ -->\n<title>Anua PDRN 100 Hyaluronic Acid Glow Pad, 60tk - IDA.KOREA<\/title>\n<meta name=\"description\" content=\"Niisutavad toonikupadjakesed pakuvad s\u00fcgavat ja pikaajalist niisutust, taastades naha loomulikud niiskusvarud epidermise rakkudes. Kiire tarne!\" \/>\n<meta name=\"robots\" content=\"index, follow, max-snippet:-1, max-image-preview:large, max-video-preview:-1\" \/>\n<link rel=\"canonical\" href=\"https:\/\/idakorea.ee\/fi\/product\/anua-pdrn-100-hyaluronic-acid-glow-pad-60tk\/\" \/>\n<meta property=\"og:locale\" content=\"fi_FI\" \/>\n<meta property=\"og:type\" content=\"article\" \/>\n<meta property=\"og:title\" content=\"Anua PDRN 100 Hyaluronic Acid Glow Pad, 60tk - IDA.KOREA\" \/>\n<meta property=\"og:description\" content=\"Niisutavad toonikupadjakesed pakuvad s\u00fcgavat ja pikaajalist niisutust, taastades naha loomulikud niiskusvarud epidermise rakkudes. Kiire tarne!\" \/>\n<meta property=\"og:url\" content=\"https:\/\/idakorea.ee\/fi\/product\/anua-pdrn-100-hyaluronic-acid-glow-pad-60tk\/\" \/>\n<meta property=\"og:site_name\" content=\"IDA.KOREA\" \/>\n<meta property=\"article:modified_time\" content=\"2026-03-06T13:19:53+00:00\" \/>\n<meta property=\"og:image\" content=\"https:\/\/idakorea.ee\/wp-content\/uploads\/2026\/02\/Anua-PDRN-100-Hyaluronic-Acid-Glow-Pad-idakorea.png\" \/>\n\t<meta property=\"og:image:width\" content=\"1000\" \/>\n\t<meta property=\"og:image:height\" content=\"1000\" \/>\n\t<meta property=\"og:image:type\" content=\"image\/png\" \/>\n<meta name=\"twitter:card\" content=\"summary_large_image\" \/>\n<meta name=\"twitter:label1\" content=\"Arvioitu lukuaika\" \/>\n\t<meta name=\"twitter:data1\" content=\"2 minuuttia\" \/>\n<script type=\"application\/ld+json\" class=\"yoast-schema-graph\">{\"@context\":\"https:\/\/schema.org\",\"@graph\":[{\"@type\":\"WebPage\",\"@id\":\"https:\/\/idakorea.ee\/product\/anua-pdrn-100-hyaluronic-acid-glow-pad-60tk\/\",\"url\":\"https:\/\/idakorea.ee\/product\/anua-pdrn-100-hyaluronic-acid-glow-pad-60tk\/\",\"name\":\"Anua PDRN 100 Hyaluronic Acid Glow Pad, 60tk - IDA.KOREA\",\"isPartOf\":{\"@id\":\"https:\/\/idakorea.ee\/#website\"},\"primaryImageOfPage\":{\"@id\":\"https:\/\/idakorea.ee\/product\/anua-pdrn-100-hyaluronic-acid-glow-pad-60tk\/#primaryimage\"},\"image\":{\"@id\":\"https:\/\/idakorea.ee\/product\/anua-pdrn-100-hyaluronic-acid-glow-pad-60tk\/#primaryimage\"},\"thumbnailUrl\":\"https:\/\/idakorea.ee\/wp-content\/uploads\/2026\/02\/Anua-PDRN-100-Hyaluronic-Acid-Glow-Pad-idakorea.png\",\"datePublished\":\"2026-02-06T09:04:10+00:00\",\"dateModified\":\"2026-03-06T13:19:53+00:00\",\"description\":\"Niisutavad toonikupadjakesed pakuvad s\u00fcgavat ja pikaajalist niisutust, taastades naha loomulikud niiskusvarud epidermise rakkudes. Kiire tarne!\",\"breadcrumb\":{\"@id\":\"https:\/\/idakorea.ee\/product\/anua-pdrn-100-hyaluronic-acid-glow-pad-60tk\/#breadcrumb\"},\"inLanguage\":\"fi\",\"potentialAction\":[{\"@type\":\"ReadAction\",\"target\":[\"https:\/\/idakorea.ee\/product\/anua-pdrn-100-hyaluronic-acid-glow-pad-60tk\/\"]}]},{\"@type\":\"ImageObject\",\"inLanguage\":\"fi\",\"@id\":\"https:\/\/idakorea.ee\/product\/anua-pdrn-100-hyaluronic-acid-glow-pad-60tk\/#primaryimage\",\"url\":\"https:\/\/idakorea.ee\/wp-content\/uploads\/2026\/02\/Anua-PDRN-100-Hyaluronic-Acid-Glow-Pad-idakorea.png\",\"contentUrl\":\"https:\/\/idakorea.ee\/wp-content\/uploads\/2026\/02\/Anua-PDRN-100-Hyaluronic-Acid-Glow-Pad-idakorea.png\",\"width\":1000,\"height\":1000},{\"@type\":\"BreadcrumbList\",\"@id\":\"https:\/\/idakorea.ee\/product\/anua-pdrn-100-hyaluronic-acid-glow-pad-60tk\/#breadcrumb\",\"itemListElement\":[{\"@type\":\"ListItem\",\"position\":1,\"name\":\"\u0413\u043b\u0430\u0432\u043d\u0430\u044f \u0441\u0442\u0440\u0430\u043d\u0438\u0446\u0430\",\"item\":\"https:\/\/idakorea.ee\/\"},{\"@type\":\"ListItem\",\"position\":2,\"name\":\"Shop\",\"item\":\"https:\/\/idakorea.ee\/shop-2\/\"},{\"@type\":\"ListItem\",\"position\":3,\"name\":\"Niisutavad toonikupadjad Anua PDRN 100 Hyaluronic Acid Glow Pad, 60tk\"}]},{\"@type\":\"WebSite\",\"@id\":\"https:\/\/idakorea.ee\/#website\",\"url\":\"https:\/\/idakorea.ee\/\",\"name\":\"IDA.KOREA\",\"description\":\"Korea kosmeetika e-pood\",\"publisher\":{\"@id\":\"https:\/\/idakorea.ee\/#organization\"},\"alternateName\":\"Beauty Shop\",\"potentialAction\":[{\"@type\":\"SearchAction\",\"target\":{\"@type\":\"EntryPoint\",\"urlTemplate\":\"https:\/\/idakorea.ee\/?s={search_term_string}\"},\"query-input\":{\"@type\":\"PropertyValueSpecification\",\"valueRequired\":true,\"valueName\":\"search_term_string\"}}],\"inLanguage\":\"fi\"},{\"@type\":\"Organization\",\"@id\":\"https:\/\/idakorea.ee\/#organization\",\"name\":\"IDA.KOREA\",\"url\":\"https:\/\/idakorea.ee\/\",\"logo\":{\"@type\":\"ImageObject\",\"inLanguage\":\"fi\",\"@id\":\"https:\/\/idakorea.ee\/#\/schema\/logo\/image\/\",\"url\":\"https:\/\/idakorea.ee\/wp-content\/uploads\/2024\/05\/cropped-korea3.png\",\"contentUrl\":\"https:\/\/idakorea.ee\/wp-content\/uploads\/2024\/05\/cropped-korea3.png\",\"width\":688,\"height\":126,\"caption\":\"IDA.KOREA\"},\"image\":{\"@id\":\"https:\/\/idakorea.ee\/#\/schema\/logo\/image\/\"},\"sameAs\":[\"https:\/\/www.instagram.com\/ida.korea\/\"]}]}<\/script>\n<!-- \/ Yoast SEO plugin. -->","yoast_head_json":{"title":"Anua PDRN 100 Hyaluronihappohohtotyyny, 60 kpl - IDA.KOREA","description":"Kosteuttavat kasvovesilaput tarjoavat syv\u00e4\u00e4 ja pitk\u00e4kestoista kosteutusta palauttaen ihon luonnolliset kosteusvarastot epidermiksen soluihin. Nopea toimitus!","robots":{"index":"index","follow":"follow","max-snippet":"max-snippet:-1","max-image-preview":"max-image-preview:large","max-video-preview":"max-video-preview:-1"},"canonical":"https:\/\/idakorea.ee\/fi\/product\/anua-pdrn-100-hyaluronic-acid-glow-pad-60tk\/","og_locale":"fi_FI","og_type":"article","og_title":"Anua PDRN 100 Hyaluronic Acid Glow Pad, 60tk - IDA.KOREA","og_description":"Niisutavad toonikupadjakesed pakuvad s\u00fcgavat ja pikaajalist niisutust, taastades naha loomulikud niiskusvarud epidermise rakkudes. Kiire tarne!","og_url":"https:\/\/idakorea.ee\/fi\/product\/anua-pdrn-100-hyaluronic-acid-glow-pad-60tk\/","og_site_name":"IDA.KOREA","article_modified_time":"2026-03-06T13:19:53+00:00","og_image":[{"width":1000,"height":1000,"url":"https:\/\/idakorea.ee\/wp-content\/uploads\/2026\/02\/Anua-PDRN-100-Hyaluronic-Acid-Glow-Pad-idakorea.png","type":"image\/png"}],"twitter_card":"summary_large_image","twitter_misc":{"Arvioitu lukuaika":"2 minuuttia"},"schema":{"@context":"https:\/\/schema.org","@graph":[{"@type":"WebPage","@id":"https:\/\/idakorea.ee\/product\/anua-pdrn-100-hyaluronic-acid-glow-pad-60tk\/","url":"https:\/\/idakorea.ee\/product\/anua-pdrn-100-hyaluronic-acid-glow-pad-60tk\/","name":"Anua PDRN 100 Hyaluronihappohohtotyyny, 60 kpl - IDA.KOREA","isPartOf":{"@id":"https:\/\/idakorea.ee\/#website"},"primaryImageOfPage":{"@id":"https:\/\/idakorea.ee\/product\/anua-pdrn-100-hyaluronic-acid-glow-pad-60tk\/#primaryimage"},"image":{"@id":"https:\/\/idakorea.ee\/product\/anua-pdrn-100-hyaluronic-acid-glow-pad-60tk\/#primaryimage"},"thumbnailUrl":"https:\/\/idakorea.ee\/wp-content\/uploads\/2026\/02\/Anua-PDRN-100-Hyaluronic-Acid-Glow-Pad-idakorea.png","datePublished":"2026-02-06T09:04:10+00:00","dateModified":"2026-03-06T13:19:53+00:00","description":"Kosteuttavat kasvovesilaput tarjoavat syv\u00e4\u00e4 ja pitk\u00e4kestoista kosteutusta palauttaen ihon luonnolliset kosteusvarastot epidermiksen soluihin. Nopea toimitus!","breadcrumb":{"@id":"https:\/\/idakorea.ee\/product\/anua-pdrn-100-hyaluronic-acid-glow-pad-60tk\/#breadcrumb"},"inLanguage":"fi","potentialAction":[{"@type":"ReadAction","target":["https:\/\/idakorea.ee\/product\/anua-pdrn-100-hyaluronic-acid-glow-pad-60tk\/"]}]},{"@type":"ImageObject","inLanguage":"fi","@id":"https:\/\/idakorea.ee\/product\/anua-pdrn-100-hyaluronic-acid-glow-pad-60tk\/#primaryimage","url":"https:\/\/idakorea.ee\/wp-content\/uploads\/2026\/02\/Anua-PDRN-100-Hyaluronic-Acid-Glow-Pad-idakorea.png","contentUrl":"https:\/\/idakorea.ee\/wp-content\/uploads\/2026\/02\/Anua-PDRN-100-Hyaluronic-Acid-Glow-Pad-idakorea.png","width":1000,"height":1000},{"@type":"BreadcrumbList","@id":"https:\/\/idakorea.ee\/product\/anua-pdrn-100-hyaluronic-acid-glow-pad-60tk\/#breadcrumb","itemListElement":[{"@type":"ListItem","position":1,"name":"\u0413\u043b\u0430\u0432\u043d\u0430\u044f \u0441\u0442\u0440\u0430\u043d\u0438\u0446\u0430","item":"https:\/\/idakorea.ee\/"},{"@type":"ListItem","position":2,"name":"Shop","item":"https:\/\/idakorea.ee\/shop-2\/"},{"@type":"ListItem","position":3,"name":"Niisutavad toonikupadjad Anua PDRN 100 Hyaluronic Acid Glow Pad, 60tk"}]},{"@type":"WebSite","@id":"https:\/\/idakorea.ee\/#website","url":"https:\/\/idakorea.ee\/","name":"IDA.KOREA","description":"Korean kosmetiikan verkkokauppa","publisher":{"@id":"https:\/\/idakorea.ee\/#organization"},"alternateName":"Beauty Shop","potentialAction":[{"@type":"SearchAction","target":{"@type":"EntryPoint","urlTemplate":"https:\/\/idakorea.ee\/?s={search_term_string}"},"query-input":{"@type":"PropertyValueSpecification","valueRequired":true,"valueName":"search_term_string"}}],"inLanguage":"fi"},{"@type":"Organization","@id":"https:\/\/idakorea.ee\/#organization","name":"IDA.KOREA","url":"https:\/\/idakorea.ee\/","logo":{"@type":"ImageObject","inLanguage":"fi","@id":"https:\/\/idakorea.ee\/#\/schema\/logo\/image\/","url":"https:\/\/idakorea.ee\/wp-content\/uploads\/2024\/05\/cropped-korea3.png","contentUrl":"https:\/\/idakorea.ee\/wp-content\/uploads\/2024\/05\/cropped-korea3.png","width":688,"height":126,"caption":"IDA.KOREA"},"image":{"@id":"https:\/\/idakorea.ee\/#\/schema\/logo\/image\/"},"sameAs":["https:\/\/www.instagram.com\/ida.korea\/"]}]}},"jetpack_sharing_enabled":true,"brands":[{"id":104,"name":"ANUA","slug":"anua"}],"_links":{"self":[{"href":"https:\/\/idakorea.ee\/fi\/wp-json\/wp\/v2\/product\/17623","targetHints":{"allow":["GET"]}}],"collection":[{"href":"https:\/\/idakorea.ee\/fi\/wp-json\/wp\/v2\/product"}],"about":[{"href":"https:\/\/idakorea.ee\/fi\/wp-json\/wp\/v2\/types\/product"}],"replies":[{"embeddable":true,"href":"https:\/\/idakorea.ee\/fi\/wp-json\/wp\/v2\/comments?post=17623"}],"version-history":[{"count":1,"href":"https:\/\/idakorea.ee\/fi\/wp-json\/wp\/v2\/product\/17623\/revisions"}],"predecessor-version":[{"id":17627,"href":"https:\/\/idakorea.ee\/fi\/wp-json\/wp\/v2\/product\/17623\/revisions\/17627"}],"wp:featuredmedia":[{"embeddable":true,"href":"https:\/\/idakorea.ee\/fi\/wp-json\/wp\/v2\/media\/17626"}],"wp:attachment":[{"href":"https:\/\/idakorea.ee\/fi\/wp-json\/wp\/v2\/media?parent=17623"}],"wp:term":[{"taxonomy":"pwb-brand","embeddable":true,"href":"https:\/\/idakorea.ee\/fi\/wp-json\/wp\/v2\/pwb-brand?post=17623"},{"taxonomy":"product_brand","embeddable":true,"href":"https:\/\/idakorea.ee\/fi\/wp-json\/wp\/v2\/product_brand?post=17623"},{"taxonomy":"product_cat","embeddable":true,"href":"https:\/\/idakorea.ee\/fi\/wp-json\/wp\/v2\/product_cat?post=17623"},{"taxonomy":"product_tag","embeddable":true,"href":"https:\/\/idakorea.ee\/fi\/wp-json\/wp\/v2\/product_tag?post=17623"}],"curies":[{"name":"wp","href":"https:\/\/api.w.org\/{rel}","templated":true}]}}