{"id":17628,"date":"2026-02-06T11:19:29","date_gmt":"2026-02-06T09:19:29","guid":{"rendered":"https:\/\/idakorea.ee\/?post_type=product&#038;p=17628"},"modified":"2026-03-27T11:30:03","modified_gmt":"2026-03-27T09:30:03","slug":"biodance-rejuvenating-caviar-pdrn-real-deep-mask","status":"publish","type":"product","link":"https:\/\/idakorea.ee\/fi\/product\/biodance-rejuvenating-caviar-pdrn-real-deep-mask\/","title":{"rendered":"Hydrogeelinaamio PDRN:ll\u00e4 ja kaviaarilla Biodance Rejuvenating Caviar PDRN Real Deep Mask"},"content":{"rendered":"<p data-start=\"188\" data-end=\"407\">Naamio auttaa yll\u00e4pit\u00e4m\u00e4\u00e4n ihon kimmoisuutta ja kiinteytt\u00e4, parantaa ihon s\u00e4vy\u00e4 ja hidastaa ik\u00e4\u00e4ntymisprosessia. Palauttaa ja vahvistaa ihon hydrolipidisuojaa, tarjoaa valolta suojaavan suojan ja auttaa ehk\u00e4isem\u00e4\u00e4n ryppyj\u00e4.<\/p>\n<p data-start=\"409\" data-end=\"577\">Kosteuttaa tehokkaasti, lievitt\u00e4\u00e4 kuivuutta ja hilseily\u00e4 sek\u00e4 palauttaa terveen ja s\u00e4teilev\u00e4n ihon. V\u00e4hent\u00e4\u00e4 sameutta, tasoittaa ihon s\u00e4vy\u00e4 ja rauhoittaa punoitusta ja kutinaa.<\/p>\n<p data-start=\"579\" data-end=\"602\"><strong>T\u00e4rkeimm\u00e4t vaikuttavat aineosat<\/strong><\/p>\n<ul>\n<li data-start=\"604\" data-end=\"905\"><strong data-start=\"604\" data-end=\"625\">PDRN (natrium-DNA)<\/strong> \u2013 lohikalojen DNA:sta johdettu polynukleotidi, joka stimuloi uusien kollageeni- ja elastiinikuitujen synteesi\u00e4, tukee ihon uudistumista ja auttaa korjaamaan ennenaikaisen ik\u00e4\u00e4ntymisen, liiallisen auringonvalon ja aggressiivisten ymp\u00e4rist\u00f6tekij\u00f6iden aiheuttamia vaurioita.<\/li>\n<li data-start=\"907\" data-end=\"1098\"><strong data-start=\"907\" data-end=\"959\">Lohen kaviaariuute ja -hydrolaatti (600 000 ppm)<\/strong> \u2013 runsaasti aminohappoja ja vitamiineja, ravitsevat ihoa, v\u00e4hent\u00e4v\u00e4t kuivuutta, edist\u00e4v\u00e4t uudistumista ja auttavat silottamaan ryppyj\u00e4.<\/li>\n<li data-start=\"1100\" data-end=\"1248\"><strong data-start=\"1100\" data-end=\"1113\">Adenos<\/strong> \u2013 stimuloi kollageenin tuotantoa, v\u00e4hent\u00e4\u00e4 ryppyjen syvyytt\u00e4 ja auttaa ehk\u00e4isem\u00e4\u00e4n niiden muodostumista, tukien ihon kimmoisuutta ja nuorekkuutta.<\/li>\n<li data-start=\"1250\" data-end=\"1390\"><strong data-start=\"1250\" data-end=\"1274\">Sheavoi ja jojoba\u00f6ljy<\/strong> \u2013 vahvistaa ihon suojakerrosta, kosteuttaa ja ravitsee, pehment\u00e4\u00e4 karheita alueita ja v\u00e4hent\u00e4\u00e4 hilseily\u00e4.<\/li>\n<li data-start=\"1392\" data-end=\"1522\"><strong data-start=\"1392\" data-end=\"1410\">Ruusuhydrolaatti<\/strong> \u2013 tarjoaa antioksidanttisuojaa, hidastaa ik\u00e4\u00e4ntymist\u00e4, auttaa s\u00e4ilytt\u00e4m\u00e4\u00e4n kosteutta ja antaa iholle luonnollisen hehkun.<\/li>\n<\/ul>\n<p data-start=\"1524\" data-end=\"1554\">Sopii kaikille ihotyypeille.<\/p>\n<p data-start=\"1556\" data-end=\"1570\"><strong>K\u00e4ytt\u00f6<\/strong><\/p>\n<p data-start=\"1571\" data-end=\"1749\">Poista hydrogeelinaamio suojakalvosta. Puhdistuksen, kasvoveden ja seerumin j\u00e4lkeen anna naamion vaikuttaa kasvoillasi 3\u20134 tuntia, kunnes se muuttuu l\u00e4pin\u00e4kyv\u00e4ksi. Voit my\u00f6s antaa naamion vaikuttaa y\u00f6n yli.<\/p>","protected":false},"excerpt":{"rendered":"<p>Naamio auttaa yll\u00e4pit\u00e4m\u00e4\u00e4n ihon kimmoisuutta ja kiinteytt\u00e4, parantaa ihon s\u00e4vy\u00e4 ja hidastaa ik\u00e4\u00e4ntymisprosessia. Palauttaa ja vahvistaa ihon hydrolipidikerrosta, tarjoaa valolta suojaavan suojan ja auttaa ehk\u00e4isem\u00e4\u00e4n ryppyj\u00e4. Kosteuttaa tehokkaasti, lievitt\u00e4\u00e4 kuivuutta ja hilseily\u00e4 sek\u00e4 palauttaa ihon terveen ja s\u00e4teilev\u00e4n s\u00e4vyn. V\u00e4hent\u00e4\u00e4 sameutta, tasoittaa ihon s\u00e4vy\u00e4 ja rauhoittaa punoitusta ja kutinaa. T\u00e4rkeimm\u00e4t vaikuttavat aineosat PDRN (natrium-DNA) \u2013 lohi\u2026<\/p>","protected":false},"featured_media":17631,"comment_status":"open","ping_status":"closed","template":"","meta":{"_uf_show_specific_survey":0,"_uf_disable_surveys":false,"_bst_post_transparent":"default","_bst_post_title":"","_bst_post_layout":"default","_bst_post_sidebar_id":"","_bst_post_content_style":"default","_bst_post_vertical_padding":"default","_bst_post_feature":"","_bst_post_feature_position":"","_bst_post_header":false,"_bst_post_footer":false},"pwb-brand":[113],"product_brand":[],"product_cat":[92,98],"product_tag":[445,568,789,1114,538],"class_list":{"0":"post-17628","1":"product","2":"type-product","3":"status-publish","4":"has-post-thumbnail","6":"pwb-brand-biodance","7":"product_cat-nagu","8":"product_cat-naomaskid","9":"product_tag-biodance","10":"product_tag-korea","11":"product_tag-pdrn","12":"product_tag-trend-mak","13":"product_tag-viral","15":"first","16":"instock","17":"shipping-taxable","18":"purchasable","19":"product-type-simple","20":"entry","21":"content-bg","22":"loop-entry"},"supplier_id":null,"supplier_sku":"","barcode":null,"atum_controlled":true,"out_stock_date":null,"out_stock_threshold":null,"inheritable":false,"inbound_stock":0,"stock_on_hold":0,"sold_today":0,"sales_last_days":1,"out_stock_days":0,"lost_sales":0,"has_location":false,"update_date":"2026-04-24T00:09:10","atum_locations":[],"atum_stock_status":"instock","restock_status":false,"low_stock_amount":"","sales_update_date":"2026-04-24T00:09:10","calc_backorders":null,"yoast_head":"<!-- This site is optimized with the Yoast SEO plugin v27.2 - https:\/\/yoast.com\/product\/yoast-seo-wordpress\/ -->\n<title>Biodance Rejuvenating Caviar PDRN Real Deep Mask - IDA.KOREA<\/title>\n<meta name=\"description\" content=\"Niisutab intensiivselt, leevendab kuivust ja ketendust ning taastab naha terve ja s\u00e4rava jume. V\u00e4hendab tuhmust, \u00fchtlustab nahatooni ning rahustab punetust.\" \/>\n<meta name=\"robots\" content=\"index, follow, max-snippet:-1, max-image-preview:large, max-video-preview:-1\" \/>\n<link rel=\"canonical\" href=\"https:\/\/idakorea.ee\/fi\/product\/biodance-rejuvenating-caviar-pdrn-real-deep-mask\/\" \/>\n<meta property=\"og:locale\" content=\"fi_FI\" \/>\n<meta property=\"og:type\" content=\"article\" \/>\n<meta property=\"og:title\" content=\"Biodance Rejuvenating Caviar PDRN Real Deep Mask - IDA.KOREA\" \/>\n<meta property=\"og:description\" content=\"Niisutab intensiivselt, leevendab kuivust ja ketendust ning taastab naha terve ja s\u00e4rava jume. V\u00e4hendab tuhmust, \u00fchtlustab nahatooni ning rahustab punetust.\" \/>\n<meta property=\"og:url\" content=\"https:\/\/idakorea.ee\/fi\/product\/biodance-rejuvenating-caviar-pdrn-real-deep-mask\/\" \/>\n<meta property=\"og:site_name\" content=\"IDA.KOREA\" \/>\n<meta property=\"article:modified_time\" content=\"2026-03-27T09:30:03+00:00\" \/>\n<meta property=\"og:image\" content=\"https:\/\/idakorea.ee\/wp-content\/uploads\/2026\/02\/Biodance-Rejuvenating-Caviar-PDRN-Real-Deep-Mask-idakorea.jpg\" \/>\n\t<meta property=\"og:image:width\" content=\"1000\" \/>\n\t<meta property=\"og:image:height\" content=\"1000\" \/>\n\t<meta property=\"og:image:type\" content=\"image\/jpeg\" \/>\n<meta name=\"twitter:card\" content=\"summary_large_image\" \/>\n<meta name=\"twitter:label1\" content=\"Arvioitu lukuaika\" \/>\n\t<meta name=\"twitter:data1\" content=\"2 minuuttia\" \/>\n<script type=\"application\/ld+json\" class=\"yoast-schema-graph\">{\"@context\":\"https:\/\/schema.org\",\"@graph\":[{\"@type\":\"WebPage\",\"@id\":\"https:\/\/idakorea.ee\/product\/biodance-rejuvenating-caviar-pdrn-real-deep-mask\/\",\"url\":\"https:\/\/idakorea.ee\/product\/biodance-rejuvenating-caviar-pdrn-real-deep-mask\/\",\"name\":\"Biodance Rejuvenating Caviar PDRN Real Deep Mask - IDA.KOREA\",\"isPartOf\":{\"@id\":\"https:\/\/idakorea.ee\/#website\"},\"primaryImageOfPage\":{\"@id\":\"https:\/\/idakorea.ee\/product\/biodance-rejuvenating-caviar-pdrn-real-deep-mask\/#primaryimage\"},\"image\":{\"@id\":\"https:\/\/idakorea.ee\/product\/biodance-rejuvenating-caviar-pdrn-real-deep-mask\/#primaryimage\"},\"thumbnailUrl\":\"https:\/\/idakorea.ee\/wp-content\/uploads\/2026\/02\/Biodance-Rejuvenating-Caviar-PDRN-Real-Deep-Mask-idakorea.jpg\",\"datePublished\":\"2026-02-06T09:19:29+00:00\",\"dateModified\":\"2026-03-27T09:30:03+00:00\",\"description\":\"Niisutab intensiivselt, leevendab kuivust ja ketendust ning taastab naha terve ja s\u00e4rava jume. V\u00e4hendab tuhmust, \u00fchtlustab nahatooni ning rahustab punetust.\",\"breadcrumb\":{\"@id\":\"https:\/\/idakorea.ee\/product\/biodance-rejuvenating-caviar-pdrn-real-deep-mask\/#breadcrumb\"},\"inLanguage\":\"fi\",\"potentialAction\":[{\"@type\":\"ReadAction\",\"target\":[\"https:\/\/idakorea.ee\/product\/biodance-rejuvenating-caviar-pdrn-real-deep-mask\/\"]}]},{\"@type\":\"ImageObject\",\"inLanguage\":\"fi\",\"@id\":\"https:\/\/idakorea.ee\/product\/biodance-rejuvenating-caviar-pdrn-real-deep-mask\/#primaryimage\",\"url\":\"https:\/\/idakorea.ee\/wp-content\/uploads\/2026\/02\/Biodance-Rejuvenating-Caviar-PDRN-Real-Deep-Mask-idakorea.jpg\",\"contentUrl\":\"https:\/\/idakorea.ee\/wp-content\/uploads\/2026\/02\/Biodance-Rejuvenating-Caviar-PDRN-Real-Deep-Mask-idakorea.jpg\",\"width\":1000,\"height\":1000},{\"@type\":\"BreadcrumbList\",\"@id\":\"https:\/\/idakorea.ee\/product\/biodance-rejuvenating-caviar-pdrn-real-deep-mask\/#breadcrumb\",\"itemListElement\":[{\"@type\":\"ListItem\",\"position\":1,\"name\":\"\u0413\u043b\u0430\u0432\u043d\u0430\u044f \u0441\u0442\u0440\u0430\u043d\u0438\u0446\u0430\",\"item\":\"https:\/\/idakorea.ee\/\"},{\"@type\":\"ListItem\",\"position\":2,\"name\":\"Shop\",\"item\":\"https:\/\/idakorea.ee\/shop-2\/\"},{\"@type\":\"ListItem\",\"position\":3,\"name\":\"H\u00fcdrogeelmask PDRN-i ja kaaviariga Biodance Rejuvenating Caviar PDRN Real Deep Mask\"}]},{\"@type\":\"WebSite\",\"@id\":\"https:\/\/idakorea.ee\/#website\",\"url\":\"https:\/\/idakorea.ee\/\",\"name\":\"IDA.KOREA\",\"description\":\"Korea kosmeetika e-pood\",\"publisher\":{\"@id\":\"https:\/\/idakorea.ee\/#organization\"},\"alternateName\":\"Beauty Shop\",\"potentialAction\":[{\"@type\":\"SearchAction\",\"target\":{\"@type\":\"EntryPoint\",\"urlTemplate\":\"https:\/\/idakorea.ee\/?s={search_term_string}\"},\"query-input\":{\"@type\":\"PropertyValueSpecification\",\"valueRequired\":true,\"valueName\":\"search_term_string\"}}],\"inLanguage\":\"fi\"},{\"@type\":\"Organization\",\"@id\":\"https:\/\/idakorea.ee\/#organization\",\"name\":\"IDA.KOREA\",\"url\":\"https:\/\/idakorea.ee\/\",\"logo\":{\"@type\":\"ImageObject\",\"inLanguage\":\"fi\",\"@id\":\"https:\/\/idakorea.ee\/#\/schema\/logo\/image\/\",\"url\":\"https:\/\/idakorea.ee\/wp-content\/uploads\/2024\/05\/cropped-korea3.png\",\"contentUrl\":\"https:\/\/idakorea.ee\/wp-content\/uploads\/2024\/05\/cropped-korea3.png\",\"width\":688,\"height\":126,\"caption\":\"IDA.KOREA\"},\"image\":{\"@id\":\"https:\/\/idakorea.ee\/#\/schema\/logo\/image\/\"},\"sameAs\":[\"https:\/\/www.instagram.com\/ida.korea\/\"]}]}<\/script>\n<!-- \/ Yoast SEO plugin. -->","yoast_head_json":{"title":"Biodance Rejuvenating Caviar PDRN Real Deep Mask - IDA.KOREA","description":"Kosteuttaa tehokkaasti, lievitt\u00e4\u00e4 kuivuutta ja hilseily\u00e4 sek\u00e4 palauttaa terveen ja s\u00e4teilev\u00e4n ihonv\u00e4rin. V\u00e4hent\u00e4\u00e4 sameutta, tasoittaa ihon s\u00e4vy\u00e4 ja rauhoittaa punoitusta.","robots":{"index":"index","follow":"follow","max-snippet":"max-snippet:-1","max-image-preview":"max-image-preview:large","max-video-preview":"max-video-preview:-1"},"canonical":"https:\/\/idakorea.ee\/fi\/product\/biodance-rejuvenating-caviar-pdrn-real-deep-mask\/","og_locale":"fi_FI","og_type":"article","og_title":"Biodance Rejuvenating Caviar PDRN Real Deep Mask - IDA.KOREA","og_description":"Niisutab intensiivselt, leevendab kuivust ja ketendust ning taastab naha terve ja s\u00e4rava jume. V\u00e4hendab tuhmust, \u00fchtlustab nahatooni ning rahustab punetust.","og_url":"https:\/\/idakorea.ee\/fi\/product\/biodance-rejuvenating-caviar-pdrn-real-deep-mask\/","og_site_name":"IDA.KOREA","article_modified_time":"2026-03-27T09:30:03+00:00","og_image":[{"width":1000,"height":1000,"url":"https:\/\/idakorea.ee\/wp-content\/uploads\/2026\/02\/Biodance-Rejuvenating-Caviar-PDRN-Real-Deep-Mask-idakorea.jpg","type":"image\/jpeg"}],"twitter_card":"summary_large_image","twitter_misc":{"Arvioitu lukuaika":"2 minuuttia"},"schema":{"@context":"https:\/\/schema.org","@graph":[{"@type":"WebPage","@id":"https:\/\/idakorea.ee\/product\/biodance-rejuvenating-caviar-pdrn-real-deep-mask\/","url":"https:\/\/idakorea.ee\/product\/biodance-rejuvenating-caviar-pdrn-real-deep-mask\/","name":"Biodance Rejuvenating Caviar PDRN Real Deep Mask - IDA.KOREA","isPartOf":{"@id":"https:\/\/idakorea.ee\/#website"},"primaryImageOfPage":{"@id":"https:\/\/idakorea.ee\/product\/biodance-rejuvenating-caviar-pdrn-real-deep-mask\/#primaryimage"},"image":{"@id":"https:\/\/idakorea.ee\/product\/biodance-rejuvenating-caviar-pdrn-real-deep-mask\/#primaryimage"},"thumbnailUrl":"https:\/\/idakorea.ee\/wp-content\/uploads\/2026\/02\/Biodance-Rejuvenating-Caviar-PDRN-Real-Deep-Mask-idakorea.jpg","datePublished":"2026-02-06T09:19:29+00:00","dateModified":"2026-03-27T09:30:03+00:00","description":"Kosteuttaa tehokkaasti, lievitt\u00e4\u00e4 kuivuutta ja hilseily\u00e4 sek\u00e4 palauttaa terveen ja s\u00e4teilev\u00e4n ihonv\u00e4rin. V\u00e4hent\u00e4\u00e4 sameutta, tasoittaa ihon s\u00e4vy\u00e4 ja rauhoittaa punoitusta.","breadcrumb":{"@id":"https:\/\/idakorea.ee\/product\/biodance-rejuvenating-caviar-pdrn-real-deep-mask\/#breadcrumb"},"inLanguage":"fi","potentialAction":[{"@type":"ReadAction","target":["https:\/\/idakorea.ee\/product\/biodance-rejuvenating-caviar-pdrn-real-deep-mask\/"]}]},{"@type":"ImageObject","inLanguage":"fi","@id":"https:\/\/idakorea.ee\/product\/biodance-rejuvenating-caviar-pdrn-real-deep-mask\/#primaryimage","url":"https:\/\/idakorea.ee\/wp-content\/uploads\/2026\/02\/Biodance-Rejuvenating-Caviar-PDRN-Real-Deep-Mask-idakorea.jpg","contentUrl":"https:\/\/idakorea.ee\/wp-content\/uploads\/2026\/02\/Biodance-Rejuvenating-Caviar-PDRN-Real-Deep-Mask-idakorea.jpg","width":1000,"height":1000},{"@type":"BreadcrumbList","@id":"https:\/\/idakorea.ee\/product\/biodance-rejuvenating-caviar-pdrn-real-deep-mask\/#breadcrumb","itemListElement":[{"@type":"ListItem","position":1,"name":"\u0413\u043b\u0430\u0432\u043d\u0430\u044f \u0441\u0442\u0440\u0430\u043d\u0438\u0446\u0430","item":"https:\/\/idakorea.ee\/"},{"@type":"ListItem","position":2,"name":"Shop","item":"https:\/\/idakorea.ee\/shop-2\/"},{"@type":"ListItem","position":3,"name":"H\u00fcdrogeelmask PDRN-i ja kaaviariga Biodance Rejuvenating Caviar PDRN Real Deep Mask"}]},{"@type":"WebSite","@id":"https:\/\/idakorea.ee\/#website","url":"https:\/\/idakorea.ee\/","name":"IDA.KOREA","description":"Korean kosmetiikan verkkokauppa","publisher":{"@id":"https:\/\/idakorea.ee\/#organization"},"alternateName":"Beauty Shop","potentialAction":[{"@type":"SearchAction","target":{"@type":"EntryPoint","urlTemplate":"https:\/\/idakorea.ee\/?s={search_term_string}"},"query-input":{"@type":"PropertyValueSpecification","valueRequired":true,"valueName":"search_term_string"}}],"inLanguage":"fi"},{"@type":"Organization","@id":"https:\/\/idakorea.ee\/#organization","name":"IDA.KOREA","url":"https:\/\/idakorea.ee\/","logo":{"@type":"ImageObject","inLanguage":"fi","@id":"https:\/\/idakorea.ee\/#\/schema\/logo\/image\/","url":"https:\/\/idakorea.ee\/wp-content\/uploads\/2024\/05\/cropped-korea3.png","contentUrl":"https:\/\/idakorea.ee\/wp-content\/uploads\/2024\/05\/cropped-korea3.png","width":688,"height":126,"caption":"IDA.KOREA"},"image":{"@id":"https:\/\/idakorea.ee\/#\/schema\/logo\/image\/"},"sameAs":["https:\/\/www.instagram.com\/ida.korea\/"]}]}},"jetpack_sharing_enabled":true,"brands":[{"id":113,"name":"BIODANCE","slug":"biodance"}],"_links":{"self":[{"href":"https:\/\/idakorea.ee\/fi\/wp-json\/wp\/v2\/product\/17628","targetHints":{"allow":["GET"]}}],"collection":[{"href":"https:\/\/idakorea.ee\/fi\/wp-json\/wp\/v2\/product"}],"about":[{"href":"https:\/\/idakorea.ee\/fi\/wp-json\/wp\/v2\/types\/product"}],"replies":[{"embeddable":true,"href":"https:\/\/idakorea.ee\/fi\/wp-json\/wp\/v2\/comments?post=17628"}],"version-history":[{"count":1,"href":"https:\/\/idakorea.ee\/fi\/wp-json\/wp\/v2\/product\/17628\/revisions"}],"predecessor-version":[{"id":17632,"href":"https:\/\/idakorea.ee\/fi\/wp-json\/wp\/v2\/product\/17628\/revisions\/17632"}],"wp:featuredmedia":[{"embeddable":true,"href":"https:\/\/idakorea.ee\/fi\/wp-json\/wp\/v2\/media\/17631"}],"wp:attachment":[{"href":"https:\/\/idakorea.ee\/fi\/wp-json\/wp\/v2\/media?parent=17628"}],"wp:term":[{"taxonomy":"pwb-brand","embeddable":true,"href":"https:\/\/idakorea.ee\/fi\/wp-json\/wp\/v2\/pwb-brand?post=17628"},{"taxonomy":"product_brand","embeddable":true,"href":"https:\/\/idakorea.ee\/fi\/wp-json\/wp\/v2\/product_brand?post=17628"},{"taxonomy":"product_cat","embeddable":true,"href":"https:\/\/idakorea.ee\/fi\/wp-json\/wp\/v2\/product_cat?post=17628"},{"taxonomy":"product_tag","embeddable":true,"href":"https:\/\/idakorea.ee\/fi\/wp-json\/wp\/v2\/product_tag?post=17628"}],"curies":[{"name":"wp","href":"https:\/\/api.w.org\/{rel}","templated":true}]}}