{"id":17651,"date":"2026-02-08T13:44:12","date_gmt":"2026-02-08T11:44:12","guid":{"rendered":"https:\/\/idakorea.ee\/?post_type=product&#038;p=17651"},"modified":"2026-02-28T14:41:57","modified_gmt":"2026-02-28T12:41:57","slug":"rejuran-turnover-mask","status":"publish","type":"product","link":"https:\/\/idakorea.ee\/fi\/product\/rejuran-turnover-mask\/","title":{"rendered":"Rejuran Turnover Mask"},"content":{"rendered":"<p data-start=\"63\" data-end=\"282\">Kangasmaski<strong data-start=\"63\" data-end=\"129\"> <span class=\"hover:entity-accent entity-underline inline cursor-pointer align-baseline\"><span class=\"whitespace-normal\">REJURAN<\/span><\/span> Turnover Mask<\/strong> Viilent\u00e4v\u00e4ll\u00e4 vaikutuksella se varmistaa ihon syv\u00e4n kosteutuksen ja nopean toipumisen vaurioiden, aggressiivisten toimenpiteiden tai ymp\u00e4rist\u00f6stressin j\u00e4lkeen.<\/p>\n<p data-start=\"284\" data-end=\"375\">Mikrokuituinen naamion pohja istuu tiiviisti ihoa vasten, mik\u00e4 mahdollistaa aktiiviaineiden tehokkaan imeytymisen.<\/p>\n<p data-start=\"377\" data-end=\"744\">Naamioon imeytyv\u00e4 kevyt koostumus imeytyy nopeasti eik\u00e4 j\u00e4t\u00e4 tahmaista tunnetta. Tuote on suunniteltu <strong data-start=\"465\" data-end=\"496\">DOT (syv\u00e4nmeren teknologia)<\/strong> teknologia, joka varmistaa aktiivisten ainesosien syv\u00e4n imeytymisen nanokapseloinnin avulla ja yll\u00e4pit\u00e4\u00e4 niiden tasapainoa luonnollisen meriymp\u00e4rist\u00f6n tavoin. Teknologia tukee ihon uudistumista, kosteutta ja suojaa h\u00e4iritsem\u00e4tt\u00e4 pH-tasapainoa.<\/p>\n<p data-start=\"746\" data-end=\"1211\">Sis\u00e4lt\u00e4\u00e4 <strong data-start=\"755\" data-end=\"767\">c-PDRN<\/strong>, joka on REJURAN-sarjan p\u00e4\u00e4asiallinen vaikuttava aine ja tunnetaan vaihtoehtona injektoitavalle nuorentukselle. Se on meriper\u00e4inen pienimolekyylipainoinen DNA-fragmentti, joka on bioyhteensopiva ihmisen ihon kanssa. Se aktivoi solujen uudistumisprosesseja ja stimuloi kollageenin tuotantoa, mik\u00e4 parantaa ihon kimmoisuutta, tasoittaa rakennetta ja v\u00e4hent\u00e4\u00e4 ryppyj\u00e4. Ihosta tulee kiinte\u00e4mpi, sile\u00e4mpi ja kest\u00e4v\u00e4mpi ulkoisille \u00e4rsykkeille.<\/p>\n<p data-start=\"1213\" data-end=\"1236\"><strong>T\u00e4rkeimm\u00e4t vaikuttavat aineosat<\/strong><\/p>\n<ul>\n<li data-start=\"1238\" data-end=\"1420\"><strong data-start=\"1238\" data-end=\"1262\">PHA (glukonolaktoni)<\/strong> \u2013 suurempia molekyylej\u00e4 kuin AHA, sopii herk\u00e4lle iholle. Poistaa hell\u00e4varaisesti kuolleita ihosoluja, tasoittaa ihon mikroreliefi\u00e4 ja auttaa v\u00e4hent\u00e4m\u00e4\u00e4n pigmenttimuutoksia.<\/li>\n<li data-start=\"1422\" data-end=\"1572\"><strong data-start=\"1422\" data-end=\"1435\">Adenos<\/strong> \u2013 stimuloi kollageenisynteesi\u00e4, v\u00e4hent\u00e4\u00e4 ryppyjen syvyytt\u00e4 ja auttaa ehk\u00e4isem\u00e4\u00e4n niiden muodostumista, yll\u00e4pit\u00e4en ihon kimmoisuutta ja nuorekkuutta.<\/li>\n<li data-start=\"1574\" data-end=\"1741\"><strong data-start=\"1574\" data-end=\"1605\">Niasiiniamidi (B3-vitamiini)<\/strong> \u2013 hidastaa melaniinin kulkeutumista ihoon, ehk\u00e4isee ik\u00e4l\u00e4iskien muodostumista, s\u00e4\u00e4telee talin erityst\u00e4, v\u00e4hent\u00e4\u00e4 kiiltoa ja supistaa ihohuokosia.<\/li>\n<li data-start=\"1743\" data-end=\"1908\"><strong data-start=\"1743\" data-end=\"1770\">Pantenoli (B5-vitamiini)<\/strong> \u2013 lievitt\u00e4\u00e4 punoitusta ja kutinaa, vahvistaa ihon suojakerrosta, est\u00e4\u00e4 kosteuden haihtumista ja nopeuttaa vaurioituneen ihon toipumista.<\/li>\n<li data-start=\"1910\" data-end=\"2016\"><strong data-start=\"1910\" data-end=\"1932\">Aloe vera -uute<\/strong> \u2013 virkist\u00e4\u00e4, kosteuttaa, rauhoittaa, v\u00e4hent\u00e4\u00e4 punoitusta ja sill\u00e4 on tulehdusta est\u00e4v\u00e4 vaikutus.<\/li>\n<\/ul>\n<p data-start=\"2018\" data-end=\"2048\">Sopii kaikille ihotyypeille.<\/p>\n<p data-start=\"2050\" data-end=\"2064\"><strong>K\u00e4ytt\u00f6<\/strong><\/p>\n<p data-start=\"2065\" data-end=\"2262\">Puhdistuksen, kasvoveden ja seerumin j\u00e4lkeen levit\u00e4 naamio kasvoillesi ja hiero se tasaisesti. Poista 10\u201320 minuutin kuluttua ja anna j\u00e4ljell\u00e4 olevan aineen imeyty\u00e4. Viimeistele hoito tarvittaessa voiteella.<\/p>","protected":false},"excerpt":{"rendered":"<p>REJURAN Turnover Mask -kangasnaamio viilent\u00e4v\u00e4ll\u00e4 vaikutuksella varmistaa ihon syv\u00e4kosteutuksen ja nopean toipumisen vaurioiden, aggressiivisten toimenpiteiden tai ymp\u00e4rist\u00f6n stressitekij\u00f6iden j\u00e4lkeen. Mikrokuituinen naamiopohja istuu tiiviisti ihoon, mik\u00e4 mahdollistaa aktiiviaineiden tehokkaan imeytymisen. Naamioon kyll\u00e4st\u00e4v\u00e4 kevyt essenssi imeytyy nopeasti eik\u00e4 j\u00e4t\u00e4 tahmeaa tunnetta. Tuote on valmistettu DOT-teknologialla (Deep Ocean Technology), joka varmistaa aktiiviaineiden syv\u00e4n imeytymisen\u2026<\/p>","protected":false},"featured_media":17654,"comment_status":"open","ping_status":"closed","template":"","meta":{"_uf_show_specific_survey":0,"_uf_disable_surveys":false,"_bst_post_transparent":"default","_bst_post_title":"","_bst_post_layout":"default","_bst_post_sidebar_id":"","_bst_post_content_style":"default","_bst_post_vertical_padding":"default","_bst_post_feature":"","_bst_post_feature_position":"","_bst_post_header":false,"_bst_post_footer":false},"pwb-brand":[108],"product_brand":[],"product_cat":[92,98],"product_tag":[1115,1117,1116,1112],"class_list":{"0":"post-17651","1":"product","2":"type-product","3":"status-publish","4":"has-post-thumbnail","6":"pwb-brand-rejuran","7":"product_cat-nagu","8":"product_cat-naomaskid","9":"product_tag-naha-taastamine","10":"product_tag-pdrn-regeneratsioon","11":"product_tag-sugav-niisutus","12":"product_tag-tundlikule-nahale","14":"first","15":"instock","16":"sale","17":"shipping-taxable","18":"purchasable","19":"product-type-simple","20":"entry","21":"content-bg","22":"loop-entry"},"supplier_id":null,"supplier_sku":"","barcode":null,"atum_controlled":true,"out_stock_date":null,"out_stock_threshold":null,"inheritable":false,"inbound_stock":0,"stock_on_hold":0,"sold_today":0,"sales_last_days":0,"out_stock_days":0,"lost_sales":0,"has_location":false,"update_date":"2026-04-14T00:05:08","atum_locations":[],"atum_stock_status":"instock","restock_status":false,"low_stock_amount":"","sales_update_date":"2026-04-14T00:05:08","calc_backorders":null,"yoast_head":"<!-- This site is optimized with the Yoast SEO plugin v27.2 - https:\/\/yoast.com\/product\/yoast-seo-wordpress\/ -->\n<title>Rejuran Turnover Mask - IDA.KOREA<\/title>\n<meta name=\"description\" content=\"Kangasmask jahutava efektiga tagab naha s\u00fcgava niisutuse ja kiire taastumise p\u00e4rast kahjustusi, agressiivseid protseduure.\" \/>\n<meta name=\"robots\" content=\"index, follow, max-snippet:-1, max-image-preview:large, max-video-preview:-1\" \/>\n<link rel=\"canonical\" href=\"https:\/\/idakorea.ee\/fi\/product\/rejuran-turnover-mask\/\" \/>\n<meta property=\"og:locale\" content=\"fi_FI\" \/>\n<meta property=\"og:type\" content=\"article\" \/>\n<meta property=\"og:title\" content=\"Rejuran Turnover Mask - IDA.KOREA\" \/>\n<meta property=\"og:description\" content=\"Kangasmask jahutava efektiga tagab naha s\u00fcgava niisutuse ja kiire taastumise p\u00e4rast kahjustusi, agressiivseid protseduure.\" \/>\n<meta property=\"og:url\" content=\"https:\/\/idakorea.ee\/fi\/product\/rejuran-turnover-mask\/\" \/>\n<meta property=\"og:site_name\" content=\"IDA.KOREA\" \/>\n<meta property=\"article:modified_time\" content=\"2026-02-28T12:41:57+00:00\" \/>\n<meta property=\"og:image\" content=\"https:\/\/idakorea.ee\/wp-content\/uploads\/2026\/02\/REJURAN-Turnover-Mask-idakorea.jpg\" \/>\n\t<meta property=\"og:image:width\" content=\"1000\" \/>\n\t<meta property=\"og:image:height\" content=\"1000\" \/>\n\t<meta property=\"og:image:type\" content=\"image\/jpeg\" \/>\n<meta name=\"twitter:card\" content=\"summary_large_image\" \/>\n<meta name=\"twitter:label1\" content=\"Arvioitu lukuaika\" \/>\n\t<meta name=\"twitter:data1\" content=\"2 minuuttia\" \/>\n<script type=\"application\/ld+json\" class=\"yoast-schema-graph\">{\"@context\":\"https:\/\/schema.org\",\"@graph\":[{\"@type\":\"WebPage\",\"@id\":\"https:\/\/idakorea.ee\/product\/rejuran-turnover-mask\/\",\"url\":\"https:\/\/idakorea.ee\/product\/rejuran-turnover-mask\/\",\"name\":\"Rejuran Turnover Mask - IDA.KOREA\",\"isPartOf\":{\"@id\":\"https:\/\/idakorea.ee\/#website\"},\"primaryImageOfPage\":{\"@id\":\"https:\/\/idakorea.ee\/product\/rejuran-turnover-mask\/#primaryimage\"},\"image\":{\"@id\":\"https:\/\/idakorea.ee\/product\/rejuran-turnover-mask\/#primaryimage\"},\"thumbnailUrl\":\"https:\/\/idakorea.ee\/wp-content\/uploads\/2026\/02\/REJURAN-Turnover-Mask-idakorea.jpg\",\"datePublished\":\"2026-02-08T11:44:12+00:00\",\"dateModified\":\"2026-02-28T12:41:57+00:00\",\"description\":\"Kangasmask jahutava efektiga tagab naha s\u00fcgava niisutuse ja kiire taastumise p\u00e4rast kahjustusi, agressiivseid protseduure.\",\"breadcrumb\":{\"@id\":\"https:\/\/idakorea.ee\/product\/rejuran-turnover-mask\/#breadcrumb\"},\"inLanguage\":\"fi\",\"potentialAction\":[{\"@type\":\"ReadAction\",\"target\":[\"https:\/\/idakorea.ee\/product\/rejuran-turnover-mask\/\"]}]},{\"@type\":\"ImageObject\",\"inLanguage\":\"fi\",\"@id\":\"https:\/\/idakorea.ee\/product\/rejuran-turnover-mask\/#primaryimage\",\"url\":\"https:\/\/idakorea.ee\/wp-content\/uploads\/2026\/02\/REJURAN-Turnover-Mask-idakorea.jpg\",\"contentUrl\":\"https:\/\/idakorea.ee\/wp-content\/uploads\/2026\/02\/REJURAN-Turnover-Mask-idakorea.jpg\",\"width\":1000,\"height\":1000},{\"@type\":\"BreadcrumbList\",\"@id\":\"https:\/\/idakorea.ee\/product\/rejuran-turnover-mask\/#breadcrumb\",\"itemListElement\":[{\"@type\":\"ListItem\",\"position\":1,\"name\":\"\u0413\u043b\u0430\u0432\u043d\u0430\u044f \u0441\u0442\u0440\u0430\u043d\u0438\u0446\u0430\",\"item\":\"https:\/\/idakorea.ee\/\"},{\"@type\":\"ListItem\",\"position\":2,\"name\":\"Shop\",\"item\":\"https:\/\/idakorea.ee\/shop-2\/\"},{\"@type\":\"ListItem\",\"position\":3,\"name\":\"Taastav kangasmask Rejuran Turnover Mask\"}]},{\"@type\":\"WebSite\",\"@id\":\"https:\/\/idakorea.ee\/#website\",\"url\":\"https:\/\/idakorea.ee\/\",\"name\":\"IDA.KOREA\",\"description\":\"Korea kosmeetika e-pood\",\"publisher\":{\"@id\":\"https:\/\/idakorea.ee\/#organization\"},\"alternateName\":\"Beauty Shop\",\"potentialAction\":[{\"@type\":\"SearchAction\",\"target\":{\"@type\":\"EntryPoint\",\"urlTemplate\":\"https:\/\/idakorea.ee\/?s={search_term_string}\"},\"query-input\":{\"@type\":\"PropertyValueSpecification\",\"valueRequired\":true,\"valueName\":\"search_term_string\"}}],\"inLanguage\":\"fi\"},{\"@type\":\"Organization\",\"@id\":\"https:\/\/idakorea.ee\/#organization\",\"name\":\"IDA.KOREA\",\"url\":\"https:\/\/idakorea.ee\/\",\"logo\":{\"@type\":\"ImageObject\",\"inLanguage\":\"fi\",\"@id\":\"https:\/\/idakorea.ee\/#\/schema\/logo\/image\/\",\"url\":\"https:\/\/idakorea.ee\/wp-content\/uploads\/2024\/05\/cropped-korea3.png\",\"contentUrl\":\"https:\/\/idakorea.ee\/wp-content\/uploads\/2024\/05\/cropped-korea3.png\",\"width\":688,\"height\":126,\"caption\":\"IDA.KOREA\"},\"image\":{\"@id\":\"https:\/\/idakorea.ee\/#\/schema\/logo\/image\/\"},\"sameAs\":[\"https:\/\/www.instagram.com\/ida.korea\/\"]}]}<\/script>\n<!-- \/ Yoast SEO plugin. -->","yoast_head_json":{"title":"Rejuran Turnover Mask - IDA.KOREA","description":"Kangasmask jahutava efektiga tagab naha s\u00fcgava niisutuse ja kiire taastumise p\u00e4rast kahjustusi, agressiivseid protseduure.","robots":{"index":"index","follow":"follow","max-snippet":"max-snippet:-1","max-image-preview":"max-image-preview:large","max-video-preview":"max-video-preview:-1"},"canonical":"https:\/\/idakorea.ee\/fi\/product\/rejuran-turnover-mask\/","og_locale":"fi_FI","og_type":"article","og_title":"Rejuran Turnover Mask - IDA.KOREA","og_description":"Kangasmask jahutava efektiga tagab naha s\u00fcgava niisutuse ja kiire taastumise p\u00e4rast kahjustusi, agressiivseid protseduure.","og_url":"https:\/\/idakorea.ee\/fi\/product\/rejuran-turnover-mask\/","og_site_name":"IDA.KOREA","article_modified_time":"2026-02-28T12:41:57+00:00","og_image":[{"width":1000,"height":1000,"url":"https:\/\/idakorea.ee\/wp-content\/uploads\/2026\/02\/REJURAN-Turnover-Mask-idakorea.jpg","type":"image\/jpeg"}],"twitter_card":"summary_large_image","twitter_misc":{"Arvioitu lukuaika":"2 minuuttia"},"schema":{"@context":"https:\/\/schema.org","@graph":[{"@type":"WebPage","@id":"https:\/\/idakorea.ee\/product\/rejuran-turnover-mask\/","url":"https:\/\/idakorea.ee\/product\/rejuran-turnover-mask\/","name":"Rejuran Turnover Mask - IDA.KOREA","isPartOf":{"@id":"https:\/\/idakorea.ee\/#website"},"primaryImageOfPage":{"@id":"https:\/\/idakorea.ee\/product\/rejuran-turnover-mask\/#primaryimage"},"image":{"@id":"https:\/\/idakorea.ee\/product\/rejuran-turnover-mask\/#primaryimage"},"thumbnailUrl":"https:\/\/idakorea.ee\/wp-content\/uploads\/2026\/02\/REJURAN-Turnover-Mask-idakorea.jpg","datePublished":"2026-02-08T11:44:12+00:00","dateModified":"2026-02-28T12:41:57+00:00","description":"Kangasmask jahutava efektiga tagab naha s\u00fcgava niisutuse ja kiire taastumise p\u00e4rast kahjustusi, agressiivseid protseduure.","breadcrumb":{"@id":"https:\/\/idakorea.ee\/product\/rejuran-turnover-mask\/#breadcrumb"},"inLanguage":"fi","potentialAction":[{"@type":"ReadAction","target":["https:\/\/idakorea.ee\/product\/rejuran-turnover-mask\/"]}]},{"@type":"ImageObject","inLanguage":"fi","@id":"https:\/\/idakorea.ee\/product\/rejuran-turnover-mask\/#primaryimage","url":"https:\/\/idakorea.ee\/wp-content\/uploads\/2026\/02\/REJURAN-Turnover-Mask-idakorea.jpg","contentUrl":"https:\/\/idakorea.ee\/wp-content\/uploads\/2026\/02\/REJURAN-Turnover-Mask-idakorea.jpg","width":1000,"height":1000},{"@type":"BreadcrumbList","@id":"https:\/\/idakorea.ee\/product\/rejuran-turnover-mask\/#breadcrumb","itemListElement":[{"@type":"ListItem","position":1,"name":"\u0413\u043b\u0430\u0432\u043d\u0430\u044f \u0441\u0442\u0440\u0430\u043d\u0438\u0446\u0430","item":"https:\/\/idakorea.ee\/"},{"@type":"ListItem","position":2,"name":"Shop","item":"https:\/\/idakorea.ee\/shop-2\/"},{"@type":"ListItem","position":3,"name":"Taastav kangasmask Rejuran Turnover Mask"}]},{"@type":"WebSite","@id":"https:\/\/idakorea.ee\/#website","url":"https:\/\/idakorea.ee\/","name":"IDA.KOREA","description":"Korean kosmetiikan verkkokauppa","publisher":{"@id":"https:\/\/idakorea.ee\/#organization"},"alternateName":"Beauty Shop","potentialAction":[{"@type":"SearchAction","target":{"@type":"EntryPoint","urlTemplate":"https:\/\/idakorea.ee\/?s={search_term_string}"},"query-input":{"@type":"PropertyValueSpecification","valueRequired":true,"valueName":"search_term_string"}}],"inLanguage":"fi"},{"@type":"Organization","@id":"https:\/\/idakorea.ee\/#organization","name":"IDA.KOREA","url":"https:\/\/idakorea.ee\/","logo":{"@type":"ImageObject","inLanguage":"fi","@id":"https:\/\/idakorea.ee\/#\/schema\/logo\/image\/","url":"https:\/\/idakorea.ee\/wp-content\/uploads\/2024\/05\/cropped-korea3.png","contentUrl":"https:\/\/idakorea.ee\/wp-content\/uploads\/2024\/05\/cropped-korea3.png","width":688,"height":126,"caption":"IDA.KOREA"},"image":{"@id":"https:\/\/idakorea.ee\/#\/schema\/logo\/image\/"},"sameAs":["https:\/\/www.instagram.com\/ida.korea\/"]}]}},"jetpack_sharing_enabled":true,"brands":[{"id":108,"name":"REJURAN","slug":"rejuran"}],"_links":{"self":[{"href":"https:\/\/idakorea.ee\/fi\/wp-json\/wp\/v2\/product\/17651","targetHints":{"allow":["GET"]}}],"collection":[{"href":"https:\/\/idakorea.ee\/fi\/wp-json\/wp\/v2\/product"}],"about":[{"href":"https:\/\/idakorea.ee\/fi\/wp-json\/wp\/v2\/types\/product"}],"replies":[{"embeddable":true,"href":"https:\/\/idakorea.ee\/fi\/wp-json\/wp\/v2\/comments?post=17651"}],"version-history":[{"count":1,"href":"https:\/\/idakorea.ee\/fi\/wp-json\/wp\/v2\/product\/17651\/revisions"}],"predecessor-version":[{"id":17655,"href":"https:\/\/idakorea.ee\/fi\/wp-json\/wp\/v2\/product\/17651\/revisions\/17655"}],"wp:featuredmedia":[{"embeddable":true,"href":"https:\/\/idakorea.ee\/fi\/wp-json\/wp\/v2\/media\/17654"}],"wp:attachment":[{"href":"https:\/\/idakorea.ee\/fi\/wp-json\/wp\/v2\/media?parent=17651"}],"wp:term":[{"taxonomy":"pwb-brand","embeddable":true,"href":"https:\/\/idakorea.ee\/fi\/wp-json\/wp\/v2\/pwb-brand?post=17651"},{"taxonomy":"product_brand","embeddable":true,"href":"https:\/\/idakorea.ee\/fi\/wp-json\/wp\/v2\/product_brand?post=17651"},{"taxonomy":"product_cat","embeddable":true,"href":"https:\/\/idakorea.ee\/fi\/wp-json\/wp\/v2\/product_cat?post=17651"},{"taxonomy":"product_tag","embeddable":true,"href":"https:\/\/idakorea.ee\/fi\/wp-json\/wp\/v2\/product_tag?post=17651"}],"curies":[{"name":"wp","href":"https:\/\/api.w.org\/{rel}","templated":true}]}}