{"id":17660,"date":"2026-02-08T16:25:52","date_gmt":"2026-02-08T14:25:52","guid":{"rendered":"https:\/\/idakorea.ee\/?post_type=product&#038;p=17660"},"modified":"2026-03-11T13:33:40","modified_gmt":"2026-03-11T11:33:40","slug":"round-lab-birch-juice-moisturizing-lip-balm-20g","status":"publish","type":"product","link":"https:\/\/idakorea.ee\/fi\/product\/round-lab-birch-juice-moisturizing-lip-balm-20g\/","title":{"rendered":"Round Lab Birch Juice Moisturizing Lip Balm, 20g"},"content":{"rendered":"<p data-start=\"63\" data-end=\"270\">Huulirasva<strong data-start=\"63\" data-end=\"150\"> <span class=\"hover:entity-accent entity-underline inline cursor-pointer align-baseline\"><span class=\"whitespace-normal\">Py\u00f6re\u00e4 laboratorio<\/span><\/span> Birch Juice Moisturizing Lip Balm<\/strong> Kosteuttaa ja ravitsee huulia tehokkaasti, lievitt\u00e4\u00e4 kuivuutta ja rohtumista. Muodostaa suojaavan kerroksen, joka s\u00e4ilytt\u00e4\u00e4 kosteuden.<\/p>\n<p data-start=\"272\" data-end=\"422\">Palauttaa ihon lipidikerroksen, edist\u00e4\u00e4 paranemista ja tekee huulista pehme\u00e4t ja joustavat. Ehk\u00e4isee kuivumista ja hilseily\u00e4 sek\u00e4 rauhoittaa \u00e4rtynytt\u00e4 ihoa.<\/p>\n<p data-start=\"424\" data-end=\"491\">Sopii my\u00f6s k\u00e4ytett\u00e4v\u00e4ksi huulinaamiona syv\u00e4kosteutukseen.<\/p>\n<p data-start=\"559\" data-end=\"582\"><strong>T\u00e4rkeimm\u00e4t vaikuttavat aineosat<\/strong><\/p>\n<ul>\n<li data-start=\"584\" data-end=\"740\"><strong data-start=\"584\" data-end=\"606\">Koivunmahla (9,5 ppm)<\/strong> \u2013 sis\u00e4lt\u00e4\u00e4 mineraaleja ja aminohappoja, jotka v\u00e4hent\u00e4v\u00e4t kuivuutta, auttavat yll\u00e4pit\u00e4m\u00e4\u00e4n optimaalista kosteustasoa ja ehk\u00e4isev\u00e4t kuivumista.<\/li>\n<li data-start=\"742\" data-end=\"898\"><strong data-start=\"742\" data-end=\"812\">5 kasvi\u00f6ljy\u00e4 (oliivi-, manteli-, argan-, macadamia- ja jojoba\u00f6ljy)<\/strong> \u2013 ravitsevat tehokkaasti, vahvistavat ihon suojatoimintoja ja ehk\u00e4isev\u00e4t hilseily\u00e4.<\/li>\n<li data-start=\"900\" data-end=\"1017\"><strong data-start=\"900\" data-end=\"926\">3 erilaista hyaluronihappoa<\/strong> eri molekyylipainoilla \u2013 kosteuttavat, pehment\u00e4v\u00e4t ja tasoittavat huulten rakennetta syv\u00e4lt\u00e4.<\/li>\n<li data-start=\"1019\" data-end=\"1084\"><strong data-start=\"1019\" data-end=\"1031\">Skvala<\/strong> \u2013 rauhoittaa, v\u00e4hent\u00e4\u00e4 kosteuden haihtumista ja ravitsee.<\/li>\n<li data-start=\"1086\" data-end=\"1244\"><strong data-start=\"1086\" data-end=\"1109\">Glyseryyliglukosidi<\/strong> \u2013 glyseriinin ja glukoosin johdannainen, parantaa akvaporiinien (proteiinikanavien, jotka auttavat ihoa imem\u00e4\u00e4n kosteutta ja pit\u00e4m\u00e4\u00e4n sit\u00e4 soluissa) toimintaa.<\/li>\n<li data-start=\"1246\" data-end=\"1386\"><strong data-start=\"1246\" data-end=\"1295\">Tokoferoli ja tokoferyyliasetaatti (E-vitamiini)<\/strong> \u2013 nopeuttaa paranemista, pehment\u00e4\u00e4 karheita alueita ja palauttaa lipiditasapainon.<\/li>\n<li data-start=\"1388\" data-end=\"1495\"><strong data-start=\"1388\" data-end=\"1418\">Askorbiinihappo (C-vitamiini)<\/strong> \u2013 on antioksidanttinen, lis\u00e4\u00e4 kimmoisuutta ja vahvistaa huulten herkk\u00e4\u00e4 ihoa.<\/li>\n<\/ul>\n<p data-start=\"1497\" data-end=\"1511\"><strong>K\u00e4ytt\u00f6<\/strong><\/p>\n<p data-start=\"1512\" data-end=\"1571\">Levit\u00e4 puhtaille, kuiville huulille tarpeen mukaan.<\/p>","protected":false},"excerpt":{"rendered":"<p>Round Lab Birch Juice -kosteuttava huulivoide kosteuttaa ja ravitsee huulia tehokkaasti, lievitt\u00e4\u00e4 kuivuutta ja kireyden tunnetta. Muodostaa suojaavan kerroksen, joka s\u00e4ilytt\u00e4\u00e4 kosteuden. Palauttaa ihon lipidikerroksen, edist\u00e4\u00e4 paranemista ja tekee huulista pehme\u00e4t ja joustavat. Ehk\u00e4isee kuivuutta ja hilseily\u00e4 sek\u00e4 rauhoittaa \u00e4rtynytt\u00e4 ihoa. Sopii my\u00f6s k\u00e4ytett\u00e4v\u00e4ksi huulinaamiona syv\u00e4kosteuttavaan hoitoon. T\u00e4rkeimm\u00e4t vaikuttavat aineosat: Koivunmahla (9,5 ppm) \u2013 sis\u00e4lt\u00e4\u00e4\u2026<\/p>","protected":false},"featured_media":17664,"comment_status":"open","ping_status":"closed","template":"","meta":{"_uf_show_specific_survey":0,"_uf_disable_surveys":false,"_bst_post_transparent":"default","_bst_post_title":"","_bst_post_layout":"default","_bst_post_sidebar_id":"","_bst_post_content_style":"default","_bst_post_vertical_padding":"default","_bst_post_feature":"","_bst_post_feature_position":"","_bst_post_header":false,"_bst_post_footer":false},"pwb-brand":[645],"product_brand":[],"product_cat":[368,92,99],"product_tag":[917,568,646,498],"class_list":{"0":"post-17660","1":"product","2":"type-product","3":"status-publish","4":"has-post-thumbnail","6":"pwb-brand-round-lab","7":"product_cat-huulepalsamid-ja-hooldus","8":"product_cat-nagu","9":"product_cat-silmad-ja-huuled-2","10":"product_tag-balm","11":"product_tag-korea","12":"product_tag-round-lab","13":"product_tag-sleeping-mask","15":"first","16":"instock","17":"shipping-taxable","18":"purchasable","19":"product-type-simple","20":"entry","21":"content-bg","22":"loop-entry"},"supplier_id":null,"supplier_sku":"","barcode":null,"atum_controlled":true,"out_stock_date":null,"out_stock_threshold":null,"inheritable":false,"inbound_stock":0,"stock_on_hold":0,"sold_today":0,"sales_last_days":0,"out_stock_days":0,"lost_sales":0,"has_location":false,"update_date":"2026-04-24T00:09:08","atum_locations":[],"atum_stock_status":"instock","restock_status":false,"low_stock_amount":"","sales_update_date":"2026-04-24T00:09:08","calc_backorders":null,"yoast_head":"<!-- This site is optimized with the Yoast SEO plugin v27.2 - https:\/\/yoast.com\/product\/yoast-seo-wordpress\/ -->\n<title>Round Lab Birch Juice Moisturizing Lip Balm, 20g - IDA.KOREA<\/title>\n<meta name=\"description\" content=\"Huulepalsam Round Lab niisutab ja toidab huuli intensiivselt, leevendab kuivuse ja kiskuva tunde. Moodustab kaitseva niiskust s\u00e4ilitava kihi.\" \/>\n<meta name=\"robots\" content=\"index, follow, max-snippet:-1, max-image-preview:large, max-video-preview:-1\" \/>\n<link rel=\"canonical\" href=\"https:\/\/idakorea.ee\/fi\/product\/round-lab-birch-juice-moisturizing-lip-balm-20g\/\" \/>\n<meta property=\"og:locale\" content=\"fi_FI\" \/>\n<meta property=\"og:type\" content=\"article\" \/>\n<meta property=\"og:title\" content=\"Round Lab Birch Juice Moisturizing Lip Balm, 20g - IDA.KOREA\" \/>\n<meta property=\"og:description\" content=\"Huulepalsam Round Lab niisutab ja toidab huuli intensiivselt, leevendab kuivuse ja kiskuva tunde. Moodustab kaitseva niiskust s\u00e4ilitava kihi.\" \/>\n<meta property=\"og:url\" content=\"https:\/\/idakorea.ee\/fi\/product\/round-lab-birch-juice-moisturizing-lip-balm-20g\/\" \/>\n<meta property=\"og:site_name\" content=\"IDA.KOREA\" \/>\n<meta property=\"article:modified_time\" content=\"2026-03-11T11:33:40+00:00\" \/>\n<meta property=\"og:image\" content=\"https:\/\/idakorea.ee\/wp-content\/uploads\/2026\/02\/roundlab-lip-valm-idakorea.webp\" \/>\n\t<meta property=\"og:image:width\" content=\"640\" \/>\n\t<meta property=\"og:image:height\" content=\"640\" \/>\n\t<meta property=\"og:image:type\" content=\"image\/webp\" \/>\n<meta name=\"twitter:card\" content=\"summary_large_image\" \/>\n<meta name=\"twitter:label1\" content=\"Arvioitu lukuaika\" \/>\n\t<meta name=\"twitter:data1\" content=\"2 minuuttia\" \/>\n<script type=\"application\/ld+json\" class=\"yoast-schema-graph\">{\"@context\":\"https:\/\/schema.org\",\"@graph\":[{\"@type\":\"WebPage\",\"@id\":\"https:\/\/idakorea.ee\/product\/round-lab-birch-juice-moisturizing-lip-balm-20g\/\",\"url\":\"https:\/\/idakorea.ee\/product\/round-lab-birch-juice-moisturizing-lip-balm-20g\/\",\"name\":\"Round Lab Birch Juice Moisturizing Lip Balm, 20g - IDA.KOREA\",\"isPartOf\":{\"@id\":\"https:\/\/idakorea.ee\/#website\"},\"primaryImageOfPage\":{\"@id\":\"https:\/\/idakorea.ee\/product\/round-lab-birch-juice-moisturizing-lip-balm-20g\/#primaryimage\"},\"image\":{\"@id\":\"https:\/\/idakorea.ee\/product\/round-lab-birch-juice-moisturizing-lip-balm-20g\/#primaryimage\"},\"thumbnailUrl\":\"https:\/\/idakorea.ee\/wp-content\/uploads\/2026\/02\/roundlab-lip-valm-idakorea.webp\",\"datePublished\":\"2026-02-08T14:25:52+00:00\",\"dateModified\":\"2026-03-11T11:33:40+00:00\",\"description\":\"Huulepalsam Round Lab niisutab ja toidab huuli intensiivselt, leevendab kuivuse ja kiskuva tunde. Moodustab kaitseva niiskust s\u00e4ilitava kihi.\",\"breadcrumb\":{\"@id\":\"https:\/\/idakorea.ee\/product\/round-lab-birch-juice-moisturizing-lip-balm-20g\/#breadcrumb\"},\"inLanguage\":\"fi\",\"potentialAction\":[{\"@type\":\"ReadAction\",\"target\":[\"https:\/\/idakorea.ee\/product\/round-lab-birch-juice-moisturizing-lip-balm-20g\/\"]}]},{\"@type\":\"ImageObject\",\"inLanguage\":\"fi\",\"@id\":\"https:\/\/idakorea.ee\/product\/round-lab-birch-juice-moisturizing-lip-balm-20g\/#primaryimage\",\"url\":\"https:\/\/idakorea.ee\/wp-content\/uploads\/2026\/02\/roundlab-lip-valm-idakorea.webp\",\"contentUrl\":\"https:\/\/idakorea.ee\/wp-content\/uploads\/2026\/02\/roundlab-lip-valm-idakorea.webp\",\"width\":640,\"height\":640},{\"@type\":\"BreadcrumbList\",\"@id\":\"https:\/\/idakorea.ee\/product\/round-lab-birch-juice-moisturizing-lip-balm-20g\/#breadcrumb\",\"itemListElement\":[{\"@type\":\"ListItem\",\"position\":1,\"name\":\"\u0413\u043b\u0430\u0432\u043d\u0430\u044f \u0441\u0442\u0440\u0430\u043d\u0438\u0446\u0430\",\"item\":\"https:\/\/idakorea.ee\/\"},{\"@type\":\"ListItem\",\"position\":2,\"name\":\"Shop\",\"item\":\"https:\/\/idakorea.ee\/shop-2\/\"},{\"@type\":\"ListItem\",\"position\":3,\"name\":\"Huulepalsam aplikaatoriga Round Lab Birch Juice Moisturizing Lip Balm, 20g\"}]},{\"@type\":\"WebSite\",\"@id\":\"https:\/\/idakorea.ee\/#website\",\"url\":\"https:\/\/idakorea.ee\/\",\"name\":\"IDA.KOREA\",\"description\":\"Korea kosmeetika e-pood\",\"publisher\":{\"@id\":\"https:\/\/idakorea.ee\/#organization\"},\"alternateName\":\"Beauty Shop\",\"potentialAction\":[{\"@type\":\"SearchAction\",\"target\":{\"@type\":\"EntryPoint\",\"urlTemplate\":\"https:\/\/idakorea.ee\/?s={search_term_string}\"},\"query-input\":{\"@type\":\"PropertyValueSpecification\",\"valueRequired\":true,\"valueName\":\"search_term_string\"}}],\"inLanguage\":\"fi\"},{\"@type\":\"Organization\",\"@id\":\"https:\/\/idakorea.ee\/#organization\",\"name\":\"IDA.KOREA\",\"url\":\"https:\/\/idakorea.ee\/\",\"logo\":{\"@type\":\"ImageObject\",\"inLanguage\":\"fi\",\"@id\":\"https:\/\/idakorea.ee\/#\/schema\/logo\/image\/\",\"url\":\"https:\/\/idakorea.ee\/wp-content\/uploads\/2024\/05\/cropped-korea3.png\",\"contentUrl\":\"https:\/\/idakorea.ee\/wp-content\/uploads\/2024\/05\/cropped-korea3.png\",\"width\":688,\"height\":126,\"caption\":\"IDA.KOREA\"},\"image\":{\"@id\":\"https:\/\/idakorea.ee\/#\/schema\/logo\/image\/\"},\"sameAs\":[\"https:\/\/www.instagram.com\/ida.korea\/\"]}]}<\/script>\n<!-- \/ Yoast SEO plugin. -->","yoast_head_json":{"title":"Round Lab Birch Juice Moisturizing Lip Balm, 20g - IDA.KOREA","description":"Huulepalsam Round Lab niisutab ja toidab huuli intensiivselt, leevendab kuivuse ja kiskuva tunde. Moodustab kaitseva niiskust s\u00e4ilitava kihi.","robots":{"index":"index","follow":"follow","max-snippet":"max-snippet:-1","max-image-preview":"max-image-preview:large","max-video-preview":"max-video-preview:-1"},"canonical":"https:\/\/idakorea.ee\/fi\/product\/round-lab-birch-juice-moisturizing-lip-balm-20g\/","og_locale":"fi_FI","og_type":"article","og_title":"Round Lab Birch Juice Moisturizing Lip Balm, 20g - IDA.KOREA","og_description":"Huulepalsam Round Lab niisutab ja toidab huuli intensiivselt, leevendab kuivuse ja kiskuva tunde. Moodustab kaitseva niiskust s\u00e4ilitava kihi.","og_url":"https:\/\/idakorea.ee\/fi\/product\/round-lab-birch-juice-moisturizing-lip-balm-20g\/","og_site_name":"IDA.KOREA","article_modified_time":"2026-03-11T11:33:40+00:00","og_image":[{"width":640,"height":640,"url":"https:\/\/idakorea.ee\/wp-content\/uploads\/2026\/02\/roundlab-lip-valm-idakorea.webp","type":"image\/webp"}],"twitter_card":"summary_large_image","twitter_misc":{"Arvioitu lukuaika":"2 minuuttia"},"schema":{"@context":"https:\/\/schema.org","@graph":[{"@type":"WebPage","@id":"https:\/\/idakorea.ee\/product\/round-lab-birch-juice-moisturizing-lip-balm-20g\/","url":"https:\/\/idakorea.ee\/product\/round-lab-birch-juice-moisturizing-lip-balm-20g\/","name":"Round Lab Birch Juice Moisturizing Lip Balm, 20g - IDA.KOREA","isPartOf":{"@id":"https:\/\/idakorea.ee\/#website"},"primaryImageOfPage":{"@id":"https:\/\/idakorea.ee\/product\/round-lab-birch-juice-moisturizing-lip-balm-20g\/#primaryimage"},"image":{"@id":"https:\/\/idakorea.ee\/product\/round-lab-birch-juice-moisturizing-lip-balm-20g\/#primaryimage"},"thumbnailUrl":"https:\/\/idakorea.ee\/wp-content\/uploads\/2026\/02\/roundlab-lip-valm-idakorea.webp","datePublished":"2026-02-08T14:25:52+00:00","dateModified":"2026-03-11T11:33:40+00:00","description":"Huulepalsam Round Lab niisutab ja toidab huuli intensiivselt, leevendab kuivuse ja kiskuva tunde. Moodustab kaitseva niiskust s\u00e4ilitava kihi.","breadcrumb":{"@id":"https:\/\/idakorea.ee\/product\/round-lab-birch-juice-moisturizing-lip-balm-20g\/#breadcrumb"},"inLanguage":"fi","potentialAction":[{"@type":"ReadAction","target":["https:\/\/idakorea.ee\/product\/round-lab-birch-juice-moisturizing-lip-balm-20g\/"]}]},{"@type":"ImageObject","inLanguage":"fi","@id":"https:\/\/idakorea.ee\/product\/round-lab-birch-juice-moisturizing-lip-balm-20g\/#primaryimage","url":"https:\/\/idakorea.ee\/wp-content\/uploads\/2026\/02\/roundlab-lip-valm-idakorea.webp","contentUrl":"https:\/\/idakorea.ee\/wp-content\/uploads\/2026\/02\/roundlab-lip-valm-idakorea.webp","width":640,"height":640},{"@type":"BreadcrumbList","@id":"https:\/\/idakorea.ee\/product\/round-lab-birch-juice-moisturizing-lip-balm-20g\/#breadcrumb","itemListElement":[{"@type":"ListItem","position":1,"name":"\u0413\u043b\u0430\u0432\u043d\u0430\u044f \u0441\u0442\u0440\u0430\u043d\u0438\u0446\u0430","item":"https:\/\/idakorea.ee\/"},{"@type":"ListItem","position":2,"name":"Shop","item":"https:\/\/idakorea.ee\/shop-2\/"},{"@type":"ListItem","position":3,"name":"Huulepalsam aplikaatoriga Round Lab Birch Juice Moisturizing Lip Balm, 20g"}]},{"@type":"WebSite","@id":"https:\/\/idakorea.ee\/#website","url":"https:\/\/idakorea.ee\/","name":"IDA.KOREA","description":"Korean kosmetiikan verkkokauppa","publisher":{"@id":"https:\/\/idakorea.ee\/#organization"},"alternateName":"Beauty Shop","potentialAction":[{"@type":"SearchAction","target":{"@type":"EntryPoint","urlTemplate":"https:\/\/idakorea.ee\/?s={search_term_string}"},"query-input":{"@type":"PropertyValueSpecification","valueRequired":true,"valueName":"search_term_string"}}],"inLanguage":"fi"},{"@type":"Organization","@id":"https:\/\/idakorea.ee\/#organization","name":"IDA.KOREA","url":"https:\/\/idakorea.ee\/","logo":{"@type":"ImageObject","inLanguage":"fi","@id":"https:\/\/idakorea.ee\/#\/schema\/logo\/image\/","url":"https:\/\/idakorea.ee\/wp-content\/uploads\/2024\/05\/cropped-korea3.png","contentUrl":"https:\/\/idakorea.ee\/wp-content\/uploads\/2024\/05\/cropped-korea3.png","width":688,"height":126,"caption":"IDA.KOREA"},"image":{"@id":"https:\/\/idakorea.ee\/#\/schema\/logo\/image\/"},"sameAs":["https:\/\/www.instagram.com\/ida.korea\/"]}]}},"jetpack_sharing_enabled":true,"brands":[{"id":645,"name":"ROUND LAB","slug":"round-lab"}],"_links":{"self":[{"href":"https:\/\/idakorea.ee\/fi\/wp-json\/wp\/v2\/product\/17660","targetHints":{"allow":["GET"]}}],"collection":[{"href":"https:\/\/idakorea.ee\/fi\/wp-json\/wp\/v2\/product"}],"about":[{"href":"https:\/\/idakorea.ee\/fi\/wp-json\/wp\/v2\/types\/product"}],"replies":[{"embeddable":true,"href":"https:\/\/idakorea.ee\/fi\/wp-json\/wp\/v2\/comments?post=17660"}],"version-history":[{"count":2,"href":"https:\/\/idakorea.ee\/fi\/wp-json\/wp\/v2\/product\/17660\/revisions"}],"predecessor-version":[{"id":17669,"href":"https:\/\/idakorea.ee\/fi\/wp-json\/wp\/v2\/product\/17660\/revisions\/17669"}],"wp:featuredmedia":[{"embeddable":true,"href":"https:\/\/idakorea.ee\/fi\/wp-json\/wp\/v2\/media\/17664"}],"wp:attachment":[{"href":"https:\/\/idakorea.ee\/fi\/wp-json\/wp\/v2\/media?parent=17660"}],"wp:term":[{"taxonomy":"pwb-brand","embeddable":true,"href":"https:\/\/idakorea.ee\/fi\/wp-json\/wp\/v2\/pwb-brand?post=17660"},{"taxonomy":"product_brand","embeddable":true,"href":"https:\/\/idakorea.ee\/fi\/wp-json\/wp\/v2\/product_brand?post=17660"},{"taxonomy":"product_cat","embeddable":true,"href":"https:\/\/idakorea.ee\/fi\/wp-json\/wp\/v2\/product_cat?post=17660"},{"taxonomy":"product_tag","embeddable":true,"href":"https:\/\/idakorea.ee\/fi\/wp-json\/wp\/v2\/product_tag?post=17660"}],"curies":[{"name":"wp","href":"https:\/\/api.w.org\/{rel}","templated":true}]}}