{"id":17704,"date":"2026-02-12T15:49:28","date_gmt":"2026-02-12T13:49:28","guid":{"rendered":"https:\/\/idakorea.ee\/?post_type=product&#038;p=17704"},"modified":"2026-04-24T11:00:45","modified_gmt":"2026-04-24T09:00:45","slug":"dr-ceuracle-expert-spirulina-cooling-modeling-mask-30g","status":"publish","type":"product","link":"https:\/\/idakorea.ee\/fi\/product\/dr-ceuracle-expert-spirulina-cooling-modeling-mask-30g\/","title":{"rendered":"Viilent\u00e4v\u00e4 alginaattinaamio spirulinalla Dr.Ceuracle Expert Spirulina Cooling Modeling Mask, 30g"},"content":{"rendered":"<p data-start=\"0\" data-end=\"56\">Viilent\u00e4v\u00e4 alginaattinaamio spirulinalla <strong data-start=\"63\" data-end=\"178\">\u00a0<span class=\"hover:entity-accent entity-underline inline cursor-pointer align-baseline\"><span class=\"whitespace-normal\">Dr.Ceuracle<\/span><\/span> Expert Spirulina Cooling Modeling Mask<\/strong> Rauhoittaa \u00e4rtynytt\u00e4 ja herkk\u00e4\u00e4 ihoa, lievitt\u00e4\u00e4 kutinaa ja punoitusta sek\u00e4 nopeuttaa tulehduksen paranemista. S\u00e4\u00e4telee talin erityst\u00e4 ja imee ylim\u00e4\u00e4r\u00e4ist\u00e4 talia.<\/p>\n<p data-start=\"330\" data-end=\"476\">Palauttaa ihon kosteustasapainon, ehk\u00e4isee hilseily\u00e4 ja vahvistaa hydrolipidisuojaa. Levittyy tasaisesti ja on helppo poistaa kovettumisen j\u00e4lkeen.<\/p>\n<p data-start=\"478\" data-end=\"647\">Kompaktin pakkauksen ansiosta naamio on helppo ottaa mukaan matkoille. Naamion voi sekoittaa suoraan pakkauksessa ilman lis\u00e4varusteita. Pakkaus sis\u00e4lt\u00e4\u00e4 lastan sekoittamista ja levitt\u00e4mist\u00e4 varten.<\/p>\n<p data-start=\"649\" data-end=\"672\"><strong>T\u00e4rkeimm\u00e4t vaikuttavat aineosat<\/strong><\/p>\n<ul>\n<li data-start=\"674\" data-end=\"823\"><strong data-start=\"674\" data-end=\"699\">Spirulinajauhe (2%)<\/strong> \u2013 runsaasti vitamiineja, mineraaleja ja aminohappoja, vahvistaa ihon luonnollista puolustuskyky\u00e4 ja parantaa vastustuskyky\u00e4.<\/li>\n<li data-start=\"825\" data-end=\"944\"><strong data-start=\"825\" data-end=\"842\">Teepuujauhe<\/strong> \u2013 tulehdusta est\u00e4v\u00e4 vaikutus, v\u00e4hent\u00e4\u00e4 punoitusta, alentaa aknen riski\u00e4 ja edist\u00e4\u00e4 nopeaa paranemista.<\/li>\n<li data-start=\"946\" data-end=\"1076\"><strong data-start=\"946\" data-end=\"963\">Piparminttu\u00f6ljy<\/strong> \u2013 rauhoittaa \u00e4rsytyst\u00e4, punoitusta ja kutinaa, auttaa v\u00e4hent\u00e4m\u00e4\u00e4n tulehdusta ja tasapainottaa talirauhasten toimintaa.<\/li>\n<li data-start=\"1078\" data-end=\"1167\"><strong data-start=\"1078\" data-end=\"1100\">Portulakan uute<\/strong> \u2013 rauhoittaa ihoa, v\u00e4hent\u00e4\u00e4 herkkyytt\u00e4 ja vahvistaa suojakerrosta.<\/li>\n<li data-start=\"1169\" data-end=\"1306\"><strong data-start=\"1169\" data-end=\"1196\">Pantenoli (B5-vitamiini)<\/strong> \u2013 lievitt\u00e4\u00e4 punoitusta ja kutinaa, vahvistaa lipidisuojakerrosta, v\u00e4hent\u00e4\u00e4 kosteuden menetyst\u00e4 ja nopeuttaa ihon uudistumista.<\/li>\n<li data-start=\"1308\" data-end=\"1457\"><strong data-start=\"1308\" data-end=\"1320\">Alginaatti<\/strong> \u2013 lev\u00e4st\u00e4 per\u00e4isin oleva luonnollinen aine, joka ravitsee ja kosteuttaa ihoa, antaa kevyen kohottavan vaikutuksen ja aktivoi solujen uudistumisprosesseja.<\/li>\n<\/ul>\n<p data-start=\"1459\" data-end=\"1511\">Sopii normaalille, sekaiholle ja rasvaiselle iholle.<\/p>\n<p data-start=\"1513\" data-end=\"1527\"><strong>K\u00e4ytt\u00f6<\/strong><\/p>\n<p data-start=\"1528\" data-end=\"1785\">Lis\u00e4\u00e4 jauheeseen 10\u201312 ruokalusikallista vett\u00e4 ja sekoita tasaiseksi. Levit\u00e4 naamio kasvoillesi v\u00e4ltt\u00e4en silm\u00e4nymp\u00e4rysihoa ja nen\u00e4\u00e4. 15\u201320 minuutin kuluttua, kun naamio on kuivunut, poista se varovasti nostamalla sit\u00e4 reunoista. Levit\u00e4 sitten kasvovesi ja jatka normaalia ihonhoitorutiiniasi.<\/p>","protected":false},"excerpt":{"rendered":"<p>Viilent\u00e4v\u00e4 alginaattinaamio spirulinalla Dr.Ceuracle Expert Spirulina Cooling Modeling Mask rauhoittaa \u00e4rtynytt\u00e4 ja herkk\u00e4\u00e4 ihoa, lievitt\u00e4\u00e4 kutinaa ja punoitusta sek\u00e4 nopeuttaa tulehduksen paranemista. S\u00e4\u00e4telee talin erityst\u00e4 ja imee ylim\u00e4\u00e4r\u00e4ist\u00e4 talirauhasta. Palauttaa ihon kosteustasapainon, ehk\u00e4isee hilseily\u00e4 ja vahvistaa hydrolipidisuojaa. Levittyy tasaisesti ja on helppo poistaa j\u00e4hmettymisen j\u00e4lkeen. Kompaktin pakkauksen ansiosta naamio on k\u00e4tev\u00e4 ottaa mukaan matkalle. Naamion voi sekoittaa\u2026<\/p>","protected":false},"featured_media":17705,"comment_status":"open","ping_status":"closed","template":"","meta":{"_uf_show_specific_survey":0,"_uf_disable_surveys":false,"_bst_post_transparent":"default","_bst_post_title":"","_bst_post_layout":"default","_bst_post_sidebar_id":"","_bst_post_content_style":"default","_bst_post_vertical_padding":"default","_bst_post_feature":"","_bst_post_feature_position":"","_bst_post_header":false,"_bst_post_footer":false},"pwb-brand":[481],"product_brand":[],"product_cat":[92,98],"product_tag":[1118,568,614],"class_list":{"0":"post-17704","1":"product","2":"type-product","3":"status-publish","4":"has-post-thumbnail","6":"pwb-brand-dr-ceuracle","7":"product_cat-nagu","8":"product_cat-naomaskid","9":"product_tag-alginaat","10":"product_tag-korea","11":"product_tag-mask","13":"first","14":"instock","15":"shipping-taxable","16":"purchasable","17":"product-type-simple","18":"entry","19":"content-bg","20":"loop-entry"},"supplier_id":null,"supplier_sku":"","barcode":null,"atum_controlled":true,"out_stock_date":null,"out_stock_threshold":null,"inheritable":false,"inbound_stock":0,"stock_on_hold":0,"sold_today":0,"sales_last_days":2,"out_stock_days":0,"lost_sales":0,"has_location":false,"update_date":"2026-04-24T09:00:45","atum_locations":[],"atum_stock_status":"instock","restock_status":false,"low_stock_amount":"","sales_update_date":"2026-04-20T00:07:13","calc_backorders":null,"yoast_head":"<!-- This site is optimized with the Yoast SEO plugin v27.2 - https:\/\/yoast.com\/product\/yoast-seo-wordpress\/ -->\n<title>Dr.Ceuracle Expert Spirulina Cooling Modeling Mask, 30g - IDA.KOREA<\/title>\n<meta name=\"description\" content=\"Jahutav alginaatmask spirulinaga rahustab \u00e4rritunud ja tundlikku nahka, leevendab s\u00fcgelust ja punetust ning kiirendab p\u00f5letike paranemist.\" \/>\n<meta name=\"robots\" content=\"index, follow, max-snippet:-1, max-image-preview:large, max-video-preview:-1\" \/>\n<link rel=\"canonical\" href=\"https:\/\/idakorea.ee\/fi\/product\/dr-ceuracle-expert-spirulina-cooling-modeling-mask-30g\/\" \/>\n<meta property=\"og:locale\" content=\"fi_FI\" \/>\n<meta property=\"og:type\" content=\"article\" \/>\n<meta property=\"og:title\" content=\"Dr.Ceuracle Expert Spirulina Cooling Modeling Mask, 30g - IDA.KOREA\" \/>\n<meta property=\"og:description\" content=\"Jahutav alginaatmask spirulinaga rahustab \u00e4rritunud ja tundlikku nahka, leevendab s\u00fcgelust ja punetust ning kiirendab p\u00f5letike paranemist.\" \/>\n<meta property=\"og:url\" content=\"https:\/\/idakorea.ee\/fi\/product\/dr-ceuracle-expert-spirulina-cooling-modeling-mask-30g\/\" \/>\n<meta property=\"og:site_name\" content=\"IDA.KOREA\" \/>\n<meta property=\"article:modified_time\" content=\"2026-04-24T09:00:45+00:00\" \/>\n<meta property=\"og:image\" content=\"https:\/\/idakorea.ee\/wp-content\/uploads\/2026\/02\/DR.-CEURACLE-Expert-Spirulina-Cooling-Modeling-Mask-idakorea.webp\" \/>\n\t<meta property=\"og:image:width\" content=\"840\" \/>\n\t<meta property=\"og:image:height\" content=\"840\" \/>\n\t<meta property=\"og:image:type\" content=\"image\/webp\" \/>\n<meta name=\"twitter:card\" content=\"summary_large_image\" \/>\n<meta name=\"twitter:label1\" content=\"Arvioitu lukuaika\" \/>\n\t<meta name=\"twitter:data1\" content=\"2 minuuttia\" \/>\n<script type=\"application\/ld+json\" class=\"yoast-schema-graph\">{\"@context\":\"https:\/\/schema.org\",\"@graph\":[{\"@type\":\"WebPage\",\"@id\":\"https:\/\/idakorea.ee\/product\/dr-ceuracle-expert-spirulina-cooling-modeling-mask-30g\/\",\"url\":\"https:\/\/idakorea.ee\/product\/dr-ceuracle-expert-spirulina-cooling-modeling-mask-30g\/\",\"name\":\"Dr.Ceuracle Expert Spirulina Cooling Modeling Mask, 30g - IDA.KOREA\",\"isPartOf\":{\"@id\":\"https:\/\/idakorea.ee\/#website\"},\"primaryImageOfPage\":{\"@id\":\"https:\/\/idakorea.ee\/product\/dr-ceuracle-expert-spirulina-cooling-modeling-mask-30g\/#primaryimage\"},\"image\":{\"@id\":\"https:\/\/idakorea.ee\/product\/dr-ceuracle-expert-spirulina-cooling-modeling-mask-30g\/#primaryimage\"},\"thumbnailUrl\":\"https:\/\/idakorea.ee\/wp-content\/uploads\/2026\/02\/DR.-CEURACLE-Expert-Spirulina-Cooling-Modeling-Mask-idakorea.webp\",\"datePublished\":\"2026-02-12T13:49:28+00:00\",\"dateModified\":\"2026-04-24T09:00:45+00:00\",\"description\":\"Jahutav alginaatmask spirulinaga rahustab \u00e4rritunud ja tundlikku nahka, leevendab s\u00fcgelust ja punetust ning kiirendab p\u00f5letike paranemist.\",\"breadcrumb\":{\"@id\":\"https:\/\/idakorea.ee\/product\/dr-ceuracle-expert-spirulina-cooling-modeling-mask-30g\/#breadcrumb\"},\"inLanguage\":\"fi\",\"potentialAction\":[{\"@type\":\"ReadAction\",\"target\":[\"https:\/\/idakorea.ee\/product\/dr-ceuracle-expert-spirulina-cooling-modeling-mask-30g\/\"]}]},{\"@type\":\"ImageObject\",\"inLanguage\":\"fi\",\"@id\":\"https:\/\/idakorea.ee\/product\/dr-ceuracle-expert-spirulina-cooling-modeling-mask-30g\/#primaryimage\",\"url\":\"https:\/\/idakorea.ee\/wp-content\/uploads\/2026\/02\/DR.-CEURACLE-Expert-Spirulina-Cooling-Modeling-Mask-idakorea.webp\",\"contentUrl\":\"https:\/\/idakorea.ee\/wp-content\/uploads\/2026\/02\/DR.-CEURACLE-Expert-Spirulina-Cooling-Modeling-Mask-idakorea.webp\",\"width\":840,\"height\":840},{\"@type\":\"BreadcrumbList\",\"@id\":\"https:\/\/idakorea.ee\/product\/dr-ceuracle-expert-spirulina-cooling-modeling-mask-30g\/#breadcrumb\",\"itemListElement\":[{\"@type\":\"ListItem\",\"position\":1,\"name\":\"\u0413\u043b\u0430\u0432\u043d\u0430\u044f \u0441\u0442\u0440\u0430\u043d\u0438\u0446\u0430\",\"item\":\"https:\/\/idakorea.ee\/\"},{\"@type\":\"ListItem\",\"position\":2,\"name\":\"Shop\",\"item\":\"https:\/\/idakorea.ee\/shop-2\/\"},{\"@type\":\"ListItem\",\"position\":3,\"name\":\"Jahutav alginaatmask spirulinaga Dr.Ceuracle Expert Spirulina Cooling Modeling Mask, 30g\"}]},{\"@type\":\"WebSite\",\"@id\":\"https:\/\/idakorea.ee\/#website\",\"url\":\"https:\/\/idakorea.ee\/\",\"name\":\"IDA.KOREA\",\"description\":\"Korea kosmeetika e-pood\",\"publisher\":{\"@id\":\"https:\/\/idakorea.ee\/#organization\"},\"alternateName\":\"Beauty Shop\",\"potentialAction\":[{\"@type\":\"SearchAction\",\"target\":{\"@type\":\"EntryPoint\",\"urlTemplate\":\"https:\/\/idakorea.ee\/?s={search_term_string}\"},\"query-input\":{\"@type\":\"PropertyValueSpecification\",\"valueRequired\":true,\"valueName\":\"search_term_string\"}}],\"inLanguage\":\"fi\"},{\"@type\":\"Organization\",\"@id\":\"https:\/\/idakorea.ee\/#organization\",\"name\":\"IDA.KOREA\",\"url\":\"https:\/\/idakorea.ee\/\",\"logo\":{\"@type\":\"ImageObject\",\"inLanguage\":\"fi\",\"@id\":\"https:\/\/idakorea.ee\/#\/schema\/logo\/image\/\",\"url\":\"https:\/\/idakorea.ee\/wp-content\/uploads\/2024\/05\/cropped-korea3.png\",\"contentUrl\":\"https:\/\/idakorea.ee\/wp-content\/uploads\/2024\/05\/cropped-korea3.png\",\"width\":688,\"height\":126,\"caption\":\"IDA.KOREA\"},\"image\":{\"@id\":\"https:\/\/idakorea.ee\/#\/schema\/logo\/image\/\"},\"sameAs\":[\"https:\/\/www.instagram.com\/ida.korea\/\"]}]}<\/script>\n<!-- \/ Yoast SEO plugin. -->","yoast_head_json":{"title":"Dr.Ceuracle Expert Spirulina Cooling Modeling Mask, 30g - IDA.KOREA","description":"Jahutav alginaatmask spirulinaga rahustab \u00e4rritunud ja tundlikku nahka, leevendab s\u00fcgelust ja punetust ning kiirendab p\u00f5letike paranemist.","robots":{"index":"index","follow":"follow","max-snippet":"max-snippet:-1","max-image-preview":"max-image-preview:large","max-video-preview":"max-video-preview:-1"},"canonical":"https:\/\/idakorea.ee\/fi\/product\/dr-ceuracle-expert-spirulina-cooling-modeling-mask-30g\/","og_locale":"fi_FI","og_type":"article","og_title":"Dr.Ceuracle Expert Spirulina Cooling Modeling Mask, 30g - IDA.KOREA","og_description":"Jahutav alginaatmask spirulinaga rahustab \u00e4rritunud ja tundlikku nahka, leevendab s\u00fcgelust ja punetust ning kiirendab p\u00f5letike paranemist.","og_url":"https:\/\/idakorea.ee\/fi\/product\/dr-ceuracle-expert-spirulina-cooling-modeling-mask-30g\/","og_site_name":"IDA.KOREA","article_modified_time":"2026-04-24T09:00:45+00:00","og_image":[{"width":840,"height":840,"url":"https:\/\/idakorea.ee\/wp-content\/uploads\/2026\/02\/DR.-CEURACLE-Expert-Spirulina-Cooling-Modeling-Mask-idakorea.webp","type":"image\/webp"}],"twitter_card":"summary_large_image","twitter_misc":{"Arvioitu lukuaika":"2 minuuttia"},"schema":{"@context":"https:\/\/schema.org","@graph":[{"@type":"WebPage","@id":"https:\/\/idakorea.ee\/product\/dr-ceuracle-expert-spirulina-cooling-modeling-mask-30g\/","url":"https:\/\/idakorea.ee\/product\/dr-ceuracle-expert-spirulina-cooling-modeling-mask-30g\/","name":"Dr.Ceuracle Expert Spirulina Cooling Modeling Mask, 30g - IDA.KOREA","isPartOf":{"@id":"https:\/\/idakorea.ee\/#website"},"primaryImageOfPage":{"@id":"https:\/\/idakorea.ee\/product\/dr-ceuracle-expert-spirulina-cooling-modeling-mask-30g\/#primaryimage"},"image":{"@id":"https:\/\/idakorea.ee\/product\/dr-ceuracle-expert-spirulina-cooling-modeling-mask-30g\/#primaryimage"},"thumbnailUrl":"https:\/\/idakorea.ee\/wp-content\/uploads\/2026\/02\/DR.-CEURACLE-Expert-Spirulina-Cooling-Modeling-Mask-idakorea.webp","datePublished":"2026-02-12T13:49:28+00:00","dateModified":"2026-04-24T09:00:45+00:00","description":"Jahutav alginaatmask spirulinaga rahustab \u00e4rritunud ja tundlikku nahka, leevendab s\u00fcgelust ja punetust ning kiirendab p\u00f5letike paranemist.","breadcrumb":{"@id":"https:\/\/idakorea.ee\/product\/dr-ceuracle-expert-spirulina-cooling-modeling-mask-30g\/#breadcrumb"},"inLanguage":"fi","potentialAction":[{"@type":"ReadAction","target":["https:\/\/idakorea.ee\/product\/dr-ceuracle-expert-spirulina-cooling-modeling-mask-30g\/"]}]},{"@type":"ImageObject","inLanguage":"fi","@id":"https:\/\/idakorea.ee\/product\/dr-ceuracle-expert-spirulina-cooling-modeling-mask-30g\/#primaryimage","url":"https:\/\/idakorea.ee\/wp-content\/uploads\/2026\/02\/DR.-CEURACLE-Expert-Spirulina-Cooling-Modeling-Mask-idakorea.webp","contentUrl":"https:\/\/idakorea.ee\/wp-content\/uploads\/2026\/02\/DR.-CEURACLE-Expert-Spirulina-Cooling-Modeling-Mask-idakorea.webp","width":840,"height":840},{"@type":"BreadcrumbList","@id":"https:\/\/idakorea.ee\/product\/dr-ceuracle-expert-spirulina-cooling-modeling-mask-30g\/#breadcrumb","itemListElement":[{"@type":"ListItem","position":1,"name":"\u0413\u043b\u0430\u0432\u043d\u0430\u044f \u0441\u0442\u0440\u0430\u043d\u0438\u0446\u0430","item":"https:\/\/idakorea.ee\/"},{"@type":"ListItem","position":2,"name":"Shop","item":"https:\/\/idakorea.ee\/shop-2\/"},{"@type":"ListItem","position":3,"name":"Jahutav alginaatmask spirulinaga Dr.Ceuracle Expert Spirulina Cooling Modeling Mask, 30g"}]},{"@type":"WebSite","@id":"https:\/\/idakorea.ee\/#website","url":"https:\/\/idakorea.ee\/","name":"IDA.KOREA","description":"Korean kosmetiikan verkkokauppa","publisher":{"@id":"https:\/\/idakorea.ee\/#organization"},"alternateName":"Beauty Shop","potentialAction":[{"@type":"SearchAction","target":{"@type":"EntryPoint","urlTemplate":"https:\/\/idakorea.ee\/?s={search_term_string}"},"query-input":{"@type":"PropertyValueSpecification","valueRequired":true,"valueName":"search_term_string"}}],"inLanguage":"fi"},{"@type":"Organization","@id":"https:\/\/idakorea.ee\/#organization","name":"IDA.KOREA","url":"https:\/\/idakorea.ee\/","logo":{"@type":"ImageObject","inLanguage":"fi","@id":"https:\/\/idakorea.ee\/#\/schema\/logo\/image\/","url":"https:\/\/idakorea.ee\/wp-content\/uploads\/2024\/05\/cropped-korea3.png","contentUrl":"https:\/\/idakorea.ee\/wp-content\/uploads\/2024\/05\/cropped-korea3.png","width":688,"height":126,"caption":"IDA.KOREA"},"image":{"@id":"https:\/\/idakorea.ee\/#\/schema\/logo\/image\/"},"sameAs":["https:\/\/www.instagram.com\/ida.korea\/"]}]}},"jetpack_sharing_enabled":true,"brands":[{"id":481,"name":"DR.CEURACLE","slug":"dr-ceuracle"}],"_links":{"self":[{"href":"https:\/\/idakorea.ee\/fi\/wp-json\/wp\/v2\/product\/17704","targetHints":{"allow":["GET"]}}],"collection":[{"href":"https:\/\/idakorea.ee\/fi\/wp-json\/wp\/v2\/product"}],"about":[{"href":"https:\/\/idakorea.ee\/fi\/wp-json\/wp\/v2\/types\/product"}],"replies":[{"embeddable":true,"href":"https:\/\/idakorea.ee\/fi\/wp-json\/wp\/v2\/comments?post=17704"}],"version-history":[{"count":2,"href":"https:\/\/idakorea.ee\/fi\/wp-json\/wp\/v2\/product\/17704\/revisions"}],"predecessor-version":[{"id":17711,"href":"https:\/\/idakorea.ee\/fi\/wp-json\/wp\/v2\/product\/17704\/revisions\/17711"}],"wp:featuredmedia":[{"embeddable":true,"href":"https:\/\/idakorea.ee\/fi\/wp-json\/wp\/v2\/media\/17705"}],"wp:attachment":[{"href":"https:\/\/idakorea.ee\/fi\/wp-json\/wp\/v2\/media?parent=17704"}],"wp:term":[{"taxonomy":"pwb-brand","embeddable":true,"href":"https:\/\/idakorea.ee\/fi\/wp-json\/wp\/v2\/pwb-brand?post=17704"},{"taxonomy":"product_brand","embeddable":true,"href":"https:\/\/idakorea.ee\/fi\/wp-json\/wp\/v2\/product_brand?post=17704"},{"taxonomy":"product_cat","embeddable":true,"href":"https:\/\/idakorea.ee\/fi\/wp-json\/wp\/v2\/product_cat?post=17704"},{"taxonomy":"product_tag","embeddable":true,"href":"https:\/\/idakorea.ee\/fi\/wp-json\/wp\/v2\/product_tag?post=17704"}],"curies":[{"name":"wp","href":"https:\/\/api.w.org\/{rel}","templated":true}]}}