{"id":17710,"date":"2026-02-13T09:38:11","date_gmt":"2026-02-13T07:38:11","guid":{"rendered":"https:\/\/idakorea.ee\/?post_type=product&#038;p=17710"},"modified":"2026-04-24T11:33:46","modified_gmt":"2026-04-24T09:33:46","slug":"dr-ceuracle-expert-collagen-firming-modeling-mask-30g","status":"publish","type":"product","link":"https:\/\/idakorea.ee\/fi\/product\/dr-ceuracle-expert-collagen-firming-modeling-mask-30g\/","title":{"rendered":"Kiinteytt\u00e4v\u00e4 alginaattinaamio kollageenilla Dr.Ceuracle Expert Collagen Firming Modeling Mask, 30g"},"content":{"rendered":"<p data-start=\"63\" data-end=\"355\">Kiinteytt\u00e4v\u00e4 alginaattinaamio kollageenilla<strong data-start=\"63\" data-end=\"180\">\u00a0<span class=\"hover:entity-accent entity-underline inline cursor-pointer align-baseline\"><span class=\"whitespace-normal\">Dr.Ceuracle<\/span><\/span> Expert Collagen Firming Modeling Mask<\/strong> Lis\u00e4\u00e4 ihon kimmoisuutta ja s\u00e4vy\u00e4, auttaa ehk\u00e4isem\u00e4\u00e4n ryppyjen ja juonteiden muodostumista. Stimuloi elastiinin synteesi\u00e4, tukee kasvojen \u00e4\u00e4riviivojen kehittymist\u00e4 ja auttaa ehk\u00e4isem\u00e4\u00e4n ihon veltostumista.<\/p>\n<p data-start=\"357\" data-end=\"653\">Kosteuttaa tehokkaasti, pehment\u00e4\u00e4 karheita alueita ja tasoittaa ihon mikroreliefi\u00e4. Naamio rauhoittaa ihoa, lievitt\u00e4\u00e4 kutinaa ja \u00e4rsytyst\u00e4, edist\u00e4\u00e4 tulehduksen paranemista ja v\u00e4hent\u00e4\u00e4 punoitusta. Sill\u00e4 on viilent\u00e4v\u00e4 vaikutus levitettyn\u00e4, se levittyy tasaisesti ja on helppo poistaa kovettumisen j\u00e4lkeen.<\/p>\n<p data-start=\"655\" data-end=\"824\">Kompaktin pakkauksen ansiosta naamio on helppo ottaa mukaan matkoille. Naamion voi sekoittaa suoraan pakkauksessa ilman lis\u00e4varusteita. Pakkaus sis\u00e4lt\u00e4\u00e4 lastan sekoittamista ja levitt\u00e4mist\u00e4 varten.<\/p>\n<p data-start=\"826\" data-end=\"849\"><strong>T\u00e4rkeimm\u00e4t vaikuttavat aineosat<\/strong><\/p>\n<ul>\n<li data-start=\"851\" data-end=\"1020\"><strong data-start=\"851\" data-end=\"890\">Hydrolysoitu kollageeni (1 000 ppm)<\/strong> \u2013 kosteuttaa tehokkaasti, auttaa s\u00e4ilytt\u00e4m\u00e4\u00e4n kosteuden, parantaa ihon rakennetta, nopeuttaa palautumista ja v\u00e4hent\u00e4\u00e4 ryppyjen n\u00e4kyvyytt\u00e4.<\/li>\n<li data-start=\"1022\" data-end=\"1172\"><strong data-start=\"1022\" data-end=\"1035\">Adenos<\/strong> \u2013 stimuloi kollageenin tuotantoa, v\u00e4hent\u00e4\u00e4 ryppyjen syvyytt\u00e4 ja auttaa ehk\u00e4isem\u00e4\u00e4n niiden muodostumista, yll\u00e4pit\u00e4en ihon kimmoisuutta ja nuorekkuutta.<\/li>\n<li data-start=\"1174\" data-end=\"1323\"><strong data-start=\"1174\" data-end=\"1186\">Alginaatti<\/strong> \u2013 lev\u00e4st\u00e4 per\u00e4isin oleva luonnollinen aine, joka ravitsee ja kosteuttaa ihoa, antaa kevyen kohottavan vaikutuksen ja aktivoi solujen uudistumisprosesseja.<\/li>\n<li data-start=\"1325\" data-end=\"1422\"><strong data-start=\"1325\" data-end=\"1347\">Portulakan uute<\/strong> \u2013 rauhoittaa \u00e4rsytyst\u00e4, v\u00e4hent\u00e4\u00e4 ihon herkkyytt\u00e4 ja vahvistaa suojakerrosta.<\/li>\n<li data-start=\"1424\" data-end=\"1584\"><strong data-start=\"1424\" data-end=\"1471\">Aasian vesinavan (Centella asiatica) uute<\/strong> \u2013 sill\u00e4 on tulehdusta est\u00e4vi\u00e4 ja haavaumia parantavia vaikutuksia, se v\u00e4hent\u00e4\u00e4 turvotusta, vahvistaa verisuonia ja auttaa ehk\u00e4isem\u00e4\u00e4n couperosaa.<\/li>\n<li data-start=\"1586\" data-end=\"1685\"><strong data-start=\"1586\" data-end=\"1601\">Laventeli\u00f6ljy<\/strong> \u2013 antibakteerinen, lievitt\u00e4\u00e4 tulehdusta ja kutinaa sek\u00e4 auttaa ehk\u00e4isem\u00e4\u00e4n aknea.<\/li>\n<\/ul>\n<p data-start=\"1687\" data-end=\"1717\">Sopii kaikille ihotyypeille.<\/p>\n<p data-start=\"1719\" data-end=\"1733\"><strong>K\u00e4ytt\u00f6<\/strong><\/p>\n<p data-start=\"1734\" data-end=\"1991\">Lis\u00e4\u00e4 jauheeseen 10\u201312 ruokalusikallista vett\u00e4 ja sekoita tasaiseksi. Levit\u00e4 naamio kasvoillesi v\u00e4ltt\u00e4en silm\u00e4nymp\u00e4rysihoa ja nen\u00e4\u00e4. 15\u201320 minuutin kuluttua, kun naamio on kuivunut, poista se varovasti nostamalla sit\u00e4 reunoista. Levit\u00e4 sitten kasvovesi ja jatka normaalia ihonhoitorutiiniasi.<\/p>","protected":false},"excerpt":{"rendered":"<p>Kiinteytt\u00e4v\u00e4 alginaattinaamio kollageenilla. Dr.Ceuracle Expert Collagen Firming Modeling Mask lis\u00e4\u00e4 ihon kimmoisuutta ja s\u00e4vy\u00e4, auttaa ehk\u00e4isem\u00e4\u00e4n ryppyjen ja juonteiden muodostumista. Stimuloi elastiinin synteesi\u00e4, tukee kasvojen \u00e4\u00e4riviivojen muodostumista ja auttaa ehk\u00e4isem\u00e4\u00e4n ihon veltostumista. Kosteuttaa tehokkaasti, pehment\u00e4\u00e4 karheita alueita ja tasoittaa ihon mikroreliefi\u00e4. Naamio rauhoittaa ihoa, lievitt\u00e4\u00e4 kutinaa ja \u00e4rsytyst\u00e4, edist\u00e4\u00e4 tulehduksen paranemista ja v\u00e4hent\u00e4\u00e4 punoitusta. Levitettyn\u00e4 se antaa viilent\u00e4v\u00e4n\u2026<\/p>","protected":false},"featured_media":17713,"comment_status":"open","ping_status":"closed","template":"","meta":{"_uf_show_specific_survey":0,"_uf_disable_surveys":false,"_bst_post_transparent":"default","_bst_post_title":"","_bst_post_layout":"default","_bst_post_sidebar_id":"","_bst_post_content_style":"default","_bst_post_vertical_padding":"default","_bst_post_feature":"","_bst_post_feature_position":"","_bst_post_header":false,"_bst_post_footer":false},"pwb-brand":[481],"product_brand":[],"product_cat":[92,98],"product_tag":[1118,568,614],"class_list":{"0":"post-17710","1":"product","2":"type-product","3":"status-publish","4":"has-post-thumbnail","6":"pwb-brand-dr-ceuracle","7":"product_cat-nagu","8":"product_cat-naomaskid","9":"product_tag-alginaat","10":"product_tag-korea","11":"product_tag-mask","13":"first","14":"instock","15":"sale","16":"shipping-taxable","17":"purchasable","18":"product-type-simple","19":"entry","20":"content-bg","21":"loop-entry"},"supplier_id":null,"supplier_sku":"","barcode":null,"atum_controlled":true,"out_stock_date":null,"out_stock_threshold":null,"inheritable":false,"inbound_stock":0,"stock_on_hold":2,"sold_today":0,"sales_last_days":2,"out_stock_days":0,"lost_sales":0,"has_location":false,"update_date":"2026-04-24T09:33:48","atum_locations":[],"atum_stock_status":"instock","restock_status":false,"low_stock_amount":"","sales_update_date":"2026-04-24T00:09:14","calc_backorders":null,"yoast_head":"<!-- This site is optimized with the Yoast SEO plugin v27.2 - https:\/\/yoast.com\/product\/yoast-seo-wordpress\/ -->\n<title>Dr.Ceuracle Expert Collagen Firming Modeling Mask, 30g - IDA.KOREA<\/title>\n<meta name=\"description\" content=\"Pinguldav alginaatmask kollageeniga suurendab naha elastsust ja toonust, aitab ennetada kortsude ja voltide teket. Stimuleerib elastiini s\u00fcnteesi.\" \/>\n<meta name=\"robots\" content=\"index, follow, max-snippet:-1, max-image-preview:large, max-video-preview:-1\" \/>\n<link rel=\"canonical\" href=\"https:\/\/idakorea.ee\/fi\/product\/dr-ceuracle-expert-collagen-firming-modeling-mask-30g\/\" \/>\n<meta property=\"og:locale\" content=\"fi_FI\" \/>\n<meta property=\"og:type\" content=\"article\" \/>\n<meta property=\"og:title\" content=\"Dr.Ceuracle Expert Collagen Firming Modeling Mask, 30g - IDA.KOREA\" \/>\n<meta property=\"og:description\" content=\"Pinguldav alginaatmask kollageeniga suurendab naha elastsust ja toonust, aitab ennetada kortsude ja voltide teket. Stimuleerib elastiini s\u00fcnteesi.\" \/>\n<meta property=\"og:url\" content=\"https:\/\/idakorea.ee\/fi\/product\/dr-ceuracle-expert-collagen-firming-modeling-mask-30g\/\" \/>\n<meta property=\"og:site_name\" content=\"IDA.KOREA\" \/>\n<meta property=\"article:modified_time\" content=\"2026-04-24T09:33:46+00:00\" \/>\n<meta property=\"og:image\" content=\"https:\/\/idakorea.ee\/wp-content\/uploads\/2026\/02\/Dr.Ceuracle-Expert-Collagen-Firming-Modeling-Mask-idakorea.webp\" \/>\n\t<meta property=\"og:image:width\" content=\"2000\" \/>\n\t<meta property=\"og:image:height\" content=\"2000\" \/>\n\t<meta property=\"og:image:type\" content=\"image\/webp\" \/>\n<meta name=\"twitter:card\" content=\"summary_large_image\" \/>\n<meta name=\"twitter:label1\" content=\"Arvioitu lukuaika\" \/>\n\t<meta name=\"twitter:data1\" content=\"2 minuuttia\" \/>\n<script type=\"application\/ld+json\" class=\"yoast-schema-graph\">{\"@context\":\"https:\/\/schema.org\",\"@graph\":[{\"@type\":\"WebPage\",\"@id\":\"https:\/\/idakorea.ee\/product\/dr-ceuracle-expert-collagen-firming-modeling-mask-30g\/\",\"url\":\"https:\/\/idakorea.ee\/product\/dr-ceuracle-expert-collagen-firming-modeling-mask-30g\/\",\"name\":\"Dr.Ceuracle Expert Collagen Firming Modeling Mask, 30g - IDA.KOREA\",\"isPartOf\":{\"@id\":\"https:\/\/idakorea.ee\/#website\"},\"primaryImageOfPage\":{\"@id\":\"https:\/\/idakorea.ee\/product\/dr-ceuracle-expert-collagen-firming-modeling-mask-30g\/#primaryimage\"},\"image\":{\"@id\":\"https:\/\/idakorea.ee\/product\/dr-ceuracle-expert-collagen-firming-modeling-mask-30g\/#primaryimage\"},\"thumbnailUrl\":\"https:\/\/idakorea.ee\/wp-content\/uploads\/2026\/02\/Dr.Ceuracle-Expert-Collagen-Firming-Modeling-Mask-idakorea.webp\",\"datePublished\":\"2026-02-13T07:38:11+00:00\",\"dateModified\":\"2026-04-24T09:33:46+00:00\",\"description\":\"Pinguldav alginaatmask kollageeniga suurendab naha elastsust ja toonust, aitab ennetada kortsude ja voltide teket. Stimuleerib elastiini s\u00fcnteesi.\",\"breadcrumb\":{\"@id\":\"https:\/\/idakorea.ee\/product\/dr-ceuracle-expert-collagen-firming-modeling-mask-30g\/#breadcrumb\"},\"inLanguage\":\"fi\",\"potentialAction\":[{\"@type\":\"ReadAction\",\"target\":[\"https:\/\/idakorea.ee\/product\/dr-ceuracle-expert-collagen-firming-modeling-mask-30g\/\"]}]},{\"@type\":\"ImageObject\",\"inLanguage\":\"fi\",\"@id\":\"https:\/\/idakorea.ee\/product\/dr-ceuracle-expert-collagen-firming-modeling-mask-30g\/#primaryimage\",\"url\":\"https:\/\/idakorea.ee\/wp-content\/uploads\/2026\/02\/Dr.Ceuracle-Expert-Collagen-Firming-Modeling-Mask-idakorea.webp\",\"contentUrl\":\"https:\/\/idakorea.ee\/wp-content\/uploads\/2026\/02\/Dr.Ceuracle-Expert-Collagen-Firming-Modeling-Mask-idakorea.webp\",\"width\":2000,\"height\":2000},{\"@type\":\"BreadcrumbList\",\"@id\":\"https:\/\/idakorea.ee\/product\/dr-ceuracle-expert-collagen-firming-modeling-mask-30g\/#breadcrumb\",\"itemListElement\":[{\"@type\":\"ListItem\",\"position\":1,\"name\":\"\u0413\u043b\u0430\u0432\u043d\u0430\u044f \u0441\u0442\u0440\u0430\u043d\u0438\u0446\u0430\",\"item\":\"https:\/\/idakorea.ee\/\"},{\"@type\":\"ListItem\",\"position\":2,\"name\":\"Shop\",\"item\":\"https:\/\/idakorea.ee\/shop-2\/\"},{\"@type\":\"ListItem\",\"position\":3,\"name\":\"Pinguldav alginaatmask kollageeniga Dr.Ceuracle Expert Collagen Firming Modeling Mask, 30g\"}]},{\"@type\":\"WebSite\",\"@id\":\"https:\/\/idakorea.ee\/#website\",\"url\":\"https:\/\/idakorea.ee\/\",\"name\":\"IDA.KOREA\",\"description\":\"Korea kosmeetika e-pood\",\"publisher\":{\"@id\":\"https:\/\/idakorea.ee\/#organization\"},\"alternateName\":\"Beauty Shop\",\"potentialAction\":[{\"@type\":\"SearchAction\",\"target\":{\"@type\":\"EntryPoint\",\"urlTemplate\":\"https:\/\/idakorea.ee\/?s={search_term_string}\"},\"query-input\":{\"@type\":\"PropertyValueSpecification\",\"valueRequired\":true,\"valueName\":\"search_term_string\"}}],\"inLanguage\":\"fi\"},{\"@type\":\"Organization\",\"@id\":\"https:\/\/idakorea.ee\/#organization\",\"name\":\"IDA.KOREA\",\"url\":\"https:\/\/idakorea.ee\/\",\"logo\":{\"@type\":\"ImageObject\",\"inLanguage\":\"fi\",\"@id\":\"https:\/\/idakorea.ee\/#\/schema\/logo\/image\/\",\"url\":\"https:\/\/idakorea.ee\/wp-content\/uploads\/2024\/05\/cropped-korea3.png\",\"contentUrl\":\"https:\/\/idakorea.ee\/wp-content\/uploads\/2024\/05\/cropped-korea3.png\",\"width\":688,\"height\":126,\"caption\":\"IDA.KOREA\"},\"image\":{\"@id\":\"https:\/\/idakorea.ee\/#\/schema\/logo\/image\/\"},\"sameAs\":[\"https:\/\/www.instagram.com\/ida.korea\/\"]}]}<\/script>\n<!-- \/ Yoast SEO plugin. -->","yoast_head_json":{"title":"Dr.Ceuracle Expert Collagen Firming Modeling Mask, 30g - IDA.KOREA","description":"Pinguldav alginaatmask kollageeniga suurendab naha elastsust ja toonust, aitab ennetada kortsude ja voltide teket. Stimuleerib elastiini s\u00fcnteesi.","robots":{"index":"index","follow":"follow","max-snippet":"max-snippet:-1","max-image-preview":"max-image-preview:large","max-video-preview":"max-video-preview:-1"},"canonical":"https:\/\/idakorea.ee\/fi\/product\/dr-ceuracle-expert-collagen-firming-modeling-mask-30g\/","og_locale":"fi_FI","og_type":"article","og_title":"Dr.Ceuracle Expert Collagen Firming Modeling Mask, 30g - IDA.KOREA","og_description":"Pinguldav alginaatmask kollageeniga suurendab naha elastsust ja toonust, aitab ennetada kortsude ja voltide teket. Stimuleerib elastiini s\u00fcnteesi.","og_url":"https:\/\/idakorea.ee\/fi\/product\/dr-ceuracle-expert-collagen-firming-modeling-mask-30g\/","og_site_name":"IDA.KOREA","article_modified_time":"2026-04-24T09:33:46+00:00","og_image":[{"width":2000,"height":2000,"url":"https:\/\/idakorea.ee\/wp-content\/uploads\/2026\/02\/Dr.Ceuracle-Expert-Collagen-Firming-Modeling-Mask-idakorea.webp","type":"image\/webp"}],"twitter_card":"summary_large_image","twitter_misc":{"Arvioitu lukuaika":"2 minuuttia"},"schema":{"@context":"https:\/\/schema.org","@graph":[{"@type":"WebPage","@id":"https:\/\/idakorea.ee\/product\/dr-ceuracle-expert-collagen-firming-modeling-mask-30g\/","url":"https:\/\/idakorea.ee\/product\/dr-ceuracle-expert-collagen-firming-modeling-mask-30g\/","name":"Dr.Ceuracle Expert Collagen Firming Modeling Mask, 30g - IDA.KOREA","isPartOf":{"@id":"https:\/\/idakorea.ee\/#website"},"primaryImageOfPage":{"@id":"https:\/\/idakorea.ee\/product\/dr-ceuracle-expert-collagen-firming-modeling-mask-30g\/#primaryimage"},"image":{"@id":"https:\/\/idakorea.ee\/product\/dr-ceuracle-expert-collagen-firming-modeling-mask-30g\/#primaryimage"},"thumbnailUrl":"https:\/\/idakorea.ee\/wp-content\/uploads\/2026\/02\/Dr.Ceuracle-Expert-Collagen-Firming-Modeling-Mask-idakorea.webp","datePublished":"2026-02-13T07:38:11+00:00","dateModified":"2026-04-24T09:33:46+00:00","description":"Pinguldav alginaatmask kollageeniga suurendab naha elastsust ja toonust, aitab ennetada kortsude ja voltide teket. Stimuleerib elastiini s\u00fcnteesi.","breadcrumb":{"@id":"https:\/\/idakorea.ee\/product\/dr-ceuracle-expert-collagen-firming-modeling-mask-30g\/#breadcrumb"},"inLanguage":"fi","potentialAction":[{"@type":"ReadAction","target":["https:\/\/idakorea.ee\/product\/dr-ceuracle-expert-collagen-firming-modeling-mask-30g\/"]}]},{"@type":"ImageObject","inLanguage":"fi","@id":"https:\/\/idakorea.ee\/product\/dr-ceuracle-expert-collagen-firming-modeling-mask-30g\/#primaryimage","url":"https:\/\/idakorea.ee\/wp-content\/uploads\/2026\/02\/Dr.Ceuracle-Expert-Collagen-Firming-Modeling-Mask-idakorea.webp","contentUrl":"https:\/\/idakorea.ee\/wp-content\/uploads\/2026\/02\/Dr.Ceuracle-Expert-Collagen-Firming-Modeling-Mask-idakorea.webp","width":2000,"height":2000},{"@type":"BreadcrumbList","@id":"https:\/\/idakorea.ee\/product\/dr-ceuracle-expert-collagen-firming-modeling-mask-30g\/#breadcrumb","itemListElement":[{"@type":"ListItem","position":1,"name":"\u0413\u043b\u0430\u0432\u043d\u0430\u044f \u0441\u0442\u0440\u0430\u043d\u0438\u0446\u0430","item":"https:\/\/idakorea.ee\/"},{"@type":"ListItem","position":2,"name":"Shop","item":"https:\/\/idakorea.ee\/shop-2\/"},{"@type":"ListItem","position":3,"name":"Pinguldav alginaatmask kollageeniga Dr.Ceuracle Expert Collagen Firming Modeling Mask, 30g"}]},{"@type":"WebSite","@id":"https:\/\/idakorea.ee\/#website","url":"https:\/\/idakorea.ee\/","name":"IDA.KOREA","description":"Korean kosmetiikan verkkokauppa","publisher":{"@id":"https:\/\/idakorea.ee\/#organization"},"alternateName":"Beauty Shop","potentialAction":[{"@type":"SearchAction","target":{"@type":"EntryPoint","urlTemplate":"https:\/\/idakorea.ee\/?s={search_term_string}"},"query-input":{"@type":"PropertyValueSpecification","valueRequired":true,"valueName":"search_term_string"}}],"inLanguage":"fi"},{"@type":"Organization","@id":"https:\/\/idakorea.ee\/#organization","name":"IDA.KOREA","url":"https:\/\/idakorea.ee\/","logo":{"@type":"ImageObject","inLanguage":"fi","@id":"https:\/\/idakorea.ee\/#\/schema\/logo\/image\/","url":"https:\/\/idakorea.ee\/wp-content\/uploads\/2024\/05\/cropped-korea3.png","contentUrl":"https:\/\/idakorea.ee\/wp-content\/uploads\/2024\/05\/cropped-korea3.png","width":688,"height":126,"caption":"IDA.KOREA"},"image":{"@id":"https:\/\/idakorea.ee\/#\/schema\/logo\/image\/"},"sameAs":["https:\/\/www.instagram.com\/ida.korea\/"]}]}},"jetpack_sharing_enabled":true,"brands":[{"id":481,"name":"DR.CEURACLE","slug":"dr-ceuracle"}],"_links":{"self":[{"href":"https:\/\/idakorea.ee\/fi\/wp-json\/wp\/v2\/product\/17710","targetHints":{"allow":["GET"]}}],"collection":[{"href":"https:\/\/idakorea.ee\/fi\/wp-json\/wp\/v2\/product"}],"about":[{"href":"https:\/\/idakorea.ee\/fi\/wp-json\/wp\/v2\/types\/product"}],"replies":[{"embeddable":true,"href":"https:\/\/idakorea.ee\/fi\/wp-json\/wp\/v2\/comments?post=17710"}],"version-history":[{"count":1,"href":"https:\/\/idakorea.ee\/fi\/wp-json\/wp\/v2\/product\/17710\/revisions"}],"predecessor-version":[{"id":17715,"href":"https:\/\/idakorea.ee\/fi\/wp-json\/wp\/v2\/product\/17710\/revisions\/17715"}],"wp:featuredmedia":[{"embeddable":true,"href":"https:\/\/idakorea.ee\/fi\/wp-json\/wp\/v2\/media\/17713"}],"wp:attachment":[{"href":"https:\/\/idakorea.ee\/fi\/wp-json\/wp\/v2\/media?parent=17710"}],"wp:term":[{"taxonomy":"pwb-brand","embeddable":true,"href":"https:\/\/idakorea.ee\/fi\/wp-json\/wp\/v2\/pwb-brand?post=17710"},{"taxonomy":"product_brand","embeddable":true,"href":"https:\/\/idakorea.ee\/fi\/wp-json\/wp\/v2\/product_brand?post=17710"},{"taxonomy":"product_cat","embeddable":true,"href":"https:\/\/idakorea.ee\/fi\/wp-json\/wp\/v2\/product_cat?post=17710"},{"taxonomy":"product_tag","embeddable":true,"href":"https:\/\/idakorea.ee\/fi\/wp-json\/wp\/v2\/product_tag?post=17710"}],"curies":[{"name":"wp","href":"https:\/\/api.w.org\/{rel}","templated":true}]}}