{"id":17718,"date":"2026-02-13T12:08:46","date_gmt":"2026-02-13T10:08:46","guid":{"rendered":"https:\/\/idakorea.ee\/?post_type=product&#038;p=17718"},"modified":"2026-04-22T15:48:27","modified_gmt":"2026-04-22T13:48:27","slug":"round-lab-1025-dokdo-bubble-foam-150ml","status":"publish","type":"product","link":"https:\/\/idakorea.ee\/fi\/product\/round-lab-1025-dokdo-bubble-foam-150ml\/","title":{"rendered":"Puhdistusvaahto Round Lab 1025 Dokdo Bubble Foam, 150ml"},"content":{"rendered":"<p data-start=\"63\" data-end=\"427\">Puhdistusvaahto<strong data-start=\"63\" data-end=\"140\"> <span class=\"hover:entity-accent entity-underline inline cursor-pointer align-baseline\"><span class=\"whitespace-normal\">Py\u00f6re\u00e4 laboratorio<\/span><\/span> 1025 Dokdo-kuplavaahto<\/strong> Poistaa tehokkaasti likaa ja ylim\u00e4\u00e4r\u00e4ist\u00e4 rasvaa, puhdistaa ihohuokosia, auttaa ehk\u00e4isem\u00e4\u00e4n tulehduksia ja komedoneja (mustap\u00e4it\u00e4), pehment\u00e4\u00e4 ihoa ja pit\u00e4\u00e4 sen rakenteen sile\u00e4n\u00e4 ja tasaisena. Tuote puhdistaa syv\u00e4lt\u00e4, mutta ei aiheuta kuivuutta tai kirvelev\u00e4\u00e4 tunnetta eik\u00e4 poista ihon luonnollista suojakerrosta.<\/p>\n<p data-start=\"429\" data-end=\"722\">Hieman hapan koostumus auttaa yll\u00e4pit\u00e4m\u00e4\u00e4n ihon tervett\u00e4 pH-tasapainoa, ei \u00e4rsyt\u00e4 ihoa ja j\u00e4tt\u00e4\u00e4 miellytt\u00e4v\u00e4n kosteutetun tunteen pesun j\u00e4lkeen. Tihe\u00e4 ja t\u00e4ytel\u00e4inen koostumus pienine kuplineen levittyy helposti, imee likaa ja puhdistaa hell\u00e4varaisesti ihon sarveiskerroksen. Ei sis\u00e4ll\u00e4 keinotekoisia hajusteita.<\/p>\n<p data-start=\"724\" data-end=\"1001\">Koostumuksen merivesi rikastuttaa ihoa hy\u00f6dyllisill\u00e4 mineraaleilla (magnesium, kalsium), vahvistaa ihon luonnollista puolustuskyky\u00e4, parantaa mikroverenkiertoa ja sill\u00e4 on ik\u00e4\u00e4ntymist\u00e4 ehk\u00e4isev\u00e4 vaikutus. Round Lab -tuotteissa k\u00e4ytetty syv\u00e4nmeren vesi puhdistetaan erityisill\u00e4 kalvosuodattimilla.<\/p>\n<p data-start=\"1003\" data-end=\"1028\"><strong>Lis\u00e4aktiiviset ainesosat<\/strong><\/p>\n<ul>\n<li data-start=\"1030\" data-end=\"1155\"><strong data-start=\"1030\" data-end=\"1053\">Salisyylihappo (BHA)<\/strong> \u2013 liuottaa talirauhasten tukkoisuutta ja mustap\u00e4it\u00e4, v\u00e4hent\u00e4\u00e4 liiallista talirauhasten erityst\u00e4 ja normalisoi talirauhasten toimintaa.<\/li>\n<li data-start=\"1157\" data-end=\"1353\"><strong data-start=\"1157\" data-end=\"1243\">Aczero Complex (bergamotti, valkopajun kuori, m\u00e4nty, vihre\u00e4 tee, centella, kofeiini)<\/strong> \u2013 kasviuutteiden yhdistelm\u00e4, joka tasapainottaa talirauhasten erityst\u00e4 ja parantaa rasvaisen ihon ongelmia.<\/li>\n<li data-start=\"1355\" data-end=\"1462\"><strong data-start=\"1355\" data-end=\"1382\">Pantenoli (B5-vitamiini)<\/strong> \u2013 nopeuttaa paranemista, rauhoittaa ja lievitt\u00e4\u00e4 \u00e4rsytyst\u00e4, tukee ihon uudistumista.<\/li>\n<li data-start=\"1464\" data-end=\"1583\"><strong data-start=\"1464\" data-end=\"1478\">Allantoiin<\/strong> \u2013 antioksidantti, hidastaa solujen ik\u00e4\u00e4ntymist\u00e4, v\u00e4hent\u00e4\u00e4 ihon reaktiivisuutta ja stimuloi uudistumista.<\/li>\n<li data-start=\"1585\" data-end=\"1775\"><strong data-start=\"1585\" data-end=\"1611\">3 erilaista hyaluronihappoa<\/strong> \u2013 tunkeutuvat ihon syvempiin kerroksiin, kosteuttavat tehokkaasti ja auttavat yll\u00e4pit\u00e4m\u00e4\u00e4n optimaalisia kosteustasoja muodostaen suojaavan kerroksen, joka v\u00e4hent\u00e4\u00e4 kosteuden haihtumista.<\/li>\n<\/ul>\n<p data-start=\"1777\" data-end=\"1807\">Sopii kaikille ihotyypeille.<\/p>\n<p data-start=\"1809\" data-end=\"1823\"><strong>K\u00e4ytt\u00f6<\/strong><\/p>\n<p data-start=\"1824\" data-end=\"1926\">Levit\u00e4 pieni m\u00e4\u00e4r\u00e4 tuotetta kostealle iholle, hiero hell\u00e4varaisesti py\u00f6rivin liikkein ja huuhtele l\u00e4mpim\u00e4ll\u00e4 vedell\u00e4.<\/p>","protected":false},"excerpt":{"rendered":"<p>Round Lab 1025 Dokdo Bubble Foam poistaa tehokkaasti likaa ja ylim\u00e4\u00e4r\u00e4ist\u00e4 rasvaa, puhdistaa ihohuokoset, auttaa ehk\u00e4isem\u00e4\u00e4n tulehduksia ja komedoneja (mustap\u00e4it\u00e4), pehment\u00e4\u00e4 ihoa ja pit\u00e4\u00e4 sen rakenteen sile\u00e4n\u00e4 ja tasaisena. Tuote puhdistaa syv\u00e4lt\u00e4, mutta ei aiheuta kuivuutta tai kirvelev\u00e4\u00e4 tunnetta eik\u00e4 poista ihon luonnollista suojakerrosta. Hieman hapan koostumus auttaa yll\u00e4pit\u00e4m\u00e4\u00e4n ihon tervett\u00e4 pH-tasapainoa, ei\u2026<\/p>","protected":false},"featured_media":17721,"comment_status":"open","ping_status":"closed","template":"","meta":{"_uf_show_specific_survey":0,"_uf_disable_surveys":false,"_bst_post_transparent":"default","_bst_post_title":"","_bst_post_layout":"default","_bst_post_sidebar_id":"","_bst_post_content_style":"default","_bst_post_vertical_padding":"default","_bst_post_feature":"","_bst_post_feature_position":"","_bst_post_header":false,"_bst_post_footer":false},"pwb-brand":[645],"product_brand":[],"product_cat":[92,452,100],"product_tag":[1119,1007,568,646,977],"class_list":{"0":"post-17718","1":"product","2":"type-product","3":"status-publish","4":"has-post-thumbnail","6":"pwb-brand-round-lab","7":"product_cat-nagu","8":"product_cat-naopuhastusgeelid","9":"product_cat-puhastusvahendid","10":"product_tag-bubble","11":"product_tag-foam","12":"product_tag-korea","13":"product_tag-round-lab","14":"product_tag-vaht","16":"first","17":"instock","18":"shipping-taxable","19":"purchasable","20":"product-type-simple","21":"entry","22":"content-bg","23":"loop-entry"},"supplier_id":null,"supplier_sku":"","barcode":null,"atum_controlled":true,"out_stock_date":null,"out_stock_threshold":null,"inheritable":false,"inbound_stock":0,"stock_on_hold":0,"sold_today":0,"sales_last_days":2,"out_stock_days":0,"lost_sales":0,"has_location":false,"update_date":"2026-04-24T00:09:13","atum_locations":[],"atum_stock_status":"instock","restock_status":false,"low_stock_amount":"","sales_update_date":"2026-04-24T00:09:13","calc_backorders":null,"yoast_head":"<!-- This site is optimized with the Yoast SEO plugin v27.2 - https:\/\/yoast.com\/product\/yoast-seo-wordpress\/ -->\n<title>Round Lab 1025 Dokdo Bubble Foam, 150ml - IDA.KOREA<\/title>\n<meta name=\"description\" content=\"Puhastusvaht eemaldab t\u00f5husalt mustuse ja liigse rasu, puhastab poore, pehmendab nahka ning hoiab selle tekstuuri sileda ja \u00fchtlasena.\" \/>\n<meta name=\"robots\" content=\"index, follow, max-snippet:-1, max-image-preview:large, max-video-preview:-1\" \/>\n<link rel=\"canonical\" href=\"https:\/\/idakorea.ee\/fi\/product\/round-lab-1025-dokdo-bubble-foam-150ml\/\" \/>\n<meta property=\"og:locale\" content=\"fi_FI\" \/>\n<meta property=\"og:type\" content=\"article\" \/>\n<meta property=\"og:title\" content=\"Round Lab 1025 Dokdo Bubble Foam, 150ml - IDA.KOREA\" \/>\n<meta property=\"og:description\" content=\"Puhastusvaht eemaldab t\u00f5husalt mustuse ja liigse rasu, puhastab poore, pehmendab nahka ning hoiab selle tekstuuri sileda ja \u00fchtlasena.\" \/>\n<meta property=\"og:url\" content=\"https:\/\/idakorea.ee\/fi\/product\/round-lab-1025-dokdo-bubble-foam-150ml\/\" \/>\n<meta property=\"og:site_name\" content=\"IDA.KOREA\" \/>\n<meta property=\"article:modified_time\" content=\"2026-04-22T13:48:27+00:00\" \/>\n<meta property=\"og:image\" content=\"https:\/\/idakorea.ee\/wp-content\/uploads\/2026\/02\/RoundLab1025DokdoBubbleFoam-idakorea.webp\" \/>\n\t<meta property=\"og:image:width\" content=\"950\" \/>\n\t<meta property=\"og:image:height\" content=\"950\" \/>\n\t<meta property=\"og:image:type\" content=\"image\/webp\" \/>\n<meta name=\"twitter:card\" content=\"summary_large_image\" \/>\n<meta name=\"twitter:label1\" content=\"Arvioitu lukuaika\" \/>\n\t<meta name=\"twitter:data1\" content=\"2 minuuttia\" \/>\n<script type=\"application\/ld+json\" class=\"yoast-schema-graph\">{\"@context\":\"https:\/\/schema.org\",\"@graph\":[{\"@type\":\"WebPage\",\"@id\":\"https:\/\/idakorea.ee\/product\/round-lab-1025-dokdo-bubble-foam-150ml\/\",\"url\":\"https:\/\/idakorea.ee\/product\/round-lab-1025-dokdo-bubble-foam-150ml\/\",\"name\":\"Round Lab 1025 Dokdo Bubble Foam, 150ml - IDA.KOREA\",\"isPartOf\":{\"@id\":\"https:\/\/idakorea.ee\/#website\"},\"primaryImageOfPage\":{\"@id\":\"https:\/\/idakorea.ee\/product\/round-lab-1025-dokdo-bubble-foam-150ml\/#primaryimage\"},\"image\":{\"@id\":\"https:\/\/idakorea.ee\/product\/round-lab-1025-dokdo-bubble-foam-150ml\/#primaryimage\"},\"thumbnailUrl\":\"https:\/\/idakorea.ee\/wp-content\/uploads\/2026\/02\/RoundLab1025DokdoBubbleFoam-idakorea.webp\",\"datePublished\":\"2026-02-13T10:08:46+00:00\",\"dateModified\":\"2026-04-22T13:48:27+00:00\",\"description\":\"Puhastusvaht eemaldab t\u00f5husalt mustuse ja liigse rasu, puhastab poore, pehmendab nahka ning hoiab selle tekstuuri sileda ja \u00fchtlasena.\",\"breadcrumb\":{\"@id\":\"https:\/\/idakorea.ee\/product\/round-lab-1025-dokdo-bubble-foam-150ml\/#breadcrumb\"},\"inLanguage\":\"fi\",\"potentialAction\":[{\"@type\":\"ReadAction\",\"target\":[\"https:\/\/idakorea.ee\/product\/round-lab-1025-dokdo-bubble-foam-150ml\/\"]}]},{\"@type\":\"ImageObject\",\"inLanguage\":\"fi\",\"@id\":\"https:\/\/idakorea.ee\/product\/round-lab-1025-dokdo-bubble-foam-150ml\/#primaryimage\",\"url\":\"https:\/\/idakorea.ee\/wp-content\/uploads\/2026\/02\/RoundLab1025DokdoBubbleFoam-idakorea.webp\",\"contentUrl\":\"https:\/\/idakorea.ee\/wp-content\/uploads\/2026\/02\/RoundLab1025DokdoBubbleFoam-idakorea.webp\",\"width\":950,\"height\":950},{\"@type\":\"BreadcrumbList\",\"@id\":\"https:\/\/idakorea.ee\/product\/round-lab-1025-dokdo-bubble-foam-150ml\/#breadcrumb\",\"itemListElement\":[{\"@type\":\"ListItem\",\"position\":1,\"name\":\"\u0413\u043b\u0430\u0432\u043d\u0430\u044f \u0441\u0442\u0440\u0430\u043d\u0438\u0446\u0430\",\"item\":\"https:\/\/idakorea.ee\/\"},{\"@type\":\"ListItem\",\"position\":2,\"name\":\"Shop\",\"item\":\"https:\/\/idakorea.ee\/shop-2\/\"},{\"@type\":\"ListItem\",\"position\":3,\"name\":\"Puhastusvaht Round Lab 1025 Dokdo Bubble Foam, 150ml\"}]},{\"@type\":\"WebSite\",\"@id\":\"https:\/\/idakorea.ee\/#website\",\"url\":\"https:\/\/idakorea.ee\/\",\"name\":\"IDA.KOREA\",\"description\":\"Korea kosmeetika e-pood\",\"publisher\":{\"@id\":\"https:\/\/idakorea.ee\/#organization\"},\"alternateName\":\"Beauty Shop\",\"potentialAction\":[{\"@type\":\"SearchAction\",\"target\":{\"@type\":\"EntryPoint\",\"urlTemplate\":\"https:\/\/idakorea.ee\/?s={search_term_string}\"},\"query-input\":{\"@type\":\"PropertyValueSpecification\",\"valueRequired\":true,\"valueName\":\"search_term_string\"}}],\"inLanguage\":\"fi\"},{\"@type\":\"Organization\",\"@id\":\"https:\/\/idakorea.ee\/#organization\",\"name\":\"IDA.KOREA\",\"url\":\"https:\/\/idakorea.ee\/\",\"logo\":{\"@type\":\"ImageObject\",\"inLanguage\":\"fi\",\"@id\":\"https:\/\/idakorea.ee\/#\/schema\/logo\/image\/\",\"url\":\"https:\/\/idakorea.ee\/wp-content\/uploads\/2024\/05\/cropped-korea3.png\",\"contentUrl\":\"https:\/\/idakorea.ee\/wp-content\/uploads\/2024\/05\/cropped-korea3.png\",\"width\":688,\"height\":126,\"caption\":\"IDA.KOREA\"},\"image\":{\"@id\":\"https:\/\/idakorea.ee\/#\/schema\/logo\/image\/\"},\"sameAs\":[\"https:\/\/www.instagram.com\/ida.korea\/\"]}]}<\/script>\n<!-- \/ Yoast SEO plugin. -->","yoast_head_json":{"title":"Round Lab 1025 Dokdo Bubble Foam, 150ml - IDA.KOREA","description":"Puhastusvaht eemaldab t\u00f5husalt mustuse ja liigse rasu, puhastab poore, pehmendab nahka ning hoiab selle tekstuuri sileda ja \u00fchtlasena.","robots":{"index":"index","follow":"follow","max-snippet":"max-snippet:-1","max-image-preview":"max-image-preview:large","max-video-preview":"max-video-preview:-1"},"canonical":"https:\/\/idakorea.ee\/fi\/product\/round-lab-1025-dokdo-bubble-foam-150ml\/","og_locale":"fi_FI","og_type":"article","og_title":"Round Lab 1025 Dokdo Bubble Foam, 150ml - IDA.KOREA","og_description":"Puhastusvaht eemaldab t\u00f5husalt mustuse ja liigse rasu, puhastab poore, pehmendab nahka ning hoiab selle tekstuuri sileda ja \u00fchtlasena.","og_url":"https:\/\/idakorea.ee\/fi\/product\/round-lab-1025-dokdo-bubble-foam-150ml\/","og_site_name":"IDA.KOREA","article_modified_time":"2026-04-22T13:48:27+00:00","og_image":[{"width":950,"height":950,"url":"https:\/\/idakorea.ee\/wp-content\/uploads\/2026\/02\/RoundLab1025DokdoBubbleFoam-idakorea.webp","type":"image\/webp"}],"twitter_card":"summary_large_image","twitter_misc":{"Arvioitu lukuaika":"2 minuuttia"},"schema":{"@context":"https:\/\/schema.org","@graph":[{"@type":"WebPage","@id":"https:\/\/idakorea.ee\/product\/round-lab-1025-dokdo-bubble-foam-150ml\/","url":"https:\/\/idakorea.ee\/product\/round-lab-1025-dokdo-bubble-foam-150ml\/","name":"Round Lab 1025 Dokdo Bubble Foam, 150ml - IDA.KOREA","isPartOf":{"@id":"https:\/\/idakorea.ee\/#website"},"primaryImageOfPage":{"@id":"https:\/\/idakorea.ee\/product\/round-lab-1025-dokdo-bubble-foam-150ml\/#primaryimage"},"image":{"@id":"https:\/\/idakorea.ee\/product\/round-lab-1025-dokdo-bubble-foam-150ml\/#primaryimage"},"thumbnailUrl":"https:\/\/idakorea.ee\/wp-content\/uploads\/2026\/02\/RoundLab1025DokdoBubbleFoam-idakorea.webp","datePublished":"2026-02-13T10:08:46+00:00","dateModified":"2026-04-22T13:48:27+00:00","description":"Puhastusvaht eemaldab t\u00f5husalt mustuse ja liigse rasu, puhastab poore, pehmendab nahka ning hoiab selle tekstuuri sileda ja \u00fchtlasena.","breadcrumb":{"@id":"https:\/\/idakorea.ee\/product\/round-lab-1025-dokdo-bubble-foam-150ml\/#breadcrumb"},"inLanguage":"fi","potentialAction":[{"@type":"ReadAction","target":["https:\/\/idakorea.ee\/product\/round-lab-1025-dokdo-bubble-foam-150ml\/"]}]},{"@type":"ImageObject","inLanguage":"fi","@id":"https:\/\/idakorea.ee\/product\/round-lab-1025-dokdo-bubble-foam-150ml\/#primaryimage","url":"https:\/\/idakorea.ee\/wp-content\/uploads\/2026\/02\/RoundLab1025DokdoBubbleFoam-idakorea.webp","contentUrl":"https:\/\/idakorea.ee\/wp-content\/uploads\/2026\/02\/RoundLab1025DokdoBubbleFoam-idakorea.webp","width":950,"height":950},{"@type":"BreadcrumbList","@id":"https:\/\/idakorea.ee\/product\/round-lab-1025-dokdo-bubble-foam-150ml\/#breadcrumb","itemListElement":[{"@type":"ListItem","position":1,"name":"\u0413\u043b\u0430\u0432\u043d\u0430\u044f \u0441\u0442\u0440\u0430\u043d\u0438\u0446\u0430","item":"https:\/\/idakorea.ee\/"},{"@type":"ListItem","position":2,"name":"Shop","item":"https:\/\/idakorea.ee\/shop-2\/"},{"@type":"ListItem","position":3,"name":"Puhastusvaht Round Lab 1025 Dokdo Bubble Foam, 150ml"}]},{"@type":"WebSite","@id":"https:\/\/idakorea.ee\/#website","url":"https:\/\/idakorea.ee\/","name":"IDA.KOREA","description":"Korean kosmetiikan verkkokauppa","publisher":{"@id":"https:\/\/idakorea.ee\/#organization"},"alternateName":"Beauty Shop","potentialAction":[{"@type":"SearchAction","target":{"@type":"EntryPoint","urlTemplate":"https:\/\/idakorea.ee\/?s={search_term_string}"},"query-input":{"@type":"PropertyValueSpecification","valueRequired":true,"valueName":"search_term_string"}}],"inLanguage":"fi"},{"@type":"Organization","@id":"https:\/\/idakorea.ee\/#organization","name":"IDA.KOREA","url":"https:\/\/idakorea.ee\/","logo":{"@type":"ImageObject","inLanguage":"fi","@id":"https:\/\/idakorea.ee\/#\/schema\/logo\/image\/","url":"https:\/\/idakorea.ee\/wp-content\/uploads\/2024\/05\/cropped-korea3.png","contentUrl":"https:\/\/idakorea.ee\/wp-content\/uploads\/2024\/05\/cropped-korea3.png","width":688,"height":126,"caption":"IDA.KOREA"},"image":{"@id":"https:\/\/idakorea.ee\/#\/schema\/logo\/image\/"},"sameAs":["https:\/\/www.instagram.com\/ida.korea\/"]}]}},"jetpack_sharing_enabled":true,"brands":[{"id":645,"name":"ROUND LAB","slug":"round-lab"}],"_links":{"self":[{"href":"https:\/\/idakorea.ee\/fi\/wp-json\/wp\/v2\/product\/17718","targetHints":{"allow":["GET"]}}],"collection":[{"href":"https:\/\/idakorea.ee\/fi\/wp-json\/wp\/v2\/product"}],"about":[{"href":"https:\/\/idakorea.ee\/fi\/wp-json\/wp\/v2\/types\/product"}],"replies":[{"embeddable":true,"href":"https:\/\/idakorea.ee\/fi\/wp-json\/wp\/v2\/comments?post=17718"}],"version-history":[{"count":1,"href":"https:\/\/idakorea.ee\/fi\/wp-json\/wp\/v2\/product\/17718\/revisions"}],"predecessor-version":[{"id":17722,"href":"https:\/\/idakorea.ee\/fi\/wp-json\/wp\/v2\/product\/17718\/revisions\/17722"}],"wp:featuredmedia":[{"embeddable":true,"href":"https:\/\/idakorea.ee\/fi\/wp-json\/wp\/v2\/media\/17721"}],"wp:attachment":[{"href":"https:\/\/idakorea.ee\/fi\/wp-json\/wp\/v2\/media?parent=17718"}],"wp:term":[{"taxonomy":"pwb-brand","embeddable":true,"href":"https:\/\/idakorea.ee\/fi\/wp-json\/wp\/v2\/pwb-brand?post=17718"},{"taxonomy":"product_brand","embeddable":true,"href":"https:\/\/idakorea.ee\/fi\/wp-json\/wp\/v2\/product_brand?post=17718"},{"taxonomy":"product_cat","embeddable":true,"href":"https:\/\/idakorea.ee\/fi\/wp-json\/wp\/v2\/product_cat?post=17718"},{"taxonomy":"product_tag","embeddable":true,"href":"https:\/\/idakorea.ee\/fi\/wp-json\/wp\/v2\/product_tag?post=17718"}],"curies":[{"name":"wp","href":"https:\/\/api.w.org\/{rel}","templated":true}]}}