{"id":17723,"date":"2026-02-13T12:18:16","date_gmt":"2026-02-13T10:18:16","guid":{"rendered":"https:\/\/idakorea.ee\/?post_type=product&#038;p=17723"},"modified":"2026-02-13T12:18:16","modified_gmt":"2026-02-13T10:18:16","slug":"round-lab-1025-dokdo-lotion-200ml","status":"publish","type":"product","link":"https:\/\/idakorea.ee\/fi\/product\/round-lab-1025-dokdo-lotion-200ml\/","title":{"rendered":"Tehokkaasti kosteuttava merisuolavesivoide Round Lab 1025 Dokdo Lotion, 200ml"},"content":{"rendered":"<p data-start=\"0\" data-end=\"70\">Tehokkaasti kosteuttava merisuolavesivoide <strong data-start=\"72\" data-end=\"103\">Round Lab 1025 Dokdo Lotion<\/strong> Auttaa tehokkaasti lievitt\u00e4m\u00e4\u00e4n ihon kuivuutta ja hilseily\u00e4, kosteuttaa syv\u00e4sti epidermiksen soluja ja rauhoittaa \u00e4rtynytt\u00e4 ihoa. Hell\u00e4varainen ja turvallinen koostumus ei aiheuta \u00e4rsytyst\u00e4 ja sopii my\u00f6s herk\u00e4lle iholle.<\/p>\n<p data-start=\"303\" data-end=\"488\">Tokto-saaren syv\u00e4nmeren vesi sis\u00e4lt\u00e4\u00e4 72 hy\u00f6dyllist\u00e4 mineraalia, makro- ja mikroelementti\u00e4, jotka kosteuttavat ihoa syv\u00e4lt\u00e4, vahvistavat ihon luonnollista puolustuskyky\u00e4 ja auttavat yll\u00e4pit\u00e4m\u00e4\u00e4n nuorekkuutta.<\/p>\n<p data-start=\"490\" data-end=\"640\">Kolmoiskomponenttinen hyaluronihappokompleksi muodostaa ihon pinnalle suojaavan kerroksen, joka v\u00e4hent\u00e4\u00e4 kosteuden haihtumista ja auttaa yll\u00e4pit\u00e4m\u00e4\u00e4n optimaalista kosteustasoa.<\/p>\n<p data-start=\"642\" data-end=\"722\">Kevyt koostumus imeytyy nopeasti, eik\u00e4 iho j\u00e4\u00e4 tahmeaksi eik\u00e4 rasvaiseksi.<\/p>\n<p data-start=\"724\" data-end=\"748\"><strong data-start=\"724\" data-end=\"748\">T\u00e4rkeimm\u00e4t vaikuttavat aineet:<\/strong><\/p>\n<ul data-start=\"750\" data-end=\"1534\">\n<li data-start=\"750\" data-end=\"941\">\n<p data-start=\"752\" data-end=\"941\"><strong data-start=\"752\" data-end=\"764\">Syv\u00e4nmeren<\/strong> V\u00e4hent\u00e4\u00e4 kosteuden haihtumista, stimuloi lipidien synteesi\u00e4 epidermiksen soluissa ja aktivoi ihon kosteustasapainoon liittyvi\u00e4 prosesseja. Kiinteytt\u00e4\u00e4 ja tehostaa muiden aktiiviaineiden vaikutusta.<\/p>\n<\/li>\n<li data-start=\"942\" data-end=\"1104\">\n<p data-start=\"944\" data-end=\"1104\"><strong data-start=\"944\" data-end=\"979\">3 erilaista hyaluronihappokompleksia<\/strong> luo n\u00e4kym\u00e4tt\u00f6m\u00e4n kosteussuojan, edist\u00e4\u00e4 solujen uusiutumista, v\u00e4hent\u00e4\u00e4 hienoja ryppyj\u00e4 ja tekee ihosta sile\u00e4n ja pehme\u00e4n.<\/p>\n<\/li>\n<li data-start=\"1105\" data-end=\"1252\">\n<p data-start=\"1107\" data-end=\"1252\"><strong data-start=\"1107\" data-end=\"1130\">Macadamiap\u00e4hkin\u00e4\u00f6ljy<\/strong> ravitsee ihoa, auttaa ehk\u00e4isem\u00e4\u00e4n ennenaikaista ik\u00e4\u00e4ntymist\u00e4, rikastuttaa vitamiineilla ja rasvahapoilla, pehment\u00e4\u00e4 ja imeytyy hyvin.<\/p>\n<\/li>\n<li data-start=\"1253\" data-end=\"1361\">\n<p data-start=\"1255\" data-end=\"1361\"><strong data-start=\"1255\" data-end=\"1268\">Pantenol<\/strong> tukee ihon uudistumista, v\u00e4hent\u00e4\u00e4 punoitusta ja \u00e4rsytyst\u00e4 sek\u00e4 sill\u00e4 on haavaumia parantavia ominaisuuksia.<\/p>\n<\/li>\n<li data-start=\"1362\" data-end=\"1430\">\n<p data-start=\"1364\" data-end=\"1430\"><strong data-start=\"1364\" data-end=\"1386\">Sokeriruokouute<\/strong> auttaa ihoa sitomaan ja s\u00e4ilytt\u00e4m\u00e4\u00e4n kosteutta.<\/p>\n<\/li>\n<li data-start=\"1431\" data-end=\"1534\">\n<p data-start=\"1433\" data-end=\"1534\"><strong data-start=\"1433\" data-end=\"1445\">Skvala<\/strong> Kosteuttaa tehokkaasti, normalisoi soluhengityst\u00e4 ja suojaa ymp\u00e4rist\u00f6n vaikutuksilta.<\/p>\n<\/li>\n<\/ul>\n<p data-start=\"1536\" data-end=\"1586\">Sopii kuivalle, sekaiholle ja herk\u00e4lle iholle.<\/p>\n<p data-start=\"1588\" data-end=\"1697\" data-is-last-node=\"\" data-is-only-node=\"\"><strong data-start=\"1588\" data-end=\"1603\">K\u00e4ytt\u00f6:<\/strong> Levit\u00e4 tarvittava m\u00e4\u00e4r\u00e4 voidetta puhtaalle iholle ja hiero kevyesti, kunnes se on t\u00e4ysin imeytynyt.<\/p>","protected":false},"excerpt":{"rendered":"<p>Tehokkaasti kosteuttava merisuolavesivoide Round Lab 1025 Dokdo Lotion auttaa tehokkaasti lievitt\u00e4m\u00e4\u00e4n ihon kuivuutta ja hilseily\u00e4, kosteuttaa syv\u00e4sti epidermiksen soluja ja rauhoittaa \u00e4rtynytt\u00e4 ihoa. Hell\u00e4varainen ja turvallinen koostumus ei aiheuta \u00e4rsytyst\u00e4 ja sopii my\u00f6s herk\u00e4lle iholle. Dokdo-saaren syv\u00e4nmeren 72 hy\u00f6dyllist\u00e4 mineraalia, makro- ja mikroelementti\u00e4, jotka kosteuttavat ihoa syv\u00e4sti, vahvistavat ihon luonnollista puolustuskyky\u00e4 ja\u2026<\/p>","protected":false},"featured_media":17726,"comment_status":"open","ping_status":"closed","template":"","meta":{"_uf_show_specific_survey":0,"_uf_disable_surveys":false,"_bst_post_transparent":"default","_bst_post_title":"","_bst_post_layout":"default","_bst_post_sidebar_id":"","_bst_post_content_style":"default","_bst_post_vertical_padding":"default","_bst_post_feature":"","_bst_post_feature_position":"","_bst_post_header":false,"_bst_post_footer":false},"pwb-brand":[645],"product_brand":[],"product_cat":[92,96],"product_tag":[1120,568,216,818,646],"class_list":{"0":"post-17723","1":"product","2":"type-product","3":"status-publish","4":"has-post-thumbnail","6":"pwb-brand-round-lab","7":"product_cat-nagu","8":"product_cat-naokreemid","9":"product_tag-dokdo","10":"product_tag-korea","11":"product_tag-kuiv-nahk","12":"product_tag-niisutav","13":"product_tag-round-lab","15":"first","16":"instock","17":"shipping-taxable","18":"purchasable","19":"product-type-simple","20":"entry","21":"content-bg","22":"loop-entry"},"supplier_id":null,"supplier_sku":"","barcode":null,"atum_controlled":true,"out_stock_date":null,"out_stock_threshold":null,"inheritable":false,"inbound_stock":0,"stock_on_hold":0,"sold_today":0,"sales_last_days":0,"out_stock_days":0,"lost_sales":0,"has_location":false,"update_date":"2026-04-24T00:09:08","atum_locations":[],"atum_stock_status":"instock","restock_status":false,"low_stock_amount":"","sales_update_date":"2026-04-24T00:09:08","calc_backorders":null,"yoast_head":"<!-- This site is optimized with the Yoast SEO plugin v27.2 - https:\/\/yoast.com\/product\/yoast-seo-wordpress\/ -->\n<title>Round Lab 1025 Dokdo Lotion, 200ml - IDA.KOREA<\/title>\n<meta name=\"description\" content=\"Intensiivselt niisutav meresoolaveega losjoon aitab leevendada naha kuivust ja ketendust, niisutab s\u00fcgavuti epidermise rakke ning rahustab \u00e4rritunud nahka.\" \/>\n<meta name=\"robots\" content=\"index, follow, max-snippet:-1, max-image-preview:large, max-video-preview:-1\" \/>\n<link rel=\"canonical\" href=\"https:\/\/idakorea.ee\/fi\/product\/round-lab-1025-dokdo-lotion-200ml\/\" \/>\n<meta property=\"og:locale\" content=\"fi_FI\" \/>\n<meta property=\"og:type\" content=\"article\" \/>\n<meta property=\"og:title\" content=\"Round Lab 1025 Dokdo Lotion, 200ml - IDA.KOREA\" \/>\n<meta property=\"og:description\" content=\"Intensiivselt niisutav meresoolaveega losjoon aitab leevendada naha kuivust ja ketendust, niisutab s\u00fcgavuti epidermise rakke ning rahustab \u00e4rritunud nahka.\" \/>\n<meta property=\"og:url\" content=\"https:\/\/idakorea.ee\/fi\/product\/round-lab-1025-dokdo-lotion-200ml\/\" \/>\n<meta property=\"og:site_name\" content=\"IDA.KOREA\" \/>\n<meta property=\"og:image\" content=\"https:\/\/idakorea.ee\/wp-content\/uploads\/2026\/02\/Round-Lab-1025-Dokdo-Lotion-idakorea.webp\" \/>\n\t<meta property=\"og:image:width\" content=\"800\" \/>\n\t<meta property=\"og:image:height\" content=\"800\" \/>\n\t<meta property=\"og:image:type\" content=\"image\/webp\" \/>\n<meta name=\"twitter:card\" content=\"summary_large_image\" \/>\n<meta name=\"twitter:label1\" content=\"Arvioitu lukuaika\" \/>\n\t<meta name=\"twitter:data1\" content=\"2 minuuttia\" \/>\n<script type=\"application\/ld+json\" class=\"yoast-schema-graph\">{\"@context\":\"https:\/\/schema.org\",\"@graph\":[{\"@type\":\"WebPage\",\"@id\":\"https:\/\/idakorea.ee\/product\/round-lab-1025-dokdo-lotion-200ml\/\",\"url\":\"https:\/\/idakorea.ee\/product\/round-lab-1025-dokdo-lotion-200ml\/\",\"name\":\"Round Lab 1025 Dokdo Lotion, 200ml - IDA.KOREA\",\"isPartOf\":{\"@id\":\"https:\/\/idakorea.ee\/#website\"},\"primaryImageOfPage\":{\"@id\":\"https:\/\/idakorea.ee\/product\/round-lab-1025-dokdo-lotion-200ml\/#primaryimage\"},\"image\":{\"@id\":\"https:\/\/idakorea.ee\/product\/round-lab-1025-dokdo-lotion-200ml\/#primaryimage\"},\"thumbnailUrl\":\"https:\/\/idakorea.ee\/wp-content\/uploads\/2026\/02\/Round-Lab-1025-Dokdo-Lotion-idakorea.webp\",\"datePublished\":\"2026-02-13T10:18:16+00:00\",\"description\":\"Intensiivselt niisutav meresoolaveega losjoon aitab leevendada naha kuivust ja ketendust, niisutab s\u00fcgavuti epidermise rakke ning rahustab \u00e4rritunud nahka.\",\"breadcrumb\":{\"@id\":\"https:\/\/idakorea.ee\/product\/round-lab-1025-dokdo-lotion-200ml\/#breadcrumb\"},\"inLanguage\":\"fi\",\"potentialAction\":[{\"@type\":\"ReadAction\",\"target\":[\"https:\/\/idakorea.ee\/product\/round-lab-1025-dokdo-lotion-200ml\/\"]}]},{\"@type\":\"ImageObject\",\"inLanguage\":\"fi\",\"@id\":\"https:\/\/idakorea.ee\/product\/round-lab-1025-dokdo-lotion-200ml\/#primaryimage\",\"url\":\"https:\/\/idakorea.ee\/wp-content\/uploads\/2026\/02\/Round-Lab-1025-Dokdo-Lotion-idakorea.webp\",\"contentUrl\":\"https:\/\/idakorea.ee\/wp-content\/uploads\/2026\/02\/Round-Lab-1025-Dokdo-Lotion-idakorea.webp\",\"width\":800,\"height\":800},{\"@type\":\"BreadcrumbList\",\"@id\":\"https:\/\/idakorea.ee\/product\/round-lab-1025-dokdo-lotion-200ml\/#breadcrumb\",\"itemListElement\":[{\"@type\":\"ListItem\",\"position\":1,\"name\":\"\u0413\u043b\u0430\u0432\u043d\u0430\u044f \u0441\u0442\u0440\u0430\u043d\u0438\u0446\u0430\",\"item\":\"https:\/\/idakorea.ee\/\"},{\"@type\":\"ListItem\",\"position\":2,\"name\":\"Shop\",\"item\":\"https:\/\/idakorea.ee\/shop-2\/\"},{\"@type\":\"ListItem\",\"position\":3,\"name\":\"Intensiivselt niisutav meresoolaveega losjoon Round Lab 1025 Dokdo Lotion, 200ml\"}]},{\"@type\":\"WebSite\",\"@id\":\"https:\/\/idakorea.ee\/#website\",\"url\":\"https:\/\/idakorea.ee\/\",\"name\":\"IDA.KOREA\",\"description\":\"Korea kosmeetika e-pood\",\"publisher\":{\"@id\":\"https:\/\/idakorea.ee\/#organization\"},\"alternateName\":\"Beauty Shop\",\"potentialAction\":[{\"@type\":\"SearchAction\",\"target\":{\"@type\":\"EntryPoint\",\"urlTemplate\":\"https:\/\/idakorea.ee\/?s={search_term_string}\"},\"query-input\":{\"@type\":\"PropertyValueSpecification\",\"valueRequired\":true,\"valueName\":\"search_term_string\"}}],\"inLanguage\":\"fi\"},{\"@type\":\"Organization\",\"@id\":\"https:\/\/idakorea.ee\/#organization\",\"name\":\"IDA.KOREA\",\"url\":\"https:\/\/idakorea.ee\/\",\"logo\":{\"@type\":\"ImageObject\",\"inLanguage\":\"fi\",\"@id\":\"https:\/\/idakorea.ee\/#\/schema\/logo\/image\/\",\"url\":\"https:\/\/idakorea.ee\/wp-content\/uploads\/2024\/05\/cropped-korea3.png\",\"contentUrl\":\"https:\/\/idakorea.ee\/wp-content\/uploads\/2024\/05\/cropped-korea3.png\",\"width\":688,\"height\":126,\"caption\":\"IDA.KOREA\"},\"image\":{\"@id\":\"https:\/\/idakorea.ee\/#\/schema\/logo\/image\/\"},\"sameAs\":[\"https:\/\/www.instagram.com\/ida.korea\/\"]}]}<\/script>\n<!-- \/ Yoast SEO plugin. -->","yoast_head_json":{"title":"Round Lab 1025 Dokdo Lotion, 200ml - IDA.KOREA","description":"Intensiivselt niisutav meresoolaveega losjoon aitab leevendada naha kuivust ja ketendust, niisutab s\u00fcgavuti epidermise rakke ning rahustab \u00e4rritunud nahka.","robots":{"index":"index","follow":"follow","max-snippet":"max-snippet:-1","max-image-preview":"max-image-preview:large","max-video-preview":"max-video-preview:-1"},"canonical":"https:\/\/idakorea.ee\/fi\/product\/round-lab-1025-dokdo-lotion-200ml\/","og_locale":"fi_FI","og_type":"article","og_title":"Round Lab 1025 Dokdo Lotion, 200ml - IDA.KOREA","og_description":"Intensiivselt niisutav meresoolaveega losjoon aitab leevendada naha kuivust ja ketendust, niisutab s\u00fcgavuti epidermise rakke ning rahustab \u00e4rritunud nahka.","og_url":"https:\/\/idakorea.ee\/fi\/product\/round-lab-1025-dokdo-lotion-200ml\/","og_site_name":"IDA.KOREA","og_image":[{"width":800,"height":800,"url":"https:\/\/idakorea.ee\/wp-content\/uploads\/2026\/02\/Round-Lab-1025-Dokdo-Lotion-idakorea.webp","type":"image\/webp"}],"twitter_card":"summary_large_image","twitter_misc":{"Arvioitu lukuaika":"2 minuuttia"},"schema":{"@context":"https:\/\/schema.org","@graph":[{"@type":"WebPage","@id":"https:\/\/idakorea.ee\/product\/round-lab-1025-dokdo-lotion-200ml\/","url":"https:\/\/idakorea.ee\/product\/round-lab-1025-dokdo-lotion-200ml\/","name":"Round Lab 1025 Dokdo Lotion, 200ml - IDA.KOREA","isPartOf":{"@id":"https:\/\/idakorea.ee\/#website"},"primaryImageOfPage":{"@id":"https:\/\/idakorea.ee\/product\/round-lab-1025-dokdo-lotion-200ml\/#primaryimage"},"image":{"@id":"https:\/\/idakorea.ee\/product\/round-lab-1025-dokdo-lotion-200ml\/#primaryimage"},"thumbnailUrl":"https:\/\/idakorea.ee\/wp-content\/uploads\/2026\/02\/Round-Lab-1025-Dokdo-Lotion-idakorea.webp","datePublished":"2026-02-13T10:18:16+00:00","description":"Intensiivselt niisutav meresoolaveega losjoon aitab leevendada naha kuivust ja ketendust, niisutab s\u00fcgavuti epidermise rakke ning rahustab \u00e4rritunud nahka.","breadcrumb":{"@id":"https:\/\/idakorea.ee\/product\/round-lab-1025-dokdo-lotion-200ml\/#breadcrumb"},"inLanguage":"fi","potentialAction":[{"@type":"ReadAction","target":["https:\/\/idakorea.ee\/product\/round-lab-1025-dokdo-lotion-200ml\/"]}]},{"@type":"ImageObject","inLanguage":"fi","@id":"https:\/\/idakorea.ee\/product\/round-lab-1025-dokdo-lotion-200ml\/#primaryimage","url":"https:\/\/idakorea.ee\/wp-content\/uploads\/2026\/02\/Round-Lab-1025-Dokdo-Lotion-idakorea.webp","contentUrl":"https:\/\/idakorea.ee\/wp-content\/uploads\/2026\/02\/Round-Lab-1025-Dokdo-Lotion-idakorea.webp","width":800,"height":800},{"@type":"BreadcrumbList","@id":"https:\/\/idakorea.ee\/product\/round-lab-1025-dokdo-lotion-200ml\/#breadcrumb","itemListElement":[{"@type":"ListItem","position":1,"name":"\u0413\u043b\u0430\u0432\u043d\u0430\u044f \u0441\u0442\u0440\u0430\u043d\u0438\u0446\u0430","item":"https:\/\/idakorea.ee\/"},{"@type":"ListItem","position":2,"name":"Shop","item":"https:\/\/idakorea.ee\/shop-2\/"},{"@type":"ListItem","position":3,"name":"Intensiivselt niisutav meresoolaveega losjoon Round Lab 1025 Dokdo Lotion, 200ml"}]},{"@type":"WebSite","@id":"https:\/\/idakorea.ee\/#website","url":"https:\/\/idakorea.ee\/","name":"IDA.KOREA","description":"Korean kosmetiikan verkkokauppa","publisher":{"@id":"https:\/\/idakorea.ee\/#organization"},"alternateName":"Beauty Shop","potentialAction":[{"@type":"SearchAction","target":{"@type":"EntryPoint","urlTemplate":"https:\/\/idakorea.ee\/?s={search_term_string}"},"query-input":{"@type":"PropertyValueSpecification","valueRequired":true,"valueName":"search_term_string"}}],"inLanguage":"fi"},{"@type":"Organization","@id":"https:\/\/idakorea.ee\/#organization","name":"IDA.KOREA","url":"https:\/\/idakorea.ee\/","logo":{"@type":"ImageObject","inLanguage":"fi","@id":"https:\/\/idakorea.ee\/#\/schema\/logo\/image\/","url":"https:\/\/idakorea.ee\/wp-content\/uploads\/2024\/05\/cropped-korea3.png","contentUrl":"https:\/\/idakorea.ee\/wp-content\/uploads\/2024\/05\/cropped-korea3.png","width":688,"height":126,"caption":"IDA.KOREA"},"image":{"@id":"https:\/\/idakorea.ee\/#\/schema\/logo\/image\/"},"sameAs":["https:\/\/www.instagram.com\/ida.korea\/"]}]}},"jetpack_sharing_enabled":true,"brands":[{"id":645,"name":"ROUND LAB","slug":"round-lab"}],"_links":{"self":[{"href":"https:\/\/idakorea.ee\/fi\/wp-json\/wp\/v2\/product\/17723","targetHints":{"allow":["GET"]}}],"collection":[{"href":"https:\/\/idakorea.ee\/fi\/wp-json\/wp\/v2\/product"}],"about":[{"href":"https:\/\/idakorea.ee\/fi\/wp-json\/wp\/v2\/types\/product"}],"replies":[{"embeddable":true,"href":"https:\/\/idakorea.ee\/fi\/wp-json\/wp\/v2\/comments?post=17723"}],"version-history":[{"count":1,"href":"https:\/\/idakorea.ee\/fi\/wp-json\/wp\/v2\/product\/17723\/revisions"}],"predecessor-version":[{"id":17727,"href":"https:\/\/idakorea.ee\/fi\/wp-json\/wp\/v2\/product\/17723\/revisions\/17727"}],"wp:featuredmedia":[{"embeddable":true,"href":"https:\/\/idakorea.ee\/fi\/wp-json\/wp\/v2\/media\/17726"}],"wp:attachment":[{"href":"https:\/\/idakorea.ee\/fi\/wp-json\/wp\/v2\/media?parent=17723"}],"wp:term":[{"taxonomy":"pwb-brand","embeddable":true,"href":"https:\/\/idakorea.ee\/fi\/wp-json\/wp\/v2\/pwb-brand?post=17723"},{"taxonomy":"product_brand","embeddable":true,"href":"https:\/\/idakorea.ee\/fi\/wp-json\/wp\/v2\/product_brand?post=17723"},{"taxonomy":"product_cat","embeddable":true,"href":"https:\/\/idakorea.ee\/fi\/wp-json\/wp\/v2\/product_cat?post=17723"},{"taxonomy":"product_tag","embeddable":true,"href":"https:\/\/idakorea.ee\/fi\/wp-json\/wp\/v2\/product_tag?post=17723"}],"curies":[{"name":"wp","href":"https:\/\/api.w.org\/{rel}","templated":true}]}}