{"id":17737,"date":"2026-02-14T11:24:02","date_gmt":"2026-02-14T09:24:02","guid":{"rendered":"https:\/\/idakorea.ee\/?post_type=product&#038;p=17737"},"modified":"2026-04-16T09:49:12","modified_gmt":"2026-04-16T07:49:12","slug":"bioheal-boh-probioderm-3d-lifting-cream-mask","status":"publish","type":"product","link":"https:\/\/idakorea.ee\/fi\/product\/bioheal-boh-probioderm-3d-lifting-cream-mask\/","title":{"rendered":"Kohottava kangasnaamio Bioheal Boh Probioderm 3D Lifting Cream Mask"},"content":{"rendered":"<div class=\"flex flex-col text-sm pb-25\">\n<article class=\"text-token-text-primary w-full focus:outline-none [--shadow-height:45px] has-data-writing-block:pointer-events-none has-data-writing-block:-mt-(--shadow-height) has-data-writing-block:pt-(--shadow-height) [&amp;:has([data-writing-block])&gt;*]:pointer-events-auto scroll-mt-[calc(var(--header-height)+min(200px,max(70px,20svh)))]\" dir=\"auto\" tabindex=\"-1\" data-turn-id=\"request-697b3e42-9700-8329-a7e8-d683a34ebc9a-4\" data-testid=\"conversation-turn-8\" data-scroll-anchor=\"true\" data-turn=\"assistant\">\n<div class=\"text-base my-auto mx-auto pb-10 [--thread-content-margin:--spacing(4)] @w-sm\/main:[--thread-content-margin:--spacing(6)] @w-lg\/main:[--thread-content-margin:--spacing(16)] px-(--thread-content-margin)\">\n<div class=\"[--thread-content-max-width:40rem] @w-lg\/main:[--thread-content-max-width:48rem] mx-auto max-w-(--thread-content-max-width) flex-1 group\/turn-messages focus-visible:outline-hidden relative flex w-full min-w-0 flex-col agent-turn\" tabindex=\"-1\">\n<div class=\"flex max-w-full flex-col grow\">\n<div class=\"min-h-8 text-message relative flex w-full flex-col items-end gap-2 text-start break-words whitespace-normal [.text-message+&amp;]:mt-1\" dir=\"auto\" data-message-author-role=\"assistant\" data-message-id=\"36f36ba5-2bad-4ef4-a790-22d24c04021c\" data-message-model-slug=\"gpt-5-2\">\n<div class=\"flex w-full flex-col gap-1 empty:hidden first:pt-[1px]\">\n<div class=\"markdown prose dark:prose-invert w-full wrap-break-word light markdown-new-styling\">\n<p data-start=\"0\" data-end=\"138\"><strong>BIOHEAL BOH Probioderm 3D Lifting Cream Mask<\/strong> lifting-efektiga kangasmask silub naha reljeefi, parandab elastsust ja aitab t\u00f5sta n\u00e4oovaali. Toidab ja pehmendab nahka, tugevdab loomulikku kaitsebarj\u00e4\u00e4ri ning annab nahale s\u00e4ra. Regulaarse kasutamise korral aeglustab naha elastsuse v\u00e4henemist.<\/p>\n<p data-start=\"293\" data-end=\"507\">Mask on loodud katioonsete liposoomide tehnoloogia abil, mis transpordib toimeained s\u00fcgavale epidermisesse. Elastne kangasp\u00f5hi kinnitub tihedalt n\u00e4ole, tugevdades kreemja essentsi toimet, millega mask on immutatud.<\/p>\n<p data-start=\"509\" data-end=\"533\"><strong data-start=\"509\" data-end=\"533\">Peamised toimeained:<\/strong><\/p>\n<ul>\n<li data-start=\"535\" data-end=\"721\"><strong>M\u00fcorelaksantsed peptiidid (Acetyl Hexapeptide-8, Acetyl Octapeptide-3)<\/strong> toimivad botuliinisarnase efektiga: aitavad l\u00f5dvestada n\u00e4olihaseid ning ennetavad miimikakortsude ja voltide teket.<\/li>\n<li data-start=\"723\" data-end=\"944\"><strong>Signaalpeptiidid (Copper Tripeptide-1, Acetyl Tetrapeptide-2)<\/strong> stimuleerivad rakkude aktiivsust ja tugevdavad ekstratsellulaarset maatriksit, suurendavad kollageeni ja h\u00fcaluroonhappe s\u00fcnteesi, pinguldavad ja siluvad nahka.<\/li>\n<li data-start=\"946\" data-end=\"1161\"><strong>Nonapeptide-1 ja Ascorbic Acid Polypeptide<\/strong> on pigmentatsiooni v\u00e4hendavad peptiidid. Need p\u00e4rsivad melaniini s\u00fcnteesi ja aeglustavad selle liikumist naha \u00fclemistesse kihtidesse, helendavad nahka ja \u00fchtlustavad jumet.<\/li>\n<li data-start=\"1163\" data-end=\"1407\"><strong>Dipeptiid-2 ja Acetyl Tetrapeptide-5<\/strong> omavad turset v\u00e4hendavaid ja drenaa\u017ei soodustavaid omadusi, v\u00e4hendavad kapillaaride l\u00e4bilaskvust. Ennetavad vedeliku kogunemist, takistavad kollageeni gl\u00fckatsiooni ning s\u00e4ilitavad naha elastsuse ja sileduse.<\/li>\n<li data-start=\"1409\" data-end=\"1542\"><strong>PDRN (Sodium DNA)<\/strong> stimuleerib rakkude taastumist, soodustab paranemist, ennetab kortsude teket ning toetab naha tugevust ja tihedust.<\/li>\n<li data-start=\"1544\" data-end=\"1787\"><strong>Probioderm\u2122<\/strong> on kompleks, mis sisaldab kolme laktobatsillide fermenti, et toetada naha h\u00fcdrolipiidset tasakaalu ja tugevdada lokaalset immuunsust. Aktiveerib mikrotsirkulatsiooni ja rakkude ainevahetust, \u00fchtlustab nahatooni ja annab terve s\u00e4ra.<\/li>\n<li data-start=\"1789\" data-end=\"1926\"><strong>H\u00fcdrol\u00fc\u00fcsitud kollageen<\/strong> niisutab intensiivselt, aitab rakkudel s\u00e4ilitada niiskust, stimuleerib taastumisprotsesse ja aitab siluda kortse.<\/li>\n<li data-start=\"1928\" data-end=\"2091\"><strong>Kofeiin<\/strong> tugevdab kapillaaride seinu, parandab mikrotsirkulatsiooni ja omab drenaa\u017eiefekti, v\u00e4hendab turseid. Kiirendab regeneratsiooni ning toimib antioks\u00fcdandina.<\/li>\n<\/ul>\n<p data-start=\"2093\" data-end=\"2123\">Sobib k\u00f5ikidele nahat\u00fc\u00fcpidele.<\/p>\n<p data-start=\"2125\" data-end=\"2414\" data-is-last-node=\"\" data-is-only-node=\"\"><strong data-start=\"2125\" data-end=\"2140\">Kasutamine:<\/strong><\/p>\n<p data-start=\"2125\" data-end=\"2414\" data-is-last-node=\"\" data-is-only-node=\"\">Kasuta p\u00e4rast naha puhastamist ja toniseerimist. Eemalda maski alus kaitsekilest, aseta mask n\u00e4ole ja t\u00f5mba alumised servad \u00fclespoole. J\u00e4ta mask 10\u201320 minutiks nahale. Kui essents on imendunud, eemalda mask. Jaota allesj\u00e4\u00e4nud toode nahale kergete masseerivate liigutustega.<\/p>\n<\/div>\n<\/div>\n<\/div>\n<\/div>\n<div class=\"z-0 flex min-h-[46px] justify-start\"><\/div>\n<div class=\"mt-3 w-full empty:hidden\">\n<div class=\"text-center\"><\/div>\n<\/div>\n<\/div>\n<\/div>\n<\/article>\n<\/div>\n<div class=\"pointer-events-none h-px w-px absolute bottom-0\" aria-hidden=\"true\" data-edge=\"true\"><\/div>\n","protected":false},"excerpt":{"rendered":"<p>BIOHEAL BOH Probioderm 3D Lifting Cream Mask on kohottava kangasnaamio, joka tasoittaa ihon kohotusta, parantaa kimmoisuutta ja auttaa kohottamaan kasvoja. Se ravitsee ja pehment\u00e4\u00e4 ihoa, vahvistaa luonnollista suojakerrosta ja antaa iholle hehkun. S\u00e4\u00e4nn\u00f6llisesti k\u00e4ytettyn\u00e4 se hidastaa ihon kimmoisuuden menetyst\u00e4. Naamio on luotu kationisen liposomiteknologian avulla, joka kuljettaa aktiiviaineita syv\u00e4lle ihoon. Elastinen kangaspohja tarttuu tiukasti kasvoihin vahvistaen voidemaista\u2026<\/p>","protected":false},"featured_media":17738,"comment_status":"open","ping_status":"closed","template":"","meta":{"_uf_show_specific_survey":0,"_uf_disable_surveys":false,"_bst_post_transparent":"default","_bst_post_title":"","_bst_post_layout":"default","_bst_post_sidebar_id":"","_bst_post_content_style":"default","_bst_post_vertical_padding":"default","_bst_post_feature":"","_bst_post_feature_position":"","_bst_post_header":false,"_bst_post_footer":false},"pwb-brand":[479],"product_brand":[],"product_cat":[92,98],"product_tag":[568,216,773,614,789],"class_list":{"0":"post-17737","1":"product","2":"type-product","3":"status-publish","4":"has-post-thumbnail","6":"pwb-brand-bioheal-boh","7":"product_cat-nagu","8":"product_cat-naomaskid","9":"product_tag-korea","10":"product_tag-kuiv-nahk","11":"product_tag-lifting","12":"product_tag-mask","13":"product_tag-pdrn","15":"first","16":"instock","17":"shipping-taxable","18":"purchasable","19":"product-type-simple","20":"entry","21":"content-bg","22":"loop-entry"},"supplier_id":null,"supplier_sku":"","barcode":null,"atum_controlled":true,"out_stock_date":null,"out_stock_threshold":null,"inheritable":false,"inbound_stock":0,"stock_on_hold":0,"sold_today":0,"sales_last_days":4,"out_stock_days":0,"lost_sales":0,"has_location":false,"update_date":"2026-04-24T00:09:12","atum_locations":[],"atum_stock_status":"instock","restock_status":false,"low_stock_amount":"","sales_update_date":"2026-04-24T00:09:12","calc_backorders":null,"yoast_head":"<!-- This site is optimized with the Yoast SEO plugin v27.2 - https:\/\/yoast.com\/product\/yoast-seo-wordpress\/ -->\n<title>Bioheal Boh Probioderm 3D Lifting Cream Mask - IDA.KOREA<\/title>\n<meta name=\"description\" content=\"Lifting-efektiga kangasmask silub naha reljeefi, parandab elastsust ja aitab t\u00f5sta n\u00e4oovaali. Toidab ja pehmendab, tugevdab loomulikku kaitsebarj\u00e4\u00e4ri.\" \/>\n<meta name=\"robots\" content=\"index, follow, max-snippet:-1, max-image-preview:large, max-video-preview:-1\" \/>\n<link rel=\"canonical\" href=\"https:\/\/idakorea.ee\/fi\/product\/bioheal-boh-probioderm-3d-lifting-cream-mask\/\" \/>\n<meta property=\"og:locale\" content=\"fi_FI\" \/>\n<meta property=\"og:type\" content=\"article\" \/>\n<meta property=\"og:title\" content=\"Bioheal Boh Probioderm 3D Lifting Cream Mask - IDA.KOREA\" \/>\n<meta property=\"og:description\" content=\"Lifting-efektiga kangasmask silub naha reljeefi, parandab elastsust ja aitab t\u00f5sta n\u00e4oovaali. Toidab ja pehmendab, tugevdab loomulikku kaitsebarj\u00e4\u00e4ri.\" \/>\n<meta property=\"og:url\" content=\"https:\/\/idakorea.ee\/fi\/product\/bioheal-boh-probioderm-3d-lifting-cream-mask\/\" \/>\n<meta property=\"og:site_name\" content=\"IDA.KOREA\" \/>\n<meta property=\"article:modified_time\" content=\"2026-04-16T07:49:12+00:00\" \/>\n<meta property=\"og:image\" content=\"https:\/\/idakorea.ee\/wp-content\/uploads\/2026\/02\/BIOHEAL-BOH-Probioderm-3D-Lifting-Cream-Mask-idakorea.jpg\" \/>\n\t<meta property=\"og:image:width\" content=\"1194\" \/>\n\t<meta property=\"og:image:height\" content=\"1196\" \/>\n\t<meta property=\"og:image:type\" content=\"image\/jpeg\" \/>\n<meta name=\"twitter:card\" content=\"summary_large_image\" \/>\n<meta name=\"twitter:label1\" content=\"Arvioitu lukuaika\" \/>\n\t<meta name=\"twitter:data1\" content=\"2 minuuttia\" \/>\n<script type=\"application\/ld+json\" class=\"yoast-schema-graph\">{\"@context\":\"https:\/\/schema.org\",\"@graph\":[{\"@type\":\"WebPage\",\"@id\":\"https:\/\/idakorea.ee\/product\/bioheal-boh-probioderm-3d-lifting-cream-mask\/\",\"url\":\"https:\/\/idakorea.ee\/product\/bioheal-boh-probioderm-3d-lifting-cream-mask\/\",\"name\":\"Bioheal Boh Probioderm 3D Lifting Cream Mask - IDA.KOREA\",\"isPartOf\":{\"@id\":\"https:\/\/idakorea.ee\/#website\"},\"primaryImageOfPage\":{\"@id\":\"https:\/\/idakorea.ee\/product\/bioheal-boh-probioderm-3d-lifting-cream-mask\/#primaryimage\"},\"image\":{\"@id\":\"https:\/\/idakorea.ee\/product\/bioheal-boh-probioderm-3d-lifting-cream-mask\/#primaryimage\"},\"thumbnailUrl\":\"https:\/\/idakorea.ee\/wp-content\/uploads\/2026\/02\/BIOHEAL-BOH-Probioderm-3D-Lifting-Cream-Mask-idakorea.jpg\",\"datePublished\":\"2026-02-14T09:24:02+00:00\",\"dateModified\":\"2026-04-16T07:49:12+00:00\",\"description\":\"Lifting-efektiga kangasmask silub naha reljeefi, parandab elastsust ja aitab t\u00f5sta n\u00e4oovaali. Toidab ja pehmendab, tugevdab loomulikku kaitsebarj\u00e4\u00e4ri.\",\"breadcrumb\":{\"@id\":\"https:\/\/idakorea.ee\/product\/bioheal-boh-probioderm-3d-lifting-cream-mask\/#breadcrumb\"},\"inLanguage\":\"fi\",\"potentialAction\":[{\"@type\":\"ReadAction\",\"target\":[\"https:\/\/idakorea.ee\/product\/bioheal-boh-probioderm-3d-lifting-cream-mask\/\"]}]},{\"@type\":\"ImageObject\",\"inLanguage\":\"fi\",\"@id\":\"https:\/\/idakorea.ee\/product\/bioheal-boh-probioderm-3d-lifting-cream-mask\/#primaryimage\",\"url\":\"https:\/\/idakorea.ee\/wp-content\/uploads\/2026\/02\/BIOHEAL-BOH-Probioderm-3D-Lifting-Cream-Mask-idakorea.jpg\",\"contentUrl\":\"https:\/\/idakorea.ee\/wp-content\/uploads\/2026\/02\/BIOHEAL-BOH-Probioderm-3D-Lifting-Cream-Mask-idakorea.jpg\",\"width\":1194,\"height\":1196},{\"@type\":\"BreadcrumbList\",\"@id\":\"https:\/\/idakorea.ee\/product\/bioheal-boh-probioderm-3d-lifting-cream-mask\/#breadcrumb\",\"itemListElement\":[{\"@type\":\"ListItem\",\"position\":1,\"name\":\"\u0413\u043b\u0430\u0432\u043d\u0430\u044f \u0441\u0442\u0440\u0430\u043d\u0438\u0446\u0430\",\"item\":\"https:\/\/idakorea.ee\/\"},{\"@type\":\"ListItem\",\"position\":2,\"name\":\"Shop\",\"item\":\"https:\/\/idakorea.ee\/shop-2\/\"},{\"@type\":\"ListItem\",\"position\":3,\"name\":\"Lifting-efektiga kangasmask Bioheal Boh Probioderm 3D Lifting Cream Mask\"}]},{\"@type\":\"WebSite\",\"@id\":\"https:\/\/idakorea.ee\/#website\",\"url\":\"https:\/\/idakorea.ee\/\",\"name\":\"IDA.KOREA\",\"description\":\"Korea kosmeetika e-pood\",\"publisher\":{\"@id\":\"https:\/\/idakorea.ee\/#organization\"},\"alternateName\":\"Beauty Shop\",\"potentialAction\":[{\"@type\":\"SearchAction\",\"target\":{\"@type\":\"EntryPoint\",\"urlTemplate\":\"https:\/\/idakorea.ee\/?s={search_term_string}\"},\"query-input\":{\"@type\":\"PropertyValueSpecification\",\"valueRequired\":true,\"valueName\":\"search_term_string\"}}],\"inLanguage\":\"fi\"},{\"@type\":\"Organization\",\"@id\":\"https:\/\/idakorea.ee\/#organization\",\"name\":\"IDA.KOREA\",\"url\":\"https:\/\/idakorea.ee\/\",\"logo\":{\"@type\":\"ImageObject\",\"inLanguage\":\"fi\",\"@id\":\"https:\/\/idakorea.ee\/#\/schema\/logo\/image\/\",\"url\":\"https:\/\/idakorea.ee\/wp-content\/uploads\/2024\/05\/cropped-korea3.png\",\"contentUrl\":\"https:\/\/idakorea.ee\/wp-content\/uploads\/2024\/05\/cropped-korea3.png\",\"width\":688,\"height\":126,\"caption\":\"IDA.KOREA\"},\"image\":{\"@id\":\"https:\/\/idakorea.ee\/#\/schema\/logo\/image\/\"},\"sameAs\":[\"https:\/\/www.instagram.com\/ida.korea\/\"]}]}<\/script>\n<!-- \/ Yoast SEO plugin. -->","yoast_head_json":{"title":"Bioheal Boh Probioderm 3D Lifting Cream Mask - IDA.KOREA","description":"Lifting-efektiga kangasmask silub naha reljeefi, parandab elastsust ja aitab t\u00f5sta n\u00e4oovaali. Toidab ja pehmendab, tugevdab loomulikku kaitsebarj\u00e4\u00e4ri.","robots":{"index":"index","follow":"follow","max-snippet":"max-snippet:-1","max-image-preview":"max-image-preview:large","max-video-preview":"max-video-preview:-1"},"canonical":"https:\/\/idakorea.ee\/fi\/product\/bioheal-boh-probioderm-3d-lifting-cream-mask\/","og_locale":"fi_FI","og_type":"article","og_title":"Bioheal Boh Probioderm 3D Lifting Cream Mask - IDA.KOREA","og_description":"Lifting-efektiga kangasmask silub naha reljeefi, parandab elastsust ja aitab t\u00f5sta n\u00e4oovaali. Toidab ja pehmendab, tugevdab loomulikku kaitsebarj\u00e4\u00e4ri.","og_url":"https:\/\/idakorea.ee\/fi\/product\/bioheal-boh-probioderm-3d-lifting-cream-mask\/","og_site_name":"IDA.KOREA","article_modified_time":"2026-04-16T07:49:12+00:00","og_image":[{"width":1194,"height":1196,"url":"https:\/\/idakorea.ee\/wp-content\/uploads\/2026\/02\/BIOHEAL-BOH-Probioderm-3D-Lifting-Cream-Mask-idakorea.jpg","type":"image\/jpeg"}],"twitter_card":"summary_large_image","twitter_misc":{"Arvioitu lukuaika":"2 minuuttia"},"schema":{"@context":"https:\/\/schema.org","@graph":[{"@type":"WebPage","@id":"https:\/\/idakorea.ee\/product\/bioheal-boh-probioderm-3d-lifting-cream-mask\/","url":"https:\/\/idakorea.ee\/product\/bioheal-boh-probioderm-3d-lifting-cream-mask\/","name":"Bioheal Boh Probioderm 3D Lifting Cream Mask - IDA.KOREA","isPartOf":{"@id":"https:\/\/idakorea.ee\/#website"},"primaryImageOfPage":{"@id":"https:\/\/idakorea.ee\/product\/bioheal-boh-probioderm-3d-lifting-cream-mask\/#primaryimage"},"image":{"@id":"https:\/\/idakorea.ee\/product\/bioheal-boh-probioderm-3d-lifting-cream-mask\/#primaryimage"},"thumbnailUrl":"https:\/\/idakorea.ee\/wp-content\/uploads\/2026\/02\/BIOHEAL-BOH-Probioderm-3D-Lifting-Cream-Mask-idakorea.jpg","datePublished":"2026-02-14T09:24:02+00:00","dateModified":"2026-04-16T07:49:12+00:00","description":"Lifting-efektiga kangasmask silub naha reljeefi, parandab elastsust ja aitab t\u00f5sta n\u00e4oovaali. Toidab ja pehmendab, tugevdab loomulikku kaitsebarj\u00e4\u00e4ri.","breadcrumb":{"@id":"https:\/\/idakorea.ee\/product\/bioheal-boh-probioderm-3d-lifting-cream-mask\/#breadcrumb"},"inLanguage":"fi","potentialAction":[{"@type":"ReadAction","target":["https:\/\/idakorea.ee\/product\/bioheal-boh-probioderm-3d-lifting-cream-mask\/"]}]},{"@type":"ImageObject","inLanguage":"fi","@id":"https:\/\/idakorea.ee\/product\/bioheal-boh-probioderm-3d-lifting-cream-mask\/#primaryimage","url":"https:\/\/idakorea.ee\/wp-content\/uploads\/2026\/02\/BIOHEAL-BOH-Probioderm-3D-Lifting-Cream-Mask-idakorea.jpg","contentUrl":"https:\/\/idakorea.ee\/wp-content\/uploads\/2026\/02\/BIOHEAL-BOH-Probioderm-3D-Lifting-Cream-Mask-idakorea.jpg","width":1194,"height":1196},{"@type":"BreadcrumbList","@id":"https:\/\/idakorea.ee\/product\/bioheal-boh-probioderm-3d-lifting-cream-mask\/#breadcrumb","itemListElement":[{"@type":"ListItem","position":1,"name":"\u0413\u043b\u0430\u0432\u043d\u0430\u044f \u0441\u0442\u0440\u0430\u043d\u0438\u0446\u0430","item":"https:\/\/idakorea.ee\/"},{"@type":"ListItem","position":2,"name":"Shop","item":"https:\/\/idakorea.ee\/shop-2\/"},{"@type":"ListItem","position":3,"name":"Lifting-efektiga kangasmask Bioheal Boh Probioderm 3D Lifting Cream Mask"}]},{"@type":"WebSite","@id":"https:\/\/idakorea.ee\/#website","url":"https:\/\/idakorea.ee\/","name":"IDA.KOREA","description":"Korean kosmetiikan verkkokauppa","publisher":{"@id":"https:\/\/idakorea.ee\/#organization"},"alternateName":"Beauty Shop","potentialAction":[{"@type":"SearchAction","target":{"@type":"EntryPoint","urlTemplate":"https:\/\/idakorea.ee\/?s={search_term_string}"},"query-input":{"@type":"PropertyValueSpecification","valueRequired":true,"valueName":"search_term_string"}}],"inLanguage":"fi"},{"@type":"Organization","@id":"https:\/\/idakorea.ee\/#organization","name":"IDA.KOREA","url":"https:\/\/idakorea.ee\/","logo":{"@type":"ImageObject","inLanguage":"fi","@id":"https:\/\/idakorea.ee\/#\/schema\/logo\/image\/","url":"https:\/\/idakorea.ee\/wp-content\/uploads\/2024\/05\/cropped-korea3.png","contentUrl":"https:\/\/idakorea.ee\/wp-content\/uploads\/2024\/05\/cropped-korea3.png","width":688,"height":126,"caption":"IDA.KOREA"},"image":{"@id":"https:\/\/idakorea.ee\/#\/schema\/logo\/image\/"},"sameAs":["https:\/\/www.instagram.com\/ida.korea\/"]}]}},"jetpack_sharing_enabled":true,"brands":[{"id":479,"name":"BIOHEAL BOH","slug":"bioheal-boh"}],"_links":{"self":[{"href":"https:\/\/idakorea.ee\/fi\/wp-json\/wp\/v2\/product\/17737","targetHints":{"allow":["GET"]}}],"collection":[{"href":"https:\/\/idakorea.ee\/fi\/wp-json\/wp\/v2\/product"}],"about":[{"href":"https:\/\/idakorea.ee\/fi\/wp-json\/wp\/v2\/types\/product"}],"replies":[{"embeddable":true,"href":"https:\/\/idakorea.ee\/fi\/wp-json\/wp\/v2\/comments?post=17737"}],"version-history":[{"count":1,"href":"https:\/\/idakorea.ee\/fi\/wp-json\/wp\/v2\/product\/17737\/revisions"}],"predecessor-version":[{"id":17741,"href":"https:\/\/idakorea.ee\/fi\/wp-json\/wp\/v2\/product\/17737\/revisions\/17741"}],"wp:featuredmedia":[{"embeddable":true,"href":"https:\/\/idakorea.ee\/fi\/wp-json\/wp\/v2\/media\/17738"}],"wp:attachment":[{"href":"https:\/\/idakorea.ee\/fi\/wp-json\/wp\/v2\/media?parent=17737"}],"wp:term":[{"taxonomy":"pwb-brand","embeddable":true,"href":"https:\/\/idakorea.ee\/fi\/wp-json\/wp\/v2\/pwb-brand?post=17737"},{"taxonomy":"product_brand","embeddable":true,"href":"https:\/\/idakorea.ee\/fi\/wp-json\/wp\/v2\/product_brand?post=17737"},{"taxonomy":"product_cat","embeddable":true,"href":"https:\/\/idakorea.ee\/fi\/wp-json\/wp\/v2\/product_cat?post=17737"},{"taxonomy":"product_tag","embeddable":true,"href":"https:\/\/idakorea.ee\/fi\/wp-json\/wp\/v2\/product_tag?post=17737"}],"curies":[{"name":"wp","href":"https:\/\/api.w.org\/{rel}","templated":true}]}}