{"id":17742,"date":"2026-02-14T11:57:18","date_gmt":"2026-02-14T09:57:18","guid":{"rendered":"https:\/\/idakorea.ee\/?post_type=product&#038;p=17742"},"modified":"2026-03-27T11:54:19","modified_gmt":"2026-03-27T09:54:19","slug":"dr-althea-345-relief-cream-mist","status":"publish","type":"product","link":"https:\/\/idakorea.ee\/fi\/product\/dr-althea-345-relief-cream-mist\/","title":{"rendered":"Rauhoittava suihke riisihydrolaatilla ja pantenolilla Dr. Althea 345 Relief Cream Mist, 60ml"},"content":{"rendered":"<p data-start=\"0\" data-end=\"181\"><strong>Dr. Althea 345 Relief Cream Mist<\/strong> Yhdist\u00e4\u00e4 kosteuttavan kasvoveden ja kevyen voiteen ominaisuudet. Pehme\u00e4 emulsiokoostumus levittyy iholle kuin herkk\u00e4 huntu, kosteuttaa, rauhoittaa ja v\u00e4hent\u00e4\u00e4 punoitusta. Tuote vahvistaa hydrolipidisuojakerrosta, auttaa s\u00e4ilytt\u00e4m\u00e4\u00e4n kosteuden, v\u00e4hent\u00e4\u00e4 ihon herkkyytt\u00e4 ja nopeuttaa palautumisprosesseja. Tukee ihon kimmoisuutta ja pehmeytt\u00e4. Vegan\u00ae-sertifikaatti vahvistaa, ett\u00e4 koostumus ei sis\u00e4ll\u00e4 el\u00e4inper\u00e4isi\u00e4 ainesosia.<\/p>\n<p data-start=\"440\" data-end=\"464\"><strong data-start=\"440\" data-end=\"464\">T\u00e4rkeimm\u00e4t vaikuttavat aineet:<\/strong><\/p>\n<ul>\n<li data-start=\"466\" data-end=\"783\"><strong>Riisihydrolaatti (60%), riisiuute, proteiini ja aminohapot<\/strong> ovat runsaasti B-vitamiineja ja antioksidantteja. Kosteuttavat tehokkaasti, ehk\u00e4isev\u00e4t kuivuutta ja hilseily\u00e4. Parantavat kimmoisuutta, kirist\u00e4v\u00e4t kudoksia ja v\u00e4hent\u00e4v\u00e4t niiden l\u00e4p\u00e4isevyytt\u00e4. Auttavat tasoittamaan ihon s\u00e4vy\u00e4 ja v\u00e4hent\u00e4m\u00e4\u00e4n hyperpigmentaatiota.<\/li>\n<li data-start=\"785\" data-end=\"950\"><strong>Pantenoli (B5-vitamiini, 10 000 ppm)<\/strong>) nopeuttaa mikrovaurioiden paranemista, pehment\u00e4\u00e4 ja rauhoittaa ihoa, v\u00e4hent\u00e4\u00e4 punoitusta ja vahvistaa epidermiksen suojaavaa toimintaa.<\/li>\n<li data-start=\"952\" data-end=\"1140\"><strong>Postbiootit (Lactobacillus Ferment, Bifida Ferment -uute)<\/strong> V\u00e4hent\u00e4\u00e4 ihon herkkyytt\u00e4 ulkoisille tekij\u00f6ille, kuten l\u00e4mp\u00f6tilan vaihteluille, kuivalle ilmalle ja tuulelle. Tukee ihon lipidikerrosta.<\/li>\n<li data-start=\"1142\" data-end=\"1304\"><strong>Streptococcus Thermophilus -fermentti<\/strong> Ravitsee ihoa, lievitt\u00e4\u00e4 kuivuutta ja hilseily\u00e4. Auttaa ehk\u00e4isem\u00e4\u00e4n oksidatiivista stressi\u00e4 ja yll\u00e4pit\u00e4m\u00e4\u00e4n ihon kimmoisuutta ja sileytt\u00e4.<\/li>\n<li data-start=\"1306\" data-end=\"1556\"><strong>Kolme eri molekyylipainoista hyaluronihappoa:<\/strong> Suurimolekyylipainoinen hyaluronihappo palauttaa ihon hydrolipidikalvon, nopeuttaa paranemista ja v\u00e4hent\u00e4\u00e4 hilseily\u00e4. Pienimolekyylipainoinen hyaluronihappo puolestaan tunkeutuu syvemm\u00e4lle ja auttaa est\u00e4m\u00e4\u00e4n kosteuden haihtumista solutasolla.<\/li>\n<li data-start=\"1558\" data-end=\"1695\"><strong>Centella Asiatica (Centella Asiatica) -uute<\/strong> on tulehdusta ehk\u00e4isev\u00e4 ja uudistava, tukee ihon suojakerrosta ja v\u00e4hent\u00e4\u00e4 herkkyytt\u00e4.<\/li>\n<li data-start=\"1697\" data-end=\"1811\"><strong>Kaurauute<\/strong> Sis\u00e4lt\u00e4\u00e4 aminohappoja ja polyfenoleja, jotka auttavat pehment\u00e4m\u00e4\u00e4n ihoa, v\u00e4hent\u00e4m\u00e4\u00e4n punoitusta ja kutinaa.<\/li>\n<\/ul>\n<p data-start=\"1813\" data-end=\"1876\">Sopii normaalille, kuivalle, sekaiholle ja herk\u00e4lle iholle.<\/p>\n<p data-start=\"1878\" data-end=\"2037\" data-is-last-node=\"\" data-is-only-node=\"\"><strong data-start=\"1878\" data-end=\"1893\">K\u00e4ytt\u00f6:<\/strong> Suihkuta puhdistetulle iholle 15\u201320 cm et\u00e4isyydelt\u00e4 kasvoveden aikana tai p\u00e4iv\u00e4n mittaan lis\u00e4kosteutuksen saamiseksi. Levit\u00e4 sen j\u00e4lkeen seerumi tai voide.<\/p>","protected":false},"excerpt":{"rendered":"<p>Dr. Althea 345 Relief Cream Mist yhdist\u00e4\u00e4 kosteuttavan kasvoveden ja kevyen voiteen ominaisuudet. Pehme\u00e4 emulsiokoostumus levittyy iholle kuin herkk\u00e4 huntu, kosteuttaa, rauhoittaa ja v\u00e4hent\u00e4\u00e4 punoitusta. Tuote vahvistaa hydrolipidisuojakerrosta, auttaa s\u00e4ilytt\u00e4m\u00e4\u00e4n kosteutta, v\u00e4hent\u00e4\u00e4 ihon herkkyytt\u00e4 ja nopeuttaa palautumisprosesseja. Tukee ihon kimmoisuutta ja pehmeytt\u00e4. Sill\u00e4 on Vegan\u00ae-sertifikaatti, joka vahvistaa, ett\u00e4 koostumus ei sis\u00e4ll\u00e4 el\u00e4inper\u00e4isi\u00e4 ainesosia\u2026.<\/p>","protected":false},"featured_media":17745,"comment_status":"open","ping_status":"closed","template":"","meta":{"_uf_show_specific_survey":0,"_uf_disable_surveys":false,"_bst_post_transparent":"default","_bst_post_title":"","_bst_post_layout":"default","_bst_post_sidebar_id":"","_bst_post_content_style":"default","_bst_post_vertical_padding":"default","_bst_post_feature":"","_bst_post_feature_position":"","_bst_post_header":false,"_bst_post_footer":false},"pwb-brand":[480],"product_brand":[],"product_cat":[92,97,158],"product_tag":[1121,568,928],"class_list":{"0":"post-17742","1":"product","2":"type-product","3":"status-publish","4":"has-post-thumbnail","6":"pwb-brand-dr-althea","7":"product_cat-nagu","8":"product_cat-naoseerumid-ja-olid","9":"product_cat-toonik","10":"product_tag-1121","11":"product_tag-korea","12":"product_tag-mist","14":"first","15":"instock","16":"sale","17":"shipping-taxable","18":"purchasable","19":"product-type-simple","20":"entry","21":"content-bg","22":"loop-entry"},"supplier_id":null,"supplier_sku":"","barcode":null,"atum_controlled":true,"out_stock_date":null,"out_stock_threshold":null,"inheritable":false,"inbound_stock":0,"stock_on_hold":0,"sold_today":0,"sales_last_days":0,"out_stock_days":0,"lost_sales":0,"has_location":false,"update_date":"2026-04-14T00:05:09","atum_locations":[],"atum_stock_status":"instock","restock_status":false,"low_stock_amount":"","sales_update_date":"2026-04-14T00:05:09","calc_backorders":null,"yoast_head":"<!-- This site is optimized with the Yoast SEO plugin v27.2 - https:\/\/yoast.com\/product\/yoast-seo-wordpress\/ -->\n<title>Dr. Althea 345 Relief Cream Mist - IDA.KOREA<\/title>\n<meta name=\"description\" content=\"Mist \u00fchendab niisutava tooniku ja kerge kreemi omadused. Pehme emulsioonjas tekstuur jaotub nahale \u00f5rna loorina, niisutab, rahustab ja v\u00e4hendab punetust.\" \/>\n<meta name=\"robots\" content=\"index, follow, max-snippet:-1, max-image-preview:large, max-video-preview:-1\" \/>\n<link rel=\"canonical\" href=\"https:\/\/idakorea.ee\/fi\/product\/dr-althea-345-relief-cream-mist\/\" \/>\n<meta property=\"og:locale\" content=\"fi_FI\" \/>\n<meta property=\"og:type\" content=\"article\" \/>\n<meta property=\"og:title\" content=\"Dr. Althea 345 Relief Cream Mist - IDA.KOREA\" \/>\n<meta property=\"og:description\" content=\"Mist \u00fchendab niisutava tooniku ja kerge kreemi omadused. Pehme emulsioonjas tekstuur jaotub nahale \u00f5rna loorina, niisutab, rahustab ja v\u00e4hendab punetust.\" \/>\n<meta property=\"og:url\" content=\"https:\/\/idakorea.ee\/fi\/product\/dr-althea-345-relief-cream-mist\/\" \/>\n<meta property=\"og:site_name\" content=\"IDA.KOREA\" \/>\n<meta property=\"article:modified_time\" content=\"2026-03-27T09:54:19+00:00\" \/>\n<meta property=\"og:image\" content=\"https:\/\/idakorea.ee\/wp-content\/uploads\/2026\/02\/Dr.-Althea-345-Relief-Cream-Mist-idakorea.jpg\" \/>\n\t<meta property=\"og:image:width\" content=\"1000\" \/>\n\t<meta property=\"og:image:height\" content=\"1000\" \/>\n\t<meta property=\"og:image:type\" content=\"image\/jpeg\" \/>\n<meta name=\"twitter:card\" content=\"summary_large_image\" \/>\n<meta name=\"twitter:label1\" content=\"Arvioitu lukuaika\" \/>\n\t<meta name=\"twitter:data1\" content=\"2 minuuttia\" \/>\n<script type=\"application\/ld+json\" class=\"yoast-schema-graph\">{\"@context\":\"https:\/\/schema.org\",\"@graph\":[{\"@type\":\"WebPage\",\"@id\":\"https:\/\/idakorea.ee\/product\/dr-althea-345-relief-cream-mist\/\",\"url\":\"https:\/\/idakorea.ee\/product\/dr-althea-345-relief-cream-mist\/\",\"name\":\"Dr. Althea 345 Relief Cream Mist - IDA.KOREA\",\"isPartOf\":{\"@id\":\"https:\/\/idakorea.ee\/#website\"},\"primaryImageOfPage\":{\"@id\":\"https:\/\/idakorea.ee\/product\/dr-althea-345-relief-cream-mist\/#primaryimage\"},\"image\":{\"@id\":\"https:\/\/idakorea.ee\/product\/dr-althea-345-relief-cream-mist\/#primaryimage\"},\"thumbnailUrl\":\"https:\/\/idakorea.ee\/wp-content\/uploads\/2026\/02\/Dr.-Althea-345-Relief-Cream-Mist-idakorea.jpg\",\"datePublished\":\"2026-02-14T09:57:18+00:00\",\"dateModified\":\"2026-03-27T09:54:19+00:00\",\"description\":\"Mist \u00fchendab niisutava tooniku ja kerge kreemi omadused. Pehme emulsioonjas tekstuur jaotub nahale \u00f5rna loorina, niisutab, rahustab ja v\u00e4hendab punetust.\",\"breadcrumb\":{\"@id\":\"https:\/\/idakorea.ee\/product\/dr-althea-345-relief-cream-mist\/#breadcrumb\"},\"inLanguage\":\"fi\",\"potentialAction\":[{\"@type\":\"ReadAction\",\"target\":[\"https:\/\/idakorea.ee\/product\/dr-althea-345-relief-cream-mist\/\"]}]},{\"@type\":\"ImageObject\",\"inLanguage\":\"fi\",\"@id\":\"https:\/\/idakorea.ee\/product\/dr-althea-345-relief-cream-mist\/#primaryimage\",\"url\":\"https:\/\/idakorea.ee\/wp-content\/uploads\/2026\/02\/Dr.-Althea-345-Relief-Cream-Mist-idakorea.jpg\",\"contentUrl\":\"https:\/\/idakorea.ee\/wp-content\/uploads\/2026\/02\/Dr.-Althea-345-Relief-Cream-Mist-idakorea.jpg\",\"width\":1000,\"height\":1000},{\"@type\":\"BreadcrumbList\",\"@id\":\"https:\/\/idakorea.ee\/product\/dr-althea-345-relief-cream-mist\/#breadcrumb\",\"itemListElement\":[{\"@type\":\"ListItem\",\"position\":1,\"name\":\"\u0413\u043b\u0430\u0432\u043d\u0430\u044f \u0441\u0442\u0440\u0430\u043d\u0438\u0446\u0430\",\"item\":\"https:\/\/idakorea.ee\/\"},{\"@type\":\"ListItem\",\"position\":2,\"name\":\"Shop\",\"item\":\"https:\/\/idakorea.ee\/shop-2\/\"},{\"@type\":\"ListItem\",\"position\":3,\"name\":\"Rahustav mist riisih\u00fcdrolaadi ja pantenooliga Dr. Althea 345 Relief Cream Mist, 60ml\"}]},{\"@type\":\"WebSite\",\"@id\":\"https:\/\/idakorea.ee\/#website\",\"url\":\"https:\/\/idakorea.ee\/\",\"name\":\"IDA.KOREA\",\"description\":\"Korea kosmeetika e-pood\",\"publisher\":{\"@id\":\"https:\/\/idakorea.ee\/#organization\"},\"alternateName\":\"Beauty Shop\",\"potentialAction\":[{\"@type\":\"SearchAction\",\"target\":{\"@type\":\"EntryPoint\",\"urlTemplate\":\"https:\/\/idakorea.ee\/?s={search_term_string}\"},\"query-input\":{\"@type\":\"PropertyValueSpecification\",\"valueRequired\":true,\"valueName\":\"search_term_string\"}}],\"inLanguage\":\"fi\"},{\"@type\":\"Organization\",\"@id\":\"https:\/\/idakorea.ee\/#organization\",\"name\":\"IDA.KOREA\",\"url\":\"https:\/\/idakorea.ee\/\",\"logo\":{\"@type\":\"ImageObject\",\"inLanguage\":\"fi\",\"@id\":\"https:\/\/idakorea.ee\/#\/schema\/logo\/image\/\",\"url\":\"https:\/\/idakorea.ee\/wp-content\/uploads\/2024\/05\/cropped-korea3.png\",\"contentUrl\":\"https:\/\/idakorea.ee\/wp-content\/uploads\/2024\/05\/cropped-korea3.png\",\"width\":688,\"height\":126,\"caption\":\"IDA.KOREA\"},\"image\":{\"@id\":\"https:\/\/idakorea.ee\/#\/schema\/logo\/image\/\"},\"sameAs\":[\"https:\/\/www.instagram.com\/ida.korea\/\"]}]}<\/script>\n<!-- \/ Yoast SEO plugin. -->","yoast_head_json":{"title":"Dr. Althea 345 Relief Cream Mist - IDA.KOREA","description":"Mist \u00fchendab niisutava tooniku ja kerge kreemi omadused. Pehme emulsioonjas tekstuur jaotub nahale \u00f5rna loorina, niisutab, rahustab ja v\u00e4hendab punetust.","robots":{"index":"index","follow":"follow","max-snippet":"max-snippet:-1","max-image-preview":"max-image-preview:large","max-video-preview":"max-video-preview:-1"},"canonical":"https:\/\/idakorea.ee\/fi\/product\/dr-althea-345-relief-cream-mist\/","og_locale":"fi_FI","og_type":"article","og_title":"Dr. Althea 345 Relief Cream Mist - IDA.KOREA","og_description":"Mist \u00fchendab niisutava tooniku ja kerge kreemi omadused. Pehme emulsioonjas tekstuur jaotub nahale \u00f5rna loorina, niisutab, rahustab ja v\u00e4hendab punetust.","og_url":"https:\/\/idakorea.ee\/fi\/product\/dr-althea-345-relief-cream-mist\/","og_site_name":"IDA.KOREA","article_modified_time":"2026-03-27T09:54:19+00:00","og_image":[{"width":1000,"height":1000,"url":"https:\/\/idakorea.ee\/wp-content\/uploads\/2026\/02\/Dr.-Althea-345-Relief-Cream-Mist-idakorea.jpg","type":"image\/jpeg"}],"twitter_card":"summary_large_image","twitter_misc":{"Arvioitu lukuaika":"2 minuuttia"},"schema":{"@context":"https:\/\/schema.org","@graph":[{"@type":"WebPage","@id":"https:\/\/idakorea.ee\/product\/dr-althea-345-relief-cream-mist\/","url":"https:\/\/idakorea.ee\/product\/dr-althea-345-relief-cream-mist\/","name":"Dr. Althea 345 Relief Cream Mist - IDA.KOREA","isPartOf":{"@id":"https:\/\/idakorea.ee\/#website"},"primaryImageOfPage":{"@id":"https:\/\/idakorea.ee\/product\/dr-althea-345-relief-cream-mist\/#primaryimage"},"image":{"@id":"https:\/\/idakorea.ee\/product\/dr-althea-345-relief-cream-mist\/#primaryimage"},"thumbnailUrl":"https:\/\/idakorea.ee\/wp-content\/uploads\/2026\/02\/Dr.-Althea-345-Relief-Cream-Mist-idakorea.jpg","datePublished":"2026-02-14T09:57:18+00:00","dateModified":"2026-03-27T09:54:19+00:00","description":"Mist \u00fchendab niisutava tooniku ja kerge kreemi omadused. Pehme emulsioonjas tekstuur jaotub nahale \u00f5rna loorina, niisutab, rahustab ja v\u00e4hendab punetust.","breadcrumb":{"@id":"https:\/\/idakorea.ee\/product\/dr-althea-345-relief-cream-mist\/#breadcrumb"},"inLanguage":"fi","potentialAction":[{"@type":"ReadAction","target":["https:\/\/idakorea.ee\/product\/dr-althea-345-relief-cream-mist\/"]}]},{"@type":"ImageObject","inLanguage":"fi","@id":"https:\/\/idakorea.ee\/product\/dr-althea-345-relief-cream-mist\/#primaryimage","url":"https:\/\/idakorea.ee\/wp-content\/uploads\/2026\/02\/Dr.-Althea-345-Relief-Cream-Mist-idakorea.jpg","contentUrl":"https:\/\/idakorea.ee\/wp-content\/uploads\/2026\/02\/Dr.-Althea-345-Relief-Cream-Mist-idakorea.jpg","width":1000,"height":1000},{"@type":"BreadcrumbList","@id":"https:\/\/idakorea.ee\/product\/dr-althea-345-relief-cream-mist\/#breadcrumb","itemListElement":[{"@type":"ListItem","position":1,"name":"\u0413\u043b\u0430\u0432\u043d\u0430\u044f \u0441\u0442\u0440\u0430\u043d\u0438\u0446\u0430","item":"https:\/\/idakorea.ee\/"},{"@type":"ListItem","position":2,"name":"Shop","item":"https:\/\/idakorea.ee\/shop-2\/"},{"@type":"ListItem","position":3,"name":"Rahustav mist riisih\u00fcdrolaadi ja pantenooliga Dr. Althea 345 Relief Cream Mist, 60ml"}]},{"@type":"WebSite","@id":"https:\/\/idakorea.ee\/#website","url":"https:\/\/idakorea.ee\/","name":"IDA.KOREA","description":"Korean kosmetiikan verkkokauppa","publisher":{"@id":"https:\/\/idakorea.ee\/#organization"},"alternateName":"Beauty Shop","potentialAction":[{"@type":"SearchAction","target":{"@type":"EntryPoint","urlTemplate":"https:\/\/idakorea.ee\/?s={search_term_string}"},"query-input":{"@type":"PropertyValueSpecification","valueRequired":true,"valueName":"search_term_string"}}],"inLanguage":"fi"},{"@type":"Organization","@id":"https:\/\/idakorea.ee\/#organization","name":"IDA.KOREA","url":"https:\/\/idakorea.ee\/","logo":{"@type":"ImageObject","inLanguage":"fi","@id":"https:\/\/idakorea.ee\/#\/schema\/logo\/image\/","url":"https:\/\/idakorea.ee\/wp-content\/uploads\/2024\/05\/cropped-korea3.png","contentUrl":"https:\/\/idakorea.ee\/wp-content\/uploads\/2024\/05\/cropped-korea3.png","width":688,"height":126,"caption":"IDA.KOREA"},"image":{"@id":"https:\/\/idakorea.ee\/#\/schema\/logo\/image\/"},"sameAs":["https:\/\/www.instagram.com\/ida.korea\/"]}]}},"jetpack_sharing_enabled":true,"brands":[{"id":480,"name":"DR.ALTHEA","slug":"dr-althea"}],"_links":{"self":[{"href":"https:\/\/idakorea.ee\/fi\/wp-json\/wp\/v2\/product\/17742","targetHints":{"allow":["GET"]}}],"collection":[{"href":"https:\/\/idakorea.ee\/fi\/wp-json\/wp\/v2\/product"}],"about":[{"href":"https:\/\/idakorea.ee\/fi\/wp-json\/wp\/v2\/types\/product"}],"replies":[{"embeddable":true,"href":"https:\/\/idakorea.ee\/fi\/wp-json\/wp\/v2\/comments?post=17742"}],"version-history":[{"count":1,"href":"https:\/\/idakorea.ee\/fi\/wp-json\/wp\/v2\/product\/17742\/revisions"}],"predecessor-version":[{"id":17746,"href":"https:\/\/idakorea.ee\/fi\/wp-json\/wp\/v2\/product\/17742\/revisions\/17746"}],"wp:featuredmedia":[{"embeddable":true,"href":"https:\/\/idakorea.ee\/fi\/wp-json\/wp\/v2\/media\/17745"}],"wp:attachment":[{"href":"https:\/\/idakorea.ee\/fi\/wp-json\/wp\/v2\/media?parent=17742"}],"wp:term":[{"taxonomy":"pwb-brand","embeddable":true,"href":"https:\/\/idakorea.ee\/fi\/wp-json\/wp\/v2\/pwb-brand?post=17742"},{"taxonomy":"product_brand","embeddable":true,"href":"https:\/\/idakorea.ee\/fi\/wp-json\/wp\/v2\/product_brand?post=17742"},{"taxonomy":"product_cat","embeddable":true,"href":"https:\/\/idakorea.ee\/fi\/wp-json\/wp\/v2\/product_cat?post=17742"},{"taxonomy":"product_tag","embeddable":true,"href":"https:\/\/idakorea.ee\/fi\/wp-json\/wp\/v2\/product_tag?post=17742"}],"curies":[{"name":"wp","href":"https:\/\/api.w.org\/{rel}","templated":true}]}}