{"id":17767,"date":"2026-02-16T15:17:47","date_gmt":"2026-02-16T13:17:47","guid":{"rendered":"https:\/\/idakorea.ee\/?post_type=product&#038;p=17767"},"modified":"2026-04-20T09:47:53","modified_gmt":"2026-04-20T07:47:53","slug":"sulwhasoo-white-ginseng-radiance-refining-mask-35ml","status":"publish","type":"product","link":"https:\/\/idakorea.ee\/fi\/product\/sulwhasoo-white-ginseng-radiance-refining-mask-35ml\/","title":{"rendered":"Sulwhasoo White Ginseng Radiance Refining Mask, 35ml"},"content":{"rendered":"<p data-start=\"0\" data-end=\"248\"><strong>Sulwhasoo White Ginseng Radiance Refining Mask<\/strong> on kirkastava geelinaamio, jossa on ginsengi\u00e4 ja jonka kaksivaiheinen koostumus muuttuu kuorivasta aineesta klassiseksi poispest\u00e4v\u00e4ksi naamioksi. Se pehment\u00e4\u00e4 karheaa ihoa, kiillottaa ja tasoittaa ihon mikroreliefi\u00e4.<\/p>\n<p data-start=\"250\" data-end=\"433\">Poistaa kuolleita ihosoluja ja stimuloi ihon uusiutumista. Taistelee sameaa ihoa vastaan, parantaa ihon s\u00e4vy\u00e4 ja palauttaa terveen hehkun. Puhdistaa ja normalisoi ihon hydrolipiditasapainoa.<\/p>\n<p data-start=\"435\" data-end=\"459\"><strong data-start=\"435\" data-end=\"459\">T\u00e4rkeimm\u00e4t vaikuttavat aineet:<\/strong><\/p>\n<ul>\n<li data-start=\"461\" data-end=\"683\"><strong>Ginsengin juuriuute<\/strong> on runsaasti saponiineja \u2014 orgaanisia yhdisteit\u00e4, joilla on uudistava ja nuorentava vaikutus. Ne vahvistavat ihon suojakerrosta, v\u00e4hent\u00e4v\u00e4t ilmejuonteita ja ik\u00e4ryppyj\u00e4 sek\u00e4 silottavat ja kiinteytt\u00e4v\u00e4t ihoa.<\/li>\n<li data-start=\"685\" data-end=\"926\"><strong>Murskattu saksanp\u00e4hkin\u00e4n kuori<\/strong> Kiillottaa ihoa hell\u00e4varaisesti ja tasoittaa sen rakennetta, parantaa verenkiertoa ja mikroverenkiertoa soluissa. S\u00e4\u00e4nn\u00f6llisesti k\u00e4ytettyn\u00e4 se antaa iholle terveen hehkun ja auttaa v\u00e4hent\u00e4m\u00e4\u00e4n pigmenttimuutoksia ja aknearpia.<\/li>\n<li data-start=\"928\" data-end=\"1064\"><strong>Hunaja<\/strong> torjuu aktiivisesti kuivumista, ravitsee, pehment\u00e4\u00e4 karheita alueita, vahvistaa ihon suojatoimintoja ja parantaa s\u00e4vy\u00e4.<\/li>\n<li data-start=\"1066\" data-end=\"1237\"><strong>Lotusuute<\/strong> Sis\u00e4lt\u00e4\u00e4 mineraaleja ja C-vitamiinia, tasoittaa ihon s\u00e4vy\u00e4, parantaa kimmoisuutta ja est\u00e4\u00e4 tyrosinaasientsyymi\u00e4, mik\u00e4 auttaa vaalentamaan pigmenttimuutoksia.<\/li>\n<li data-start=\"1239\" data-end=\"1389\"><strong>Valkoisen liljan uute<\/strong> Virkist\u00e4\u00e4 ja rauhoittaa ihoa, torjuu sameaa ihoa, kiinteytt\u00e4\u00e4 ja palauttaa v\u00e4syneen ihon, kirkastaa ja tasoittaa ihon s\u00e4vy\u00e4 hell\u00e4varaisesti.<\/li>\n<\/ul>\n<p data-start=\"1391\" data-end=\"1421\">\n<p data-start=\"1391\" data-end=\"1421\">Sopii kaikille ihotyypeille.<\/p>\n<p data-start=\"1423\" data-end=\"1623\"><strong data-start=\"1423\" data-end=\"1438\">K\u00e4ytt\u00f6:<\/strong> Levit\u00e4 naamio puhtaalle, kostealle iholle v\u00e4ltt\u00e4en silm\u00e4nymp\u00e4rysihoa ja huulia, ja anna vaikuttaa 5 minuuttia. Hiero kevyesti ja huuhtele. Jatka normaalia ihonhoitorutiiniasi.<\/p>","protected":false},"excerpt":{"rendered":"<p>Sulwhasoo White Ginseng Radiance Refining Mask on ginseng-voidetta sis\u00e4lt\u00e4v\u00e4 kirkastava geelinaamio, jonka kaksivaiheinen koostumus muuttuu kuorivasta aineesta klassiseksi huuhdeltavaksi naamioksi. Pehment\u00e4\u00e4 karheaa ihoa, kiillottaa ja tasoittaa ihon mikro-oireita. Poistaa kuolleita ihosoluja ja stimuloi ihon uusiutumista. Taistelee sameaa ihoa vastaan, parantaa ihon s\u00e4vy\u00e4 ja palauttaa terveen hehkun. Puhdistaa ja normalisoi ihon hydrolipiditasapainon. T\u00e4rkeimm\u00e4t vaikuttavat aineosat:\u2026<\/p>","protected":false},"featured_media":17768,"comment_status":"open","ping_status":"closed","template":"","meta":{"_uf_show_specific_survey":0,"_uf_disable_surveys":false,"_bst_post_transparent":"default","_bst_post_title":"","_bst_post_layout":"default","_bst_post_sidebar_id":"","_bst_post_content_style":"default","_bst_post_vertical_padding":"default","_bst_post_feature":"","_bst_post_feature_position":"","_bst_post_header":false,"_bst_post_footer":false},"pwb-brand":[106],"product_brand":[],"product_cat":[92,98],"product_tag":[568,554,614,758,464],"class_list":{"0":"post-17767","1":"product","2":"type-product","3":"status-publish","4":"has-post-thumbnail","6":"pwb-brand-sulwhasoo","7":"product_cat-nagu","8":"product_cat-naomaskid","9":"product_tag-korea","10":"product_tag-lux","11":"product_tag-mask","12":"product_tag-premium-korea","13":"product_tag-sulwhasoo","15":"first","16":"instock","17":"shipping-taxable","18":"purchasable","19":"product-type-simple","20":"entry","21":"content-bg","22":"loop-entry"},"supplier_id":null,"supplier_sku":"","barcode":null,"atum_controlled":true,"out_stock_date":null,"out_stock_threshold":null,"inheritable":false,"inbound_stock":0,"stock_on_hold":0,"sold_today":0,"sales_last_days":4,"out_stock_days":0,"lost_sales":0,"has_location":false,"update_date":"2026-04-24T00:09:13","atum_locations":[],"atum_stock_status":"instock","restock_status":false,"low_stock_amount":"","sales_update_date":"2026-04-24T00:09:13","calc_backorders":null,"yoast_head":"<!-- This site is optimized with the Yoast SEO plugin v27.2 - https:\/\/yoast.com\/product\/yoast-seo-wordpress\/ -->\n<title>Sulwhasoo White Ginseng Radiance Refining Mask, 35ml - IDA.KOREA<\/title>\n<meta name=\"description\" content=\"S\u00e4ra andev geelmask, millel on kahefaasiline tekstuur ja mis muutub koorijast klassikaliseks mahapestavaks maskiks. Pehmendab karedaid nahapiirkondi.\" \/>\n<meta name=\"robots\" content=\"index, follow, max-snippet:-1, max-image-preview:large, max-video-preview:-1\" \/>\n<link rel=\"canonical\" href=\"https:\/\/idakorea.ee\/fi\/product\/sulwhasoo-white-ginseng-radiance-refining-mask-35ml\/\" \/>\n<meta property=\"og:locale\" content=\"fi_FI\" \/>\n<meta property=\"og:type\" content=\"article\" \/>\n<meta property=\"og:title\" content=\"Sulwhasoo White Ginseng Radiance Refining Mask, 35ml - IDA.KOREA\" \/>\n<meta property=\"og:description\" content=\"S\u00e4ra andev geelmask, millel on kahefaasiline tekstuur ja mis muutub koorijast klassikaliseks mahapestavaks maskiks. Pehmendab karedaid nahapiirkondi.\" \/>\n<meta property=\"og:url\" content=\"https:\/\/idakorea.ee\/fi\/product\/sulwhasoo-white-ginseng-radiance-refining-mask-35ml\/\" \/>\n<meta property=\"og:site_name\" content=\"IDA.KOREA\" \/>\n<meta property=\"article:modified_time\" content=\"2026-04-20T07:47:53+00:00\" \/>\n<meta property=\"og:image\" content=\"https:\/\/idakorea.ee\/wp-content\/uploads\/2026\/02\/Sulwhasoo_-_White_Ginseng_Radiance_Refining_Mask_idakorea.png\" \/>\n\t<meta property=\"og:image:width\" content=\"1002\" \/>\n\t<meta property=\"og:image:height\" content=\"998\" \/>\n\t<meta property=\"og:image:type\" content=\"image\/png\" \/>\n<meta name=\"twitter:card\" content=\"summary_large_image\" \/>\n<meta name=\"twitter:label1\" content=\"Arvioitu lukuaika\" \/>\n\t<meta name=\"twitter:data1\" content=\"2 minuuttia\" \/>\n<script type=\"application\/ld+json\" class=\"yoast-schema-graph\">{\"@context\":\"https:\/\/schema.org\",\"@graph\":[{\"@type\":\"WebPage\",\"@id\":\"https:\/\/idakorea.ee\/product\/sulwhasoo-white-ginseng-radiance-refining-mask-35ml\/\",\"url\":\"https:\/\/idakorea.ee\/product\/sulwhasoo-white-ginseng-radiance-refining-mask-35ml\/\",\"name\":\"Sulwhasoo White Ginseng Radiance Refining Mask, 35ml - IDA.KOREA\",\"isPartOf\":{\"@id\":\"https:\/\/idakorea.ee\/#website\"},\"primaryImageOfPage\":{\"@id\":\"https:\/\/idakorea.ee\/product\/sulwhasoo-white-ginseng-radiance-refining-mask-35ml\/#primaryimage\"},\"image\":{\"@id\":\"https:\/\/idakorea.ee\/product\/sulwhasoo-white-ginseng-radiance-refining-mask-35ml\/#primaryimage\"},\"thumbnailUrl\":\"https:\/\/idakorea.ee\/wp-content\/uploads\/2026\/02\/Sulwhasoo_-_White_Ginseng_Radiance_Refining_Mask_idakorea.png\",\"datePublished\":\"2026-02-16T13:17:47+00:00\",\"dateModified\":\"2026-04-20T07:47:53+00:00\",\"description\":\"S\u00e4ra andev geelmask, millel on kahefaasiline tekstuur ja mis muutub koorijast klassikaliseks mahapestavaks maskiks. Pehmendab karedaid nahapiirkondi.\",\"breadcrumb\":{\"@id\":\"https:\/\/idakorea.ee\/product\/sulwhasoo-white-ginseng-radiance-refining-mask-35ml\/#breadcrumb\"},\"inLanguage\":\"fi\",\"potentialAction\":[{\"@type\":\"ReadAction\",\"target\":[\"https:\/\/idakorea.ee\/product\/sulwhasoo-white-ginseng-radiance-refining-mask-35ml\/\"]}]},{\"@type\":\"ImageObject\",\"inLanguage\":\"fi\",\"@id\":\"https:\/\/idakorea.ee\/product\/sulwhasoo-white-ginseng-radiance-refining-mask-35ml\/#primaryimage\",\"url\":\"https:\/\/idakorea.ee\/wp-content\/uploads\/2026\/02\/Sulwhasoo_-_White_Ginseng_Radiance_Refining_Mask_idakorea.png\",\"contentUrl\":\"https:\/\/idakorea.ee\/wp-content\/uploads\/2026\/02\/Sulwhasoo_-_White_Ginseng_Radiance_Refining_Mask_idakorea.png\",\"width\":1002,\"height\":998},{\"@type\":\"BreadcrumbList\",\"@id\":\"https:\/\/idakorea.ee\/product\/sulwhasoo-white-ginseng-radiance-refining-mask-35ml\/#breadcrumb\",\"itemListElement\":[{\"@type\":\"ListItem\",\"position\":1,\"name\":\"\u0413\u043b\u0430\u0432\u043d\u0430\u044f \u0441\u0442\u0440\u0430\u043d\u0438\u0446\u0430\",\"item\":\"https:\/\/idakorea.ee\/\"},{\"@type\":\"ListItem\",\"position\":2,\"name\":\"Shop\",\"item\":\"https:\/\/idakorea.ee\/shop-2\/\"},{\"@type\":\"ListItem\",\"position\":3,\"name\":\"\u017den\u0161enniga s\u00e4ra andev mask-koorija Sulwhasoo White Ginseng Radiance Refining Mask, 35ml\"}]},{\"@type\":\"WebSite\",\"@id\":\"https:\/\/idakorea.ee\/#website\",\"url\":\"https:\/\/idakorea.ee\/\",\"name\":\"IDA.KOREA\",\"description\":\"Korea kosmeetika e-pood\",\"publisher\":{\"@id\":\"https:\/\/idakorea.ee\/#organization\"},\"alternateName\":\"Beauty Shop\",\"potentialAction\":[{\"@type\":\"SearchAction\",\"target\":{\"@type\":\"EntryPoint\",\"urlTemplate\":\"https:\/\/idakorea.ee\/?s={search_term_string}\"},\"query-input\":{\"@type\":\"PropertyValueSpecification\",\"valueRequired\":true,\"valueName\":\"search_term_string\"}}],\"inLanguage\":\"fi\"},{\"@type\":\"Organization\",\"@id\":\"https:\/\/idakorea.ee\/#organization\",\"name\":\"IDA.KOREA\",\"url\":\"https:\/\/idakorea.ee\/\",\"logo\":{\"@type\":\"ImageObject\",\"inLanguage\":\"fi\",\"@id\":\"https:\/\/idakorea.ee\/#\/schema\/logo\/image\/\",\"url\":\"https:\/\/idakorea.ee\/wp-content\/uploads\/2024\/05\/cropped-korea3.png\",\"contentUrl\":\"https:\/\/idakorea.ee\/wp-content\/uploads\/2024\/05\/cropped-korea3.png\",\"width\":688,\"height\":126,\"caption\":\"IDA.KOREA\"},\"image\":{\"@id\":\"https:\/\/idakorea.ee\/#\/schema\/logo\/image\/\"},\"sameAs\":[\"https:\/\/www.instagram.com\/ida.korea\/\"]}]}<\/script>\n<!-- \/ Yoast SEO plugin. -->","yoast_head_json":{"title":"Sulwhasoo White Ginseng Radiance Refining Mask, 35ml - IDA.KOREA","description":"S\u00e4ra andev geelmask, millel on kahefaasiline tekstuur ja mis muutub koorijast klassikaliseks mahapestavaks maskiks. Pehmendab karedaid nahapiirkondi.","robots":{"index":"index","follow":"follow","max-snippet":"max-snippet:-1","max-image-preview":"max-image-preview:large","max-video-preview":"max-video-preview:-1"},"canonical":"https:\/\/idakorea.ee\/fi\/product\/sulwhasoo-white-ginseng-radiance-refining-mask-35ml\/","og_locale":"fi_FI","og_type":"article","og_title":"Sulwhasoo White Ginseng Radiance Refining Mask, 35ml - IDA.KOREA","og_description":"S\u00e4ra andev geelmask, millel on kahefaasiline tekstuur ja mis muutub koorijast klassikaliseks mahapestavaks maskiks. Pehmendab karedaid nahapiirkondi.","og_url":"https:\/\/idakorea.ee\/fi\/product\/sulwhasoo-white-ginseng-radiance-refining-mask-35ml\/","og_site_name":"IDA.KOREA","article_modified_time":"2026-04-20T07:47:53+00:00","og_image":[{"width":1002,"height":998,"url":"https:\/\/idakorea.ee\/wp-content\/uploads\/2026\/02\/Sulwhasoo_-_White_Ginseng_Radiance_Refining_Mask_idakorea.png","type":"image\/png"}],"twitter_card":"summary_large_image","twitter_misc":{"Arvioitu lukuaika":"2 minuuttia"},"schema":{"@context":"https:\/\/schema.org","@graph":[{"@type":"WebPage","@id":"https:\/\/idakorea.ee\/product\/sulwhasoo-white-ginseng-radiance-refining-mask-35ml\/","url":"https:\/\/idakorea.ee\/product\/sulwhasoo-white-ginseng-radiance-refining-mask-35ml\/","name":"Sulwhasoo White Ginseng Radiance Refining Mask, 35ml - IDA.KOREA","isPartOf":{"@id":"https:\/\/idakorea.ee\/#website"},"primaryImageOfPage":{"@id":"https:\/\/idakorea.ee\/product\/sulwhasoo-white-ginseng-radiance-refining-mask-35ml\/#primaryimage"},"image":{"@id":"https:\/\/idakorea.ee\/product\/sulwhasoo-white-ginseng-radiance-refining-mask-35ml\/#primaryimage"},"thumbnailUrl":"https:\/\/idakorea.ee\/wp-content\/uploads\/2026\/02\/Sulwhasoo_-_White_Ginseng_Radiance_Refining_Mask_idakorea.png","datePublished":"2026-02-16T13:17:47+00:00","dateModified":"2026-04-20T07:47:53+00:00","description":"S\u00e4ra andev geelmask, millel on kahefaasiline tekstuur ja mis muutub koorijast klassikaliseks mahapestavaks maskiks. Pehmendab karedaid nahapiirkondi.","breadcrumb":{"@id":"https:\/\/idakorea.ee\/product\/sulwhasoo-white-ginseng-radiance-refining-mask-35ml\/#breadcrumb"},"inLanguage":"fi","potentialAction":[{"@type":"ReadAction","target":["https:\/\/idakorea.ee\/product\/sulwhasoo-white-ginseng-radiance-refining-mask-35ml\/"]}]},{"@type":"ImageObject","inLanguage":"fi","@id":"https:\/\/idakorea.ee\/product\/sulwhasoo-white-ginseng-radiance-refining-mask-35ml\/#primaryimage","url":"https:\/\/idakorea.ee\/wp-content\/uploads\/2026\/02\/Sulwhasoo_-_White_Ginseng_Radiance_Refining_Mask_idakorea.png","contentUrl":"https:\/\/idakorea.ee\/wp-content\/uploads\/2026\/02\/Sulwhasoo_-_White_Ginseng_Radiance_Refining_Mask_idakorea.png","width":1002,"height":998},{"@type":"BreadcrumbList","@id":"https:\/\/idakorea.ee\/product\/sulwhasoo-white-ginseng-radiance-refining-mask-35ml\/#breadcrumb","itemListElement":[{"@type":"ListItem","position":1,"name":"\u0413\u043b\u0430\u0432\u043d\u0430\u044f \u0441\u0442\u0440\u0430\u043d\u0438\u0446\u0430","item":"https:\/\/idakorea.ee\/"},{"@type":"ListItem","position":2,"name":"Shop","item":"https:\/\/idakorea.ee\/shop-2\/"},{"@type":"ListItem","position":3,"name":"\u017den\u0161enniga s\u00e4ra andev mask-koorija Sulwhasoo White Ginseng Radiance Refining Mask, 35ml"}]},{"@type":"WebSite","@id":"https:\/\/idakorea.ee\/#website","url":"https:\/\/idakorea.ee\/","name":"IDA.KOREA","description":"Korean kosmetiikan verkkokauppa","publisher":{"@id":"https:\/\/idakorea.ee\/#organization"},"alternateName":"Beauty Shop","potentialAction":[{"@type":"SearchAction","target":{"@type":"EntryPoint","urlTemplate":"https:\/\/idakorea.ee\/?s={search_term_string}"},"query-input":{"@type":"PropertyValueSpecification","valueRequired":true,"valueName":"search_term_string"}}],"inLanguage":"fi"},{"@type":"Organization","@id":"https:\/\/idakorea.ee\/#organization","name":"IDA.KOREA","url":"https:\/\/idakorea.ee\/","logo":{"@type":"ImageObject","inLanguage":"fi","@id":"https:\/\/idakorea.ee\/#\/schema\/logo\/image\/","url":"https:\/\/idakorea.ee\/wp-content\/uploads\/2024\/05\/cropped-korea3.png","contentUrl":"https:\/\/idakorea.ee\/wp-content\/uploads\/2024\/05\/cropped-korea3.png","width":688,"height":126,"caption":"IDA.KOREA"},"image":{"@id":"https:\/\/idakorea.ee\/#\/schema\/logo\/image\/"},"sameAs":["https:\/\/www.instagram.com\/ida.korea\/"]}]}},"jetpack_sharing_enabled":true,"brands":[{"id":106,"name":"SULWHASOO","slug":"sulwhasoo"}],"_links":{"self":[{"href":"https:\/\/idakorea.ee\/fi\/wp-json\/wp\/v2\/product\/17767","targetHints":{"allow":["GET"]}}],"collection":[{"href":"https:\/\/idakorea.ee\/fi\/wp-json\/wp\/v2\/product"}],"about":[{"href":"https:\/\/idakorea.ee\/fi\/wp-json\/wp\/v2\/types\/product"}],"replies":[{"embeddable":true,"href":"https:\/\/idakorea.ee\/fi\/wp-json\/wp\/v2\/comments?post=17767"}],"version-history":[{"count":2,"href":"https:\/\/idakorea.ee\/fi\/wp-json\/wp\/v2\/product\/17767\/revisions"}],"predecessor-version":[{"id":17772,"href":"https:\/\/idakorea.ee\/fi\/wp-json\/wp\/v2\/product\/17767\/revisions\/17772"}],"wp:featuredmedia":[{"embeddable":true,"href":"https:\/\/idakorea.ee\/fi\/wp-json\/wp\/v2\/media\/17768"}],"wp:attachment":[{"href":"https:\/\/idakorea.ee\/fi\/wp-json\/wp\/v2\/media?parent=17767"}],"wp:term":[{"taxonomy":"pwb-brand","embeddable":true,"href":"https:\/\/idakorea.ee\/fi\/wp-json\/wp\/v2\/pwb-brand?post=17767"},{"taxonomy":"product_brand","embeddable":true,"href":"https:\/\/idakorea.ee\/fi\/wp-json\/wp\/v2\/product_brand?post=17767"},{"taxonomy":"product_cat","embeddable":true,"href":"https:\/\/idakorea.ee\/fi\/wp-json\/wp\/v2\/product_cat?post=17767"},{"taxonomy":"product_tag","embeddable":true,"href":"https:\/\/idakorea.ee\/fi\/wp-json\/wp\/v2\/product_tag?post=17767"}],"curies":[{"name":"wp","href":"https:\/\/api.w.org\/{rel}","templated":true}]}}