{"id":17789,"date":"2026-02-18T09:48:44","date_gmt":"2026-02-18T07:48:44","guid":{"rendered":"https:\/\/idakorea.ee\/?post_type=product&#038;p=17789"},"modified":"2026-03-12T15:45:32","modified_gmt":"2026-03-12T13:45:32","slug":"shiseido-tsubaki-premium-repair-hair-mask-pink-camellia-180-g","status":"publish","type":"product","link":"https:\/\/idakorea.ee\/fi\/product\/shiseido-tsubaki-premium-repair-hair-mask-pink-camellia-180-g\/","title":{"rendered":"Tehokkaasti palauttava hiusnaamio vaaleanpunaisella kamelialla Shiseido Tsubaki Premium Repair -hiusnaamio Pink Camellia, 180 g"},"content":{"rendered":"<p data-start=\"1577\" data-end=\"1701\">Intensiivinen palauttava hiusnaamio <strong>Shiseido Tsubaki Premium Repair Hair Mask Pink Camellia<\/strong> Syv\u00e4kosteutukseen, ravitsemiseen ja vaurioituneiden hiusten korjaamiseen, ja siin\u00e4 on herkk\u00e4 vaaleanpunaisen kamelian tuoksu. Naamio palauttaa v\u00e4litt\u00f6m\u00e4sti jopa pahasti vaurioituneet hiukset. Tuote tunkeutuu syv\u00e4lle hiuskuituun, korjaa vaurioituneita alueita ja tekee hiuksista terveemm\u00e4t ja kauniimmat.<\/p>\n<p data-start=\"1874\" data-end=\"2027\"><strong>Vaaleanpunainen kameliauute<\/strong> Kosteuttaa ja ravitsee hiuksia, ehk\u00e4isee kuivumista ja p\u00f6rr\u00f6isyytt\u00e4. Vahvistaa hiusrakennetta, suojaa katkeilulta ja rauhoittaa p\u00e4\u00e4nahkaa.<\/p>\n<p data-start=\"2029\" data-end=\"2193\">Nelj\u00e4n ainutlaatuisen teknologian ja aktiivisten ainesosien yhdistelm\u00e4n ansiosta hiuksista tulee sile\u00e4t, kiilt\u00e4v\u00e4t ja elinvoimaiset jo ensimm\u00e4isen k\u00e4ytt\u00f6kerran j\u00e4lkeen.<\/p>\n<p data-start=\"2195\" data-end=\"2304\">Naamio ei vaadi vaikutusaikaa \u2013 se voidaan huuhdella pois heti levityksen j\u00e4lkeen, jolloin tulokset s\u00e4ilyv\u00e4t erinomaisena. Rikkaasta koostumuksestaan huolimatta naamio ei tee hiuksista raskaita tai rasvaisia. Hiukset pysyv\u00e4t kevyin\u00e4, pehmein\u00e4 ja helposti kammattavina.<\/p>\n<p data-start=\"2439\" data-end=\"2539\"><strong data-start=\"2439\" data-end=\"2539\">Sopii <\/strong>kaikille hiustyypeille, erityisesti vaurioituneille, kuiville ja kemiallisesti k\u00e4sitellyille hiuksille.<\/p>\n<p data-start=\"2624\" data-end=\"2639\"><strong data-start=\"2624\" data-end=\"2639\">K\u00e4ytt\u00f6:<\/strong><\/p>\n<p data-start=\"2641\" data-end=\"2738\">Shampoopesun j\u00e4lkeen levit\u00e4 naamio kosteisiin hiuksiin. Anna vaikuttaa 2\u20133 minuuttia ja huuhtele huolellisesti. Suosittelemme k\u00e4ytt\u00f6\u00e4 1\u20132 kertaa viikossa.<\/p>","protected":false},"excerpt":{"rendered":"<p>Intensiivinen ja korjaava hiusnaamio Shiseido Tsubaki Premium Repair Hair Mask Pink Camellia syv\u00e4kosteutukseen, ravitsemiseen ja vaurioituneiden hiusten korjaamiseen. Siin\u00e4 on hienovarainen vaaleanpunaisen kamelian tuoksu. Naamio palauttaa v\u00e4litt\u00f6m\u00e4sti jopa pahasti vaurioituneet hiukset. Tuote tunkeutuu syv\u00e4lle hiuskuituun, korjaa vaurioituneet alueet ja tekee hiuksista terveemm\u00e4t ja kauniimmat. Vaaleanpunaisen kamelian uute kosteuttaa ja ravitsee hiuksia, ehk\u00e4isee kuivumista ja p\u00f6rr\u00f6isyytt\u00e4. Vahvistaa hiusten rakennetta, suojaa\u2026<\/p>","protected":false},"featured_media":17791,"comment_status":"open","ping_status":"closed","template":"","meta":{"_uf_show_specific_survey":0,"_uf_disable_surveys":false,"_bst_post_transparent":"default","_bst_post_title":"","_bst_post_layout":"default","_bst_post_sidebar_id":"","_bst_post_content_style":"default","_bst_post_vertical_padding":"default","_bst_post_feature":"","_bst_post_feature_position":"","_bst_post_header":false,"_bst_post_footer":false},"pwb-brand":[995],"product_brand":[],"product_cat":[923],"product_tag":[996,1124,937,614,1123],"class_list":{"0":"post-17789","1":"product","2":"type-product","3":"status-publish","4":"has-post-thumbnail","6":"pwb-brand-shiseido","7":"product_cat-juuksed","8":"product_tag-japan","9":"product_tag-juuksed","10":"product_tag-juuksemask","11":"product_tag-mask","12":"product_tag-tsubaki","14":"first","15":"instock","16":"sale","17":"shipping-taxable","18":"purchasable","19":"product-type-simple","20":"entry","21":"content-bg","22":"loop-entry"},"supplier_id":null,"supplier_sku":"","barcode":null,"atum_controlled":true,"out_stock_date":null,"out_stock_threshold":null,"inheritable":false,"inbound_stock":0,"stock_on_hold":0,"sold_today":0,"sales_last_days":0,"out_stock_days":0,"lost_sales":0,"has_location":false,"update_date":"2026-04-14T00:05:09","atum_locations":[],"atum_stock_status":"instock","restock_status":false,"low_stock_amount":"","sales_update_date":"2026-04-14T00:05:09","calc_backorders":null,"yoast_head":"<!-- This site is optimized with the Yoast SEO plugin v27.2 - https:\/\/yoast.com\/product\/yoast-seo-wordpress\/ -->\n<title>Shiseido Tsubaki Premium Repair Hair Mask Pink Camellia, 180 g - IDA.KOREA<\/title>\n<meta name=\"description\" content=\"Mask taastab koheselt kahjustatud juuksed, tungib s\u00fcgavale juuksekiudu, parandades kahjustatud piirkondi ning muutes juuksed tervemaks ja kaunimaks.\" \/>\n<meta name=\"robots\" content=\"index, follow, max-snippet:-1, max-image-preview:large, max-video-preview:-1\" \/>\n<link rel=\"canonical\" href=\"https:\/\/idakorea.ee\/fi\/product\/shiseido-tsubaki-premium-repair-hair-mask-pink-camellia-180-g\/\" \/>\n<meta property=\"og:locale\" content=\"fi_FI\" \/>\n<meta property=\"og:type\" content=\"article\" \/>\n<meta property=\"og:title\" content=\"Shiseido Tsubaki Premium Repair Hair Mask Pink Camellia, 180 g - IDA.KOREA\" \/>\n<meta property=\"og:description\" content=\"Mask taastab koheselt kahjustatud juuksed, tungib s\u00fcgavale juuksekiudu, parandades kahjustatud piirkondi ning muutes juuksed tervemaks ja kaunimaks.\" \/>\n<meta property=\"og:url\" content=\"https:\/\/idakorea.ee\/fi\/product\/shiseido-tsubaki-premium-repair-hair-mask-pink-camellia-180-g\/\" \/>\n<meta property=\"og:site_name\" content=\"IDA.KOREA\" \/>\n<meta property=\"article:modified_time\" content=\"2026-03-12T13:45:32+00:00\" \/>\n<meta property=\"og:image\" content=\"https:\/\/idakorea.ee\/wp-content\/uploads\/2026\/02\/shiseido-tsubaki-camellia-mask-idakorea.jpg\" \/>\n\t<meta property=\"og:image:width\" content=\"1024\" \/>\n\t<meta property=\"og:image:height\" content=\"768\" \/>\n\t<meta property=\"og:image:type\" content=\"image\/jpeg\" \/>\n<meta name=\"twitter:card\" content=\"summary_large_image\" \/>\n<meta name=\"twitter:label1\" content=\"Arvioitu lukuaika\" \/>\n\t<meta name=\"twitter:data1\" content=\"1 minuutti\" \/>\n<script type=\"application\/ld+json\" class=\"yoast-schema-graph\">{\"@context\":\"https:\/\/schema.org\",\"@graph\":[{\"@type\":\"WebPage\",\"@id\":\"https:\/\/idakorea.ee\/product\/shiseido-tsubaki-premium-repair-hair-mask-pink-camellia-180-g\/\",\"url\":\"https:\/\/idakorea.ee\/product\/shiseido-tsubaki-premium-repair-hair-mask-pink-camellia-180-g\/\",\"name\":\"Shiseido Tsubaki Premium Repair Hair Mask Pink Camellia, 180 g - IDA.KOREA\",\"isPartOf\":{\"@id\":\"https:\/\/idakorea.ee\/#website\"},\"primaryImageOfPage\":{\"@id\":\"https:\/\/idakorea.ee\/product\/shiseido-tsubaki-premium-repair-hair-mask-pink-camellia-180-g\/#primaryimage\"},\"image\":{\"@id\":\"https:\/\/idakorea.ee\/product\/shiseido-tsubaki-premium-repair-hair-mask-pink-camellia-180-g\/#primaryimage\"},\"thumbnailUrl\":\"https:\/\/idakorea.ee\/wp-content\/uploads\/2026\/02\/shiseido-tsubaki-camellia-mask-idakorea.jpg\",\"datePublished\":\"2026-02-18T07:48:44+00:00\",\"dateModified\":\"2026-03-12T13:45:32+00:00\",\"description\":\"Mask taastab koheselt kahjustatud juuksed, tungib s\u00fcgavale juuksekiudu, parandades kahjustatud piirkondi ning muutes juuksed tervemaks ja kaunimaks.\",\"breadcrumb\":{\"@id\":\"https:\/\/idakorea.ee\/product\/shiseido-tsubaki-premium-repair-hair-mask-pink-camellia-180-g\/#breadcrumb\"},\"inLanguage\":\"fi\",\"potentialAction\":[{\"@type\":\"ReadAction\",\"target\":[\"https:\/\/idakorea.ee\/product\/shiseido-tsubaki-premium-repair-hair-mask-pink-camellia-180-g\/\"]}]},{\"@type\":\"ImageObject\",\"inLanguage\":\"fi\",\"@id\":\"https:\/\/idakorea.ee\/product\/shiseido-tsubaki-premium-repair-hair-mask-pink-camellia-180-g\/#primaryimage\",\"url\":\"https:\/\/idakorea.ee\/wp-content\/uploads\/2026\/02\/shiseido-tsubaki-camellia-mask-idakorea.jpg\",\"contentUrl\":\"https:\/\/idakorea.ee\/wp-content\/uploads\/2026\/02\/shiseido-tsubaki-camellia-mask-idakorea.jpg\",\"width\":1024,\"height\":768},{\"@type\":\"BreadcrumbList\",\"@id\":\"https:\/\/idakorea.ee\/product\/shiseido-tsubaki-premium-repair-hair-mask-pink-camellia-180-g\/#breadcrumb\",\"itemListElement\":[{\"@type\":\"ListItem\",\"position\":1,\"name\":\"\u0413\u043b\u0430\u0432\u043d\u0430\u044f \u0441\u0442\u0440\u0430\u043d\u0438\u0446\u0430\",\"item\":\"https:\/\/idakorea.ee\/\"},{\"@type\":\"ListItem\",\"position\":2,\"name\":\"Shop\",\"item\":\"https:\/\/idakorea.ee\/shop-2\/\"},{\"@type\":\"ListItem\",\"position\":3,\"name\":\"Intensiivselt taastav juuksemask roosa kameeliaga Shiseido Tsubaki Premium Repair Hair Mask Pink Camellia, 180 g\"}]},{\"@type\":\"WebSite\",\"@id\":\"https:\/\/idakorea.ee\/#website\",\"url\":\"https:\/\/idakorea.ee\/\",\"name\":\"IDA.KOREA\",\"description\":\"Korea kosmeetika e-pood\",\"publisher\":{\"@id\":\"https:\/\/idakorea.ee\/#organization\"},\"alternateName\":\"Beauty Shop\",\"potentialAction\":[{\"@type\":\"SearchAction\",\"target\":{\"@type\":\"EntryPoint\",\"urlTemplate\":\"https:\/\/idakorea.ee\/?s={search_term_string}\"},\"query-input\":{\"@type\":\"PropertyValueSpecification\",\"valueRequired\":true,\"valueName\":\"search_term_string\"}}],\"inLanguage\":\"fi\"},{\"@type\":\"Organization\",\"@id\":\"https:\/\/idakorea.ee\/#organization\",\"name\":\"IDA.KOREA\",\"url\":\"https:\/\/idakorea.ee\/\",\"logo\":{\"@type\":\"ImageObject\",\"inLanguage\":\"fi\",\"@id\":\"https:\/\/idakorea.ee\/#\/schema\/logo\/image\/\",\"url\":\"https:\/\/idakorea.ee\/wp-content\/uploads\/2024\/05\/cropped-korea3.png\",\"contentUrl\":\"https:\/\/idakorea.ee\/wp-content\/uploads\/2024\/05\/cropped-korea3.png\",\"width\":688,\"height\":126,\"caption\":\"IDA.KOREA\"},\"image\":{\"@id\":\"https:\/\/idakorea.ee\/#\/schema\/logo\/image\/\"},\"sameAs\":[\"https:\/\/www.instagram.com\/ida.korea\/\"]}]}<\/script>\n<!-- \/ Yoast SEO plugin. -->","yoast_head_json":{"title":"Shiseido Tsubaki Premium Repair Hair Mask Pink Camellia, 180 g - IDA.KOREA","description":"Mask taastab koheselt kahjustatud juuksed, tungib s\u00fcgavale juuksekiudu, parandades kahjustatud piirkondi ning muutes juuksed tervemaks ja kaunimaks.","robots":{"index":"index","follow":"follow","max-snippet":"max-snippet:-1","max-image-preview":"max-image-preview:large","max-video-preview":"max-video-preview:-1"},"canonical":"https:\/\/idakorea.ee\/fi\/product\/shiseido-tsubaki-premium-repair-hair-mask-pink-camellia-180-g\/","og_locale":"fi_FI","og_type":"article","og_title":"Shiseido Tsubaki Premium Repair Hair Mask Pink Camellia, 180 g - IDA.KOREA","og_description":"Mask taastab koheselt kahjustatud juuksed, tungib s\u00fcgavale juuksekiudu, parandades kahjustatud piirkondi ning muutes juuksed tervemaks ja kaunimaks.","og_url":"https:\/\/idakorea.ee\/fi\/product\/shiseido-tsubaki-premium-repair-hair-mask-pink-camellia-180-g\/","og_site_name":"IDA.KOREA","article_modified_time":"2026-03-12T13:45:32+00:00","og_image":[{"width":1024,"height":768,"url":"https:\/\/idakorea.ee\/wp-content\/uploads\/2026\/02\/shiseido-tsubaki-camellia-mask-idakorea.jpg","type":"image\/jpeg"}],"twitter_card":"summary_large_image","twitter_misc":{"Arvioitu lukuaika":"1 minuutti"},"schema":{"@context":"https:\/\/schema.org","@graph":[{"@type":"WebPage","@id":"https:\/\/idakorea.ee\/product\/shiseido-tsubaki-premium-repair-hair-mask-pink-camellia-180-g\/","url":"https:\/\/idakorea.ee\/product\/shiseido-tsubaki-premium-repair-hair-mask-pink-camellia-180-g\/","name":"Shiseido Tsubaki Premium Repair Hair Mask Pink Camellia, 180 g - IDA.KOREA","isPartOf":{"@id":"https:\/\/idakorea.ee\/#website"},"primaryImageOfPage":{"@id":"https:\/\/idakorea.ee\/product\/shiseido-tsubaki-premium-repair-hair-mask-pink-camellia-180-g\/#primaryimage"},"image":{"@id":"https:\/\/idakorea.ee\/product\/shiseido-tsubaki-premium-repair-hair-mask-pink-camellia-180-g\/#primaryimage"},"thumbnailUrl":"https:\/\/idakorea.ee\/wp-content\/uploads\/2026\/02\/shiseido-tsubaki-camellia-mask-idakorea.jpg","datePublished":"2026-02-18T07:48:44+00:00","dateModified":"2026-03-12T13:45:32+00:00","description":"Mask taastab koheselt kahjustatud juuksed, tungib s\u00fcgavale juuksekiudu, parandades kahjustatud piirkondi ning muutes juuksed tervemaks ja kaunimaks.","breadcrumb":{"@id":"https:\/\/idakorea.ee\/product\/shiseido-tsubaki-premium-repair-hair-mask-pink-camellia-180-g\/#breadcrumb"},"inLanguage":"fi","potentialAction":[{"@type":"ReadAction","target":["https:\/\/idakorea.ee\/product\/shiseido-tsubaki-premium-repair-hair-mask-pink-camellia-180-g\/"]}]},{"@type":"ImageObject","inLanguage":"fi","@id":"https:\/\/idakorea.ee\/product\/shiseido-tsubaki-premium-repair-hair-mask-pink-camellia-180-g\/#primaryimage","url":"https:\/\/idakorea.ee\/wp-content\/uploads\/2026\/02\/shiseido-tsubaki-camellia-mask-idakorea.jpg","contentUrl":"https:\/\/idakorea.ee\/wp-content\/uploads\/2026\/02\/shiseido-tsubaki-camellia-mask-idakorea.jpg","width":1024,"height":768},{"@type":"BreadcrumbList","@id":"https:\/\/idakorea.ee\/product\/shiseido-tsubaki-premium-repair-hair-mask-pink-camellia-180-g\/#breadcrumb","itemListElement":[{"@type":"ListItem","position":1,"name":"\u0413\u043b\u0430\u0432\u043d\u0430\u044f \u0441\u0442\u0440\u0430\u043d\u0438\u0446\u0430","item":"https:\/\/idakorea.ee\/"},{"@type":"ListItem","position":2,"name":"Shop","item":"https:\/\/idakorea.ee\/shop-2\/"},{"@type":"ListItem","position":3,"name":"Intensiivselt taastav juuksemask roosa kameeliaga Shiseido Tsubaki Premium Repair Hair Mask Pink Camellia, 180 g"}]},{"@type":"WebSite","@id":"https:\/\/idakorea.ee\/#website","url":"https:\/\/idakorea.ee\/","name":"IDA.KOREA","description":"Korean kosmetiikan verkkokauppa","publisher":{"@id":"https:\/\/idakorea.ee\/#organization"},"alternateName":"Beauty Shop","potentialAction":[{"@type":"SearchAction","target":{"@type":"EntryPoint","urlTemplate":"https:\/\/idakorea.ee\/?s={search_term_string}"},"query-input":{"@type":"PropertyValueSpecification","valueRequired":true,"valueName":"search_term_string"}}],"inLanguage":"fi"},{"@type":"Organization","@id":"https:\/\/idakorea.ee\/#organization","name":"IDA.KOREA","url":"https:\/\/idakorea.ee\/","logo":{"@type":"ImageObject","inLanguage":"fi","@id":"https:\/\/idakorea.ee\/#\/schema\/logo\/image\/","url":"https:\/\/idakorea.ee\/wp-content\/uploads\/2024\/05\/cropped-korea3.png","contentUrl":"https:\/\/idakorea.ee\/wp-content\/uploads\/2024\/05\/cropped-korea3.png","width":688,"height":126,"caption":"IDA.KOREA"},"image":{"@id":"https:\/\/idakorea.ee\/#\/schema\/logo\/image\/"},"sameAs":["https:\/\/www.instagram.com\/ida.korea\/"]}]}},"jetpack_sharing_enabled":true,"brands":[{"id":995,"name":"SHISEIDO","slug":"shiseido"}],"_links":{"self":[{"href":"https:\/\/idakorea.ee\/fi\/wp-json\/wp\/v2\/product\/17789","targetHints":{"allow":["GET"]}}],"collection":[{"href":"https:\/\/idakorea.ee\/fi\/wp-json\/wp\/v2\/product"}],"about":[{"href":"https:\/\/idakorea.ee\/fi\/wp-json\/wp\/v2\/types\/product"}],"replies":[{"embeddable":true,"href":"https:\/\/idakorea.ee\/fi\/wp-json\/wp\/v2\/comments?post=17789"}],"version-history":[{"count":2,"href":"https:\/\/idakorea.ee\/fi\/wp-json\/wp\/v2\/product\/17789\/revisions"}],"predecessor-version":[{"id":18055,"href":"https:\/\/idakorea.ee\/fi\/wp-json\/wp\/v2\/product\/17789\/revisions\/18055"}],"wp:featuredmedia":[{"embeddable":true,"href":"https:\/\/idakorea.ee\/fi\/wp-json\/wp\/v2\/media\/17791"}],"wp:attachment":[{"href":"https:\/\/idakorea.ee\/fi\/wp-json\/wp\/v2\/media?parent=17789"}],"wp:term":[{"taxonomy":"pwb-brand","embeddable":true,"href":"https:\/\/idakorea.ee\/fi\/wp-json\/wp\/v2\/pwb-brand?post=17789"},{"taxonomy":"product_brand","embeddable":true,"href":"https:\/\/idakorea.ee\/fi\/wp-json\/wp\/v2\/product_brand?post=17789"},{"taxonomy":"product_cat","embeddable":true,"href":"https:\/\/idakorea.ee\/fi\/wp-json\/wp\/v2\/product_cat?post=17789"},{"taxonomy":"product_tag","embeddable":true,"href":"https:\/\/idakorea.ee\/fi\/wp-json\/wp\/v2\/product_tag?post=17789"}],"curies":[{"name":"wp","href":"https:\/\/api.w.org\/{rel}","templated":true}]}}