{"id":17806,"date":"2026-02-18T15:37:40","date_gmt":"2026-02-18T13:37:40","guid":{"rendered":"https:\/\/idakorea.ee\/?post_type=product&#038;p=17806"},"modified":"2026-02-18T15:37:41","modified_gmt":"2026-02-18T13:37:41","slug":"arencia-holy-hyssop-sheet-mask","status":"publish","type":"product","link":"https:\/\/idakorea.ee\/fi\/product\/arencia-holy-hyssop-sheet-mask\/","title":{"rendered":"Arencia Holy Hyssop Sheet Mask"},"content":{"rendered":"<p data-start=\"0\" data-end=\"281\"><strong data-start=\"0\" data-end=\"56\">Arencia Holy Hyssop Sheet Mask <\/strong>Kirkastava kangasnaamio torjuu tehokkaasti sameaa ja ep\u00e4tasaista ihons\u00e4vy\u00e4, v\u00e4hent\u00e4\u00e4 hyperpigmentaatiota, tasoittaa ja kirkastaa ihon s\u00e4vy\u00e4. Se my\u00f6s ravitsee ja rauhoittaa ihoa, auttaa silottamaan hienoja juonteita ja ryppyj\u00e4 sek\u00e4 vahvistaa ihon kimmoisuutta.<\/p>\n<p data-start=\"283\" data-end=\"827\">Naamio on t\u00e4ynn\u00e4 niasiiniamidia sis\u00e4lt\u00e4v\u00e4\u00e4 seerumia, jolla on voimakas kirkastava ja tulehdusta ehk\u00e4isev\u00e4 vaikutus. Niasiiniamidi on yksi kosmetiikan suosituimmista antioksidanteista, joka auttaa suojaamaan ihoa ulkoisilta tekij\u00f6ilt\u00e4 ja yll\u00e4pit\u00e4m\u00e4\u00e4n sen nuorekkuutta. Se est\u00e4\u00e4 melaniinin tuotantoa soluissa, mik\u00e4 auttaa v\u00e4hent\u00e4m\u00e4\u00e4n ei-toivottua pigmentaatiota ja aknen j\u00e4lkeisi\u00e4 arpia. Niasiiniamidi auttaa my\u00f6s s\u00e4\u00e4telem\u00e4\u00e4n talin erityst\u00e4 ja v\u00e4hent\u00e4m\u00e4\u00e4n ihon rasvaisuutta, mik\u00e4 tekee siit\u00e4 tehokkaan aknea ja tukkeutuneiden ihohuokosten aiheuttamaa tulehdusta vastaan.<\/p>\n<p data-start=\"829\" data-end=\"1022\">T\u00e4m\u00e4 koostumus sis\u00e4lt\u00e4\u00e4 vitamiinikompleksin, joka auttaa kohdistamaan huomiota sameaan ja ep\u00e4tasaiseen ihons\u00e4vyyn, v\u00e4hent\u00e4\u00e4 pigmenttimuutoksia, tasoittaa ja kirkastaa ihoa antaen sille s\u00e4teilev\u00e4n ja terveen hehkun.<\/p>\n<p data-start=\"1024\" data-end=\"1211\">Peptidikompleksi auttaa v\u00e4hent\u00e4m\u00e4\u00e4n olemassa olevia ryppyj\u00e4 ja est\u00e4m\u00e4\u00e4n uusien muodostumista, kiinteytt\u00e4\u00e4 ihoa ja hidastaa ik\u00e4\u00e4ntymisprosessia, kosteuttaa ja ravitsee sek\u00e4 parantaa ihon kimmoisuutta ja vahvuutta.<\/p>\n<p data-start=\"1213\" data-end=\"1247\">Sopii kaikille ihotyypeille.<\/p>\n<p data-start=\"1249\" data-end=\"1491\"><strong data-start=\"1249\" data-end=\"1264\">K\u00e4ytt\u00f6:<\/strong><br data-start=\"1264\" data-end=\"1267\" \/>Levit\u00e4 naamio puhdistetulle ja kasvovedelle iholle v\u00e4ltt\u00e4en silm\u00e4nymp\u00e4rysihoa ja huulia. Anna vaikuttaa 15\u201320 minuuttia. Poista naamio ja hiero j\u00e4ljelle j\u00e4\u00e4nyt voide hell\u00e4varaisesti ihoon, kunnes se on t\u00e4ysin imeytynyt.<\/p>","protected":false},"excerpt":{"rendered":"<p>Arencia Holy Hyssop -kangasnaamio on kirkastava kangasnaamio, joka torjuu tehokkaasti sameaa ja ep\u00e4tasaista ihons\u00e4vy\u00e4, v\u00e4hent\u00e4\u00e4 hyperpigmentaatiota, tasoittaa ja kirkastaa ihon s\u00e4vy\u00e4. Se my\u00f6s ravitsee ja rauhoittaa ihoa, auttaa silottamaan hienoja juonteita ja ryppyj\u00e4 sek\u00e4 vahvistaa ihon kimmoisuutta. Naamio on t\u00e4ynn\u00e4 niasiiniamidia sis\u00e4lt\u00e4v\u00e4\u00e4 korkeapitoista seerumia, jolla on voimakas kirkastava ja tulehdusta ehk\u00e4isev\u00e4 vaikutus. Niasiiniamidi on yksi suosituimmista\u2026<\/p>","protected":false},"featured_media":17809,"comment_status":"open","ping_status":"closed","template":"","meta":{"_uf_show_specific_survey":0,"_uf_disable_surveys":false,"_bst_post_transparent":"default","_bst_post_title":"","_bst_post_layout":"default","_bst_post_sidebar_id":"","_bst_post_content_style":"default","_bst_post_vertical_padding":"default","_bst_post_feature":"","_bst_post_feature_position":"","_bst_post_header":false,"_bst_post_footer":false},"pwb-brand":[821],"product_brand":[],"product_cat":[92,98],"product_tag":[822,568,614],"class_list":{"0":"post-17806","1":"product","2":"type-product","3":"status-publish","4":"has-post-thumbnail","6":"pwb-brand-arencia","7":"product_cat-nagu","8":"product_cat-naomaskid","9":"product_tag-arencia","10":"product_tag-korea","11":"product_tag-mask","13":"first","14":"instock","15":"sale","16":"shipping-taxable","17":"purchasable","18":"product-type-simple","19":"entry","20":"content-bg","21":"loop-entry"},"supplier_id":null,"supplier_sku":"","barcode":null,"atum_controlled":true,"out_stock_date":null,"out_stock_threshold":null,"inheritable":false,"inbound_stock":0,"stock_on_hold":0,"sold_today":0,"sales_last_days":0,"out_stock_days":0,"lost_sales":0,"has_location":false,"update_date":"2026-04-14T00:05:09","atum_locations":[],"atum_stock_status":"instock","restock_status":false,"low_stock_amount":"","sales_update_date":"2026-04-14T00:05:09","calc_backorders":null,"yoast_head":"<!-- This site is optimized with the Yoast SEO plugin v27.2 - https:\/\/yoast.com\/product\/yoast-seo-wordpress\/ -->\n<title>Arencia Holy Hyssop Sheet Mask - IDA.KOREA<\/title>\n<meta name=\"description\" content=\"S\u00e4ra andev kangasmask aitab t\u00f5husalt v\u00f5idelda tuhmi ja eba\u00fchtlase nahatooniga, v\u00e4hendab h\u00fcperpigmentatsiooni, \u00fchtlustab ja helendab nahatooni.\" \/>\n<meta name=\"robots\" content=\"index, follow, max-snippet:-1, max-image-preview:large, max-video-preview:-1\" \/>\n<link rel=\"canonical\" href=\"https:\/\/idakorea.ee\/fi\/product\/arencia-holy-hyssop-sheet-mask\/\" \/>\n<meta property=\"og:locale\" content=\"fi_FI\" \/>\n<meta property=\"og:type\" content=\"article\" \/>\n<meta property=\"og:title\" content=\"Arencia Holy Hyssop Sheet Mask - IDA.KOREA\" \/>\n<meta property=\"og:description\" content=\"S\u00e4ra andev kangasmask aitab t\u00f5husalt v\u00f5idelda tuhmi ja eba\u00fchtlase nahatooniga, v\u00e4hendab h\u00fcperpigmentatsiooni, \u00fchtlustab ja helendab nahatooni.\" \/>\n<meta property=\"og:url\" content=\"https:\/\/idakorea.ee\/fi\/product\/arencia-holy-hyssop-sheet-mask\/\" \/>\n<meta property=\"og:site_name\" content=\"IDA.KOREA\" \/>\n<meta property=\"article:modified_time\" content=\"2026-02-18T13:37:41+00:00\" \/>\n<meta property=\"og:image\" content=\"https:\/\/idakorea.ee\/wp-content\/uploads\/2026\/02\/arencia-mask-idakorea.webp\" \/>\n\t<meta property=\"og:image:width\" content=\"1500\" \/>\n\t<meta property=\"og:image:height\" content=\"1500\" \/>\n\t<meta property=\"og:image:type\" content=\"image\/webp\" \/>\n<meta name=\"twitter:card\" content=\"summary_large_image\" \/>\n<meta name=\"twitter:label1\" content=\"Arvioitu lukuaika\" \/>\n\t<meta name=\"twitter:data1\" content=\"2 minuuttia\" \/>\n<script type=\"application\/ld+json\" class=\"yoast-schema-graph\">{\"@context\":\"https:\/\/schema.org\",\"@graph\":[{\"@type\":\"WebPage\",\"@id\":\"https:\/\/idakorea.ee\/product\/arencia-holy-hyssop-sheet-mask\/\",\"url\":\"https:\/\/idakorea.ee\/product\/arencia-holy-hyssop-sheet-mask\/\",\"name\":\"Arencia Holy Hyssop Sheet Mask - IDA.KOREA\",\"isPartOf\":{\"@id\":\"https:\/\/idakorea.ee\/#website\"},\"primaryImageOfPage\":{\"@id\":\"https:\/\/idakorea.ee\/product\/arencia-holy-hyssop-sheet-mask\/#primaryimage\"},\"image\":{\"@id\":\"https:\/\/idakorea.ee\/product\/arencia-holy-hyssop-sheet-mask\/#primaryimage\"},\"thumbnailUrl\":\"https:\/\/idakorea.ee\/wp-content\/uploads\/2026\/02\/arencia-mask-idakorea.webp\",\"datePublished\":\"2026-02-18T13:37:40+00:00\",\"dateModified\":\"2026-02-18T13:37:41+00:00\",\"description\":\"S\u00e4ra andev kangasmask aitab t\u00f5husalt v\u00f5idelda tuhmi ja eba\u00fchtlase nahatooniga, v\u00e4hendab h\u00fcperpigmentatsiooni, \u00fchtlustab ja helendab nahatooni.\",\"breadcrumb\":{\"@id\":\"https:\/\/idakorea.ee\/product\/arencia-holy-hyssop-sheet-mask\/#breadcrumb\"},\"inLanguage\":\"fi\",\"potentialAction\":[{\"@type\":\"ReadAction\",\"target\":[\"https:\/\/idakorea.ee\/product\/arencia-holy-hyssop-sheet-mask\/\"]}]},{\"@type\":\"ImageObject\",\"inLanguage\":\"fi\",\"@id\":\"https:\/\/idakorea.ee\/product\/arencia-holy-hyssop-sheet-mask\/#primaryimage\",\"url\":\"https:\/\/idakorea.ee\/wp-content\/uploads\/2026\/02\/arencia-mask-idakorea.webp\",\"contentUrl\":\"https:\/\/idakorea.ee\/wp-content\/uploads\/2026\/02\/arencia-mask-idakorea.webp\",\"width\":1500,\"height\":1500},{\"@type\":\"BreadcrumbList\",\"@id\":\"https:\/\/idakorea.ee\/product\/arencia-holy-hyssop-sheet-mask\/#breadcrumb\",\"itemListElement\":[{\"@type\":\"ListItem\",\"position\":1,\"name\":\"\u0413\u043b\u0430\u0432\u043d\u0430\u044f \u0441\u0442\u0440\u0430\u043d\u0438\u0446\u0430\",\"item\":\"https:\/\/idakorea.ee\/\"},{\"@type\":\"ListItem\",\"position\":2,\"name\":\"Shop\",\"item\":\"https:\/\/idakorea.ee\/shop-2\/\"},{\"@type\":\"ListItem\",\"position\":3,\"name\":\"S\u00e4ra andev kangasmask Arencia Holy Hyssop Sheet Mask\"}]},{\"@type\":\"WebSite\",\"@id\":\"https:\/\/idakorea.ee\/#website\",\"url\":\"https:\/\/idakorea.ee\/\",\"name\":\"IDA.KOREA\",\"description\":\"Korea kosmeetika e-pood\",\"publisher\":{\"@id\":\"https:\/\/idakorea.ee\/#organization\"},\"alternateName\":\"Beauty Shop\",\"potentialAction\":[{\"@type\":\"SearchAction\",\"target\":{\"@type\":\"EntryPoint\",\"urlTemplate\":\"https:\/\/idakorea.ee\/?s={search_term_string}\"},\"query-input\":{\"@type\":\"PropertyValueSpecification\",\"valueRequired\":true,\"valueName\":\"search_term_string\"}}],\"inLanguage\":\"fi\"},{\"@type\":\"Organization\",\"@id\":\"https:\/\/idakorea.ee\/#organization\",\"name\":\"IDA.KOREA\",\"url\":\"https:\/\/idakorea.ee\/\",\"logo\":{\"@type\":\"ImageObject\",\"inLanguage\":\"fi\",\"@id\":\"https:\/\/idakorea.ee\/#\/schema\/logo\/image\/\",\"url\":\"https:\/\/idakorea.ee\/wp-content\/uploads\/2024\/05\/cropped-korea3.png\",\"contentUrl\":\"https:\/\/idakorea.ee\/wp-content\/uploads\/2024\/05\/cropped-korea3.png\",\"width\":688,\"height\":126,\"caption\":\"IDA.KOREA\"},\"image\":{\"@id\":\"https:\/\/idakorea.ee\/#\/schema\/logo\/image\/\"},\"sameAs\":[\"https:\/\/www.instagram.com\/ida.korea\/\"]}]}<\/script>\n<!-- \/ Yoast SEO plugin. -->","yoast_head_json":{"title":"Arencia Holy Hyssop Sheet Mask - IDA.KOREA","description":"S\u00e4ra andev kangasmask aitab t\u00f5husalt v\u00f5idelda tuhmi ja eba\u00fchtlase nahatooniga, v\u00e4hendab h\u00fcperpigmentatsiooni, \u00fchtlustab ja helendab nahatooni.","robots":{"index":"index","follow":"follow","max-snippet":"max-snippet:-1","max-image-preview":"max-image-preview:large","max-video-preview":"max-video-preview:-1"},"canonical":"https:\/\/idakorea.ee\/fi\/product\/arencia-holy-hyssop-sheet-mask\/","og_locale":"fi_FI","og_type":"article","og_title":"Arencia Holy Hyssop Sheet Mask - IDA.KOREA","og_description":"S\u00e4ra andev kangasmask aitab t\u00f5husalt v\u00f5idelda tuhmi ja eba\u00fchtlase nahatooniga, v\u00e4hendab h\u00fcperpigmentatsiooni, \u00fchtlustab ja helendab nahatooni.","og_url":"https:\/\/idakorea.ee\/fi\/product\/arencia-holy-hyssop-sheet-mask\/","og_site_name":"IDA.KOREA","article_modified_time":"2026-02-18T13:37:41+00:00","og_image":[{"width":1500,"height":1500,"url":"https:\/\/idakorea.ee\/wp-content\/uploads\/2026\/02\/arencia-mask-idakorea.webp","type":"image\/webp"}],"twitter_card":"summary_large_image","twitter_misc":{"Arvioitu lukuaika":"2 minuuttia"},"schema":{"@context":"https:\/\/schema.org","@graph":[{"@type":"WebPage","@id":"https:\/\/idakorea.ee\/product\/arencia-holy-hyssop-sheet-mask\/","url":"https:\/\/idakorea.ee\/product\/arencia-holy-hyssop-sheet-mask\/","name":"Arencia Holy Hyssop Sheet Mask - IDA.KOREA","isPartOf":{"@id":"https:\/\/idakorea.ee\/#website"},"primaryImageOfPage":{"@id":"https:\/\/idakorea.ee\/product\/arencia-holy-hyssop-sheet-mask\/#primaryimage"},"image":{"@id":"https:\/\/idakorea.ee\/product\/arencia-holy-hyssop-sheet-mask\/#primaryimage"},"thumbnailUrl":"https:\/\/idakorea.ee\/wp-content\/uploads\/2026\/02\/arencia-mask-idakorea.webp","datePublished":"2026-02-18T13:37:40+00:00","dateModified":"2026-02-18T13:37:41+00:00","description":"S\u00e4ra andev kangasmask aitab t\u00f5husalt v\u00f5idelda tuhmi ja eba\u00fchtlase nahatooniga, v\u00e4hendab h\u00fcperpigmentatsiooni, \u00fchtlustab ja helendab nahatooni.","breadcrumb":{"@id":"https:\/\/idakorea.ee\/product\/arencia-holy-hyssop-sheet-mask\/#breadcrumb"},"inLanguage":"fi","potentialAction":[{"@type":"ReadAction","target":["https:\/\/idakorea.ee\/product\/arencia-holy-hyssop-sheet-mask\/"]}]},{"@type":"ImageObject","inLanguage":"fi","@id":"https:\/\/idakorea.ee\/product\/arencia-holy-hyssop-sheet-mask\/#primaryimage","url":"https:\/\/idakorea.ee\/wp-content\/uploads\/2026\/02\/arencia-mask-idakorea.webp","contentUrl":"https:\/\/idakorea.ee\/wp-content\/uploads\/2026\/02\/arencia-mask-idakorea.webp","width":1500,"height":1500},{"@type":"BreadcrumbList","@id":"https:\/\/idakorea.ee\/product\/arencia-holy-hyssop-sheet-mask\/#breadcrumb","itemListElement":[{"@type":"ListItem","position":1,"name":"\u0413\u043b\u0430\u0432\u043d\u0430\u044f \u0441\u0442\u0440\u0430\u043d\u0438\u0446\u0430","item":"https:\/\/idakorea.ee\/"},{"@type":"ListItem","position":2,"name":"Shop","item":"https:\/\/idakorea.ee\/shop-2\/"},{"@type":"ListItem","position":3,"name":"S\u00e4ra andev kangasmask Arencia Holy Hyssop Sheet Mask"}]},{"@type":"WebSite","@id":"https:\/\/idakorea.ee\/#website","url":"https:\/\/idakorea.ee\/","name":"IDA.KOREA","description":"Korean kosmetiikan verkkokauppa","publisher":{"@id":"https:\/\/idakorea.ee\/#organization"},"alternateName":"Beauty Shop","potentialAction":[{"@type":"SearchAction","target":{"@type":"EntryPoint","urlTemplate":"https:\/\/idakorea.ee\/?s={search_term_string}"},"query-input":{"@type":"PropertyValueSpecification","valueRequired":true,"valueName":"search_term_string"}}],"inLanguage":"fi"},{"@type":"Organization","@id":"https:\/\/idakorea.ee\/#organization","name":"IDA.KOREA","url":"https:\/\/idakorea.ee\/","logo":{"@type":"ImageObject","inLanguage":"fi","@id":"https:\/\/idakorea.ee\/#\/schema\/logo\/image\/","url":"https:\/\/idakorea.ee\/wp-content\/uploads\/2024\/05\/cropped-korea3.png","contentUrl":"https:\/\/idakorea.ee\/wp-content\/uploads\/2024\/05\/cropped-korea3.png","width":688,"height":126,"caption":"IDA.KOREA"},"image":{"@id":"https:\/\/idakorea.ee\/#\/schema\/logo\/image\/"},"sameAs":["https:\/\/www.instagram.com\/ida.korea\/"]}]}},"jetpack_sharing_enabled":true,"brands":[{"id":821,"name":"ARENCIA","slug":"arencia"}],"_links":{"self":[{"href":"https:\/\/idakorea.ee\/fi\/wp-json\/wp\/v2\/product\/17806","targetHints":{"allow":["GET"]}}],"collection":[{"href":"https:\/\/idakorea.ee\/fi\/wp-json\/wp\/v2\/product"}],"about":[{"href":"https:\/\/idakorea.ee\/fi\/wp-json\/wp\/v2\/types\/product"}],"replies":[{"embeddable":true,"href":"https:\/\/idakorea.ee\/fi\/wp-json\/wp\/v2\/comments?post=17806"}],"version-history":[{"count":1,"href":"https:\/\/idakorea.ee\/fi\/wp-json\/wp\/v2\/product\/17806\/revisions"}],"predecessor-version":[{"id":17810,"href":"https:\/\/idakorea.ee\/fi\/wp-json\/wp\/v2\/product\/17806\/revisions\/17810"}],"wp:featuredmedia":[{"embeddable":true,"href":"https:\/\/idakorea.ee\/fi\/wp-json\/wp\/v2\/media\/17809"}],"wp:attachment":[{"href":"https:\/\/idakorea.ee\/fi\/wp-json\/wp\/v2\/media?parent=17806"}],"wp:term":[{"taxonomy":"pwb-brand","embeddable":true,"href":"https:\/\/idakorea.ee\/fi\/wp-json\/wp\/v2\/pwb-brand?post=17806"},{"taxonomy":"product_brand","embeddable":true,"href":"https:\/\/idakorea.ee\/fi\/wp-json\/wp\/v2\/product_brand?post=17806"},{"taxonomy":"product_cat","embeddable":true,"href":"https:\/\/idakorea.ee\/fi\/wp-json\/wp\/v2\/product_cat?post=17806"},{"taxonomy":"product_tag","embeddable":true,"href":"https:\/\/idakorea.ee\/fi\/wp-json\/wp\/v2\/product_tag?post=17806"}],"curies":[{"name":"wp","href":"https:\/\/api.w.org\/{rel}","templated":true}]}}