{"id":17837,"date":"2026-02-23T11:24:21","date_gmt":"2026-02-23T09:24:21","guid":{"rendered":"https:\/\/idakorea.ee\/?post_type=product&#038;p=17837"},"modified":"2026-03-20T20:11:24","modified_gmt":"2026-03-20T18:11:24","slug":"clio-kill-cover-founwear-cushion-the-original-harry-potter-collection","status":"publish","type":"product","link":"https:\/\/idakorea.ee\/fi\/product\/clio-kill-cover-founwear-cushion-the-original-harry-potter-collection\/","title":{"rendered":"Foundation CLIO Kill Cover Foundwear -tyyny Alkuper\u00e4inen Harry Potter -kokoelma, 15 g + t\u00e4ytt\u00f6pakkaus"},"content":{"rendered":"<p data-start=\"290\" data-end=\"477\">Rajoitettu er\u00e4<strong> Harry Potter<\/strong> kokoelmaan kuuluva<strong> CLIO Kill Cover -tyyny, alkuper\u00e4inen<\/strong> on peitt\u00e4v\u00e4 meikkivoide, joka luo virheett\u00f6m\u00e4n, sile\u00e4n ja luonnollisen ihons\u00e4vyn.<\/p>\n<p data-start=\"479\" data-end=\"760\">Kevyt ja ilmava koostumus peitt\u00e4\u00e4 tehokkaasti ihon ep\u00e4tasaisuudet, punoituksen, pigmenttil\u00e4isk\u00e4t ja muut virheet j\u00e4tt\u00e4en ihon silkinpehme\u00e4ksi ja hoidetuksi. Puolimatta viimeistely antaa iholle elegantin ja luonnollisen lopputuloksen ilman raskasta tunnetta. Koostumus sis\u00e4lt\u00e4\u00e4 ihoa hoitavia ainesosia, kuten niasiiniamidia ja adenosiinia, jotka auttavat kirkastamaan ihoa ja parantamaan sen kimmoisuutta. Lis\u00e4ksi voide tarjoaa korkean aurinkosuojakertoimen SPF50+ PA+++, joka suojaa ihoa UV-s\u00e4teilylt\u00e4. Tuote kest\u00e4\u00e4 iholla pitk\u00e4\u00e4n, ei kerry ihohuokosiin eik\u00e4 korosta ihon rakennetta ja j\u00e4tt\u00e4\u00e4 ihon luonnollisen s\u00e4teilev\u00e4ksi ja tasaiseksi.<\/p>\n<p data-start=\"1181\" data-end=\"1336\">Harry Potter -erikoiskokoelma erottuu ainutlaatuisella muotoilullaan ja rajoitetulla pakkauksellaan, mik\u00e4 tekee siit\u00e4 my\u00f6s loistavan lahjan ja ker\u00e4ilyesineen.<\/p>\n<p data-start=\"1343\" data-end=\"1364\"><strong>T\u00e4rkeimm\u00e4t edut:<\/strong><\/p>\n<ul data-start=\"1366\" data-end=\"1672\">\n<li data-start=\"1366\" data-end=\"1399\">\n<p data-start=\"1368\" data-end=\"1399\">Korkea peitt\u00e4vyys ja virheet\u00f6n lopputulos<\/p>\n<\/li>\n<li data-start=\"1400\" data-end=\"1442\">\n<p data-start=\"1402\" data-end=\"1442\">Puolimatta, sile\u00e4 ja elegantti viimeistely<\/p>\n<\/li>\n<li data-start=\"1443\" data-end=\"1470\">\n<p data-start=\"1445\" data-end=\"1470\">Kevyt ja mukava koostumus<\/p>\n<\/li>\n<li data-start=\"1471\" data-end=\"1512\">\n<p data-start=\"1473\" data-end=\"1512\">Tasoittaa ihon s\u00e4vy\u00e4 ja peitt\u00e4\u00e4 ep\u00e4tasaisuudet<\/p>\n<\/li>\n<li data-start=\"1513\" data-end=\"1560\">\n<p data-start=\"1515\" data-end=\"1560\">Kirkastava ja hoitava vaikutus niasiiniamidilla<\/p>\n<\/li>\n<li data-start=\"1561\" data-end=\"1591\">\n<p data-start=\"1563\" data-end=\"1591\">SPF50+ PA+++ aurinkosuoja<\/p>\n<\/li>\n<li data-start=\"1592\" data-end=\"1625\">\n<p data-start=\"1594\" data-end=\"1625\">Pitk\u00e4kestoinen ja luonnollinen tulos<\/p>\n<\/li>\n<li data-start=\"1626\" data-end=\"1672\">\n<p data-start=\"1628\" data-end=\"1672\">Rajoitetun Harry Potter -kokoelman suunnittelu<\/p>\n<\/li>\n<\/ul>\n<p data-start=\"1679\" data-end=\"1689\"><strong>Sopii:<\/strong><\/p>\n<ul data-start=\"1691\" data-end=\"1790\">\n<li data-start=\"1691\" data-end=\"1718\">\n<p data-start=\"1693\" data-end=\"1718\">Kaikille ihotyypeille<\/p>\n<\/li>\n<li data-start=\"1719\" data-end=\"1790\">\n<p data-start=\"1721\" data-end=\"1790\">Erityisesti niille, jotka haluavat peitt\u00e4v\u00e4n lopputuloksen, mutta luonnollisen lopputuloksen.<\/p>\n<\/li>\n<\/ul>\n<p data-start=\"1797\" data-end=\"1812\"><strong>K\u00e4ytt\u00f6:<\/strong><\/p>\n<p data-start=\"1814\" data-end=\"1966\">Levit\u00e4 meikkivoidetta kasvoillesi ohuena kerroksena pakkauksessa olevalla applikaattorilla ja h\u00e4ivyt\u00e4 tasaisesti. Tarvittaessa levit\u00e4 ylim\u00e4\u00e4r\u00e4inen kerros peitt\u00e4vyyden parantamiseksi.<\/p>","protected":false},"excerpt":{"rendered":"<p>CLIO Kill Cover Foundation Cushion The Original, osa rajoitetun er\u00e4n Harry Potter -kokoelmaa, on peitt\u00e4v\u00e4 meikkivoidepehmuste, joka luo virheett\u00f6m\u00e4n, sile\u00e4n ja luonnollisen ihons\u00e4vyn. Kevyt ja ilmava koostumus peitt\u00e4\u00e4 tehokkaasti ihon ep\u00e4t\u00e4ydellisyydet, punoituksen, pigmenttil\u00e4isk\u00e4t ja muut virheet j\u00e4tt\u00e4en iholle silkinpehme\u00e4n ja hyvin hoidetun ulkon\u00e4\u00f6n. Puolimatta viimeistely antaa iholle elegantin ja luonnollisen lopputuloksen ilman raskauden tunnetta. Koostumus\u2026<\/p>","protected":false},"featured_media":17840,"comment_status":"open","ping_status":"closed","template":"","meta":{"_uf_show_specific_survey":0,"_uf_disable_surveys":false,"_bst_post_transparent":"default","_bst_post_title":"","_bst_post_layout":"default","_bst_post_sidebar_id":"","_bst_post_content_style":"default","_bst_post_vertical_padding":"default","_bst_post_feature":"","_bst_post_feature_position":"","_bst_post_header":false,"_bst_post_footer":false},"pwb-brand":[1127],"product_brand":[],"product_cat":[500,499],"product_tag":[1128,593,1130,1129,988],"class_list":{"0":"post-17837","1":"product","2":"type-product","3":"status-publish","4":"has-post-thumbnail","6":"pwb-brand-clio","7":"product_cat-jumestuskreemid","8":"product_cat-meik","9":"product_tag-clio","10":"product_tag-cushion","11":"product_tag-harry-potter","12":"product_tag-jumestus","13":"product_tag-meik","15":"first","16":"instock","17":"sale","18":"shipping-taxable","19":"purchasable","20":"product-type-variable","21":"entry","22":"content-bg","23":"loop-entry"},"supplier_id":null,"supplier_sku":"","barcode":null,"atum_controlled":true,"out_stock_date":null,"out_stock_threshold":null,"inheritable":true,"inbound_stock":null,"stock_on_hold":0,"sold_today":0,"sales_last_days":1,"out_stock_days":0,"lost_sales":0,"has_location":false,"update_date":"2026-04-15T00:05:15","atum_locations":[],"atum_stock_status":"instock","restock_status":false,"low_stock_amount":"","sales_update_date":"2026-04-15T00:05:15","calc_backorders":null,"yoast_head":"<!-- This site is optimized with the Yoast SEO plugin v27.2 - https:\/\/yoast.com\/product\/yoast-seo-wordpress\/ -->\n<title>CLIO Kill Cover Founwear Cushion The Original Harry Potter Collection - IDA.KOREA<\/title>\n<meta name=\"description\" content=\"Kerge ja \u00f5huline tekstuur katab t\u00f5husalt naha ebatasasused, punetuse, pigmendilaigud, j\u00e4ttes naha siidiselt sileda ja hoolitsetud v\u00e4limusega.\" \/>\n<meta name=\"robots\" content=\"index, follow, max-snippet:-1, max-image-preview:large, max-video-preview:-1\" \/>\n<link rel=\"canonical\" href=\"https:\/\/idakorea.ee\/fi\/product\/clio-kill-cover-founwear-cushion-the-original-harry-potter-collection\/\" \/>\n<meta property=\"og:locale\" content=\"fi_FI\" \/>\n<meta property=\"og:type\" content=\"article\" \/>\n<meta property=\"og:title\" content=\"CLIO Kill Cover Founwear Cushion The Original Harry Potter Collection - IDA.KOREA\" \/>\n<meta property=\"og:description\" content=\"Kerge ja \u00f5huline tekstuur katab t\u00f5husalt naha ebatasasused, punetuse, pigmendilaigud, j\u00e4ttes naha siidiselt sileda ja hoolitsetud v\u00e4limusega.\" \/>\n<meta property=\"og:url\" content=\"https:\/\/idakorea.ee\/fi\/product\/clio-kill-cover-founwear-cushion-the-original-harry-potter-collection\/\" \/>\n<meta property=\"og:site_name\" content=\"IDA.KOREA\" \/>\n<meta property=\"article:modified_time\" content=\"2026-03-20T18:11:24+00:00\" \/>\n<meta property=\"og:image\" content=\"https:\/\/idakorea.ee\/wp-content\/uploads\/2026\/02\/clio-kill-cover-founwear-cushion-the-original-idakorea.png\" \/>\n\t<meta property=\"og:image:width\" content=\"1000\" \/>\n\t<meta property=\"og:image:height\" content=\"1000\" \/>\n\t<meta property=\"og:image:type\" content=\"image\/png\" \/>\n<meta name=\"twitter:card\" content=\"summary_large_image\" \/>\n<meta name=\"twitter:label1\" content=\"Arvioitu lukuaika\" \/>\n\t<meta name=\"twitter:data1\" content=\"2 minuuttia\" \/>\n<script type=\"application\/ld+json\" class=\"yoast-schema-graph\">{\"@context\":\"https:\/\/schema.org\",\"@graph\":[{\"@type\":\"WebPage\",\"@id\":\"https:\/\/idakorea.ee\/product\/clio-kill-cover-founwear-cushion-the-original-harry-potter-collection\/\",\"url\":\"https:\/\/idakorea.ee\/product\/clio-kill-cover-founwear-cushion-the-original-harry-potter-collection\/\",\"name\":\"CLIO Kill Cover Founwear Cushion The Original Harry Potter Collection - IDA.KOREA\",\"isPartOf\":{\"@id\":\"https:\/\/idakorea.ee\/#website\"},\"primaryImageOfPage\":{\"@id\":\"https:\/\/idakorea.ee\/product\/clio-kill-cover-founwear-cushion-the-original-harry-potter-collection\/#primaryimage\"},\"image\":{\"@id\":\"https:\/\/idakorea.ee\/product\/clio-kill-cover-founwear-cushion-the-original-harry-potter-collection\/#primaryimage\"},\"thumbnailUrl\":\"https:\/\/idakorea.ee\/wp-content\/uploads\/2026\/02\/clio-kill-cover-founwear-cushion-the-original-idakorea.png\",\"datePublished\":\"2026-02-23T09:24:21+00:00\",\"dateModified\":\"2026-03-20T18:11:24+00:00\",\"description\":\"Kerge ja \u00f5huline tekstuur katab t\u00f5husalt naha ebatasasused, punetuse, pigmendilaigud, j\u00e4ttes naha siidiselt sileda ja hoolitsetud v\u00e4limusega.\",\"breadcrumb\":{\"@id\":\"https:\/\/idakorea.ee\/product\/clio-kill-cover-founwear-cushion-the-original-harry-potter-collection\/#breadcrumb\"},\"inLanguage\":\"fi\",\"potentialAction\":[{\"@type\":\"ReadAction\",\"target\":[\"https:\/\/idakorea.ee\/product\/clio-kill-cover-founwear-cushion-the-original-harry-potter-collection\/\"]}]},{\"@type\":\"ImageObject\",\"inLanguage\":\"fi\",\"@id\":\"https:\/\/idakorea.ee\/product\/clio-kill-cover-founwear-cushion-the-original-harry-potter-collection\/#primaryimage\",\"url\":\"https:\/\/idakorea.ee\/wp-content\/uploads\/2026\/02\/clio-kill-cover-founwear-cushion-the-original-idakorea.png\",\"contentUrl\":\"https:\/\/idakorea.ee\/wp-content\/uploads\/2026\/02\/clio-kill-cover-founwear-cushion-the-original-idakorea.png\",\"width\":1000,\"height\":1000},{\"@type\":\"BreadcrumbList\",\"@id\":\"https:\/\/idakorea.ee\/product\/clio-kill-cover-founwear-cushion-the-original-harry-potter-collection\/#breadcrumb\",\"itemListElement\":[{\"@type\":\"ListItem\",\"position\":1,\"name\":\"\u0413\u043b\u0430\u0432\u043d\u0430\u044f \u0441\u0442\u0440\u0430\u043d\u0438\u0446\u0430\",\"item\":\"https:\/\/idakorea.ee\/\"},{\"@type\":\"ListItem\",\"position\":2,\"name\":\"Shop\",\"item\":\"https:\/\/idakorea.ee\/shop-2\/\"},{\"@type\":\"ListItem\",\"position\":3,\"name\":\"Jumestuskreem CLIO Kill Cover Founwear Cushion The Original Harry Potter Collection, 15g + refill\"}]},{\"@type\":\"WebSite\",\"@id\":\"https:\/\/idakorea.ee\/#website\",\"url\":\"https:\/\/idakorea.ee\/\",\"name\":\"IDA.KOREA\",\"description\":\"Korea kosmeetika e-pood\",\"publisher\":{\"@id\":\"https:\/\/idakorea.ee\/#organization\"},\"alternateName\":\"Beauty Shop\",\"potentialAction\":[{\"@type\":\"SearchAction\",\"target\":{\"@type\":\"EntryPoint\",\"urlTemplate\":\"https:\/\/idakorea.ee\/?s={search_term_string}\"},\"query-input\":{\"@type\":\"PropertyValueSpecification\",\"valueRequired\":true,\"valueName\":\"search_term_string\"}}],\"inLanguage\":\"fi\"},{\"@type\":\"Organization\",\"@id\":\"https:\/\/idakorea.ee\/#organization\",\"name\":\"IDA.KOREA\",\"url\":\"https:\/\/idakorea.ee\/\",\"logo\":{\"@type\":\"ImageObject\",\"inLanguage\":\"fi\",\"@id\":\"https:\/\/idakorea.ee\/#\/schema\/logo\/image\/\",\"url\":\"https:\/\/idakorea.ee\/wp-content\/uploads\/2024\/05\/cropped-korea3.png\",\"contentUrl\":\"https:\/\/idakorea.ee\/wp-content\/uploads\/2024\/05\/cropped-korea3.png\",\"width\":688,\"height\":126,\"caption\":\"IDA.KOREA\"},\"image\":{\"@id\":\"https:\/\/idakorea.ee\/#\/schema\/logo\/image\/\"},\"sameAs\":[\"https:\/\/www.instagram.com\/ida.korea\/\"]}]}<\/script>\n<!-- \/ Yoast SEO plugin. -->","yoast_head_json":{"title":"CLIO Kill Cover -tyyny, alkuper\u00e4inen Harry Potter -kokoelma - IDA.KOREA","description":"Kevyt ja ilmava koostumus peitt\u00e4\u00e4 tehokkaasti ihon ep\u00e4tasaisuudet, punoituksen ja pigmenttil\u00e4isk\u00e4t j\u00e4tt\u00e4en ihon silkinpehme\u00e4ksi ja hoidetuksi.","robots":{"index":"index","follow":"follow","max-snippet":"max-snippet:-1","max-image-preview":"max-image-preview:large","max-video-preview":"max-video-preview:-1"},"canonical":"https:\/\/idakorea.ee\/fi\/product\/clio-kill-cover-founwear-cushion-the-original-harry-potter-collection\/","og_locale":"fi_FI","og_type":"article","og_title":"CLIO Kill Cover Founwear Cushion The Original Harry Potter Collection - IDA.KOREA","og_description":"Kerge ja \u00f5huline tekstuur katab t\u00f5husalt naha ebatasasused, punetuse, pigmendilaigud, j\u00e4ttes naha siidiselt sileda ja hoolitsetud v\u00e4limusega.","og_url":"https:\/\/idakorea.ee\/fi\/product\/clio-kill-cover-founwear-cushion-the-original-harry-potter-collection\/","og_site_name":"IDA.KOREA","article_modified_time":"2026-03-20T18:11:24+00:00","og_image":[{"width":1000,"height":1000,"url":"https:\/\/idakorea.ee\/wp-content\/uploads\/2026\/02\/clio-kill-cover-founwear-cushion-the-original-idakorea.png","type":"image\/png"}],"twitter_card":"summary_large_image","twitter_misc":{"Arvioitu lukuaika":"2 minuuttia"},"schema":{"@context":"https:\/\/schema.org","@graph":[{"@type":"WebPage","@id":"https:\/\/idakorea.ee\/product\/clio-kill-cover-founwear-cushion-the-original-harry-potter-collection\/","url":"https:\/\/idakorea.ee\/product\/clio-kill-cover-founwear-cushion-the-original-harry-potter-collection\/","name":"CLIO Kill Cover -tyyny, alkuper\u00e4inen Harry Potter -kokoelma - IDA.KOREA","isPartOf":{"@id":"https:\/\/idakorea.ee\/#website"},"primaryImageOfPage":{"@id":"https:\/\/idakorea.ee\/product\/clio-kill-cover-founwear-cushion-the-original-harry-potter-collection\/#primaryimage"},"image":{"@id":"https:\/\/idakorea.ee\/product\/clio-kill-cover-founwear-cushion-the-original-harry-potter-collection\/#primaryimage"},"thumbnailUrl":"https:\/\/idakorea.ee\/wp-content\/uploads\/2026\/02\/clio-kill-cover-founwear-cushion-the-original-idakorea.png","datePublished":"2026-02-23T09:24:21+00:00","dateModified":"2026-03-20T18:11:24+00:00","description":"Kevyt ja ilmava koostumus peitt\u00e4\u00e4 tehokkaasti ihon ep\u00e4tasaisuudet, punoituksen ja pigmenttil\u00e4isk\u00e4t j\u00e4tt\u00e4en ihon silkinpehme\u00e4ksi ja hoidetuksi.","breadcrumb":{"@id":"https:\/\/idakorea.ee\/product\/clio-kill-cover-founwear-cushion-the-original-harry-potter-collection\/#breadcrumb"},"inLanguage":"fi","potentialAction":[{"@type":"ReadAction","target":["https:\/\/idakorea.ee\/product\/clio-kill-cover-founwear-cushion-the-original-harry-potter-collection\/"]}]},{"@type":"ImageObject","inLanguage":"fi","@id":"https:\/\/idakorea.ee\/product\/clio-kill-cover-founwear-cushion-the-original-harry-potter-collection\/#primaryimage","url":"https:\/\/idakorea.ee\/wp-content\/uploads\/2026\/02\/clio-kill-cover-founwear-cushion-the-original-idakorea.png","contentUrl":"https:\/\/idakorea.ee\/wp-content\/uploads\/2026\/02\/clio-kill-cover-founwear-cushion-the-original-idakorea.png","width":1000,"height":1000},{"@type":"BreadcrumbList","@id":"https:\/\/idakorea.ee\/product\/clio-kill-cover-founwear-cushion-the-original-harry-potter-collection\/#breadcrumb","itemListElement":[{"@type":"ListItem","position":1,"name":"\u0413\u043b\u0430\u0432\u043d\u0430\u044f \u0441\u0442\u0440\u0430\u043d\u0438\u0446\u0430","item":"https:\/\/idakorea.ee\/"},{"@type":"ListItem","position":2,"name":"Shop","item":"https:\/\/idakorea.ee\/shop-2\/"},{"@type":"ListItem","position":3,"name":"Jumestuskreem CLIO Kill Cover Founwear Cushion The Original Harry Potter Collection, 15g + refill"}]},{"@type":"WebSite","@id":"https:\/\/idakorea.ee\/#website","url":"https:\/\/idakorea.ee\/","name":"IDA.KOREA","description":"Korean kosmetiikan verkkokauppa","publisher":{"@id":"https:\/\/idakorea.ee\/#organization"},"alternateName":"Beauty Shop","potentialAction":[{"@type":"SearchAction","target":{"@type":"EntryPoint","urlTemplate":"https:\/\/idakorea.ee\/?s={search_term_string}"},"query-input":{"@type":"PropertyValueSpecification","valueRequired":true,"valueName":"search_term_string"}}],"inLanguage":"fi"},{"@type":"Organization","@id":"https:\/\/idakorea.ee\/#organization","name":"IDA.KOREA","url":"https:\/\/idakorea.ee\/","logo":{"@type":"ImageObject","inLanguage":"fi","@id":"https:\/\/idakorea.ee\/#\/schema\/logo\/image\/","url":"https:\/\/idakorea.ee\/wp-content\/uploads\/2024\/05\/cropped-korea3.png","contentUrl":"https:\/\/idakorea.ee\/wp-content\/uploads\/2024\/05\/cropped-korea3.png","width":688,"height":126,"caption":"IDA.KOREA"},"image":{"@id":"https:\/\/idakorea.ee\/#\/schema\/logo\/image\/"},"sameAs":["https:\/\/www.instagram.com\/ida.korea\/"]}]}},"jetpack_sharing_enabled":true,"brands":[{"id":1127,"name":"CLIO","slug":"clio"}],"_links":{"self":[{"href":"https:\/\/idakorea.ee\/fi\/wp-json\/wp\/v2\/product\/17837","targetHints":{"allow":["GET"]}}],"collection":[{"href":"https:\/\/idakorea.ee\/fi\/wp-json\/wp\/v2\/product"}],"about":[{"href":"https:\/\/idakorea.ee\/fi\/wp-json\/wp\/v2\/types\/product"}],"replies":[{"embeddable":true,"href":"https:\/\/idakorea.ee\/fi\/wp-json\/wp\/v2\/comments?post=17837"}],"version-history":[{"count":2,"href":"https:\/\/idakorea.ee\/fi\/wp-json\/wp\/v2\/product\/17837\/revisions"}],"predecessor-version":[{"id":17845,"href":"https:\/\/idakorea.ee\/fi\/wp-json\/wp\/v2\/product\/17837\/revisions\/17845"}],"wp:featuredmedia":[{"embeddable":true,"href":"https:\/\/idakorea.ee\/fi\/wp-json\/wp\/v2\/media\/17840"}],"wp:attachment":[{"href":"https:\/\/idakorea.ee\/fi\/wp-json\/wp\/v2\/media?parent=17837"}],"wp:term":[{"taxonomy":"pwb-brand","embeddable":true,"href":"https:\/\/idakorea.ee\/fi\/wp-json\/wp\/v2\/pwb-brand?post=17837"},{"taxonomy":"product_brand","embeddable":true,"href":"https:\/\/idakorea.ee\/fi\/wp-json\/wp\/v2\/product_brand?post=17837"},{"taxonomy":"product_cat","embeddable":true,"href":"https:\/\/idakorea.ee\/fi\/wp-json\/wp\/v2\/product_cat?post=17837"},{"taxonomy":"product_tag","embeddable":true,"href":"https:\/\/idakorea.ee\/fi\/wp-json\/wp\/v2\/product_tag?post=17837"}],"curies":[{"name":"wp","href":"https:\/\/api.w.org\/{rel}","templated":true}]}}