{"id":17866,"date":"2026-02-25T14:21:38","date_gmt":"2026-02-25T12:21:38","guid":{"rendered":"https:\/\/idakorea.ee\/?post_type=product&#038;p=17866"},"modified":"2026-03-09T19:59:38","modified_gmt":"2026-03-09T17:59:38","slug":"the-face-shop-air-cotton-make-up-base-spf-30-pa","status":"publish","type":"product","link":"https:\/\/idakorea.ee\/fi\/product\/the-face-shop-air-cotton-make-up-base-spf-30-pa\/","title":{"rendered":"The Face Shop Air Cotton -meikinpohjustusvoide SPF 30 PA++, 35 g"},"content":{"rendered":"<p data-start=\"0\" data-end=\"234\">Kevyt ja tahmaamaton meikkivoide <strong>THE FACE SHOP Air Cotton Make Up Base SPF 30 PA++. <\/strong>Auttaa peitt\u00e4m\u00e4\u00e4n punoitusta, ep\u00e4tasaista ihons\u00e4vy\u00e4, hienoja juonteita ja laajentuneita ihohuokosia. Meikkivoide on erityisesti suunniteltu ongelmalliselle ja rasvaiselle iholle, jolla on taipumusta ep\u00e4puhtauksiin.<\/p>\n<p data-start=\"236\" data-end=\"298\">Kaksi eri s\u00e4vy\u00e4 auttaa ratkaisemaan erilaisia iho-ongelmia:<\/p>\n<p data-start=\"300\" data-end=\"406\"><strong data-start=\"300\" data-end=\"333\">01 Minttu (vihre\u00e4ll\u00e4 vivahteella)<\/strong> \u2013 neutraloi ihon punoitusta, supistaa ihohuokosia ja auttaa tasoittamaan ihons\u00e4vy\u00e4.<\/p>\n<p data-start=\"408\" data-end=\"511\"><strong data-start=\"408\" data-end=\"442\">02 Laventeli (violetilla vivahteella)<\/strong> \u2013 v\u00e4hent\u00e4\u00e4 ihon kellert\u00e4v\u00e4\u00e4 s\u00e4vy\u00e4 ja tekee ihosta luonnollisen kirkkaamman.<\/p>\n<p data-start=\"513\" data-end=\"586\">Molemmissa meikkivoiteissa on suhteellisen korkea aurinkosuoja: SPF30 \/ PA++.<\/p>\n<p data-start=\"588\" data-end=\"699\"><strong data-start=\"588\" data-end=\"603\">K\u00e4ytt\u00f6:<\/strong><br data-start=\"603\" data-end=\"606\" \/>Levit\u00e4 pieni m\u00e4\u00e4r\u00e4 tuotetta kasvoillesi ja levit\u00e4 tasaisesti sormenp\u00e4ill\u00e4 taputellen hell\u00e4varaisesti ihoon.<\/p>","protected":false},"excerpt":{"rendered":"<p>THE FACE SHOP Air Cotton Make Up Base SPF 30 PA++ on kevyt ja tahmaamaton meikkivoide. Auttaa peitt\u00e4m\u00e4\u00e4n punoitusta, ep\u00e4tasaista ihons\u00e4vy\u00e4, hienoja ryppyj\u00e4 ja laajentuneita ihohuokosia. Meikkivoide on erityisesti suunniteltu ongelmalliselle ja rasvaiselle iholle, jolla on taipumusta ep\u00e4puhtauksiin. Kaksi eri s\u00e4vy\u00e4 auttavat ratkaisemaan erilaisia iho-ongelmia: 01 Minttu (vihre\u00e4ll\u00e4 pohjas\u00e4vyll\u00e4) \u2013 neutraloi ihon punoitusta, supistaa ihohuokosia\u2026<\/p>","protected":false},"featured_media":17868,"comment_status":"open","ping_status":"closed","template":"","meta":{"_uf_show_specific_survey":0,"_uf_disable_surveys":false,"_bst_post_transparent":"default","_bst_post_title":"","_bst_post_layout":"default","_bst_post_sidebar_id":"","_bst_post_content_style":"default","_bst_post_vertical_padding":"default","_bst_post_feature":"","_bst_post_feature_position":"","_bst_post_header":false,"_bst_post_footer":false},"pwb-brand":[826],"product_brand":[],"product_cat":[499,501],"product_tag":[850,568,1131],"class_list":{"0":"post-17866","1":"product","2":"type-product","3":"status-publish","4":"has-post-thumbnail","6":"pwb-brand-the-face-shop","7":"product_cat-meik","8":"product_cat-peitekreemid-ja-pulgad","9":"product_tag-base","10":"product_tag-korea","11":"product_tag-makeup","13":"first","14":"instock","15":"sale","16":"shipping-taxable","17":"purchasable","18":"product-type-variable","19":"has-default-attributes","20":"entry","21":"content-bg","22":"loop-entry"},"supplier_id":null,"supplier_sku":"","barcode":null,"atum_controlled":true,"out_stock_date":null,"out_stock_threshold":null,"inheritable":true,"inbound_stock":null,"stock_on_hold":0,"sold_today":0,"sales_last_days":0,"out_stock_days":0,"lost_sales":0,"has_location":false,"update_date":"2026-04-14T00:05:09","atum_locations":[],"atum_stock_status":"instock","restock_status":false,"low_stock_amount":"","sales_update_date":"2026-04-14T00:05:09","calc_backorders":null,"yoast_head":"<!-- This site is optimized with the Yoast SEO plugin v27.2 - https:\/\/yoast.com\/product\/yoast-seo-wordpress\/ -->\n<title>The Face Shop Air Cotton Make Up Base SPF 30 PA++ - IDA.KOREA<\/title>\n<meta name=\"description\" content=\"Aitab varjata naha punetust, eba\u00fchtlast nahatooni, peeneid kortse ja laienenud poore. Aluskreem on spetsiaalselt loodud probleemsele ja rasusele nahale.\" \/>\n<meta name=\"robots\" content=\"index, follow, max-snippet:-1, max-image-preview:large, max-video-preview:-1\" \/>\n<link rel=\"canonical\" href=\"https:\/\/idakorea.ee\/fi\/product\/the-face-shop-air-cotton-make-up-base-spf-30-pa\/\" \/>\n<meta property=\"og:locale\" content=\"fi_FI\" \/>\n<meta property=\"og:type\" content=\"article\" \/>\n<meta property=\"og:title\" content=\"The Face Shop Air Cotton Make Up Base SPF 30 PA++ - IDA.KOREA\" \/>\n<meta property=\"og:description\" content=\"Aitab varjata naha punetust, eba\u00fchtlast nahatooni, peeneid kortse ja laienenud poore. Aluskreem on spetsiaalselt loodud probleemsele ja rasusele nahale.\" \/>\n<meta property=\"og:url\" content=\"https:\/\/idakorea.ee\/fi\/product\/the-face-shop-air-cotton-make-up-base-spf-30-pa\/\" \/>\n<meta property=\"og:site_name\" content=\"IDA.KOREA\" \/>\n<meta property=\"article:modified_time\" content=\"2026-03-09T17:59:38+00:00\" \/>\n<meta property=\"og:image\" content=\"https:\/\/idakorea.ee\/wp-content\/uploads\/2026\/02\/air-cotton-makeup-base-the-face-shop-idakorea.ee_.jpg\" \/>\n\t<meta property=\"og:image:width\" content=\"400\" \/>\n\t<meta property=\"og:image:height\" content=\"400\" \/>\n\t<meta property=\"og:image:type\" content=\"image\/jpeg\" \/>\n<meta name=\"twitter:card\" content=\"summary_large_image\" \/>\n<meta name=\"twitter:label1\" content=\"Arvioitu lukuaika\" \/>\n\t<meta name=\"twitter:data1\" content=\"1 minuutti\" \/>\n<script type=\"application\/ld+json\" class=\"yoast-schema-graph\">{\"@context\":\"https:\/\/schema.org\",\"@graph\":[{\"@type\":\"WebPage\",\"@id\":\"https:\/\/idakorea.ee\/product\/the-face-shop-air-cotton-make-up-base-spf-30-pa\/\",\"url\":\"https:\/\/idakorea.ee\/product\/the-face-shop-air-cotton-make-up-base-spf-30-pa\/\",\"name\":\"The Face Shop Air Cotton Make Up Base SPF 30 PA++ - IDA.KOREA\",\"isPartOf\":{\"@id\":\"https:\/\/idakorea.ee\/#website\"},\"primaryImageOfPage\":{\"@id\":\"https:\/\/idakorea.ee\/product\/the-face-shop-air-cotton-make-up-base-spf-30-pa\/#primaryimage\"},\"image\":{\"@id\":\"https:\/\/idakorea.ee\/product\/the-face-shop-air-cotton-make-up-base-spf-30-pa\/#primaryimage\"},\"thumbnailUrl\":\"https:\/\/idakorea.ee\/wp-content\/uploads\/2026\/02\/air-cotton-makeup-base-the-face-shop-idakorea.ee_.jpg\",\"datePublished\":\"2026-02-25T12:21:38+00:00\",\"dateModified\":\"2026-03-09T17:59:38+00:00\",\"description\":\"Aitab varjata naha punetust, eba\u00fchtlast nahatooni, peeneid kortse ja laienenud poore. Aluskreem on spetsiaalselt loodud probleemsele ja rasusele nahale.\",\"breadcrumb\":{\"@id\":\"https:\/\/idakorea.ee\/product\/the-face-shop-air-cotton-make-up-base-spf-30-pa\/#breadcrumb\"},\"inLanguage\":\"fi\",\"potentialAction\":[{\"@type\":\"ReadAction\",\"target\":[\"https:\/\/idakorea.ee\/product\/the-face-shop-air-cotton-make-up-base-spf-30-pa\/\"]}]},{\"@type\":\"ImageObject\",\"inLanguage\":\"fi\",\"@id\":\"https:\/\/idakorea.ee\/product\/the-face-shop-air-cotton-make-up-base-spf-30-pa\/#primaryimage\",\"url\":\"https:\/\/idakorea.ee\/wp-content\/uploads\/2026\/02\/air-cotton-makeup-base-the-face-shop-idakorea.ee_.jpg\",\"contentUrl\":\"https:\/\/idakorea.ee\/wp-content\/uploads\/2026\/02\/air-cotton-makeup-base-the-face-shop-idakorea.ee_.jpg\",\"width\":400,\"height\":400},{\"@type\":\"BreadcrumbList\",\"@id\":\"https:\/\/idakorea.ee\/product\/the-face-shop-air-cotton-make-up-base-spf-30-pa\/#breadcrumb\",\"itemListElement\":[{\"@type\":\"ListItem\",\"position\":1,\"name\":\"\u0413\u043b\u0430\u0432\u043d\u0430\u044f \u0441\u0442\u0440\u0430\u043d\u0438\u0446\u0430\",\"item\":\"https:\/\/idakorea.ee\/\"},{\"@type\":\"ListItem\",\"position\":2,\"name\":\"Shop\",\"item\":\"https:\/\/idakorea.ee\/shop-2\/\"},{\"@type\":\"ListItem\",\"position\":3,\"name\":\"Meigialuskreem The Face Shop Air Cotton Make Up Base SPF 30 PA++, 35g\"}]},{\"@type\":\"WebSite\",\"@id\":\"https:\/\/idakorea.ee\/#website\",\"url\":\"https:\/\/idakorea.ee\/\",\"name\":\"IDA.KOREA\",\"description\":\"Korea kosmeetika e-pood\",\"publisher\":{\"@id\":\"https:\/\/idakorea.ee\/#organization\"},\"alternateName\":\"Beauty Shop\",\"potentialAction\":[{\"@type\":\"SearchAction\",\"target\":{\"@type\":\"EntryPoint\",\"urlTemplate\":\"https:\/\/idakorea.ee\/?s={search_term_string}\"},\"query-input\":{\"@type\":\"PropertyValueSpecification\",\"valueRequired\":true,\"valueName\":\"search_term_string\"}}],\"inLanguage\":\"fi\"},{\"@type\":\"Organization\",\"@id\":\"https:\/\/idakorea.ee\/#organization\",\"name\":\"IDA.KOREA\",\"url\":\"https:\/\/idakorea.ee\/\",\"logo\":{\"@type\":\"ImageObject\",\"inLanguage\":\"fi\",\"@id\":\"https:\/\/idakorea.ee\/#\/schema\/logo\/image\/\",\"url\":\"https:\/\/idakorea.ee\/wp-content\/uploads\/2024\/05\/cropped-korea3.png\",\"contentUrl\":\"https:\/\/idakorea.ee\/wp-content\/uploads\/2024\/05\/cropped-korea3.png\",\"width\":688,\"height\":126,\"caption\":\"IDA.KOREA\"},\"image\":{\"@id\":\"https:\/\/idakorea.ee\/#\/schema\/logo\/image\/\"},\"sameAs\":[\"https:\/\/www.instagram.com\/ida.korea\/\"]}]}<\/script>\n<!-- \/ Yoast SEO plugin. -->","yoast_head_json":{"title":"The Face Shop Air Cotton Make Up Base SPF 30 PA++ - IDA.KOREA","description":"Aitab varjata naha punetust, eba\u00fchtlast nahatooni, peeneid kortse ja laienenud poore. Aluskreem on spetsiaalselt loodud probleemsele ja rasusele nahale.","robots":{"index":"index","follow":"follow","max-snippet":"max-snippet:-1","max-image-preview":"max-image-preview:large","max-video-preview":"max-video-preview:-1"},"canonical":"https:\/\/idakorea.ee\/fi\/product\/the-face-shop-air-cotton-make-up-base-spf-30-pa\/","og_locale":"fi_FI","og_type":"article","og_title":"The Face Shop Air Cotton Make Up Base SPF 30 PA++ - IDA.KOREA","og_description":"Aitab varjata naha punetust, eba\u00fchtlast nahatooni, peeneid kortse ja laienenud poore. Aluskreem on spetsiaalselt loodud probleemsele ja rasusele nahale.","og_url":"https:\/\/idakorea.ee\/fi\/product\/the-face-shop-air-cotton-make-up-base-spf-30-pa\/","og_site_name":"IDA.KOREA","article_modified_time":"2026-03-09T17:59:38+00:00","og_image":[{"width":400,"height":400,"url":"https:\/\/idakorea.ee\/wp-content\/uploads\/2026\/02\/air-cotton-makeup-base-the-face-shop-idakorea.ee_.jpg","type":"image\/jpeg"}],"twitter_card":"summary_large_image","twitter_misc":{"Arvioitu lukuaika":"1 minuutti"},"schema":{"@context":"https:\/\/schema.org","@graph":[{"@type":"WebPage","@id":"https:\/\/idakorea.ee\/product\/the-face-shop-air-cotton-make-up-base-spf-30-pa\/","url":"https:\/\/idakorea.ee\/product\/the-face-shop-air-cotton-make-up-base-spf-30-pa\/","name":"The Face Shop Air Cotton Make Up Base SPF 30 PA++ - IDA.KOREA","isPartOf":{"@id":"https:\/\/idakorea.ee\/#website"},"primaryImageOfPage":{"@id":"https:\/\/idakorea.ee\/product\/the-face-shop-air-cotton-make-up-base-spf-30-pa\/#primaryimage"},"image":{"@id":"https:\/\/idakorea.ee\/product\/the-face-shop-air-cotton-make-up-base-spf-30-pa\/#primaryimage"},"thumbnailUrl":"https:\/\/idakorea.ee\/wp-content\/uploads\/2026\/02\/air-cotton-makeup-base-the-face-shop-idakorea.ee_.jpg","datePublished":"2026-02-25T12:21:38+00:00","dateModified":"2026-03-09T17:59:38+00:00","description":"Aitab varjata naha punetust, eba\u00fchtlast nahatooni, peeneid kortse ja laienenud poore. Aluskreem on spetsiaalselt loodud probleemsele ja rasusele nahale.","breadcrumb":{"@id":"https:\/\/idakorea.ee\/product\/the-face-shop-air-cotton-make-up-base-spf-30-pa\/#breadcrumb"},"inLanguage":"fi","potentialAction":[{"@type":"ReadAction","target":["https:\/\/idakorea.ee\/product\/the-face-shop-air-cotton-make-up-base-spf-30-pa\/"]}]},{"@type":"ImageObject","inLanguage":"fi","@id":"https:\/\/idakorea.ee\/product\/the-face-shop-air-cotton-make-up-base-spf-30-pa\/#primaryimage","url":"https:\/\/idakorea.ee\/wp-content\/uploads\/2026\/02\/air-cotton-makeup-base-the-face-shop-idakorea.ee_.jpg","contentUrl":"https:\/\/idakorea.ee\/wp-content\/uploads\/2026\/02\/air-cotton-makeup-base-the-face-shop-idakorea.ee_.jpg","width":400,"height":400},{"@type":"BreadcrumbList","@id":"https:\/\/idakorea.ee\/product\/the-face-shop-air-cotton-make-up-base-spf-30-pa\/#breadcrumb","itemListElement":[{"@type":"ListItem","position":1,"name":"\u0413\u043b\u0430\u0432\u043d\u0430\u044f \u0441\u0442\u0440\u0430\u043d\u0438\u0446\u0430","item":"https:\/\/idakorea.ee\/"},{"@type":"ListItem","position":2,"name":"Shop","item":"https:\/\/idakorea.ee\/shop-2\/"},{"@type":"ListItem","position":3,"name":"Meigialuskreem The Face Shop Air Cotton Make Up Base SPF 30 PA++, 35g"}]},{"@type":"WebSite","@id":"https:\/\/idakorea.ee\/#website","url":"https:\/\/idakorea.ee\/","name":"IDA.KOREA","description":"Korean kosmetiikan verkkokauppa","publisher":{"@id":"https:\/\/idakorea.ee\/#organization"},"alternateName":"Beauty Shop","potentialAction":[{"@type":"SearchAction","target":{"@type":"EntryPoint","urlTemplate":"https:\/\/idakorea.ee\/?s={search_term_string}"},"query-input":{"@type":"PropertyValueSpecification","valueRequired":true,"valueName":"search_term_string"}}],"inLanguage":"fi"},{"@type":"Organization","@id":"https:\/\/idakorea.ee\/#organization","name":"IDA.KOREA","url":"https:\/\/idakorea.ee\/","logo":{"@type":"ImageObject","inLanguage":"fi","@id":"https:\/\/idakorea.ee\/#\/schema\/logo\/image\/","url":"https:\/\/idakorea.ee\/wp-content\/uploads\/2024\/05\/cropped-korea3.png","contentUrl":"https:\/\/idakorea.ee\/wp-content\/uploads\/2024\/05\/cropped-korea3.png","width":688,"height":126,"caption":"IDA.KOREA"},"image":{"@id":"https:\/\/idakorea.ee\/#\/schema\/logo\/image\/"},"sameAs":["https:\/\/www.instagram.com\/ida.korea\/"]}]}},"jetpack_sharing_enabled":true,"brands":[{"id":826,"name":"THE FACE SHOP","slug":"the-face-shop"}],"_links":{"self":[{"href":"https:\/\/idakorea.ee\/fi\/wp-json\/wp\/v2\/product\/17866","targetHints":{"allow":["GET"]}}],"collection":[{"href":"https:\/\/idakorea.ee\/fi\/wp-json\/wp\/v2\/product"}],"about":[{"href":"https:\/\/idakorea.ee\/fi\/wp-json\/wp\/v2\/types\/product"}],"replies":[{"embeddable":true,"href":"https:\/\/idakorea.ee\/fi\/wp-json\/wp\/v2\/comments?post=17866"}],"version-history":[{"count":1,"href":"https:\/\/idakorea.ee\/fi\/wp-json\/wp\/v2\/product\/17866\/revisions"}],"predecessor-version":[{"id":17875,"href":"https:\/\/idakorea.ee\/fi\/wp-json\/wp\/v2\/product\/17866\/revisions\/17875"}],"wp:featuredmedia":[{"embeddable":true,"href":"https:\/\/idakorea.ee\/fi\/wp-json\/wp\/v2\/media\/17868"}],"wp:attachment":[{"href":"https:\/\/idakorea.ee\/fi\/wp-json\/wp\/v2\/media?parent=17866"}],"wp:term":[{"taxonomy":"pwb-brand","embeddable":true,"href":"https:\/\/idakorea.ee\/fi\/wp-json\/wp\/v2\/pwb-brand?post=17866"},{"taxonomy":"product_brand","embeddable":true,"href":"https:\/\/idakorea.ee\/fi\/wp-json\/wp\/v2\/product_brand?post=17866"},{"taxonomy":"product_cat","embeddable":true,"href":"https:\/\/idakorea.ee\/fi\/wp-json\/wp\/v2\/product_cat?post=17866"},{"taxonomy":"product_tag","embeddable":true,"href":"https:\/\/idakorea.ee\/fi\/wp-json\/wp\/v2\/product_tag?post=17866"}],"curies":[{"name":"wp","href":"https:\/\/api.w.org\/{rel}","templated":true}]}}