{"id":17941,"date":"2026-03-04T12:46:05","date_gmt":"2026-03-04T10:46:05","guid":{"rendered":"https:\/\/idakorea.ee\/?post_type=product&#038;p=17941"},"modified":"2026-04-01T11:16:21","modified_gmt":"2026-04-01T09:16:21","slug":"centellian24-madeca-mela-capture-ampoule-capsule-cream-55ml","status":"publish","type":"product","link":"https:\/\/idakorea.ee\/fi\/product\/centellian24-madeca-mela-capture-ampoule-capsule-cream-55ml\/","title":{"rendered":"Centellian24 Madeca Mela Capture Ampoule Capsule Cream, 55ml"},"content":{"rendered":"<p data-start=\"228\" data-end=\"549\"><strong data-start=\"228\" data-end=\"286\">Centellian24 Madeca Mela Capture -ampullikapselivoide<\/strong> on innovatiivinen kasvovoide kapseliteknologialla, joka auttaa tasoittamaan ihon s\u00e4vy\u00e4, v\u00e4hent\u00e4m\u00e4\u00e4n pigmenttil\u00e4iski\u00e4 ja antamaan iholle s\u00e4teilev\u00e4n ja terveen ulkon\u00e4\u00f6n. Voide yhdist\u00e4\u00e4 ampullin ja kosteuttavan geelivoiteen tiivistettyj\u00e4 aktiiviaineita tarjotakseen iholle tehohoitoa.<\/p>\n<p data-start=\"551\" data-end=\"772\">Kapselit sulavat iholla ja vapauttavat aktiivisia ainesosia, jotka auttavat parantamaan ihon rakennetta, palauttamaan kosteustasapainon ja tekem\u00e4\u00e4n ihosta kimmoisamman ja tasaisemman.<\/p>\n<p data-start=\"774\" data-end=\"795\"><strong>T\u00e4rkeimm\u00e4t ominaisuudet<\/strong><\/p>\n<ul data-start=\"796\" data-end=\"1037\">\n<li data-start=\"796\" data-end=\"851\">\n<p data-start=\"798\" data-end=\"851\">auttaa v\u00e4hent\u00e4m\u00e4\u00e4n tummia l\u00e4iski\u00e4 ja pigmenttimuutoksia<\/p>\n<\/li>\n<li data-start=\"852\" data-end=\"909\">\n<p data-start=\"854\" data-end=\"909\">kosteuttaa syv\u00e4sti ja vahvistaa ihon suojakerrosta<\/p>\n<\/li>\n<li data-start=\"910\" data-end=\"954\">\n<p data-start=\"912\" data-end=\"954\">parantaa ihon kimmoisuutta ja rakennetta<\/p>\n<\/li>\n<li data-start=\"955\" data-end=\"1002\">\n<p data-start=\"957\" data-end=\"1002\">antaa iholle kirkkaamman ja tasaisemman s\u00e4vyn<\/p>\n<\/li>\n<li data-start=\"1003\" data-end=\"1037\">\n<p data-start=\"1005\" data-end=\"1037\">sopii my\u00f6s herk\u00e4lle iholle<\/p>\n<\/li>\n<\/ul>\n<p data-start=\"1039\" data-end=\"1063\"><strong>T\u00e4rkeimm\u00e4t ainesosat<\/strong><\/p>\n<ul data-start=\"1064\" data-end=\"1479\">\n<li data-start=\"1064\" data-end=\"1138\">\n<p data-start=\"1066\" data-end=\"1138\"><strong data-start=\"1066\" data-end=\"1083\">Niasiiniamidi<\/strong> \u2013 auttaa tasoittamaan ihon s\u00e4vy\u00e4 ja kirkastamaan ihoa<\/p>\n<\/li>\n<li data-start=\"1139\" data-end=\"1220\">\n<p data-start=\"1141\" data-end=\"1220\"><strong data-start=\"1141\" data-end=\"1186\">Centella Asiatica ja Madecassoside (CICA)<\/strong> \u2013 rauhoittaa ja palauttaa ihoa<\/p>\n<\/li>\n<li data-start=\"1221\" data-end=\"1282\">\n<p data-start=\"1223\" data-end=\"1282\"><strong data-start=\"1223\" data-end=\"1241\">Traneksaamihappo<\/strong> \u2013 auttaa v\u00e4hent\u00e4m\u00e4\u00e4n hyperpigmentaatiota<\/p>\n<\/li>\n<li data-start=\"1283\" data-end=\"1339\">\n<p data-start=\"1285\" data-end=\"1339\"><strong data-start=\"1285\" data-end=\"1311\">Peptidit ja kollageeni<\/strong> \u2013 tukee ihon kimmoisuutta<\/p>\n<\/li>\n<li data-start=\"1340\" data-end=\"1479\">\n<p data-start=\"1342\" data-end=\"1479\"><strong data-start=\"1342\" data-end=\"1369\">10 erilaista hyaluronihappoa<\/strong> \u2013 kosteuttaa ihoa syv\u00e4lt\u00e4 ja auttaa yll\u00e4pit\u00e4m\u00e4\u00e4n sen kosteustasapainoa<\/p>\n<\/li>\n<\/ul>\n<p data-start=\"1481\" data-end=\"1498\"><strong>Kenelle sopii?<\/strong><\/p>\n<ul data-start=\"1499\" data-end=\"1642\">\n<li data-start=\"1499\" data-end=\"1531\">\n<p data-start=\"1501\" data-end=\"1531\">himme\u00e4 tai ep\u00e4tasainen ihons\u00e4vy<\/p>\n<\/li>\n<li data-start=\"1532\" data-end=\"1572\">\n<p data-start=\"1534\" data-end=\"1572\">ik\u00e4l\u00e4isk\u00e4t ja aknearvet<\/p>\n<\/li>\n<li data-start=\"1573\" data-end=\"1604\">\n<p data-start=\"1575\" data-end=\"1604\">kuiva tai kuivunut iho<\/p>\n<\/li>\n<li data-start=\"1605\" data-end=\"1642\">\n<p data-start=\"1607\" data-end=\"1642\">iho, joka kaipaa hehkua ja kosteutusta<\/p>\n<\/li>\n<\/ul>\n<p data-start=\"1644\" data-end=\"1658\"><strong>K\u00e4ytt\u00f6<\/strong><\/p>\n<p data-start=\"1659\" data-end=\"1846\">Levit\u00e4 sopiva m\u00e4\u00e4r\u00e4 voidetta kasvoille ja kaulalle ihonhoitorutiinisi viimeisen\u00e4 vaiheena. Hiero hell\u00e4varaisesti, kunnes kapselit sulavat ja voide on imeytynyt t\u00e4ysin. Sopii k\u00e4ytett\u00e4v\u00e4ksi sek\u00e4 aamuin illoin.<\/p>","protected":false},"excerpt":{"rendered":"<p>Centellian24 Madeca Mela Capture Ampoule Capsule Cream on innovatiivinen kasvovoide kapseliteknologialla, joka auttaa tasoittamaan ihon s\u00e4vy\u00e4, v\u00e4hent\u00e4m\u00e4\u00e4n pigmenttil\u00e4iski\u00e4 ja antamaan iholle s\u00e4teilev\u00e4n ja terveen ulkon\u00e4\u00f6n. Voide yhdist\u00e4\u00e4 ampullin ja kosteuttavan geelivoiteen v\u00e4kev\u00f6ityj\u00e4 aktiiviaineita tarjotakseen iholle intensiivist\u00e4 hoitoa. Koostumuksen sis\u00e4lt\u00e4m\u00e4t kapselit sulavat iholla ja vapauttavat aktiiviaineita, jotka auttavat parantamaan ihon rakennetta, palauttamaan kosteustasapainon ja muuttamaan\u2026<\/p>","protected":false},"featured_media":17943,"comment_status":"open","ping_status":"closed","template":"","meta":{"_uf_show_specific_survey":0,"_uf_disable_surveys":false,"_bst_post_transparent":"default","_bst_post_title":"","_bst_post_layout":"default","_bst_post_sidebar_id":"","_bst_post_content_style":"default","_bst_post_vertical_padding":"default","_bst_post_feature":"","_bst_post_feature_position":"","_bst_post_header":false,"_bst_post_footer":false},"pwb-brand":[1033],"product_brand":[],"product_cat":[92,96],"product_tag":[1132,734,568,230],"class_list":{"0":"post-17941","1":"product","2":"type-product","3":"status-publish","4":"has-post-thumbnail","6":"pwb-brand-centellian24","7":"product_cat-nagu","8":"product_cat-naokreemid","9":"product_tag-capsule","10":"product_tag-cream","11":"product_tag-korea","12":"product_tag-pigment","14":"first","15":"instock","16":"shipping-taxable","17":"purchasable","18":"product-type-simple","19":"entry","20":"content-bg","21":"loop-entry"},"supplier_id":null,"supplier_sku":"","barcode":null,"atum_controlled":true,"out_stock_date":null,"out_stock_threshold":null,"inheritable":false,"inbound_stock":null,"stock_on_hold":0,"sold_today":0,"sales_last_days":1,"out_stock_days":0,"lost_sales":0,"has_location":false,"update_date":"2026-04-24T00:09:10","atum_locations":[],"atum_stock_status":"instock","restock_status":false,"low_stock_amount":"","sales_update_date":"2026-04-24T00:09:10","calc_backorders":null,"yoast_head":"<!-- This site is optimized with the Yoast SEO plugin v27.2 - https:\/\/yoast.com\/product\/yoast-seo-wordpress\/ -->\n<title>Centellian24 Madeca Mela Capture Ampoule Capsule Cream, 55ml - IDA.KOREA<\/title>\n<meta name=\"description\" content=\"Innovatiivne kapslitehnoloogiaga n\u00e4okreem, mis aitab \u00fchtlustada nahatooni, v\u00e4hendada pigmendilaike ja anda nahale s\u00e4rava ning terve v\u00e4limuse.\" \/>\n<meta name=\"robots\" content=\"index, follow, max-snippet:-1, max-image-preview:large, max-video-preview:-1\" \/>\n<link rel=\"canonical\" href=\"https:\/\/idakorea.ee\/fi\/product\/centellian24-madeca-mela-capture-ampoule-capsule-cream-55ml\/\" \/>\n<meta property=\"og:locale\" content=\"fi_FI\" \/>\n<meta property=\"og:type\" content=\"article\" \/>\n<meta property=\"og:title\" content=\"Centellian24 Madeca Mela Capture Ampoule Capsule Cream, 55ml - IDA.KOREA\" \/>\n<meta property=\"og:description\" content=\"Innovatiivne kapslitehnoloogiaga n\u00e4okreem, mis aitab \u00fchtlustada nahatooni, v\u00e4hendada pigmendilaike ja anda nahale s\u00e4rava ning terve v\u00e4limuse.\" \/>\n<meta property=\"og:url\" content=\"https:\/\/idakorea.ee\/fi\/product\/centellian24-madeca-mela-capture-ampoule-capsule-cream-55ml\/\" \/>\n<meta property=\"og:site_name\" content=\"IDA.KOREA\" \/>\n<meta property=\"article:modified_time\" content=\"2026-04-01T09:16:21+00:00\" \/>\n<meta property=\"og:image\" content=\"https:\/\/idakorea.ee\/wp-content\/uploads\/2026\/03\/Centellian24MadecaMelaCaptureAmpouleCapsuleCream55ml-1-idakorea.webp\" \/>\n\t<meta property=\"og:image:width\" content=\"1200\" \/>\n\t<meta property=\"og:image:height\" content=\"1200\" \/>\n\t<meta property=\"og:image:type\" content=\"image\/webp\" \/>\n<meta name=\"twitter:card\" content=\"summary_large_image\" \/>\n<meta name=\"twitter:label1\" content=\"Arvioitu lukuaika\" \/>\n\t<meta name=\"twitter:data1\" content=\"2 minuuttia\" \/>\n<script type=\"application\/ld+json\" class=\"yoast-schema-graph\">{\"@context\":\"https:\/\/schema.org\",\"@graph\":[{\"@type\":\"WebPage\",\"@id\":\"https:\/\/idakorea.ee\/product\/centellian24-madeca-mela-capture-ampoule-capsule-cream-55ml\/\",\"url\":\"https:\/\/idakorea.ee\/product\/centellian24-madeca-mela-capture-ampoule-capsule-cream-55ml\/\",\"name\":\"Centellian24 Madeca Mela Capture Ampoule Capsule Cream, 55ml - IDA.KOREA\",\"isPartOf\":{\"@id\":\"https:\/\/idakorea.ee\/#website\"},\"primaryImageOfPage\":{\"@id\":\"https:\/\/idakorea.ee\/product\/centellian24-madeca-mela-capture-ampoule-capsule-cream-55ml\/#primaryimage\"},\"image\":{\"@id\":\"https:\/\/idakorea.ee\/product\/centellian24-madeca-mela-capture-ampoule-capsule-cream-55ml\/#primaryimage\"},\"thumbnailUrl\":\"https:\/\/idakorea.ee\/wp-content\/uploads\/2026\/03\/Centellian24MadecaMelaCaptureAmpouleCapsuleCream55ml-1-idakorea.webp\",\"datePublished\":\"2026-03-04T10:46:05+00:00\",\"dateModified\":\"2026-04-01T09:16:21+00:00\",\"description\":\"Innovatiivne kapslitehnoloogiaga n\u00e4okreem, mis aitab \u00fchtlustada nahatooni, v\u00e4hendada pigmendilaike ja anda nahale s\u00e4rava ning terve v\u00e4limuse.\",\"breadcrumb\":{\"@id\":\"https:\/\/idakorea.ee\/product\/centellian24-madeca-mela-capture-ampoule-capsule-cream-55ml\/#breadcrumb\"},\"inLanguage\":\"fi\",\"potentialAction\":[{\"@type\":\"ReadAction\",\"target\":[\"https:\/\/idakorea.ee\/product\/centellian24-madeca-mela-capture-ampoule-capsule-cream-55ml\/\"]}]},{\"@type\":\"ImageObject\",\"inLanguage\":\"fi\",\"@id\":\"https:\/\/idakorea.ee\/product\/centellian24-madeca-mela-capture-ampoule-capsule-cream-55ml\/#primaryimage\",\"url\":\"https:\/\/idakorea.ee\/wp-content\/uploads\/2026\/03\/Centellian24MadecaMelaCaptureAmpouleCapsuleCream55ml-1-idakorea.webp\",\"contentUrl\":\"https:\/\/idakorea.ee\/wp-content\/uploads\/2026\/03\/Centellian24MadecaMelaCaptureAmpouleCapsuleCream55ml-1-idakorea.webp\",\"width\":1200,\"height\":1200},{\"@type\":\"BreadcrumbList\",\"@id\":\"https:\/\/idakorea.ee\/product\/centellian24-madeca-mela-capture-ampoule-capsule-cream-55ml\/#breadcrumb\",\"itemListElement\":[{\"@type\":\"ListItem\",\"position\":1,\"name\":\"\u0413\u043b\u0430\u0432\u043d\u0430\u044f \u0441\u0442\u0440\u0430\u043d\u0438\u0446\u0430\",\"item\":\"https:\/\/idakorea.ee\/\"},{\"@type\":\"ListItem\",\"position\":2,\"name\":\"Shop\",\"item\":\"https:\/\/idakorea.ee\/shop-2\/\"},{\"@type\":\"ListItem\",\"position\":3,\"name\":\"Kapslitehnoloogiaga n\u00e4okreem Centellian24 Madeca Mela Capture Ampoule Capsule Cream, 55ml\"}]},{\"@type\":\"WebSite\",\"@id\":\"https:\/\/idakorea.ee\/#website\",\"url\":\"https:\/\/idakorea.ee\/\",\"name\":\"IDA.KOREA\",\"description\":\"Korea kosmeetika e-pood\",\"publisher\":{\"@id\":\"https:\/\/idakorea.ee\/#organization\"},\"alternateName\":\"Beauty Shop\",\"potentialAction\":[{\"@type\":\"SearchAction\",\"target\":{\"@type\":\"EntryPoint\",\"urlTemplate\":\"https:\/\/idakorea.ee\/?s={search_term_string}\"},\"query-input\":{\"@type\":\"PropertyValueSpecification\",\"valueRequired\":true,\"valueName\":\"search_term_string\"}}],\"inLanguage\":\"fi\"},{\"@type\":\"Organization\",\"@id\":\"https:\/\/idakorea.ee\/#organization\",\"name\":\"IDA.KOREA\",\"url\":\"https:\/\/idakorea.ee\/\",\"logo\":{\"@type\":\"ImageObject\",\"inLanguage\":\"fi\",\"@id\":\"https:\/\/idakorea.ee\/#\/schema\/logo\/image\/\",\"url\":\"https:\/\/idakorea.ee\/wp-content\/uploads\/2024\/05\/cropped-korea3.png\",\"contentUrl\":\"https:\/\/idakorea.ee\/wp-content\/uploads\/2024\/05\/cropped-korea3.png\",\"width\":688,\"height\":126,\"caption\":\"IDA.KOREA\"},\"image\":{\"@id\":\"https:\/\/idakorea.ee\/#\/schema\/logo\/image\/\"},\"sameAs\":[\"https:\/\/www.instagram.com\/ida.korea\/\"]}]}<\/script>\n<!-- \/ Yoast SEO plugin. -->","yoast_head_json":{"title":"Centellian24 Madeca Mela Capture Ampoule Capsule Cream, 55ml - IDA.KOREA","description":"Innovatiivne kapslitehnoloogiaga n\u00e4okreem, mis aitab \u00fchtlustada nahatooni, v\u00e4hendada pigmendilaike ja anda nahale s\u00e4rava ning terve v\u00e4limuse.","robots":{"index":"index","follow":"follow","max-snippet":"max-snippet:-1","max-image-preview":"max-image-preview:large","max-video-preview":"max-video-preview:-1"},"canonical":"https:\/\/idakorea.ee\/fi\/product\/centellian24-madeca-mela-capture-ampoule-capsule-cream-55ml\/","og_locale":"fi_FI","og_type":"article","og_title":"Centellian24 Madeca Mela Capture Ampoule Capsule Cream, 55ml - IDA.KOREA","og_description":"Innovatiivne kapslitehnoloogiaga n\u00e4okreem, mis aitab \u00fchtlustada nahatooni, v\u00e4hendada pigmendilaike ja anda nahale s\u00e4rava ning terve v\u00e4limuse.","og_url":"https:\/\/idakorea.ee\/fi\/product\/centellian24-madeca-mela-capture-ampoule-capsule-cream-55ml\/","og_site_name":"IDA.KOREA","article_modified_time":"2026-04-01T09:16:21+00:00","og_image":[{"width":1200,"height":1200,"url":"https:\/\/idakorea.ee\/wp-content\/uploads\/2026\/03\/Centellian24MadecaMelaCaptureAmpouleCapsuleCream55ml-1-idakorea.webp","type":"image\/webp"}],"twitter_card":"summary_large_image","twitter_misc":{"Arvioitu lukuaika":"2 minuuttia"},"schema":{"@context":"https:\/\/schema.org","@graph":[{"@type":"WebPage","@id":"https:\/\/idakorea.ee\/product\/centellian24-madeca-mela-capture-ampoule-capsule-cream-55ml\/","url":"https:\/\/idakorea.ee\/product\/centellian24-madeca-mela-capture-ampoule-capsule-cream-55ml\/","name":"Centellian24 Madeca Mela Capture Ampoule Capsule Cream, 55ml - IDA.KOREA","isPartOf":{"@id":"https:\/\/idakorea.ee\/#website"},"primaryImageOfPage":{"@id":"https:\/\/idakorea.ee\/product\/centellian24-madeca-mela-capture-ampoule-capsule-cream-55ml\/#primaryimage"},"image":{"@id":"https:\/\/idakorea.ee\/product\/centellian24-madeca-mela-capture-ampoule-capsule-cream-55ml\/#primaryimage"},"thumbnailUrl":"https:\/\/idakorea.ee\/wp-content\/uploads\/2026\/03\/Centellian24MadecaMelaCaptureAmpouleCapsuleCream55ml-1-idakorea.webp","datePublished":"2026-03-04T10:46:05+00:00","dateModified":"2026-04-01T09:16:21+00:00","description":"Innovatiivne kapslitehnoloogiaga n\u00e4okreem, mis aitab \u00fchtlustada nahatooni, v\u00e4hendada pigmendilaike ja anda nahale s\u00e4rava ning terve v\u00e4limuse.","breadcrumb":{"@id":"https:\/\/idakorea.ee\/product\/centellian24-madeca-mela-capture-ampoule-capsule-cream-55ml\/#breadcrumb"},"inLanguage":"fi","potentialAction":[{"@type":"ReadAction","target":["https:\/\/idakorea.ee\/product\/centellian24-madeca-mela-capture-ampoule-capsule-cream-55ml\/"]}]},{"@type":"ImageObject","inLanguage":"fi","@id":"https:\/\/idakorea.ee\/product\/centellian24-madeca-mela-capture-ampoule-capsule-cream-55ml\/#primaryimage","url":"https:\/\/idakorea.ee\/wp-content\/uploads\/2026\/03\/Centellian24MadecaMelaCaptureAmpouleCapsuleCream55ml-1-idakorea.webp","contentUrl":"https:\/\/idakorea.ee\/wp-content\/uploads\/2026\/03\/Centellian24MadecaMelaCaptureAmpouleCapsuleCream55ml-1-idakorea.webp","width":1200,"height":1200},{"@type":"BreadcrumbList","@id":"https:\/\/idakorea.ee\/product\/centellian24-madeca-mela-capture-ampoule-capsule-cream-55ml\/#breadcrumb","itemListElement":[{"@type":"ListItem","position":1,"name":"\u0413\u043b\u0430\u0432\u043d\u0430\u044f \u0441\u0442\u0440\u0430\u043d\u0438\u0446\u0430","item":"https:\/\/idakorea.ee\/"},{"@type":"ListItem","position":2,"name":"Shop","item":"https:\/\/idakorea.ee\/shop-2\/"},{"@type":"ListItem","position":3,"name":"Kapslitehnoloogiaga n\u00e4okreem Centellian24 Madeca Mela Capture Ampoule Capsule Cream, 55ml"}]},{"@type":"WebSite","@id":"https:\/\/idakorea.ee\/#website","url":"https:\/\/idakorea.ee\/","name":"IDA.KOREA","description":"Korean kosmetiikan verkkokauppa","publisher":{"@id":"https:\/\/idakorea.ee\/#organization"},"alternateName":"Beauty Shop","potentialAction":[{"@type":"SearchAction","target":{"@type":"EntryPoint","urlTemplate":"https:\/\/idakorea.ee\/?s={search_term_string}"},"query-input":{"@type":"PropertyValueSpecification","valueRequired":true,"valueName":"search_term_string"}}],"inLanguage":"fi"},{"@type":"Organization","@id":"https:\/\/idakorea.ee\/#organization","name":"IDA.KOREA","url":"https:\/\/idakorea.ee\/","logo":{"@type":"ImageObject","inLanguage":"fi","@id":"https:\/\/idakorea.ee\/#\/schema\/logo\/image\/","url":"https:\/\/idakorea.ee\/wp-content\/uploads\/2024\/05\/cropped-korea3.png","contentUrl":"https:\/\/idakorea.ee\/wp-content\/uploads\/2024\/05\/cropped-korea3.png","width":688,"height":126,"caption":"IDA.KOREA"},"image":{"@id":"https:\/\/idakorea.ee\/#\/schema\/logo\/image\/"},"sameAs":["https:\/\/www.instagram.com\/ida.korea\/"]}]}},"jetpack_sharing_enabled":true,"brands":[{"id":1033,"name":"CENTELLIAN24","slug":"centellian24"}],"_links":{"self":[{"href":"https:\/\/idakorea.ee\/fi\/wp-json\/wp\/v2\/product\/17941","targetHints":{"allow":["GET"]}}],"collection":[{"href":"https:\/\/idakorea.ee\/fi\/wp-json\/wp\/v2\/product"}],"about":[{"href":"https:\/\/idakorea.ee\/fi\/wp-json\/wp\/v2\/types\/product"}],"replies":[{"embeddable":true,"href":"https:\/\/idakorea.ee\/fi\/wp-json\/wp\/v2\/comments?post=17941"}],"version-history":[{"count":1,"href":"https:\/\/idakorea.ee\/fi\/wp-json\/wp\/v2\/product\/17941\/revisions"}],"predecessor-version":[{"id":17945,"href":"https:\/\/idakorea.ee\/fi\/wp-json\/wp\/v2\/product\/17941\/revisions\/17945"}],"wp:featuredmedia":[{"embeddable":true,"href":"https:\/\/idakorea.ee\/fi\/wp-json\/wp\/v2\/media\/17943"}],"wp:attachment":[{"href":"https:\/\/idakorea.ee\/fi\/wp-json\/wp\/v2\/media?parent=17941"}],"wp:term":[{"taxonomy":"pwb-brand","embeddable":true,"href":"https:\/\/idakorea.ee\/fi\/wp-json\/wp\/v2\/pwb-brand?post=17941"},{"taxonomy":"product_brand","embeddable":true,"href":"https:\/\/idakorea.ee\/fi\/wp-json\/wp\/v2\/product_brand?post=17941"},{"taxonomy":"product_cat","embeddable":true,"href":"https:\/\/idakorea.ee\/fi\/wp-json\/wp\/v2\/product_cat?post=17941"},{"taxonomy":"product_tag","embeddable":true,"href":"https:\/\/idakorea.ee\/fi\/wp-json\/wp\/v2\/product_tag?post=17941"}],"curies":[{"name":"wp","href":"https:\/\/api.w.org\/{rel}","templated":true}]}}