{"id":17958,"date":"2026-03-05T10:58:51","date_gmt":"2026-03-05T08:58:51","guid":{"rendered":"https:\/\/idakorea.ee\/?post_type=product&#038;p=17958"},"modified":"2026-03-11T13:33:40","modified_gmt":"2026-03-11T11:33:40","slug":"dalba-professional-repairing-hair-perfume-serum-100ml","status":"publish","type":"product","link":"https:\/\/idakorea.ee\/fi\/product\/dalba-professional-repairing-hair-perfume-serum-100ml\/","title":{"rendered":"D\u2019Alba Professional Repairing Hair Perfume Serum, 100ml"},"content":{"rendered":"<p data-start=\"0\" data-end=\"321\"><strong data-start=\"0\" data-end=\"52\">D\u2019Alba Professional Repairing Hair Perfume Serum<\/strong> on palauttava hiussaeerumi, joka on suunniteltu hoitamaan ja suojaamaan hiuksia syv\u00e4lt\u00e4. T\u00e4m\u00e4 monipuolinen tuote yhdist\u00e4\u00e4 tehohoidon hienovaraiseen tuoksuun, joten se on ihanteellinen niille, jotka haluavat hiustensa n\u00e4ytt\u00e4v\u00e4n hoidetuilta, terveilt\u00e4 ja kiilt\u00e4vilt\u00e4.<\/p>\n<p data-start=\"323\" data-end=\"721\">Koostumus perustuu arvokkaisiin ainesosiin, jotka ravitsevat hiuksia sis\u00e4lt\u00e4p\u00e4in, mukaan lukien valkoisen tryffelin ja kasviuutteiden kompleksi. Valkoinen tryffeli tunnetaan palauttavista ja kosteuttavista ominaisuuksistaan, jotka auttavat tekem\u00e4\u00e4n hiuksista pehme\u00e4t, sile\u00e4t ja kiilt\u00e4v\u00e4t. Seerumi tunkeutuu syv\u00e4lle hiuskuituun, vahvistaa hiuksia, parantaa niiden kimmoisuutta ja auttaa v\u00e4hent\u00e4m\u00e4\u00e4n katkeilua ja kaksihaaraisia.<\/p>\n<p data-start=\"723\" data-end=\"1003\">Tuote toimii my\u00f6s l\u00e4mp\u00f6suojana, joka auttaa suojaamaan hiuksia f\u00f6\u00f6nien, suoristusrautajen tai kihartimien aiheuttamilta l\u00e4mp\u00f6vaurioilta. Kevyt ja rasvaton koostumus imeytyy nopeasti, ei j\u00e4t\u00e4 hiuksia raskaaksi tai tahmeaksi ja sopii k\u00e4ytett\u00e4v\u00e4ksi sek\u00e4 kosteille ett\u00e4 kuiville hiuksille.<\/p>\n<p data-start=\"1005\" data-end=\"1199\"><strong data-start=\"1005\" data-end=\"1057\">D\u2019Alba Professional Repairing Hair Perfume Serum<\/strong> ei ole ainoastaan hoitotuote, vaan my\u00f6s hiusten hajuste. Sen elegantti ja miellytt\u00e4v\u00e4 tuoksu kest\u00e4\u00e4 hiuksissa koko p\u00e4iv\u00e4n ja j\u00e4tt\u00e4\u00e4 raikkaan ja puhtaan tunteen.<\/p>\n<p data-start=\"1201\" data-end=\"1406\" data-is-last-node=\"\" data-is-only-node=\"\"><strong data-start=\"1201\" data-end=\"1219\">K\u00e4ytt\u00f6opas:<\/strong><br data-start=\"1219\" data-end=\"1222\" \/>\u00a0Levit\u00e4 tasaisesti puhtaisiin, kosteisiin tai kuiviin hiuksiin kiinnitt\u00e4en erityist\u00e4 huomiota latvoihin. \u00c4l\u00e4 huuhtele. Muotoile haluamallasi tavalla.<\/p>","protected":false},"excerpt":{"rendered":"<p>D&#039;Alba Professional Repairing Hair Perfume Serum on palauttava hiussaippua, joka on suunniteltu hoitamaan ja suojaamaan hiuksia syv\u00e4lt\u00e4. T\u00e4m\u00e4 monipuolinen tuote yhdist\u00e4\u00e4 intensiivisen hiustenhoidon hienovaraiseen tuoksuun, joten se on ihanteellinen niille, jotka haluavat hiustensa n\u00e4ytt\u00e4v\u00e4n hyvin hoidetuilta, terveilt\u00e4 ja kiilt\u00e4vilt\u00e4. Koostumus perustuu arvokkaisiin ainesosiin, jotka ravitsevat hiuksia sis\u00e4lt\u00e4p\u00e4in, mukaan lukien valkoista tryffeli\u00e4 ja kasviuutteita\u2026<\/p>","protected":false},"featured_media":17961,"comment_status":"open","ping_status":"closed","template":"","meta":{"_uf_show_specific_survey":0,"_uf_disable_surveys":false,"_bst_post_transparent":"default","_bst_post_title":"","_bst_post_layout":"default","_bst_post_sidebar_id":"","_bst_post_content_style":"default","_bst_post_vertical_padding":"default","_bst_post_feature":"","_bst_post_feature_position":"","_bst_post_header":false,"_bst_post_footer":false},"pwb-brand":[105],"product_brand":[],"product_cat":[923],"product_tag":[127,1133,1124,568,928],"class_list":{"0":"post-17958","1":"product","2":"type-product","3":"status-publish","4":"has-post-thumbnail","6":"pwb-brand-dalba","7":"product_cat-juuksed","8":"product_tag-dalba","9":"product_tag-hair","10":"product_tag-juuksed","11":"product_tag-korea","12":"product_tag-mist","14":"first","15":"instock","16":"sale","17":"shipping-taxable","18":"purchasable","19":"product-type-simple","20":"entry","21":"content-bg","22":"loop-entry"},"supplier_id":null,"supplier_sku":"","barcode":null,"atum_controlled":true,"out_stock_date":null,"out_stock_threshold":null,"inheritable":false,"inbound_stock":null,"stock_on_hold":0,"sold_today":0,"sales_last_days":0,"out_stock_days":0,"lost_sales":0,"has_location":false,"update_date":"2026-04-14T00:05:09","atum_locations":[],"atum_stock_status":"instock","restock_status":false,"low_stock_amount":"","sales_update_date":"2026-04-14T00:05:09","calc_backorders":null,"yoast_head":"<!-- This site is optimized with the Yoast SEO plugin v27.2 - https:\/\/yoast.com\/product\/yoast-seo-wordpress\/ -->\n<title>D&#039;Alba Professional Repairing Hair Perfume Serum, 100ml - IDA.KOREA<\/title>\n<meta name=\"description\" content=\"Taastav juukseseerum, mis on loodud juuste s\u00fcgavaks hoolduseks ja kaitseks, toode \u00fchendab intensiivse juuksehoolduse ning \u00f5rna parf\u00fc\u00fcmse aroomi.\" \/>\n<meta name=\"robots\" content=\"index, follow, max-snippet:-1, max-image-preview:large, max-video-preview:-1\" \/>\n<link rel=\"canonical\" href=\"https:\/\/idakorea.ee\/fi\/product\/dalba-professional-repairing-hair-perfume-serum-100ml\/\" \/>\n<meta property=\"og:locale\" content=\"fi_FI\" \/>\n<meta property=\"og:type\" content=\"article\" \/>\n<meta property=\"og:title\" content=\"D&#039;Alba Professional Repairing Hair Perfume Serum, 100ml - IDA.KOREA\" \/>\n<meta property=\"og:description\" content=\"Taastav juukseseerum, mis on loodud juuste s\u00fcgavaks hoolduseks ja kaitseks, toode \u00fchendab intensiivse juuksehoolduse ning \u00f5rna parf\u00fc\u00fcmse aroomi.\" \/>\n<meta property=\"og:url\" content=\"https:\/\/idakorea.ee\/fi\/product\/dalba-professional-repairing-hair-perfume-serum-100ml\/\" \/>\n<meta property=\"og:site_name\" content=\"IDA.KOREA\" \/>\n<meta property=\"article:modified_time\" content=\"2026-03-11T11:33:40+00:00\" \/>\n<meta property=\"og:image\" content=\"https:\/\/idakorea.ee\/wp-content\/uploads\/2026\/03\/dalba-hair-serum-idakorea.webp\" \/>\n\t<meta property=\"og:image:width\" content=\"800\" \/>\n\t<meta property=\"og:image:height\" content=\"800\" \/>\n\t<meta property=\"og:image:type\" content=\"image\/webp\" \/>\n<meta name=\"twitter:card\" content=\"summary_large_image\" \/>\n<meta name=\"twitter:label1\" content=\"Arvioitu lukuaika\" \/>\n\t<meta name=\"twitter:data1\" content=\"2 minuuttia\" \/>\n<script type=\"application\/ld+json\" class=\"yoast-schema-graph\">{\"@context\":\"https:\/\/schema.org\",\"@graph\":[{\"@type\":\"WebPage\",\"@id\":\"https:\/\/idakorea.ee\/product\/dalba-professional-repairing-hair-perfume-serum-100ml\/\",\"url\":\"https:\/\/idakorea.ee\/product\/dalba-professional-repairing-hair-perfume-serum-100ml\/\",\"name\":\"D'Alba Professional Repairing Hair Perfume Serum, 100ml - IDA.KOREA\",\"isPartOf\":{\"@id\":\"https:\/\/idakorea.ee\/#website\"},\"primaryImageOfPage\":{\"@id\":\"https:\/\/idakorea.ee\/product\/dalba-professional-repairing-hair-perfume-serum-100ml\/#primaryimage\"},\"image\":{\"@id\":\"https:\/\/idakorea.ee\/product\/dalba-professional-repairing-hair-perfume-serum-100ml\/#primaryimage\"},\"thumbnailUrl\":\"https:\/\/idakorea.ee\/wp-content\/uploads\/2026\/03\/dalba-hair-serum-idakorea.webp\",\"datePublished\":\"2026-03-05T08:58:51+00:00\",\"dateModified\":\"2026-03-11T11:33:40+00:00\",\"description\":\"Taastav juukseseerum, mis on loodud juuste s\u00fcgavaks hoolduseks ja kaitseks, toode \u00fchendab intensiivse juuksehoolduse ning \u00f5rna parf\u00fc\u00fcmse aroomi.\",\"breadcrumb\":{\"@id\":\"https:\/\/idakorea.ee\/product\/dalba-professional-repairing-hair-perfume-serum-100ml\/#breadcrumb\"},\"inLanguage\":\"fi\",\"potentialAction\":[{\"@type\":\"ReadAction\",\"target\":[\"https:\/\/idakorea.ee\/product\/dalba-professional-repairing-hair-perfume-serum-100ml\/\"]}]},{\"@type\":\"ImageObject\",\"inLanguage\":\"fi\",\"@id\":\"https:\/\/idakorea.ee\/product\/dalba-professional-repairing-hair-perfume-serum-100ml\/#primaryimage\",\"url\":\"https:\/\/idakorea.ee\/wp-content\/uploads\/2026\/03\/dalba-hair-serum-idakorea.webp\",\"contentUrl\":\"https:\/\/idakorea.ee\/wp-content\/uploads\/2026\/03\/dalba-hair-serum-idakorea.webp\",\"width\":800,\"height\":800},{\"@type\":\"BreadcrumbList\",\"@id\":\"https:\/\/idakorea.ee\/product\/dalba-professional-repairing-hair-perfume-serum-100ml\/#breadcrumb\",\"itemListElement\":[{\"@type\":\"ListItem\",\"position\":1,\"name\":\"\u0413\u043b\u0430\u0432\u043d\u0430\u044f \u0441\u0442\u0440\u0430\u043d\u0438\u0446\u0430\",\"item\":\"https:\/\/idakorea.ee\/\"},{\"@type\":\"ListItem\",\"position\":2,\"name\":\"Shop\",\"item\":\"https:\/\/idakorea.ee\/shop-2\/\"},{\"@type\":\"ListItem\",\"position\":3,\"name\":\"Taastav juukseseerum D&#8217;Alba Professional Repairing Hair Perfume Serum, 100ml\"}]},{\"@type\":\"WebSite\",\"@id\":\"https:\/\/idakorea.ee\/#website\",\"url\":\"https:\/\/idakorea.ee\/\",\"name\":\"IDA.KOREA\",\"description\":\"Korea kosmeetika e-pood\",\"publisher\":{\"@id\":\"https:\/\/idakorea.ee\/#organization\"},\"alternateName\":\"Beauty Shop\",\"potentialAction\":[{\"@type\":\"SearchAction\",\"target\":{\"@type\":\"EntryPoint\",\"urlTemplate\":\"https:\/\/idakorea.ee\/?s={search_term_string}\"},\"query-input\":{\"@type\":\"PropertyValueSpecification\",\"valueRequired\":true,\"valueName\":\"search_term_string\"}}],\"inLanguage\":\"fi\"},{\"@type\":\"Organization\",\"@id\":\"https:\/\/idakorea.ee\/#organization\",\"name\":\"IDA.KOREA\",\"url\":\"https:\/\/idakorea.ee\/\",\"logo\":{\"@type\":\"ImageObject\",\"inLanguage\":\"fi\",\"@id\":\"https:\/\/idakorea.ee\/#\/schema\/logo\/image\/\",\"url\":\"https:\/\/idakorea.ee\/wp-content\/uploads\/2024\/05\/cropped-korea3.png\",\"contentUrl\":\"https:\/\/idakorea.ee\/wp-content\/uploads\/2024\/05\/cropped-korea3.png\",\"width\":688,\"height\":126,\"caption\":\"IDA.KOREA\"},\"image\":{\"@id\":\"https:\/\/idakorea.ee\/#\/schema\/logo\/image\/\"},\"sameAs\":[\"https:\/\/www.instagram.com\/ida.korea\/\"]}]}<\/script>\n<!-- \/ Yoast SEO plugin. -->","yoast_head_json":{"title":"D'Alba Professional Repairing Hair Perfume Serum, 100ml - IDA.KOREA","description":"Taastav juukseseerum, mis on loodud juuste s\u00fcgavaks hoolduseks ja kaitseks, toode \u00fchendab intensiivse juuksehoolduse ning \u00f5rna parf\u00fc\u00fcmse aroomi.","robots":{"index":"index","follow":"follow","max-snippet":"max-snippet:-1","max-image-preview":"max-image-preview:large","max-video-preview":"max-video-preview:-1"},"canonical":"https:\/\/idakorea.ee\/fi\/product\/dalba-professional-repairing-hair-perfume-serum-100ml\/","og_locale":"fi_FI","og_type":"article","og_title":"D'Alba Professional Repairing Hair Perfume Serum, 100ml - IDA.KOREA","og_description":"Taastav juukseseerum, mis on loodud juuste s\u00fcgavaks hoolduseks ja kaitseks, toode \u00fchendab intensiivse juuksehoolduse ning \u00f5rna parf\u00fc\u00fcmse aroomi.","og_url":"https:\/\/idakorea.ee\/fi\/product\/dalba-professional-repairing-hair-perfume-serum-100ml\/","og_site_name":"IDA.KOREA","article_modified_time":"2026-03-11T11:33:40+00:00","og_image":[{"width":800,"height":800,"url":"https:\/\/idakorea.ee\/wp-content\/uploads\/2026\/03\/dalba-hair-serum-idakorea.webp","type":"image\/webp"}],"twitter_card":"summary_large_image","twitter_misc":{"Arvioitu lukuaika":"2 minuuttia"},"schema":{"@context":"https:\/\/schema.org","@graph":[{"@type":"WebPage","@id":"https:\/\/idakorea.ee\/product\/dalba-professional-repairing-hair-perfume-serum-100ml\/","url":"https:\/\/idakorea.ee\/product\/dalba-professional-repairing-hair-perfume-serum-100ml\/","name":"D'Alba Professional Repairing Hair Perfume Serum, 100ml - IDA.KOREA","isPartOf":{"@id":"https:\/\/idakorea.ee\/#website"},"primaryImageOfPage":{"@id":"https:\/\/idakorea.ee\/product\/dalba-professional-repairing-hair-perfume-serum-100ml\/#primaryimage"},"image":{"@id":"https:\/\/idakorea.ee\/product\/dalba-professional-repairing-hair-perfume-serum-100ml\/#primaryimage"},"thumbnailUrl":"https:\/\/idakorea.ee\/wp-content\/uploads\/2026\/03\/dalba-hair-serum-idakorea.webp","datePublished":"2026-03-05T08:58:51+00:00","dateModified":"2026-03-11T11:33:40+00:00","description":"Taastav juukseseerum, mis on loodud juuste s\u00fcgavaks hoolduseks ja kaitseks, toode \u00fchendab intensiivse juuksehoolduse ning \u00f5rna parf\u00fc\u00fcmse aroomi.","breadcrumb":{"@id":"https:\/\/idakorea.ee\/product\/dalba-professional-repairing-hair-perfume-serum-100ml\/#breadcrumb"},"inLanguage":"fi","potentialAction":[{"@type":"ReadAction","target":["https:\/\/idakorea.ee\/product\/dalba-professional-repairing-hair-perfume-serum-100ml\/"]}]},{"@type":"ImageObject","inLanguage":"fi","@id":"https:\/\/idakorea.ee\/product\/dalba-professional-repairing-hair-perfume-serum-100ml\/#primaryimage","url":"https:\/\/idakorea.ee\/wp-content\/uploads\/2026\/03\/dalba-hair-serum-idakorea.webp","contentUrl":"https:\/\/idakorea.ee\/wp-content\/uploads\/2026\/03\/dalba-hair-serum-idakorea.webp","width":800,"height":800},{"@type":"BreadcrumbList","@id":"https:\/\/idakorea.ee\/product\/dalba-professional-repairing-hair-perfume-serum-100ml\/#breadcrumb","itemListElement":[{"@type":"ListItem","position":1,"name":"\u0413\u043b\u0430\u0432\u043d\u0430\u044f \u0441\u0442\u0440\u0430\u043d\u0438\u0446\u0430","item":"https:\/\/idakorea.ee\/"},{"@type":"ListItem","position":2,"name":"Shop","item":"https:\/\/idakorea.ee\/shop-2\/"},{"@type":"ListItem","position":3,"name":"Taastav juukseseerum D&#8217;Alba Professional Repairing Hair Perfume Serum, 100ml"}]},{"@type":"WebSite","@id":"https:\/\/idakorea.ee\/#website","url":"https:\/\/idakorea.ee\/","name":"IDA.KOREA","description":"Korean kosmetiikan verkkokauppa","publisher":{"@id":"https:\/\/idakorea.ee\/#organization"},"alternateName":"Beauty Shop","potentialAction":[{"@type":"SearchAction","target":{"@type":"EntryPoint","urlTemplate":"https:\/\/idakorea.ee\/?s={search_term_string}"},"query-input":{"@type":"PropertyValueSpecification","valueRequired":true,"valueName":"search_term_string"}}],"inLanguage":"fi"},{"@type":"Organization","@id":"https:\/\/idakorea.ee\/#organization","name":"IDA.KOREA","url":"https:\/\/idakorea.ee\/","logo":{"@type":"ImageObject","inLanguage":"fi","@id":"https:\/\/idakorea.ee\/#\/schema\/logo\/image\/","url":"https:\/\/idakorea.ee\/wp-content\/uploads\/2024\/05\/cropped-korea3.png","contentUrl":"https:\/\/idakorea.ee\/wp-content\/uploads\/2024\/05\/cropped-korea3.png","width":688,"height":126,"caption":"IDA.KOREA"},"image":{"@id":"https:\/\/idakorea.ee\/#\/schema\/logo\/image\/"},"sameAs":["https:\/\/www.instagram.com\/ida.korea\/"]}]}},"jetpack_sharing_enabled":true,"brands":[{"id":105,"name":"d'ALBA","slug":"dalba"}],"_links":{"self":[{"href":"https:\/\/idakorea.ee\/fi\/wp-json\/wp\/v2\/product\/17958","targetHints":{"allow":["GET"]}}],"collection":[{"href":"https:\/\/idakorea.ee\/fi\/wp-json\/wp\/v2\/product"}],"about":[{"href":"https:\/\/idakorea.ee\/fi\/wp-json\/wp\/v2\/types\/product"}],"replies":[{"embeddable":true,"href":"https:\/\/idakorea.ee\/fi\/wp-json\/wp\/v2\/comments?post=17958"}],"version-history":[{"count":2,"href":"https:\/\/idakorea.ee\/fi\/wp-json\/wp\/v2\/product\/17958\/revisions"}],"predecessor-version":[{"id":17964,"href":"https:\/\/idakorea.ee\/fi\/wp-json\/wp\/v2\/product\/17958\/revisions\/17964"}],"wp:featuredmedia":[{"embeddable":true,"href":"https:\/\/idakorea.ee\/fi\/wp-json\/wp\/v2\/media\/17961"}],"wp:attachment":[{"href":"https:\/\/idakorea.ee\/fi\/wp-json\/wp\/v2\/media?parent=17958"}],"wp:term":[{"taxonomy":"pwb-brand","embeddable":true,"href":"https:\/\/idakorea.ee\/fi\/wp-json\/wp\/v2\/pwb-brand?post=17958"},{"taxonomy":"product_brand","embeddable":true,"href":"https:\/\/idakorea.ee\/fi\/wp-json\/wp\/v2\/product_brand?post=17958"},{"taxonomy":"product_cat","embeddable":true,"href":"https:\/\/idakorea.ee\/fi\/wp-json\/wp\/v2\/product_cat?post=17958"},{"taxonomy":"product_tag","embeddable":true,"href":"https:\/\/idakorea.ee\/fi\/wp-json\/wp\/v2\/product_tag?post=17958"}],"curies":[{"name":"wp","href":"https:\/\/api.w.org\/{rel}","templated":true}]}}