{"id":18031,"date":"2026-03-11T15:47:45","date_gmt":"2026-03-11T13:47:45","guid":{"rendered":"https:\/\/idakorea.ee\/?post_type=product&#038;p=18031"},"modified":"2026-04-12T18:56:15","modified_gmt":"2026-04-12T16:56:15","slug":"double-serum-all-in-one-multi-balm-dalba-10g","status":"publish","type":"product","link":"https:\/\/idakorea.ee\/fi\/product\/double-serum-all-in-one-multi-balm-dalba-10g\/","title":{"rendered":"Monitoiminen ik\u00e4\u00e4ntymist\u00e4 ehk\u00e4isev\u00e4 kasvopuikko Double Serum All In One Multi Balm d&#039;Alba, 10g"},"content":{"rendered":"<p>Monitoiminen ik\u00e4\u00e4ntymist\u00e4 ehk\u00e4isev\u00e4 kasvovoidepuikko<strong>\u00a0Tuplaseerumi All In One Multi Balm d&#039;Alba<\/strong> on yleisk\u00e4ytt\u00f6inen hoitotuote kasvojen, huulten ja silm\u00e4nymp\u00e4rysihon tehohoitoon. Kaksivaiheisen seerumin koostumus, joka perustuu valkoiseen tryffeliin ja kasvi\u00f6ljyihin, ravitsee, kosteuttaa ja uudistaa ihoa syv\u00e4llisesti ja auttaa torjumaan ensimm\u00e4isi\u00e4 ik\u00e4\u00e4ntymisen merkkej\u00e4.<\/p>\n<p>Tuote silottaa ryppyj\u00e4, parantaa ihon kimmoisuutta ja antaa iholle luonnollisen hehkun. Kompakti puikkomuotoinen tuote on k\u00e4tev\u00e4 k\u00e4ytt\u00e4\u00e4 mihin aikaan p\u00e4iv\u00e4st\u00e4 tahansa - se pehment\u00e4\u00e4 v\u00e4litt\u00f6m\u00e4sti kuivia alueita, raikastaa meikki\u00e4 ja luo suojakerroksen ymp\u00e4rist\u00f6n haitallisilta vaikutuksilta.<\/p>\n<p><strong>Monitoimisen ik\u00e4\u00e4ntymist\u00e4 ehk\u00e4isev\u00e4n Double Serum All In One Multi Balm d&#039;Alban hy\u00f6dyt:<\/strong><\/p>\n<ul>\n<li>Tehokasta ravintoa ja kosteutta valkoisen tryffeli\u00f6ljyn ansiosta<\/li>\n<li>Silottaa ryppyj\u00e4 ja parantaa ihon kimmoisuutta<\/li>\n<li>Sopii k\u00e4ytett\u00e4v\u00e4ksi kasvoille, huulille ja silmien ymp\u00e4rille<\/li>\n<li>Luo suojaavan esteen ulkoisia aggressiivisia ymp\u00e4rist\u00f6tekij\u00f6it\u00e4 vastaan<\/li>\n<li>Kompakti koko, jota on k\u00e4tev\u00e4 k\u00e4ytt\u00e4\u00e4 p\u00e4iv\u00e4ll\u00e4<\/li>\n<li>Antaa iholle luonnollisen hehkun ja raikkaan ilmeen<\/li>\n<\/ul>\n<p><strong>K\u00e4ytt\u00f6<\/strong><\/p>\n<p>Levit\u00e4 puikkoa kuiville ihoalueille kasvoille, huulille tai silmien ymp\u00e4rille. Tarvittaessa voit k\u00e4ytt\u00e4\u00e4 sit\u00e4 my\u00f6s meikin p\u00e4\u00e4ll\u00e4 kosteuttamaan ja antamaan kiiltoa.<\/p>","protected":false},"excerpt":{"rendered":"<p>Monitoiminen ik\u00e4\u00e4ntymist\u00e4 ehk\u00e4isev\u00e4 kasvopuikko Double Serum All In One Multi Balm d&#039;Alba on yleisk\u00e4ytt\u00f6inen hoitotuote kasvojen, huulten ja silm\u00e4nymp\u00e4rysihon tehohoitoon. Kaksivaiheisen seerumin koostumus, joka perustuu valkoiseen tryffeliin ja kasvi\u00f6ljyihin, ravitsee, kosteuttaa ja palauttaa ihoa syv\u00e4lt\u00e4 sek\u00e4 auttaa torjumaan ensimm\u00e4isi\u00e4 ik\u00e4\u00e4ntymisen merkkej\u00e4. Tuote silottaa ryppyj\u00e4, parantaa ihon kimmoisuutta ja antaa iholle luonnollisen hehkun. Kompakti puikkomuotoinen tuote on\u2026<\/p>","protected":false},"featured_media":18035,"comment_status":"open","ping_status":"closed","template":"","meta":{"_uf_show_specific_survey":0,"_uf_disable_surveys":false,"_bst_post_transparent":"default","_bst_post_title":"","_bst_post_layout":"default","_bst_post_sidebar_id":"","_bst_post_content_style":"default","_bst_post_vertical_padding":"default","_bst_post_feature":"","_bst_post_feature_position":"","_bst_post_header":false,"_bst_post_footer":false},"pwb-brand":[105],"product_brand":[],"product_cat":[92,649],"product_tag":[917,568,635,772],"class_list":{"0":"post-18031","1":"product","2":"type-product","3":"status-publish","4":"has-post-thumbnail","6":"pwb-brand-dalba","7":"product_cat-nagu","8":"product_cat-naopulk","9":"product_tag-balm","10":"product_tag-korea","11":"product_tag-serum","12":"product_tag-truffle","14":"first","15":"instock","16":"sale","17":"shipping-taxable","18":"purchasable","19":"product-type-simple","20":"entry","21":"content-bg","22":"loop-entry"},"supplier_id":null,"supplier_sku":"","barcode":null,"atum_controlled":true,"out_stock_date":null,"out_stock_threshold":null,"inheritable":false,"inbound_stock":null,"stock_on_hold":0,"sold_today":0,"sales_last_days":4,"out_stock_days":0,"lost_sales":0,"has_location":false,"update_date":"2026-04-14T15:01:15","atum_locations":[],"atum_stock_status":"instock","restock_status":false,"low_stock_amount":"","sales_update_date":"2026-04-14T15:01:15","calc_backorders":null,"yoast_head":"<!-- This site is optimized with the Yoast SEO plugin v27.2 - https:\/\/yoast.com\/product\/yoast-seo-wordpress\/ -->\n<title>Double Serum All In One Multi Balm d\u2019Alba, 10g - IDA.KOREA<\/title>\n<meta name=\"description\" content=\"Multifunktsionaalne vananemisvastane n\u00e4opulk on universaalne hooldustoode n\u00e4onaha, huulte ja silma\u00fcmbruse intensiivseks hoolduseks.\" \/>\n<meta name=\"robots\" content=\"index, follow, max-snippet:-1, max-image-preview:large, max-video-preview:-1\" \/>\n<link rel=\"canonical\" href=\"https:\/\/idakorea.ee\/fi\/product\/double-serum-all-in-one-multi-balm-dalba-10g\/\" \/>\n<meta property=\"og:locale\" content=\"fi_FI\" \/>\n<meta property=\"og:type\" content=\"article\" \/>\n<meta property=\"og:title\" content=\"Double Serum All In One Multi Balm d\u2019Alba, 10g - IDA.KOREA\" \/>\n<meta property=\"og:description\" content=\"Multifunktsionaalne vananemisvastane n\u00e4opulk on universaalne hooldustoode n\u00e4onaha, huulte ja silma\u00fcmbruse intensiivseks hoolduseks.\" \/>\n<meta property=\"og:url\" content=\"https:\/\/idakorea.ee\/fi\/product\/double-serum-all-in-one-multi-balm-dalba-10g\/\" \/>\n<meta property=\"og:site_name\" content=\"IDA.KOREA\" \/>\n<meta property=\"article:modified_time\" content=\"2026-04-12T16:56:15+00:00\" \/>\n<meta property=\"og:image\" content=\"https:\/\/idakorea.ee\/wp-content\/uploads\/2026\/03\/d_AlbaDoubleSerumAllInOneMultiBalm-idakorea.webp\" \/>\n\t<meta property=\"og:image:width\" content=\"950\" \/>\n\t<meta property=\"og:image:height\" content=\"950\" \/>\n\t<meta property=\"og:image:type\" content=\"image\/webp\" \/>\n<meta name=\"twitter:card\" content=\"summary_large_image\" \/>\n<meta name=\"twitter:label1\" content=\"Arvioitu lukuaika\" \/>\n\t<meta name=\"twitter:data1\" content=\"2 minuuttia\" \/>\n<script type=\"application\/ld+json\" class=\"yoast-schema-graph\">{\"@context\":\"https:\/\/schema.org\",\"@graph\":[{\"@type\":\"WebPage\",\"@id\":\"https:\/\/idakorea.ee\/product\/double-serum-all-in-one-multi-balm-dalba-10g\/\",\"url\":\"https:\/\/idakorea.ee\/product\/double-serum-all-in-one-multi-balm-dalba-10g\/\",\"name\":\"Double Serum All In One Multi Balm d\u2019Alba, 10g - IDA.KOREA\",\"isPartOf\":{\"@id\":\"https:\/\/idakorea.ee\/#website\"},\"primaryImageOfPage\":{\"@id\":\"https:\/\/idakorea.ee\/product\/double-serum-all-in-one-multi-balm-dalba-10g\/#primaryimage\"},\"image\":{\"@id\":\"https:\/\/idakorea.ee\/product\/double-serum-all-in-one-multi-balm-dalba-10g\/#primaryimage\"},\"thumbnailUrl\":\"https:\/\/idakorea.ee\/wp-content\/uploads\/2026\/03\/d_AlbaDoubleSerumAllInOneMultiBalm-idakorea.webp\",\"datePublished\":\"2026-03-11T13:47:45+00:00\",\"dateModified\":\"2026-04-12T16:56:15+00:00\",\"description\":\"Multifunktsionaalne vananemisvastane n\u00e4opulk on universaalne hooldustoode n\u00e4onaha, huulte ja silma\u00fcmbruse intensiivseks hoolduseks.\",\"breadcrumb\":{\"@id\":\"https:\/\/idakorea.ee\/product\/double-serum-all-in-one-multi-balm-dalba-10g\/#breadcrumb\"},\"inLanguage\":\"fi\",\"potentialAction\":[{\"@type\":\"ReadAction\",\"target\":[\"https:\/\/idakorea.ee\/product\/double-serum-all-in-one-multi-balm-dalba-10g\/\"]}]},{\"@type\":\"ImageObject\",\"inLanguage\":\"fi\",\"@id\":\"https:\/\/idakorea.ee\/product\/double-serum-all-in-one-multi-balm-dalba-10g\/#primaryimage\",\"url\":\"https:\/\/idakorea.ee\/wp-content\/uploads\/2026\/03\/d_AlbaDoubleSerumAllInOneMultiBalm-idakorea.webp\",\"contentUrl\":\"https:\/\/idakorea.ee\/wp-content\/uploads\/2026\/03\/d_AlbaDoubleSerumAllInOneMultiBalm-idakorea.webp\",\"width\":950,\"height\":950},{\"@type\":\"BreadcrumbList\",\"@id\":\"https:\/\/idakorea.ee\/product\/double-serum-all-in-one-multi-balm-dalba-10g\/#breadcrumb\",\"itemListElement\":[{\"@type\":\"ListItem\",\"position\":1,\"name\":\"\u0413\u043b\u0430\u0432\u043d\u0430\u044f \u0441\u0442\u0440\u0430\u043d\u0438\u0446\u0430\",\"item\":\"https:\/\/idakorea.ee\/\"},{\"@type\":\"ListItem\",\"position\":2,\"name\":\"Shop\",\"item\":\"https:\/\/idakorea.ee\/shop-2\/\"},{\"@type\":\"ListItem\",\"position\":3,\"name\":\"Multifunktsionaalne vananemisvastane n\u00e4opulk Double Serum All In One Multi Balm d\u2019Alba, 10g\"}]},{\"@type\":\"WebSite\",\"@id\":\"https:\/\/idakorea.ee\/#website\",\"url\":\"https:\/\/idakorea.ee\/\",\"name\":\"IDA.KOREA\",\"description\":\"Korea kosmeetika e-pood\",\"publisher\":{\"@id\":\"https:\/\/idakorea.ee\/#organization\"},\"alternateName\":\"Beauty Shop\",\"potentialAction\":[{\"@type\":\"SearchAction\",\"target\":{\"@type\":\"EntryPoint\",\"urlTemplate\":\"https:\/\/idakorea.ee\/?s={search_term_string}\"},\"query-input\":{\"@type\":\"PropertyValueSpecification\",\"valueRequired\":true,\"valueName\":\"search_term_string\"}}],\"inLanguage\":\"fi\"},{\"@type\":\"Organization\",\"@id\":\"https:\/\/idakorea.ee\/#organization\",\"name\":\"IDA.KOREA\",\"url\":\"https:\/\/idakorea.ee\/\",\"logo\":{\"@type\":\"ImageObject\",\"inLanguage\":\"fi\",\"@id\":\"https:\/\/idakorea.ee\/#\/schema\/logo\/image\/\",\"url\":\"https:\/\/idakorea.ee\/wp-content\/uploads\/2024\/05\/cropped-korea3.png\",\"contentUrl\":\"https:\/\/idakorea.ee\/wp-content\/uploads\/2024\/05\/cropped-korea3.png\",\"width\":688,\"height\":126,\"caption\":\"IDA.KOREA\"},\"image\":{\"@id\":\"https:\/\/idakorea.ee\/#\/schema\/logo\/image\/\"},\"sameAs\":[\"https:\/\/www.instagram.com\/ida.korea\/\"]}]}<\/script>\n<!-- \/ Yoast SEO plugin. -->","yoast_head_json":{"title":"Double Serum All In One Multi Balm d\u2019Alba, 10g - IDA.KOREA","description":"Multifunktsionaalne vananemisvastane n\u00e4opulk on universaalne hooldustoode n\u00e4onaha, huulte ja silma\u00fcmbruse intensiivseks hoolduseks.","robots":{"index":"index","follow":"follow","max-snippet":"max-snippet:-1","max-image-preview":"max-image-preview:large","max-video-preview":"max-video-preview:-1"},"canonical":"https:\/\/idakorea.ee\/fi\/product\/double-serum-all-in-one-multi-balm-dalba-10g\/","og_locale":"fi_FI","og_type":"article","og_title":"Double Serum All In One Multi Balm d\u2019Alba, 10g - IDA.KOREA","og_description":"Multifunktsionaalne vananemisvastane n\u00e4opulk on universaalne hooldustoode n\u00e4onaha, huulte ja silma\u00fcmbruse intensiivseks hoolduseks.","og_url":"https:\/\/idakorea.ee\/fi\/product\/double-serum-all-in-one-multi-balm-dalba-10g\/","og_site_name":"IDA.KOREA","article_modified_time":"2026-04-12T16:56:15+00:00","og_image":[{"width":950,"height":950,"url":"https:\/\/idakorea.ee\/wp-content\/uploads\/2026\/03\/d_AlbaDoubleSerumAllInOneMultiBalm-idakorea.webp","type":"image\/webp"}],"twitter_card":"summary_large_image","twitter_misc":{"Arvioitu lukuaika":"2 minuuttia"},"schema":{"@context":"https:\/\/schema.org","@graph":[{"@type":"WebPage","@id":"https:\/\/idakorea.ee\/product\/double-serum-all-in-one-multi-balm-dalba-10g\/","url":"https:\/\/idakorea.ee\/product\/double-serum-all-in-one-multi-balm-dalba-10g\/","name":"Double Serum All In One Multi Balm d\u2019Alba, 10g - IDA.KOREA","isPartOf":{"@id":"https:\/\/idakorea.ee\/#website"},"primaryImageOfPage":{"@id":"https:\/\/idakorea.ee\/product\/double-serum-all-in-one-multi-balm-dalba-10g\/#primaryimage"},"image":{"@id":"https:\/\/idakorea.ee\/product\/double-serum-all-in-one-multi-balm-dalba-10g\/#primaryimage"},"thumbnailUrl":"https:\/\/idakorea.ee\/wp-content\/uploads\/2026\/03\/d_AlbaDoubleSerumAllInOneMultiBalm-idakorea.webp","datePublished":"2026-03-11T13:47:45+00:00","dateModified":"2026-04-12T16:56:15+00:00","description":"Multifunktsionaalne vananemisvastane n\u00e4opulk on universaalne hooldustoode n\u00e4onaha, huulte ja silma\u00fcmbruse intensiivseks hoolduseks.","breadcrumb":{"@id":"https:\/\/idakorea.ee\/product\/double-serum-all-in-one-multi-balm-dalba-10g\/#breadcrumb"},"inLanguage":"fi","potentialAction":[{"@type":"ReadAction","target":["https:\/\/idakorea.ee\/product\/double-serum-all-in-one-multi-balm-dalba-10g\/"]}]},{"@type":"ImageObject","inLanguage":"fi","@id":"https:\/\/idakorea.ee\/product\/double-serum-all-in-one-multi-balm-dalba-10g\/#primaryimage","url":"https:\/\/idakorea.ee\/wp-content\/uploads\/2026\/03\/d_AlbaDoubleSerumAllInOneMultiBalm-idakorea.webp","contentUrl":"https:\/\/idakorea.ee\/wp-content\/uploads\/2026\/03\/d_AlbaDoubleSerumAllInOneMultiBalm-idakorea.webp","width":950,"height":950},{"@type":"BreadcrumbList","@id":"https:\/\/idakorea.ee\/product\/double-serum-all-in-one-multi-balm-dalba-10g\/#breadcrumb","itemListElement":[{"@type":"ListItem","position":1,"name":"\u0413\u043b\u0430\u0432\u043d\u0430\u044f \u0441\u0442\u0440\u0430\u043d\u0438\u0446\u0430","item":"https:\/\/idakorea.ee\/"},{"@type":"ListItem","position":2,"name":"Shop","item":"https:\/\/idakorea.ee\/shop-2\/"},{"@type":"ListItem","position":3,"name":"Multifunktsionaalne vananemisvastane n\u00e4opulk Double Serum All In One Multi Balm d\u2019Alba, 10g"}]},{"@type":"WebSite","@id":"https:\/\/idakorea.ee\/#website","url":"https:\/\/idakorea.ee\/","name":"IDA.KOREA","description":"Korean kosmetiikan verkkokauppa","publisher":{"@id":"https:\/\/idakorea.ee\/#organization"},"alternateName":"Beauty Shop","potentialAction":[{"@type":"SearchAction","target":{"@type":"EntryPoint","urlTemplate":"https:\/\/idakorea.ee\/?s={search_term_string}"},"query-input":{"@type":"PropertyValueSpecification","valueRequired":true,"valueName":"search_term_string"}}],"inLanguage":"fi"},{"@type":"Organization","@id":"https:\/\/idakorea.ee\/#organization","name":"IDA.KOREA","url":"https:\/\/idakorea.ee\/","logo":{"@type":"ImageObject","inLanguage":"fi","@id":"https:\/\/idakorea.ee\/#\/schema\/logo\/image\/","url":"https:\/\/idakorea.ee\/wp-content\/uploads\/2024\/05\/cropped-korea3.png","contentUrl":"https:\/\/idakorea.ee\/wp-content\/uploads\/2024\/05\/cropped-korea3.png","width":688,"height":126,"caption":"IDA.KOREA"},"image":{"@id":"https:\/\/idakorea.ee\/#\/schema\/logo\/image\/"},"sameAs":["https:\/\/www.instagram.com\/ida.korea\/"]}]}},"jetpack_sharing_enabled":true,"brands":[{"id":105,"name":"d'ALBA","slug":"dalba"}],"_links":{"self":[{"href":"https:\/\/idakorea.ee\/fi\/wp-json\/wp\/v2\/product\/18031","targetHints":{"allow":["GET"]}}],"collection":[{"href":"https:\/\/idakorea.ee\/fi\/wp-json\/wp\/v2\/product"}],"about":[{"href":"https:\/\/idakorea.ee\/fi\/wp-json\/wp\/v2\/types\/product"}],"replies":[{"embeddable":true,"href":"https:\/\/idakorea.ee\/fi\/wp-json\/wp\/v2\/comments?post=18031"}],"version-history":[{"count":2,"href":"https:\/\/idakorea.ee\/fi\/wp-json\/wp\/v2\/product\/18031\/revisions"}],"predecessor-version":[{"id":18038,"href":"https:\/\/idakorea.ee\/fi\/wp-json\/wp\/v2\/product\/18031\/revisions\/18038"}],"wp:featuredmedia":[{"embeddable":true,"href":"https:\/\/idakorea.ee\/fi\/wp-json\/wp\/v2\/media\/18035"}],"wp:attachment":[{"href":"https:\/\/idakorea.ee\/fi\/wp-json\/wp\/v2\/media?parent=18031"}],"wp:term":[{"taxonomy":"pwb-brand","embeddable":true,"href":"https:\/\/idakorea.ee\/fi\/wp-json\/wp\/v2\/pwb-brand?post=18031"},{"taxonomy":"product_brand","embeddable":true,"href":"https:\/\/idakorea.ee\/fi\/wp-json\/wp\/v2\/product_brand?post=18031"},{"taxonomy":"product_cat","embeddable":true,"href":"https:\/\/idakorea.ee\/fi\/wp-json\/wp\/v2\/product_cat?post=18031"},{"taxonomy":"product_tag","embeddable":true,"href":"https:\/\/idakorea.ee\/fi\/wp-json\/wp\/v2\/product_tag?post=18031"}],"curies":[{"name":"wp","href":"https:\/\/api.w.org\/{rel}","templated":true}]}}