{"id":18081,"date":"2026-03-15T17:27:52","date_gmt":"2026-03-15T15:27:52","guid":{"rendered":"https:\/\/idakorea.ee\/?post_type=product&#038;p=18081"},"modified":"2026-04-04T11:08:08","modified_gmt":"2026-04-04T09:08:08","slug":"eunyul-purity-pomegranate-sheet-mask","status":"publish","type":"product","link":"https:\/\/idakorea.ee\/fi\/product\/eunyul-purity-pomegranate-sheet-mask\/","title":{"rendered":"Eunyul Purity Pomegranate Sheet Mask"},"content":{"rendered":"<p data-start=\"0\" data-end=\"151\" class=\"translation-block\"><span class=\"BZ_Pyq_fadeIn\">N\u00e4ole <\/span><span class=\"BZ_Pyq_fadeIn\">m\u00f5eldud <\/span><span class=\"BZ_Pyq_fadeIn\">kangasmask <\/span><span class=\"BZ_Pyq_fadeIn\">granaat\u00f5unaekstraktiga <\/span><strong>Eunyul Purity Pomegranate Sheet Mask <\/strong><span class=\"BZ_Pyq_fadeIn\">aitab <\/span><span class=\"BZ_Pyq_fadeIn\">k\u00f5rvaldada <\/span><span class=\"BZ_Pyq_fadeIn\">naha <\/span><span class=\"BZ_Pyq_fadeIn\">tuhmi <\/span><span class=\"BZ_Pyq_fadeIn\">ilme <\/span><span class=\"BZ_Pyq_fadeIn\">ja <\/span><span class=\"BZ_Pyq_fadeIn\">v\u00e4simuse, <\/span><span class=\"BZ_Pyq_fadeIn\">\u00fchtlustab <\/span><span class=\"BZ_Pyq_fadeIn\">nahatooni <\/span><span class=\"BZ_Pyq_fadeIn\">ning <\/span><span class=\"BZ_Pyq_fadeIn\">taastab <\/span><span class=\"BZ_Pyq_fadeIn\">naha <\/span><span class=\"BZ_Pyq_fadeIn\">loomuliku <\/span><span class=\"BZ_Pyq_fadeIn\">s\u00e4ra.<\/span><\/p>\n<p data-start=\"153\" data-end=\"403\" class=\"translation-block\"><span class=\"BZ_Pyq_fadeIn\">Granaat\u00f5unaekstrakt<\/span><span class=\"BZ_Pyq_fadeIn\">, <\/span><span class=\"BZ_Pyq_fadeIn\">t\u00e4nu <\/span><span class=\"BZ_Pyq_fadeIn\">ellagiinhappe <\/span><span class=\"BZ_Pyq_fadeIn\">sisaldusele, <\/span><span class=\"BZ_Pyq_fadeIn\">niisutab <\/span><span class=\"BZ_Pyq_fadeIn\">ja <\/span><span class=\"BZ_Pyq_fadeIn\">rikastab <\/span><span class=\"BZ_Pyq_fadeIn\">nahka <\/span><span class=\"BZ_Pyq_fadeIn\">vitamiinidega, <\/span><span class=\"BZ_Pyq_fadeIn\">suurendab <\/span><span class=\"BZ_Pyq_fadeIn\">elastsust <\/span><span class=\"BZ_Pyq_fadeIn\">ja <\/span><span class=\"BZ_Pyq_fadeIn\">parandab <\/span><span class=\"BZ_Pyq_fadeIn\">naha <\/span><span class=\"BZ_Pyq_fadeIn\">toonust, <\/span><span class=\"BZ_Pyq_fadeIn\">aitab <\/span><span class=\"BZ_Pyq_fadeIn\">ennetada <\/span><span class=\"BZ_Pyq_fadeIn\">kortsude <\/span><span class=\"BZ_Pyq_fadeIn\">teket <\/span><span class=\"BZ_Pyq_fadeIn\">ning <\/span><span class=\"BZ_Pyq_fadeIn\">kaitseb <\/span><span class=\"BZ_Pyq_fadeIn\">nahka <\/span><span class=\"BZ_Pyq_fadeIn\">keskkonna <\/span><span class=\"BZ_Pyq_fadeIn\">kahjulike <\/span><span class=\"BZ_Pyq_fadeIn\">m\u00f5jude <\/span><span class=\"BZ_Pyq_fadeIn\">ja <\/span><span class=\"BZ_Pyq_fadeIn\">ultraviolettkiirguse <\/span><span class=\"BZ_Pyq_fadeIn\">eest.<\/span><\/p>\n<p data-start=\"405\" data-end=\"528\" class=\"translation-block\"><span class=\"BZ_Pyq_fadeIn\">Lisaks <\/span><span class=\"BZ_Pyq_fadeIn\">seovad <\/span><span class=\"BZ_Pyq_fadeIn\">granaat\u00f5unas <\/span><span class=\"BZ_Pyq_fadeIn\">sisalduvad <\/span><span class=\"BZ_Pyq_fadeIn\">pol\u00fcfenoolid<\/span> <span class=\"BZ_Pyq_fadeIn\">vabu <\/span><span class=\"BZ_Pyq_fadeIn\">radikaale, <\/span><span class=\"BZ_Pyq_fadeIn\">aidates <\/span><span class=\"BZ_Pyq_fadeIn\">seel\u00e4bi <\/span><span class=\"BZ_Pyq_fadeIn\">ennetada <\/span><span class=\"BZ_Pyq_fadeIn\">naha <\/span><span class=\"BZ_Pyq_fadeIn\">enneaegset <\/span><span class=\"BZ_Pyq_fadeIn\">vananemist.<\/span><\/p>\n<p data-start=\"530\" data-end=\"750\" class=\"translation-block\"><span class=\"BZ_Pyq_fadeIn\">Puuviljas <\/span><span class=\"BZ_Pyq_fadeIn\">sisalduvad <\/span><span class=\"BZ_Pyq_fadeIn\">aktiivsed <\/span><span class=\"BZ_Pyq_fadeIn\">ained <\/span><span class=\"BZ_Pyq_fadeIn\">niisutavad <\/span><span class=\"BZ_Pyq_fadeIn\">kuiva <\/span><span class=\"BZ_Pyq_fadeIn\">nahka, <\/span><span class=\"BZ_Pyq_fadeIn\">pehmendavad <\/span><span class=\"BZ_Pyq_fadeIn\">seda <\/span><span class=\"BZ_Pyq_fadeIn\">ja <\/span><span class=\"BZ_Pyq_fadeIn\">muudavad <\/span><span class=\"BZ_Pyq_fadeIn\">elastsemaks. <\/span><span class=\"BZ_Pyq_fadeIn\">Samuti <\/span><span class=\"BZ_Pyq_fadeIn\">aitavad <\/span><span class=\"BZ_Pyq_fadeIn\">need <\/span><span class=\"BZ_Pyq_fadeIn\">v\u00e4hendada <\/span><span class=\"BZ_Pyq_fadeIn\">p\u00f5letikku, <\/span><span class=\"BZ_Pyq_fadeIn\">pakuvad <\/span><span class=\"BZ_Pyq_fadeIn\">kerget <\/span><span class=\"BZ_Pyq_fadeIn\">koorivat <\/span><span class=\"BZ_Pyq_fadeIn\">toimet <\/span><span class=\"BZ_Pyq_fadeIn\">ning <\/span><span class=\"BZ_Pyq_fadeIn\">annavad <\/span><span class=\"BZ_Pyq_fadeIn\">nahale <\/span><span class=\"BZ_Pyq_fadeIn\">terve <\/span><span class=\"BZ_Pyq_fadeIn\">ja <\/span><span class=\"BZ_Pyq_fadeIn\">v\u00e4rske <\/span><span class=\"BZ_Pyq_fadeIn\">v\u00e4limuse.<\/span><\/p>\n<p data-section-id=\"16rwqds\" data-start=\"752\" data-end=\"766\"><strong><span class=\"BZ_Pyq_fadeIn\">K\u00e4ytt\u00f6<\/span><\/strong><\/p>\n<p data-start=\"767\" data-end=\"952\" class=\"translation-block\"><span class=\"BZ_Pyq_fadeIn\">V\u00f5ta <\/span><span class=\"BZ_Pyq_fadeIn\">mask <\/span><span class=\"BZ_Pyq_fadeIn\">pakendist <\/span><span class=\"BZ_Pyq_fadeIn\">ja <\/span><span class=\"BZ_Pyq_fadeIn\">aseta <\/span><span class=\"BZ_Pyq_fadeIn\">see <\/span><span class=\"BZ_Pyq_fadeIn\">puhastatud <\/span><span class=\"BZ_Pyq_fadeIn\">ning <\/span><span class=\"BZ_Pyq_fadeIn\">toonikuga <\/span><span class=\"BZ_Pyq_fadeIn\">ettevalmistatud <\/span><span class=\"BZ_Pyq_fadeIn\">nahale. <\/span><span class=\"BZ_Pyq_fadeIn\">Silu <\/span><span class=\"BZ_Pyq_fadeIn\">mask <\/span><span class=\"BZ_Pyq_fadeIn\">hoolikalt <\/span><span class=\"BZ_Pyq_fadeIn\">n\u00e4ole, <\/span><span class=\"BZ_Pyq_fadeIn\">eemaldades <\/span><span class=\"BZ_Pyq_fadeIn\">k\u00f5ik <\/span><span class=\"BZ_Pyq_fadeIn\">voldid <\/span><span class=\"BZ_Pyq_fadeIn\">ja <\/span><span class=\"BZ_Pyq_fadeIn\">\u00f5humullid, <\/span><span class=\"BZ_Pyq_fadeIn\">ning <\/span><span class=\"BZ_Pyq_fadeIn\">j\u00e4ta <\/span><span class=\"BZ_Pyq_fadeIn\">m\u00f5juma <\/span><span class=\"BZ_Pyq_fadeIn\">15\u2013<\/span><span class=\"BZ_Pyq_fadeIn\">20 <\/span><span class=\"BZ_Pyq_fadeIn\">minutiks<\/span><span class=\"BZ_Pyq_fadeIn\">. <\/span><span class=\"BZ_Pyq_fadeIn\">Seej\u00e4rel <\/span><span class=\"BZ_Pyq_fadeIn\">eemalda <\/span><span class=\"BZ_Pyq_fadeIn\">mask <\/span><span class=\"BZ_Pyq_fadeIn\">ja <\/span><span class=\"BZ_Pyq_fadeIn\">masseeri <\/span><span class=\"BZ_Pyq_fadeIn\">nahale <\/span><span class=\"BZ_Pyq_fadeIn\">pakendis <\/span><span class=\"BZ_Pyq_fadeIn\">olev <\/span><span class=\"BZ_Pyq_fadeIn\">allesj\u00e4\u00e4nud <\/span><span class=\"BZ_Pyq_fadeIn\">essents<\/span><span class=\"BZ_Pyq_fadeIn\">.<\/span><\/p>","protected":false},"excerpt":{"rendered":"<p>Eunyul Purity Pomegranate -kangasnaamio auttaa poistamaan sameutta ja v\u00e4symyst\u00e4, tasoittaa ihon s\u00e4vy\u00e4 ja palauttaa ihon luonnollisen hehkun. Granaattiomenauute kosteuttaa ja rikastuttaa ihoa vitamiineilla ellagiinihappopitoisuutensa ansiosta, lis\u00e4\u00e4 kimmoisuutta ja parantaa ihon s\u00e4vy\u00e4, auttaa ehk\u00e4isem\u00e4\u00e4n ryppyj\u00e4 ja suojaa ihoa ymp\u00e4rist\u00f6n ja ultraviolettis\u00e4teilyn haitallisilta vaikutuksilta. Lis\u00e4ksi granaattiomenan sis\u00e4lt\u00e4m\u00e4t antioksidantit\u2026<\/p>","protected":false},"featured_media":18083,"comment_status":"open","ping_status":"closed","template":"","meta":{"_uf_show_specific_survey":0,"_uf_disable_surveys":false,"_bst_post_transparent":"default","_bst_post_title":"","_bst_post_layout":"default","_bst_post_sidebar_id":"","_bst_post_content_style":"default","_bst_post_vertical_padding":"default","_bst_post_feature":"","_bst_post_feature_position":"","_bst_post_header":false,"_bst_post_footer":false},"pwb-brand":[1137],"product_brand":[],"product_cat":[92,98],"product_tag":[568,614],"class_list":{"0":"post-18081","1":"product","2":"type-product","3":"status-publish","4":"has-post-thumbnail","6":"pwb-brand-eunyul","7":"product_cat-nagu","8":"product_cat-naomaskid","9":"product_tag-korea","10":"product_tag-mask","12":"first","13":"instock","14":"sale","15":"shipping-taxable","16":"purchasable","17":"product-type-simple","18":"entry","19":"content-bg","20":"loop-entry"},"supplier_id":null,"supplier_sku":"","barcode":null,"atum_controlled":true,"out_stock_date":null,"out_stock_threshold":null,"inheritable":false,"inbound_stock":null,"stock_on_hold":0,"sold_today":0,"sales_last_days":2,"out_stock_days":0,"lost_sales":0,"has_location":false,"update_date":"2026-04-14T00:05:05","atum_locations":[],"atum_stock_status":"instock","restock_status":false,"low_stock_amount":"","sales_update_date":"2026-04-14T00:05:05","calc_backorders":null,"yoast_head":"<!-- This site is optimized with the Yoast SEO plugin v27.2 - https:\/\/yoast.com\/product\/yoast-seo-wordpress\/ -->\n<title>Eunyul Purity Pomegranate Sheet Mask - IDA.KOREA<\/title>\n<meta name=\"description\" content=\"N\u00e4ole m\u00f5eldud kangasmask granaat\u00f5unaekstraktiga aitab k\u00f5rvaldada naha tuhmi ilme ja v\u00e4simuse, \u00fchtlustab nahatooni ning taastab naha loomuliku s\u00e4ra.\" \/>\n<meta name=\"robots\" content=\"index, follow, max-snippet:-1, max-image-preview:large, max-video-preview:-1\" \/>\n<link rel=\"canonical\" href=\"https:\/\/idakorea.ee\/fi\/product\/eunyul-purity-pomegranate-sheet-mask\/\" \/>\n<meta property=\"og:locale\" content=\"fi_FI\" \/>\n<meta property=\"og:type\" content=\"article\" \/>\n<meta property=\"og:title\" content=\"Eunyul Purity Pomegranate Sheet Mask - IDA.KOREA\" \/>\n<meta property=\"og:description\" content=\"N\u00e4ole m\u00f5eldud kangasmask granaat\u00f5unaekstraktiga aitab k\u00f5rvaldada naha tuhmi ilme ja v\u00e4simuse, \u00fchtlustab nahatooni ning taastab naha loomuliku s\u00e4ra.\" \/>\n<meta property=\"og:url\" content=\"https:\/\/idakorea.ee\/fi\/product\/eunyul-purity-pomegranate-sheet-mask\/\" \/>\n<meta property=\"og:site_name\" content=\"IDA.KOREA\" \/>\n<meta property=\"article:modified_time\" content=\"2026-04-04T09:08:08+00:00\" \/>\n<meta property=\"og:image\" content=\"https:\/\/idakorea.ee\/wp-content\/uploads\/2026\/03\/eunyul-natural-moisture-mask-pack-pomegranate-idakorea.jpg\" \/>\n\t<meta property=\"og:image:width\" content=\"400\" \/>\n\t<meta property=\"og:image:height\" content=\"400\" \/>\n\t<meta property=\"og:image:type\" content=\"image\/jpeg\" \/>\n<meta name=\"twitter:card\" content=\"summary_large_image\" \/>\n<meta name=\"twitter:label1\" content=\"Arvioitu lukuaika\" \/>\n\t<meta name=\"twitter:data1\" content=\"1 minuutti\" \/>\n<script type=\"application\/ld+json\" class=\"yoast-schema-graph\">{\"@context\":\"https:\/\/schema.org\",\"@graph\":[{\"@type\":\"WebPage\",\"@id\":\"https:\/\/idakorea.ee\/product\/eunyul-purity-pomegranate-sheet-mask\/\",\"url\":\"https:\/\/idakorea.ee\/product\/eunyul-purity-pomegranate-sheet-mask\/\",\"name\":\"Eunyul Purity Pomegranate Sheet Mask - IDA.KOREA\",\"isPartOf\":{\"@id\":\"https:\/\/idakorea.ee\/#website\"},\"primaryImageOfPage\":{\"@id\":\"https:\/\/idakorea.ee\/product\/eunyul-purity-pomegranate-sheet-mask\/#primaryimage\"},\"image\":{\"@id\":\"https:\/\/idakorea.ee\/product\/eunyul-purity-pomegranate-sheet-mask\/#primaryimage\"},\"thumbnailUrl\":\"https:\/\/idakorea.ee\/wp-content\/uploads\/2026\/03\/eunyul-natural-moisture-mask-pack-pomegranate-idakorea.jpg\",\"datePublished\":\"2026-03-15T15:27:52+00:00\",\"dateModified\":\"2026-04-04T09:08:08+00:00\",\"description\":\"N\u00e4ole m\u00f5eldud kangasmask granaat\u00f5unaekstraktiga aitab k\u00f5rvaldada naha tuhmi ilme ja v\u00e4simuse, \u00fchtlustab nahatooni ning taastab naha loomuliku s\u00e4ra.\",\"breadcrumb\":{\"@id\":\"https:\/\/idakorea.ee\/product\/eunyul-purity-pomegranate-sheet-mask\/#breadcrumb\"},\"inLanguage\":\"fi\",\"potentialAction\":[{\"@type\":\"ReadAction\",\"target\":[\"https:\/\/idakorea.ee\/product\/eunyul-purity-pomegranate-sheet-mask\/\"]}]},{\"@type\":\"ImageObject\",\"inLanguage\":\"fi\",\"@id\":\"https:\/\/idakorea.ee\/product\/eunyul-purity-pomegranate-sheet-mask\/#primaryimage\",\"url\":\"https:\/\/idakorea.ee\/wp-content\/uploads\/2026\/03\/eunyul-natural-moisture-mask-pack-pomegranate-idakorea.jpg\",\"contentUrl\":\"https:\/\/idakorea.ee\/wp-content\/uploads\/2026\/03\/eunyul-natural-moisture-mask-pack-pomegranate-idakorea.jpg\",\"width\":400,\"height\":400},{\"@type\":\"BreadcrumbList\",\"@id\":\"https:\/\/idakorea.ee\/product\/eunyul-purity-pomegranate-sheet-mask\/#breadcrumb\",\"itemListElement\":[{\"@type\":\"ListItem\",\"position\":1,\"name\":\"\u0413\u043b\u0430\u0432\u043d\u0430\u044f \u0441\u0442\u0440\u0430\u043d\u0438\u0446\u0430\",\"item\":\"https:\/\/idakorea.ee\/\"},{\"@type\":\"ListItem\",\"position\":2,\"name\":\"Shop\",\"item\":\"https:\/\/idakorea.ee\/shop-2\/\"},{\"@type\":\"ListItem\",\"position\":3,\"name\":\"N\u00e4omask Eunyul Purity Pomegranate Sheet Mask\"}]},{\"@type\":\"WebSite\",\"@id\":\"https:\/\/idakorea.ee\/#website\",\"url\":\"https:\/\/idakorea.ee\/\",\"name\":\"IDA.KOREA\",\"description\":\"Korea kosmeetika e-pood\",\"publisher\":{\"@id\":\"https:\/\/idakorea.ee\/#organization\"},\"alternateName\":\"Beauty Shop\",\"potentialAction\":[{\"@type\":\"SearchAction\",\"target\":{\"@type\":\"EntryPoint\",\"urlTemplate\":\"https:\/\/idakorea.ee\/?s={search_term_string}\"},\"query-input\":{\"@type\":\"PropertyValueSpecification\",\"valueRequired\":true,\"valueName\":\"search_term_string\"}}],\"inLanguage\":\"fi\"},{\"@type\":\"Organization\",\"@id\":\"https:\/\/idakorea.ee\/#organization\",\"name\":\"IDA.KOREA\",\"url\":\"https:\/\/idakorea.ee\/\",\"logo\":{\"@type\":\"ImageObject\",\"inLanguage\":\"fi\",\"@id\":\"https:\/\/idakorea.ee\/#\/schema\/logo\/image\/\",\"url\":\"https:\/\/idakorea.ee\/wp-content\/uploads\/2024\/05\/cropped-korea3.png\",\"contentUrl\":\"https:\/\/idakorea.ee\/wp-content\/uploads\/2024\/05\/cropped-korea3.png\",\"width\":688,\"height\":126,\"caption\":\"IDA.KOREA\"},\"image\":{\"@id\":\"https:\/\/idakorea.ee\/#\/schema\/logo\/image\/\"},\"sameAs\":[\"https:\/\/www.instagram.com\/ida.korea\/\"]}]}<\/script>\n<!-- \/ Yoast SEO plugin. -->","yoast_head_json":{"title":"Eunyul Purity Pomegranate Sheet Mask - IDA.KOREA","description":"N\u00e4ole m\u00f5eldud kangasmask granaat\u00f5unaekstraktiga aitab k\u00f5rvaldada naha tuhmi ilme ja v\u00e4simuse, \u00fchtlustab nahatooni ning taastab naha loomuliku s\u00e4ra.","robots":{"index":"index","follow":"follow","max-snippet":"max-snippet:-1","max-image-preview":"max-image-preview:large","max-video-preview":"max-video-preview:-1"},"canonical":"https:\/\/idakorea.ee\/fi\/product\/eunyul-purity-pomegranate-sheet-mask\/","og_locale":"fi_FI","og_type":"article","og_title":"Eunyul Purity Pomegranate Sheet Mask - IDA.KOREA","og_description":"N\u00e4ole m\u00f5eldud kangasmask granaat\u00f5unaekstraktiga aitab k\u00f5rvaldada naha tuhmi ilme ja v\u00e4simuse, \u00fchtlustab nahatooni ning taastab naha loomuliku s\u00e4ra.","og_url":"https:\/\/idakorea.ee\/fi\/product\/eunyul-purity-pomegranate-sheet-mask\/","og_site_name":"IDA.KOREA","article_modified_time":"2026-04-04T09:08:08+00:00","og_image":[{"width":400,"height":400,"url":"https:\/\/idakorea.ee\/wp-content\/uploads\/2026\/03\/eunyul-natural-moisture-mask-pack-pomegranate-idakorea.jpg","type":"image\/jpeg"}],"twitter_card":"summary_large_image","twitter_misc":{"Arvioitu lukuaika":"1 minuutti"},"schema":{"@context":"https:\/\/schema.org","@graph":[{"@type":"WebPage","@id":"https:\/\/idakorea.ee\/product\/eunyul-purity-pomegranate-sheet-mask\/","url":"https:\/\/idakorea.ee\/product\/eunyul-purity-pomegranate-sheet-mask\/","name":"Eunyul Purity Pomegranate Sheet Mask - IDA.KOREA","isPartOf":{"@id":"https:\/\/idakorea.ee\/#website"},"primaryImageOfPage":{"@id":"https:\/\/idakorea.ee\/product\/eunyul-purity-pomegranate-sheet-mask\/#primaryimage"},"image":{"@id":"https:\/\/idakorea.ee\/product\/eunyul-purity-pomegranate-sheet-mask\/#primaryimage"},"thumbnailUrl":"https:\/\/idakorea.ee\/wp-content\/uploads\/2026\/03\/eunyul-natural-moisture-mask-pack-pomegranate-idakorea.jpg","datePublished":"2026-03-15T15:27:52+00:00","dateModified":"2026-04-04T09:08:08+00:00","description":"N\u00e4ole m\u00f5eldud kangasmask granaat\u00f5unaekstraktiga aitab k\u00f5rvaldada naha tuhmi ilme ja v\u00e4simuse, \u00fchtlustab nahatooni ning taastab naha loomuliku s\u00e4ra.","breadcrumb":{"@id":"https:\/\/idakorea.ee\/product\/eunyul-purity-pomegranate-sheet-mask\/#breadcrumb"},"inLanguage":"fi","potentialAction":[{"@type":"ReadAction","target":["https:\/\/idakorea.ee\/product\/eunyul-purity-pomegranate-sheet-mask\/"]}]},{"@type":"ImageObject","inLanguage":"fi","@id":"https:\/\/idakorea.ee\/product\/eunyul-purity-pomegranate-sheet-mask\/#primaryimage","url":"https:\/\/idakorea.ee\/wp-content\/uploads\/2026\/03\/eunyul-natural-moisture-mask-pack-pomegranate-idakorea.jpg","contentUrl":"https:\/\/idakorea.ee\/wp-content\/uploads\/2026\/03\/eunyul-natural-moisture-mask-pack-pomegranate-idakorea.jpg","width":400,"height":400},{"@type":"BreadcrumbList","@id":"https:\/\/idakorea.ee\/product\/eunyul-purity-pomegranate-sheet-mask\/#breadcrumb","itemListElement":[{"@type":"ListItem","position":1,"name":"\u0413\u043b\u0430\u0432\u043d\u0430\u044f \u0441\u0442\u0440\u0430\u043d\u0438\u0446\u0430","item":"https:\/\/idakorea.ee\/"},{"@type":"ListItem","position":2,"name":"Shop","item":"https:\/\/idakorea.ee\/shop-2\/"},{"@type":"ListItem","position":3,"name":"N\u00e4omask Eunyul Purity Pomegranate Sheet Mask"}]},{"@type":"WebSite","@id":"https:\/\/idakorea.ee\/#website","url":"https:\/\/idakorea.ee\/","name":"IDA.KOREA","description":"Korean kosmetiikan verkkokauppa","publisher":{"@id":"https:\/\/idakorea.ee\/#organization"},"alternateName":"Beauty Shop","potentialAction":[{"@type":"SearchAction","target":{"@type":"EntryPoint","urlTemplate":"https:\/\/idakorea.ee\/?s={search_term_string}"},"query-input":{"@type":"PropertyValueSpecification","valueRequired":true,"valueName":"search_term_string"}}],"inLanguage":"fi"},{"@type":"Organization","@id":"https:\/\/idakorea.ee\/#organization","name":"IDA.KOREA","url":"https:\/\/idakorea.ee\/","logo":{"@type":"ImageObject","inLanguage":"fi","@id":"https:\/\/idakorea.ee\/#\/schema\/logo\/image\/","url":"https:\/\/idakorea.ee\/wp-content\/uploads\/2024\/05\/cropped-korea3.png","contentUrl":"https:\/\/idakorea.ee\/wp-content\/uploads\/2024\/05\/cropped-korea3.png","width":688,"height":126,"caption":"IDA.KOREA"},"image":{"@id":"https:\/\/idakorea.ee\/#\/schema\/logo\/image\/"},"sameAs":["https:\/\/www.instagram.com\/ida.korea\/"]}]}},"jetpack_sharing_enabled":true,"brands":[{"id":1137,"name":"EUNYUL","slug":"eunyul"}],"_links":{"self":[{"href":"https:\/\/idakorea.ee\/fi\/wp-json\/wp\/v2\/product\/18081","targetHints":{"allow":["GET"]}}],"collection":[{"href":"https:\/\/idakorea.ee\/fi\/wp-json\/wp\/v2\/product"}],"about":[{"href":"https:\/\/idakorea.ee\/fi\/wp-json\/wp\/v2\/types\/product"}],"replies":[{"embeddable":true,"href":"https:\/\/idakorea.ee\/fi\/wp-json\/wp\/v2\/comments?post=18081"}],"version-history":[{"count":2,"href":"https:\/\/idakorea.ee\/fi\/wp-json\/wp\/v2\/product\/18081\/revisions"}],"predecessor-version":[{"id":18085,"href":"https:\/\/idakorea.ee\/fi\/wp-json\/wp\/v2\/product\/18081\/revisions\/18085"}],"wp:featuredmedia":[{"embeddable":true,"href":"https:\/\/idakorea.ee\/fi\/wp-json\/wp\/v2\/media\/18083"}],"wp:attachment":[{"href":"https:\/\/idakorea.ee\/fi\/wp-json\/wp\/v2\/media?parent=18081"}],"wp:term":[{"taxonomy":"pwb-brand","embeddable":true,"href":"https:\/\/idakorea.ee\/fi\/wp-json\/wp\/v2\/pwb-brand?post=18081"},{"taxonomy":"product_brand","embeddable":true,"href":"https:\/\/idakorea.ee\/fi\/wp-json\/wp\/v2\/product_brand?post=18081"},{"taxonomy":"product_cat","embeddable":true,"href":"https:\/\/idakorea.ee\/fi\/wp-json\/wp\/v2\/product_cat?post=18081"},{"taxonomy":"product_tag","embeddable":true,"href":"https:\/\/idakorea.ee\/fi\/wp-json\/wp\/v2\/product_tag?post=18081"}],"curies":[{"name":"wp","href":"https:\/\/api.w.org\/{rel}","templated":true}]}}