{"id":18096,"date":"2026-03-16T09:32:17","date_gmt":"2026-03-16T07:32:17","guid":{"rendered":"https:\/\/idakorea.ee\/?post_type=product&#038;p=18096"},"modified":"2026-03-16T12:10:26","modified_gmt":"2026-03-16T10:10:26","slug":"shiseido-fino-premium-touch-hair-oil","status":"publish","type":"product","link":"https:\/\/idakorea.ee\/fi\/product\/shiseido-fino-premium-touch-hair-oil\/","title":{"rendered":"Palauttava hius\u00f6ljyseerumi Shiseido Fino Premium Touch Hair Oil, 70ml"},"content":{"rendered":"<p><strong>SHISEIDO FINO Premium Touch Hair Oil<\/strong> on hius\u00f6ljy, joka auttaa tehokkaasti korjaamaan vaurioituneita hiuksia tehden niist\u00e4 sile\u00e4t ja kiilt\u00e4v\u00e4t sek\u00e4 suojaten niit\u00e4 l\u00e4mm\u00f6lt\u00e4 f\u00f6\u00f6nauksen ja muotoilun aikana.<\/p>\n<p><strong>Ominaisuudet<\/strong><\/p>\n<ul>\n<li class=\"translation-block\"><span class=\"BZ_Pyq_fadeIn\">palauttaa<\/span> <span class=\"BZ_Pyq_fadeIn\">hiuskuitujen<\/span> rakenteen <span class=\"BZ_Pyq_fadeIn\">;<\/span><\/li>\n<li class=\"translation-block\"><span class=\"BZ_Pyq_fadeIn\">tarjoaa<\/span> <span class=\"BZ_Pyq_fadeIn\">syv\u00e4kosteutusta<\/span> <span class=\"BZ_Pyq_fadeIn\">tekem\u00e4tt\u00e4<\/span> <span class=\"BZ_Pyq_fadeIn\">hiuksista<\/span> <span class=\"BZ_Pyq_fadeIn\">raskaat<\/span> <span class=\"BZ_Pyq_fadeIn\">ja<\/span> <span class=\"BZ_Pyq_fadeIn\">rasvaiset<\/span> <span class=\"BZ_Pyq_fadeIn\">;<\/span><span class=\"BZ_Pyq_fadeIn\">\u200b<\/span><\/li>\n<li class=\"translation-block\"><span class=\"BZ_Pyq_fadeIn\">auttaa<\/span> <span class=\"BZ_Pyq_fadeIn\">ehk\u00e4isem\u00e4\u00e4n<\/span> <span class=\"BZ_Pyq_fadeIn\">hiusten<\/span> <span class=\"BZ_Pyq_fadeIn\">vaurioitumista<\/span> <span class=\"BZ_Pyq_fadeIn\">ja<\/span> <span class=\"BZ_Pyq_fadeIn\">katkeilua;<\/span><\/li>\n<li class=\"translation-block\"><span class=\"BZ_Pyq_fadeIn\">suojaa<\/span> <span class=\"BZ_Pyq_fadeIn\">hiuksia<\/span> <span class=\"BZ_Pyq_fadeIn\">ymp\u00e4rist\u00f6n<\/span> <span class=\"BZ_Pyq_fadeIn\">haitallisilta<\/span> <span class=\"BZ_Pyq_fadeIn\">vaikutuksilta<\/span> <span class=\"BZ_Pyq_fadeIn\">;<\/span><\/li>\n<li class=\"translation-block\"><span class=\"BZ_Pyq_fadeIn\">tarjoaa<\/span> <span class=\"BZ_Pyq_fadeIn\">tehokkaan<\/span> <span class=\"BZ_Pyq_fadeIn\">l\u00e4mp\u00f6suojan;<\/span><\/li>\n<li>antaa hiuksille kauniin kiillon ja herk\u00e4n tuoksun;<\/li>\n<li class=\"translation-block\"><span class=\"BZ_Pyq_fadeIn\">ei<\/span> <span class=\"BZ_Pyq_fadeIn\">latista<\/span> <span class=\"BZ_Pyq_fadeIn\">eik\u00e4<\/span> <span class=\"BZ_Pyq_fadeIn\">liima<\/span> <span class=\"BZ_Pyq_fadeIn\">hiuksia<\/span> <span class=\"BZ_Pyq_fadeIn\">yhteen.<\/span><\/li>\n<\/ul>\n<p><strong>Vaikuttavat aineet<\/strong><\/p>\n<ul>\n<li><strong>Fytosteryylimakadamiaatti (pohjautuu makadamiap\u00e4hkin\u00f6ihin)<\/strong><br \/>\nAuttaa palauttamaan jokaisen hiuss\u00e4ikeen sis\u00e4lt\u00e4p\u00e4in, kosteuttaa ja auttaa s\u00e4ilytt\u00e4m\u00e4\u00e4n kosteuden hiuksissa.<\/li>\n<li><strong>Dimetikoni<\/strong><br \/>\nSuojaa hiuksia ulkoisilta vaurioilta, ei latista niit\u00e4, lis\u00e4\u00e4 kiiltoa ja helpottaa kammausta. Se auttaa my\u00f6s suojaamaan hiuksia l\u00e4mm\u00f6lt\u00e4 ja hankaukselta erilaisissa tilanteissa.<\/li>\n<li><strong>Skvala<\/strong><br \/>\nVakaa ja kosteuttava ainesosa, joka auttaa est\u00e4m\u00e4\u00e4n kosteuden haihtumista. Lis\u00e4\u00e4 l\u00e4mp\u00f6suojaa, antaa hiuksille kiiltoa ja v\u00e4hent\u00e4\u00e4 katkeilua.<\/li>\n<li><strong>Tokoferoli (E-vitamiini)<\/strong><br \/>\nPalauttaa hiusten kimmoisuuden, auttaa ehk\u00e4isem\u00e4\u00e4n hiusten katkeilua ja kaksihaaraisia.<\/li>\n<\/ul>\n<p>&nbsp;<\/p>\n<p><strong>K\u00e4ytt\u00f6<\/strong><\/p>\n<p class=\"translation-block\"><span class=\"BZ_Pyq_fadeIn\">Voidaan<\/span> <span class=\"BZ_Pyq_fadeIn\">k\u00e4ytt\u00e4\u00e4<\/span> <span class=\"BZ_Pyq_fadeIn\">puolikuiviin<\/span> <span class=\"BZ_Pyq_fadeIn\">tai<\/span> <span class=\"BZ_Pyq_fadeIn\">t\u00e4ysin<\/span> <span class=\"BZ_Pyq_fadeIn\">kuiviin<\/span> <span class=\"BZ_Pyq_fadeIn\">hiuksiin.<\/span> <span class=\"BZ_Pyq_fadeIn\">Ota<\/span> <span class=\"BZ_Pyq_fadeIn\">tarvittava<\/span> <span class=\"BZ_Pyq_fadeIn\">m\u00e4\u00e4r\u00e4<\/span> <span class=\"BZ_Pyq_fadeIn\">\u00f6ljy\u00e4<\/span> <span class=\"BZ_Pyq_fadeIn\">k\u00e4mmenellesi,<\/span> <span class=\"BZ_Pyq_fadeIn\">levit\u00e4<\/span> <span class=\"BZ_Pyq_fadeIn\">se<\/span> <span class=\"BZ_Pyq_fadeIn\">molempien<\/span> <span class=\"BZ_Pyq_fadeIn\">k\u00e4sien<\/span> <span class=\"BZ_Pyq_fadeIn\">kesken<\/span> <span class=\"BZ_Pyq_fadeIn\">ja<\/span> <span class=\"BZ_Pyq_fadeIn\">levit\u00e4<\/span> <span class=\"BZ_Pyq_fadeIn\">hiuksiin<\/span> <span class=\"BZ_Pyq_fadeIn\">kiinnitt\u00e4en<\/span> <span class=\"BZ_Pyq_fadeIn\">erityist\u00e4<\/span> <span class=\"BZ_Pyq_fadeIn\">huomiota<\/span> <span class=\"BZ_Pyq_fadeIn\">latvoihin.<\/span> <span class=\"BZ_Pyq_fadeIn\">S\u00e4\u00e4d\u00e4<\/span> <span class=\"BZ_Pyq_fadeIn\">m\u00e4\u00e4r\u00e4\u00e4<\/span> <span class=\"BZ_Pyq_fadeIn\">hiusten<\/span> <span class=\"BZ_Pyq_fadeIn\">pituuden<\/span> <span class=\"BZ_Pyq_fadeIn\">ja<\/span> <span class=\"BZ_Pyq_fadeIn\">vaurioasteen<\/span> <span class=\"BZ_Pyq_fadeIn\">mukaan<\/span> <span class=\"BZ_Pyq_fadeIn\">.<\/span><\/p>\n<p><strong>Suositeltu m\u00e4\u00e4r\u00e4:<\/strong><\/p>\n<p>lyhyet ja keskipitk\u00e4t hiukset \u2013 1\u20132 pumppausta<\/p>\n<p>pitk\u00e4t hiukset \u2013 kahdella pumppauksella<\/p>","protected":false},"excerpt":{"rendered":"<p>SHISEIDO FINO Premium Touch Hair Oil on hius\u00f6ljy, joka auttaa tehokkaasti elvytt\u00e4m\u00e4\u00e4n vaurioituneita hiuksia tehden niist\u00e4 sile\u00e4t ja kiilt\u00e4v\u00e4t sek\u00e4 suojaten niit\u00e4 l\u00e4mm\u00f6lt\u00e4 f\u00f6\u00f6nauksen ja muotoilun aikana. Ominaisuudet palauttavat hiuskuitujen rakenteen; tarjoaa syv\u00e4kosteutusta tekem\u00e4tt\u00e4 hiuksista raskaat ja rasvaiset; auttaa ehk\u00e4isem\u00e4\u00e4n vaurioita ja hiusten katkeilua; suojaa hiuksia ymp\u00e4rist\u00f6n haitallisilta vaikutuksilta; tarjoaa tehokkaan l\u00e4mp\u00f6suojan;\u2026<\/p>","protected":false},"featured_media":18099,"comment_status":"open","ping_status":"closed","template":"","meta":{"_uf_show_specific_survey":0,"_uf_disable_surveys":false,"_bst_post_transparent":"default","_bst_post_title":"","_bst_post_layout":"default","_bst_post_sidebar_id":"","_bst_post_content_style":"default","_bst_post_vertical_padding":"default","_bst_post_feature":"","_bst_post_feature_position":"","_bst_post_header":false,"_bst_post_footer":false},"pwb-brand":[995],"product_brand":[],"product_cat":[923],"product_tag":[1138,996,671],"class_list":{"0":"post-18096","1":"product","2":"type-product","3":"status-publish","4":"has-post-thumbnail","6":"pwb-brand-shiseido","7":"product_cat-juuksed","8":"product_tag-fino","9":"product_tag-japan","10":"product_tag-oil","12":"first","13":"instock","14":"sale","15":"shipping-taxable","16":"purchasable","17":"product-type-simple","18":"entry","19":"content-bg","20":"loop-entry"},"supplier_id":null,"supplier_sku":"","barcode":null,"atum_controlled":true,"out_stock_date":null,"out_stock_threshold":null,"inheritable":false,"inbound_stock":null,"stock_on_hold":0,"sold_today":0,"sales_last_days":0,"out_stock_days":0,"lost_sales":0,"has_location":false,"update_date":"2026-04-14T00:05:09","atum_locations":[],"atum_stock_status":"instock","restock_status":false,"low_stock_amount":"","sales_update_date":"2026-04-14T00:05:09","calc_backorders":null,"yoast_head":"<!-- This site is optimized with the Yoast SEO plugin v27.2 - https:\/\/yoast.com\/product\/yoast-seo-wordpress\/ -->\n<title>Shiseido Fino Premium Touch Hair Oil, 70ml - IDA.KOREA<\/title>\n<meta name=\"description\" content=\"Juukse\u00f5li, mis aitab intensiivselt taastada kahjustatud juukseid, muutes need siledaks ja l\u00e4ikivaks ning kaitstes kuumuse eest f\u00f6\u00f6nitamisel. Kiire tarne!\" \/>\n<meta name=\"robots\" content=\"index, follow, max-snippet:-1, max-image-preview:large, max-video-preview:-1\" \/>\n<link rel=\"canonical\" href=\"https:\/\/idakorea.ee\/fi\/product\/shiseido-fino-premium-touch-hair-oil\/\" \/>\n<meta property=\"og:locale\" content=\"fi_FI\" \/>\n<meta property=\"og:type\" content=\"article\" \/>\n<meta property=\"og:title\" content=\"Shiseido Fino Premium Touch Hair Oil, 70ml - IDA.KOREA\" \/>\n<meta property=\"og:description\" content=\"Juukse\u00f5li, mis aitab intensiivselt taastada kahjustatud juukseid, muutes need siledaks ja l\u00e4ikivaks ning kaitstes kuumuse eest f\u00f6\u00f6nitamisel. Kiire tarne!\" \/>\n<meta property=\"og:url\" content=\"https:\/\/idakorea.ee\/fi\/product\/shiseido-fino-premium-touch-hair-oil\/\" \/>\n<meta property=\"og:site_name\" content=\"IDA.KOREA\" \/>\n<meta property=\"article:modified_time\" content=\"2026-03-16T10:10:26+00:00\" \/>\n<meta property=\"og:image\" content=\"https:\/\/idakorea.ee\/wp-content\/uploads\/2026\/03\/fino-premium-touch-hair-oil-idakorea.jpg\" \/>\n\t<meta property=\"og:image:width\" content=\"1500\" \/>\n\t<meta property=\"og:image:height\" content=\"1500\" \/>\n\t<meta property=\"og:image:type\" content=\"image\/jpeg\" \/>\n<meta name=\"twitter:card\" content=\"summary_large_image\" \/>\n<meta name=\"twitter:label1\" content=\"Arvioitu lukuaika\" \/>\n\t<meta name=\"twitter:data1\" content=\"2 minuuttia\" \/>\n<script type=\"application\/ld+json\" class=\"yoast-schema-graph\">{\"@context\":\"https:\/\/schema.org\",\"@graph\":[{\"@type\":\"WebPage\",\"@id\":\"https:\/\/idakorea.ee\/product\/shiseido-fino-premium-touch-hair-oil\/\",\"url\":\"https:\/\/idakorea.ee\/product\/shiseido-fino-premium-touch-hair-oil\/\",\"name\":\"Shiseido Fino Premium Touch Hair Oil, 70ml - IDA.KOREA\",\"isPartOf\":{\"@id\":\"https:\/\/idakorea.ee\/#website\"},\"primaryImageOfPage\":{\"@id\":\"https:\/\/idakorea.ee\/product\/shiseido-fino-premium-touch-hair-oil\/#primaryimage\"},\"image\":{\"@id\":\"https:\/\/idakorea.ee\/product\/shiseido-fino-premium-touch-hair-oil\/#primaryimage\"},\"thumbnailUrl\":\"https:\/\/idakorea.ee\/wp-content\/uploads\/2026\/03\/fino-premium-touch-hair-oil-idakorea.jpg\",\"datePublished\":\"2026-03-16T07:32:17+00:00\",\"dateModified\":\"2026-03-16T10:10:26+00:00\",\"description\":\"Juukse\u00f5li, mis aitab intensiivselt taastada kahjustatud juukseid, muutes need siledaks ja l\u00e4ikivaks ning kaitstes kuumuse eest f\u00f6\u00f6nitamisel. Kiire tarne!\",\"breadcrumb\":{\"@id\":\"https:\/\/idakorea.ee\/product\/shiseido-fino-premium-touch-hair-oil\/#breadcrumb\"},\"inLanguage\":\"fi\",\"potentialAction\":[{\"@type\":\"ReadAction\",\"target\":[\"https:\/\/idakorea.ee\/product\/shiseido-fino-premium-touch-hair-oil\/\"]}]},{\"@type\":\"ImageObject\",\"inLanguage\":\"fi\",\"@id\":\"https:\/\/idakorea.ee\/product\/shiseido-fino-premium-touch-hair-oil\/#primaryimage\",\"url\":\"https:\/\/idakorea.ee\/wp-content\/uploads\/2026\/03\/fino-premium-touch-hair-oil-idakorea.jpg\",\"contentUrl\":\"https:\/\/idakorea.ee\/wp-content\/uploads\/2026\/03\/fino-premium-touch-hair-oil-idakorea.jpg\",\"width\":1500,\"height\":1500},{\"@type\":\"BreadcrumbList\",\"@id\":\"https:\/\/idakorea.ee\/product\/shiseido-fino-premium-touch-hair-oil\/#breadcrumb\",\"itemListElement\":[{\"@type\":\"ListItem\",\"position\":1,\"name\":\"\u0413\u043b\u0430\u0432\u043d\u0430\u044f \u0441\u0442\u0440\u0430\u043d\u0438\u0446\u0430\",\"item\":\"https:\/\/idakorea.ee\/\"},{\"@type\":\"ListItem\",\"position\":2,\"name\":\"Shop\",\"item\":\"https:\/\/idakorea.ee\/shop-2\/\"},{\"@type\":\"ListItem\",\"position\":3,\"name\":\"Taastav juukse\u00f5li-seerum Shiseido Fino Premium Touch Hair Oil, 70ml\"}]},{\"@type\":\"WebSite\",\"@id\":\"https:\/\/idakorea.ee\/#website\",\"url\":\"https:\/\/idakorea.ee\/\",\"name\":\"IDA.KOREA\",\"description\":\"Korea kosmeetika e-pood\",\"publisher\":{\"@id\":\"https:\/\/idakorea.ee\/#organization\"},\"alternateName\":\"Beauty Shop\",\"potentialAction\":[{\"@type\":\"SearchAction\",\"target\":{\"@type\":\"EntryPoint\",\"urlTemplate\":\"https:\/\/idakorea.ee\/?s={search_term_string}\"},\"query-input\":{\"@type\":\"PropertyValueSpecification\",\"valueRequired\":true,\"valueName\":\"search_term_string\"}}],\"inLanguage\":\"fi\"},{\"@type\":\"Organization\",\"@id\":\"https:\/\/idakorea.ee\/#organization\",\"name\":\"IDA.KOREA\",\"url\":\"https:\/\/idakorea.ee\/\",\"logo\":{\"@type\":\"ImageObject\",\"inLanguage\":\"fi\",\"@id\":\"https:\/\/idakorea.ee\/#\/schema\/logo\/image\/\",\"url\":\"https:\/\/idakorea.ee\/wp-content\/uploads\/2024\/05\/cropped-korea3.png\",\"contentUrl\":\"https:\/\/idakorea.ee\/wp-content\/uploads\/2024\/05\/cropped-korea3.png\",\"width\":688,\"height\":126,\"caption\":\"IDA.KOREA\"},\"image\":{\"@id\":\"https:\/\/idakorea.ee\/#\/schema\/logo\/image\/\"},\"sameAs\":[\"https:\/\/www.instagram.com\/ida.korea\/\"]}]}<\/script>\n<!-- \/ Yoast SEO plugin. -->","yoast_head_json":{"title":"Shiseido Fino Premium Touch Hair Oil, 70ml - IDA.KOREA","description":"Juukse\u00f5li, mis aitab intensiivselt taastada kahjustatud juukseid, muutes need siledaks ja l\u00e4ikivaks ning kaitstes kuumuse eest f\u00f6\u00f6nitamisel. Kiire tarne!","robots":{"index":"index","follow":"follow","max-snippet":"max-snippet:-1","max-image-preview":"max-image-preview:large","max-video-preview":"max-video-preview:-1"},"canonical":"https:\/\/idakorea.ee\/fi\/product\/shiseido-fino-premium-touch-hair-oil\/","og_locale":"fi_FI","og_type":"article","og_title":"Shiseido Fino Premium Touch Hair Oil, 70ml - IDA.KOREA","og_description":"Juukse\u00f5li, mis aitab intensiivselt taastada kahjustatud juukseid, muutes need siledaks ja l\u00e4ikivaks ning kaitstes kuumuse eest f\u00f6\u00f6nitamisel. Kiire tarne!","og_url":"https:\/\/idakorea.ee\/fi\/product\/shiseido-fino-premium-touch-hair-oil\/","og_site_name":"IDA.KOREA","article_modified_time":"2026-03-16T10:10:26+00:00","og_image":[{"width":1500,"height":1500,"url":"https:\/\/idakorea.ee\/wp-content\/uploads\/2026\/03\/fino-premium-touch-hair-oil-idakorea.jpg","type":"image\/jpeg"}],"twitter_card":"summary_large_image","twitter_misc":{"Arvioitu lukuaika":"2 minuuttia"},"schema":{"@context":"https:\/\/schema.org","@graph":[{"@type":"WebPage","@id":"https:\/\/idakorea.ee\/product\/shiseido-fino-premium-touch-hair-oil\/","url":"https:\/\/idakorea.ee\/product\/shiseido-fino-premium-touch-hair-oil\/","name":"Shiseido Fino Premium Touch Hair Oil, 70ml - IDA.KOREA","isPartOf":{"@id":"https:\/\/idakorea.ee\/#website"},"primaryImageOfPage":{"@id":"https:\/\/idakorea.ee\/product\/shiseido-fino-premium-touch-hair-oil\/#primaryimage"},"image":{"@id":"https:\/\/idakorea.ee\/product\/shiseido-fino-premium-touch-hair-oil\/#primaryimage"},"thumbnailUrl":"https:\/\/idakorea.ee\/wp-content\/uploads\/2026\/03\/fino-premium-touch-hair-oil-idakorea.jpg","datePublished":"2026-03-16T07:32:17+00:00","dateModified":"2026-03-16T10:10:26+00:00","description":"Juukse\u00f5li, mis aitab intensiivselt taastada kahjustatud juukseid, muutes need siledaks ja l\u00e4ikivaks ning kaitstes kuumuse eest f\u00f6\u00f6nitamisel. Kiire tarne!","breadcrumb":{"@id":"https:\/\/idakorea.ee\/product\/shiseido-fino-premium-touch-hair-oil\/#breadcrumb"},"inLanguage":"fi","potentialAction":[{"@type":"ReadAction","target":["https:\/\/idakorea.ee\/product\/shiseido-fino-premium-touch-hair-oil\/"]}]},{"@type":"ImageObject","inLanguage":"fi","@id":"https:\/\/idakorea.ee\/product\/shiseido-fino-premium-touch-hair-oil\/#primaryimage","url":"https:\/\/idakorea.ee\/wp-content\/uploads\/2026\/03\/fino-premium-touch-hair-oil-idakorea.jpg","contentUrl":"https:\/\/idakorea.ee\/wp-content\/uploads\/2026\/03\/fino-premium-touch-hair-oil-idakorea.jpg","width":1500,"height":1500},{"@type":"BreadcrumbList","@id":"https:\/\/idakorea.ee\/product\/shiseido-fino-premium-touch-hair-oil\/#breadcrumb","itemListElement":[{"@type":"ListItem","position":1,"name":"\u0413\u043b\u0430\u0432\u043d\u0430\u044f \u0441\u0442\u0440\u0430\u043d\u0438\u0446\u0430","item":"https:\/\/idakorea.ee\/"},{"@type":"ListItem","position":2,"name":"Shop","item":"https:\/\/idakorea.ee\/shop-2\/"},{"@type":"ListItem","position":3,"name":"Taastav juukse\u00f5li-seerum Shiseido Fino Premium Touch Hair Oil, 70ml"}]},{"@type":"WebSite","@id":"https:\/\/idakorea.ee\/#website","url":"https:\/\/idakorea.ee\/","name":"IDA.KOREA","description":"Korean kosmetiikan verkkokauppa","publisher":{"@id":"https:\/\/idakorea.ee\/#organization"},"alternateName":"Beauty Shop","potentialAction":[{"@type":"SearchAction","target":{"@type":"EntryPoint","urlTemplate":"https:\/\/idakorea.ee\/?s={search_term_string}"},"query-input":{"@type":"PropertyValueSpecification","valueRequired":true,"valueName":"search_term_string"}}],"inLanguage":"fi"},{"@type":"Organization","@id":"https:\/\/idakorea.ee\/#organization","name":"IDA.KOREA","url":"https:\/\/idakorea.ee\/","logo":{"@type":"ImageObject","inLanguage":"fi","@id":"https:\/\/idakorea.ee\/#\/schema\/logo\/image\/","url":"https:\/\/idakorea.ee\/wp-content\/uploads\/2024\/05\/cropped-korea3.png","contentUrl":"https:\/\/idakorea.ee\/wp-content\/uploads\/2024\/05\/cropped-korea3.png","width":688,"height":126,"caption":"IDA.KOREA"},"image":{"@id":"https:\/\/idakorea.ee\/#\/schema\/logo\/image\/"},"sameAs":["https:\/\/www.instagram.com\/ida.korea\/"]}]}},"jetpack_sharing_enabled":true,"brands":[{"id":995,"name":"SHISEIDO","slug":"shiseido"}],"_links":{"self":[{"href":"https:\/\/idakorea.ee\/fi\/wp-json\/wp\/v2\/product\/18096","targetHints":{"allow":["GET"]}}],"collection":[{"href":"https:\/\/idakorea.ee\/fi\/wp-json\/wp\/v2\/product"}],"about":[{"href":"https:\/\/idakorea.ee\/fi\/wp-json\/wp\/v2\/types\/product"}],"replies":[{"embeddable":true,"href":"https:\/\/idakorea.ee\/fi\/wp-json\/wp\/v2\/comments?post=18096"}],"version-history":[{"count":4,"href":"https:\/\/idakorea.ee\/fi\/wp-json\/wp\/v2\/product\/18096\/revisions"}],"predecessor-version":[{"id":18104,"href":"https:\/\/idakorea.ee\/fi\/wp-json\/wp\/v2\/product\/18096\/revisions\/18104"}],"wp:featuredmedia":[{"embeddable":true,"href":"https:\/\/idakorea.ee\/fi\/wp-json\/wp\/v2\/media\/18099"}],"wp:attachment":[{"href":"https:\/\/idakorea.ee\/fi\/wp-json\/wp\/v2\/media?parent=18096"}],"wp:term":[{"taxonomy":"pwb-brand","embeddable":true,"href":"https:\/\/idakorea.ee\/fi\/wp-json\/wp\/v2\/pwb-brand?post=18096"},{"taxonomy":"product_brand","embeddable":true,"href":"https:\/\/idakorea.ee\/fi\/wp-json\/wp\/v2\/product_brand?post=18096"},{"taxonomy":"product_cat","embeddable":true,"href":"https:\/\/idakorea.ee\/fi\/wp-json\/wp\/v2\/product_cat?post=18096"},{"taxonomy":"product_tag","embeddable":true,"href":"https:\/\/idakorea.ee\/fi\/wp-json\/wp\/v2\/product_tag?post=18096"}],"curies":[{"name":"wp","href":"https:\/\/api.w.org\/{rel}","templated":true}]}}