{"id":18106,"date":"2026-03-16T12:29:25","date_gmt":"2026-03-16T10:29:25","guid":{"rendered":"https:\/\/idakorea.ee\/?post_type=product&#038;p=18106"},"modified":"2026-04-11T16:26:23","modified_gmt":"2026-04-11T14:26:23","slug":"purito-seoul-wonder-releaf-centella-eye-cream-unscented-30ml","status":"publish","type":"product","link":"https:\/\/idakorea.ee\/fi\/product\/purito-seoul-wonder-releaf-centella-eye-cream-unscented-30ml\/","title":{"rendered":"Purito Seoul Wonder Releaf Centella Eye Cream Unscented, 30ml"},"content":{"rendered":"<p>Silm\u00e4nymp\u00e4rysvoide peptideill\u00e4 ja centellalla <strong>Purito Seoul Wonder Releaf Centella Eye Cream Unscented<\/strong> auttaa palauttamaan ja rauhoittamaan ihoa, parantaa sen kimmoisuutta ja v\u00e4hent\u00e4\u00e4 ilmejuonteiden syvyytt\u00e4.<\/p>\n<p>Voide kosteuttaa syv\u00e4lt\u00e4, auttaa ehk\u00e4isem\u00e4\u00e4n ihon kuivumista ja hilseily\u00e4 sek\u00e4 lievitt\u00e4\u00e4 \u00e4rsytyst\u00e4 silmien ymp\u00e4rill\u00e4. T\u00e4m\u00e4 vegaaninen silm\u00e4nymp\u00e4rysvoide on valmistettu ilman hajusteita ja v\u00e4riaineita, ja sen pH-arvo on noin 6,1. Tuote ei sis\u00e4ll\u00e4 eteerisi\u00e4 \u00f6ljyj\u00e4 ja sopii my\u00f6s atooppiselle ja herk\u00e4lle iholle. Kevyt koostumus levittyy tasaisesti iholle, imeytyy nopeasti eik\u00e4 aiheuta ep\u00e4mukavuutta.<\/p>\n<p><strong>T\u00e4rkeimm\u00e4t vaikuttavat aineet:<\/strong><\/p>\n<ul>\n<li><strong>Aasian vesililjauute (Centella asiatica)<\/strong><br \/>\nTulehdusta ehk\u00e4isev\u00e4 ja haavaumia parantava vaikutus, auttaa palauttamaan ihon suojakerroksen ja s\u00e4ilytt\u00e4m\u00e4\u00e4n kosteuden, v\u00e4hent\u00e4\u00e4 herkkyytt\u00e4 ja turvotusta.<\/li>\n<li><strong>4 peptidi\u00e4 <\/strong><strong>(Palmitoyylidipeptidi-10, palmitoyylitetrapeptidi-7, palmitoyylitripeptidi-1, palmitoyyliheksapeptidi-12)<\/strong><br \/>\nNiill\u00e4 on ik\u00e4\u00e4ntymist\u00e4 ehk\u00e4isev\u00e4 vaikutus: ne stimuloivat ihon uusiutumista, v\u00e4hent\u00e4v\u00e4t ryppyjen syvyytt\u00e4 ja tekev\u00e4t ihosta sile\u00e4mm\u00e4n ja kiinte\u00e4mm\u00e4n.<\/li>\n<li><strong>Pantenoli (B5-vitamiini)<\/strong><br \/>\nLievitt\u00e4\u00e4 punoitusta ja kutinaa, vahvistaa ihon hydrolipidisuojaa, v\u00e4hent\u00e4\u00e4 kosteuden menetyst\u00e4 ja nopeuttaa vaurioituneen ihon toipumista.<\/li>\n<li><strong>Keramidit<\/strong><br \/>\nVahvistaa ihosoluja ja suojaa niit\u00e4 vaurioilta, auttaa s\u00e4ilytt\u00e4m\u00e4\u00e4n kosteuden ja varmistaa pitk\u00e4kestoisen kosteutuksen tukien ihon optimaalista hydrolipiditasapainoa.<\/li>\n<li><strong>Shea- ja macadamiap\u00e4hkin\u00e4\u00f6ljy<\/strong><br \/>\nNe ravitsevat, kosteuttavat ja uudistavat ihoa, v\u00e4hent\u00e4v\u00e4t kuivuutta ja hilseily\u00e4 sek\u00e4 tarjoavat antioksidanttisuojan.<\/li>\n<\/ul>\n<p>&nbsp;<\/p>\n<p><strong>K\u00e4ytt\u00f6:<\/strong><\/p>\n<p>Levit\u00e4 pieni m\u00e4\u00e4r\u00e4 voidetta hell\u00e4varaisesti taputtelemalla silm\u00e4nymp\u00e4rysiholle ja nen\u00e4n ja huulien poimuihin.<\/p>","protected":false},"excerpt":{"rendered":"<p>Purito Seoul Wonder Releaf Centella Eye Cream Hajusteeton peptideill\u00e4 ja centellalla auttaa palauttamaan ja rauhoittamaan ihoa, parantamaan kimmoisuutta ja v\u00e4hent\u00e4m\u00e4\u00e4n ilmejuonteiden syvyytt\u00e4. Voide kosteuttaa syv\u00e4sti, auttaa ehk\u00e4isem\u00e4\u00e4n ihon kuivumista ja hilseily\u00e4 sek\u00e4 lievitt\u00e4\u00e4 \u00e4rsytyst\u00e4 silm\u00e4nymp\u00e4rysiholla. T\u00e4m\u00e4 vegaaninen silm\u00e4nymp\u00e4rysvoide on valmistettu ilman hajusteita ja v\u00e4riaineita ja sen pH-arvo on noin 6,1. Tuote ei sis\u00e4ll\u00e4\u2026<\/p>","protected":false},"featured_media":18108,"comment_status":"open","ping_status":"closed","template":"","meta":{"_uf_show_specific_survey":0,"_uf_disable_surveys":false,"_bst_post_transparent":"default","_bst_post_title":"","_bst_post_layout":"default","_bst_post_sidebar_id":"","_bst_post_content_style":"default","_bst_post_vertical_padding":"default","_bst_post_feature":"","_bst_post_feature_position":"","_bst_post_header":false,"_bst_post_footer":false},"pwb-brand":[491],"product_brand":[],"product_cat":[92,99,201],"product_tag":[678,568,677],"class_list":{"0":"post-18106","1":"product","2":"type-product","3":"status-publish","4":"has-post-thumbnail","6":"pwb-brand-purito","7":"product_cat-nagu","8":"product_cat-silmad-ja-huuled-2","9":"product_cat-silmakreem","10":"product_tag-eye-cream","11":"product_tag-korea","12":"product_tag-purito","14":"first","15":"instock","16":"sale","17":"shipping-taxable","18":"purchasable","19":"product-type-simple","20":"entry","21":"content-bg","22":"loop-entry"},"supplier_id":null,"supplier_sku":"","barcode":null,"atum_controlled":true,"out_stock_date":null,"out_stock_threshold":null,"inheritable":false,"inbound_stock":null,"stock_on_hold":0,"sold_today":0,"sales_last_days":0,"out_stock_days":0,"lost_sales":0,"has_location":false,"update_date":"2026-04-14T00:05:12","atum_locations":[],"atum_stock_status":"instock","restock_status":false,"low_stock_amount":"","sales_update_date":"2026-04-14T00:05:12","calc_backorders":null,"yoast_head":"<!-- This site is optimized with the Yoast SEO plugin v27.2 - https:\/\/yoast.com\/product\/yoast-seo-wordpress\/ -->\n<title>Purito Seoul Wonder Releaf Centella Eye Cream Unscented, 30ml - IDA.KOREA<\/title>\n<meta name=\"description\" content=\"Peptiidide ja tsentellaga silma\u00fcmbruskreem aitab nahka taastada ja rahustada, parandab elastsust ning v\u00e4hendab miimikakortsude s\u00fcgavust.\" \/>\n<meta name=\"robots\" content=\"index, follow, max-snippet:-1, max-image-preview:large, max-video-preview:-1\" \/>\n<link rel=\"canonical\" href=\"https:\/\/idakorea.ee\/fi\/product\/purito-seoul-wonder-releaf-centella-eye-cream-unscented-30ml\/\" \/>\n<meta property=\"og:locale\" content=\"fi_FI\" \/>\n<meta property=\"og:type\" content=\"article\" \/>\n<meta property=\"og:title\" content=\"Purito Seoul Wonder Releaf Centella Eye Cream Unscented, 30ml - IDA.KOREA\" \/>\n<meta property=\"og:description\" content=\"Peptiidide ja tsentellaga silma\u00fcmbruskreem aitab nahka taastada ja rahustada, parandab elastsust ning v\u00e4hendab miimikakortsude s\u00fcgavust.\" \/>\n<meta property=\"og:url\" content=\"https:\/\/idakorea.ee\/fi\/product\/purito-seoul-wonder-releaf-centella-eye-cream-unscented-30ml\/\" \/>\n<meta property=\"og:site_name\" content=\"IDA.KOREA\" \/>\n<meta property=\"article:modified_time\" content=\"2026-04-11T14:26:23+00:00\" \/>\n<meta property=\"og:image\" content=\"https:\/\/idakorea.ee\/wp-content\/uploads\/2026\/03\/Purito_Centella_Unscented_Eye_Cream3-idakorea.webp\" \/>\n\t<meta property=\"og:image:width\" content=\"950\" \/>\n\t<meta property=\"og:image:height\" content=\"950\" \/>\n\t<meta property=\"og:image:type\" content=\"image\/webp\" \/>\n<meta name=\"twitter:card\" content=\"summary_large_image\" \/>\n<meta name=\"twitter:label1\" content=\"Arvioitu lukuaika\" \/>\n\t<meta name=\"twitter:data1\" content=\"2 minuuttia\" \/>\n<script type=\"application\/ld+json\" class=\"yoast-schema-graph\">{\"@context\":\"https:\/\/schema.org\",\"@graph\":[{\"@type\":\"WebPage\",\"@id\":\"https:\/\/idakorea.ee\/product\/purito-seoul-wonder-releaf-centella-eye-cream-unscented-30ml\/\",\"url\":\"https:\/\/idakorea.ee\/product\/purito-seoul-wonder-releaf-centella-eye-cream-unscented-30ml\/\",\"name\":\"Purito Seoul Wonder Releaf Centella Eye Cream Unscented, 30ml - IDA.KOREA\",\"isPartOf\":{\"@id\":\"https:\/\/idakorea.ee\/#website\"},\"primaryImageOfPage\":{\"@id\":\"https:\/\/idakorea.ee\/product\/purito-seoul-wonder-releaf-centella-eye-cream-unscented-30ml\/#primaryimage\"},\"image\":{\"@id\":\"https:\/\/idakorea.ee\/product\/purito-seoul-wonder-releaf-centella-eye-cream-unscented-30ml\/#primaryimage\"},\"thumbnailUrl\":\"https:\/\/idakorea.ee\/wp-content\/uploads\/2026\/03\/Purito_Centella_Unscented_Eye_Cream3-idakorea.webp\",\"datePublished\":\"2026-03-16T10:29:25+00:00\",\"dateModified\":\"2026-04-11T14:26:23+00:00\",\"description\":\"Peptiidide ja tsentellaga silma\u00fcmbruskreem aitab nahka taastada ja rahustada, parandab elastsust ning v\u00e4hendab miimikakortsude s\u00fcgavust.\",\"breadcrumb\":{\"@id\":\"https:\/\/idakorea.ee\/product\/purito-seoul-wonder-releaf-centella-eye-cream-unscented-30ml\/#breadcrumb\"},\"inLanguage\":\"fi\",\"potentialAction\":[{\"@type\":\"ReadAction\",\"target\":[\"https:\/\/idakorea.ee\/product\/purito-seoul-wonder-releaf-centella-eye-cream-unscented-30ml\/\"]}]},{\"@type\":\"ImageObject\",\"inLanguage\":\"fi\",\"@id\":\"https:\/\/idakorea.ee\/product\/purito-seoul-wonder-releaf-centella-eye-cream-unscented-30ml\/#primaryimage\",\"url\":\"https:\/\/idakorea.ee\/wp-content\/uploads\/2026\/03\/Purito_Centella_Unscented_Eye_Cream3-idakorea.webp\",\"contentUrl\":\"https:\/\/idakorea.ee\/wp-content\/uploads\/2026\/03\/Purito_Centella_Unscented_Eye_Cream3-idakorea.webp\",\"width\":950,\"height\":950},{\"@type\":\"BreadcrumbList\",\"@id\":\"https:\/\/idakorea.ee\/product\/purito-seoul-wonder-releaf-centella-eye-cream-unscented-30ml\/#breadcrumb\",\"itemListElement\":[{\"@type\":\"ListItem\",\"position\":1,\"name\":\"\u0413\u043b\u0430\u0432\u043d\u0430\u044f \u0441\u0442\u0440\u0430\u043d\u0438\u0446\u0430\",\"item\":\"https:\/\/idakorea.ee\/\"},{\"@type\":\"ListItem\",\"position\":2,\"name\":\"Shop\",\"item\":\"https:\/\/idakorea.ee\/shop-2\/\"},{\"@type\":\"ListItem\",\"position\":3,\"name\":\"Taastav silma\u00fcmbruskreem peptiidide ja tsentellaga Purito Seoul Wonder Releaf Centella Eye Cream Unscented, 30ml\"}]},{\"@type\":\"WebSite\",\"@id\":\"https:\/\/idakorea.ee\/#website\",\"url\":\"https:\/\/idakorea.ee\/\",\"name\":\"IDA.KOREA\",\"description\":\"Korea kosmeetika e-pood\",\"publisher\":{\"@id\":\"https:\/\/idakorea.ee\/#organization\"},\"alternateName\":\"Beauty Shop\",\"potentialAction\":[{\"@type\":\"SearchAction\",\"target\":{\"@type\":\"EntryPoint\",\"urlTemplate\":\"https:\/\/idakorea.ee\/?s={search_term_string}\"},\"query-input\":{\"@type\":\"PropertyValueSpecification\",\"valueRequired\":true,\"valueName\":\"search_term_string\"}}],\"inLanguage\":\"fi\"},{\"@type\":\"Organization\",\"@id\":\"https:\/\/idakorea.ee\/#organization\",\"name\":\"IDA.KOREA\",\"url\":\"https:\/\/idakorea.ee\/\",\"logo\":{\"@type\":\"ImageObject\",\"inLanguage\":\"fi\",\"@id\":\"https:\/\/idakorea.ee\/#\/schema\/logo\/image\/\",\"url\":\"https:\/\/idakorea.ee\/wp-content\/uploads\/2024\/05\/cropped-korea3.png\",\"contentUrl\":\"https:\/\/idakorea.ee\/wp-content\/uploads\/2024\/05\/cropped-korea3.png\",\"width\":688,\"height\":126,\"caption\":\"IDA.KOREA\"},\"image\":{\"@id\":\"https:\/\/idakorea.ee\/#\/schema\/logo\/image\/\"},\"sameAs\":[\"https:\/\/www.instagram.com\/ida.korea\/\"]}]}<\/script>\n<!-- \/ Yoast SEO plugin. -->","yoast_head_json":{"title":"Purito Seoul Wonder Releaf Centella Eye Cream Unscented, 30ml - IDA.KOREA","description":"Peptiidide ja tsentellaga silma\u00fcmbruskreem aitab nahka taastada ja rahustada, parandab elastsust ning v\u00e4hendab miimikakortsude s\u00fcgavust.","robots":{"index":"index","follow":"follow","max-snippet":"max-snippet:-1","max-image-preview":"max-image-preview:large","max-video-preview":"max-video-preview:-1"},"canonical":"https:\/\/idakorea.ee\/fi\/product\/purito-seoul-wonder-releaf-centella-eye-cream-unscented-30ml\/","og_locale":"fi_FI","og_type":"article","og_title":"Purito Seoul Wonder Releaf Centella Eye Cream Unscented, 30ml - IDA.KOREA","og_description":"Peptiidide ja tsentellaga silma\u00fcmbruskreem aitab nahka taastada ja rahustada, parandab elastsust ning v\u00e4hendab miimikakortsude s\u00fcgavust.","og_url":"https:\/\/idakorea.ee\/fi\/product\/purito-seoul-wonder-releaf-centella-eye-cream-unscented-30ml\/","og_site_name":"IDA.KOREA","article_modified_time":"2026-04-11T14:26:23+00:00","og_image":[{"width":950,"height":950,"url":"https:\/\/idakorea.ee\/wp-content\/uploads\/2026\/03\/Purito_Centella_Unscented_Eye_Cream3-idakorea.webp","type":"image\/webp"}],"twitter_card":"summary_large_image","twitter_misc":{"Arvioitu lukuaika":"2 minuuttia"},"schema":{"@context":"https:\/\/schema.org","@graph":[{"@type":"WebPage","@id":"https:\/\/idakorea.ee\/product\/purito-seoul-wonder-releaf-centella-eye-cream-unscented-30ml\/","url":"https:\/\/idakorea.ee\/product\/purito-seoul-wonder-releaf-centella-eye-cream-unscented-30ml\/","name":"Purito Seoul Wonder Releaf Centella Eye Cream Unscented, 30ml - IDA.KOREA","isPartOf":{"@id":"https:\/\/idakorea.ee\/#website"},"primaryImageOfPage":{"@id":"https:\/\/idakorea.ee\/product\/purito-seoul-wonder-releaf-centella-eye-cream-unscented-30ml\/#primaryimage"},"image":{"@id":"https:\/\/idakorea.ee\/product\/purito-seoul-wonder-releaf-centella-eye-cream-unscented-30ml\/#primaryimage"},"thumbnailUrl":"https:\/\/idakorea.ee\/wp-content\/uploads\/2026\/03\/Purito_Centella_Unscented_Eye_Cream3-idakorea.webp","datePublished":"2026-03-16T10:29:25+00:00","dateModified":"2026-04-11T14:26:23+00:00","description":"Peptiidide ja tsentellaga silma\u00fcmbruskreem aitab nahka taastada ja rahustada, parandab elastsust ning v\u00e4hendab miimikakortsude s\u00fcgavust.","breadcrumb":{"@id":"https:\/\/idakorea.ee\/product\/purito-seoul-wonder-releaf-centella-eye-cream-unscented-30ml\/#breadcrumb"},"inLanguage":"fi","potentialAction":[{"@type":"ReadAction","target":["https:\/\/idakorea.ee\/product\/purito-seoul-wonder-releaf-centella-eye-cream-unscented-30ml\/"]}]},{"@type":"ImageObject","inLanguage":"fi","@id":"https:\/\/idakorea.ee\/product\/purito-seoul-wonder-releaf-centella-eye-cream-unscented-30ml\/#primaryimage","url":"https:\/\/idakorea.ee\/wp-content\/uploads\/2026\/03\/Purito_Centella_Unscented_Eye_Cream3-idakorea.webp","contentUrl":"https:\/\/idakorea.ee\/wp-content\/uploads\/2026\/03\/Purito_Centella_Unscented_Eye_Cream3-idakorea.webp","width":950,"height":950},{"@type":"BreadcrumbList","@id":"https:\/\/idakorea.ee\/product\/purito-seoul-wonder-releaf-centella-eye-cream-unscented-30ml\/#breadcrumb","itemListElement":[{"@type":"ListItem","position":1,"name":"\u0413\u043b\u0430\u0432\u043d\u0430\u044f \u0441\u0442\u0440\u0430\u043d\u0438\u0446\u0430","item":"https:\/\/idakorea.ee\/"},{"@type":"ListItem","position":2,"name":"Shop","item":"https:\/\/idakorea.ee\/shop-2\/"},{"@type":"ListItem","position":3,"name":"Taastav silma\u00fcmbruskreem peptiidide ja tsentellaga Purito Seoul Wonder Releaf Centella Eye Cream Unscented, 30ml"}]},{"@type":"WebSite","@id":"https:\/\/idakorea.ee\/#website","url":"https:\/\/idakorea.ee\/","name":"IDA.KOREA","description":"Korean kosmetiikan verkkokauppa","publisher":{"@id":"https:\/\/idakorea.ee\/#organization"},"alternateName":"Beauty Shop","potentialAction":[{"@type":"SearchAction","target":{"@type":"EntryPoint","urlTemplate":"https:\/\/idakorea.ee\/?s={search_term_string}"},"query-input":{"@type":"PropertyValueSpecification","valueRequired":true,"valueName":"search_term_string"}}],"inLanguage":"fi"},{"@type":"Organization","@id":"https:\/\/idakorea.ee\/#organization","name":"IDA.KOREA","url":"https:\/\/idakorea.ee\/","logo":{"@type":"ImageObject","inLanguage":"fi","@id":"https:\/\/idakorea.ee\/#\/schema\/logo\/image\/","url":"https:\/\/idakorea.ee\/wp-content\/uploads\/2024\/05\/cropped-korea3.png","contentUrl":"https:\/\/idakorea.ee\/wp-content\/uploads\/2024\/05\/cropped-korea3.png","width":688,"height":126,"caption":"IDA.KOREA"},"image":{"@id":"https:\/\/idakorea.ee\/#\/schema\/logo\/image\/"},"sameAs":["https:\/\/www.instagram.com\/ida.korea\/"]}]}},"jetpack_sharing_enabled":true,"brands":[{"id":491,"name":"PURITO","slug":"purito"}],"_links":{"self":[{"href":"https:\/\/idakorea.ee\/fi\/wp-json\/wp\/v2\/product\/18106","targetHints":{"allow":["GET"]}}],"collection":[{"href":"https:\/\/idakorea.ee\/fi\/wp-json\/wp\/v2\/product"}],"about":[{"href":"https:\/\/idakorea.ee\/fi\/wp-json\/wp\/v2\/types\/product"}],"replies":[{"embeddable":true,"href":"https:\/\/idakorea.ee\/fi\/wp-json\/wp\/v2\/comments?post=18106"}],"version-history":[{"count":1,"href":"https:\/\/idakorea.ee\/fi\/wp-json\/wp\/v2\/product\/18106\/revisions"}],"predecessor-version":[{"id":18110,"href":"https:\/\/idakorea.ee\/fi\/wp-json\/wp\/v2\/product\/18106\/revisions\/18110"}],"wp:featuredmedia":[{"embeddable":true,"href":"https:\/\/idakorea.ee\/fi\/wp-json\/wp\/v2\/media\/18108"}],"wp:attachment":[{"href":"https:\/\/idakorea.ee\/fi\/wp-json\/wp\/v2\/media?parent=18106"}],"wp:term":[{"taxonomy":"pwb-brand","embeddable":true,"href":"https:\/\/idakorea.ee\/fi\/wp-json\/wp\/v2\/pwb-brand?post=18106"},{"taxonomy":"product_brand","embeddable":true,"href":"https:\/\/idakorea.ee\/fi\/wp-json\/wp\/v2\/product_brand?post=18106"},{"taxonomy":"product_cat","embeddable":true,"href":"https:\/\/idakorea.ee\/fi\/wp-json\/wp\/v2\/product_cat?post=18106"},{"taxonomy":"product_tag","embeddable":true,"href":"https:\/\/idakorea.ee\/fi\/wp-json\/wp\/v2\/product_tag?post=18106"}],"curies":[{"name":"wp","href":"https:\/\/api.w.org\/{rel}","templated":true}]}}