{"id":18155,"date":"2026-03-19T14:35:15","date_gmt":"2026-03-19T12:35:15","guid":{"rendered":"https:\/\/idakorea.ee\/?post_type=product&#038;p=18155"},"modified":"2026-04-03T11:06:19","modified_gmt":"2026-04-03T09:06:19","slug":"round-lab-mugwort-calming-soothing-gel-150ml","status":"publish","type":"product","link":"https:\/\/idakorea.ee\/fi\/product\/round-lab-mugwort-calming-soothing-gel-150ml\/","title":{"rendered":"Round Lab Mugwort Calming Soothing Gel, 150ml"},"content":{"rendered":"<p>Rauhoittava geeli <strong>Round Lab Mugwort Calming Soothing Gel<\/strong> Geelill\u00e4 on antiseptinen vaikutus, joka auttaa lievitt\u00e4m\u00e4\u00e4n kutinaa ja \u00e4rsytyst\u00e4. Tukee tulehduksen ja aknen paranemista ja palauttaa ihon optimaalisen kosteustason. Geelill\u00e4 on miellytt\u00e4v\u00e4 viilent\u00e4v\u00e4 vaikutus.<\/p>\n<p>Geeli perustuu pujon uutteeseen, jota korjataan Gomundo-saarelta Etel\u00e4-Koreasta. Se on t\u00e4ynn\u00e4 hy\u00f6dyllisi\u00e4 mineraaleja ja hivenaineita, jotka vahvistavat ihoa, lis\u00e4\u00e4v\u00e4t sen vastustuskyky\u00e4, suojaavat ymp\u00e4rist\u00f6n vaikutuksilta ja kosteuttavat syv\u00e4lt\u00e4.<\/p>\n<p>Geeli rauhoittaa herkk\u00e4\u00e4 ja vaurioitunutta ihoa, v\u00e4hent\u00e4\u00e4 tulehdusta, sill\u00e4 on antiseptisi\u00e4 ja antibakteerisia vaikutuksia ja se auttaa v\u00e4hent\u00e4m\u00e4\u00e4n aknea ja couperosaa.<\/p>\n<p>Yleisk\u00e4ytt\u00f6inen geeli, joka sopii sek\u00e4 kasvoille ett\u00e4 vartalolle. Kevyt geelim\u00e4inen koostumus imeytyy nopeasti eik\u00e4 j\u00e4t\u00e4 ihoa tahmeaksi. Ihanteellinen k\u00e4ytett\u00e4v\u00e4ksi rauhoittavana aineena pitk\u00e4aikaisen auringolle altistumisen j\u00e4lkeen.<\/p>\n<p><strong>Lis\u00e4aktiiviset ainesosat<\/strong><\/p>\n<ul>\n<li><strong>CICA-kompleksi<\/strong><br \/>\nVaikuttaa palauttavasti ja rauhoittavasti, pehment\u00e4\u00e4 ihoa, v\u00e4hent\u00e4\u00e4 punoitusta ja hilseily\u00e4, ravitsee ja vahvistaa ihon suojakerrosta.<\/li>\n<li><strong>Pantenoli (B5-vitamiini)<\/strong><br \/>\nNopeuttaa mikrovaurioiden paranemista, rauhoittaa ja pehment\u00e4\u00e4 ihoa, v\u00e4hent\u00e4\u00e4 punoitusta ja parantaa ihon suojamuuria.<\/li>\n<li><strong>Aczero\u2122<\/strong><br \/>\nPatentoitu seitsem\u00e4st\u00e4 kasviuutteesta koostuva kompleksi. Auttaa v\u00e4hent\u00e4m\u00e4\u00e4n aknea ja tulehdusta, s\u00e4\u00e4telee talirauhasten toimintaa, normalisoi talirauhasten tuotantoa, kiinteytt\u00e4\u00e4 ja tehostaa imunestekiertoa.<\/li>\n<li><strong>Tokoferoli (E-vitamiini)<\/strong><br \/>\nTehokas antioksidantti, joka suojaa soluja oksidatiiviselta stressilt\u00e4 ja auttaa nuorentamaan ja uudistamaan ihoa.<\/li>\n<li><strong>Betaiini<\/strong><br \/>\nKosteuttaa ja pehment\u00e4\u00e4 ihoa, auttaa s\u00e4ilytt\u00e4m\u00e4\u00e4n kosteuden, suojaa solukalvoja ja lievitt\u00e4\u00e4 \u00e4rsytyst\u00e4.<\/li>\n<li><strong>Allantoiin<\/strong><br \/>\nAntioksidantti, joka hidastaa solujen ik\u00e4\u00e4ntymist\u00e4, v\u00e4hent\u00e4\u00e4 ihon herkkyytt\u00e4, stimuloi uudistumista ja silottaa karheaa ihoa.<\/li>\n<\/ul>\n<p>&nbsp;<\/p>\n<p>Sopii kaikille ihotyypeille.<\/p>\n<p><strong>K\u00e4ytt\u00f6<\/strong><\/p>\n<p>Levit\u00e4 geeli\u00e4 puhdistetulle ja kuivalle iholle ja anna imeyty\u00e4. Ei tarvitse huuhdella.<\/p>","protected":false},"excerpt":{"rendered":"<p>Round Lab Mugwort Calming Soothing Gel on antiseptinen ja auttaa lievitt\u00e4m\u00e4\u00e4n kutinaa ja \u00e4rsytyst\u00e4. Se tukee tulehduksen ja aknen paranemista ja palauttaa ihon optimaalisen kosteustason. Geelill\u00e4 on miellytt\u00e4v\u00e4 viilent\u00e4v\u00e4 vaikutus. Geeli perustuu pujon uutteeseen, jota korjataan Gomundo-saarelta Etel\u00e4-Koreasta. Se on t\u00e4ynn\u00e4 hy\u00f6dyllisi\u00e4 mineraaleja ja hivenaineita, jotka vahvistavat ihoa,\u2026<\/p>","protected":false},"featured_media":18156,"comment_status":"open","ping_status":"closed","template":"","meta":{"_uf_show_specific_survey":0,"_uf_disable_surveys":false,"_bst_post_transparent":"default","_bst_post_title":"","_bst_post_layout":"default","_bst_post_sidebar_id":"","_bst_post_content_style":"default","_bst_post_vertical_padding":"default","_bst_post_feature":"","_bst_post_feature_position":"","_bst_post_header":false,"_bst_post_footer":false},"pwb-brand":[645],"product_brand":[],"product_cat":[852,92,96],"product_tag":[854,568,646],"class_list":{"0":"post-18155","1":"product","2":"type-product","3":"status-publish","4":"has-post-thumbnail","6":"pwb-brand-round-lab","7":"product_cat-kehahooldus","8":"product_cat-nagu","9":"product_cat-naokreemid","10":"product_tag-gel","11":"product_tag-korea","12":"product_tag-round-lab","14":"first","15":"instock","16":"sale","17":"shipping-taxable","18":"purchasable","19":"product-type-simple","20":"entry","21":"content-bg","22":"loop-entry"},"supplier_id":null,"supplier_sku":"","barcode":null,"atum_controlled":true,"out_stock_date":null,"out_stock_threshold":null,"inheritable":false,"inbound_stock":null,"stock_on_hold":0,"sold_today":0,"sales_last_days":0,"out_stock_days":0,"lost_sales":0,"has_location":false,"update_date":"2026-05-10T00:17:52","atum_locations":[],"atum_stock_status":"instock","restock_status":false,"low_stock_amount":"","sales_update_date":"2026-05-10T00:17:52","calc_backorders":null,"yoast_head":"<!-- This site is optimized with the Yoast SEO plugin v27.2 - https:\/\/yoast.com\/product\/yoast-seo-wordpress\/ -->\n<title>Round Lab Mugwort Calming Soothing Gel, 150ml - IDA.KOREA<\/title>\n<meta name=\"description\" content=\"Rahustav geel omab antiseptilist toimet, toetab p\u00f5letike ja akne paranemist ning taastab naha optimaalse niiskustaseme. Geelil on meeldiv jahutav efekt.\" \/>\n<meta name=\"robots\" content=\"index, follow, max-snippet:-1, max-image-preview:large, max-video-preview:-1\" \/>\n<link rel=\"canonical\" href=\"https:\/\/idakorea.ee\/fi\/product\/round-lab-mugwort-calming-soothing-gel-150ml\/\" \/>\n<meta property=\"og:locale\" content=\"fi_FI\" \/>\n<meta property=\"og:type\" content=\"article\" \/>\n<meta property=\"og:title\" content=\"Round Lab Mugwort Calming Soothing Gel, 150ml - IDA.KOREA\" \/>\n<meta property=\"og:description\" content=\"Rahustav geel omab antiseptilist toimet, toetab p\u00f5letike ja akne paranemist ning taastab naha optimaalse niiskustaseme. Geelil on meeldiv jahutav efekt.\" \/>\n<meta property=\"og:url\" content=\"https:\/\/idakorea.ee\/fi\/product\/round-lab-mugwort-calming-soothing-gel-150ml\/\" \/>\n<meta property=\"og:site_name\" content=\"IDA.KOREA\" \/>\n<meta property=\"article:modified_time\" content=\"2026-04-03T09:06:19+00:00\" \/>\n<meta property=\"og:image\" content=\"https:\/\/idakorea.ee\/wp-content\/uploads\/2026\/03\/Mugwort-Calming-Soothing-Gel-_1_idakorea.png\" \/>\n\t<meta property=\"og:image:width\" content=\"1000\" \/>\n\t<meta property=\"og:image:height\" content=\"1000\" \/>\n\t<meta property=\"og:image:type\" content=\"image\/png\" \/>\n<meta name=\"twitter:card\" content=\"summary_large_image\" \/>\n<meta name=\"twitter:label1\" content=\"Arvioitu lukuaika\" \/>\n\t<meta name=\"twitter:data1\" content=\"2 minuuttia\" \/>\n<script type=\"application\/ld+json\" class=\"yoast-schema-graph\">{\"@context\":\"https:\/\/schema.org\",\"@graph\":[{\"@type\":\"WebPage\",\"@id\":\"https:\/\/idakorea.ee\/product\/round-lab-mugwort-calming-soothing-gel-150ml\/\",\"url\":\"https:\/\/idakorea.ee\/product\/round-lab-mugwort-calming-soothing-gel-150ml\/\",\"name\":\"Round Lab Mugwort Calming Soothing Gel, 150ml - IDA.KOREA\",\"isPartOf\":{\"@id\":\"https:\/\/idakorea.ee\/#website\"},\"primaryImageOfPage\":{\"@id\":\"https:\/\/idakorea.ee\/product\/round-lab-mugwort-calming-soothing-gel-150ml\/#primaryimage\"},\"image\":{\"@id\":\"https:\/\/idakorea.ee\/product\/round-lab-mugwort-calming-soothing-gel-150ml\/#primaryimage\"},\"thumbnailUrl\":\"https:\/\/idakorea.ee\/wp-content\/uploads\/2026\/03\/Mugwort-Calming-Soothing-Gel-_1_idakorea.png\",\"datePublished\":\"2026-03-19T12:35:15+00:00\",\"dateModified\":\"2026-04-03T09:06:19+00:00\",\"description\":\"Rahustav geel omab antiseptilist toimet, toetab p\u00f5letike ja akne paranemist ning taastab naha optimaalse niiskustaseme. Geelil on meeldiv jahutav efekt.\",\"breadcrumb\":{\"@id\":\"https:\/\/idakorea.ee\/product\/round-lab-mugwort-calming-soothing-gel-150ml\/#breadcrumb\"},\"inLanguage\":\"fi\",\"potentialAction\":[{\"@type\":\"ReadAction\",\"target\":[\"https:\/\/idakorea.ee\/product\/round-lab-mugwort-calming-soothing-gel-150ml\/\"]}]},{\"@type\":\"ImageObject\",\"inLanguage\":\"fi\",\"@id\":\"https:\/\/idakorea.ee\/product\/round-lab-mugwort-calming-soothing-gel-150ml\/#primaryimage\",\"url\":\"https:\/\/idakorea.ee\/wp-content\/uploads\/2026\/03\/Mugwort-Calming-Soothing-Gel-_1_idakorea.png\",\"contentUrl\":\"https:\/\/idakorea.ee\/wp-content\/uploads\/2026\/03\/Mugwort-Calming-Soothing-Gel-_1_idakorea.png\",\"width\":1000,\"height\":1000},{\"@type\":\"BreadcrumbList\",\"@id\":\"https:\/\/idakorea.ee\/product\/round-lab-mugwort-calming-soothing-gel-150ml\/#breadcrumb\",\"itemListElement\":[{\"@type\":\"ListItem\",\"position\":1,\"name\":\"\u0413\u043b\u0430\u0432\u043d\u0430\u044f \u0441\u0442\u0440\u0430\u043d\u0438\u0446\u0430\",\"item\":\"https:\/\/idakorea.ee\/\"},{\"@type\":\"ListItem\",\"position\":2,\"name\":\"Shop\",\"item\":\"https:\/\/idakorea.ee\/shop-2\/\"},{\"@type\":\"ListItem\",\"position\":3,\"name\":\"Rahustav geel Round Lab Mugwort Calming Soothing Gel, 150ml\"}]},{\"@type\":\"WebSite\",\"@id\":\"https:\/\/idakorea.ee\/#website\",\"url\":\"https:\/\/idakorea.ee\/\",\"name\":\"IDA.KOREA\",\"description\":\"Korea kosmeetika e-pood\",\"publisher\":{\"@id\":\"https:\/\/idakorea.ee\/#organization\"},\"alternateName\":\"Beauty Shop\",\"potentialAction\":[{\"@type\":\"SearchAction\",\"target\":{\"@type\":\"EntryPoint\",\"urlTemplate\":\"https:\/\/idakorea.ee\/?s={search_term_string}\"},\"query-input\":{\"@type\":\"PropertyValueSpecification\",\"valueRequired\":true,\"valueName\":\"search_term_string\"}}],\"inLanguage\":\"fi\"},{\"@type\":\"Organization\",\"@id\":\"https:\/\/idakorea.ee\/#organization\",\"name\":\"IDA.KOREA\",\"url\":\"https:\/\/idakorea.ee\/\",\"logo\":{\"@type\":\"ImageObject\",\"inLanguage\":\"fi\",\"@id\":\"https:\/\/idakorea.ee\/#\/schema\/logo\/image\/\",\"url\":\"https:\/\/idakorea.ee\/wp-content\/uploads\/2024\/05\/cropped-korea3.png\",\"contentUrl\":\"https:\/\/idakorea.ee\/wp-content\/uploads\/2024\/05\/cropped-korea3.png\",\"width\":688,\"height\":126,\"caption\":\"IDA.KOREA\"},\"image\":{\"@id\":\"https:\/\/idakorea.ee\/#\/schema\/logo\/image\/\"},\"sameAs\":[\"https:\/\/www.instagram.com\/ida.korea\/\"]}]}<\/script>\n<!-- \/ Yoast SEO plugin. -->","yoast_head_json":{"title":"Round Lab Mugwort Calming Soothing Gel, 150ml - IDA.KOREA","description":"Rauhoittavalla geelill\u00e4 on antiseptinen vaikutus, se tukee tulehduksen ja aknen paranemista ja palauttaa ihon optimaalisen kosteustason. Geelill\u00e4 on miellytt\u00e4v\u00e4 viilent\u00e4v\u00e4 vaikutus.","robots":{"index":"index","follow":"follow","max-snippet":"max-snippet:-1","max-image-preview":"max-image-preview:large","max-video-preview":"max-video-preview:-1"},"canonical":"https:\/\/idakorea.ee\/fi\/product\/round-lab-mugwort-calming-soothing-gel-150ml\/","og_locale":"fi_FI","og_type":"article","og_title":"Round Lab Mugwort Calming Soothing Gel, 150ml - IDA.KOREA","og_description":"Rahustav geel omab antiseptilist toimet, toetab p\u00f5letike ja akne paranemist ning taastab naha optimaalse niiskustaseme. Geelil on meeldiv jahutav efekt.","og_url":"https:\/\/idakorea.ee\/fi\/product\/round-lab-mugwort-calming-soothing-gel-150ml\/","og_site_name":"IDA.KOREA","article_modified_time":"2026-04-03T09:06:19+00:00","og_image":[{"width":1000,"height":1000,"url":"https:\/\/idakorea.ee\/wp-content\/uploads\/2026\/03\/Mugwort-Calming-Soothing-Gel-_1_idakorea.png","type":"image\/png"}],"twitter_card":"summary_large_image","twitter_misc":{"Arvioitu lukuaika":"2 minuuttia"},"schema":{"@context":"https:\/\/schema.org","@graph":[{"@type":"WebPage","@id":"https:\/\/idakorea.ee\/product\/round-lab-mugwort-calming-soothing-gel-150ml\/","url":"https:\/\/idakorea.ee\/product\/round-lab-mugwort-calming-soothing-gel-150ml\/","name":"Round Lab Mugwort Calming Soothing Gel, 150ml - IDA.KOREA","isPartOf":{"@id":"https:\/\/idakorea.ee\/#website"},"primaryImageOfPage":{"@id":"https:\/\/idakorea.ee\/product\/round-lab-mugwort-calming-soothing-gel-150ml\/#primaryimage"},"image":{"@id":"https:\/\/idakorea.ee\/product\/round-lab-mugwort-calming-soothing-gel-150ml\/#primaryimage"},"thumbnailUrl":"https:\/\/idakorea.ee\/wp-content\/uploads\/2026\/03\/Mugwort-Calming-Soothing-Gel-_1_idakorea.png","datePublished":"2026-03-19T12:35:15+00:00","dateModified":"2026-04-03T09:06:19+00:00","description":"Rauhoittavalla geelill\u00e4 on antiseptinen vaikutus, se tukee tulehduksen ja aknen paranemista ja palauttaa ihon optimaalisen kosteustason. Geelill\u00e4 on miellytt\u00e4v\u00e4 viilent\u00e4v\u00e4 vaikutus.","breadcrumb":{"@id":"https:\/\/idakorea.ee\/product\/round-lab-mugwort-calming-soothing-gel-150ml\/#breadcrumb"},"inLanguage":"fi","potentialAction":[{"@type":"ReadAction","target":["https:\/\/idakorea.ee\/product\/round-lab-mugwort-calming-soothing-gel-150ml\/"]}]},{"@type":"ImageObject","inLanguage":"fi","@id":"https:\/\/idakorea.ee\/product\/round-lab-mugwort-calming-soothing-gel-150ml\/#primaryimage","url":"https:\/\/idakorea.ee\/wp-content\/uploads\/2026\/03\/Mugwort-Calming-Soothing-Gel-_1_idakorea.png","contentUrl":"https:\/\/idakorea.ee\/wp-content\/uploads\/2026\/03\/Mugwort-Calming-Soothing-Gel-_1_idakorea.png","width":1000,"height":1000},{"@type":"BreadcrumbList","@id":"https:\/\/idakorea.ee\/product\/round-lab-mugwort-calming-soothing-gel-150ml\/#breadcrumb","itemListElement":[{"@type":"ListItem","position":1,"name":"\u0413\u043b\u0430\u0432\u043d\u0430\u044f \u0441\u0442\u0440\u0430\u043d\u0438\u0446\u0430","item":"https:\/\/idakorea.ee\/"},{"@type":"ListItem","position":2,"name":"Shop","item":"https:\/\/idakorea.ee\/shop-2\/"},{"@type":"ListItem","position":3,"name":"Rahustav geel Round Lab Mugwort Calming Soothing Gel, 150ml"}]},{"@type":"WebSite","@id":"https:\/\/idakorea.ee\/#website","url":"https:\/\/idakorea.ee\/","name":"IDA.KOREA","description":"Korean kosmetiikan verkkokauppa","publisher":{"@id":"https:\/\/idakorea.ee\/#organization"},"alternateName":"Beauty Shop","potentialAction":[{"@type":"SearchAction","target":{"@type":"EntryPoint","urlTemplate":"https:\/\/idakorea.ee\/?s={search_term_string}"},"query-input":{"@type":"PropertyValueSpecification","valueRequired":true,"valueName":"search_term_string"}}],"inLanguage":"fi"},{"@type":"Organization","@id":"https:\/\/idakorea.ee\/#organization","name":"IDA.KOREA","url":"https:\/\/idakorea.ee\/","logo":{"@type":"ImageObject","inLanguage":"fi","@id":"https:\/\/idakorea.ee\/#\/schema\/logo\/image\/","url":"https:\/\/idakorea.ee\/wp-content\/uploads\/2024\/05\/cropped-korea3.png","contentUrl":"https:\/\/idakorea.ee\/wp-content\/uploads\/2024\/05\/cropped-korea3.png","width":688,"height":126,"caption":"IDA.KOREA"},"image":{"@id":"https:\/\/idakorea.ee\/#\/schema\/logo\/image\/"},"sameAs":["https:\/\/www.instagram.com\/ida.korea\/"]}]}},"jetpack_sharing_enabled":true,"brands":[{"id":645,"name":"ROUND LAB","slug":"round-lab"}],"_links":{"self":[{"href":"https:\/\/idakorea.ee\/fi\/wp-json\/wp\/v2\/product\/18155","targetHints":{"allow":["GET"]}}],"collection":[{"href":"https:\/\/idakorea.ee\/fi\/wp-json\/wp\/v2\/product"}],"about":[{"href":"https:\/\/idakorea.ee\/fi\/wp-json\/wp\/v2\/types\/product"}],"replies":[{"embeddable":true,"href":"https:\/\/idakorea.ee\/fi\/wp-json\/wp\/v2\/comments?post=18155"}],"version-history":[{"count":1,"href":"https:\/\/idakorea.ee\/fi\/wp-json\/wp\/v2\/product\/18155\/revisions"}],"predecessor-version":[{"id":18160,"href":"https:\/\/idakorea.ee\/fi\/wp-json\/wp\/v2\/product\/18155\/revisions\/18160"}],"wp:featuredmedia":[{"embeddable":true,"href":"https:\/\/idakorea.ee\/fi\/wp-json\/wp\/v2\/media\/18156"}],"wp:attachment":[{"href":"https:\/\/idakorea.ee\/fi\/wp-json\/wp\/v2\/media?parent=18155"}],"wp:term":[{"taxonomy":"pwb-brand","embeddable":true,"href":"https:\/\/idakorea.ee\/fi\/wp-json\/wp\/v2\/pwb-brand?post=18155"},{"taxonomy":"product_brand","embeddable":true,"href":"https:\/\/idakorea.ee\/fi\/wp-json\/wp\/v2\/product_brand?post=18155"},{"taxonomy":"product_cat","embeddable":true,"href":"https:\/\/idakorea.ee\/fi\/wp-json\/wp\/v2\/product_cat?post=18155"},{"taxonomy":"product_tag","embeddable":true,"href":"https:\/\/idakorea.ee\/fi\/wp-json\/wp\/v2\/product_tag?post=18155"}],"curies":[{"name":"wp","href":"https:\/\/api.w.org\/{rel}","templated":true}]}}