{"id":18173,"date":"2026-03-20T11:58:34","date_gmt":"2026-03-20T09:58:34","guid":{"rendered":"https:\/\/idakorea.ee\/?post_type=product&#038;p=18173"},"modified":"2026-04-10T22:00:47","modified_gmt":"2026-04-10T20:00:47","slug":"kose-softymo-speedy-cleansing-oil-240ml","status":"publish","type":"product","link":"https:\/\/idakorea.ee\/fi\/product\/kose-softymo-speedy-cleansing-oil-240ml\/","title":{"rendered":"Kose Softymo Speedy Cleansing Oil, 240ml"},"content":{"rendered":"<p>Puhdistava kasvo\u00f6ljy <strong>Softymo Speed Cleansing Oil<\/strong> Poistaa nopeasti, hell\u00e4varaisesti ja tehokkaasti BB-voiteen ja kestomeikin.<\/p>\n<p>\u00d6ljy ei vaadi j\u00e4lkipesua vaahdolla, sill\u00e4 se poistaa meikin ja koristekosmetiikan t\u00e4ydellisesti ja puhdistaa ihon kuolleista ihosoluista ja ylim\u00e4\u00e4r\u00e4isest\u00e4 talista. \u00d6ljy sitoutuu meikkiin ja likaan iholla, muuttuu sitten kevyeksi emulsioksi veden kanssa kosketuksissa ja huuhtelee helposti pois j\u00e4tt\u00e4m\u00e4tt\u00e4 rasvaista kerrosta tai tukkimatta ihohuokosia.<\/p>\n<p>Tuotteen luonnollinen koostumus on lis\u00e4bonus, joka tarjoaa t\u00e4ydellisen hoidon iholle.<\/p>\n<p>Oliivi-, shea-, jojoba- ja auringonkukka\u00f6ljyt ravitsevat, kosteuttavat ja pehment\u00e4v\u00e4t ihoa, silottavat sen pintaa, v\u00e4hent\u00e4v\u00e4t hilseily\u00e4 ja suojaavat ymp\u00e4rist\u00f6n haitallisilta vaikutuksilta. \u00d6ljyn koostumus on kevyt ja rasvaton, se on v\u00e4rit\u00f6n ja hajuton - neutraali koostumus ei aiheuta \u00e4rsytyst\u00e4 tai allergioita.<\/p>\n<p>&nbsp;<\/p>\n<p>Sopii kaikille ihotyypeille.<\/p>\n<p><strong>K\u00e4ytt\u00f6<\/strong><\/p>\n<p>Puhdistuksen j\u00e4lkeen ihosta tulee raikas ja sile\u00e4, aivan kuin jokainen solu hengitt\u00e4isi ja olisi t\u00e4ynn\u00e4 energiaa.<\/p>","protected":false},"excerpt":{"rendered":"<p>Softymo Speedy Cleansing Oil poistaa nopeasti, hell\u00e4varaisesti ja tehokkaasti BB-voiteen ja kestomeikin. \u00d6ljy ei vaadi j\u00e4lkipesua vaahdolla, sill\u00e4 se poistaa meikin ja koristekosmetiikan kokonaan ja puhdistaa ihon kuolleista ihosoluista ja ylim\u00e4\u00e4r\u00e4isest\u00e4 talista. \u00d6ljy sitoo meikin ja lian iholle, muuttuu kevyeksi emulsioksi veden kanssa kosketuksissa ja huuhtelee helposti pois j\u00e4tt\u00e4m\u00e4tt\u00e4 rasvaista kalvoa\u2026<\/p>","protected":false},"featured_media":18179,"comment_status":"open","ping_status":"closed","template":"","meta":{"_uf_show_specific_survey":0,"_uf_disable_surveys":false,"_bst_post_transparent":"default","_bst_post_title":"","_bst_post_layout":"default","_bst_post_sidebar_id":"","_bst_post_content_style":"default","_bst_post_vertical_padding":"default","_bst_post_feature":"","_bst_post_feature_position":"","_bst_post_header":false,"_bst_post_footer":false},"pwb-brand":[1139],"product_brand":[],"product_cat":[452,100],"product_tag":[996,1140,671,1141],"class_list":{"0":"post-18173","1":"product","2":"type-product","3":"status-publish","4":"has-post-thumbnail","6":"pwb-brand-kose","7":"product_cat-naopuhastusgeelid","8":"product_cat-puhastusvahendid","9":"product_tag-japan","10":"product_tag-kose","11":"product_tag-oil","12":"product_tag-speedy","14":"first","15":"instock","16":"sale","17":"shipping-taxable","18":"purchasable","19":"product-type-simple","20":"entry","21":"content-bg","22":"loop-entry"},"supplier_id":null,"supplier_sku":"","barcode":null,"atum_controlled":true,"out_stock_date":null,"out_stock_threshold":null,"inheritable":false,"inbound_stock":null,"stock_on_hold":0,"sold_today":0,"sales_last_days":3,"out_stock_days":0,"lost_sales":0,"has_location":false,"update_date":"2026-04-15T18:26:50","atum_locations":[],"atum_stock_status":"instock","restock_status":true,"low_stock_amount":"","sales_update_date":"2026-04-15T18:26:50","calc_backorders":null,"yoast_head":"<!-- This site is optimized with the Yoast SEO plugin v27.2 - https:\/\/yoast.com\/product\/yoast-seo-wordpress\/ -->\n<title>Kose Softymo Speedy Cleansing Oil, 240ml - IDA.KOREA<\/title>\n<meta name=\"description\" content=\"\u00d5li ei vaja j\u00e4rgnevat pesu vahuga, kuna eemaldab t\u00e4ielikult jumestustooted ja dekoratiivkosmeetika ning puhastab naha surnud rakkudest ja liigsest rasust.\" \/>\n<meta name=\"robots\" content=\"index, follow, max-snippet:-1, max-image-preview:large, max-video-preview:-1\" \/>\n<link rel=\"canonical\" href=\"https:\/\/idakorea.ee\/fi\/product\/kose-softymo-speedy-cleansing-oil-240ml\/\" \/>\n<meta property=\"og:locale\" content=\"fi_FI\" \/>\n<meta property=\"og:type\" content=\"article\" \/>\n<meta property=\"og:title\" content=\"Kose Softymo Speedy Cleansing Oil, 240ml - IDA.KOREA\" \/>\n<meta property=\"og:description\" content=\"\u00d5li ei vaja j\u00e4rgnevat pesu vahuga, kuna eemaldab t\u00e4ielikult jumestustooted ja dekoratiivkosmeetika ning puhastab naha surnud rakkudest ja liigsest rasust.\" \/>\n<meta property=\"og:url\" content=\"https:\/\/idakorea.ee\/fi\/product\/kose-softymo-speedy-cleansing-oil-240ml\/\" \/>\n<meta property=\"og:site_name\" content=\"IDA.KOREA\" \/>\n<meta property=\"article:modified_time\" content=\"2026-04-10T20:00:47+00:00\" \/>\n<meta property=\"og:image\" content=\"https:\/\/idakorea.ee\/wp-content\/uploads\/2026\/03\/kose-softymo-speedy-cleansing-oil-2-idakorea.jpg\" \/>\n\t<meta property=\"og:image:width\" content=\"400\" \/>\n\t<meta property=\"og:image:height\" content=\"400\" \/>\n\t<meta property=\"og:image:type\" content=\"image\/jpeg\" \/>\n<meta name=\"twitter:card\" content=\"summary_large_image\" \/>\n<meta name=\"twitter:label1\" content=\"Arvioitu lukuaika\" \/>\n\t<meta name=\"twitter:data1\" content=\"1 minuutti\" \/>\n<script type=\"application\/ld+json\" class=\"yoast-schema-graph\">{\"@context\":\"https:\/\/schema.org\",\"@graph\":[{\"@type\":\"WebPage\",\"@id\":\"https:\/\/idakorea.ee\/product\/kose-softymo-speedy-cleansing-oil-240ml\/\",\"url\":\"https:\/\/idakorea.ee\/product\/kose-softymo-speedy-cleansing-oil-240ml\/\",\"name\":\"Kose Softymo Speedy Cleansing Oil, 240ml - IDA.KOREA\",\"isPartOf\":{\"@id\":\"https:\/\/idakorea.ee\/#website\"},\"primaryImageOfPage\":{\"@id\":\"https:\/\/idakorea.ee\/product\/kose-softymo-speedy-cleansing-oil-240ml\/#primaryimage\"},\"image\":{\"@id\":\"https:\/\/idakorea.ee\/product\/kose-softymo-speedy-cleansing-oil-240ml\/#primaryimage\"},\"thumbnailUrl\":\"https:\/\/idakorea.ee\/wp-content\/uploads\/2026\/03\/kose-softymo-speedy-cleansing-oil-2-idakorea.jpg\",\"datePublished\":\"2026-03-20T09:58:34+00:00\",\"dateModified\":\"2026-04-10T20:00:47+00:00\",\"description\":\"\u00d5li ei vaja j\u00e4rgnevat pesu vahuga, kuna eemaldab t\u00e4ielikult jumestustooted ja dekoratiivkosmeetika ning puhastab naha surnud rakkudest ja liigsest rasust.\",\"breadcrumb\":{\"@id\":\"https:\/\/idakorea.ee\/product\/kose-softymo-speedy-cleansing-oil-240ml\/#breadcrumb\"},\"inLanguage\":\"fi\",\"potentialAction\":[{\"@type\":\"ReadAction\",\"target\":[\"https:\/\/idakorea.ee\/product\/kose-softymo-speedy-cleansing-oil-240ml\/\"]}]},{\"@type\":\"ImageObject\",\"inLanguage\":\"fi\",\"@id\":\"https:\/\/idakorea.ee\/product\/kose-softymo-speedy-cleansing-oil-240ml\/#primaryimage\",\"url\":\"https:\/\/idakorea.ee\/wp-content\/uploads\/2026\/03\/kose-softymo-speedy-cleansing-oil-2-idakorea.jpg\",\"contentUrl\":\"https:\/\/idakorea.ee\/wp-content\/uploads\/2026\/03\/kose-softymo-speedy-cleansing-oil-2-idakorea.jpg\",\"width\":400,\"height\":400},{\"@type\":\"BreadcrumbList\",\"@id\":\"https:\/\/idakorea.ee\/product\/kose-softymo-speedy-cleansing-oil-240ml\/#breadcrumb\",\"itemListElement\":[{\"@type\":\"ListItem\",\"position\":1,\"name\":\"\u0413\u043b\u0430\u0432\u043d\u0430\u044f \u0441\u0442\u0440\u0430\u043d\u0438\u0446\u0430\",\"item\":\"https:\/\/idakorea.ee\/\"},{\"@type\":\"ListItem\",\"position\":2,\"name\":\"Shop\",\"item\":\"https:\/\/idakorea.ee\/shop-2\/\"},{\"@type\":\"ListItem\",\"position\":3,\"name\":\"Puhastav n\u00e4o\u00f5li Kose Softymo Speedy Cleansing Oil, 240ml\"}]},{\"@type\":\"WebSite\",\"@id\":\"https:\/\/idakorea.ee\/#website\",\"url\":\"https:\/\/idakorea.ee\/\",\"name\":\"IDA.KOREA\",\"description\":\"Korea kosmeetika e-pood\",\"publisher\":{\"@id\":\"https:\/\/idakorea.ee\/#organization\"},\"alternateName\":\"Beauty Shop\",\"potentialAction\":[{\"@type\":\"SearchAction\",\"target\":{\"@type\":\"EntryPoint\",\"urlTemplate\":\"https:\/\/idakorea.ee\/?s={search_term_string}\"},\"query-input\":{\"@type\":\"PropertyValueSpecification\",\"valueRequired\":true,\"valueName\":\"search_term_string\"}}],\"inLanguage\":\"fi\"},{\"@type\":\"Organization\",\"@id\":\"https:\/\/idakorea.ee\/#organization\",\"name\":\"IDA.KOREA\",\"url\":\"https:\/\/idakorea.ee\/\",\"logo\":{\"@type\":\"ImageObject\",\"inLanguage\":\"fi\",\"@id\":\"https:\/\/idakorea.ee\/#\/schema\/logo\/image\/\",\"url\":\"https:\/\/idakorea.ee\/wp-content\/uploads\/2024\/05\/cropped-korea3.png\",\"contentUrl\":\"https:\/\/idakorea.ee\/wp-content\/uploads\/2024\/05\/cropped-korea3.png\",\"width\":688,\"height\":126,\"caption\":\"IDA.KOREA\"},\"image\":{\"@id\":\"https:\/\/idakorea.ee\/#\/schema\/logo\/image\/\"},\"sameAs\":[\"https:\/\/www.instagram.com\/ida.korea\/\"]}]}<\/script>\n<!-- \/ Yoast SEO plugin. -->","yoast_head_json":{"title":"Kose Softymo Speedy Cleansing Oil, 240ml - IDA.KOREA","description":"\u00d5li ei vaja j\u00e4rgnevat pesu vahuga, kuna eemaldab t\u00e4ielikult jumestustooted ja dekoratiivkosmeetika ning puhastab naha surnud rakkudest ja liigsest rasust.","robots":{"index":"index","follow":"follow","max-snippet":"max-snippet:-1","max-image-preview":"max-image-preview:large","max-video-preview":"max-video-preview:-1"},"canonical":"https:\/\/idakorea.ee\/fi\/product\/kose-softymo-speedy-cleansing-oil-240ml\/","og_locale":"fi_FI","og_type":"article","og_title":"Kose Softymo Speedy Cleansing Oil, 240ml - IDA.KOREA","og_description":"\u00d5li ei vaja j\u00e4rgnevat pesu vahuga, kuna eemaldab t\u00e4ielikult jumestustooted ja dekoratiivkosmeetika ning puhastab naha surnud rakkudest ja liigsest rasust.","og_url":"https:\/\/idakorea.ee\/fi\/product\/kose-softymo-speedy-cleansing-oil-240ml\/","og_site_name":"IDA.KOREA","article_modified_time":"2026-04-10T20:00:47+00:00","og_image":[{"width":400,"height":400,"url":"https:\/\/idakorea.ee\/wp-content\/uploads\/2026\/03\/kose-softymo-speedy-cleansing-oil-2-idakorea.jpg","type":"image\/jpeg"}],"twitter_card":"summary_large_image","twitter_misc":{"Arvioitu lukuaika":"1 minuutti"},"schema":{"@context":"https:\/\/schema.org","@graph":[{"@type":"WebPage","@id":"https:\/\/idakorea.ee\/product\/kose-softymo-speedy-cleansing-oil-240ml\/","url":"https:\/\/idakorea.ee\/product\/kose-softymo-speedy-cleansing-oil-240ml\/","name":"Kose Softymo Speedy Cleansing Oil, 240ml - IDA.KOREA","isPartOf":{"@id":"https:\/\/idakorea.ee\/#website"},"primaryImageOfPage":{"@id":"https:\/\/idakorea.ee\/product\/kose-softymo-speedy-cleansing-oil-240ml\/#primaryimage"},"image":{"@id":"https:\/\/idakorea.ee\/product\/kose-softymo-speedy-cleansing-oil-240ml\/#primaryimage"},"thumbnailUrl":"https:\/\/idakorea.ee\/wp-content\/uploads\/2026\/03\/kose-softymo-speedy-cleansing-oil-2-idakorea.jpg","datePublished":"2026-03-20T09:58:34+00:00","dateModified":"2026-04-10T20:00:47+00:00","description":"\u00d5li ei vaja j\u00e4rgnevat pesu vahuga, kuna eemaldab t\u00e4ielikult jumestustooted ja dekoratiivkosmeetika ning puhastab naha surnud rakkudest ja liigsest rasust.","breadcrumb":{"@id":"https:\/\/idakorea.ee\/product\/kose-softymo-speedy-cleansing-oil-240ml\/#breadcrumb"},"inLanguage":"fi","potentialAction":[{"@type":"ReadAction","target":["https:\/\/idakorea.ee\/product\/kose-softymo-speedy-cleansing-oil-240ml\/"]}]},{"@type":"ImageObject","inLanguage":"fi","@id":"https:\/\/idakorea.ee\/product\/kose-softymo-speedy-cleansing-oil-240ml\/#primaryimage","url":"https:\/\/idakorea.ee\/wp-content\/uploads\/2026\/03\/kose-softymo-speedy-cleansing-oil-2-idakorea.jpg","contentUrl":"https:\/\/idakorea.ee\/wp-content\/uploads\/2026\/03\/kose-softymo-speedy-cleansing-oil-2-idakorea.jpg","width":400,"height":400},{"@type":"BreadcrumbList","@id":"https:\/\/idakorea.ee\/product\/kose-softymo-speedy-cleansing-oil-240ml\/#breadcrumb","itemListElement":[{"@type":"ListItem","position":1,"name":"\u0413\u043b\u0430\u0432\u043d\u0430\u044f \u0441\u0442\u0440\u0430\u043d\u0438\u0446\u0430","item":"https:\/\/idakorea.ee\/"},{"@type":"ListItem","position":2,"name":"Shop","item":"https:\/\/idakorea.ee\/shop-2\/"},{"@type":"ListItem","position":3,"name":"Puhastav n\u00e4o\u00f5li Kose Softymo Speedy Cleansing Oil, 240ml"}]},{"@type":"WebSite","@id":"https:\/\/idakorea.ee\/#website","url":"https:\/\/idakorea.ee\/","name":"IDA.KOREA","description":"Korean kosmetiikan verkkokauppa","publisher":{"@id":"https:\/\/idakorea.ee\/#organization"},"alternateName":"Beauty Shop","potentialAction":[{"@type":"SearchAction","target":{"@type":"EntryPoint","urlTemplate":"https:\/\/idakorea.ee\/?s={search_term_string}"},"query-input":{"@type":"PropertyValueSpecification","valueRequired":true,"valueName":"search_term_string"}}],"inLanguage":"fi"},{"@type":"Organization","@id":"https:\/\/idakorea.ee\/#organization","name":"IDA.KOREA","url":"https:\/\/idakorea.ee\/","logo":{"@type":"ImageObject","inLanguage":"fi","@id":"https:\/\/idakorea.ee\/#\/schema\/logo\/image\/","url":"https:\/\/idakorea.ee\/wp-content\/uploads\/2024\/05\/cropped-korea3.png","contentUrl":"https:\/\/idakorea.ee\/wp-content\/uploads\/2024\/05\/cropped-korea3.png","width":688,"height":126,"caption":"IDA.KOREA"},"image":{"@id":"https:\/\/idakorea.ee\/#\/schema\/logo\/image\/"},"sameAs":["https:\/\/www.instagram.com\/ida.korea\/"]}]}},"jetpack_sharing_enabled":true,"brands":[{"id":1139,"name":"KOSE","slug":"kose"}],"_links":{"self":[{"href":"https:\/\/idakorea.ee\/fi\/wp-json\/wp\/v2\/product\/18173","targetHints":{"allow":["GET"]}}],"collection":[{"href":"https:\/\/idakorea.ee\/fi\/wp-json\/wp\/v2\/product"}],"about":[{"href":"https:\/\/idakorea.ee\/fi\/wp-json\/wp\/v2\/types\/product"}],"replies":[{"embeddable":true,"href":"https:\/\/idakorea.ee\/fi\/wp-json\/wp\/v2\/comments?post=18173"}],"version-history":[{"count":2,"href":"https:\/\/idakorea.ee\/fi\/wp-json\/wp\/v2\/product\/18173\/revisions"}],"predecessor-version":[{"id":18182,"href":"https:\/\/idakorea.ee\/fi\/wp-json\/wp\/v2\/product\/18173\/revisions\/18182"}],"wp:featuredmedia":[{"embeddable":true,"href":"https:\/\/idakorea.ee\/fi\/wp-json\/wp\/v2\/media\/18179"}],"wp:attachment":[{"href":"https:\/\/idakorea.ee\/fi\/wp-json\/wp\/v2\/media?parent=18173"}],"wp:term":[{"taxonomy":"pwb-brand","embeddable":true,"href":"https:\/\/idakorea.ee\/fi\/wp-json\/wp\/v2\/pwb-brand?post=18173"},{"taxonomy":"product_brand","embeddable":true,"href":"https:\/\/idakorea.ee\/fi\/wp-json\/wp\/v2\/product_brand?post=18173"},{"taxonomy":"product_cat","embeddable":true,"href":"https:\/\/idakorea.ee\/fi\/wp-json\/wp\/v2\/product_cat?post=18173"},{"taxonomy":"product_tag","embeddable":true,"href":"https:\/\/idakorea.ee\/fi\/wp-json\/wp\/v2\/product_tag?post=18173"}],"curies":[{"name":"wp","href":"https:\/\/api.w.org\/{rel}","templated":true}]}}