{"id":18195,"date":"2026-03-22T18:34:01","date_gmt":"2026-03-22T16:34:01","guid":{"rendered":"https:\/\/idakorea.ee\/?post_type=product&#038;p=18195"},"modified":"2026-03-22T18:34:01","modified_gmt":"2026-03-22T16:34:01","slug":"celimax-oil-control-moisturizing-cream-80ml","status":"publish","type":"product","link":"https:\/\/idakorea.ee\/fi\/product\/celimax-oil-control-moisturizing-cream-80ml\/","title":{"rendered":"Celimax Oil Control Moisturizing Cream, 80ml"},"content":{"rendered":"<p>Kosteusvoide <strong>Celimax Oil Control Moisturizing Cream<\/strong> Auttaa normalisoimaan talirauhasten toimintaa, v\u00e4hent\u00e4\u00e4 ihon rasvaisuutta p\u00e4iv\u00e4n aikana ja antaa mattapinnan. Yll\u00e4pit\u00e4\u00e4 optimaalisen hydrolipiditasapainon aiheuttamatta kuivuutta tai hilseily\u00e4.<\/p>\n<p>Voide pehment\u00e4\u00e4 karheaa ihoa ja tasoittaa ihon mikroreliefi\u00e4, tasoittaa ihon s\u00e4vy\u00e4. Auttaa supistamaan laajentuneita ihohuokosia ja tekee talirauhasista v\u00e4hemm\u00e4n n\u00e4kyvi\u00e4.<\/p>\n<p>Tuotteella on kevyt geelim\u00e4inen koostumus, joka imeytyy nopeasti eik\u00e4 j\u00e4t\u00e4 ihoa tahmeaksi. Se ei sis\u00e4ll\u00e4 keinotekoisia v\u00e4riaineita tai hajusteita.<\/p>\n<p><strong>T\u00e4rkeimm\u00e4t vaikuttavat aineosat<\/strong><\/p>\n<ul>\n<li><strong>Anti-Sebum P\u2122<\/strong><br \/>\nYrttiyhdiste (m\u00e4nty-, jalava-, iltahelokki- ja pueraria-uutteet), joka auttaa v\u00e4hent\u00e4m\u00e4\u00e4n liiallista talintuotantoa ja poistamaan rasvaista kiiltoa.<\/li>\n<li><strong>Huokosia ehk\u00e4isev\u00e4 S<\/strong><br \/>\n(Kummerowia Striata -uute, Cornus Officinalis -kuoriuute, Leptospermum Scoparium -lehtiuute)<br \/>\nLievitt\u00e4\u00e4 \u00e4rsytyst\u00e4 ja punoitusta, auttaa pienent\u00e4m\u00e4\u00e4n ihohuokosia, suojaa oksidatiiviselta stressilt\u00e4 ja sill\u00e4 on valolta suojaava vaikutus.<\/li>\n<li><strong>Sinkki<\/strong><br \/>\nS\u00e4\u00e4telee talirauhasten toimintaa ja tekee ihosta mattapintaisen. Tukee ihon uudistumis- ja uudistumisprosesseja.<\/li>\n<li><strong>4-terpineoli<\/strong><br \/>\nTeepuusta per\u00e4isin oleva antioksidanttisia ominaisuuksia omaava koostumus rauhoittaa ihoa ja auttaa ehk\u00e4isem\u00e4\u00e4n tulehduksen j\u00e4lkeist\u00e4 pigmentaatiota.<\/li>\n<li><strong>Pantenoli (B5-vitamiini)<\/strong><br \/>\nLievitt\u00e4\u00e4 punoitusta ja kutinaa, vahvistaa ihon suojakerrosta, v\u00e4hent\u00e4\u00e4 kosteuden menetyst\u00e4 ja edist\u00e4\u00e4 vaurioituneen ihon uudistumista.<\/li>\n<li><strong>Beetaglukaani (0,5%)<\/strong><br \/>\nSill\u00e4 on tulehdusta ja ik\u00e4\u00e4ntymist\u00e4 ehk\u00e4isevi\u00e4 vaikutuksia, se kosteuttaa tehokkaasti ja suojaa vapailta radikaaleilta.<\/li>\n<\/ul>\n<p>&nbsp;<\/p>\n<p>Sopii normaalille, sekaiholle ja rasvaiselle iholle.<\/p>\n<p><strong>K\u00e4ytt\u00f6<\/strong><\/p>\n<p>Puhdistuksen, kasvoveden ja seerumin j\u00e4lkeen levit\u00e4 voide kasvoillesi ja levit\u00e4 tasaisesti iholle.<\/p>\n<p>&nbsp;<\/p>","protected":false},"excerpt":{"rendered":"<p>Celimax Oil Control -kosteusvoide auttaa normalisoimaan talirauhasten toimintaa, v\u00e4hent\u00e4\u00e4 ihon rasvaisuutta p\u00e4iv\u00e4n aikana ja antaa mattapintaisen lopputuloksen. Yll\u00e4pit\u00e4\u00e4 optimaalisen hydrolipiditasapainon aiheuttamatta kuivuutta tai hilseily\u00e4. Voide pehment\u00e4\u00e4 karheaa ihoa ja tasoittaa ihon mikroreliefi\u00e4, tasoittaa ihon s\u00e4vy\u00e4. Auttaa supistamaan laajentuneita ihohuokosia ja tekee talirauhasista v\u00e4hemm\u00e4n n\u00e4kyvi\u00e4. Tuotteella on kevyt geelim\u00e4inen koostumus, joka imeytyy nopeasti\u2026<\/p>","protected":false},"featured_media":18197,"comment_status":"open","ping_status":"closed","template":"","meta":{"_uf_show_specific_survey":0,"_uf_disable_surveys":false,"_bst_post_transparent":"default","_bst_post_title":"","_bst_post_layout":"default","_bst_post_sidebar_id":"","_bst_post_content_style":"default","_bst_post_vertical_padding":"default","_bst_post_feature":"","_bst_post_feature_position":"","_bst_post_header":false,"_bst_post_footer":false},"pwb-brand":[885],"product_brand":[],"product_cat":[92,96],"product_tag":[886,568,976,1142,214],"class_list":{"0":"post-18195","1":"product","2":"type-product","3":"status-publish","4":"has-post-thumbnail","6":"pwb-brand-celimax","7":"product_cat-nagu","8":"product_cat-naokreemid","9":"product_tag-celimax","10":"product_tag-korea","11":"product_tag-kreem","12":"product_tag-olily-skin","13":"product_tag-rasune-nahk","15":"first","16":"instock","17":"sale","18":"shipping-taxable","19":"purchasable","20":"product-type-simple","21":"entry","22":"content-bg","23":"loop-entry"},"supplier_id":null,"supplier_sku":"","barcode":null,"atum_controlled":true,"out_stock_date":null,"out_stock_threshold":null,"inheritable":false,"inbound_stock":null,"stock_on_hold":0,"sold_today":0,"sales_last_days":0,"out_stock_days":0,"lost_sales":0,"has_location":false,"update_date":"2026-04-15T00:05:15","atum_locations":[],"atum_stock_status":"instock","restock_status":false,"low_stock_amount":"","sales_update_date":"2026-04-15T00:05:15","calc_backorders":null,"yoast_head":"<!-- This site is optimized with the Yoast SEO plugin v27.2 - https:\/\/yoast.com\/product\/yoast-seo-wordpress\/ -->\n<title>Celimax Oil Control Moisturizing Cream, 80ml - IDA.KOREA<\/title>\n<meta name=\"description\" content=\"Niisutav kreem aitab normaliseerida rasun\u00e4\u00e4rmete t\u00f6\u00f6d, v\u00e4hendab naha rasusust p\u00e4eva jooksul ja annab mati tulemuse. Kiire tarne!\" \/>\n<meta name=\"robots\" content=\"index, follow, max-snippet:-1, max-image-preview:large, max-video-preview:-1\" \/>\n<link rel=\"canonical\" href=\"https:\/\/idakorea.ee\/fi\/product\/celimax-oil-control-moisturizing-cream-80ml\/\" \/>\n<meta property=\"og:locale\" content=\"fi_FI\" \/>\n<meta property=\"og:type\" content=\"article\" \/>\n<meta property=\"og:title\" content=\"Celimax Oil Control Moisturizing Cream, 80ml - IDA.KOREA\" \/>\n<meta property=\"og:description\" content=\"Niisutav kreem aitab normaliseerida rasun\u00e4\u00e4rmete t\u00f6\u00f6d, v\u00e4hendab naha rasusust p\u00e4eva jooksul ja annab mati tulemuse. Kiire tarne!\" \/>\n<meta property=\"og:url\" content=\"https:\/\/idakorea.ee\/fi\/product\/celimax-oil-control-moisturizing-cream-80ml\/\" \/>\n<meta property=\"og:site_name\" content=\"IDA.KOREA\" \/>\n<meta property=\"og:image\" content=\"https:\/\/idakorea.ee\/wp-content\/uploads\/2026\/03\/Celimax-Oil-Control-Moisturizing-Cream-idakorea.jpg\" \/>\n\t<meta property=\"og:image:width\" content=\"1000\" \/>\n\t<meta property=\"og:image:height\" content=\"1000\" \/>\n\t<meta property=\"og:image:type\" content=\"image\/jpeg\" \/>\n<meta name=\"twitter:card\" content=\"summary_large_image\" \/>\n<meta name=\"twitter:label1\" content=\"Arvioitu lukuaika\" \/>\n\t<meta name=\"twitter:data1\" content=\"2 minuuttia\" \/>\n<script type=\"application\/ld+json\" class=\"yoast-schema-graph\">{\"@context\":\"https:\/\/schema.org\",\"@graph\":[{\"@type\":\"WebPage\",\"@id\":\"https:\/\/idakorea.ee\/product\/celimax-oil-control-moisturizing-cream-80ml\/\",\"url\":\"https:\/\/idakorea.ee\/product\/celimax-oil-control-moisturizing-cream-80ml\/\",\"name\":\"Celimax Oil Control Moisturizing Cream, 80ml - IDA.KOREA\",\"isPartOf\":{\"@id\":\"https:\/\/idakorea.ee\/#website\"},\"primaryImageOfPage\":{\"@id\":\"https:\/\/idakorea.ee\/product\/celimax-oil-control-moisturizing-cream-80ml\/#primaryimage\"},\"image\":{\"@id\":\"https:\/\/idakorea.ee\/product\/celimax-oil-control-moisturizing-cream-80ml\/#primaryimage\"},\"thumbnailUrl\":\"https:\/\/idakorea.ee\/wp-content\/uploads\/2026\/03\/Celimax-Oil-Control-Moisturizing-Cream-idakorea.jpg\",\"datePublished\":\"2026-03-22T16:34:01+00:00\",\"description\":\"Niisutav kreem aitab normaliseerida rasun\u00e4\u00e4rmete t\u00f6\u00f6d, v\u00e4hendab naha rasusust p\u00e4eva jooksul ja annab mati tulemuse. Kiire tarne!\",\"breadcrumb\":{\"@id\":\"https:\/\/idakorea.ee\/product\/celimax-oil-control-moisturizing-cream-80ml\/#breadcrumb\"},\"inLanguage\":\"fi\",\"potentialAction\":[{\"@type\":\"ReadAction\",\"target\":[\"https:\/\/idakorea.ee\/product\/celimax-oil-control-moisturizing-cream-80ml\/\"]}]},{\"@type\":\"ImageObject\",\"inLanguage\":\"fi\",\"@id\":\"https:\/\/idakorea.ee\/product\/celimax-oil-control-moisturizing-cream-80ml\/#primaryimage\",\"url\":\"https:\/\/idakorea.ee\/wp-content\/uploads\/2026\/03\/Celimax-Oil-Control-Moisturizing-Cream-idakorea.jpg\",\"contentUrl\":\"https:\/\/idakorea.ee\/wp-content\/uploads\/2026\/03\/Celimax-Oil-Control-Moisturizing-Cream-idakorea.jpg\",\"width\":1000,\"height\":1000},{\"@type\":\"BreadcrumbList\",\"@id\":\"https:\/\/idakorea.ee\/product\/celimax-oil-control-moisturizing-cream-80ml\/#breadcrumb\",\"itemListElement\":[{\"@type\":\"ListItem\",\"position\":1,\"name\":\"\u0413\u043b\u0430\u0432\u043d\u0430\u044f \u0441\u0442\u0440\u0430\u043d\u0438\u0446\u0430\",\"item\":\"https:\/\/idakorea.ee\/\"},{\"@type\":\"ListItem\",\"position\":2,\"name\":\"Shop\",\"item\":\"https:\/\/idakorea.ee\/shop-2\/\"},{\"@type\":\"ListItem\",\"position\":3,\"name\":\"Niisutav kreem rasuerituse kontrolliga Celimax Oil Control Moisturizing Cream, 80ml\"}]},{\"@type\":\"WebSite\",\"@id\":\"https:\/\/idakorea.ee\/#website\",\"url\":\"https:\/\/idakorea.ee\/\",\"name\":\"IDA.KOREA\",\"description\":\"Korea kosmeetika e-pood\",\"publisher\":{\"@id\":\"https:\/\/idakorea.ee\/#organization\"},\"alternateName\":\"Beauty Shop\",\"potentialAction\":[{\"@type\":\"SearchAction\",\"target\":{\"@type\":\"EntryPoint\",\"urlTemplate\":\"https:\/\/idakorea.ee\/?s={search_term_string}\"},\"query-input\":{\"@type\":\"PropertyValueSpecification\",\"valueRequired\":true,\"valueName\":\"search_term_string\"}}],\"inLanguage\":\"fi\"},{\"@type\":\"Organization\",\"@id\":\"https:\/\/idakorea.ee\/#organization\",\"name\":\"IDA.KOREA\",\"url\":\"https:\/\/idakorea.ee\/\",\"logo\":{\"@type\":\"ImageObject\",\"inLanguage\":\"fi\",\"@id\":\"https:\/\/idakorea.ee\/#\/schema\/logo\/image\/\",\"url\":\"https:\/\/idakorea.ee\/wp-content\/uploads\/2024\/05\/cropped-korea3.png\",\"contentUrl\":\"https:\/\/idakorea.ee\/wp-content\/uploads\/2024\/05\/cropped-korea3.png\",\"width\":688,\"height\":126,\"caption\":\"IDA.KOREA\"},\"image\":{\"@id\":\"https:\/\/idakorea.ee\/#\/schema\/logo\/image\/\"},\"sameAs\":[\"https:\/\/www.instagram.com\/ida.korea\/\"]}]}<\/script>\n<!-- \/ Yoast SEO plugin. -->","yoast_head_json":{"title":"Celimax Oil Control Moisturizing Cream, 80ml - IDA.KOREA","description":"Niisutav kreem aitab normaliseerida rasun\u00e4\u00e4rmete t\u00f6\u00f6d, v\u00e4hendab naha rasusust p\u00e4eva jooksul ja annab mati tulemuse. Kiire tarne!","robots":{"index":"index","follow":"follow","max-snippet":"max-snippet:-1","max-image-preview":"max-image-preview:large","max-video-preview":"max-video-preview:-1"},"canonical":"https:\/\/idakorea.ee\/fi\/product\/celimax-oil-control-moisturizing-cream-80ml\/","og_locale":"fi_FI","og_type":"article","og_title":"Celimax Oil Control Moisturizing Cream, 80ml - IDA.KOREA","og_description":"Niisutav kreem aitab normaliseerida rasun\u00e4\u00e4rmete t\u00f6\u00f6d, v\u00e4hendab naha rasusust p\u00e4eva jooksul ja annab mati tulemuse. Kiire tarne!","og_url":"https:\/\/idakorea.ee\/fi\/product\/celimax-oil-control-moisturizing-cream-80ml\/","og_site_name":"IDA.KOREA","og_image":[{"width":1000,"height":1000,"url":"https:\/\/idakorea.ee\/wp-content\/uploads\/2026\/03\/Celimax-Oil-Control-Moisturizing-Cream-idakorea.jpg","type":"image\/jpeg"}],"twitter_card":"summary_large_image","twitter_misc":{"Arvioitu lukuaika":"2 minuuttia"},"schema":{"@context":"https:\/\/schema.org","@graph":[{"@type":"WebPage","@id":"https:\/\/idakorea.ee\/product\/celimax-oil-control-moisturizing-cream-80ml\/","url":"https:\/\/idakorea.ee\/product\/celimax-oil-control-moisturizing-cream-80ml\/","name":"Celimax Oil Control Moisturizing Cream, 80ml - IDA.KOREA","isPartOf":{"@id":"https:\/\/idakorea.ee\/#website"},"primaryImageOfPage":{"@id":"https:\/\/idakorea.ee\/product\/celimax-oil-control-moisturizing-cream-80ml\/#primaryimage"},"image":{"@id":"https:\/\/idakorea.ee\/product\/celimax-oil-control-moisturizing-cream-80ml\/#primaryimage"},"thumbnailUrl":"https:\/\/idakorea.ee\/wp-content\/uploads\/2026\/03\/Celimax-Oil-Control-Moisturizing-Cream-idakorea.jpg","datePublished":"2026-03-22T16:34:01+00:00","description":"Niisutav kreem aitab normaliseerida rasun\u00e4\u00e4rmete t\u00f6\u00f6d, v\u00e4hendab naha rasusust p\u00e4eva jooksul ja annab mati tulemuse. Kiire tarne!","breadcrumb":{"@id":"https:\/\/idakorea.ee\/product\/celimax-oil-control-moisturizing-cream-80ml\/#breadcrumb"},"inLanguage":"fi","potentialAction":[{"@type":"ReadAction","target":["https:\/\/idakorea.ee\/product\/celimax-oil-control-moisturizing-cream-80ml\/"]}]},{"@type":"ImageObject","inLanguage":"fi","@id":"https:\/\/idakorea.ee\/product\/celimax-oil-control-moisturizing-cream-80ml\/#primaryimage","url":"https:\/\/idakorea.ee\/wp-content\/uploads\/2026\/03\/Celimax-Oil-Control-Moisturizing-Cream-idakorea.jpg","contentUrl":"https:\/\/idakorea.ee\/wp-content\/uploads\/2026\/03\/Celimax-Oil-Control-Moisturizing-Cream-idakorea.jpg","width":1000,"height":1000},{"@type":"BreadcrumbList","@id":"https:\/\/idakorea.ee\/product\/celimax-oil-control-moisturizing-cream-80ml\/#breadcrumb","itemListElement":[{"@type":"ListItem","position":1,"name":"\u0413\u043b\u0430\u0432\u043d\u0430\u044f \u0441\u0442\u0440\u0430\u043d\u0438\u0446\u0430","item":"https:\/\/idakorea.ee\/"},{"@type":"ListItem","position":2,"name":"Shop","item":"https:\/\/idakorea.ee\/shop-2\/"},{"@type":"ListItem","position":3,"name":"Niisutav kreem rasuerituse kontrolliga Celimax Oil Control Moisturizing Cream, 80ml"}]},{"@type":"WebSite","@id":"https:\/\/idakorea.ee\/#website","url":"https:\/\/idakorea.ee\/","name":"IDA.KOREA","description":"Korean kosmetiikan verkkokauppa","publisher":{"@id":"https:\/\/idakorea.ee\/#organization"},"alternateName":"Beauty Shop","potentialAction":[{"@type":"SearchAction","target":{"@type":"EntryPoint","urlTemplate":"https:\/\/idakorea.ee\/?s={search_term_string}"},"query-input":{"@type":"PropertyValueSpecification","valueRequired":true,"valueName":"search_term_string"}}],"inLanguage":"fi"},{"@type":"Organization","@id":"https:\/\/idakorea.ee\/#organization","name":"IDA.KOREA","url":"https:\/\/idakorea.ee\/","logo":{"@type":"ImageObject","inLanguage":"fi","@id":"https:\/\/idakorea.ee\/#\/schema\/logo\/image\/","url":"https:\/\/idakorea.ee\/wp-content\/uploads\/2024\/05\/cropped-korea3.png","contentUrl":"https:\/\/idakorea.ee\/wp-content\/uploads\/2024\/05\/cropped-korea3.png","width":688,"height":126,"caption":"IDA.KOREA"},"image":{"@id":"https:\/\/idakorea.ee\/#\/schema\/logo\/image\/"},"sameAs":["https:\/\/www.instagram.com\/ida.korea\/"]}]}},"jetpack_sharing_enabled":true,"brands":[{"id":885,"name":"CELIMAX","slug":"celimax"}],"_links":{"self":[{"href":"https:\/\/idakorea.ee\/fi\/wp-json\/wp\/v2\/product\/18195","targetHints":{"allow":["GET"]}}],"collection":[{"href":"https:\/\/idakorea.ee\/fi\/wp-json\/wp\/v2\/product"}],"about":[{"href":"https:\/\/idakorea.ee\/fi\/wp-json\/wp\/v2\/types\/product"}],"replies":[{"embeddable":true,"href":"https:\/\/idakorea.ee\/fi\/wp-json\/wp\/v2\/comments?post=18195"}],"version-history":[{"count":1,"href":"https:\/\/idakorea.ee\/fi\/wp-json\/wp\/v2\/product\/18195\/revisions"}],"predecessor-version":[{"id":18199,"href":"https:\/\/idakorea.ee\/fi\/wp-json\/wp\/v2\/product\/18195\/revisions\/18199"}],"wp:featuredmedia":[{"embeddable":true,"href":"https:\/\/idakorea.ee\/fi\/wp-json\/wp\/v2\/media\/18197"}],"wp:attachment":[{"href":"https:\/\/idakorea.ee\/fi\/wp-json\/wp\/v2\/media?parent=18195"}],"wp:term":[{"taxonomy":"pwb-brand","embeddable":true,"href":"https:\/\/idakorea.ee\/fi\/wp-json\/wp\/v2\/pwb-brand?post=18195"},{"taxonomy":"product_brand","embeddable":true,"href":"https:\/\/idakorea.ee\/fi\/wp-json\/wp\/v2\/product_brand?post=18195"},{"taxonomy":"product_cat","embeddable":true,"href":"https:\/\/idakorea.ee\/fi\/wp-json\/wp\/v2\/product_cat?post=18195"},{"taxonomy":"product_tag","embeddable":true,"href":"https:\/\/idakorea.ee\/fi\/wp-json\/wp\/v2\/product_tag?post=18195"}],"curies":[{"name":"wp","href":"https:\/\/api.w.org\/{rel}","templated":true}]}}