{"id":18200,"date":"2026-03-22T18:49:14","date_gmt":"2026-03-22T16:49:14","guid":{"rendered":"https:\/\/idakorea.ee\/?post_type=product&#038;p=18200"},"modified":"2026-04-30T19:44:53","modified_gmt":"2026-04-30T17:44:53","slug":"round-lab-vita-niacinamide-glow-capsule-cream-50ml","status":"publish","type":"product","link":"https:\/\/idakorea.ee\/fi\/product\/round-lab-vita-niacinamide-glow-capsule-cream-50ml\/","title":{"rendered":"Round Lab Vita Niacinamide Glow Capsule Cream, 50ml"},"content":{"rendered":"<p>Kerma <strong>Round Lab Vita Niacinamide Glow Capsule Cream<\/strong> Auttaa v\u00e4hent\u00e4m\u00e4\u00e4n sameaa ihoa, vaalentamaan pigmenttimuutoksia, tasoittamaan ihon rakennetta ja tekem\u00e4\u00e4n ihosta sile\u00e4n ja s\u00e4teilev\u00e4n. Vahvistaa ihon luonnollista suojakerrosta, ehk\u00e4isee kuivumista, pehment\u00e4\u00e4 karheutta ja hilseily\u00e4. Tukee ihon pintakerroksen hell\u00e4varaista uusiutumista. Vaikuttaa antioksidanttisesti, auttaa yll\u00e4pit\u00e4m\u00e4\u00e4n ihon kimmoisuutta ja kiinteytt\u00e4. Imeytyy nopeasti eik\u00e4 j\u00e4t\u00e4 tahmeaa tunnetta.<\/p>\n<p><strong>T\u00e4rkeimm\u00e4t vaikuttavat aineosat<\/strong><\/p>\n<ul>\n<li><strong>5% Niasiiniamidi (B3-vitamiini)<\/strong><br \/>\nMonitoiminnallinen ainesosa: s\u00e4\u00e4telee talirauhasten erityst\u00e4 ja v\u00e4hent\u00e4\u00e4 rasvaista kiiltoa, auttaa v\u00e4hent\u00e4m\u00e4\u00e4n pigmenttimuutoksia, tasoittaa ihon s\u00e4vy\u00e4 ja stimuloi kollageenin tuotantoa parantaen ihon kimmoisuutta.<\/li>\n<li><strong>Triple Vita Activer <\/strong>(Natriumaskorbyylifosfaatti, 3-O-etyyliaskorbiinihappo, Hippophae Rhamnoides -vesi)<br \/>\nKirkastava kompleksi, joka tasoittaa ihon s\u00e4vy\u00e4, v\u00e4hent\u00e4\u00e4 ik\u00e4l\u00e4iskien, pisamien ja aknearpien n\u00e4kymist\u00e4 ja antaa iholle luonnollisen hehkun. Ei \u00e4rsyt\u00e4 ihoa.<\/li>\n<li><strong>B-vitamiinikompleksi <\/strong>(B1, B3, B6, B7, B9, B12)<br \/>\nAuttaa v\u00e4hent\u00e4m\u00e4\u00e4n tulehdusta ja punoitusta, rauhoittaa ihoa ja sill\u00e4 on antioksidanttisia vaikutuksia. Vahvistaa ihon suojakerrosta ja tukee sile\u00e4n rakenteen yll\u00e4pit\u00e4mist\u00e4.<\/li>\n<li><strong>LHA ja PHA <\/strong>(Glukonolaktoni ja kapryloyylisalisyylihappo)<br \/>\nPoistaa hell\u00e4varaisesti kuolleita ihosoluja, tasoittaa ihon rakennetta ja auttaa v\u00e4hent\u00e4m\u00e4\u00e4n pigmenttimuutoksia.<\/li>\n<li><strong>11 erilaista hyaluronihappoa<\/strong><br \/>\nNe sitovat kosteutta ja luovat iholle kosteutta pid\u00e4tt\u00e4v\u00e4n suojakerroksen, mik\u00e4 v\u00e4hent\u00e4\u00e4 kuivuutta ja kirist\u00e4v\u00e4n tunnetta.<\/li>\n<\/ul>\n<p>&nbsp;<\/p>\n<p>Sopii kaikille ihotyypeille.<\/p>\n<p><strong>K\u00e4ytt\u00f6<\/strong><\/p>\n<p>Puhdistuksen, kasvoveden ja seerumin j\u00e4lkeen levit\u00e4 voide kasvoillesi ja levit\u00e4 tasaisesti. Sekoita kapseli ja l\u00e4pin\u00e4kyv\u00e4 geeli tarpeen mukaan: kevyemm\u00e4n koostumuksen saat lis\u00e4\u00e4m\u00e4ll\u00e4 geeli\u00e4, kermaisemman lopputuloksen saat lis\u00e4\u00e4m\u00e4ll\u00e4 kapseleita.<\/p>\n<p><strong>Huomio!<\/strong> Kuljetuksen aikana kapselit voivat sekoittua geelim\u00e4iseen koostumukseen \u2013 t\u00e4m\u00e4 ei vaikuta tuotteen laatuun eik\u00e4 ole vika.<\/p>","protected":false},"excerpt":{"rendered":"<p>Round Lab Vita Niacinamide Glow -kapselivoide auttaa v\u00e4hent\u00e4m\u00e4\u00e4n sameaa ihoa, kirkastamaan pigmenttimuutoksia, tasoittamaan ihon rakennetta ja tekem\u00e4\u00e4n ihosta sile\u00e4n ja s\u00e4teilev\u00e4n. Vahvistaa ihon luonnollista suojakerrosta, ehk\u00e4isee kuivumista, pehment\u00e4\u00e4 karheita alueita ja hilseily\u00e4. Tukee ihon pintakerroksen hell\u00e4varaista uusiutumista. Vaikuttaa antioksidanttisesti, auttaa yll\u00e4pit\u00e4m\u00e4\u00e4n ihon kimmoisuutta ja kiinteytt\u00e4. Imeytyy nopeasti eik\u00e4 j\u00e4t\u00e4 tahmeaa\u2026<\/p>","protected":false},"featured_media":18203,"comment_status":"open","ping_status":"closed","template":"","meta":{"_uf_show_specific_survey":0,"_uf_disable_surveys":false,"_bst_post_transparent":"default","_bst_post_title":"","_bst_post_layout":"default","_bst_post_sidebar_id":"","_bst_post_content_style":"default","_bst_post_vertical_padding":"default","_bst_post_feature":"","_bst_post_feature_position":"","_bst_post_header":false,"_bst_post_footer":false},"pwb-brand":[645],"product_brand":[],"product_cat":[92,96],"product_tag":[1143,568,818,1144],"class_list":{"0":"post-18200","1":"product","2":"type-product","3":"status-publish","4":"has-post-thumbnail","6":"pwb-brand-round-lab","7":"product_cat-nagu","8":"product_cat-naokreemid","9":"product_tag-kapsel-kreem","10":"product_tag-korea","11":"product_tag-niisutav","12":"product_tag-pigment-nahk","14":"first","15":"instock","16":"sale","17":"shipping-taxable","18":"purchasable","19":"product-type-simple","20":"entry","21":"content-bg","22":"loop-entry"},"supplier_id":null,"supplier_sku":"","barcode":null,"atum_controlled":true,"out_stock_date":null,"out_stock_threshold":null,"inheritable":false,"inbound_stock":null,"stock_on_hold":0,"sold_today":0,"sales_last_days":0,"out_stock_days":0,"lost_sales":0,"has_location":false,"update_date":"2026-05-10T00:17:54","atum_locations":[],"atum_stock_status":"instock","restock_status":false,"low_stock_amount":"","sales_update_date":"2026-05-10T00:17:54","calc_backorders":null,"yoast_head":"<!-- This site is optimized with the Yoast SEO plugin v27.2 - https:\/\/yoast.com\/product\/yoast-seo-wordpress\/ -->\n<title>Round Lab Vita Niacinamide Glow Capsule Cream, 50ml - IDA.KOREA<\/title>\n<meta name=\"description\" content=\"Kreem aitab v\u00e4hendada tuhmi jumet, heledamaks muuta pigmentatsiooni, siluda naha reljeefi ning muuta naha siledaks ja s\u00e4ravaks. Kiire tarne!\" \/>\n<meta name=\"robots\" content=\"index, follow, max-snippet:-1, max-image-preview:large, max-video-preview:-1\" \/>\n<link rel=\"canonical\" href=\"https:\/\/idakorea.ee\/fi\/product\/round-lab-vita-niacinamide-glow-capsule-cream-50ml\/\" \/>\n<meta property=\"og:locale\" content=\"fi_FI\" \/>\n<meta property=\"og:type\" content=\"article\" \/>\n<meta property=\"og:title\" content=\"Round Lab Vita Niacinamide Glow Capsule Cream, 50ml - IDA.KOREA\" \/>\n<meta property=\"og:description\" content=\"Kreem aitab v\u00e4hendada tuhmi jumet, heledamaks muuta pigmentatsiooni, siluda naha reljeefi ning muuta naha siledaks ja s\u00e4ravaks. Kiire tarne!\" \/>\n<meta property=\"og:url\" content=\"https:\/\/idakorea.ee\/fi\/product\/round-lab-vita-niacinamide-glow-capsule-cream-50ml\/\" \/>\n<meta property=\"og:site_name\" content=\"IDA.KOREA\" \/>\n<meta property=\"article:modified_time\" content=\"2026-04-30T17:44:53+00:00\" \/>\n<meta property=\"og:image\" content=\"https:\/\/idakorea.ee\/wp-content\/uploads\/2026\/03\/Round-Lab_-Vita-Niacinamide-Glow-Capsule-Cream-idakorea.jpg\" \/>\n\t<meta property=\"og:image:width\" content=\"1000\" \/>\n\t<meta property=\"og:image:height\" content=\"1000\" \/>\n\t<meta property=\"og:image:type\" content=\"image\/jpeg\" \/>\n<meta name=\"twitter:card\" content=\"summary_large_image\" \/>\n<meta name=\"twitter:label1\" content=\"Arvioitu lukuaika\" \/>\n\t<meta name=\"twitter:data1\" content=\"2 minuuttia\" \/>\n<script type=\"application\/ld+json\" class=\"yoast-schema-graph\">{\"@context\":\"https:\/\/schema.org\",\"@graph\":[{\"@type\":\"WebPage\",\"@id\":\"https:\/\/idakorea.ee\/product\/round-lab-vita-niacinamide-glow-capsule-cream-50ml\/\",\"url\":\"https:\/\/idakorea.ee\/product\/round-lab-vita-niacinamide-glow-capsule-cream-50ml\/\",\"name\":\"Round Lab Vita Niacinamide Glow Capsule Cream, 50ml - IDA.KOREA\",\"isPartOf\":{\"@id\":\"https:\/\/idakorea.ee\/#website\"},\"primaryImageOfPage\":{\"@id\":\"https:\/\/idakorea.ee\/product\/round-lab-vita-niacinamide-glow-capsule-cream-50ml\/#primaryimage\"},\"image\":{\"@id\":\"https:\/\/idakorea.ee\/product\/round-lab-vita-niacinamide-glow-capsule-cream-50ml\/#primaryimage\"},\"thumbnailUrl\":\"https:\/\/idakorea.ee\/wp-content\/uploads\/2026\/03\/Round-Lab_-Vita-Niacinamide-Glow-Capsule-Cream-idakorea.jpg\",\"datePublished\":\"2026-03-22T16:49:14+00:00\",\"dateModified\":\"2026-04-30T17:44:53+00:00\",\"description\":\"Kreem aitab v\u00e4hendada tuhmi jumet, heledamaks muuta pigmentatsiooni, siluda naha reljeefi ning muuta naha siledaks ja s\u00e4ravaks. Kiire tarne!\",\"breadcrumb\":{\"@id\":\"https:\/\/idakorea.ee\/product\/round-lab-vita-niacinamide-glow-capsule-cream-50ml\/#breadcrumb\"},\"inLanguage\":\"fi\",\"potentialAction\":[{\"@type\":\"ReadAction\",\"target\":[\"https:\/\/idakorea.ee\/product\/round-lab-vita-niacinamide-glow-capsule-cream-50ml\/\"]}]},{\"@type\":\"ImageObject\",\"inLanguage\":\"fi\",\"@id\":\"https:\/\/idakorea.ee\/product\/round-lab-vita-niacinamide-glow-capsule-cream-50ml\/#primaryimage\",\"url\":\"https:\/\/idakorea.ee\/wp-content\/uploads\/2026\/03\/Round-Lab_-Vita-Niacinamide-Glow-Capsule-Cream-idakorea.jpg\",\"contentUrl\":\"https:\/\/idakorea.ee\/wp-content\/uploads\/2026\/03\/Round-Lab_-Vita-Niacinamide-Glow-Capsule-Cream-idakorea.jpg\",\"width\":1000,\"height\":1000},{\"@type\":\"BreadcrumbList\",\"@id\":\"https:\/\/idakorea.ee\/product\/round-lab-vita-niacinamide-glow-capsule-cream-50ml\/#breadcrumb\",\"itemListElement\":[{\"@type\":\"ListItem\",\"position\":1,\"name\":\"\u0413\u043b\u0430\u0432\u043d\u0430\u044f \u0441\u0442\u0440\u0430\u043d\u0438\u0446\u0430\",\"item\":\"https:\/\/idakorea.ee\/\"},{\"@type\":\"ListItem\",\"position\":2,\"name\":\"Shop\",\"item\":\"https:\/\/idakorea.ee\/shop-2\/\"},{\"@type\":\"ListItem\",\"position\":3,\"name\":\"Niatsiinamiidiga helendav kapselkreem Round Lab Vita Niacinamide Glow Capsule Cream, 50ml\"}]},{\"@type\":\"WebSite\",\"@id\":\"https:\/\/idakorea.ee\/#website\",\"url\":\"https:\/\/idakorea.ee\/\",\"name\":\"IDA.KOREA\",\"description\":\"Korea kosmeetika e-pood\",\"publisher\":{\"@id\":\"https:\/\/idakorea.ee\/#organization\"},\"alternateName\":\"Beauty Shop\",\"potentialAction\":[{\"@type\":\"SearchAction\",\"target\":{\"@type\":\"EntryPoint\",\"urlTemplate\":\"https:\/\/idakorea.ee\/?s={search_term_string}\"},\"query-input\":{\"@type\":\"PropertyValueSpecification\",\"valueRequired\":true,\"valueName\":\"search_term_string\"}}],\"inLanguage\":\"fi\"},{\"@type\":\"Organization\",\"@id\":\"https:\/\/idakorea.ee\/#organization\",\"name\":\"IDA.KOREA\",\"url\":\"https:\/\/idakorea.ee\/\",\"logo\":{\"@type\":\"ImageObject\",\"inLanguage\":\"fi\",\"@id\":\"https:\/\/idakorea.ee\/#\/schema\/logo\/image\/\",\"url\":\"https:\/\/idakorea.ee\/wp-content\/uploads\/2024\/05\/cropped-korea3.png\",\"contentUrl\":\"https:\/\/idakorea.ee\/wp-content\/uploads\/2024\/05\/cropped-korea3.png\",\"width\":688,\"height\":126,\"caption\":\"IDA.KOREA\"},\"image\":{\"@id\":\"https:\/\/idakorea.ee\/#\/schema\/logo\/image\/\"},\"sameAs\":[\"https:\/\/www.instagram.com\/ida.korea\/\"]}]}<\/script>\n<!-- \/ Yoast SEO plugin. -->","yoast_head_json":{"title":"Round Lab Vita Niacinamide Glow -kapselivoide, 50ml - IDA.KOREA","description":"Voide auttaa v\u00e4hent\u00e4m\u00e4\u00e4n sameaa ihoa, vaalentamaan pigmenttimuutoksia, tasoittamaan ihon rakennetta ja tekem\u00e4\u00e4n ihosta sile\u00e4n ja s\u00e4teilev\u00e4n. Nopea toimitus!","robots":{"index":"index","follow":"follow","max-snippet":"max-snippet:-1","max-image-preview":"max-image-preview:large","max-video-preview":"max-video-preview:-1"},"canonical":"https:\/\/idakorea.ee\/fi\/product\/round-lab-vita-niacinamide-glow-capsule-cream-50ml\/","og_locale":"fi_FI","og_type":"article","og_title":"Round Lab Vita Niacinamide Glow Capsule Cream, 50ml - IDA.KOREA","og_description":"Kreem aitab v\u00e4hendada tuhmi jumet, heledamaks muuta pigmentatsiooni, siluda naha reljeefi ning muuta naha siledaks ja s\u00e4ravaks. Kiire tarne!","og_url":"https:\/\/idakorea.ee\/fi\/product\/round-lab-vita-niacinamide-glow-capsule-cream-50ml\/","og_site_name":"IDA.KOREA","article_modified_time":"2026-04-30T17:44:53+00:00","og_image":[{"width":1000,"height":1000,"url":"https:\/\/idakorea.ee\/wp-content\/uploads\/2026\/03\/Round-Lab_-Vita-Niacinamide-Glow-Capsule-Cream-idakorea.jpg","type":"image\/jpeg"}],"twitter_card":"summary_large_image","twitter_misc":{"Arvioitu lukuaika":"2 minuuttia"},"schema":{"@context":"https:\/\/schema.org","@graph":[{"@type":"WebPage","@id":"https:\/\/idakorea.ee\/product\/round-lab-vita-niacinamide-glow-capsule-cream-50ml\/","url":"https:\/\/idakorea.ee\/product\/round-lab-vita-niacinamide-glow-capsule-cream-50ml\/","name":"Round Lab Vita Niacinamide Glow -kapselivoide, 50ml - IDA.KOREA","isPartOf":{"@id":"https:\/\/idakorea.ee\/#website"},"primaryImageOfPage":{"@id":"https:\/\/idakorea.ee\/product\/round-lab-vita-niacinamide-glow-capsule-cream-50ml\/#primaryimage"},"image":{"@id":"https:\/\/idakorea.ee\/product\/round-lab-vita-niacinamide-glow-capsule-cream-50ml\/#primaryimage"},"thumbnailUrl":"https:\/\/idakorea.ee\/wp-content\/uploads\/2026\/03\/Round-Lab_-Vita-Niacinamide-Glow-Capsule-Cream-idakorea.jpg","datePublished":"2026-03-22T16:49:14+00:00","dateModified":"2026-04-30T17:44:53+00:00","description":"Voide auttaa v\u00e4hent\u00e4m\u00e4\u00e4n sameaa ihoa, vaalentamaan pigmenttimuutoksia, tasoittamaan ihon rakennetta ja tekem\u00e4\u00e4n ihosta sile\u00e4n ja s\u00e4teilev\u00e4n. Nopea toimitus!","breadcrumb":{"@id":"https:\/\/idakorea.ee\/product\/round-lab-vita-niacinamide-glow-capsule-cream-50ml\/#breadcrumb"},"inLanguage":"fi","potentialAction":[{"@type":"ReadAction","target":["https:\/\/idakorea.ee\/product\/round-lab-vita-niacinamide-glow-capsule-cream-50ml\/"]}]},{"@type":"ImageObject","inLanguage":"fi","@id":"https:\/\/idakorea.ee\/product\/round-lab-vita-niacinamide-glow-capsule-cream-50ml\/#primaryimage","url":"https:\/\/idakorea.ee\/wp-content\/uploads\/2026\/03\/Round-Lab_-Vita-Niacinamide-Glow-Capsule-Cream-idakorea.jpg","contentUrl":"https:\/\/idakorea.ee\/wp-content\/uploads\/2026\/03\/Round-Lab_-Vita-Niacinamide-Glow-Capsule-Cream-idakorea.jpg","width":1000,"height":1000},{"@type":"BreadcrumbList","@id":"https:\/\/idakorea.ee\/product\/round-lab-vita-niacinamide-glow-capsule-cream-50ml\/#breadcrumb","itemListElement":[{"@type":"ListItem","position":1,"name":"\u0413\u043b\u0430\u0432\u043d\u0430\u044f \u0441\u0442\u0440\u0430\u043d\u0438\u0446\u0430","item":"https:\/\/idakorea.ee\/"},{"@type":"ListItem","position":2,"name":"Shop","item":"https:\/\/idakorea.ee\/shop-2\/"},{"@type":"ListItem","position":3,"name":"Niatsiinamiidiga helendav kapselkreem Round Lab Vita Niacinamide Glow Capsule Cream, 50ml"}]},{"@type":"WebSite","@id":"https:\/\/idakorea.ee\/#website","url":"https:\/\/idakorea.ee\/","name":"IDA.KOREA","description":"Korean kosmetiikan verkkokauppa","publisher":{"@id":"https:\/\/idakorea.ee\/#organization"},"alternateName":"Beauty Shop","potentialAction":[{"@type":"SearchAction","target":{"@type":"EntryPoint","urlTemplate":"https:\/\/idakorea.ee\/?s={search_term_string}"},"query-input":{"@type":"PropertyValueSpecification","valueRequired":true,"valueName":"search_term_string"}}],"inLanguage":"fi"},{"@type":"Organization","@id":"https:\/\/idakorea.ee\/#organization","name":"IDA.KOREA","url":"https:\/\/idakorea.ee\/","logo":{"@type":"ImageObject","inLanguage":"fi","@id":"https:\/\/idakorea.ee\/#\/schema\/logo\/image\/","url":"https:\/\/idakorea.ee\/wp-content\/uploads\/2024\/05\/cropped-korea3.png","contentUrl":"https:\/\/idakorea.ee\/wp-content\/uploads\/2024\/05\/cropped-korea3.png","width":688,"height":126,"caption":"IDA.KOREA"},"image":{"@id":"https:\/\/idakorea.ee\/#\/schema\/logo\/image\/"},"sameAs":["https:\/\/www.instagram.com\/ida.korea\/"]}]}},"jetpack_sharing_enabled":true,"brands":[{"id":645,"name":"ROUND LAB","slug":"round-lab"}],"_links":{"self":[{"href":"https:\/\/idakorea.ee\/fi\/wp-json\/wp\/v2\/product\/18200","targetHints":{"allow":["GET"]}}],"collection":[{"href":"https:\/\/idakorea.ee\/fi\/wp-json\/wp\/v2\/product"}],"about":[{"href":"https:\/\/idakorea.ee\/fi\/wp-json\/wp\/v2\/types\/product"}],"replies":[{"embeddable":true,"href":"https:\/\/idakorea.ee\/fi\/wp-json\/wp\/v2\/comments?post=18200"}],"version-history":[{"count":1,"href":"https:\/\/idakorea.ee\/fi\/wp-json\/wp\/v2\/product\/18200\/revisions"}],"predecessor-version":[{"id":18204,"href":"https:\/\/idakorea.ee\/fi\/wp-json\/wp\/v2\/product\/18200\/revisions\/18204"}],"wp:featuredmedia":[{"embeddable":true,"href":"https:\/\/idakorea.ee\/fi\/wp-json\/wp\/v2\/media\/18203"}],"wp:attachment":[{"href":"https:\/\/idakorea.ee\/fi\/wp-json\/wp\/v2\/media?parent=18200"}],"wp:term":[{"taxonomy":"pwb-brand","embeddable":true,"href":"https:\/\/idakorea.ee\/fi\/wp-json\/wp\/v2\/pwb-brand?post=18200"},{"taxonomy":"product_brand","embeddable":true,"href":"https:\/\/idakorea.ee\/fi\/wp-json\/wp\/v2\/product_brand?post=18200"},{"taxonomy":"product_cat","embeddable":true,"href":"https:\/\/idakorea.ee\/fi\/wp-json\/wp\/v2\/product_cat?post=18200"},{"taxonomy":"product_tag","embeddable":true,"href":"https:\/\/idakorea.ee\/fi\/wp-json\/wp\/v2\/product_tag?post=18200"}],"curies":[{"name":"wp","href":"https:\/\/api.w.org\/{rel}","templated":true}]}}