{"id":18209,"date":"2026-03-23T10:20:13","date_gmt":"2026-03-23T08:20:13","guid":{"rendered":"https:\/\/idakorea.ee\/?post_type=product&#038;p=18209"},"modified":"2026-03-24T13:48:39","modified_gmt":"2026-03-24T11:48:39","slug":"vt-cosmetics-collagen-reedle-shot-100-50ml","status":"publish","type":"product","link":"https:\/\/idakorea.ee\/fi\/product\/vt-cosmetics-collagen-reedle-shot-100-50ml\/","title":{"rendered":"VT Cosmetics Collagen Reedle Shot 100, 50ml"},"content":{"rendered":"<p>Tehosteseerumi <strong>VT Cosmetics Collagen Reedle Shot 100<\/strong> Parantaa ihon kimmoisuutta ja kiinteytt\u00e4, v\u00e4hent\u00e4\u00e4 ryppyjen n\u00e4kymist\u00e4 ja auttaa supistamaan laajentuneita ihohuokosia. Tuote hidastaa ensimm\u00e4isi\u00e4 ik\u00e4\u00e4ntymisen merkkej\u00e4 ja antaa iholle terveen hehkun. Tasoittaa ihon pintaa, tekee ihosta kiinte\u00e4mm\u00e4n ja tasaisemman. Ravitseva koostumus kosteuttaa ihoa levitett\u00e4ess\u00e4. Aktiiviset ainesosat tunkeutuvat syv\u00e4lle ihoon CicaReedle\u2122-teknologian ansiosta, joka perustuu mineraalikuoren mikroneuloihin. Ne eiv\u00e4t ainoastaan auta kuljettamaan aktiivisia ainesosia, vaan my\u00f6s stimuloivat ihon uusiutumista.<\/p>\n<p><strong>T\u00e4rkeimm\u00e4t vaikuttavat aineosat<\/strong><\/p>\n<ul>\n<li><strong>Kollaasit<\/strong><br \/>\nPehment\u00e4\u00e4 ihoa, parantaa mikroreliefi\u00e4, tarjoaa pitk\u00e4kestoista kosteutta ja auttaa silottamaan ryppyj\u00e4. K\u00e4ytetyll\u00e4 kollageenilla on pieni molekyylipaino (500 Da).<\/li>\n<li><strong>Cicahyalon\u2122<\/strong><br \/>\nVihre\u00e4n propoliksen uutetta, centella-kompleksia (madekassosidia, madekassiinihappoa, asiatikosidia ja aasiahappoa) ja hyaluronihappoa yhdist\u00e4v\u00e4 ainesosa. Lievitt\u00e4\u00e4 \u00e4rsytyst\u00e4 ja punoitusta, kosteuttaa ja tukee ihon kimmoisuutta.<\/li>\n<li><strong>Maidon proteiinit<\/strong><br \/>\nNe tasoittavat ihon rakennetta, ravitsevat sit\u00e4, toimittavat sille aminohappoja, antavat sille sis\u00e4isen hehkun ja auttavat v\u00e4hent\u00e4m\u00e4\u00e4n kuivumista.<\/li>\n<li><strong>Adenos<\/strong><br \/>\nIk\u00e4\u00e4ntymist\u00e4 ehk\u00e4isev\u00e4 aktiivinen ainesosa, joka stimuloi kollageenin tuotantoa, parantaa ihon tiheytt\u00e4 ja kimmoisuutta sek\u00e4 v\u00e4hent\u00e4\u00e4 ryppyjen n\u00e4kymist\u00e4.<\/li>\n<li><strong>Niasiiniamidi (B3-vitamiini)<\/strong><br \/>\nS\u00e4\u00e4telee talin erityst\u00e4, v\u00e4hent\u00e4\u00e4 rasvaista kiiltoa, auttaa tasoittamaan ihon s\u00e4vy\u00e4 ja ehk\u00e4isem\u00e4\u00e4n pigmenttimuutoksia sek\u00e4 stimuloi kollageenisynteesi\u00e4.<\/li>\n<li><strong>Macadamiap\u00e4hkin\u00e4\u00f6ljy<\/strong><br \/>\nRavitsee ja kosteuttaa, rikastuttaa ihoa vitamiineilla ja rasvahapoilla, imeytyy hyvin.<\/li>\n<li><strong>Tokoferoli (E-vitamiini)<\/strong><br \/>\nTehokas antioksidantti, joka suojaa soluja vapailta radikaaleilta, auttaa ehk\u00e4isem\u00e4\u00e4n ryppyj\u00e4 ja yll\u00e4pit\u00e4m\u00e4\u00e4n ihon kimmoisuutta ja sileytt\u00e4.<\/li>\n<\/ul>\n<p>&nbsp;<\/p>\n<p>Sopii kaikille ihotyypeille.<\/p>\n<p><strong>K\u00e4ytt\u00f6<\/strong><\/p>\n<p>Levit\u00e4 tarvittava m\u00e4\u00e4r\u00e4 tuotetta aiemmin puhdistetulle iholle, levit\u00e4 sormilla ja anna imeyty\u00e4 kokonaan. Levit\u00e4 sen j\u00e4lkeen kasvovesi ja kosteusvoide.<\/p>\n<p><strong>Huomio! <\/strong>Seerumi saattaa aiheuttaa liev\u00e4\u00e4 pistely\u00e4 levitett\u00e4ess\u00e4. Sit\u00e4 ei suositella k\u00e4ytett\u00e4v\u00e4ksi ihon sarveiskerrosta vaurioittavien toimenpiteiden (esim. kemialliset kuorinnat, laitekosmetologia, injektiot) j\u00e4lkeen.<\/p>","protected":false},"excerpt":{"rendered":"<p>Tehosteseerumi VT Cosmetics Collagen Reedle Shot 100 parantaa ihon kimmoisuutta ja kiinteytt\u00e4, v\u00e4hent\u00e4\u00e4 ryppyjen n\u00e4kymist\u00e4 ja auttaa supistamaan laajentuneita ihohuokosia. Tuote hidastaa ensimm\u00e4isi\u00e4 ik\u00e4\u00e4ntymisen merkkej\u00e4 ja antaa iholle terveen hehkun. Tasoittaa ihon pintaa, tekee ihosta kiinte\u00e4mm\u00e4n ja tasaisemman. Ravitseva koostumus kosteuttaa ihoa levitett\u00e4ess\u00e4. Aktiiviset ainesosat tunkeutuvat syv\u00e4lle ihoon CicaReedle\u2122-teknologian ansiosta, joka perustuu mineraalien mikroneuloihin\u2026<\/p>","protected":false},"featured_media":18210,"comment_status":"open","ping_status":"closed","template":"","meta":{"_uf_show_specific_survey":0,"_uf_disable_surveys":false,"_bst_post_transparent":"default","_bst_post_title":"","_bst_post_layout":"default","_bst_post_sidebar_id":"","_bst_post_content_style":"default","_bst_post_vertical_padding":"default","_bst_post_feature":"","_bst_post_feature_position":"","_bst_post_header":false,"_bst_post_footer":false},"pwb-brand":[493],"product_brand":[],"product_cat":[92,97],"product_tag":[568,216,230,641,1145],"class_list":{"0":"post-18209","1":"product","2":"type-product","3":"status-publish","4":"has-post-thumbnail","6":"pwb-brand-vt","7":"product_cat-nagu","8":"product_cat-naoseerumid-ja-olid","9":"product_tag-korea","10":"product_tag-kuiv-nahk","11":"product_tag-pigment","12":"product_tag-reedle-shot","13":"product_tag-seerum","15":"first","16":"instock","17":"sale","18":"shipping-taxable","19":"purchasable","20":"product-type-simple","21":"entry","22":"content-bg","23":"loop-entry"},"supplier_id":null,"supplier_sku":"","barcode":null,"atum_controlled":true,"out_stock_date":null,"out_stock_threshold":null,"inheritable":false,"inbound_stock":null,"stock_on_hold":0,"sold_today":0,"sales_last_days":0,"out_stock_days":0,"lost_sales":0,"has_location":false,"update_date":"2026-04-15T00:05:15","atum_locations":[],"atum_stock_status":"instock","restock_status":false,"low_stock_amount":"","sales_update_date":"2026-04-15T00:05:15","calc_backorders":null,"yoast_head":"<!-- This site is optimized with the Yoast SEO plugin v27.2 - https:\/\/yoast.com\/product\/yoast-seo-wordpress\/ -->\n<title>VT Cosmetics Collagen Reedle Shot 100, 50ml - IDA.KOREA<\/title>\n<meta name=\"description\" content=\"Mikron\u00f5eltaga seerum, mis silub kortse, pinguldab ja taastab nahka. N\u00e4htav tulemus juba esimesest kasutuskorrast! Toitev tekstuur niisutab nahka.\" \/>\n<meta name=\"robots\" content=\"index, follow, max-snippet:-1, max-image-preview:large, max-video-preview:-1\" \/>\n<link rel=\"canonical\" href=\"https:\/\/idakorea.ee\/fi\/product\/vt-cosmetics-collagen-reedle-shot-100-50ml\/\" \/>\n<meta property=\"og:locale\" content=\"fi_FI\" \/>\n<meta property=\"og:type\" content=\"article\" \/>\n<meta property=\"og:title\" content=\"VT Cosmetics Collagen Reedle Shot 100, 50ml - IDA.KOREA\" \/>\n<meta property=\"og:description\" content=\"Mikron\u00f5eltaga seerum, mis silub kortse, pinguldab ja taastab nahka. N\u00e4htav tulemus juba esimesest kasutuskorrast! Toitev tekstuur niisutab nahka.\" \/>\n<meta property=\"og:url\" content=\"https:\/\/idakorea.ee\/fi\/product\/vt-cosmetics-collagen-reedle-shot-100-50ml\/\" \/>\n<meta property=\"og:site_name\" content=\"IDA.KOREA\" \/>\n<meta property=\"article:modified_time\" content=\"2026-03-24T11:48:39+00:00\" \/>\n<meta property=\"og:image\" content=\"https:\/\/idakorea.ee\/wp-content\/uploads\/2026\/03\/VT_Cosmetics_Collagen_Reedle_Shot_100-idakorea.jpg\" \/>\n\t<meta property=\"og:image:width\" content=\"1000\" \/>\n\t<meta property=\"og:image:height\" content=\"1000\" \/>\n\t<meta property=\"og:image:type\" content=\"image\/jpeg\" \/>\n<meta name=\"twitter:card\" content=\"summary_large_image\" \/>\n<meta name=\"twitter:label1\" content=\"Arvioitu lukuaika\" \/>\n\t<meta name=\"twitter:data1\" content=\"2 minuuttia\" \/>\n<script type=\"application\/ld+json\" class=\"yoast-schema-graph\">{\"@context\":\"https:\/\/schema.org\",\"@graph\":[{\"@type\":\"WebPage\",\"@id\":\"https:\/\/idakorea.ee\/product\/vt-cosmetics-collagen-reedle-shot-100-50ml\/\",\"url\":\"https:\/\/idakorea.ee\/product\/vt-cosmetics-collagen-reedle-shot-100-50ml\/\",\"name\":\"VT Cosmetics Collagen Reedle Shot 100, 50ml - IDA.KOREA\",\"isPartOf\":{\"@id\":\"https:\/\/idakorea.ee\/#website\"},\"primaryImageOfPage\":{\"@id\":\"https:\/\/idakorea.ee\/product\/vt-cosmetics-collagen-reedle-shot-100-50ml\/#primaryimage\"},\"image\":{\"@id\":\"https:\/\/idakorea.ee\/product\/vt-cosmetics-collagen-reedle-shot-100-50ml\/#primaryimage\"},\"thumbnailUrl\":\"https:\/\/idakorea.ee\/wp-content\/uploads\/2026\/03\/VT_Cosmetics_Collagen_Reedle_Shot_100-idakorea.jpg\",\"datePublished\":\"2026-03-23T08:20:13+00:00\",\"dateModified\":\"2026-03-24T11:48:39+00:00\",\"description\":\"Mikron\u00f5eltaga seerum, mis silub kortse, pinguldab ja taastab nahka. N\u00e4htav tulemus juba esimesest kasutuskorrast! Toitev tekstuur niisutab nahka.\",\"breadcrumb\":{\"@id\":\"https:\/\/idakorea.ee\/product\/vt-cosmetics-collagen-reedle-shot-100-50ml\/#breadcrumb\"},\"inLanguage\":\"fi\",\"potentialAction\":[{\"@type\":\"ReadAction\",\"target\":[\"https:\/\/idakorea.ee\/product\/vt-cosmetics-collagen-reedle-shot-100-50ml\/\"]}]},{\"@type\":\"ImageObject\",\"inLanguage\":\"fi\",\"@id\":\"https:\/\/idakorea.ee\/product\/vt-cosmetics-collagen-reedle-shot-100-50ml\/#primaryimage\",\"url\":\"https:\/\/idakorea.ee\/wp-content\/uploads\/2026\/03\/VT_Cosmetics_Collagen_Reedle_Shot_100-idakorea.jpg\",\"contentUrl\":\"https:\/\/idakorea.ee\/wp-content\/uploads\/2026\/03\/VT_Cosmetics_Collagen_Reedle_Shot_100-idakorea.jpg\",\"width\":1000,\"height\":1000},{\"@type\":\"BreadcrumbList\",\"@id\":\"https:\/\/idakorea.ee\/product\/vt-cosmetics-collagen-reedle-shot-100-50ml\/#breadcrumb\",\"itemListElement\":[{\"@type\":\"ListItem\",\"position\":1,\"name\":\"\u0413\u043b\u0430\u0432\u043d\u0430\u044f \u0441\u0442\u0440\u0430\u043d\u0438\u0446\u0430\",\"item\":\"https:\/\/idakorea.ee\/\"},{\"@type\":\"ListItem\",\"position\":2,\"name\":\"Shop\",\"item\":\"https:\/\/idakorea.ee\/shop-2\/\"},{\"@type\":\"ListItem\",\"position\":3,\"name\":\"Mikron\u00f5elte ja kollageeniga booster-seerum VT Cosmetics Collagen Reedle Shot 100, 50ml\"}]},{\"@type\":\"WebSite\",\"@id\":\"https:\/\/idakorea.ee\/#website\",\"url\":\"https:\/\/idakorea.ee\/\",\"name\":\"IDA.KOREA\",\"description\":\"Korea kosmeetika e-pood\",\"publisher\":{\"@id\":\"https:\/\/idakorea.ee\/#organization\"},\"alternateName\":\"Beauty Shop\",\"potentialAction\":[{\"@type\":\"SearchAction\",\"target\":{\"@type\":\"EntryPoint\",\"urlTemplate\":\"https:\/\/idakorea.ee\/?s={search_term_string}\"},\"query-input\":{\"@type\":\"PropertyValueSpecification\",\"valueRequired\":true,\"valueName\":\"search_term_string\"}}],\"inLanguage\":\"fi\"},{\"@type\":\"Organization\",\"@id\":\"https:\/\/idakorea.ee\/#organization\",\"name\":\"IDA.KOREA\",\"url\":\"https:\/\/idakorea.ee\/\",\"logo\":{\"@type\":\"ImageObject\",\"inLanguage\":\"fi\",\"@id\":\"https:\/\/idakorea.ee\/#\/schema\/logo\/image\/\",\"url\":\"https:\/\/idakorea.ee\/wp-content\/uploads\/2024\/05\/cropped-korea3.png\",\"contentUrl\":\"https:\/\/idakorea.ee\/wp-content\/uploads\/2024\/05\/cropped-korea3.png\",\"width\":688,\"height\":126,\"caption\":\"IDA.KOREA\"},\"image\":{\"@id\":\"https:\/\/idakorea.ee\/#\/schema\/logo\/image\/\"},\"sameAs\":[\"https:\/\/www.instagram.com\/ida.korea\/\"]}]}<\/script>\n<!-- \/ Yoast SEO plugin. -->","yoast_head_json":{"title":"VT Cosmetics Collagen Reedle Shot 100, 50ml - IDA.KOREA","description":"Mikron\u00f5eltaga seerum, mis silub kortse, pinguldab ja taastab nahka. N\u00e4htav tulemus juba esimesest kasutuskorrast! Toitev tekstuur niisutab nahka.","robots":{"index":"index","follow":"follow","max-snippet":"max-snippet:-1","max-image-preview":"max-image-preview:large","max-video-preview":"max-video-preview:-1"},"canonical":"https:\/\/idakorea.ee\/fi\/product\/vt-cosmetics-collagen-reedle-shot-100-50ml\/","og_locale":"fi_FI","og_type":"article","og_title":"VT Cosmetics Collagen Reedle Shot 100, 50ml - IDA.KOREA","og_description":"Mikron\u00f5eltaga seerum, mis silub kortse, pinguldab ja taastab nahka. N\u00e4htav tulemus juba esimesest kasutuskorrast! Toitev tekstuur niisutab nahka.","og_url":"https:\/\/idakorea.ee\/fi\/product\/vt-cosmetics-collagen-reedle-shot-100-50ml\/","og_site_name":"IDA.KOREA","article_modified_time":"2026-03-24T11:48:39+00:00","og_image":[{"width":1000,"height":1000,"url":"https:\/\/idakorea.ee\/wp-content\/uploads\/2026\/03\/VT_Cosmetics_Collagen_Reedle_Shot_100-idakorea.jpg","type":"image\/jpeg"}],"twitter_card":"summary_large_image","twitter_misc":{"Arvioitu lukuaika":"2 minuuttia"},"schema":{"@context":"https:\/\/schema.org","@graph":[{"@type":"WebPage","@id":"https:\/\/idakorea.ee\/product\/vt-cosmetics-collagen-reedle-shot-100-50ml\/","url":"https:\/\/idakorea.ee\/product\/vt-cosmetics-collagen-reedle-shot-100-50ml\/","name":"VT Cosmetics Collagen Reedle Shot 100, 50ml - IDA.KOREA","isPartOf":{"@id":"https:\/\/idakorea.ee\/#website"},"primaryImageOfPage":{"@id":"https:\/\/idakorea.ee\/product\/vt-cosmetics-collagen-reedle-shot-100-50ml\/#primaryimage"},"image":{"@id":"https:\/\/idakorea.ee\/product\/vt-cosmetics-collagen-reedle-shot-100-50ml\/#primaryimage"},"thumbnailUrl":"https:\/\/idakorea.ee\/wp-content\/uploads\/2026\/03\/VT_Cosmetics_Collagen_Reedle_Shot_100-idakorea.jpg","datePublished":"2026-03-23T08:20:13+00:00","dateModified":"2026-03-24T11:48:39+00:00","description":"Mikron\u00f5eltaga seerum, mis silub kortse, pinguldab ja taastab nahka. N\u00e4htav tulemus juba esimesest kasutuskorrast! Toitev tekstuur niisutab nahka.","breadcrumb":{"@id":"https:\/\/idakorea.ee\/product\/vt-cosmetics-collagen-reedle-shot-100-50ml\/#breadcrumb"},"inLanguage":"fi","potentialAction":[{"@type":"ReadAction","target":["https:\/\/idakorea.ee\/product\/vt-cosmetics-collagen-reedle-shot-100-50ml\/"]}]},{"@type":"ImageObject","inLanguage":"fi","@id":"https:\/\/idakorea.ee\/product\/vt-cosmetics-collagen-reedle-shot-100-50ml\/#primaryimage","url":"https:\/\/idakorea.ee\/wp-content\/uploads\/2026\/03\/VT_Cosmetics_Collagen_Reedle_Shot_100-idakorea.jpg","contentUrl":"https:\/\/idakorea.ee\/wp-content\/uploads\/2026\/03\/VT_Cosmetics_Collagen_Reedle_Shot_100-idakorea.jpg","width":1000,"height":1000},{"@type":"BreadcrumbList","@id":"https:\/\/idakorea.ee\/product\/vt-cosmetics-collagen-reedle-shot-100-50ml\/#breadcrumb","itemListElement":[{"@type":"ListItem","position":1,"name":"\u0413\u043b\u0430\u0432\u043d\u0430\u044f \u0441\u0442\u0440\u0430\u043d\u0438\u0446\u0430","item":"https:\/\/idakorea.ee\/"},{"@type":"ListItem","position":2,"name":"Shop","item":"https:\/\/idakorea.ee\/shop-2\/"},{"@type":"ListItem","position":3,"name":"Mikron\u00f5elte ja kollageeniga booster-seerum VT Cosmetics Collagen Reedle Shot 100, 50ml"}]},{"@type":"WebSite","@id":"https:\/\/idakorea.ee\/#website","url":"https:\/\/idakorea.ee\/","name":"IDA.KOREA","description":"Korean kosmetiikan verkkokauppa","publisher":{"@id":"https:\/\/idakorea.ee\/#organization"},"alternateName":"Beauty Shop","potentialAction":[{"@type":"SearchAction","target":{"@type":"EntryPoint","urlTemplate":"https:\/\/idakorea.ee\/?s={search_term_string}"},"query-input":{"@type":"PropertyValueSpecification","valueRequired":true,"valueName":"search_term_string"}}],"inLanguage":"fi"},{"@type":"Organization","@id":"https:\/\/idakorea.ee\/#organization","name":"IDA.KOREA","url":"https:\/\/idakorea.ee\/","logo":{"@type":"ImageObject","inLanguage":"fi","@id":"https:\/\/idakorea.ee\/#\/schema\/logo\/image\/","url":"https:\/\/idakorea.ee\/wp-content\/uploads\/2024\/05\/cropped-korea3.png","contentUrl":"https:\/\/idakorea.ee\/wp-content\/uploads\/2024\/05\/cropped-korea3.png","width":688,"height":126,"caption":"IDA.KOREA"},"image":{"@id":"https:\/\/idakorea.ee\/#\/schema\/logo\/image\/"},"sameAs":["https:\/\/www.instagram.com\/ida.korea\/"]}]}},"jetpack_sharing_enabled":true,"brands":[{"id":493,"name":"VT COSMETICS","slug":"vt"}],"_links":{"self":[{"href":"https:\/\/idakorea.ee\/fi\/wp-json\/wp\/v2\/product\/18209","targetHints":{"allow":["GET"]}}],"collection":[{"href":"https:\/\/idakorea.ee\/fi\/wp-json\/wp\/v2\/product"}],"about":[{"href":"https:\/\/idakorea.ee\/fi\/wp-json\/wp\/v2\/types\/product"}],"replies":[{"embeddable":true,"href":"https:\/\/idakorea.ee\/fi\/wp-json\/wp\/v2\/comments?post=18209"}],"version-history":[{"count":2,"href":"https:\/\/idakorea.ee\/fi\/wp-json\/wp\/v2\/product\/18209\/revisions"}],"predecessor-version":[{"id":18215,"href":"https:\/\/idakorea.ee\/fi\/wp-json\/wp\/v2\/product\/18209\/revisions\/18215"}],"wp:featuredmedia":[{"embeddable":true,"href":"https:\/\/idakorea.ee\/fi\/wp-json\/wp\/v2\/media\/18210"}],"wp:attachment":[{"href":"https:\/\/idakorea.ee\/fi\/wp-json\/wp\/v2\/media?parent=18209"}],"wp:term":[{"taxonomy":"pwb-brand","embeddable":true,"href":"https:\/\/idakorea.ee\/fi\/wp-json\/wp\/v2\/pwb-brand?post=18209"},{"taxonomy":"product_brand","embeddable":true,"href":"https:\/\/idakorea.ee\/fi\/wp-json\/wp\/v2\/product_brand?post=18209"},{"taxonomy":"product_cat","embeddable":true,"href":"https:\/\/idakorea.ee\/fi\/wp-json\/wp\/v2\/product_cat?post=18209"},{"taxonomy":"product_tag","embeddable":true,"href":"https:\/\/idakorea.ee\/fi\/wp-json\/wp\/v2\/product_tag?post=18209"}],"curies":[{"name":"wp","href":"https:\/\/api.w.org\/{rel}","templated":true}]}}