{"id":18214,"date":"2026-03-23T13:20:51","date_gmt":"2026-03-23T11:20:51","guid":{"rendered":"https:\/\/idakorea.ee\/?post_type=product&#038;p=18214"},"modified":"2026-04-04T13:39:32","modified_gmt":"2026-04-04T11:39:32","slug":"vt-cosmetics-reedle-shot-300-30ml","status":"publish","type":"product","link":"https:\/\/idakorea.ee\/fi\/product\/vt-cosmetics-reedle-shot-300-30ml\/","title":{"rendered":"VT Cosmetics Reedle Shot 300, 30ml"},"content":{"rendered":"<p>Intensiivne booster-seerum <strong>VT Cosmetics Reedle Shot 300<\/strong> k\u00e4ivitab naha taastumis- ja uuenemisprotsessid t\u00e4nu \u00f5rnale koorimisele ja taastavale toimele. Toode parandab naha tekstuuri ja jumet: regulaarse kasutamise korral silub mikroreljeefi, v\u00e4hendab pooride suurust ja s\u00fcgavust ning aitab v\u00e4hendada h\u00fcperkeratoosi ilminguid. Seerum aitab j\u00e4rk-j\u00e4rgult heledamaks muuta erinevat p\u00e4ritolu pigmentatsiooni: tedret\u00e4hnid, postakne ja pigmendilaigud (pruunid ja kollakad toonid). Samuti taastab naha niiskustasakaalu, parandab elastsust ja annab nahale s\u00e4ra.<\/p>\n<p><strong>Cicahyalon\u2122-kompleksi<\/strong> (h\u00fcaluroonhape, tsentella derivaadid, roheline taruvaik) niisutab intensiivselt, omab p\u00f5letikuvastast toimet, v\u00e4hendab naha reaktiivsust ja tugevdab loomulikku kaitsebarj\u00e4\u00e4ri. <strong>CicaReedle\u2122<\/strong> mikron\u00f5elte tehnoloogia (237 000 ppm) tagab aktiivainete s\u00fcgava imendumise epidermisesse ja stimuleerib rakkude uuenemist. Mikron\u00f5elad on 14 korda v\u00e4iksemad kui poorid ning nende mineraalne kest sisaldab 14 mineraali, mis aitavad v\u00e4hendada p\u00f5letikku ja kiirendada paranemist, parandades hapnikuvahetust.<\/p>\n<p><strong>T\u00e4rkeimm\u00e4t vaikuttavat aineosat<\/strong><\/p>\n<ul>\n<li><strong>17 aminohappest koosnev kompleks<\/strong><br \/>\nToimib antioks\u00fcdandina, tugevdab naha kaitsebarj\u00e4\u00e4ri ja v\u00e4hendab naha \u00fclitundlikkust. Taastab rakkude struktuuri, toetab keratiini, kollageeni ja elastiini taset ning aitab heledamaks muuta pigmentatsiooni.<\/li>\n<li><strong>Tsentella asiatica kompleks <\/strong>(asiatikosiid, asiatikhape, madekassiinhape, madekassosiid)<br \/>\nOmab p\u00f5letikuvastast ja haavu parandavat toimet, aitab taastada naha barj\u00e4\u00e4ri, hoida niiskust, v\u00e4hendab turset ja tundlikkust ning tugevdab veresooni, aidates ennetada kuperoosat.<\/li>\n<li><strong>Vihre\u00e4n propoliksen uute<\/strong><br \/>\nAitab ennetada aknet, taastab h\u00fcdrolipiidset tasakaalu, tugevdab naha kaitsebarj\u00e4\u00e4ri ning v\u00e4hendab v\u00e4liste tegurite kahjulikku m\u00f5ju. Leevendab kuivust ja ketendust, toidab ja pehmendab.<\/li>\n<li><strong>Hyaluronihappo<\/strong><br \/>\nMoodustab n\u00e4htamatu niiskust hoidva kihi, v\u00e4hendab niiskuskadu, kiirendab rakkude taastumist ja silub kortse.<\/li>\n<li><strong>Niasiiniamidi (B3-vitamiini)<\/strong><br \/>\nAeglustab melaniini liikumist epidermisse, aitab ennetada pigmentatsiooni, v\u00e4hendab naha tundlikkust, \u00fchtlustab jumet ning stimuleerib kollageeni tootmist.<\/li>\n<\/ul>\n<p>&nbsp;<\/p>\n<p>Sopii normaalille, rasvoittuvalle, sekaiholle ja ongelmaiholle.<\/p>\n<p><strong>K\u00e4ytt\u00f6<\/strong><\/p>\n<p>Kasutage \u00f5htuse hoolduse ajal: kandke vajalik kogus eelnevalt puhastatud nahale, jaotage s\u00f5rmedega ja laske t\u00e4ielikult imenduda. Seej\u00e4rel j\u00e4tkake tooniku ja niisutavate toodetega.<br \/>\nSoovitatav kasutada 2\u20133 korda n\u00e4dalas. P\u00e4evasel ajal kasutage p\u00e4ikesekaitset SPF50 PA++++.<\/p>\n<p><strong>Huomio!\u00a0<\/strong>Seerum v\u00f5ib p\u00f5hjustada kerget kipitustunnet p\u00e4rast pealekandmist.<\/p>\n<p>\u00c4rge kasutage samaaegselt koorivate toodete (koorimised, skrabid) ega toodetega, mis sisaldavad retinooli, AHA-, BHA-happeid v\u00f5i k\u00f5rge kontsentratsiooniga C-vitamiini.<br \/>\nEi soovitata kasutada p\u00e4rast protseduure, mis kahjustavad naha sarvkihti (nt keemilised koorimised, aparaatne kosmetoloogia, s\u00fcstid).<\/p>","protected":false},"excerpt":{"rendered":"<p>Tehokas tehoseerumi VT Cosmetics Reedle Shot 300 k\u00e4ynnist\u00e4\u00e4 ihon uudistumis- ja uudistumisprosesseja hell\u00e4varaisen kuorinnan ja uudistavan vaikutuksensa ansiosta. Tuote parantaa ihon rakennetta ja s\u00e4vy\u00e4: s\u00e4\u00e4nn\u00f6llisess\u00e4 k\u00e4yt\u00f6ss\u00e4 se tasoittaa mikroreliefi\u00e4, pienent\u00e4\u00e4 ihohuokosten kokoa ja syvyytt\u00e4 sek\u00e4 auttaa v\u00e4hent\u00e4m\u00e4\u00e4n hyperkeratoosin n\u00e4kyvyytt\u00e4. Seerumi auttaa vaalentamaan v\u00e4hitellen eri syist\u00e4 johtuvaa pigmentaatiota: pisamia, aknen j\u00e4lkeisi\u00e4 l\u00e4iski\u00e4 ja ik\u00e4l\u00e4iski\u00e4 (ruskeita ja kellert\u00e4vi\u00e4 s\u00e4vyj\u00e4)\u2026.<\/p>","protected":false},"featured_media":18216,"comment_status":"open","ping_status":"closed","template":"","meta":{"_uf_show_specific_survey":0,"_uf_disable_surveys":false,"_bst_post_transparent":"default","_bst_post_title":"","_bst_post_layout":"default","_bst_post_sidebar_id":"","_bst_post_content_style":"default","_bst_post_vertical_padding":"default","_bst_post_feature":"","_bst_post_feature_position":"","_bst_post_header":false,"_bst_post_footer":false},"pwb-brand":[493],"product_brand":[],"product_cat":[92,97],"product_tag":[568,1146,1145,462],"class_list":{"0":"post-18214","1":"product","2":"type-product","3":"status-publish","4":"has-post-thumbnail","6":"pwb-brand-vt","7":"product_cat-nagu","8":"product_cat-naoseerumid-ja-olid","9":"product_tag-korea","10":"product_tag-reedle-shot-300","11":"product_tag-seerum","12":"product_tag-vt","14":"first","15":"instock","16":"sale","17":"shipping-taxable","18":"purchasable","19":"product-type-simple","20":"entry","21":"content-bg","22":"loop-entry"},"supplier_id":null,"supplier_sku":"","barcode":null,"atum_controlled":true,"out_stock_date":null,"out_stock_threshold":null,"inheritable":false,"inbound_stock":null,"stock_on_hold":0,"sold_today":0,"sales_last_days":1,"out_stock_days":0,"lost_sales":0,"has_location":false,"update_date":"2026-04-15T00:05:18","atum_locations":[],"atum_stock_status":"instock","restock_status":false,"low_stock_amount":"","sales_update_date":"2026-04-15T00:05:18","calc_backorders":null,"yoast_head":"<!-- This site is optimized with the Yoast SEO plugin v27.2 - https:\/\/yoast.com\/product\/yoast-seo-wordpress\/ -->\n<title>VT Cosmetics Reedle Shot 300, 30ml - IDA.KOREA<\/title>\n<meta name=\"description\" content=\"Parandab naha tekstuuri: regulaarse kasutamise korral silub mikroreljeefi, v\u00e4hendab pooride suurust ja s\u00fcgavust, aitab v\u00e4hendada h\u00fcperkeratoosi ilminguid.\" \/>\n<meta name=\"robots\" content=\"index, follow, max-snippet:-1, max-image-preview:large, max-video-preview:-1\" \/>\n<link rel=\"canonical\" href=\"https:\/\/idakorea.ee\/fi\/product\/vt-cosmetics-reedle-shot-300-30ml\/\" \/>\n<meta property=\"og:locale\" content=\"fi_FI\" \/>\n<meta property=\"og:type\" content=\"article\" \/>\n<meta property=\"og:title\" content=\"VT Cosmetics Reedle Shot 300, 30ml - IDA.KOREA\" \/>\n<meta property=\"og:description\" content=\"Parandab naha tekstuuri: regulaarse kasutamise korral silub mikroreljeefi, v\u00e4hendab pooride suurust ja s\u00fcgavust, aitab v\u00e4hendada h\u00fcperkeratoosi ilminguid.\" \/>\n<meta property=\"og:url\" content=\"https:\/\/idakorea.ee\/fi\/product\/vt-cosmetics-reedle-shot-300-30ml\/\" \/>\n<meta property=\"og:site_name\" content=\"IDA.KOREA\" \/>\n<meta property=\"article:modified_time\" content=\"2026-04-04T11:39:32+00:00\" \/>\n<meta property=\"og:image\" content=\"https:\/\/idakorea.ee\/wp-content\/uploads\/2026\/03\/VT-Cosmetics-Reedle-Shot-300-30ml-idakorea.jpg\" \/>\n\t<meta property=\"og:image:width\" content=\"1000\" \/>\n\t<meta property=\"og:image:height\" content=\"1000\" \/>\n\t<meta property=\"og:image:type\" content=\"image\/jpeg\" \/>\n<meta name=\"twitter:card\" content=\"summary_large_image\" \/>\n<meta name=\"twitter:label1\" content=\"Arvioitu lukuaika\" \/>\n\t<meta name=\"twitter:data1\" content=\"2 minuuttia\" \/>\n<script type=\"application\/ld+json\" class=\"yoast-schema-graph\">{\"@context\":\"https:\/\/schema.org\",\"@graph\":[{\"@type\":\"WebPage\",\"@id\":\"https:\/\/idakorea.ee\/product\/vt-cosmetics-reedle-shot-300-30ml\/\",\"url\":\"https:\/\/idakorea.ee\/product\/vt-cosmetics-reedle-shot-300-30ml\/\",\"name\":\"VT Cosmetics Reedle Shot 300, 30ml - IDA.KOREA\",\"isPartOf\":{\"@id\":\"https:\/\/idakorea.ee\/#website\"},\"primaryImageOfPage\":{\"@id\":\"https:\/\/idakorea.ee\/product\/vt-cosmetics-reedle-shot-300-30ml\/#primaryimage\"},\"image\":{\"@id\":\"https:\/\/idakorea.ee\/product\/vt-cosmetics-reedle-shot-300-30ml\/#primaryimage\"},\"thumbnailUrl\":\"https:\/\/idakorea.ee\/wp-content\/uploads\/2026\/03\/VT-Cosmetics-Reedle-Shot-300-30ml-idakorea.jpg\",\"datePublished\":\"2026-03-23T11:20:51+00:00\",\"dateModified\":\"2026-04-04T11:39:32+00:00\",\"description\":\"Parandab naha tekstuuri: regulaarse kasutamise korral silub mikroreljeefi, v\u00e4hendab pooride suurust ja s\u00fcgavust, aitab v\u00e4hendada h\u00fcperkeratoosi ilminguid.\",\"breadcrumb\":{\"@id\":\"https:\/\/idakorea.ee\/product\/vt-cosmetics-reedle-shot-300-30ml\/#breadcrumb\"},\"inLanguage\":\"fi\",\"potentialAction\":[{\"@type\":\"ReadAction\",\"target\":[\"https:\/\/idakorea.ee\/product\/vt-cosmetics-reedle-shot-300-30ml\/\"]}]},{\"@type\":\"ImageObject\",\"inLanguage\":\"fi\",\"@id\":\"https:\/\/idakorea.ee\/product\/vt-cosmetics-reedle-shot-300-30ml\/#primaryimage\",\"url\":\"https:\/\/idakorea.ee\/wp-content\/uploads\/2026\/03\/VT-Cosmetics-Reedle-Shot-300-30ml-idakorea.jpg\",\"contentUrl\":\"https:\/\/idakorea.ee\/wp-content\/uploads\/2026\/03\/VT-Cosmetics-Reedle-Shot-300-30ml-idakorea.jpg\",\"width\":1000,\"height\":1000},{\"@type\":\"BreadcrumbList\",\"@id\":\"https:\/\/idakorea.ee\/product\/vt-cosmetics-reedle-shot-300-30ml\/#breadcrumb\",\"itemListElement\":[{\"@type\":\"ListItem\",\"position\":1,\"name\":\"\u0413\u043b\u0430\u0432\u043d\u0430\u044f \u0441\u0442\u0440\u0430\u043d\u0438\u0446\u0430\",\"item\":\"https:\/\/idakorea.ee\/\"},{\"@type\":\"ListItem\",\"position\":2,\"name\":\"Shop\",\"item\":\"https:\/\/idakorea.ee\/shop-2\/\"},{\"@type\":\"ListItem\",\"position\":3,\"name\":\"Intensiivne booster-seerum VT Cosmetics Reedle Shot 300, 30ml\"}]},{\"@type\":\"WebSite\",\"@id\":\"https:\/\/idakorea.ee\/#website\",\"url\":\"https:\/\/idakorea.ee\/\",\"name\":\"IDA.KOREA\",\"description\":\"Korea kosmeetika e-pood\",\"publisher\":{\"@id\":\"https:\/\/idakorea.ee\/#organization\"},\"alternateName\":\"Beauty Shop\",\"potentialAction\":[{\"@type\":\"SearchAction\",\"target\":{\"@type\":\"EntryPoint\",\"urlTemplate\":\"https:\/\/idakorea.ee\/?s={search_term_string}\"},\"query-input\":{\"@type\":\"PropertyValueSpecification\",\"valueRequired\":true,\"valueName\":\"search_term_string\"}}],\"inLanguage\":\"fi\"},{\"@type\":\"Organization\",\"@id\":\"https:\/\/idakorea.ee\/#organization\",\"name\":\"IDA.KOREA\",\"url\":\"https:\/\/idakorea.ee\/\",\"logo\":{\"@type\":\"ImageObject\",\"inLanguage\":\"fi\",\"@id\":\"https:\/\/idakorea.ee\/#\/schema\/logo\/image\/\",\"url\":\"https:\/\/idakorea.ee\/wp-content\/uploads\/2024\/05\/cropped-korea3.png\",\"contentUrl\":\"https:\/\/idakorea.ee\/wp-content\/uploads\/2024\/05\/cropped-korea3.png\",\"width\":688,\"height\":126,\"caption\":\"IDA.KOREA\"},\"image\":{\"@id\":\"https:\/\/idakorea.ee\/#\/schema\/logo\/image\/\"},\"sameAs\":[\"https:\/\/www.instagram.com\/ida.korea\/\"]}]}<\/script>\n<!-- \/ Yoast SEO plugin. -->","yoast_head_json":{"title":"VT Cosmetics Reedle Shot 300, 30ml - IDA.KOREA","description":"Parandab naha tekstuuri: regulaarse kasutamise korral silub mikroreljeefi, v\u00e4hendab pooride suurust ja s\u00fcgavust, aitab v\u00e4hendada h\u00fcperkeratoosi ilminguid.","robots":{"index":"index","follow":"follow","max-snippet":"max-snippet:-1","max-image-preview":"max-image-preview:large","max-video-preview":"max-video-preview:-1"},"canonical":"https:\/\/idakorea.ee\/fi\/product\/vt-cosmetics-reedle-shot-300-30ml\/","og_locale":"fi_FI","og_type":"article","og_title":"VT Cosmetics Reedle Shot 300, 30ml - IDA.KOREA","og_description":"Parandab naha tekstuuri: regulaarse kasutamise korral silub mikroreljeefi, v\u00e4hendab pooride suurust ja s\u00fcgavust, aitab v\u00e4hendada h\u00fcperkeratoosi ilminguid.","og_url":"https:\/\/idakorea.ee\/fi\/product\/vt-cosmetics-reedle-shot-300-30ml\/","og_site_name":"IDA.KOREA","article_modified_time":"2026-04-04T11:39:32+00:00","og_image":[{"width":1000,"height":1000,"url":"https:\/\/idakorea.ee\/wp-content\/uploads\/2026\/03\/VT-Cosmetics-Reedle-Shot-300-30ml-idakorea.jpg","type":"image\/jpeg"}],"twitter_card":"summary_large_image","twitter_misc":{"Arvioitu lukuaika":"2 minuuttia"},"schema":{"@context":"https:\/\/schema.org","@graph":[{"@type":"WebPage","@id":"https:\/\/idakorea.ee\/product\/vt-cosmetics-reedle-shot-300-30ml\/","url":"https:\/\/idakorea.ee\/product\/vt-cosmetics-reedle-shot-300-30ml\/","name":"VT Cosmetics Reedle Shot 300, 30ml - IDA.KOREA","isPartOf":{"@id":"https:\/\/idakorea.ee\/#website"},"primaryImageOfPage":{"@id":"https:\/\/idakorea.ee\/product\/vt-cosmetics-reedle-shot-300-30ml\/#primaryimage"},"image":{"@id":"https:\/\/idakorea.ee\/product\/vt-cosmetics-reedle-shot-300-30ml\/#primaryimage"},"thumbnailUrl":"https:\/\/idakorea.ee\/wp-content\/uploads\/2026\/03\/VT-Cosmetics-Reedle-Shot-300-30ml-idakorea.jpg","datePublished":"2026-03-23T11:20:51+00:00","dateModified":"2026-04-04T11:39:32+00:00","description":"Parandab naha tekstuuri: regulaarse kasutamise korral silub mikroreljeefi, v\u00e4hendab pooride suurust ja s\u00fcgavust, aitab v\u00e4hendada h\u00fcperkeratoosi ilminguid.","breadcrumb":{"@id":"https:\/\/idakorea.ee\/product\/vt-cosmetics-reedle-shot-300-30ml\/#breadcrumb"},"inLanguage":"fi","potentialAction":[{"@type":"ReadAction","target":["https:\/\/idakorea.ee\/product\/vt-cosmetics-reedle-shot-300-30ml\/"]}]},{"@type":"ImageObject","inLanguage":"fi","@id":"https:\/\/idakorea.ee\/product\/vt-cosmetics-reedle-shot-300-30ml\/#primaryimage","url":"https:\/\/idakorea.ee\/wp-content\/uploads\/2026\/03\/VT-Cosmetics-Reedle-Shot-300-30ml-idakorea.jpg","contentUrl":"https:\/\/idakorea.ee\/wp-content\/uploads\/2026\/03\/VT-Cosmetics-Reedle-Shot-300-30ml-idakorea.jpg","width":1000,"height":1000},{"@type":"BreadcrumbList","@id":"https:\/\/idakorea.ee\/product\/vt-cosmetics-reedle-shot-300-30ml\/#breadcrumb","itemListElement":[{"@type":"ListItem","position":1,"name":"\u0413\u043b\u0430\u0432\u043d\u0430\u044f \u0441\u0442\u0440\u0430\u043d\u0438\u0446\u0430","item":"https:\/\/idakorea.ee\/"},{"@type":"ListItem","position":2,"name":"Shop","item":"https:\/\/idakorea.ee\/shop-2\/"},{"@type":"ListItem","position":3,"name":"Intensiivne booster-seerum VT Cosmetics Reedle Shot 300, 30ml"}]},{"@type":"WebSite","@id":"https:\/\/idakorea.ee\/#website","url":"https:\/\/idakorea.ee\/","name":"IDA.KOREA","description":"Korean kosmetiikan verkkokauppa","publisher":{"@id":"https:\/\/idakorea.ee\/#organization"},"alternateName":"Beauty Shop","potentialAction":[{"@type":"SearchAction","target":{"@type":"EntryPoint","urlTemplate":"https:\/\/idakorea.ee\/?s={search_term_string}"},"query-input":{"@type":"PropertyValueSpecification","valueRequired":true,"valueName":"search_term_string"}}],"inLanguage":"fi"},{"@type":"Organization","@id":"https:\/\/idakorea.ee\/#organization","name":"IDA.KOREA","url":"https:\/\/idakorea.ee\/","logo":{"@type":"ImageObject","inLanguage":"fi","@id":"https:\/\/idakorea.ee\/#\/schema\/logo\/image\/","url":"https:\/\/idakorea.ee\/wp-content\/uploads\/2024\/05\/cropped-korea3.png","contentUrl":"https:\/\/idakorea.ee\/wp-content\/uploads\/2024\/05\/cropped-korea3.png","width":688,"height":126,"caption":"IDA.KOREA"},"image":{"@id":"https:\/\/idakorea.ee\/#\/schema\/logo\/image\/"},"sameAs":["https:\/\/www.instagram.com\/ida.korea\/"]}]}},"jetpack_sharing_enabled":true,"brands":[{"id":493,"name":"VT COSMETICS","slug":"vt"}],"_links":{"self":[{"href":"https:\/\/idakorea.ee\/fi\/wp-json\/wp\/v2\/product\/18214","targetHints":{"allow":["GET"]}}],"collection":[{"href":"https:\/\/idakorea.ee\/fi\/wp-json\/wp\/v2\/product"}],"about":[{"href":"https:\/\/idakorea.ee\/fi\/wp-json\/wp\/v2\/types\/product"}],"replies":[{"embeddable":true,"href":"https:\/\/idakorea.ee\/fi\/wp-json\/wp\/v2\/comments?post=18214"}],"version-history":[{"count":1,"href":"https:\/\/idakorea.ee\/fi\/wp-json\/wp\/v2\/product\/18214\/revisions"}],"predecessor-version":[{"id":18218,"href":"https:\/\/idakorea.ee\/fi\/wp-json\/wp\/v2\/product\/18214\/revisions\/18218"}],"wp:featuredmedia":[{"embeddable":true,"href":"https:\/\/idakorea.ee\/fi\/wp-json\/wp\/v2\/media\/18216"}],"wp:attachment":[{"href":"https:\/\/idakorea.ee\/fi\/wp-json\/wp\/v2\/media?parent=18214"}],"wp:term":[{"taxonomy":"pwb-brand","embeddable":true,"href":"https:\/\/idakorea.ee\/fi\/wp-json\/wp\/v2\/pwb-brand?post=18214"},{"taxonomy":"product_brand","embeddable":true,"href":"https:\/\/idakorea.ee\/fi\/wp-json\/wp\/v2\/product_brand?post=18214"},{"taxonomy":"product_cat","embeddable":true,"href":"https:\/\/idakorea.ee\/fi\/wp-json\/wp\/v2\/product_cat?post=18214"},{"taxonomy":"product_tag","embeddable":true,"href":"https:\/\/idakorea.ee\/fi\/wp-json\/wp\/v2\/product_tag?post=18214"}],"curies":[{"name":"wp","href":"https:\/\/api.w.org\/{rel}","templated":true}]}}